{"id":8473,"date":"2024-09-10T08:33:42","date_gmt":"2024-09-10T08:33:42","guid":{"rendered":"https:\/\/alchemy-asia.com\/vi\/?post_type=product&#038;p=8473"},"modified":"2024-09-10T08:33:42","modified_gmt":"2024-09-10T08:33:42","slug":"bruichladdich-the-classic-laddie-whisky","status":"publish","type":"product","link":"https:\/\/alchemy-asia.com\/vi\/san-pham\/bruichladdich-the-classic-laddie-whisky\/","title":{"rendered":"Bruichladdich The Classic Laddie Whisky"},"content":{"rendered":"","protected":false},"excerpt":{"rendered":"<p><span data-sheets-root=\"1\" data-sheets-value=\"{&quot;1&quot;:2,&quot;2&quot;:&quot;M\u00c0U S\u1eaeC\\nL\u00faa m\u1ea1ch m\u00f9a h\u00e8\\n\\nH\u01af\u01a0NG TH\u01a0M\\n\u0110\u01b0\u1eddng l\u00faa m\u1ea1ch v\u00e0 m\u1ed9t ch\u00fat b\u1ea1c h\u00e0 lan t\u1ecfa tr\u01b0\u1edbc khi chuy\u1ec3n sang nh\u1eefng b\u00f4ng hoa d\u1ea1i m\u1edbi c\u1eaft; hoa mao l\u01b0\u01a1ng, hoa c\u00fac, hoa \u0111\u1ed3ng c\u1ecf, c\u00e2y sim, hoa anh th\u1ea3o v\u00e0 hoa anh \u0111\u00e0o. H\u01b0\u01a1ng th\u01a1m tinh t\u1ebf c\u1ee7a hoa c\u1ecf v\u00e0 h\u1ed3ng bi\u1ec3n l\u00e0 l\u1eddi nh\u1eafc nh\u1edf r\u1eb1ng d\u00f2ng r\u01b0\u1ee3u n\u00e0y ch\u1ec9 tr\u01b0\u1edfng th\u00e0nh b\u00ean b\u1edd bi\u1ec3n. Theo th\u1eddi gian, v\u1edbi vi\u1ec7c th\u01b0\u1edfng th\u1ee9c th\u00eam m\u1ed9t \u00edt r\u01b0\u1ee3u, h\u01b0\u01a1ng tr\u00e1i c\u00e2y caramen tr\u1edf n\u00ean n\u1ed5i b\u1eadt, v\u1edbi ch\u00fat v\u1ecb chanh, m\u1eadt ong, qu\u00fdt.\\n\\nH\u01af\u01a0NG V\u1eca\\nTinh t\u1ebf v\u00e0 t\u01b0\u01a1i m\u00e1t, h\u01b0\u01a1ng g\u1ed7 s\u1ed3i v\u00e0 l\u00faa m\u1ea1ch ng\u1ecdt ng\u00e0o h\u00f2a quy\u1ec7n v\u1edbi nhau m\u1ed9t c\u00e1ch ho\u00e0n h\u1ea3o. Ti\u1ebfp theo l\u00e0 tr\u00e1i c\u00e2y ch\u00edn xanh, \u0111\u01b0\u1eddng n\u00e2u v\u00e0 m\u1ea1ch nha ng\u1ecdt ng\u00e0o, th\u1ec3 hi\u1ec7n h\u01b0\u01a1ng v\u1ecb \u0111\u1eb7c bi\u1ec7t c\u1ee7a l\u00faa m\u1ea1ch Scotland, \u0111\u01b0\u1ee3c s\u1eed d\u1ee5ng trong lo\u1ea1i m\u1ea1ch nha \u0111\u01a1n c\u1ea5t n\u00e0y.\\n\\nH\u1eacU V\u1eca\\n\u0110\u00e2y l\u00e0 m\u1ed9t ly r\u01b0\u1ee3u khi\u1ebfn b\u1ea1n \u01b0\u1edbc s\u1ebd t\u1ed3n t\u1ea1i m\u00e3i m\u00e3i, v\u1ecb kho\u00e1ng ch\u1ea5t bi\u1ec3n tuy\u1ec7t v\u1eddi v\u00e0 kh\u00f3i than b\u00f9n \u0111\u1ea5t \u0111\u1ecdng l\u1ea1i trong v\u00f2m mi\u1ec7ng v\u1edbi h\u01b0\u01a1ng v\u1ecb cam qu\u00fdt.\\n\\nB\u1ea2N CH\u1ea4T\\nM\u1ec1m m\u1ea1i v\u00e0 tr\u00f2n tr\u1ecba, th\u1ec3 hi\u1ec7n s\u1ef1 c\u00e2n b\u1eb1ng thanh l\u1ecbch gi\u1eefa h\u01b0\u01a1ng tr\u00e1i c\u00e2y s\u1ed1ng \u0111\u1ed9ng v\u00e0 h\u01b0\u01a1ng bi\u1ec3n tinh t\u1ebf.\\n&quot;}\" data-sheets-userformat=\"{&quot;2&quot;:15359,&quot;3&quot;:{&quot;1&quot;:0},&quot;4&quot;:{&quot;1&quot;:2,&quot;2&quot;:16777215},&quot;5&quot;:{&quot;1&quot;:[{&quot;1&quot;:2,&quot;2&quot;:0,&quot;5&quot;:{&quot;1&quot;:2,&quot;2&quot;:0}},{&quot;1&quot;:0,&quot;2&quot;:0,&quot;3&quot;:3},{&quot;1&quot;:1,&quot;2&quot;:0,&quot;4&quot;:1}]},&quot;6&quot;:{&quot;1&quot;:[{&quot;1&quot;:2,&quot;2&quot;:0,&quot;5&quot;:{&quot;1&quot;:2,&quot;2&quot;:0}},{&quot;1&quot;:0,&quot;2&quot;:0,&quot;3&quot;:3},{&quot;1&quot;:1,&quot;2&quot;:0,&quot;4&quot;:1}]},&quot;7&quot;:{&quot;1&quot;:[{&quot;1&quot;:2,&quot;2&quot;:0,&quot;5&quot;:{&quot;1&quot;:2,&quot;2&quot;:0}},{&quot;1&quot;:0,&quot;2&quot;:0,&quot;3&quot;:3},{&quot;1&quot;:1,&quot;2&quot;:0,&quot;4&quot;:1}]},&quot;8&quot;:{&quot;1&quot;:[{&quot;1&quot;:2,&quot;2&quot;:0,&quot;5&quot;:{&quot;1&quot;:2,&quot;2&quot;:0}},{&quot;1&quot;:0,&quot;2&quot;:0,&quot;3&quot;:3},{&quot;1&quot;:1,&quot;2&quot;:0,&quot;4&quot;:1}]},&quot;9&quot;:0,&quot;10&quot;:1,&quot;11&quot;:4,&quot;12&quot;:0,&quot;14&quot;:{&quot;1&quot;:2,&quot;2&quot;:0},&quot;15&quot;:&quot;Arial&quot;,&quot;16&quot;:11}\" data-sheets-textstyleruns=\"{&quot;1&quot;:0,&quot;2&quot;:{&quot;5&quot;:1}}\uee10{&quot;1&quot;:7}\uee10{&quot;1&quot;:24,&quot;2&quot;:{&quot;5&quot;:1}}\uee10{&quot;1&quot;:35}\uee10{&quot;1&quot;:441,&quot;2&quot;:{&quot;5&quot;:1}}\uee10{&quot;1&quot;:449}\uee10{&quot;1&quot;:707,&quot;2&quot;:{&quot;5&quot;:1}}\uee10{&quot;1&quot;:713}\uee10{&quot;1&quot;:867,&quot;2&quot;:{&quot;5&quot;:1}}\uee10{&quot;1&quot;:875}\">M\u00c0U S\u1eaeC<br \/>\nL\u00faa m\u1ea1ch m\u00f9a h\u00e8<\/span><\/p>\n<p>H\u01af\u01a0NG TH\u01a0M<br \/>\n\u0110\u01b0\u1eddng l\u00faa m\u1ea1ch v\u00e0 m\u1ed9t ch\u00fat b\u1ea1c h\u00e0 lan t\u1ecfa tr\u01b0\u1edbc khi chuy\u1ec3n sang nh\u1eefng b\u00f4ng hoa d\u1ea1i m\u1edbi c\u1eaft; hoa mao l\u01b0\u01a1ng, hoa c\u00fac, hoa \u0111\u1ed3ng c\u1ecf, c\u00e2y sim, hoa anh th\u1ea3o v\u00e0 hoa anh \u0111\u00e0o. H\u01b0\u01a1ng th\u01a1m tinh t\u1ebf c\u1ee7a hoa c\u1ecf v\u00e0 h\u1ed3ng bi\u1ec3n l\u00e0 l\u1eddi nh\u1eafc nh\u1edf r\u1eb1ng d\u00f2ng r\u01b0\u1ee3u n\u00e0y ch\u1ec9 tr\u01b0\u1edfng th\u00e0nh b\u00ean b\u1edd bi\u1ec3n. Theo th\u1eddi gian, v\u1edbi vi\u1ec7c th\u01b0\u1edfng th\u1ee9c th\u00eam m\u1ed9t \u00edt r\u01b0\u1ee3u, h\u01b0\u01a1ng tr\u00e1i c\u00e2y caramen tr\u1edf n\u00ean n\u1ed5i b\u1eadt, v\u1edbi ch\u00fat v\u1ecb chanh, m\u1eadt ong, qu\u00fdt.<\/p>\n<p>H\u01af\u01a0NG V\u1eca<br \/>\nTinh t\u1ebf v\u00e0 t\u01b0\u01a1i m\u00e1t, h\u01b0\u01a1ng g\u1ed7 s\u1ed3i v\u00e0 l\u00faa m\u1ea1ch ng\u1ecdt ng\u00e0o h\u00f2a quy\u1ec7n v\u1edbi nhau m\u1ed9t c\u00e1ch ho\u00e0n h\u1ea3o. Ti\u1ebfp theo l\u00e0 tr\u00e1i c\u00e2y ch\u00edn xanh, \u0111\u01b0\u1eddng n\u00e2u v\u00e0 m\u1ea1ch nha ng\u1ecdt ng\u00e0o, th\u1ec3 hi\u1ec7n h\u01b0\u01a1ng v\u1ecb \u0111\u1eb7c bi\u1ec7t c\u1ee7a l\u00faa m\u1ea1ch Scotland, \u0111\u01b0\u1ee3c s\u1eed d\u1ee5ng trong lo\u1ea1i m\u1ea1ch nha \u0111\u01a1n c\u1ea5t n\u00e0y.<\/p>\n<p>H\u1eacU V\u1eca<br \/>\n\u0110\u00e2y l\u00e0 m\u1ed9t ly r\u01b0\u1ee3u khi\u1ebfn b\u1ea1n \u01b0\u1edbc s\u1ebd t\u1ed3n t\u1ea1i m\u00e3i m\u00e3i, v\u1ecb kho\u00e1ng ch\u1ea5t bi\u1ec3n tuy\u1ec7t v\u1eddi v\u00e0 kh\u00f3i than b\u00f9n \u0111\u1ea5t \u0111\u1ecdng l\u1ea1i trong v\u00f2m mi\u1ec7ng v\u1edbi h\u01b0\u01a1ng v\u1ecb cam qu\u00fdt.<\/p>\n<p>B\u1ea2N CH\u1ea4T<br \/>\nM\u1ec1m m\u1ea1i v\u00e0 tr\u00f2n tr\u1ecba, th\u1ec3 hi\u1ec7n s\u1ef1 c\u00e2n b\u1eb1ng thanh l\u1ecbch gi\u1eefa h\u01b0\u01a1ng tr\u00e1i c\u00e2y s\u1ed1ng \u0111\u1ed9ng v\u00e0 h\u01b0\u01a1ng bi\u1ec3n tinh t\u1ebf.<\/p>\n","protected":false},"featured_media":8476,"comment_status":"open","ping_status":"closed","template":"","meta":{"_acf_changed":false},"product_cat":[58],"product_tag":[],"class_list":{"0":"post-8473","1":"product","2":"type-product","3":"status-publish","4":"has-post-thumbnail","6":"product_cat-scotch-whisky-single-malt","7":"brand-bruichladdich","9":"first","10":"instock","11":"shipping-taxable","12":"product-type-simple"},"acf":[],"yoast_head":"<!-- This site is optimized with the Yoast SEO plugin v23.0 - https:\/\/yoast.com\/wordpress\/plugins\/seo\/ -->\n<title>Bruichladdich The Classic Laddie Whisky - Alchemy Asia<\/title>\n<meta name=\"robots\" content=\"index, follow, max-snippet:-1, max-image-preview:large, max-video-preview:-1\" \/>\n<link rel=\"canonical\" href=\"https:\/\/alchemy-asia.com\/vi\/san-pham\/bruichladdich-the-classic-laddie-whisky\/\" \/>\n<meta property=\"og:locale\" content=\"vi_VN\" \/>\n<meta property=\"og:type\" content=\"article\" \/>\n<meta property=\"og:title\" content=\"Bruichladdich The Classic Laddie Whisky - Alchemy Asia\" \/>\n<meta property=\"og:description\" content=\"M\u00c0U S\u1eaeC L\u00faa m\u1ea1ch m\u00f9a h\u00e8  H\u01af\u01a0NG TH\u01a0M \u0110\u01b0\u1eddng l\u00faa m\u1ea1ch v\u00e0 m\u1ed9t ch\u00fat b\u1ea1c h\u00e0 lan t\u1ecfa tr\u01b0\u1edbc khi chuy\u1ec3n sang nh\u1eefng b\u00f4ng hoa d\u1ea1i m\u1edbi c\u1eaft; hoa mao l\u01b0\u01a1ng, hoa c\u00fac, hoa \u0111\u1ed3ng c\u1ecf, c\u00e2y sim, hoa anh th\u1ea3o v\u00e0 hoa anh \u0111\u00e0o. H\u01b0\u01a1ng th\u01a1m tinh t\u1ebf c\u1ee7a hoa c\u1ecf v\u00e0 h\u1ed3ng bi\u1ec3n l\u00e0 l\u1eddi nh\u1eafc nh\u1edf r\u1eb1ng d\u00f2ng r\u01b0\u1ee3u n\u00e0y ch\u1ec9 tr\u01b0\u1edfng th\u00e0nh b\u00ean b\u1edd bi\u1ec3n. Theo th\u1eddi gian, v\u1edbi vi\u1ec7c th\u01b0\u1edfng th\u1ee9c th\u00eam m\u1ed9t \u00edt r\u01b0\u1ee3u, h\u01b0\u01a1ng tr\u00e1i c\u00e2y caramen tr\u1edf n\u00ean n\u1ed5i b\u1eadt, v\u1edbi ch\u00fat v\u1ecb chanh, m\u1eadt ong, qu\u00fdt.  H\u01af\u01a0NG V\u1eca Tinh t\u1ebf v\u00e0 t\u01b0\u01a1i m\u00e1t, h\u01b0\u01a1ng g\u1ed7 s\u1ed3i v\u00e0 l\u00faa m\u1ea1ch ng\u1ecdt ng\u00e0o h\u00f2a quy\u1ec7n v\u1edbi nhau m\u1ed9t c\u00e1ch ho\u00e0n h\u1ea3o. Ti\u1ebfp theo l\u00e0 tr\u00e1i c\u00e2y ch\u00edn xanh, \u0111\u01b0\u1eddng n\u00e2u v\u00e0 m\u1ea1ch nha ng\u1ecdt ng\u00e0o, th\u1ec3 hi\u1ec7n h\u01b0\u01a1ng v\u1ecb \u0111\u1eb7c bi\u1ec7t c\u1ee7a l\u00faa m\u1ea1ch Scotland, \u0111\u01b0\u1ee3c s\u1eed d\u1ee5ng trong lo\u1ea1i m\u1ea1ch nha \u0111\u01a1n c\u1ea5t n\u00e0y.  H\u1eacU V\u1eca \u0110\u00e2y l\u00e0 m\u1ed9t ly r\u01b0\u1ee3u khi\u1ebfn b\u1ea1n \u01b0\u1edbc s\u1ebd t\u1ed3n t\u1ea1i m\u00e3i m\u00e3i, v\u1ecb kho\u00e1ng ch\u1ea5t bi\u1ec3n tuy\u1ec7t v\u1eddi v\u00e0 kh\u00f3i than b\u00f9n \u0111\u1ea5t \u0111\u1ecdng l\u1ea1i trong v\u00f2m mi\u1ec7ng v\u1edbi h\u01b0\u01a1ng v\u1ecb cam qu\u00fdt.  B\u1ea2N CH\u1ea4T M\u1ec1m m\u1ea1i v\u00e0 tr\u00f2n tr\u1ecba, th\u1ec3 hi\u1ec7n s\u1ef1 c\u00e2n b\u1eb1ng thanh l\u1ecbch gi\u1eefa h\u01b0\u01a1ng tr\u00e1i c\u00e2y s\u1ed1ng \u0111\u1ed9ng v\u00e0 h\u01b0\u01a1ng bi\u1ec3n tinh t\u1ebf.\" \/>\n<meta property=\"og:url\" content=\"https:\/\/alchemy-asia.com\/vi\/san-pham\/bruichladdich-the-classic-laddie-whisky\/\" \/>\n<meta property=\"og:site_name\" content=\"Alchemy Asia\" \/>\n<meta property=\"og:image\" content=\"https:\/\/alchemy-asia.com\/vi\/wp-content\/uploads\/sites\/3\/2024\/07\/Bruichladdich-The-Classic-Laddie-Whisky.png\" \/>\n\t<meta property=\"og:image:width\" content=\"2100\" \/>\n\t<meta property=\"og:image:height\" content=\"2100\" \/>\n\t<meta property=\"og:image:type\" content=\"image\/png\" \/>\n<meta name=\"twitter:card\" content=\"summary_large_image\" \/>\n<meta name=\"twitter:label1\" content=\"\u01af\u1edbc t\u00ednh th\u1eddi gian \u0111\u1ecdc\" \/>\n\t<meta name=\"twitter:data1\" content=\"1 ph\u00fat\" \/>\n<script type=\"application\/ld+json\" class=\"yoast-schema-graph\">{\"@context\":\"https:\/\/schema.org\",\"@graph\":[{\"@type\":\"WebPage\",\"@id\":\"https:\/\/alchemy-asia.com\/vi\/san-pham\/bruichladdich-the-classic-laddie-whisky\/\",\"url\":\"https:\/\/alchemy-asia.com\/vi\/san-pham\/bruichladdich-the-classic-laddie-whisky\/\",\"name\":\"Bruichladdich The Classic Laddie Whisky - Alchemy Asia\",\"isPartOf\":{\"@id\":\"https:\/\/alchemy-asia.com\/vi\/#website\"},\"primaryImageOfPage\":{\"@id\":\"https:\/\/alchemy-asia.com\/vi\/san-pham\/bruichladdich-the-classic-laddie-whisky\/#primaryimage\"},\"image\":{\"@id\":\"https:\/\/alchemy-asia.com\/vi\/san-pham\/bruichladdich-the-classic-laddie-whisky\/#primaryimage\"},\"thumbnailUrl\":\"https:\/\/alchemy-asia.com\/vi\/wp-content\/uploads\/sites\/3\/2024\/07\/Bruichladdich-The-Classic-Laddie-Whisky.png\",\"datePublished\":\"2024-09-10T08:33:42+00:00\",\"dateModified\":\"2024-09-10T08:33:42+00:00\",\"breadcrumb\":{\"@id\":\"https:\/\/alchemy-asia.com\/vi\/san-pham\/bruichladdich-the-classic-laddie-whisky\/#breadcrumb\"},\"inLanguage\":\"vi\",\"potentialAction\":[{\"@type\":\"ReadAction\",\"target\":[\"https:\/\/alchemy-asia.com\/vi\/san-pham\/bruichladdich-the-classic-laddie-whisky\/\"]}]},{\"@type\":\"ImageObject\",\"inLanguage\":\"vi\",\"@id\":\"https:\/\/alchemy-asia.com\/vi\/san-pham\/bruichladdich-the-classic-laddie-whisky\/#primaryimage\",\"url\":\"https:\/\/alchemy-asia.com\/vi\/wp-content\/uploads\/sites\/3\/2024\/07\/Bruichladdich-The-Classic-Laddie-Whisky.png\",\"contentUrl\":\"https:\/\/alchemy-asia.com\/vi\/wp-content\/uploads\/sites\/3\/2024\/07\/Bruichladdich-The-Classic-Laddie-Whisky.png\",\"width\":2100,\"height\":2100,\"caption\":\"Bruichladdich The Classic Laddie Whisky\"},{\"@type\":\"BreadcrumbList\",\"@id\":\"https:\/\/alchemy-asia.com\/vi\/san-pham\/bruichladdich-the-classic-laddie-whisky\/#breadcrumb\",\"itemListElement\":[{\"@type\":\"ListItem\",\"position\":1,\"name\":\"Home\",\"item\":\"https:\/\/alchemy-asia.com\/vi\/\"},{\"@type\":\"ListItem\",\"position\":2,\"name\":\"Bruichladdich The Classic Laddie Whisky\"}]},{\"@type\":\"WebSite\",\"@id\":\"https:\/\/alchemy-asia.com\/vi\/#website\",\"url\":\"https:\/\/alchemy-asia.com\/vi\/\",\"name\":\"Alchemy Asia\",\"description\":\"Just another Alchemy Asia Sites site\",\"potentialAction\":[{\"@type\":\"SearchAction\",\"target\":{\"@type\":\"EntryPoint\",\"urlTemplate\":\"https:\/\/alchemy-asia.com\/vi\/?s={search_term_string}\"},\"query-input\":\"required name=search_term_string\"}],\"inLanguage\":\"vi\"}]}<\/script>\n<!-- \/ Yoast SEO plugin. -->","yoast_head_json":{"title":"Bruichladdich The Classic Laddie Whisky - Alchemy Asia","robots":{"index":"index","follow":"follow","max-snippet":"max-snippet:-1","max-image-preview":"max-image-preview:large","max-video-preview":"max-video-preview:-1"},"canonical":"https:\/\/alchemy-asia.com\/vi\/san-pham\/bruichladdich-the-classic-laddie-whisky\/","og_locale":"vi_VN","og_type":"article","og_title":"Bruichladdich The Classic Laddie Whisky - Alchemy Asia","og_description":"M\u00c0U S\u1eaeC L\u00faa m\u1ea1ch m\u00f9a h\u00e8  H\u01af\u01a0NG TH\u01a0M \u0110\u01b0\u1eddng l\u00faa m\u1ea1ch v\u00e0 m\u1ed9t ch\u00fat b\u1ea1c h\u00e0 lan t\u1ecfa tr\u01b0\u1edbc khi chuy\u1ec3n sang nh\u1eefng b\u00f4ng hoa d\u1ea1i m\u1edbi c\u1eaft; hoa mao l\u01b0\u01a1ng, hoa c\u00fac, hoa \u0111\u1ed3ng c\u1ecf, c\u00e2y sim, hoa anh th\u1ea3o v\u00e0 hoa anh \u0111\u00e0o. H\u01b0\u01a1ng th\u01a1m tinh t\u1ebf c\u1ee7a hoa c\u1ecf v\u00e0 h\u1ed3ng bi\u1ec3n l\u00e0 l\u1eddi nh\u1eafc nh\u1edf r\u1eb1ng d\u00f2ng r\u01b0\u1ee3u n\u00e0y ch\u1ec9 tr\u01b0\u1edfng th\u00e0nh b\u00ean b\u1edd bi\u1ec3n. Theo th\u1eddi gian, v\u1edbi vi\u1ec7c th\u01b0\u1edfng th\u1ee9c th\u00eam m\u1ed9t \u00edt r\u01b0\u1ee3u, h\u01b0\u01a1ng tr\u00e1i c\u00e2y caramen tr\u1edf n\u00ean n\u1ed5i b\u1eadt, v\u1edbi ch\u00fat v\u1ecb chanh, m\u1eadt ong, qu\u00fdt.  H\u01af\u01a0NG V\u1eca Tinh t\u1ebf v\u00e0 t\u01b0\u01a1i m\u00e1t, h\u01b0\u01a1ng g\u1ed7 s\u1ed3i v\u00e0 l\u00faa m\u1ea1ch ng\u1ecdt ng\u00e0o h\u00f2a quy\u1ec7n v\u1edbi nhau m\u1ed9t c\u00e1ch ho\u00e0n h\u1ea3o. Ti\u1ebfp theo l\u00e0 tr\u00e1i c\u00e2y ch\u00edn xanh, \u0111\u01b0\u1eddng n\u00e2u v\u00e0 m\u1ea1ch nha ng\u1ecdt ng\u00e0o, th\u1ec3 hi\u1ec7n h\u01b0\u01a1ng v\u1ecb \u0111\u1eb7c bi\u1ec7t c\u1ee7a l\u00faa m\u1ea1ch Scotland, \u0111\u01b0\u1ee3c s\u1eed d\u1ee5ng trong lo\u1ea1i m\u1ea1ch nha \u0111\u01a1n c\u1ea5t n\u00e0y.  H\u1eacU V\u1eca \u0110\u00e2y l\u00e0 m\u1ed9t ly r\u01b0\u1ee3u khi\u1ebfn b\u1ea1n \u01b0\u1edbc s\u1ebd t\u1ed3n t\u1ea1i m\u00e3i m\u00e3i, v\u1ecb kho\u00e1ng ch\u1ea5t bi\u1ec3n tuy\u1ec7t v\u1eddi v\u00e0 kh\u00f3i than b\u00f9n \u0111\u1ea5t \u0111\u1ecdng l\u1ea1i trong v\u00f2m mi\u1ec7ng v\u1edbi h\u01b0\u01a1ng v\u1ecb cam qu\u00fdt.  B\u1ea2N CH\u1ea4T M\u1ec1m m\u1ea1i v\u00e0 tr\u00f2n tr\u1ecba, th\u1ec3 hi\u1ec7n s\u1ef1 c\u00e2n b\u1eb1ng thanh l\u1ecbch gi\u1eefa h\u01b0\u01a1ng tr\u00e1i c\u00e2y s\u1ed1ng \u0111\u1ed9ng v\u00e0 h\u01b0\u01a1ng bi\u1ec3n tinh t\u1ebf.","og_url":"https:\/\/alchemy-asia.com\/vi\/san-pham\/bruichladdich-the-classic-laddie-whisky\/","og_site_name":"Alchemy Asia","og_image":[{"width":2100,"height":2100,"url":"https:\/\/alchemy-asia.com\/vi\/wp-content\/uploads\/sites\/3\/2024\/07\/Bruichladdich-The-Classic-Laddie-Whisky.png","type":"image\/png"}],"twitter_card":"summary_large_image","twitter_misc":{"\u01af\u1edbc t\u00ednh th\u1eddi gian \u0111\u1ecdc":"1 ph\u00fat"},"schema":{"@context":"https:\/\/schema.org","@graph":[{"@type":"WebPage","@id":"https:\/\/alchemy-asia.com\/vi\/san-pham\/bruichladdich-the-classic-laddie-whisky\/","url":"https:\/\/alchemy-asia.com\/vi\/san-pham\/bruichladdich-the-classic-laddie-whisky\/","name":"Bruichladdich The Classic Laddie Whisky - Alchemy Asia","isPartOf":{"@id":"https:\/\/alchemy-asia.com\/vi\/#website"},"primaryImageOfPage":{"@id":"https:\/\/alchemy-asia.com\/vi\/san-pham\/bruichladdich-the-classic-laddie-whisky\/#primaryimage"},"image":{"@id":"https:\/\/alchemy-asia.com\/vi\/san-pham\/bruichladdich-the-classic-laddie-whisky\/#primaryimage"},"thumbnailUrl":"https:\/\/alchemy-asia.com\/vi\/wp-content\/uploads\/sites\/3\/2024\/07\/Bruichladdich-The-Classic-Laddie-Whisky.png","datePublished":"2024-09-10T08:33:42+00:00","dateModified":"2024-09-10T08:33:42+00:00","breadcrumb":{"@id":"https:\/\/alchemy-asia.com\/vi\/san-pham\/bruichladdich-the-classic-laddie-whisky\/#breadcrumb"},"inLanguage":"vi","potentialAction":[{"@type":"ReadAction","target":["https:\/\/alchemy-asia.com\/vi\/san-pham\/bruichladdich-the-classic-laddie-whisky\/"]}]},{"@type":"ImageObject","inLanguage":"vi","@id":"https:\/\/alchemy-asia.com\/vi\/san-pham\/bruichladdich-the-classic-laddie-whisky\/#primaryimage","url":"https:\/\/alchemy-asia.com\/vi\/wp-content\/uploads\/sites\/3\/2024\/07\/Bruichladdich-The-Classic-Laddie-Whisky.png","contentUrl":"https:\/\/alchemy-asia.com\/vi\/wp-content\/uploads\/sites\/3\/2024\/07\/Bruichladdich-The-Classic-Laddie-Whisky.png","width":2100,"height":2100,"caption":"Bruichladdich The Classic Laddie Whisky"},{"@type":"BreadcrumbList","@id":"https:\/\/alchemy-asia.com\/vi\/san-pham\/bruichladdich-the-classic-laddie-whisky\/#breadcrumb","itemListElement":[{"@type":"ListItem","position":1,"name":"Home","item":"https:\/\/alchemy-asia.com\/vi\/"},{"@type":"ListItem","position":2,"name":"Bruichladdich The Classic Laddie Whisky"}]},{"@type":"WebSite","@id":"https:\/\/alchemy-asia.com\/vi\/#website","url":"https:\/\/alchemy-asia.com\/vi\/","name":"Alchemy Asia","description":"Just another Alchemy Asia Sites site","potentialAction":[{"@type":"SearchAction","target":{"@type":"EntryPoint","urlTemplate":"https:\/\/alchemy-asia.com\/vi\/?s={search_term_string}"},"query-input":"required name=search_term_string"}],"inLanguage":"vi"}]}},"_links":{"self":[{"href":"https:\/\/alchemy-asia.com\/vi\/wp-json\/wp\/v2\/product\/8473","targetHints":{"allow":["GET"]}}],"collection":[{"href":"https:\/\/alchemy-asia.com\/vi\/wp-json\/wp\/v2\/product"}],"about":[{"href":"https:\/\/alchemy-asia.com\/vi\/wp-json\/wp\/v2\/types\/product"}],"replies":[{"embeddable":true,"href":"https:\/\/alchemy-asia.com\/vi\/wp-json\/wp\/v2\/comments?post=8473"}],"wp:featuredmedia":[{"embeddable":true,"href":"https:\/\/alchemy-asia.com\/vi\/wp-json\/wp\/v2\/media\/8476"}],"wp:attachment":[{"href":"https:\/\/alchemy-asia.com\/vi\/wp-json\/wp\/v2\/media?parent=8473"}],"wp:term":[{"taxonomy":"product_cat","embeddable":true,"href":"https:\/\/alchemy-asia.com\/vi\/wp-json\/wp\/v2\/product_cat?post=8473"},{"taxonomy":"product_tag","embeddable":true,"href":"https:\/\/alchemy-asia.com\/vi\/wp-json\/wp\/v2\/product_tag?post=8473"}],"curies":[{"name":"wp","href":"https:\/\/api.w.org\/{rel}","templated":true}]}}