{"id":8485,"date":"2024-09-10T08:33:40","date_gmt":"2024-09-10T08:33:40","guid":{"rendered":"https:\/\/alchemy-asia.com\/vi\/?post_type=product&#038;p=8485"},"modified":"2024-09-10T08:33:40","modified_gmt":"2024-09-10T08:33:40","slug":"bulldog-london-dry-gin","status":"publish","type":"product","link":"https:\/\/alchemy-asia.com\/vi\/san-pham\/bulldog-london-dry-gin\/","title":{"rendered":"Bulldog London Dry Gin"},"content":{"rendered":"","protected":false},"excerpt":{"rendered":"<p><span data-sheets-root=\"1\" data-sheets-value=\"{&quot;1&quot;:2,&quot;2&quot;:&quot;B\u1eaft \u0111\u1ea7u b\u1eb1ng ngu\u1ed3n nguy\u00ean li\u1ec7u tuy\u1ec3n ch\u1ecdn l\u00e0 c\u00e1c lo\u1ea1i l\u00faa m\u00ec v\u00e0 ngu\u1ed3n n\u01b0\u1edbc tinh khi\u1ebft c\u1ee7a n\u01b0\u1edbc Anh, Bulldog \u0111\u00e3 t\u1ea1o ra lo\u1ea1i r\u01b0\u1ee3u n\u1ec1n trung t\u00ednh thu\u1ea7n khi\u1ebft sau 3 l\u1ea7n ch\u01b0ng c\u1ea5t (kho\u1ea3ng 96 \u0111\u1ed9 c\u1ed3n), sau \u0111\u00f3 \u0111\u01b0\u1ee3c ng\u00e2m v\u1edbi 12 lo\u1ea1i th\u1ea3o m\u1ed9c \u0111\u1eb7c tr\u01b0ng v\u1edbi h\u01b0\u01a1ng th\u01a1m t\u1ef1 nhi\u00ean b\u00ean trong n\u1ed3i \u0111\u1ed3ng. Quy tr\u00ecnh n\u00e0y cho ph\u00e9p c\u00e1c lo\u1ea1i th\u1ea3o m\u1ed9c th\u1ea9m th\u1ea5u v\u00e0o r\u01b0\u1ee3u tr\u01b0\u1edbc khi ch\u01b0ng c\u1ea5t, nh\u1eb1m gi\u1ea3i ph\u00f3ng tinh d\u1ea7u t\u1ef1 nhi\u00ean v\u1edbi k\u1ebft qu\u1ea3 thu \u0111\u01b0\u1ee3c c\u00e1c tinh ch\u1ea5t qua h\u01a1i n\u01b0\u1edbc trong khi ch\u01b0ng c\u1ea5t.&quot;}\" data-sheets-userformat=\"{&quot;2&quot;:1057791,&quot;3&quot;:{&quot;1&quot;:0},&quot;4&quot;:{&quot;1&quot;:2,&quot;2&quot;:16776960},&quot;5&quot;:{&quot;1&quot;:[{&quot;1&quot;:2,&quot;2&quot;:0,&quot;5&quot;:{&quot;1&quot;:2,&quot;2&quot;:0}},{&quot;1&quot;:0,&quot;2&quot;:0,&quot;3&quot;:3},{&quot;1&quot;:1,&quot;2&quot;:0,&quot;4&quot;:1}]},&quot;6&quot;:{&quot;1&quot;:[{&quot;1&quot;:2,&quot;2&quot;:0,&quot;5&quot;:{&quot;1&quot;:2,&quot;2&quot;:0}},{&quot;1&quot;:0,&quot;2&quot;:0,&quot;3&quot;:3},{&quot;1&quot;:1,&quot;2&quot;:0,&quot;4&quot;:1}]},&quot;7&quot;:{&quot;1&quot;:[{&quot;1&quot;:2,&quot;2&quot;:0,&quot;5&quot;:{&quot;1&quot;:2,&quot;2&quot;:0}},{&quot;1&quot;:0,&quot;2&quot;:0,&quot;3&quot;:3},{&quot;1&quot;:1,&quot;2&quot;:0,&quot;4&quot;:1}]},&quot;8&quot;:{&quot;1&quot;:[{&quot;1&quot;:2,&quot;2&quot;:0,&quot;5&quot;:{&quot;1&quot;:2,&quot;2&quot;:0}},{&quot;1&quot;:0,&quot;2&quot;:0,&quot;3&quot;:3},{&quot;1&quot;:1,&quot;2&quot;:0,&quot;4&quot;:1}]},&quot;9&quot;:0,&quot;10&quot;:1,&quot;11&quot;:4,&quot;12&quot;:0,&quot;16&quot;:13,&quot;23&quot;:1}\">B\u1eaft \u0111\u1ea7u b\u1eb1ng ngu\u1ed3n nguy\u00ean li\u1ec7u tuy\u1ec3n ch\u1ecdn l\u00e0 c\u00e1c lo\u1ea1i l\u00faa m\u00ec v\u00e0 ngu\u1ed3n n\u01b0\u1edbc tinh khi\u1ebft c\u1ee7a n\u01b0\u1edbc Anh, Bulldog \u0111\u00e3 t\u1ea1o ra lo\u1ea1i r\u01b0\u1ee3u n\u1ec1n trung t\u00ednh thu\u1ea7n khi\u1ebft sau 3 l\u1ea7n ch\u01b0ng c\u1ea5t (kho\u1ea3ng 96 \u0111\u1ed9 c\u1ed3n), sau \u0111\u00f3 \u0111\u01b0\u1ee3c ng\u00e2m v\u1edbi 12 lo\u1ea1i th\u1ea3o m\u1ed9c \u0111\u1eb7c tr\u01b0ng v\u1edbi h\u01b0\u01a1ng th\u01a1m t\u1ef1 nhi\u00ean b\u00ean trong n\u1ed3i \u0111\u1ed3ng. Quy tr\u00ecnh n\u00e0y cho ph\u00e9p c\u00e1c lo\u1ea1i th\u1ea3o m\u1ed9c th\u1ea9m th\u1ea5u v\u00e0o r\u01b0\u1ee3u tr\u01b0\u1edbc khi ch\u01b0ng c\u1ea5t, nh\u1eb1m gi\u1ea3i ph\u00f3ng tinh d\u1ea7u t\u1ef1 nhi\u00ean v\u1edbi k\u1ebft qu\u1ea3 thu \u0111\u01b0\u1ee3c c\u00e1c tinh ch\u1ea5t qua h\u01a1i n\u01b0\u1edbc trong khi ch\u01b0ng c\u1ea5t.<\/span><\/p>\n","protected":false},"featured_media":8487,"comment_status":"open","ping_status":"closed","template":"","meta":{"_acf_changed":false},"product_cat":[52],"product_tag":[],"class_list":{"0":"post-8485","1":"product","2":"type-product","3":"status-publish","4":"has-post-thumbnail","6":"product_cat-gin","7":"brand-bulldog-london-dry-gin","9":"first","10":"instock","11":"shipping-taxable","12":"product-type-simple"},"acf":[],"yoast_head":"<!-- This site is optimized with the Yoast SEO plugin v23.0 - https:\/\/yoast.com\/wordpress\/plugins\/seo\/ -->\n<title>Bulldog London Dry Gin - Alchemy Asia<\/title>\n<meta name=\"robots\" content=\"index, follow, max-snippet:-1, max-image-preview:large, max-video-preview:-1\" \/>\n<link rel=\"canonical\" href=\"https:\/\/alchemy-asia.com\/vi\/san-pham\/bulldog-london-dry-gin\/\" \/>\n<meta property=\"og:locale\" content=\"vi_VN\" \/>\n<meta property=\"og:type\" content=\"article\" \/>\n<meta property=\"og:title\" content=\"Bulldog London Dry Gin - Alchemy Asia\" \/>\n<meta property=\"og:description\" content=\"B\u1eaft \u0111\u1ea7u b\u1eb1ng ngu\u1ed3n nguy\u00ean li\u1ec7u tuy\u1ec3n ch\u1ecdn l\u00e0 c\u00e1c lo\u1ea1i l\u00faa m\u00ec v\u00e0 ngu\u1ed3n n\u01b0\u1edbc tinh khi\u1ebft c\u1ee7a n\u01b0\u1edbc Anh, Bulldog \u0111\u00e3 t\u1ea1o ra lo\u1ea1i r\u01b0\u1ee3u n\u1ec1n trung t\u00ednh thu\u1ea7n khi\u1ebft sau 3 l\u1ea7n ch\u01b0ng c\u1ea5t (kho\u1ea3ng 96 \u0111\u1ed9 c\u1ed3n), sau \u0111\u00f3 \u0111\u01b0\u1ee3c ng\u00e2m v\u1edbi 12 lo\u1ea1i th\u1ea3o m\u1ed9c \u0111\u1eb7c tr\u01b0ng v\u1edbi h\u01b0\u01a1ng th\u01a1m t\u1ef1 nhi\u00ean b\u00ean trong n\u1ed3i \u0111\u1ed3ng. Quy tr\u00ecnh n\u00e0y cho ph\u00e9p c\u00e1c lo\u1ea1i th\u1ea3o m\u1ed9c th\u1ea9m th\u1ea5u v\u00e0o r\u01b0\u1ee3u tr\u01b0\u1edbc khi ch\u01b0ng c\u1ea5t, nh\u1eb1m gi\u1ea3i ph\u00f3ng tinh d\u1ea7u t\u1ef1 nhi\u00ean v\u1edbi k\u1ebft qu\u1ea3 thu \u0111\u01b0\u1ee3c c\u00e1c tinh ch\u1ea5t qua h\u01a1i n\u01b0\u1edbc trong khi ch\u01b0ng c\u1ea5t.\" \/>\n<meta property=\"og:url\" content=\"https:\/\/alchemy-asia.com\/vi\/san-pham\/bulldog-london-dry-gin\/\" \/>\n<meta property=\"og:site_name\" content=\"Alchemy Asia\" \/>\n<meta property=\"og:image\" content=\"https:\/\/alchemy-asia.com\/vi\/wp-content\/uploads\/sites\/3\/2024\/07\/Bulldog-London-Dry-Gin.png\" \/>\n\t<meta property=\"og:image:width\" content=\"2100\" \/>\n\t<meta property=\"og:image:height\" content=\"2100\" \/>\n\t<meta property=\"og:image:type\" content=\"image\/png\" \/>\n<meta name=\"twitter:card\" content=\"summary_large_image\" \/>\n<meta name=\"twitter:label1\" content=\"\u01af\u1edbc t\u00ednh th\u1eddi gian \u0111\u1ecdc\" \/>\n\t<meta name=\"twitter:data1\" content=\"1 ph\u00fat\" \/>\n<script type=\"application\/ld+json\" class=\"yoast-schema-graph\">{\"@context\":\"https:\/\/schema.org\",\"@graph\":[{\"@type\":\"WebPage\",\"@id\":\"https:\/\/alchemy-asia.com\/vi\/san-pham\/bulldog-london-dry-gin\/\",\"url\":\"https:\/\/alchemy-asia.com\/vi\/san-pham\/bulldog-london-dry-gin\/\",\"name\":\"Bulldog London Dry Gin - Alchemy Asia\",\"isPartOf\":{\"@id\":\"https:\/\/alchemy-asia.com\/vi\/#website\"},\"primaryImageOfPage\":{\"@id\":\"https:\/\/alchemy-asia.com\/vi\/san-pham\/bulldog-london-dry-gin\/#primaryimage\"},\"image\":{\"@id\":\"https:\/\/alchemy-asia.com\/vi\/san-pham\/bulldog-london-dry-gin\/#primaryimage\"},\"thumbnailUrl\":\"https:\/\/alchemy-asia.com\/vi\/wp-content\/uploads\/sites\/3\/2024\/07\/Bulldog-London-Dry-Gin.png\",\"datePublished\":\"2024-09-10T08:33:40+00:00\",\"dateModified\":\"2024-09-10T08:33:40+00:00\",\"breadcrumb\":{\"@id\":\"https:\/\/alchemy-asia.com\/vi\/san-pham\/bulldog-london-dry-gin\/#breadcrumb\"},\"inLanguage\":\"vi\",\"potentialAction\":[{\"@type\":\"ReadAction\",\"target\":[\"https:\/\/alchemy-asia.com\/vi\/san-pham\/bulldog-london-dry-gin\/\"]}]},{\"@type\":\"ImageObject\",\"inLanguage\":\"vi\",\"@id\":\"https:\/\/alchemy-asia.com\/vi\/san-pham\/bulldog-london-dry-gin\/#primaryimage\",\"url\":\"https:\/\/alchemy-asia.com\/vi\/wp-content\/uploads\/sites\/3\/2024\/07\/Bulldog-London-Dry-Gin.png\",\"contentUrl\":\"https:\/\/alchemy-asia.com\/vi\/wp-content\/uploads\/sites\/3\/2024\/07\/Bulldog-London-Dry-Gin.png\",\"width\":2100,\"height\":2100,\"caption\":\"Bulldog London Dry Gin\"},{\"@type\":\"BreadcrumbList\",\"@id\":\"https:\/\/alchemy-asia.com\/vi\/san-pham\/bulldog-london-dry-gin\/#breadcrumb\",\"itemListElement\":[{\"@type\":\"ListItem\",\"position\":1,\"name\":\"Home\",\"item\":\"https:\/\/alchemy-asia.com\/vi\/\"},{\"@type\":\"ListItem\",\"position\":2,\"name\":\"Bulldog London Dry Gin\"}]},{\"@type\":\"WebSite\",\"@id\":\"https:\/\/alchemy-asia.com\/vi\/#website\",\"url\":\"https:\/\/alchemy-asia.com\/vi\/\",\"name\":\"Alchemy Asia\",\"description\":\"Just another Alchemy Asia Sites site\",\"potentialAction\":[{\"@type\":\"SearchAction\",\"target\":{\"@type\":\"EntryPoint\",\"urlTemplate\":\"https:\/\/alchemy-asia.com\/vi\/?s={search_term_string}\"},\"query-input\":\"required name=search_term_string\"}],\"inLanguage\":\"vi\"}]}<\/script>\n<!-- \/ Yoast SEO plugin. -->","yoast_head_json":{"title":"Bulldog London Dry Gin - Alchemy Asia","robots":{"index":"index","follow":"follow","max-snippet":"max-snippet:-1","max-image-preview":"max-image-preview:large","max-video-preview":"max-video-preview:-1"},"canonical":"https:\/\/alchemy-asia.com\/vi\/san-pham\/bulldog-london-dry-gin\/","og_locale":"vi_VN","og_type":"article","og_title":"Bulldog London Dry Gin - Alchemy Asia","og_description":"B\u1eaft \u0111\u1ea7u b\u1eb1ng ngu\u1ed3n nguy\u00ean li\u1ec7u tuy\u1ec3n ch\u1ecdn l\u00e0 c\u00e1c lo\u1ea1i l\u00faa m\u00ec v\u00e0 ngu\u1ed3n n\u01b0\u1edbc tinh khi\u1ebft c\u1ee7a n\u01b0\u1edbc Anh, Bulldog \u0111\u00e3 t\u1ea1o ra lo\u1ea1i r\u01b0\u1ee3u n\u1ec1n trung t\u00ednh thu\u1ea7n khi\u1ebft sau 3 l\u1ea7n ch\u01b0ng c\u1ea5t (kho\u1ea3ng 96 \u0111\u1ed9 c\u1ed3n), sau \u0111\u00f3 \u0111\u01b0\u1ee3c ng\u00e2m v\u1edbi 12 lo\u1ea1i th\u1ea3o m\u1ed9c \u0111\u1eb7c tr\u01b0ng v\u1edbi h\u01b0\u01a1ng th\u01a1m t\u1ef1 nhi\u00ean b\u00ean trong n\u1ed3i \u0111\u1ed3ng. Quy tr\u00ecnh n\u00e0y cho ph\u00e9p c\u00e1c lo\u1ea1i th\u1ea3o m\u1ed9c th\u1ea9m th\u1ea5u v\u00e0o r\u01b0\u1ee3u tr\u01b0\u1edbc khi ch\u01b0ng c\u1ea5t, nh\u1eb1m gi\u1ea3i ph\u00f3ng tinh d\u1ea7u t\u1ef1 nhi\u00ean v\u1edbi k\u1ebft qu\u1ea3 thu \u0111\u01b0\u1ee3c c\u00e1c tinh ch\u1ea5t qua h\u01a1i n\u01b0\u1edbc trong khi ch\u01b0ng c\u1ea5t.","og_url":"https:\/\/alchemy-asia.com\/vi\/san-pham\/bulldog-london-dry-gin\/","og_site_name":"Alchemy Asia","og_image":[{"width":2100,"height":2100,"url":"https:\/\/alchemy-asia.com\/vi\/wp-content\/uploads\/sites\/3\/2024\/07\/Bulldog-London-Dry-Gin.png","type":"image\/png"}],"twitter_card":"summary_large_image","twitter_misc":{"\u01af\u1edbc t\u00ednh th\u1eddi gian \u0111\u1ecdc":"1 ph\u00fat"},"schema":{"@context":"https:\/\/schema.org","@graph":[{"@type":"WebPage","@id":"https:\/\/alchemy-asia.com\/vi\/san-pham\/bulldog-london-dry-gin\/","url":"https:\/\/alchemy-asia.com\/vi\/san-pham\/bulldog-london-dry-gin\/","name":"Bulldog London Dry Gin - Alchemy Asia","isPartOf":{"@id":"https:\/\/alchemy-asia.com\/vi\/#website"},"primaryImageOfPage":{"@id":"https:\/\/alchemy-asia.com\/vi\/san-pham\/bulldog-london-dry-gin\/#primaryimage"},"image":{"@id":"https:\/\/alchemy-asia.com\/vi\/san-pham\/bulldog-london-dry-gin\/#primaryimage"},"thumbnailUrl":"https:\/\/alchemy-asia.com\/vi\/wp-content\/uploads\/sites\/3\/2024\/07\/Bulldog-London-Dry-Gin.png","datePublished":"2024-09-10T08:33:40+00:00","dateModified":"2024-09-10T08:33:40+00:00","breadcrumb":{"@id":"https:\/\/alchemy-asia.com\/vi\/san-pham\/bulldog-london-dry-gin\/#breadcrumb"},"inLanguage":"vi","potentialAction":[{"@type":"ReadAction","target":["https:\/\/alchemy-asia.com\/vi\/san-pham\/bulldog-london-dry-gin\/"]}]},{"@type":"ImageObject","inLanguage":"vi","@id":"https:\/\/alchemy-asia.com\/vi\/san-pham\/bulldog-london-dry-gin\/#primaryimage","url":"https:\/\/alchemy-asia.com\/vi\/wp-content\/uploads\/sites\/3\/2024\/07\/Bulldog-London-Dry-Gin.png","contentUrl":"https:\/\/alchemy-asia.com\/vi\/wp-content\/uploads\/sites\/3\/2024\/07\/Bulldog-London-Dry-Gin.png","width":2100,"height":2100,"caption":"Bulldog London Dry Gin"},{"@type":"BreadcrumbList","@id":"https:\/\/alchemy-asia.com\/vi\/san-pham\/bulldog-london-dry-gin\/#breadcrumb","itemListElement":[{"@type":"ListItem","position":1,"name":"Home","item":"https:\/\/alchemy-asia.com\/vi\/"},{"@type":"ListItem","position":2,"name":"Bulldog London Dry Gin"}]},{"@type":"WebSite","@id":"https:\/\/alchemy-asia.com\/vi\/#website","url":"https:\/\/alchemy-asia.com\/vi\/","name":"Alchemy Asia","description":"Just another Alchemy Asia Sites site","potentialAction":[{"@type":"SearchAction","target":{"@type":"EntryPoint","urlTemplate":"https:\/\/alchemy-asia.com\/vi\/?s={search_term_string}"},"query-input":"required name=search_term_string"}],"inLanguage":"vi"}]}},"_links":{"self":[{"href":"https:\/\/alchemy-asia.com\/vi\/wp-json\/wp\/v2\/product\/8485","targetHints":{"allow":["GET"]}}],"collection":[{"href":"https:\/\/alchemy-asia.com\/vi\/wp-json\/wp\/v2\/product"}],"about":[{"href":"https:\/\/alchemy-asia.com\/vi\/wp-json\/wp\/v2\/types\/product"}],"replies":[{"embeddable":true,"href":"https:\/\/alchemy-asia.com\/vi\/wp-json\/wp\/v2\/comments?post=8485"}],"wp:featuredmedia":[{"embeddable":true,"href":"https:\/\/alchemy-asia.com\/vi\/wp-json\/wp\/v2\/media\/8487"}],"wp:attachment":[{"href":"https:\/\/alchemy-asia.com\/vi\/wp-json\/wp\/v2\/media?parent=8485"}],"wp:term":[{"taxonomy":"product_cat","embeddable":true,"href":"https:\/\/alchemy-asia.com\/vi\/wp-json\/wp\/v2\/product_cat?post=8485"},{"taxonomy":"product_tag","embeddable":true,"href":"https:\/\/alchemy-asia.com\/vi\/wp-json\/wp\/v2\/product_tag?post=8485"}],"curies":[{"name":"wp","href":"https:\/\/api.w.org\/{rel}","templated":true}]}}