{"id":8486,"date":"2024-09-10T08:54:37","date_gmt":"2024-09-10T08:54:37","guid":{"rendered":"https:\/\/alchemy-asia.com\/vi\/?post_type=product&#038;p=8486"},"modified":"2024-09-10T08:54:37","modified_gmt":"2024-09-10T08:54:37","slug":"matsui-brandy-umeshu","status":"publish","type":"product","link":"https:\/\/alchemy-asia.com\/vi\/san-pham\/matsui-brandy-umeshu\/","title":{"rendered":"Matsui Brandy Umeshu"},"content":{"rendered":"","protected":false},"excerpt":{"rendered":"<p>Nh\u1eefng qu\u1ea3 m\u1eadn Nh\u1eadt tuy\u1ec7t v\u1eddi<br \/>\nV\u1ecb ng\u1ecdt ng\u00e0o gi\u00e0u m\u00e0 s\u1ea3ng kho\u00e1i<br \/>\nS\u1ef1 c\u00e2n b\u1eb1ng ho\u00e0n h\u1ea3o gi\u1eefa h\u01b0\u01a1ng tr\u00e1i c\u00e2y<br \/>\nGia v\u1ecb h\u1ea1nh nh\u00e2n v\u00e0 vani nh\u1eb9<br \/>\nH\u1eadu v\u1ecb l\u00e2u d\u00e0i<br \/>\nTh\u00edch h\u1ee3p v\u1edbi: \u0110\u00e1\/ N\u01b0\u1edbc x\u00fac x\u00edch<\/p>\n","protected":false},"featured_media":8495,"comment_status":"open","ping_status":"closed","template":"","meta":{"_acf_changed":false},"product_cat":[54],"product_tag":[],"class_list":{"0":"post-8486","1":"product","2":"type-product","3":"status-publish","4":"has-post-thumbnail","6":"product_cat-liqueurs","7":"brand-matsui-whisky","9":"first","10":"instock","11":"shipping-taxable","12":"product-type-simple"},"acf":[],"yoast_head":"<!-- This site is optimized with the Yoast SEO plugin v23.0 - https:\/\/yoast.com\/wordpress\/plugins\/seo\/ -->\n<title>Matsui Brandy Umeshu - Alchemy Asia<\/title>\n<meta name=\"robots\" content=\"index, follow, max-snippet:-1, max-image-preview:large, max-video-preview:-1\" \/>\n<link rel=\"canonical\" href=\"https:\/\/alchemy-asia.com\/vi\/san-pham\/matsui-brandy-umeshu\/\" \/>\n<meta property=\"og:locale\" content=\"vi_VN\" \/>\n<meta property=\"og:type\" content=\"article\" \/>\n<meta property=\"og:title\" content=\"Matsui Brandy Umeshu - Alchemy Asia\" \/>\n<meta property=\"og:description\" content=\"Nh\u1eefng qu\u1ea3 m\u1eadn Nh\u1eadt tuy\u1ec7t v\u1eddi V\u1ecb ng\u1ecdt ng\u00e0o gi\u00e0u m\u00e0 s\u1ea3ng kho\u00e1i S\u1ef1 c\u00e2n b\u1eb1ng ho\u00e0n h\u1ea3o gi\u1eefa h\u01b0\u01a1ng tr\u00e1i c\u00e2y Gia v\u1ecb h\u1ea1nh nh\u00e2n v\u00e0 vani nh\u1eb9 H\u1eadu v\u1ecb l\u00e2u d\u00e0i Th\u00edch h\u1ee3p v\u1edbi: \u0110\u00e1\/ N\u01b0\u1edbc x\u00fac x\u00edch\" \/>\n<meta property=\"og:url\" content=\"https:\/\/alchemy-asia.com\/vi\/san-pham\/matsui-brandy-umeshu\/\" \/>\n<meta property=\"og:site_name\" content=\"Alchemy Asia\" \/>\n<meta property=\"og:image\" content=\"https:\/\/alchemy-asia.com\/vi\/wp-content\/uploads\/sites\/3\/2024\/07\/Untitled-1-1.png\" \/>\n\t<meta property=\"og:image:width\" content=\"2000\" \/>\n\t<meta property=\"og:image:height\" content=\"2000\" \/>\n\t<meta property=\"og:image:type\" content=\"image\/png\" \/>\n<meta name=\"twitter:card\" content=\"summary_large_image\" \/>\n<meta name=\"twitter:label1\" content=\"\u01af\u1edbc t\u00ednh th\u1eddi gian \u0111\u1ecdc\" \/>\n\t<meta name=\"twitter:data1\" content=\"1 ph\u00fat\" \/>\n<script type=\"application\/ld+json\" class=\"yoast-schema-graph\">{\"@context\":\"https:\/\/schema.org\",\"@graph\":[{\"@type\":\"WebPage\",\"@id\":\"https:\/\/alchemy-asia.com\/vi\/san-pham\/matsui-brandy-umeshu\/\",\"url\":\"https:\/\/alchemy-asia.com\/vi\/san-pham\/matsui-brandy-umeshu\/\",\"name\":\"Matsui Brandy Umeshu - Alchemy Asia\",\"isPartOf\":{\"@id\":\"https:\/\/alchemy-asia.com\/vi\/#website\"},\"primaryImageOfPage\":{\"@id\":\"https:\/\/alchemy-asia.com\/vi\/san-pham\/matsui-brandy-umeshu\/#primaryimage\"},\"image\":{\"@id\":\"https:\/\/alchemy-asia.com\/vi\/san-pham\/matsui-brandy-umeshu\/#primaryimage\"},\"thumbnailUrl\":\"https:\/\/alchemy-asia.com\/vi\/wp-content\/uploads\/sites\/3\/2024\/07\/Untitled-1-1.png\",\"datePublished\":\"2024-09-10T08:54:37+00:00\",\"dateModified\":\"2024-09-10T08:54:37+00:00\",\"breadcrumb\":{\"@id\":\"https:\/\/alchemy-asia.com\/vi\/san-pham\/matsui-brandy-umeshu\/#breadcrumb\"},\"inLanguage\":\"vi\",\"potentialAction\":[{\"@type\":\"ReadAction\",\"target\":[\"https:\/\/alchemy-asia.com\/vi\/san-pham\/matsui-brandy-umeshu\/\"]}]},{\"@type\":\"ImageObject\",\"inLanguage\":\"vi\",\"@id\":\"https:\/\/alchemy-asia.com\/vi\/san-pham\/matsui-brandy-umeshu\/#primaryimage\",\"url\":\"https:\/\/alchemy-asia.com\/vi\/wp-content\/uploads\/sites\/3\/2024\/07\/Untitled-1-1.png\",\"contentUrl\":\"https:\/\/alchemy-asia.com\/vi\/wp-content\/uploads\/sites\/3\/2024\/07\/Untitled-1-1.png\",\"width\":2000,\"height\":2000,\"caption\":\"Matsui Brandy Umeshu\"},{\"@type\":\"BreadcrumbList\",\"@id\":\"https:\/\/alchemy-asia.com\/vi\/san-pham\/matsui-brandy-umeshu\/#breadcrumb\",\"itemListElement\":[{\"@type\":\"ListItem\",\"position\":1,\"name\":\"Home\",\"item\":\"https:\/\/alchemy-asia.com\/vi\/\"},{\"@type\":\"ListItem\",\"position\":2,\"name\":\"Matsui Brandy Umeshu\"}]},{\"@type\":\"WebSite\",\"@id\":\"https:\/\/alchemy-asia.com\/vi\/#website\",\"url\":\"https:\/\/alchemy-asia.com\/vi\/\",\"name\":\"Alchemy Asia\",\"description\":\"Just another Alchemy Asia Sites site\",\"potentialAction\":[{\"@type\":\"SearchAction\",\"target\":{\"@type\":\"EntryPoint\",\"urlTemplate\":\"https:\/\/alchemy-asia.com\/vi\/?s={search_term_string}\"},\"query-input\":\"required name=search_term_string\"}],\"inLanguage\":\"vi\"}]}<\/script>\n<!-- \/ Yoast SEO plugin. -->","yoast_head_json":{"title":"Matsui Brandy Umeshu - Alchemy Asia","robots":{"index":"index","follow":"follow","max-snippet":"max-snippet:-1","max-image-preview":"max-image-preview:large","max-video-preview":"max-video-preview:-1"},"canonical":"https:\/\/alchemy-asia.com\/vi\/san-pham\/matsui-brandy-umeshu\/","og_locale":"vi_VN","og_type":"article","og_title":"Matsui Brandy Umeshu - Alchemy Asia","og_description":"Nh\u1eefng qu\u1ea3 m\u1eadn Nh\u1eadt tuy\u1ec7t v\u1eddi V\u1ecb ng\u1ecdt ng\u00e0o gi\u00e0u m\u00e0 s\u1ea3ng kho\u00e1i S\u1ef1 c\u00e2n b\u1eb1ng ho\u00e0n h\u1ea3o gi\u1eefa h\u01b0\u01a1ng tr\u00e1i c\u00e2y Gia v\u1ecb h\u1ea1nh nh\u00e2n v\u00e0 vani nh\u1eb9 H\u1eadu v\u1ecb l\u00e2u d\u00e0i Th\u00edch h\u1ee3p v\u1edbi: \u0110\u00e1\/ N\u01b0\u1edbc x\u00fac x\u00edch","og_url":"https:\/\/alchemy-asia.com\/vi\/san-pham\/matsui-brandy-umeshu\/","og_site_name":"Alchemy Asia","og_image":[{"width":2000,"height":2000,"url":"https:\/\/alchemy-asia.com\/vi\/wp-content\/uploads\/sites\/3\/2024\/07\/Untitled-1-1.png","type":"image\/png"}],"twitter_card":"summary_large_image","twitter_misc":{"\u01af\u1edbc t\u00ednh th\u1eddi gian \u0111\u1ecdc":"1 ph\u00fat"},"schema":{"@context":"https:\/\/schema.org","@graph":[{"@type":"WebPage","@id":"https:\/\/alchemy-asia.com\/vi\/san-pham\/matsui-brandy-umeshu\/","url":"https:\/\/alchemy-asia.com\/vi\/san-pham\/matsui-brandy-umeshu\/","name":"Matsui Brandy Umeshu - Alchemy Asia","isPartOf":{"@id":"https:\/\/alchemy-asia.com\/vi\/#website"},"primaryImageOfPage":{"@id":"https:\/\/alchemy-asia.com\/vi\/san-pham\/matsui-brandy-umeshu\/#primaryimage"},"image":{"@id":"https:\/\/alchemy-asia.com\/vi\/san-pham\/matsui-brandy-umeshu\/#primaryimage"},"thumbnailUrl":"https:\/\/alchemy-asia.com\/vi\/wp-content\/uploads\/sites\/3\/2024\/07\/Untitled-1-1.png","datePublished":"2024-09-10T08:54:37+00:00","dateModified":"2024-09-10T08:54:37+00:00","breadcrumb":{"@id":"https:\/\/alchemy-asia.com\/vi\/san-pham\/matsui-brandy-umeshu\/#breadcrumb"},"inLanguage":"vi","potentialAction":[{"@type":"ReadAction","target":["https:\/\/alchemy-asia.com\/vi\/san-pham\/matsui-brandy-umeshu\/"]}]},{"@type":"ImageObject","inLanguage":"vi","@id":"https:\/\/alchemy-asia.com\/vi\/san-pham\/matsui-brandy-umeshu\/#primaryimage","url":"https:\/\/alchemy-asia.com\/vi\/wp-content\/uploads\/sites\/3\/2024\/07\/Untitled-1-1.png","contentUrl":"https:\/\/alchemy-asia.com\/vi\/wp-content\/uploads\/sites\/3\/2024\/07\/Untitled-1-1.png","width":2000,"height":2000,"caption":"Matsui Brandy Umeshu"},{"@type":"BreadcrumbList","@id":"https:\/\/alchemy-asia.com\/vi\/san-pham\/matsui-brandy-umeshu\/#breadcrumb","itemListElement":[{"@type":"ListItem","position":1,"name":"Home","item":"https:\/\/alchemy-asia.com\/vi\/"},{"@type":"ListItem","position":2,"name":"Matsui Brandy Umeshu"}]},{"@type":"WebSite","@id":"https:\/\/alchemy-asia.com\/vi\/#website","url":"https:\/\/alchemy-asia.com\/vi\/","name":"Alchemy Asia","description":"Just another Alchemy Asia Sites site","potentialAction":[{"@type":"SearchAction","target":{"@type":"EntryPoint","urlTemplate":"https:\/\/alchemy-asia.com\/vi\/?s={search_term_string}"},"query-input":"required name=search_term_string"}],"inLanguage":"vi"}]}},"_links":{"self":[{"href":"https:\/\/alchemy-asia.com\/vi\/wp-json\/wp\/v2\/product\/8486","targetHints":{"allow":["GET"]}}],"collection":[{"href":"https:\/\/alchemy-asia.com\/vi\/wp-json\/wp\/v2\/product"}],"about":[{"href":"https:\/\/alchemy-asia.com\/vi\/wp-json\/wp\/v2\/types\/product"}],"replies":[{"embeddable":true,"href":"https:\/\/alchemy-asia.com\/vi\/wp-json\/wp\/v2\/comments?post=8486"}],"wp:featuredmedia":[{"embeddable":true,"href":"https:\/\/alchemy-asia.com\/vi\/wp-json\/wp\/v2\/media\/8495"}],"wp:attachment":[{"href":"https:\/\/alchemy-asia.com\/vi\/wp-json\/wp\/v2\/media?parent=8486"}],"wp:term":[{"taxonomy":"product_cat","embeddable":true,"href":"https:\/\/alchemy-asia.com\/vi\/wp-json\/wp\/v2\/product_cat?post=8486"},{"taxonomy":"product_tag","embeddable":true,"href":"https:\/\/alchemy-asia.com\/vi\/wp-json\/wp\/v2\/product_tag?post=8486"}],"curies":[{"name":"wp","href":"https:\/\/api.w.org\/{rel}","templated":true}]}}