{"id":8489,"date":"2024-09-10T08:54:39","date_gmt":"2024-09-10T08:54:39","guid":{"rendered":"https:\/\/alchemy-asia.com\/vi\/?post_type=product&#038;p=8489"},"modified":"2024-09-10T08:54:39","modified_gmt":"2024-09-10T08:54:39","slug":"bushmills-aged-12-years-single-malt-irish-whisky","status":"publish","type":"product","link":"https:\/\/alchemy-asia.com\/vi\/san-pham\/bushmills-aged-12-years-single-malt-irish-whisky\/","title":{"rendered":"Bushmills Aged 12 Years Single Malt Irish Whisky"},"content":{"rendered":"","protected":false},"excerpt":{"rendered":"<p><span data-sheets-root=\"1\" data-sheets-value=\"{&quot;1&quot;:2,&quot;2&quot;:&quot;AGED IN THREE WOODS\\n\u0110\u00e2y l\u00e0 lo\u1ea1i whisky d\u00e0nh cho nh\u1eefng ng\u01b0\u1eddi s\u00e0nh r\u01b0\u1ee3u whisky m\u1ea1ch nha l\u00e2u n\u0103m. Th\u01b0\u1edfng th\u1ee9c nguy\u00ean ch\u1ea5t ho\u1eb7c ch\u1ec9 v\u1edbi m\u1ed9t \u00edt n\u01b0\u1edbc pha, \u0111\u00f3 l\u00e0 m\u1ed9t \u0111i\u1ec1u \u0111\u00e1ng t\u1ef1 h\u00e0o v\u1ec1 truy\u1ec1n th\u1ed1ng ch\u01b0ng c\u1ea5t r\u01b0\u1ee3u whisky m\u1ea1ch nha h\u00e0ng th\u1ebf k\u1ef7 t\u1ea1i Nh\u00e0 m\u00e1y ch\u01b0ng c\u1ea5t Old Bushmills.\\nQu\u00e1 tr\u00ecnh \u1ee7 trong r\u01b0\u1ee3u sherry Oloroso v\u00e0 r\u01b0\u1ee3u bourbon tr\u01b0\u1edbc khi \u0111\u01b0\u1ee3c \u0111\u00fat k\u1ebft trong th\u00f9ng marsala mang l\u1ea1i cho lo\u1ea1i r\u01b0\u1ee3u whisky m\u1ea1ch nha \u0111\u01a1n c\u1ea5t \u0111\u1ed9c \u0111\u00e1o n\u00e0y v\u1ecb tr\u00e1i c\u00e2y s\u1ea5y kh\u00f4 \u0111\u1eadm \u0111\u00e0 v\u00e0 s\u1ef1 ph\u1ee9c t\u1ea1p c\u1ee7a r\u01b0\u1ee3u sherry.\\n T\u1ed1t nh\u1ea5t n\u00ean th\u01b0\u1edfng th\u1ee9c nguy\u00ean ch\u1ea5t ho\u1eb7c th\u00eam \u00edt \u0111\u00e1.&quot;}\" data-sheets-userformat=\"{&quot;2&quot;:1057789,&quot;3&quot;:{&quot;1&quot;:0},&quot;5&quot;:{&quot;1&quot;:[{&quot;1&quot;:2,&quot;2&quot;:0,&quot;5&quot;:{&quot;1&quot;:2,&quot;2&quot;:0}},{&quot;1&quot;:0,&quot;2&quot;:0,&quot;3&quot;:3},{&quot;1&quot;:1,&quot;2&quot;:0,&quot;4&quot;:1}]},&quot;6&quot;:{&quot;1&quot;:[{&quot;1&quot;:2,&quot;2&quot;:0,&quot;5&quot;:{&quot;1&quot;:2,&quot;2&quot;:0}},{&quot;1&quot;:0,&quot;2&quot;:0,&quot;3&quot;:3},{&quot;1&quot;:1,&quot;2&quot;:0,&quot;4&quot;:1}]},&quot;7&quot;:{&quot;1&quot;:[{&quot;1&quot;:2,&quot;2&quot;:0,&quot;5&quot;:{&quot;1&quot;:2,&quot;2&quot;:0}},{&quot;1&quot;:0,&quot;2&quot;:0,&quot;3&quot;:3},{&quot;1&quot;:1,&quot;2&quot;:0,&quot;4&quot;:1}]},&quot;8&quot;:{&quot;1&quot;:[{&quot;1&quot;:2,&quot;2&quot;:0,&quot;5&quot;:{&quot;1&quot;:2,&quot;2&quot;:0}},{&quot;1&quot;:0,&quot;2&quot;:0,&quot;3&quot;:3},{&quot;1&quot;:1,&quot;2&quot;:0,&quot;4&quot;:1}]},&quot;9&quot;:0,&quot;10&quot;:1,&quot;11&quot;:4,&quot;12&quot;:0,&quot;16&quot;:12,&quot;23&quot;:1}\">AGED IN THREE WOODS<br \/>\n\u0110\u00e2y l\u00e0 lo\u1ea1i whisky d\u00e0nh cho nh\u1eefng ng\u01b0\u1eddi s\u00e0nh r\u01b0\u1ee3u whisky m\u1ea1ch nha l\u00e2u n\u0103m. Th\u01b0\u1edfng th\u1ee9c nguy\u00ean ch\u1ea5t ho\u1eb7c ch\u1ec9 v\u1edbi m\u1ed9t \u00edt n\u01b0\u1edbc pha, \u0111\u00f3 l\u00e0 m\u1ed9t \u0111i\u1ec1u \u0111\u00e1ng t\u1ef1 h\u00e0o v\u1ec1 truy\u1ec1n th\u1ed1ng ch\u01b0ng c\u1ea5t r\u01b0\u1ee3u whisky m\u1ea1ch nha h\u00e0ng th\u1ebf k\u1ef7 t\u1ea1i Nh\u00e0 m\u00e1y ch\u01b0ng c\u1ea5t Old Bushmills.<br \/>\nQu\u00e1 tr\u00ecnh \u1ee7 trong r\u01b0\u1ee3u sherry Oloroso v\u00e0 r\u01b0\u1ee3u bourbon tr\u01b0\u1edbc khi \u0111\u01b0\u1ee3c \u0111\u00fat k\u1ebft trong th\u00f9ng marsala mang l\u1ea1i cho lo\u1ea1i r\u01b0\u1ee3u whisky m\u1ea1ch nha \u0111\u01a1n c\u1ea5t \u0111\u1ed9c \u0111\u00e1o n\u00e0y v\u1ecb tr\u00e1i c\u00e2y s\u1ea5y kh\u00f4 \u0111\u1eadm \u0111\u00e0 v\u00e0 s\u1ef1 ph\u1ee9c t\u1ea1p c\u1ee7a r\u01b0\u1ee3u sherry.<br \/>\nT\u1ed1t nh\u1ea5t n\u00ean th\u01b0\u1edfng th\u1ee9c nguy\u00ean ch\u1ea5t ho\u1eb7c th\u00eam \u00edt \u0111\u00e1.<\/span><\/p>\n","protected":false},"featured_media":8490,"comment_status":"open","ping_status":"closed","template":"","meta":{"_acf_changed":false},"product_cat":[68],"product_tag":[],"class_list":{"0":"post-8489","1":"product","2":"type-product","3":"status-publish","4":"has-post-thumbnail","6":"product_cat-irish-whiskey-single-malt","7":"brand-bushmills","9":"first","10":"instock","11":"shipping-taxable","12":"product-type-simple"},"acf":[],"yoast_head":"<!-- This site is optimized with the Yoast SEO plugin v23.0 - https:\/\/yoast.com\/wordpress\/plugins\/seo\/ -->\n<title>Bushmills Aged 12 Years Single Malt Irish Whisky - Alchemy Asia<\/title>\n<meta name=\"robots\" content=\"index, follow, max-snippet:-1, max-image-preview:large, max-video-preview:-1\" \/>\n<link rel=\"canonical\" href=\"https:\/\/alchemy-asia.com\/vi\/san-pham\/bushmills-aged-12-years-single-malt-irish-whisky\/\" \/>\n<meta property=\"og:locale\" content=\"vi_VN\" \/>\n<meta property=\"og:type\" content=\"article\" \/>\n<meta property=\"og:title\" content=\"Bushmills Aged 12 Years Single Malt Irish Whisky - Alchemy Asia\" \/>\n<meta property=\"og:description\" content=\"AGED IN THREE WOODS \u0110\u00e2y l\u00e0 lo\u1ea1i whisky d\u00e0nh cho nh\u1eefng ng\u01b0\u1eddi s\u00e0nh r\u01b0\u1ee3u whisky m\u1ea1ch nha l\u00e2u n\u0103m. Th\u01b0\u1edfng th\u1ee9c nguy\u00ean ch\u1ea5t ho\u1eb7c ch\u1ec9 v\u1edbi m\u1ed9t \u00edt n\u01b0\u1edbc pha, \u0111\u00f3 l\u00e0 m\u1ed9t \u0111i\u1ec1u \u0111\u00e1ng t\u1ef1 h\u00e0o v\u1ec1 truy\u1ec1n th\u1ed1ng ch\u01b0ng c\u1ea5t r\u01b0\u1ee3u whisky m\u1ea1ch nha h\u00e0ng th\u1ebf k\u1ef7 t\u1ea1i Nh\u00e0 m\u00e1y ch\u01b0ng c\u1ea5t Old Bushmills. Qu\u00e1 tr\u00ecnh \u1ee7 trong r\u01b0\u1ee3u sherry Oloroso v\u00e0 r\u01b0\u1ee3u bourbon tr\u01b0\u1edbc khi \u0111\u01b0\u1ee3c \u0111\u00fat k\u1ebft trong th\u00f9ng marsala mang l\u1ea1i cho lo\u1ea1i r\u01b0\u1ee3u whisky m\u1ea1ch nha \u0111\u01a1n c\u1ea5t \u0111\u1ed9c \u0111\u00e1o n\u00e0y v\u1ecb tr\u00e1i c\u00e2y s\u1ea5y kh\u00f4 \u0111\u1eadm \u0111\u00e0 v\u00e0 s\u1ef1 ph\u1ee9c t\u1ea1p c\u1ee7a r\u01b0\u1ee3u sherry. T\u1ed1t nh\u1ea5t n\u00ean th\u01b0\u1edfng th\u1ee9c nguy\u00ean ch\u1ea5t ho\u1eb7c th\u00eam \u00edt \u0111\u00e1.\" \/>\n<meta property=\"og:url\" content=\"https:\/\/alchemy-asia.com\/vi\/san-pham\/bushmills-aged-12-years-single-malt-irish-whisky\/\" \/>\n<meta property=\"og:site_name\" content=\"Alchemy Asia\" \/>\n<meta property=\"og:image\" content=\"https:\/\/alchemy-asia.com\/vi\/wp-content\/uploads\/sites\/3\/2024\/07\/Bushmills-12.png\" \/>\n\t<meta property=\"og:image:width\" content=\"2100\" \/>\n\t<meta property=\"og:image:height\" content=\"2100\" \/>\n\t<meta property=\"og:image:type\" content=\"image\/png\" \/>\n<meta name=\"twitter:card\" content=\"summary_large_image\" \/>\n<meta name=\"twitter:label1\" content=\"\u01af\u1edbc t\u00ednh th\u1eddi gian \u0111\u1ecdc\" \/>\n\t<meta name=\"twitter:data1\" content=\"1 ph\u00fat\" \/>\n<script type=\"application\/ld+json\" class=\"yoast-schema-graph\">{\"@context\":\"https:\/\/schema.org\",\"@graph\":[{\"@type\":\"WebPage\",\"@id\":\"https:\/\/alchemy-asia.com\/vi\/san-pham\/bushmills-aged-12-years-single-malt-irish-whisky\/\",\"url\":\"https:\/\/alchemy-asia.com\/vi\/san-pham\/bushmills-aged-12-years-single-malt-irish-whisky\/\",\"name\":\"Bushmills Aged 12 Years Single Malt Irish Whisky - Alchemy Asia\",\"isPartOf\":{\"@id\":\"https:\/\/alchemy-asia.com\/vi\/#website\"},\"primaryImageOfPage\":{\"@id\":\"https:\/\/alchemy-asia.com\/vi\/san-pham\/bushmills-aged-12-years-single-malt-irish-whisky\/#primaryimage\"},\"image\":{\"@id\":\"https:\/\/alchemy-asia.com\/vi\/san-pham\/bushmills-aged-12-years-single-malt-irish-whisky\/#primaryimage\"},\"thumbnailUrl\":\"https:\/\/alchemy-asia.com\/vi\/wp-content\/uploads\/sites\/3\/2024\/07\/Bushmills-12.png\",\"datePublished\":\"2024-09-10T08:54:39+00:00\",\"dateModified\":\"2024-09-10T08:54:39+00:00\",\"breadcrumb\":{\"@id\":\"https:\/\/alchemy-asia.com\/vi\/san-pham\/bushmills-aged-12-years-single-malt-irish-whisky\/#breadcrumb\"},\"inLanguage\":\"vi\",\"potentialAction\":[{\"@type\":\"ReadAction\",\"target\":[\"https:\/\/alchemy-asia.com\/vi\/san-pham\/bushmills-aged-12-years-single-malt-irish-whisky\/\"]}]},{\"@type\":\"ImageObject\",\"inLanguage\":\"vi\",\"@id\":\"https:\/\/alchemy-asia.com\/vi\/san-pham\/bushmills-aged-12-years-single-malt-irish-whisky\/#primaryimage\",\"url\":\"https:\/\/alchemy-asia.com\/vi\/wp-content\/uploads\/sites\/3\/2024\/07\/Bushmills-12.png\",\"contentUrl\":\"https:\/\/alchemy-asia.com\/vi\/wp-content\/uploads\/sites\/3\/2024\/07\/Bushmills-12.png\",\"width\":2100,\"height\":2100,\"caption\":\"Bushmills 12 yo\"},{\"@type\":\"BreadcrumbList\",\"@id\":\"https:\/\/alchemy-asia.com\/vi\/san-pham\/bushmills-aged-12-years-single-malt-irish-whisky\/#breadcrumb\",\"itemListElement\":[{\"@type\":\"ListItem\",\"position\":1,\"name\":\"Home\",\"item\":\"https:\/\/alchemy-asia.com\/vi\/\"},{\"@type\":\"ListItem\",\"position\":2,\"name\":\"Bushmills Aged 12 Years Single Malt Irish Whisky\"}]},{\"@type\":\"WebSite\",\"@id\":\"https:\/\/alchemy-asia.com\/vi\/#website\",\"url\":\"https:\/\/alchemy-asia.com\/vi\/\",\"name\":\"Alchemy Asia\",\"description\":\"Just another Alchemy Asia Sites site\",\"potentialAction\":[{\"@type\":\"SearchAction\",\"target\":{\"@type\":\"EntryPoint\",\"urlTemplate\":\"https:\/\/alchemy-asia.com\/vi\/?s={search_term_string}\"},\"query-input\":\"required name=search_term_string\"}],\"inLanguage\":\"vi\"}]}<\/script>\n<!-- \/ Yoast SEO plugin. -->","yoast_head_json":{"title":"Bushmills Aged 12 Years Single Malt Irish Whisky - Alchemy Asia","robots":{"index":"index","follow":"follow","max-snippet":"max-snippet:-1","max-image-preview":"max-image-preview:large","max-video-preview":"max-video-preview:-1"},"canonical":"https:\/\/alchemy-asia.com\/vi\/san-pham\/bushmills-aged-12-years-single-malt-irish-whisky\/","og_locale":"vi_VN","og_type":"article","og_title":"Bushmills Aged 12 Years Single Malt Irish Whisky - Alchemy Asia","og_description":"AGED IN THREE WOODS \u0110\u00e2y l\u00e0 lo\u1ea1i whisky d\u00e0nh cho nh\u1eefng ng\u01b0\u1eddi s\u00e0nh r\u01b0\u1ee3u whisky m\u1ea1ch nha l\u00e2u n\u0103m. Th\u01b0\u1edfng th\u1ee9c nguy\u00ean ch\u1ea5t ho\u1eb7c ch\u1ec9 v\u1edbi m\u1ed9t \u00edt n\u01b0\u1edbc pha, \u0111\u00f3 l\u00e0 m\u1ed9t \u0111i\u1ec1u \u0111\u00e1ng t\u1ef1 h\u00e0o v\u1ec1 truy\u1ec1n th\u1ed1ng ch\u01b0ng c\u1ea5t r\u01b0\u1ee3u whisky m\u1ea1ch nha h\u00e0ng th\u1ebf k\u1ef7 t\u1ea1i Nh\u00e0 m\u00e1y ch\u01b0ng c\u1ea5t Old Bushmills. Qu\u00e1 tr\u00ecnh \u1ee7 trong r\u01b0\u1ee3u sherry Oloroso v\u00e0 r\u01b0\u1ee3u bourbon tr\u01b0\u1edbc khi \u0111\u01b0\u1ee3c \u0111\u00fat k\u1ebft trong th\u00f9ng marsala mang l\u1ea1i cho lo\u1ea1i r\u01b0\u1ee3u whisky m\u1ea1ch nha \u0111\u01a1n c\u1ea5t \u0111\u1ed9c \u0111\u00e1o n\u00e0y v\u1ecb tr\u00e1i c\u00e2y s\u1ea5y kh\u00f4 \u0111\u1eadm \u0111\u00e0 v\u00e0 s\u1ef1 ph\u1ee9c t\u1ea1p c\u1ee7a r\u01b0\u1ee3u sherry. T\u1ed1t nh\u1ea5t n\u00ean th\u01b0\u1edfng th\u1ee9c nguy\u00ean ch\u1ea5t ho\u1eb7c th\u00eam \u00edt \u0111\u00e1.","og_url":"https:\/\/alchemy-asia.com\/vi\/san-pham\/bushmills-aged-12-years-single-malt-irish-whisky\/","og_site_name":"Alchemy Asia","og_image":[{"width":2100,"height":2100,"url":"https:\/\/alchemy-asia.com\/vi\/wp-content\/uploads\/sites\/3\/2024\/07\/Bushmills-12.png","type":"image\/png"}],"twitter_card":"summary_large_image","twitter_misc":{"\u01af\u1edbc t\u00ednh th\u1eddi gian \u0111\u1ecdc":"1 ph\u00fat"},"schema":{"@context":"https:\/\/schema.org","@graph":[{"@type":"WebPage","@id":"https:\/\/alchemy-asia.com\/vi\/san-pham\/bushmills-aged-12-years-single-malt-irish-whisky\/","url":"https:\/\/alchemy-asia.com\/vi\/san-pham\/bushmills-aged-12-years-single-malt-irish-whisky\/","name":"Bushmills Aged 12 Years Single Malt Irish Whisky - Alchemy Asia","isPartOf":{"@id":"https:\/\/alchemy-asia.com\/vi\/#website"},"primaryImageOfPage":{"@id":"https:\/\/alchemy-asia.com\/vi\/san-pham\/bushmills-aged-12-years-single-malt-irish-whisky\/#primaryimage"},"image":{"@id":"https:\/\/alchemy-asia.com\/vi\/san-pham\/bushmills-aged-12-years-single-malt-irish-whisky\/#primaryimage"},"thumbnailUrl":"https:\/\/alchemy-asia.com\/vi\/wp-content\/uploads\/sites\/3\/2024\/07\/Bushmills-12.png","datePublished":"2024-09-10T08:54:39+00:00","dateModified":"2024-09-10T08:54:39+00:00","breadcrumb":{"@id":"https:\/\/alchemy-asia.com\/vi\/san-pham\/bushmills-aged-12-years-single-malt-irish-whisky\/#breadcrumb"},"inLanguage":"vi","potentialAction":[{"@type":"ReadAction","target":["https:\/\/alchemy-asia.com\/vi\/san-pham\/bushmills-aged-12-years-single-malt-irish-whisky\/"]}]},{"@type":"ImageObject","inLanguage":"vi","@id":"https:\/\/alchemy-asia.com\/vi\/san-pham\/bushmills-aged-12-years-single-malt-irish-whisky\/#primaryimage","url":"https:\/\/alchemy-asia.com\/vi\/wp-content\/uploads\/sites\/3\/2024\/07\/Bushmills-12.png","contentUrl":"https:\/\/alchemy-asia.com\/vi\/wp-content\/uploads\/sites\/3\/2024\/07\/Bushmills-12.png","width":2100,"height":2100,"caption":"Bushmills 12 yo"},{"@type":"BreadcrumbList","@id":"https:\/\/alchemy-asia.com\/vi\/san-pham\/bushmills-aged-12-years-single-malt-irish-whisky\/#breadcrumb","itemListElement":[{"@type":"ListItem","position":1,"name":"Home","item":"https:\/\/alchemy-asia.com\/vi\/"},{"@type":"ListItem","position":2,"name":"Bushmills Aged 12 Years Single Malt Irish Whisky"}]},{"@type":"WebSite","@id":"https:\/\/alchemy-asia.com\/vi\/#website","url":"https:\/\/alchemy-asia.com\/vi\/","name":"Alchemy Asia","description":"Just another Alchemy Asia Sites site","potentialAction":[{"@type":"SearchAction","target":{"@type":"EntryPoint","urlTemplate":"https:\/\/alchemy-asia.com\/vi\/?s={search_term_string}"},"query-input":"required name=search_term_string"}],"inLanguage":"vi"}]}},"_links":{"self":[{"href":"https:\/\/alchemy-asia.com\/vi\/wp-json\/wp\/v2\/product\/8489","targetHints":{"allow":["GET"]}}],"collection":[{"href":"https:\/\/alchemy-asia.com\/vi\/wp-json\/wp\/v2\/product"}],"about":[{"href":"https:\/\/alchemy-asia.com\/vi\/wp-json\/wp\/v2\/types\/product"}],"replies":[{"embeddable":true,"href":"https:\/\/alchemy-asia.com\/vi\/wp-json\/wp\/v2\/comments?post=8489"}],"wp:featuredmedia":[{"embeddable":true,"href":"https:\/\/alchemy-asia.com\/vi\/wp-json\/wp\/v2\/media\/8490"}],"wp:attachment":[{"href":"https:\/\/alchemy-asia.com\/vi\/wp-json\/wp\/v2\/media?parent=8489"}],"wp:term":[{"taxonomy":"product_cat","embeddable":true,"href":"https:\/\/alchemy-asia.com\/vi\/wp-json\/wp\/v2\/product_cat?post=8489"},{"taxonomy":"product_tag","embeddable":true,"href":"https:\/\/alchemy-asia.com\/vi\/wp-json\/wp\/v2\/product_tag?post=8489"}],"curies":[{"name":"wp","href":"https:\/\/api.w.org\/{rel}","templated":true}]}}