{"id":8497,"date":"2024-09-10T08:33:36","date_gmt":"2024-09-10T08:33:36","guid":{"rendered":"https:\/\/alchemy-asia.com\/vi\/?post_type=product&#038;p=8497"},"modified":"2024-09-10T08:33:36","modified_gmt":"2024-09-10T08:33:36","slug":"bushmills-single-malt-irish-whiskey-21-years-old","status":"publish","type":"product","link":"https:\/\/alchemy-asia.com\/vi\/san-pham\/bushmills-single-malt-irish-whiskey-21-years-old\/","title":{"rendered":"Bushmills Single Malt Irish Whiskey  21 Years Old"},"content":{"rendered":"","protected":false},"excerpt":{"rendered":"<p><span data-sheets-root=\"1\" data-sheets-value=\"{&quot;1&quot;:2,&quot;2&quot;:&quot;FINISHED IN MADEIRA CASKS\\nR\u01b0\u1ee3u whisky m\u1ea1ch nha 21 tu\u1ed5i c\u1ee7a Bushmills \u0111\u01b0\u1ee3c \u1ee7 t\u1ed1i thi\u1ec3u 19 n\u0103m trong c\u00e1c th\u00f9ng r\u01b0\u1ee3u Oloroso v\u00e0 r\u01b0\u1ee3u g\u1ed7 s\u1ed3i tr\u01b0\u1edbc, sau \u0111\u00f3 \u0111\u01b0\u1ee3c chuy\u1ec3n sang th\u00f9ng Madeira trong hai n\u0103m n\u1eefa.\\nN\u00f3 c\u00f3 \u0111\u1ed9 \u0111\u1eadm v\u1ecb cao, \u0111an xen h\u01b0\u01a1ng v\u1ecb tr\u00e1i c\u00e2y s\u1ea5y kh\u00f4 v\u1edbi v\u1ecb m\u1ea1ch nha th\u01a1m, cay v\u00e0 h\u01b0\u01a1ng nho kh\u00f4 tinh t\u1ebf. R\u01b0\u1ee3u whisky n\u00e0y ph\u1ea3i lu\u00f4n \u0111\u01b0\u1ee3c ph\u1ee5c v\u1ee5 ngu\u00ean ch\u1ea5t.&quot;}\" data-sheets-userformat=\"{&quot;2&quot;:1057789,&quot;3&quot;:{&quot;1&quot;:0},&quot;5&quot;:{&quot;1&quot;:[{&quot;1&quot;:2,&quot;2&quot;:0,&quot;5&quot;:{&quot;1&quot;:2,&quot;2&quot;:0}},{&quot;1&quot;:0,&quot;2&quot;:0,&quot;3&quot;:3},{&quot;1&quot;:1,&quot;2&quot;:0,&quot;4&quot;:1}]},&quot;6&quot;:{&quot;1&quot;:[{&quot;1&quot;:2,&quot;2&quot;:0,&quot;5&quot;:{&quot;1&quot;:2,&quot;2&quot;:0}},{&quot;1&quot;:0,&quot;2&quot;:0,&quot;3&quot;:3},{&quot;1&quot;:1,&quot;2&quot;:0,&quot;4&quot;:1}]},&quot;7&quot;:{&quot;1&quot;:[{&quot;1&quot;:2,&quot;2&quot;:0,&quot;5&quot;:{&quot;1&quot;:2,&quot;2&quot;:0}},{&quot;1&quot;:0,&quot;2&quot;:0,&quot;3&quot;:3},{&quot;1&quot;:1,&quot;2&quot;:0,&quot;4&quot;:1}]},&quot;8&quot;:{&quot;1&quot;:[{&quot;1&quot;:2,&quot;2&quot;:0,&quot;5&quot;:{&quot;1&quot;:2,&quot;2&quot;:0}},{&quot;1&quot;:0,&quot;2&quot;:0,&quot;3&quot;:3},{&quot;1&quot;:1,&quot;2&quot;:0,&quot;4&quot;:1}]},&quot;9&quot;:0,&quot;10&quot;:1,&quot;11&quot;:4,&quot;12&quot;:0,&quot;16&quot;:12,&quot;23&quot;:1}\">FINISHED IN MADEIRA CASKS<br \/>\nR\u01b0\u1ee3u whisky m\u1ea1ch nha 21 tu\u1ed5i c\u1ee7a Bushmills \u0111\u01b0\u1ee3c \u1ee7 t\u1ed1i thi\u1ec3u 19 n\u0103m trong c\u00e1c th\u00f9ng r\u01b0\u1ee3u Oloroso v\u00e0 r\u01b0\u1ee3u g\u1ed7 s\u1ed3i tr\u01b0\u1edbc, sau \u0111\u00f3 \u0111\u01b0\u1ee3c chuy\u1ec3n sang th\u00f9ng Madeira trong hai n\u0103m n\u1eefa.<br \/>\nN\u00f3 c\u00f3 \u0111\u1ed9 \u0111\u1eadm v\u1ecb cao, \u0111an xen h\u01b0\u01a1ng v\u1ecb tr\u00e1i c\u00e2y s\u1ea5y kh\u00f4 v\u1edbi v\u1ecb m\u1ea1ch nha th\u01a1m, cay v\u00e0 h\u01b0\u01a1ng nho kh\u00f4 tinh t\u1ebf. R\u01b0\u1ee3u whisky n\u00e0y ph\u1ea3i lu\u00f4n \u0111\u01b0\u1ee3c ph\u1ee5c v\u1ee5 ngu\u00ean ch\u1ea5t.<\/span><\/p>\n","protected":false},"featured_media":8498,"comment_status":"open","ping_status":"closed","template":"","meta":{"_acf_changed":false},"product_cat":[68],"product_tag":[],"class_list":{"0":"post-8497","1":"product","2":"type-product","3":"status-publish","4":"has-post-thumbnail","6":"product_cat-irish-whiskey-single-malt","7":"brand-bushmills","9":"first","10":"instock","11":"shipping-taxable","12":"product-type-simple"},"acf":[],"yoast_head":"<!-- This site is optimized with the Yoast SEO plugin v23.0 - https:\/\/yoast.com\/wordpress\/plugins\/seo\/ -->\n<title>Bushmills Single Malt Irish Whiskey 21 Years Old - Alchemy Asia<\/title>\n<meta name=\"robots\" content=\"index, follow, max-snippet:-1, max-image-preview:large, max-video-preview:-1\" \/>\n<link rel=\"canonical\" href=\"https:\/\/alchemy-asia.com\/vi\/san-pham\/bushmills-single-malt-irish-whiskey-21-years-old\/\" \/>\n<meta property=\"og:locale\" content=\"vi_VN\" \/>\n<meta property=\"og:type\" content=\"article\" \/>\n<meta property=\"og:title\" content=\"Bushmills Single Malt Irish Whiskey 21 Years Old - Alchemy Asia\" \/>\n<meta property=\"og:description\" content=\"FINISHED IN MADEIRA CASKS R\u01b0\u1ee3u whisky m\u1ea1ch nha 21 tu\u1ed5i c\u1ee7a Bushmills \u0111\u01b0\u1ee3c \u1ee7 t\u1ed1i thi\u1ec3u 19 n\u0103m trong c\u00e1c th\u00f9ng r\u01b0\u1ee3u Oloroso v\u00e0 r\u01b0\u1ee3u g\u1ed7 s\u1ed3i tr\u01b0\u1edbc, sau \u0111\u00f3 \u0111\u01b0\u1ee3c chuy\u1ec3n sang th\u00f9ng Madeira trong hai n\u0103m n\u1eefa. N\u00f3 c\u00f3 \u0111\u1ed9 \u0111\u1eadm v\u1ecb cao, \u0111an xen h\u01b0\u01a1ng v\u1ecb tr\u00e1i c\u00e2y s\u1ea5y kh\u00f4 v\u1edbi v\u1ecb m\u1ea1ch nha th\u01a1m, cay v\u00e0 h\u01b0\u01a1ng nho kh\u00f4 tinh t\u1ebf. R\u01b0\u1ee3u whisky n\u00e0y ph\u1ea3i lu\u00f4n \u0111\u01b0\u1ee3c ph\u1ee5c v\u1ee5 ngu\u00ean ch\u1ea5t.\" \/>\n<meta property=\"og:url\" content=\"https:\/\/alchemy-asia.com\/vi\/san-pham\/bushmills-single-malt-irish-whiskey-21-years-old\/\" \/>\n<meta property=\"og:site_name\" content=\"Alchemy Asia\" \/>\n<meta property=\"og:image\" content=\"https:\/\/alchemy-asia.com\/vi\/wp-content\/uploads\/sites\/3\/2024\/07\/Bushmills-21-YO.png\" \/>\n\t<meta property=\"og:image:width\" content=\"2100\" \/>\n\t<meta property=\"og:image:height\" content=\"2100\" \/>\n\t<meta property=\"og:image:type\" content=\"image\/png\" \/>\n<meta name=\"twitter:card\" content=\"summary_large_image\" \/>\n<meta name=\"twitter:label1\" content=\"\u01af\u1edbc t\u00ednh th\u1eddi gian \u0111\u1ecdc\" \/>\n\t<meta name=\"twitter:data1\" content=\"1 ph\u00fat\" \/>\n<script type=\"application\/ld+json\" class=\"yoast-schema-graph\">{\"@context\":\"https:\/\/schema.org\",\"@graph\":[{\"@type\":\"WebPage\",\"@id\":\"https:\/\/alchemy-asia.com\/vi\/san-pham\/bushmills-single-malt-irish-whiskey-21-years-old\/\",\"url\":\"https:\/\/alchemy-asia.com\/vi\/san-pham\/bushmills-single-malt-irish-whiskey-21-years-old\/\",\"name\":\"Bushmills Single Malt Irish Whiskey 21 Years Old - Alchemy Asia\",\"isPartOf\":{\"@id\":\"https:\/\/alchemy-asia.com\/vi\/#website\"},\"primaryImageOfPage\":{\"@id\":\"https:\/\/alchemy-asia.com\/vi\/san-pham\/bushmills-single-malt-irish-whiskey-21-years-old\/#primaryimage\"},\"image\":{\"@id\":\"https:\/\/alchemy-asia.com\/vi\/san-pham\/bushmills-single-malt-irish-whiskey-21-years-old\/#primaryimage\"},\"thumbnailUrl\":\"https:\/\/alchemy-asia.com\/vi\/wp-content\/uploads\/sites\/3\/2024\/07\/Bushmills-21-YO.png\",\"datePublished\":\"2024-09-10T08:33:36+00:00\",\"dateModified\":\"2024-09-10T08:33:36+00:00\",\"breadcrumb\":{\"@id\":\"https:\/\/alchemy-asia.com\/vi\/san-pham\/bushmills-single-malt-irish-whiskey-21-years-old\/#breadcrumb\"},\"inLanguage\":\"vi\",\"potentialAction\":[{\"@type\":\"ReadAction\",\"target\":[\"https:\/\/alchemy-asia.com\/vi\/san-pham\/bushmills-single-malt-irish-whiskey-21-years-old\/\"]}]},{\"@type\":\"ImageObject\",\"inLanguage\":\"vi\",\"@id\":\"https:\/\/alchemy-asia.com\/vi\/san-pham\/bushmills-single-malt-irish-whiskey-21-years-old\/#primaryimage\",\"url\":\"https:\/\/alchemy-asia.com\/vi\/wp-content\/uploads\/sites\/3\/2024\/07\/Bushmills-21-YO.png\",\"contentUrl\":\"https:\/\/alchemy-asia.com\/vi\/wp-content\/uploads\/sites\/3\/2024\/07\/Bushmills-21-YO.png\",\"width\":2100,\"height\":2100,\"caption\":\"Bushmills 21 YO\"},{\"@type\":\"BreadcrumbList\",\"@id\":\"https:\/\/alchemy-asia.com\/vi\/san-pham\/bushmills-single-malt-irish-whiskey-21-years-old\/#breadcrumb\",\"itemListElement\":[{\"@type\":\"ListItem\",\"position\":1,\"name\":\"Home\",\"item\":\"https:\/\/alchemy-asia.com\/vi\/\"},{\"@type\":\"ListItem\",\"position\":2,\"name\":\"Bushmills Single Malt Irish Whiskey 21 Years Old\"}]},{\"@type\":\"WebSite\",\"@id\":\"https:\/\/alchemy-asia.com\/vi\/#website\",\"url\":\"https:\/\/alchemy-asia.com\/vi\/\",\"name\":\"Alchemy Asia\",\"description\":\"Just another Alchemy Asia Sites site\",\"potentialAction\":[{\"@type\":\"SearchAction\",\"target\":{\"@type\":\"EntryPoint\",\"urlTemplate\":\"https:\/\/alchemy-asia.com\/vi\/?s={search_term_string}\"},\"query-input\":\"required name=search_term_string\"}],\"inLanguage\":\"vi\"}]}<\/script>\n<!-- \/ Yoast SEO plugin. -->","yoast_head_json":{"title":"Bushmills Single Malt Irish Whiskey 21 Years Old - Alchemy Asia","robots":{"index":"index","follow":"follow","max-snippet":"max-snippet:-1","max-image-preview":"max-image-preview:large","max-video-preview":"max-video-preview:-1"},"canonical":"https:\/\/alchemy-asia.com\/vi\/san-pham\/bushmills-single-malt-irish-whiskey-21-years-old\/","og_locale":"vi_VN","og_type":"article","og_title":"Bushmills Single Malt Irish Whiskey 21 Years Old - Alchemy Asia","og_description":"FINISHED IN MADEIRA CASKS R\u01b0\u1ee3u whisky m\u1ea1ch nha 21 tu\u1ed5i c\u1ee7a Bushmills \u0111\u01b0\u1ee3c \u1ee7 t\u1ed1i thi\u1ec3u 19 n\u0103m trong c\u00e1c th\u00f9ng r\u01b0\u1ee3u Oloroso v\u00e0 r\u01b0\u1ee3u g\u1ed7 s\u1ed3i tr\u01b0\u1edbc, sau \u0111\u00f3 \u0111\u01b0\u1ee3c chuy\u1ec3n sang th\u00f9ng Madeira trong hai n\u0103m n\u1eefa. N\u00f3 c\u00f3 \u0111\u1ed9 \u0111\u1eadm v\u1ecb cao, \u0111an xen h\u01b0\u01a1ng v\u1ecb tr\u00e1i c\u00e2y s\u1ea5y kh\u00f4 v\u1edbi v\u1ecb m\u1ea1ch nha th\u01a1m, cay v\u00e0 h\u01b0\u01a1ng nho kh\u00f4 tinh t\u1ebf. R\u01b0\u1ee3u whisky n\u00e0y ph\u1ea3i lu\u00f4n \u0111\u01b0\u1ee3c ph\u1ee5c v\u1ee5 ngu\u00ean ch\u1ea5t.","og_url":"https:\/\/alchemy-asia.com\/vi\/san-pham\/bushmills-single-malt-irish-whiskey-21-years-old\/","og_site_name":"Alchemy Asia","og_image":[{"width":2100,"height":2100,"url":"https:\/\/alchemy-asia.com\/vi\/wp-content\/uploads\/sites\/3\/2024\/07\/Bushmills-21-YO.png","type":"image\/png"}],"twitter_card":"summary_large_image","twitter_misc":{"\u01af\u1edbc t\u00ednh th\u1eddi gian \u0111\u1ecdc":"1 ph\u00fat"},"schema":{"@context":"https:\/\/schema.org","@graph":[{"@type":"WebPage","@id":"https:\/\/alchemy-asia.com\/vi\/san-pham\/bushmills-single-malt-irish-whiskey-21-years-old\/","url":"https:\/\/alchemy-asia.com\/vi\/san-pham\/bushmills-single-malt-irish-whiskey-21-years-old\/","name":"Bushmills Single Malt Irish Whiskey 21 Years Old - Alchemy Asia","isPartOf":{"@id":"https:\/\/alchemy-asia.com\/vi\/#website"},"primaryImageOfPage":{"@id":"https:\/\/alchemy-asia.com\/vi\/san-pham\/bushmills-single-malt-irish-whiskey-21-years-old\/#primaryimage"},"image":{"@id":"https:\/\/alchemy-asia.com\/vi\/san-pham\/bushmills-single-malt-irish-whiskey-21-years-old\/#primaryimage"},"thumbnailUrl":"https:\/\/alchemy-asia.com\/vi\/wp-content\/uploads\/sites\/3\/2024\/07\/Bushmills-21-YO.png","datePublished":"2024-09-10T08:33:36+00:00","dateModified":"2024-09-10T08:33:36+00:00","breadcrumb":{"@id":"https:\/\/alchemy-asia.com\/vi\/san-pham\/bushmills-single-malt-irish-whiskey-21-years-old\/#breadcrumb"},"inLanguage":"vi","potentialAction":[{"@type":"ReadAction","target":["https:\/\/alchemy-asia.com\/vi\/san-pham\/bushmills-single-malt-irish-whiskey-21-years-old\/"]}]},{"@type":"ImageObject","inLanguage":"vi","@id":"https:\/\/alchemy-asia.com\/vi\/san-pham\/bushmills-single-malt-irish-whiskey-21-years-old\/#primaryimage","url":"https:\/\/alchemy-asia.com\/vi\/wp-content\/uploads\/sites\/3\/2024\/07\/Bushmills-21-YO.png","contentUrl":"https:\/\/alchemy-asia.com\/vi\/wp-content\/uploads\/sites\/3\/2024\/07\/Bushmills-21-YO.png","width":2100,"height":2100,"caption":"Bushmills 21 YO"},{"@type":"BreadcrumbList","@id":"https:\/\/alchemy-asia.com\/vi\/san-pham\/bushmills-single-malt-irish-whiskey-21-years-old\/#breadcrumb","itemListElement":[{"@type":"ListItem","position":1,"name":"Home","item":"https:\/\/alchemy-asia.com\/vi\/"},{"@type":"ListItem","position":2,"name":"Bushmills Single Malt Irish Whiskey 21 Years Old"}]},{"@type":"WebSite","@id":"https:\/\/alchemy-asia.com\/vi\/#website","url":"https:\/\/alchemy-asia.com\/vi\/","name":"Alchemy Asia","description":"Just another Alchemy Asia Sites site","potentialAction":[{"@type":"SearchAction","target":{"@type":"EntryPoint","urlTemplate":"https:\/\/alchemy-asia.com\/vi\/?s={search_term_string}"},"query-input":"required name=search_term_string"}],"inLanguage":"vi"}]}},"_links":{"self":[{"href":"https:\/\/alchemy-asia.com\/vi\/wp-json\/wp\/v2\/product\/8497","targetHints":{"allow":["GET"]}}],"collection":[{"href":"https:\/\/alchemy-asia.com\/vi\/wp-json\/wp\/v2\/product"}],"about":[{"href":"https:\/\/alchemy-asia.com\/vi\/wp-json\/wp\/v2\/types\/product"}],"replies":[{"embeddable":true,"href":"https:\/\/alchemy-asia.com\/vi\/wp-json\/wp\/v2\/comments?post=8497"}],"wp:featuredmedia":[{"embeddable":true,"href":"https:\/\/alchemy-asia.com\/vi\/wp-json\/wp\/v2\/media\/8498"}],"wp:attachment":[{"href":"https:\/\/alchemy-asia.com\/vi\/wp-json\/wp\/v2\/media?parent=8497"}],"wp:term":[{"taxonomy":"product_cat","embeddable":true,"href":"https:\/\/alchemy-asia.com\/vi\/wp-json\/wp\/v2\/product_cat?post=8497"},{"taxonomy":"product_tag","embeddable":true,"href":"https:\/\/alchemy-asia.com\/vi\/wp-json\/wp\/v2\/product_tag?post=8497"}],"curies":[{"name":"wp","href":"https:\/\/api.w.org\/{rel}","templated":true}]}}