{"id":8500,"date":"2024-09-10T08:54:35","date_gmt":"2024-09-10T08:54:35","guid":{"rendered":"https:\/\/alchemy-asia.com\/vi\/?post_type=product&#038;p=8500"},"modified":"2024-09-10T08:54:35","modified_gmt":"2024-09-10T08:54:35","slug":"matsui-whisky-umeshu","status":"publish","type":"product","link":"https:\/\/alchemy-asia.com\/vi\/san-pham\/matsui-whisky-umeshu\/","title":{"rendered":"Matsui Whisky Umeshu"},"content":{"rendered":"","protected":false},"excerpt":{"rendered":"<p>M\u1eadn Nh\u1eadt trong n\u01b0\u1edbc<br \/>\nRich v\u00e0 \u0111\u1ea7y th\u00e2n<br \/>\nM\u1eadt \u0111\u01b0\u1eddng n\u01b0\u1edbng, qu\u1ea3 anh \u0111\u00e0o kh\u00f4<br \/>\nH\u1eadu v\u1ecb tinh t\u1ebf<br \/>\nK\u1ebft th\u00fac d\u00e0i v\u00e0 \u1ea5m \u00e1p<br \/>\nTh\u00edch h\u1ee3p v\u1edbi: N\u01b0\u1edbc\/ \u0110\u00e1\/ N\u01b0\u1edbc x\u00fac x\u00edch<\/p>\n","protected":false},"featured_media":8504,"comment_status":"open","ping_status":"closed","template":"","meta":{"_acf_changed":false},"product_cat":[54],"product_tag":[],"class_list":{"0":"post-8500","1":"product","2":"type-product","3":"status-publish","4":"has-post-thumbnail","6":"product_cat-liqueurs","7":"brand-matsui-whisky","9":"first","10":"instock","11":"shipping-taxable","12":"product-type-simple"},"acf":[],"yoast_head":"<!-- This site is optimized with the Yoast SEO plugin v23.0 - https:\/\/yoast.com\/wordpress\/plugins\/seo\/ -->\n<title>Matsui Whisky Umeshu - Alchemy Asia<\/title>\n<meta name=\"robots\" content=\"index, follow, max-snippet:-1, max-image-preview:large, max-video-preview:-1\" \/>\n<link rel=\"canonical\" href=\"https:\/\/alchemy-asia.com\/vi\/san-pham\/matsui-whisky-umeshu\/\" \/>\n<meta property=\"og:locale\" content=\"vi_VN\" \/>\n<meta property=\"og:type\" content=\"article\" \/>\n<meta property=\"og:title\" content=\"Matsui Whisky Umeshu - Alchemy Asia\" \/>\n<meta property=\"og:description\" content=\"M\u1eadn Nh\u1eadt trong n\u01b0\u1edbc Rich v\u00e0 \u0111\u1ea7y th\u00e2n M\u1eadt \u0111\u01b0\u1eddng n\u01b0\u1edbng, qu\u1ea3 anh \u0111\u00e0o kh\u00f4 H\u1eadu v\u1ecb tinh t\u1ebf K\u1ebft th\u00fac d\u00e0i v\u00e0 \u1ea5m \u00e1p Th\u00edch h\u1ee3p v\u1edbi: N\u01b0\u1edbc\/ \u0110\u00e1\/ N\u01b0\u1edbc x\u00fac x\u00edch\" \/>\n<meta property=\"og:url\" content=\"https:\/\/alchemy-asia.com\/vi\/san-pham\/matsui-whisky-umeshu\/\" \/>\n<meta property=\"og:site_name\" content=\"Alchemy Asia\" \/>\n<meta property=\"og:image\" content=\"https:\/\/alchemy-asia.com\/vi\/wp-content\/uploads\/sites\/3\/2024\/07\/Untitled-1-2.png\" \/>\n\t<meta property=\"og:image:width\" content=\"2000\" \/>\n\t<meta property=\"og:image:height\" content=\"2000\" \/>\n\t<meta property=\"og:image:type\" content=\"image\/png\" \/>\n<meta name=\"twitter:card\" content=\"summary_large_image\" \/>\n<meta name=\"twitter:label1\" content=\"\u01af\u1edbc t\u00ednh th\u1eddi gian \u0111\u1ecdc\" \/>\n\t<meta name=\"twitter:data1\" content=\"1 ph\u00fat\" \/>\n<script type=\"application\/ld+json\" class=\"yoast-schema-graph\">{\"@context\":\"https:\/\/schema.org\",\"@graph\":[{\"@type\":\"WebPage\",\"@id\":\"https:\/\/alchemy-asia.com\/vi\/san-pham\/matsui-whisky-umeshu\/\",\"url\":\"https:\/\/alchemy-asia.com\/vi\/san-pham\/matsui-whisky-umeshu\/\",\"name\":\"Matsui Whisky Umeshu - Alchemy Asia\",\"isPartOf\":{\"@id\":\"https:\/\/alchemy-asia.com\/vi\/#website\"},\"primaryImageOfPage\":{\"@id\":\"https:\/\/alchemy-asia.com\/vi\/san-pham\/matsui-whisky-umeshu\/#primaryimage\"},\"image\":{\"@id\":\"https:\/\/alchemy-asia.com\/vi\/san-pham\/matsui-whisky-umeshu\/#primaryimage\"},\"thumbnailUrl\":\"https:\/\/alchemy-asia.com\/vi\/wp-content\/uploads\/sites\/3\/2024\/07\/Untitled-1-2.png\",\"datePublished\":\"2024-09-10T08:54:35+00:00\",\"dateModified\":\"2024-09-10T08:54:35+00:00\",\"breadcrumb\":{\"@id\":\"https:\/\/alchemy-asia.com\/vi\/san-pham\/matsui-whisky-umeshu\/#breadcrumb\"},\"inLanguage\":\"vi\",\"potentialAction\":[{\"@type\":\"ReadAction\",\"target\":[\"https:\/\/alchemy-asia.com\/vi\/san-pham\/matsui-whisky-umeshu\/\"]}]},{\"@type\":\"ImageObject\",\"inLanguage\":\"vi\",\"@id\":\"https:\/\/alchemy-asia.com\/vi\/san-pham\/matsui-whisky-umeshu\/#primaryimage\",\"url\":\"https:\/\/alchemy-asia.com\/vi\/wp-content\/uploads\/sites\/3\/2024\/07\/Untitled-1-2.png\",\"contentUrl\":\"https:\/\/alchemy-asia.com\/vi\/wp-content\/uploads\/sites\/3\/2024\/07\/Untitled-1-2.png\",\"width\":2000,\"height\":2000,\"caption\":\"Matsui Whisky Umeshu\"},{\"@type\":\"BreadcrumbList\",\"@id\":\"https:\/\/alchemy-asia.com\/vi\/san-pham\/matsui-whisky-umeshu\/#breadcrumb\",\"itemListElement\":[{\"@type\":\"ListItem\",\"position\":1,\"name\":\"Home\",\"item\":\"https:\/\/alchemy-asia.com\/vi\/\"},{\"@type\":\"ListItem\",\"position\":2,\"name\":\"Matsui Whisky Umeshu\"}]},{\"@type\":\"WebSite\",\"@id\":\"https:\/\/alchemy-asia.com\/vi\/#website\",\"url\":\"https:\/\/alchemy-asia.com\/vi\/\",\"name\":\"Alchemy Asia\",\"description\":\"Just another Alchemy Asia Sites site\",\"potentialAction\":[{\"@type\":\"SearchAction\",\"target\":{\"@type\":\"EntryPoint\",\"urlTemplate\":\"https:\/\/alchemy-asia.com\/vi\/?s={search_term_string}\"},\"query-input\":\"required name=search_term_string\"}],\"inLanguage\":\"vi\"}]}<\/script>\n<!-- \/ Yoast SEO plugin. -->","yoast_head_json":{"title":"Matsui Whisky Umeshu - Alchemy Asia","robots":{"index":"index","follow":"follow","max-snippet":"max-snippet:-1","max-image-preview":"max-image-preview:large","max-video-preview":"max-video-preview:-1"},"canonical":"https:\/\/alchemy-asia.com\/vi\/san-pham\/matsui-whisky-umeshu\/","og_locale":"vi_VN","og_type":"article","og_title":"Matsui Whisky Umeshu - Alchemy Asia","og_description":"M\u1eadn Nh\u1eadt trong n\u01b0\u1edbc Rich v\u00e0 \u0111\u1ea7y th\u00e2n M\u1eadt \u0111\u01b0\u1eddng n\u01b0\u1edbng, qu\u1ea3 anh \u0111\u00e0o kh\u00f4 H\u1eadu v\u1ecb tinh t\u1ebf K\u1ebft th\u00fac d\u00e0i v\u00e0 \u1ea5m \u00e1p Th\u00edch h\u1ee3p v\u1edbi: N\u01b0\u1edbc\/ \u0110\u00e1\/ N\u01b0\u1edbc x\u00fac x\u00edch","og_url":"https:\/\/alchemy-asia.com\/vi\/san-pham\/matsui-whisky-umeshu\/","og_site_name":"Alchemy Asia","og_image":[{"width":2000,"height":2000,"url":"https:\/\/alchemy-asia.com\/vi\/wp-content\/uploads\/sites\/3\/2024\/07\/Untitled-1-2.png","type":"image\/png"}],"twitter_card":"summary_large_image","twitter_misc":{"\u01af\u1edbc t\u00ednh th\u1eddi gian \u0111\u1ecdc":"1 ph\u00fat"},"schema":{"@context":"https:\/\/schema.org","@graph":[{"@type":"WebPage","@id":"https:\/\/alchemy-asia.com\/vi\/san-pham\/matsui-whisky-umeshu\/","url":"https:\/\/alchemy-asia.com\/vi\/san-pham\/matsui-whisky-umeshu\/","name":"Matsui Whisky Umeshu - Alchemy Asia","isPartOf":{"@id":"https:\/\/alchemy-asia.com\/vi\/#website"},"primaryImageOfPage":{"@id":"https:\/\/alchemy-asia.com\/vi\/san-pham\/matsui-whisky-umeshu\/#primaryimage"},"image":{"@id":"https:\/\/alchemy-asia.com\/vi\/san-pham\/matsui-whisky-umeshu\/#primaryimage"},"thumbnailUrl":"https:\/\/alchemy-asia.com\/vi\/wp-content\/uploads\/sites\/3\/2024\/07\/Untitled-1-2.png","datePublished":"2024-09-10T08:54:35+00:00","dateModified":"2024-09-10T08:54:35+00:00","breadcrumb":{"@id":"https:\/\/alchemy-asia.com\/vi\/san-pham\/matsui-whisky-umeshu\/#breadcrumb"},"inLanguage":"vi","potentialAction":[{"@type":"ReadAction","target":["https:\/\/alchemy-asia.com\/vi\/san-pham\/matsui-whisky-umeshu\/"]}]},{"@type":"ImageObject","inLanguage":"vi","@id":"https:\/\/alchemy-asia.com\/vi\/san-pham\/matsui-whisky-umeshu\/#primaryimage","url":"https:\/\/alchemy-asia.com\/vi\/wp-content\/uploads\/sites\/3\/2024\/07\/Untitled-1-2.png","contentUrl":"https:\/\/alchemy-asia.com\/vi\/wp-content\/uploads\/sites\/3\/2024\/07\/Untitled-1-2.png","width":2000,"height":2000,"caption":"Matsui Whisky Umeshu"},{"@type":"BreadcrumbList","@id":"https:\/\/alchemy-asia.com\/vi\/san-pham\/matsui-whisky-umeshu\/#breadcrumb","itemListElement":[{"@type":"ListItem","position":1,"name":"Home","item":"https:\/\/alchemy-asia.com\/vi\/"},{"@type":"ListItem","position":2,"name":"Matsui Whisky Umeshu"}]},{"@type":"WebSite","@id":"https:\/\/alchemy-asia.com\/vi\/#website","url":"https:\/\/alchemy-asia.com\/vi\/","name":"Alchemy Asia","description":"Just another Alchemy Asia Sites site","potentialAction":[{"@type":"SearchAction","target":{"@type":"EntryPoint","urlTemplate":"https:\/\/alchemy-asia.com\/vi\/?s={search_term_string}"},"query-input":"required name=search_term_string"}],"inLanguage":"vi"}]}},"_links":{"self":[{"href":"https:\/\/alchemy-asia.com\/vi\/wp-json\/wp\/v2\/product\/8500","targetHints":{"allow":["GET"]}}],"collection":[{"href":"https:\/\/alchemy-asia.com\/vi\/wp-json\/wp\/v2\/product"}],"about":[{"href":"https:\/\/alchemy-asia.com\/vi\/wp-json\/wp\/v2\/types\/product"}],"replies":[{"embeddable":true,"href":"https:\/\/alchemy-asia.com\/vi\/wp-json\/wp\/v2\/comments?post=8500"}],"wp:featuredmedia":[{"embeddable":true,"href":"https:\/\/alchemy-asia.com\/vi\/wp-json\/wp\/v2\/media\/8504"}],"wp:attachment":[{"href":"https:\/\/alchemy-asia.com\/vi\/wp-json\/wp\/v2\/media?parent=8500"}],"wp:term":[{"taxonomy":"product_cat","embeddable":true,"href":"https:\/\/alchemy-asia.com\/vi\/wp-json\/wp\/v2\/product_cat?post=8500"},{"taxonomy":"product_tag","embeddable":true,"href":"https:\/\/alchemy-asia.com\/vi\/wp-json\/wp\/v2\/product_tag?post=8500"}],"curies":[{"name":"wp","href":"https:\/\/api.w.org\/{rel}","templated":true}]}}