{"id":8501,"date":"2024-09-10T08:33:34","date_gmt":"2024-09-10T08:33:34","guid":{"rendered":"https:\/\/alchemy-asia.com\/vi\/?post_type=product&#038;p=8501"},"modified":"2024-09-10T08:33:34","modified_gmt":"2024-09-10T08:33:34","slug":"bushmills-single-malt-irish-whiskey-aged-25-years","status":"publish","type":"product","link":"https:\/\/alchemy-asia.com\/vi\/san-pham\/bushmills-single-malt-irish-whiskey-aged-25-years\/","title":{"rendered":"Bushmills Single Malt Irish Whiskey Aged 25 Years"},"content":{"rendered":"","protected":false},"excerpt":{"rendered":"<p><span data-sheets-root=\"1\" data-sheets-value=\"{&quot;1&quot;:2,&quot;2&quot;:&quot;Bushmills 25 n\u0103m tu\u1ed5i \u0111\u01b0\u1ee3c \u1ee7 ch\u00edn m\u1ed9t c\u00e1ch k\u1ef9 l\u01b0\u1ee1ng trong th\u00f9ng g\u1ed7 s\u1ed3i trong su\u1ed1t g\u1ea7n s\u00e1u n\u0103m tr\u01b0\u1edbc khi \u0111\u01b0\u1ee3c \u0111\u1ed5 v\u00e0o c\u00e1c \u1ed1ng ruby trong v\u00f2ng 21 n\u0103m \u0111\u1ec3 t\u1ea1o ra nhi\u1ec1u t\u1ea7ng h\u01b0\u01a1ng v\u1ecb tr\u00e1i c\u00e2y th\u01b0\u1ee3ng h\u1ea1ng.\\nNh\u1eefng \u1ed1ng t\u1ea9u b\u1eb1ng g\u1ed7 s\u1ed3i n\u00e0y c\u00f3 ngu\u1ed3n g\u1ed1c t\u1eeb m\u1ed9t x\u01b0\u1edfng \u0111\u00f3ng th\u00f9ng gia \u0111\u00ecnh c\u00f3 k\u1ef9 thu\u1eadt kh\u00f4ng th\u1ec3 ch\u00ea v\u00e0o \u0111\u00e2u \u0111\u01b0\u1ee3c, ch\u00fang \u0111\u01b0\u1ee3c ch\u1ebf t\u00e1c th\u1ee7 c\u00f4ng m\u1ed9t c\u00e1ch chuy\u00ean nghi\u1ec7p b\u1edfi nh\u1eefng ng\u01b0\u1eddi th\u1ee3 \u0111\u00f3ng th\u00f9ng gi\u1ecfi nh\u1ea5t \u1edf \u0111\u00e2y. Ch\u00fang \u0111\u01b0\u1ee3c l\u00e0m t\u1eeb g\u1ed7 s\u1ed3i ch\u00e2u \u00c2u x\u1ecbn nh\u1ea5t \u0111\u1ec3 \u0111\u1ea3m b\u1ea3o \u0111\u01b0\u1ee3c s\u1ef1 c\u1ecd s\u00e1t gi\u1eefa g\u1ed7 v\u00e0 r\u01b0\u1ee3u whisky t\u1ed1t nh\u1ea5t c\u00f3 th\u1ec3.&quot;}\" data-sheets-userformat=\"{&quot;2&quot;:1057789,&quot;3&quot;:{&quot;1&quot;:0},&quot;5&quot;:{&quot;1&quot;:[{&quot;1&quot;:2,&quot;2&quot;:0,&quot;5&quot;:{&quot;1&quot;:2,&quot;2&quot;:0}},{&quot;1&quot;:0,&quot;2&quot;:0,&quot;3&quot;:3},{&quot;1&quot;:1,&quot;2&quot;:0,&quot;4&quot;:1}]},&quot;6&quot;:{&quot;1&quot;:[{&quot;1&quot;:2,&quot;2&quot;:0,&quot;5&quot;:{&quot;1&quot;:2,&quot;2&quot;:0}},{&quot;1&quot;:0,&quot;2&quot;:0,&quot;3&quot;:3},{&quot;1&quot;:1,&quot;2&quot;:0,&quot;4&quot;:1}]},&quot;7&quot;:{&quot;1&quot;:[{&quot;1&quot;:2,&quot;2&quot;:0,&quot;5&quot;:{&quot;1&quot;:2,&quot;2&quot;:0}},{&quot;1&quot;:0,&quot;2&quot;:0,&quot;3&quot;:3},{&quot;1&quot;:1,&quot;2&quot;:0,&quot;4&quot;:1}]},&quot;8&quot;:{&quot;1&quot;:[{&quot;1&quot;:2,&quot;2&quot;:0,&quot;5&quot;:{&quot;1&quot;:2,&quot;2&quot;:0}},{&quot;1&quot;:0,&quot;2&quot;:0,&quot;3&quot;:3},{&quot;1&quot;:1,&quot;2&quot;:0,&quot;4&quot;:1}]},&quot;9&quot;:0,&quot;10&quot;:1,&quot;11&quot;:4,&quot;12&quot;:0,&quot;16&quot;:12,&quot;23&quot;:1}\">Bushmills 25 n\u0103m tu\u1ed5i \u0111\u01b0\u1ee3c \u1ee7 ch\u00edn m\u1ed9t c\u00e1ch k\u1ef9 l\u01b0\u1ee1ng trong th\u00f9ng g\u1ed7 s\u1ed3i trong su\u1ed1t g\u1ea7n s\u00e1u n\u0103m tr\u01b0\u1edbc khi \u0111\u01b0\u1ee3c \u0111\u1ed5 v\u00e0o c\u00e1c \u1ed1ng ruby trong v\u00f2ng 21 n\u0103m \u0111\u1ec3 t\u1ea1o ra nhi\u1ec1u t\u1ea7ng h\u01b0\u01a1ng v\u1ecb tr\u00e1i c\u00e2y th\u01b0\u1ee3ng h\u1ea1ng.<br \/>\nNh\u1eefng \u1ed1ng t\u1ea9u b\u1eb1ng g\u1ed7 s\u1ed3i n\u00e0y c\u00f3 ngu\u1ed3n g\u1ed1c t\u1eeb m\u1ed9t x\u01b0\u1edfng \u0111\u00f3ng th\u00f9ng gia \u0111\u00ecnh c\u00f3 k\u1ef9 thu\u1eadt kh\u00f4ng th\u1ec3 ch\u00ea v\u00e0o \u0111\u00e2u \u0111\u01b0\u1ee3c, ch\u00fang \u0111\u01b0\u1ee3c ch\u1ebf t\u00e1c th\u1ee7 c\u00f4ng m\u1ed9t c\u00e1ch chuy\u00ean nghi\u1ec7p b\u1edfi nh\u1eefng ng\u01b0\u1eddi th\u1ee3 \u0111\u00f3ng th\u00f9ng gi\u1ecfi nh\u1ea5t \u1edf \u0111\u00e2y. Ch\u00fang \u0111\u01b0\u1ee3c l\u00e0m t\u1eeb g\u1ed7 s\u1ed3i ch\u00e2u \u00c2u x\u1ecbn nh\u1ea5t \u0111\u1ec3 \u0111\u1ea3m b\u1ea3o \u0111\u01b0\u1ee3c s\u1ef1 c\u1ecd s\u00e1t gi\u1eefa g\u1ed7 v\u00e0 r\u01b0\u1ee3u whisky t\u1ed1t nh\u1ea5t c\u00f3 th\u1ec3.<\/span><\/p>\n","protected":false},"featured_media":8502,"comment_status":"open","ping_status":"closed","template":"","meta":{"_acf_changed":false},"product_cat":[68],"product_tag":[],"class_list":{"0":"post-8501","1":"product","2":"type-product","3":"status-publish","4":"has-post-thumbnail","6":"product_cat-irish-whiskey-single-malt","7":"brand-bushmills","9":"first","10":"instock","11":"shipping-taxable","12":"product-type-simple"},"acf":[],"yoast_head":"<!-- This site is optimized with the Yoast SEO plugin v23.0 - https:\/\/yoast.com\/wordpress\/plugins\/seo\/ -->\n<title>Bushmills Single Malt Irish Whiskey Aged 25 Years - Alchemy Asia<\/title>\n<meta name=\"robots\" content=\"index, follow, max-snippet:-1, max-image-preview:large, max-video-preview:-1\" \/>\n<link rel=\"canonical\" href=\"https:\/\/alchemy-asia.com\/vi\/san-pham\/bushmills-single-malt-irish-whiskey-aged-25-years\/\" \/>\n<meta property=\"og:locale\" content=\"vi_VN\" \/>\n<meta property=\"og:type\" content=\"article\" \/>\n<meta property=\"og:title\" content=\"Bushmills Single Malt Irish Whiskey Aged 25 Years - Alchemy Asia\" \/>\n<meta property=\"og:description\" content=\"Bushmills 25 n\u0103m tu\u1ed5i \u0111\u01b0\u1ee3c \u1ee7 ch\u00edn m\u1ed9t c\u00e1ch k\u1ef9 l\u01b0\u1ee1ng trong th\u00f9ng g\u1ed7 s\u1ed3i trong su\u1ed1t g\u1ea7n s\u00e1u n\u0103m tr\u01b0\u1edbc khi \u0111\u01b0\u1ee3c \u0111\u1ed5 v\u00e0o c\u00e1c \u1ed1ng ruby trong v\u00f2ng 21 n\u0103m \u0111\u1ec3 t\u1ea1o ra nhi\u1ec1u t\u1ea7ng h\u01b0\u01a1ng v\u1ecb tr\u00e1i c\u00e2y th\u01b0\u1ee3ng h\u1ea1ng. Nh\u1eefng \u1ed1ng t\u1ea9u b\u1eb1ng g\u1ed7 s\u1ed3i n\u00e0y c\u00f3 ngu\u1ed3n g\u1ed1c t\u1eeb m\u1ed9t x\u01b0\u1edfng \u0111\u00f3ng th\u00f9ng gia \u0111\u00ecnh c\u00f3 k\u1ef9 thu\u1eadt kh\u00f4ng th\u1ec3 ch\u00ea v\u00e0o \u0111\u00e2u \u0111\u01b0\u1ee3c, ch\u00fang \u0111\u01b0\u1ee3c ch\u1ebf t\u00e1c th\u1ee7 c\u00f4ng m\u1ed9t c\u00e1ch chuy\u00ean nghi\u1ec7p b\u1edfi nh\u1eefng ng\u01b0\u1eddi th\u1ee3 \u0111\u00f3ng th\u00f9ng gi\u1ecfi nh\u1ea5t \u1edf \u0111\u00e2y. Ch\u00fang \u0111\u01b0\u1ee3c l\u00e0m t\u1eeb g\u1ed7 s\u1ed3i ch\u00e2u \u00c2u x\u1ecbn nh\u1ea5t \u0111\u1ec3 \u0111\u1ea3m b\u1ea3o \u0111\u01b0\u1ee3c s\u1ef1 c\u1ecd s\u00e1t gi\u1eefa g\u1ed7 v\u00e0 r\u01b0\u1ee3u whisky t\u1ed1t nh\u1ea5t c\u00f3 th\u1ec3.\" \/>\n<meta property=\"og:url\" content=\"https:\/\/alchemy-asia.com\/vi\/san-pham\/bushmills-single-malt-irish-whiskey-aged-25-years\/\" \/>\n<meta property=\"og:site_name\" content=\"Alchemy Asia\" \/>\n<meta property=\"og:image\" content=\"https:\/\/alchemy-asia.com\/vi\/wp-content\/uploads\/sites\/3\/2024\/07\/Bushmills-Single-Malt-Irish-Whiskey-Aged-25-Years-1024x1024.png\" \/>\n\t<meta property=\"og:image:width\" content=\"1024\" \/>\n\t<meta property=\"og:image:height\" content=\"1024\" \/>\n\t<meta property=\"og:image:type\" content=\"image\/png\" \/>\n<meta name=\"twitter:card\" content=\"summary_large_image\" \/>\n<meta name=\"twitter:label1\" content=\"\u01af\u1edbc t\u00ednh th\u1eddi gian \u0111\u1ecdc\" \/>\n\t<meta name=\"twitter:data1\" content=\"1 ph\u00fat\" \/>\n<script type=\"application\/ld+json\" class=\"yoast-schema-graph\">{\"@context\":\"https:\/\/schema.org\",\"@graph\":[{\"@type\":\"WebPage\",\"@id\":\"https:\/\/alchemy-asia.com\/vi\/san-pham\/bushmills-single-malt-irish-whiskey-aged-25-years\/\",\"url\":\"https:\/\/alchemy-asia.com\/vi\/san-pham\/bushmills-single-malt-irish-whiskey-aged-25-years\/\",\"name\":\"Bushmills Single Malt Irish Whiskey Aged 25 Years - Alchemy Asia\",\"isPartOf\":{\"@id\":\"https:\/\/alchemy-asia.com\/vi\/#website\"},\"primaryImageOfPage\":{\"@id\":\"https:\/\/alchemy-asia.com\/vi\/san-pham\/bushmills-single-malt-irish-whiskey-aged-25-years\/#primaryimage\"},\"image\":{\"@id\":\"https:\/\/alchemy-asia.com\/vi\/san-pham\/bushmills-single-malt-irish-whiskey-aged-25-years\/#primaryimage\"},\"thumbnailUrl\":\"https:\/\/alchemy-asia.com\/vi\/wp-content\/uploads\/sites\/3\/2024\/07\/Bushmills-Single-Malt-Irish-Whiskey-Aged-25-Years.png\",\"datePublished\":\"2024-09-10T08:33:34+00:00\",\"dateModified\":\"2024-09-10T08:33:34+00:00\",\"breadcrumb\":{\"@id\":\"https:\/\/alchemy-asia.com\/vi\/san-pham\/bushmills-single-malt-irish-whiskey-aged-25-years\/#breadcrumb\"},\"inLanguage\":\"vi\",\"potentialAction\":[{\"@type\":\"ReadAction\",\"target\":[\"https:\/\/alchemy-asia.com\/vi\/san-pham\/bushmills-single-malt-irish-whiskey-aged-25-years\/\"]}]},{\"@type\":\"ImageObject\",\"inLanguage\":\"vi\",\"@id\":\"https:\/\/alchemy-asia.com\/vi\/san-pham\/bushmills-single-malt-irish-whiskey-aged-25-years\/#primaryimage\",\"url\":\"https:\/\/alchemy-asia.com\/vi\/wp-content\/uploads\/sites\/3\/2024\/07\/Bushmills-Single-Malt-Irish-Whiskey-Aged-25-Years.png\",\"contentUrl\":\"https:\/\/alchemy-asia.com\/vi\/wp-content\/uploads\/sites\/3\/2024\/07\/Bushmills-Single-Malt-Irish-Whiskey-Aged-25-Years.png\",\"width\":2100,\"height\":2100,\"caption\":\"Bushmills-Single-Malt-Irish-Whiskey-Aged-25-Years.\"},{\"@type\":\"BreadcrumbList\",\"@id\":\"https:\/\/alchemy-asia.com\/vi\/san-pham\/bushmills-single-malt-irish-whiskey-aged-25-years\/#breadcrumb\",\"itemListElement\":[{\"@type\":\"ListItem\",\"position\":1,\"name\":\"Home\",\"item\":\"https:\/\/alchemy-asia.com\/vi\/\"},{\"@type\":\"ListItem\",\"position\":2,\"name\":\"Bushmills Single Malt Irish Whiskey Aged 25 Years\"}]},{\"@type\":\"WebSite\",\"@id\":\"https:\/\/alchemy-asia.com\/vi\/#website\",\"url\":\"https:\/\/alchemy-asia.com\/vi\/\",\"name\":\"Alchemy Asia\",\"description\":\"Just another Alchemy Asia Sites site\",\"potentialAction\":[{\"@type\":\"SearchAction\",\"target\":{\"@type\":\"EntryPoint\",\"urlTemplate\":\"https:\/\/alchemy-asia.com\/vi\/?s={search_term_string}\"},\"query-input\":\"required name=search_term_string\"}],\"inLanguage\":\"vi\"}]}<\/script>\n<!-- \/ Yoast SEO plugin. -->","yoast_head_json":{"title":"Bushmills Single Malt Irish Whiskey Aged 25 Years - Alchemy Asia","robots":{"index":"index","follow":"follow","max-snippet":"max-snippet:-1","max-image-preview":"max-image-preview:large","max-video-preview":"max-video-preview:-1"},"canonical":"https:\/\/alchemy-asia.com\/vi\/san-pham\/bushmills-single-malt-irish-whiskey-aged-25-years\/","og_locale":"vi_VN","og_type":"article","og_title":"Bushmills Single Malt Irish Whiskey Aged 25 Years - Alchemy Asia","og_description":"Bushmills 25 n\u0103m tu\u1ed5i \u0111\u01b0\u1ee3c \u1ee7 ch\u00edn m\u1ed9t c\u00e1ch k\u1ef9 l\u01b0\u1ee1ng trong th\u00f9ng g\u1ed7 s\u1ed3i trong su\u1ed1t g\u1ea7n s\u00e1u n\u0103m tr\u01b0\u1edbc khi \u0111\u01b0\u1ee3c \u0111\u1ed5 v\u00e0o c\u00e1c \u1ed1ng ruby trong v\u00f2ng 21 n\u0103m \u0111\u1ec3 t\u1ea1o ra nhi\u1ec1u t\u1ea7ng h\u01b0\u01a1ng v\u1ecb tr\u00e1i c\u00e2y th\u01b0\u1ee3ng h\u1ea1ng. Nh\u1eefng \u1ed1ng t\u1ea9u b\u1eb1ng g\u1ed7 s\u1ed3i n\u00e0y c\u00f3 ngu\u1ed3n g\u1ed1c t\u1eeb m\u1ed9t x\u01b0\u1edfng \u0111\u00f3ng th\u00f9ng gia \u0111\u00ecnh c\u00f3 k\u1ef9 thu\u1eadt kh\u00f4ng th\u1ec3 ch\u00ea v\u00e0o \u0111\u00e2u \u0111\u01b0\u1ee3c, ch\u00fang \u0111\u01b0\u1ee3c ch\u1ebf t\u00e1c th\u1ee7 c\u00f4ng m\u1ed9t c\u00e1ch chuy\u00ean nghi\u1ec7p b\u1edfi nh\u1eefng ng\u01b0\u1eddi th\u1ee3 \u0111\u00f3ng th\u00f9ng gi\u1ecfi nh\u1ea5t \u1edf \u0111\u00e2y. Ch\u00fang \u0111\u01b0\u1ee3c l\u00e0m t\u1eeb g\u1ed7 s\u1ed3i ch\u00e2u \u00c2u x\u1ecbn nh\u1ea5t \u0111\u1ec3 \u0111\u1ea3m b\u1ea3o \u0111\u01b0\u1ee3c s\u1ef1 c\u1ecd s\u00e1t gi\u1eefa g\u1ed7 v\u00e0 r\u01b0\u1ee3u whisky t\u1ed1t nh\u1ea5t c\u00f3 th\u1ec3.","og_url":"https:\/\/alchemy-asia.com\/vi\/san-pham\/bushmills-single-malt-irish-whiskey-aged-25-years\/","og_site_name":"Alchemy Asia","og_image":[{"width":1024,"height":1024,"url":"https:\/\/alchemy-asia.com\/vi\/wp-content\/uploads\/sites\/3\/2024\/07\/Bushmills-Single-Malt-Irish-Whiskey-Aged-25-Years-1024x1024.png","type":"image\/png"}],"twitter_card":"summary_large_image","twitter_misc":{"\u01af\u1edbc t\u00ednh th\u1eddi gian \u0111\u1ecdc":"1 ph\u00fat"},"schema":{"@context":"https:\/\/schema.org","@graph":[{"@type":"WebPage","@id":"https:\/\/alchemy-asia.com\/vi\/san-pham\/bushmills-single-malt-irish-whiskey-aged-25-years\/","url":"https:\/\/alchemy-asia.com\/vi\/san-pham\/bushmills-single-malt-irish-whiskey-aged-25-years\/","name":"Bushmills Single Malt Irish Whiskey Aged 25 Years - Alchemy Asia","isPartOf":{"@id":"https:\/\/alchemy-asia.com\/vi\/#website"},"primaryImageOfPage":{"@id":"https:\/\/alchemy-asia.com\/vi\/san-pham\/bushmills-single-malt-irish-whiskey-aged-25-years\/#primaryimage"},"image":{"@id":"https:\/\/alchemy-asia.com\/vi\/san-pham\/bushmills-single-malt-irish-whiskey-aged-25-years\/#primaryimage"},"thumbnailUrl":"https:\/\/alchemy-asia.com\/vi\/wp-content\/uploads\/sites\/3\/2024\/07\/Bushmills-Single-Malt-Irish-Whiskey-Aged-25-Years.png","datePublished":"2024-09-10T08:33:34+00:00","dateModified":"2024-09-10T08:33:34+00:00","breadcrumb":{"@id":"https:\/\/alchemy-asia.com\/vi\/san-pham\/bushmills-single-malt-irish-whiskey-aged-25-years\/#breadcrumb"},"inLanguage":"vi","potentialAction":[{"@type":"ReadAction","target":["https:\/\/alchemy-asia.com\/vi\/san-pham\/bushmills-single-malt-irish-whiskey-aged-25-years\/"]}]},{"@type":"ImageObject","inLanguage":"vi","@id":"https:\/\/alchemy-asia.com\/vi\/san-pham\/bushmills-single-malt-irish-whiskey-aged-25-years\/#primaryimage","url":"https:\/\/alchemy-asia.com\/vi\/wp-content\/uploads\/sites\/3\/2024\/07\/Bushmills-Single-Malt-Irish-Whiskey-Aged-25-Years.png","contentUrl":"https:\/\/alchemy-asia.com\/vi\/wp-content\/uploads\/sites\/3\/2024\/07\/Bushmills-Single-Malt-Irish-Whiskey-Aged-25-Years.png","width":2100,"height":2100,"caption":"Bushmills-Single-Malt-Irish-Whiskey-Aged-25-Years."},{"@type":"BreadcrumbList","@id":"https:\/\/alchemy-asia.com\/vi\/san-pham\/bushmills-single-malt-irish-whiskey-aged-25-years\/#breadcrumb","itemListElement":[{"@type":"ListItem","position":1,"name":"Home","item":"https:\/\/alchemy-asia.com\/vi\/"},{"@type":"ListItem","position":2,"name":"Bushmills Single Malt Irish Whiskey Aged 25 Years"}]},{"@type":"WebSite","@id":"https:\/\/alchemy-asia.com\/vi\/#website","url":"https:\/\/alchemy-asia.com\/vi\/","name":"Alchemy Asia","description":"Just another Alchemy Asia Sites site","potentialAction":[{"@type":"SearchAction","target":{"@type":"EntryPoint","urlTemplate":"https:\/\/alchemy-asia.com\/vi\/?s={search_term_string}"},"query-input":"required name=search_term_string"}],"inLanguage":"vi"}]}},"_links":{"self":[{"href":"https:\/\/alchemy-asia.com\/vi\/wp-json\/wp\/v2\/product\/8501","targetHints":{"allow":["GET"]}}],"collection":[{"href":"https:\/\/alchemy-asia.com\/vi\/wp-json\/wp\/v2\/product"}],"about":[{"href":"https:\/\/alchemy-asia.com\/vi\/wp-json\/wp\/v2\/types\/product"}],"replies":[{"embeddable":true,"href":"https:\/\/alchemy-asia.com\/vi\/wp-json\/wp\/v2\/comments?post=8501"}],"wp:featuredmedia":[{"embeddable":true,"href":"https:\/\/alchemy-asia.com\/vi\/wp-json\/wp\/v2\/media\/8502"}],"wp:attachment":[{"href":"https:\/\/alchemy-asia.com\/vi\/wp-json\/wp\/v2\/media?parent=8501"}],"wp:term":[{"taxonomy":"product_cat","embeddable":true,"href":"https:\/\/alchemy-asia.com\/vi\/wp-json\/wp\/v2\/product_cat?post=8501"},{"taxonomy":"product_tag","embeddable":true,"href":"https:\/\/alchemy-asia.com\/vi\/wp-json\/wp\/v2\/product_tag?post=8501"}],"curies":[{"name":"wp","href":"https:\/\/api.w.org\/{rel}","templated":true}]}}