{"id":8503,"date":"2024-09-10T08:33:33","date_gmt":"2024-09-10T08:33:33","guid":{"rendered":"https:\/\/alchemy-asia.com\/vi\/?post_type=product&#038;p=8503"},"modified":"2024-09-10T08:33:33","modified_gmt":"2024-09-10T08:33:33","slug":"bushmills-single-malt-irish-whiskey-aged-30-years","status":"publish","type":"product","link":"https:\/\/alchemy-asia.com\/vi\/san-pham\/bushmills-single-malt-irish-whiskey-aged-30-years\/","title":{"rendered":"Bushmills Single Malt Irish Whiskey Aged 30 Years"},"content":{"rendered":"","protected":false},"excerpt":{"rendered":"<p><span data-sheets-root=\"1\" data-sheets-value=\"{&quot;1&quot;:2,&quot;2&quot;:&quot;Bushmills 30 n\u0103m tu\u1ed5i \u0111\u01b0\u1ee3c \u1ee7 ch\u00edn m\u1ed9t c\u00e1ch k\u1ef9 l\u01b0\u1ee1ng trong th\u00f9ng r\u01b0\u1ee3u g\u1ed7 s\u1ed3i trong v\u00f2ng 14 n\u0103m tr\u01b0\u1edbc khi \u0111\u01b0\u1ee3c ho\u00e0n thi\u1ec7n trong th\u00f9ng r\u01b0\u1ee3u Pedro Xim\u00e9nez 16 n\u0103m sau \u0111\u00f3 \u0111\u1ec3 mang \u0111\u1ebfn cho nhi\u1ec1u t\u1ea7ng h\u01b0\u01a1ng v\u1ecb tr\u00e1i c\u00e2y s\u1ea5y kh\u00f4 m\u1ed9t c\u00e1ch \u0111\u1eadm \u0111\u00e0 v\u00e0 trang nh\u00e3.\\nPedro Xim\u00e9nez l\u00e0 m\u1ed9t lo\u1ea1i r\u01b0\u1ee3u ng\u1ecdt ng\u00e0o \u0111\u1eadm \u0111\u1eb7c c\u1ee7a T\u00e2y Ban Nha \u0111\u01b0\u1ee3c l\u00e0m t\u1eeb nho tr\u1eafng. N\u00f3 ch\u1ec9 \u0111\u01b0\u1ee3c s\u1ea3n xu\u1ea5t \u1edf nh\u1eefng khu v\u1ef1c c\u1ee5 th\u1ec3 gi\u1edbi h\u1ea1n, \u0111i\u1ec1u khi\u1ebfn cho n\u00f3 \u0111\u01b0\u1ee3c s\u0103n \u0111\u00f3n m\u1ed9t c\u00e1ch \u0111\u00e1ng kinh ng\u1ea1c. Ba m\u01b0\u01a1i n\u0103m tr\u01b0\u1edbc, c\u0169ng nh\u01b0 cho \u0111\u1ebfn ng\u00e0y nay, ch\u00fang t\u00f4i \u0111\u00e3 x\u00e1c \u0111\u1ecbnh \u0111\u01b0\u1ee3c ch\u00ednh x\u00e1c ph\u00e2n lo\u1ea1i, \u0111\u1ed9 m\u1ea1nh v\u00e0 m\u00e0u s\u1eafc c\u1ee7a r\u01b0\u1ee3u Pedro Xim\u00e9nez m\u00e0 ch\u00fang t\u00f4i mu\u1ed1n \u1ee7 trong c\u00e1c th\u00f9ng g\u1ed7 s\u1ed3i th\u1ee7 c\u00f4ng c\u1ee7a m\u00ecnh.&quot;}\" data-sheets-userformat=\"{&quot;2&quot;:1057789,&quot;3&quot;:{&quot;1&quot;:0},&quot;5&quot;:{&quot;1&quot;:[{&quot;1&quot;:2,&quot;2&quot;:0,&quot;5&quot;:{&quot;1&quot;:2,&quot;2&quot;:0}},{&quot;1&quot;:0,&quot;2&quot;:0,&quot;3&quot;:3},{&quot;1&quot;:1,&quot;2&quot;:0,&quot;4&quot;:1}]},&quot;6&quot;:{&quot;1&quot;:[{&quot;1&quot;:2,&quot;2&quot;:0,&quot;5&quot;:{&quot;1&quot;:2,&quot;2&quot;:0}},{&quot;1&quot;:0,&quot;2&quot;:0,&quot;3&quot;:3},{&quot;1&quot;:1,&quot;2&quot;:0,&quot;4&quot;:1}]},&quot;7&quot;:{&quot;1&quot;:[{&quot;1&quot;:2,&quot;2&quot;:0,&quot;5&quot;:{&quot;1&quot;:2,&quot;2&quot;:0}},{&quot;1&quot;:0,&quot;2&quot;:0,&quot;3&quot;:3},{&quot;1&quot;:1,&quot;2&quot;:0,&quot;4&quot;:1}]},&quot;8&quot;:{&quot;1&quot;:[{&quot;1&quot;:2,&quot;2&quot;:0,&quot;5&quot;:{&quot;1&quot;:2,&quot;2&quot;:0}},{&quot;1&quot;:0,&quot;2&quot;:0,&quot;3&quot;:3},{&quot;1&quot;:1,&quot;2&quot;:0,&quot;4&quot;:1}]},&quot;9&quot;:0,&quot;10&quot;:1,&quot;11&quot;:4,&quot;12&quot;:0,&quot;16&quot;:12,&quot;23&quot;:1}\">Bushmills 30 n\u0103m tu\u1ed5i \u0111\u01b0\u1ee3c \u1ee7 ch\u00edn m\u1ed9t c\u00e1ch k\u1ef9 l\u01b0\u1ee1ng trong th\u00f9ng r\u01b0\u1ee3u g\u1ed7 s\u1ed3i trong v\u00f2ng 14 n\u0103m tr\u01b0\u1edbc khi \u0111\u01b0\u1ee3c ho\u00e0n thi\u1ec7n trong th\u00f9ng r\u01b0\u1ee3u Pedro Xim\u00e9nez 16 n\u0103m sau \u0111\u00f3 \u0111\u1ec3 mang \u0111\u1ebfn cho nhi\u1ec1u t\u1ea7ng h\u01b0\u01a1ng v\u1ecb tr\u00e1i c\u00e2y s\u1ea5y kh\u00f4 m\u1ed9t c\u00e1ch \u0111\u1eadm \u0111\u00e0 v\u00e0 trang nh\u00e3.<br \/>\nPedro Xim\u00e9nez l\u00e0 m\u1ed9t lo\u1ea1i r\u01b0\u1ee3u ng\u1ecdt ng\u00e0o \u0111\u1eadm \u0111\u1eb7c c\u1ee7a T\u00e2y Ban Nha \u0111\u01b0\u1ee3c l\u00e0m t\u1eeb nho tr\u1eafng. N\u00f3 ch\u1ec9 \u0111\u01b0\u1ee3c s\u1ea3n xu\u1ea5t \u1edf nh\u1eefng khu v\u1ef1c c\u1ee5 th\u1ec3 gi\u1edbi h\u1ea1n, \u0111i\u1ec1u khi\u1ebfn cho n\u00f3 \u0111\u01b0\u1ee3c s\u0103n \u0111\u00f3n m\u1ed9t c\u00e1ch \u0111\u00e1ng kinh ng\u1ea1c. Ba m\u01b0\u01a1i n\u0103m tr\u01b0\u1edbc, c\u0169ng nh\u01b0 cho \u0111\u1ebfn ng\u00e0y nay, ch\u00fang t\u00f4i \u0111\u00e3 x\u00e1c \u0111\u1ecbnh \u0111\u01b0\u1ee3c ch\u00ednh x\u00e1c ph\u00e2n lo\u1ea1i, \u0111\u1ed9 m\u1ea1nh v\u00e0 m\u00e0u s\u1eafc c\u1ee7a r\u01b0\u1ee3u Pedro Xim\u00e9nez m\u00e0 ch\u00fang t\u00f4i mu\u1ed1n \u1ee7 trong c\u00e1c th\u00f9ng g\u1ed7 s\u1ed3i th\u1ee7 c\u00f4ng c\u1ee7a m\u00ecnh.<\/span><\/p>\n","protected":false},"featured_media":8506,"comment_status":"open","ping_status":"closed","template":"","meta":{"_acf_changed":false},"product_cat":[68],"product_tag":[],"class_list":{"0":"post-8503","1":"product","2":"type-product","3":"status-publish","4":"has-post-thumbnail","6":"product_cat-irish-whiskey-single-malt","7":"brand-bushmills","9":"first","10":"instock","11":"shipping-taxable","12":"product-type-simple"},"acf":[],"yoast_head":"<!-- This site is optimized with the Yoast SEO plugin v23.0 - https:\/\/yoast.com\/wordpress\/plugins\/seo\/ -->\n<title>Bushmills Single Malt Irish Whiskey Aged 30 Years - Alchemy Asia<\/title>\n<meta name=\"robots\" content=\"index, follow, max-snippet:-1, max-image-preview:large, max-video-preview:-1\" \/>\n<link rel=\"canonical\" href=\"https:\/\/alchemy-asia.com\/vi\/san-pham\/bushmills-single-malt-irish-whiskey-aged-30-years\/\" \/>\n<meta property=\"og:locale\" content=\"vi_VN\" \/>\n<meta property=\"og:type\" content=\"article\" \/>\n<meta property=\"og:title\" content=\"Bushmills Single Malt Irish Whiskey Aged 30 Years - Alchemy Asia\" \/>\n<meta property=\"og:description\" content=\"Bushmills 30 n\u0103m tu\u1ed5i \u0111\u01b0\u1ee3c \u1ee7 ch\u00edn m\u1ed9t c\u00e1ch k\u1ef9 l\u01b0\u1ee1ng trong th\u00f9ng r\u01b0\u1ee3u g\u1ed7 s\u1ed3i trong v\u00f2ng 14 n\u0103m tr\u01b0\u1edbc khi \u0111\u01b0\u1ee3c ho\u00e0n thi\u1ec7n trong th\u00f9ng r\u01b0\u1ee3u Pedro Xim\u00e9nez 16 n\u0103m sau \u0111\u00f3 \u0111\u1ec3 mang \u0111\u1ebfn cho nhi\u1ec1u t\u1ea7ng h\u01b0\u01a1ng v\u1ecb tr\u00e1i c\u00e2y s\u1ea5y kh\u00f4 m\u1ed9t c\u00e1ch \u0111\u1eadm \u0111\u00e0 v\u00e0 trang nh\u00e3. Pedro Xim\u00e9nez l\u00e0 m\u1ed9t lo\u1ea1i r\u01b0\u1ee3u ng\u1ecdt ng\u00e0o \u0111\u1eadm \u0111\u1eb7c c\u1ee7a T\u00e2y Ban Nha \u0111\u01b0\u1ee3c l\u00e0m t\u1eeb nho tr\u1eafng. N\u00f3 ch\u1ec9 \u0111\u01b0\u1ee3c s\u1ea3n xu\u1ea5t \u1edf nh\u1eefng khu v\u1ef1c c\u1ee5 th\u1ec3 gi\u1edbi h\u1ea1n, \u0111i\u1ec1u khi\u1ebfn cho n\u00f3 \u0111\u01b0\u1ee3c s\u0103n \u0111\u00f3n m\u1ed9t c\u00e1ch \u0111\u00e1ng kinh ng\u1ea1c. Ba m\u01b0\u01a1i n\u0103m tr\u01b0\u1edbc, c\u0169ng nh\u01b0 cho \u0111\u1ebfn ng\u00e0y nay, ch\u00fang t\u00f4i \u0111\u00e3 x\u00e1c \u0111\u1ecbnh \u0111\u01b0\u1ee3c ch\u00ednh x\u00e1c ph\u00e2n lo\u1ea1i, \u0111\u1ed9 m\u1ea1nh v\u00e0 m\u00e0u s\u1eafc c\u1ee7a r\u01b0\u1ee3u Pedro Xim\u00e9nez m\u00e0 ch\u00fang t\u00f4i mu\u1ed1n \u1ee7 trong c\u00e1c th\u00f9ng g\u1ed7 s\u1ed3i th\u1ee7 c\u00f4ng c\u1ee7a m\u00ecnh.\" \/>\n<meta property=\"og:url\" content=\"https:\/\/alchemy-asia.com\/vi\/san-pham\/bushmills-single-malt-irish-whiskey-aged-30-years\/\" \/>\n<meta property=\"og:site_name\" content=\"Alchemy Asia\" \/>\n<meta property=\"og:image\" content=\"https:\/\/alchemy-asia.com\/vi\/wp-content\/uploads\/sites\/3\/2024\/07\/Bushmills-Single-Malt-Irish-Whiskey-Aged-30-Years.png\" \/>\n\t<meta property=\"og:image:width\" content=\"2100\" \/>\n\t<meta property=\"og:image:height\" content=\"2100\" \/>\n\t<meta property=\"og:image:type\" content=\"image\/png\" \/>\n<meta name=\"twitter:card\" content=\"summary_large_image\" \/>\n<meta name=\"twitter:label1\" content=\"\u01af\u1edbc t\u00ednh th\u1eddi gian \u0111\u1ecdc\" \/>\n\t<meta name=\"twitter:data1\" content=\"1 ph\u00fat\" \/>\n<script type=\"application\/ld+json\" class=\"yoast-schema-graph\">{\"@context\":\"https:\/\/schema.org\",\"@graph\":[{\"@type\":\"WebPage\",\"@id\":\"https:\/\/alchemy-asia.com\/vi\/san-pham\/bushmills-single-malt-irish-whiskey-aged-30-years\/\",\"url\":\"https:\/\/alchemy-asia.com\/vi\/san-pham\/bushmills-single-malt-irish-whiskey-aged-30-years\/\",\"name\":\"Bushmills Single Malt Irish Whiskey Aged 30 Years - Alchemy Asia\",\"isPartOf\":{\"@id\":\"https:\/\/alchemy-asia.com\/vi\/#website\"},\"primaryImageOfPage\":{\"@id\":\"https:\/\/alchemy-asia.com\/vi\/san-pham\/bushmills-single-malt-irish-whiskey-aged-30-years\/#primaryimage\"},\"image\":{\"@id\":\"https:\/\/alchemy-asia.com\/vi\/san-pham\/bushmills-single-malt-irish-whiskey-aged-30-years\/#primaryimage\"},\"thumbnailUrl\":\"https:\/\/alchemy-asia.com\/vi\/wp-content\/uploads\/sites\/3\/2024\/07\/Bushmills-Single-Malt-Irish-Whiskey-Aged-30-Years.png\",\"datePublished\":\"2024-09-10T08:33:33+00:00\",\"dateModified\":\"2024-09-10T08:33:33+00:00\",\"breadcrumb\":{\"@id\":\"https:\/\/alchemy-asia.com\/vi\/san-pham\/bushmills-single-malt-irish-whiskey-aged-30-years\/#breadcrumb\"},\"inLanguage\":\"vi\",\"potentialAction\":[{\"@type\":\"ReadAction\",\"target\":[\"https:\/\/alchemy-asia.com\/vi\/san-pham\/bushmills-single-malt-irish-whiskey-aged-30-years\/\"]}]},{\"@type\":\"ImageObject\",\"inLanguage\":\"vi\",\"@id\":\"https:\/\/alchemy-asia.com\/vi\/san-pham\/bushmills-single-malt-irish-whiskey-aged-30-years\/#primaryimage\",\"url\":\"https:\/\/alchemy-asia.com\/vi\/wp-content\/uploads\/sites\/3\/2024\/07\/Bushmills-Single-Malt-Irish-Whiskey-Aged-30-Years.png\",\"contentUrl\":\"https:\/\/alchemy-asia.com\/vi\/wp-content\/uploads\/sites\/3\/2024\/07\/Bushmills-Single-Malt-Irish-Whiskey-Aged-30-Years.png\",\"width\":2100,\"height\":2100,\"caption\":\"Bushmills Single Malt Irish Whiskey Aged 30 Years\"},{\"@type\":\"BreadcrumbList\",\"@id\":\"https:\/\/alchemy-asia.com\/vi\/san-pham\/bushmills-single-malt-irish-whiskey-aged-30-years\/#breadcrumb\",\"itemListElement\":[{\"@type\":\"ListItem\",\"position\":1,\"name\":\"Home\",\"item\":\"https:\/\/alchemy-asia.com\/vi\/\"},{\"@type\":\"ListItem\",\"position\":2,\"name\":\"Bushmills Single Malt Irish Whiskey Aged 30 Years\"}]},{\"@type\":\"WebSite\",\"@id\":\"https:\/\/alchemy-asia.com\/vi\/#website\",\"url\":\"https:\/\/alchemy-asia.com\/vi\/\",\"name\":\"Alchemy Asia\",\"description\":\"Just another Alchemy Asia Sites site\",\"potentialAction\":[{\"@type\":\"SearchAction\",\"target\":{\"@type\":\"EntryPoint\",\"urlTemplate\":\"https:\/\/alchemy-asia.com\/vi\/?s={search_term_string}\"},\"query-input\":\"required name=search_term_string\"}],\"inLanguage\":\"vi\"}]}<\/script>\n<!-- \/ Yoast SEO plugin. -->","yoast_head_json":{"title":"Bushmills Single Malt Irish Whiskey Aged 30 Years - Alchemy Asia","robots":{"index":"index","follow":"follow","max-snippet":"max-snippet:-1","max-image-preview":"max-image-preview:large","max-video-preview":"max-video-preview:-1"},"canonical":"https:\/\/alchemy-asia.com\/vi\/san-pham\/bushmills-single-malt-irish-whiskey-aged-30-years\/","og_locale":"vi_VN","og_type":"article","og_title":"Bushmills Single Malt Irish Whiskey Aged 30 Years - Alchemy Asia","og_description":"Bushmills 30 n\u0103m tu\u1ed5i \u0111\u01b0\u1ee3c \u1ee7 ch\u00edn m\u1ed9t c\u00e1ch k\u1ef9 l\u01b0\u1ee1ng trong th\u00f9ng r\u01b0\u1ee3u g\u1ed7 s\u1ed3i trong v\u00f2ng 14 n\u0103m tr\u01b0\u1edbc khi \u0111\u01b0\u1ee3c ho\u00e0n thi\u1ec7n trong th\u00f9ng r\u01b0\u1ee3u Pedro Xim\u00e9nez 16 n\u0103m sau \u0111\u00f3 \u0111\u1ec3 mang \u0111\u1ebfn cho nhi\u1ec1u t\u1ea7ng h\u01b0\u01a1ng v\u1ecb tr\u00e1i c\u00e2y s\u1ea5y kh\u00f4 m\u1ed9t c\u00e1ch \u0111\u1eadm \u0111\u00e0 v\u00e0 trang nh\u00e3. Pedro Xim\u00e9nez l\u00e0 m\u1ed9t lo\u1ea1i r\u01b0\u1ee3u ng\u1ecdt ng\u00e0o \u0111\u1eadm \u0111\u1eb7c c\u1ee7a T\u00e2y Ban Nha \u0111\u01b0\u1ee3c l\u00e0m t\u1eeb nho tr\u1eafng. N\u00f3 ch\u1ec9 \u0111\u01b0\u1ee3c s\u1ea3n xu\u1ea5t \u1edf nh\u1eefng khu v\u1ef1c c\u1ee5 th\u1ec3 gi\u1edbi h\u1ea1n, \u0111i\u1ec1u khi\u1ebfn cho n\u00f3 \u0111\u01b0\u1ee3c s\u0103n \u0111\u00f3n m\u1ed9t c\u00e1ch \u0111\u00e1ng kinh ng\u1ea1c. Ba m\u01b0\u01a1i n\u0103m tr\u01b0\u1edbc, c\u0169ng nh\u01b0 cho \u0111\u1ebfn ng\u00e0y nay, ch\u00fang t\u00f4i \u0111\u00e3 x\u00e1c \u0111\u1ecbnh \u0111\u01b0\u1ee3c ch\u00ednh x\u00e1c ph\u00e2n lo\u1ea1i, \u0111\u1ed9 m\u1ea1nh v\u00e0 m\u00e0u s\u1eafc c\u1ee7a r\u01b0\u1ee3u Pedro Xim\u00e9nez m\u00e0 ch\u00fang t\u00f4i mu\u1ed1n \u1ee7 trong c\u00e1c th\u00f9ng g\u1ed7 s\u1ed3i th\u1ee7 c\u00f4ng c\u1ee7a m\u00ecnh.","og_url":"https:\/\/alchemy-asia.com\/vi\/san-pham\/bushmills-single-malt-irish-whiskey-aged-30-years\/","og_site_name":"Alchemy Asia","og_image":[{"width":2100,"height":2100,"url":"https:\/\/alchemy-asia.com\/vi\/wp-content\/uploads\/sites\/3\/2024\/07\/Bushmills-Single-Malt-Irish-Whiskey-Aged-30-Years.png","type":"image\/png"}],"twitter_card":"summary_large_image","twitter_misc":{"\u01af\u1edbc t\u00ednh th\u1eddi gian \u0111\u1ecdc":"1 ph\u00fat"},"schema":{"@context":"https:\/\/schema.org","@graph":[{"@type":"WebPage","@id":"https:\/\/alchemy-asia.com\/vi\/san-pham\/bushmills-single-malt-irish-whiskey-aged-30-years\/","url":"https:\/\/alchemy-asia.com\/vi\/san-pham\/bushmills-single-malt-irish-whiskey-aged-30-years\/","name":"Bushmills Single Malt Irish Whiskey Aged 30 Years - Alchemy Asia","isPartOf":{"@id":"https:\/\/alchemy-asia.com\/vi\/#website"},"primaryImageOfPage":{"@id":"https:\/\/alchemy-asia.com\/vi\/san-pham\/bushmills-single-malt-irish-whiskey-aged-30-years\/#primaryimage"},"image":{"@id":"https:\/\/alchemy-asia.com\/vi\/san-pham\/bushmills-single-malt-irish-whiskey-aged-30-years\/#primaryimage"},"thumbnailUrl":"https:\/\/alchemy-asia.com\/vi\/wp-content\/uploads\/sites\/3\/2024\/07\/Bushmills-Single-Malt-Irish-Whiskey-Aged-30-Years.png","datePublished":"2024-09-10T08:33:33+00:00","dateModified":"2024-09-10T08:33:33+00:00","breadcrumb":{"@id":"https:\/\/alchemy-asia.com\/vi\/san-pham\/bushmills-single-malt-irish-whiskey-aged-30-years\/#breadcrumb"},"inLanguage":"vi","potentialAction":[{"@type":"ReadAction","target":["https:\/\/alchemy-asia.com\/vi\/san-pham\/bushmills-single-malt-irish-whiskey-aged-30-years\/"]}]},{"@type":"ImageObject","inLanguage":"vi","@id":"https:\/\/alchemy-asia.com\/vi\/san-pham\/bushmills-single-malt-irish-whiskey-aged-30-years\/#primaryimage","url":"https:\/\/alchemy-asia.com\/vi\/wp-content\/uploads\/sites\/3\/2024\/07\/Bushmills-Single-Malt-Irish-Whiskey-Aged-30-Years.png","contentUrl":"https:\/\/alchemy-asia.com\/vi\/wp-content\/uploads\/sites\/3\/2024\/07\/Bushmills-Single-Malt-Irish-Whiskey-Aged-30-Years.png","width":2100,"height":2100,"caption":"Bushmills Single Malt Irish Whiskey Aged 30 Years"},{"@type":"BreadcrumbList","@id":"https:\/\/alchemy-asia.com\/vi\/san-pham\/bushmills-single-malt-irish-whiskey-aged-30-years\/#breadcrumb","itemListElement":[{"@type":"ListItem","position":1,"name":"Home","item":"https:\/\/alchemy-asia.com\/vi\/"},{"@type":"ListItem","position":2,"name":"Bushmills Single Malt Irish Whiskey Aged 30 Years"}]},{"@type":"WebSite","@id":"https:\/\/alchemy-asia.com\/vi\/#website","url":"https:\/\/alchemy-asia.com\/vi\/","name":"Alchemy Asia","description":"Just another Alchemy Asia Sites site","potentialAction":[{"@type":"SearchAction","target":{"@type":"EntryPoint","urlTemplate":"https:\/\/alchemy-asia.com\/vi\/?s={search_term_string}"},"query-input":"required name=search_term_string"}],"inLanguage":"vi"}]}},"_links":{"self":[{"href":"https:\/\/alchemy-asia.com\/vi\/wp-json\/wp\/v2\/product\/8503","targetHints":{"allow":["GET"]}}],"collection":[{"href":"https:\/\/alchemy-asia.com\/vi\/wp-json\/wp\/v2\/product"}],"about":[{"href":"https:\/\/alchemy-asia.com\/vi\/wp-json\/wp\/v2\/types\/product"}],"replies":[{"embeddable":true,"href":"https:\/\/alchemy-asia.com\/vi\/wp-json\/wp\/v2\/comments?post=8503"}],"wp:featuredmedia":[{"embeddable":true,"href":"https:\/\/alchemy-asia.com\/vi\/wp-json\/wp\/v2\/media\/8506"}],"wp:attachment":[{"href":"https:\/\/alchemy-asia.com\/vi\/wp-json\/wp\/v2\/media?parent=8503"}],"wp:term":[{"taxonomy":"product_cat","embeddable":true,"href":"https:\/\/alchemy-asia.com\/vi\/wp-json\/wp\/v2\/product_cat?post=8503"},{"taxonomy":"product_tag","embeddable":true,"href":"https:\/\/alchemy-asia.com\/vi\/wp-json\/wp\/v2\/product_tag?post=8503"}],"curies":[{"name":"wp","href":"https:\/\/api.w.org\/{rel}","templated":true}]}}