{"id":8505,"date":"2024-09-10T08:54:33","date_gmt":"2024-09-10T08:54:33","guid":{"rendered":"https:\/\/alchemy-asia.com\/vi\/?post_type=product&#038;p=8505"},"modified":"2024-09-10T08:54:33","modified_gmt":"2024-09-10T08:54:33","slug":"naked-malt","status":"publish","type":"product","link":"https:\/\/alchemy-asia.com\/vi\/san-pham\/naked-malt\/","title":{"rendered":"Naked Malt"},"content":{"rendered":"","protected":false},"excerpt":{"rendered":"<p>Khi c\u00e1c th\u00f9ng Naked \u0111\u00e1p \u1ee9ng \u0111\u01b0\u1ee3c s\u1ef1 pha tr\u1ed9n \u0111\u1ed9c \u0111\u00e1o c\u1ee7a nh\u1eefng lo\u1ea1i r\u01b0\u1ee3u ngon nh\u1ea5t th\u1ebf gi\u1edbi, k\u1ebft qu\u1ea3 cu\u1ed1i c\u00f9ng l\u00e0 ch\u1ea5t l\u01b0\u1ee3ng r\u01b0\u1ee3u kh\u00f4ng gi\u1ed1ng b\u1ea5t k\u1ef3 lo\u1ea1i n\u00e0o kh\u00e1c. T\u01b0\u01a1i s\u00e1ng v\u00e0 r\u1ea1ng r\u1ee1 v\u1edbi \u0111\u1eb7c t\u00ednh \u0111\u1eadm \u0111\u00e0 v\u00e0 h\u01b0\u01a1ng tr\u00e1i c\u00e2y, Naked Malt mang \u0111\u1ebfn kh\u1ea3 n\u0103ng th\u01b0\u1edfng th\u1ee9c r\u01b0\u1ee3u whisky. Ch\u1ea5t l\u1ecfng t\u1eebng \u0111o\u1ea1t gi\u1ea3i th\u01b0\u1edfng n\u00e0y t\u1ef1 n\u00f3 \u0111\u00e3 n\u1ed5i b\u1eadt, nh\u01b0ng ch\u00fang t\u00f4i kh\u00f4ng ph\u1ea3i l\u00e0 ng\u01b0\u1eddi tu\u00e2n theo c\u00e1c quy t\u1eafc whisky truy\u1ec1n th\u1ed1ng\u2026<br \/>\nCh\u00fang t\u00f4i t\u1ea1o ra Naked \u0111\u1ec3 k\u1ef7 ni\u1ec7m nh\u1eefng kho\u1ea3nh kh\u1eafc m\u00e0 b\u1ea1n c\u00f3 th\u1ec3 ng\u1eebng h\u00e0nh \u0111\u1ed9ng. V\u00ec v\u1eady, ch\u00fang t\u00f4i mu\u1ed1n ng\u01b0\u1eddi ti\u00eau d\u00f9ng c\u1ea3m th\u1ea5y \u0111\u01b0\u1ee3c trao quy\u1ec1n \u0111\u1ec3 l\u00e0m \u0111i\u1ec1u g\u00ec \u0111\u00f3 b\u1ea5t ng\u1edd.<br \/>\n#LiveNaked<\/p>\n<p>TASTING NOTE<br \/>\n\u2022 NOSE: Buttery toffee, apples, sweet spice.<br \/>\n\u2022 TASTE: Vanilla custard, stewed fruit,<br \/>\nraisins and sultanas.<br \/>\n\u2022 FINISH: Rich sherried spice.<\/p>\n","protected":false},"featured_media":8512,"comment_status":"open","ping_status":"closed","template":"","meta":{"_acf_changed":false},"product_cat":[57],"product_tag":[],"class_list":{"0":"post-8505","1":"product","2":"type-product","3":"status-publish","4":"has-post-thumbnail","6":"product_cat-scotch-whisky-blended","7":"brand-the-naked-malt","9":"first","10":"instock","11":"shipping-taxable","12":"product-type-simple"},"acf":[],"yoast_head":"<!-- This site is optimized with the Yoast SEO plugin v23.0 - https:\/\/yoast.com\/wordpress\/plugins\/seo\/ -->\n<title>Naked Malt - Alchemy Asia<\/title>\n<meta name=\"robots\" content=\"index, follow, max-snippet:-1, max-image-preview:large, max-video-preview:-1\" \/>\n<link rel=\"canonical\" href=\"https:\/\/alchemy-asia.com\/vi\/san-pham\/naked-malt\/\" \/>\n<meta property=\"og:locale\" content=\"vi_VN\" \/>\n<meta property=\"og:type\" content=\"article\" \/>\n<meta property=\"og:title\" content=\"Naked Malt - Alchemy Asia\" \/>\n<meta property=\"og:description\" content=\"Khi c\u00e1c th\u00f9ng Naked \u0111\u00e1p \u1ee9ng \u0111\u01b0\u1ee3c s\u1ef1 pha tr\u1ed9n \u0111\u1ed9c \u0111\u00e1o c\u1ee7a nh\u1eefng lo\u1ea1i r\u01b0\u1ee3u ngon nh\u1ea5t th\u1ebf gi\u1edbi, k\u1ebft qu\u1ea3 cu\u1ed1i c\u00f9ng l\u00e0 ch\u1ea5t l\u01b0\u1ee3ng r\u01b0\u1ee3u kh\u00f4ng gi\u1ed1ng b\u1ea5t k\u1ef3 lo\u1ea1i n\u00e0o kh\u00e1c. T\u01b0\u01a1i s\u00e1ng v\u00e0 r\u1ea1ng r\u1ee1 v\u1edbi \u0111\u1eb7c t\u00ednh \u0111\u1eadm \u0111\u00e0 v\u00e0 h\u01b0\u01a1ng tr\u00e1i c\u00e2y, Naked Malt mang \u0111\u1ebfn kh\u1ea3 n\u0103ng th\u01b0\u1edfng th\u1ee9c r\u01b0\u1ee3u whisky. Ch\u1ea5t l\u1ecfng t\u1eebng \u0111o\u1ea1t gi\u1ea3i th\u01b0\u1edfng n\u00e0y t\u1ef1 n\u00f3 \u0111\u00e3 n\u1ed5i b\u1eadt, nh\u01b0ng ch\u00fang t\u00f4i kh\u00f4ng ph\u1ea3i l\u00e0 ng\u01b0\u1eddi tu\u00e2n theo c\u00e1c quy t\u1eafc whisky truy\u1ec1n th\u1ed1ng\u2026 Ch\u00fang t\u00f4i t\u1ea1o ra Naked \u0111\u1ec3 k\u1ef7 ni\u1ec7m nh\u1eefng kho\u1ea3nh kh\u1eafc m\u00e0 b\u1ea1n c\u00f3 th\u1ec3 ng\u1eebng h\u00e0nh \u0111\u1ed9ng. V\u00ec v\u1eady, ch\u00fang t\u00f4i mu\u1ed1n ng\u01b0\u1eddi ti\u00eau d\u00f9ng c\u1ea3m th\u1ea5y \u0111\u01b0\u1ee3c trao quy\u1ec1n \u0111\u1ec3 l\u00e0m \u0111i\u1ec1u g\u00ec \u0111\u00f3 b\u1ea5t ng\u1edd. #LiveNaked  TASTING NOTE \u2022 NOSE: Buttery toffee, apples, sweet spice. \u2022 TASTE: Vanilla custard, stewed fruit, raisins and sultanas. \u2022 FINISH: Rich sherried spice.\" \/>\n<meta property=\"og:url\" content=\"https:\/\/alchemy-asia.com\/vi\/san-pham\/naked-malt\/\" \/>\n<meta property=\"og:site_name\" content=\"Alchemy Asia\" \/>\n<meta property=\"og:image\" content=\"https:\/\/alchemy-asia.com\/vi\/wp-content\/uploads\/sites\/3\/2024\/07\/Untitled-1-3.png\" \/>\n\t<meta property=\"og:image:width\" content=\"2000\" \/>\n\t<meta property=\"og:image:height\" content=\"2000\" \/>\n\t<meta property=\"og:image:type\" content=\"image\/png\" \/>\n<meta name=\"twitter:card\" content=\"summary_large_image\" \/>\n<meta name=\"twitter:label1\" content=\"\u01af\u1edbc t\u00ednh th\u1eddi gian \u0111\u1ecdc\" \/>\n\t<meta name=\"twitter:data1\" content=\"1 ph\u00fat\" \/>\n<script type=\"application\/ld+json\" class=\"yoast-schema-graph\">{\"@context\":\"https:\/\/schema.org\",\"@graph\":[{\"@type\":\"WebPage\",\"@id\":\"https:\/\/alchemy-asia.com\/vi\/san-pham\/naked-malt\/\",\"url\":\"https:\/\/alchemy-asia.com\/vi\/san-pham\/naked-malt\/\",\"name\":\"Naked Malt - Alchemy Asia\",\"isPartOf\":{\"@id\":\"https:\/\/alchemy-asia.com\/vi\/#website\"},\"primaryImageOfPage\":{\"@id\":\"https:\/\/alchemy-asia.com\/vi\/san-pham\/naked-malt\/#primaryimage\"},\"image\":{\"@id\":\"https:\/\/alchemy-asia.com\/vi\/san-pham\/naked-malt\/#primaryimage\"},\"thumbnailUrl\":\"https:\/\/alchemy-asia.com\/vi\/wp-content\/uploads\/sites\/3\/2024\/07\/Untitled-1-3.png\",\"datePublished\":\"2024-09-10T08:54:33+00:00\",\"dateModified\":\"2024-09-10T08:54:33+00:00\",\"breadcrumb\":{\"@id\":\"https:\/\/alchemy-asia.com\/vi\/san-pham\/naked-malt\/#breadcrumb\"},\"inLanguage\":\"vi\",\"potentialAction\":[{\"@type\":\"ReadAction\",\"target\":[\"https:\/\/alchemy-asia.com\/vi\/san-pham\/naked-malt\/\"]}]},{\"@type\":\"ImageObject\",\"inLanguage\":\"vi\",\"@id\":\"https:\/\/alchemy-asia.com\/vi\/san-pham\/naked-malt\/#primaryimage\",\"url\":\"https:\/\/alchemy-asia.com\/vi\/wp-content\/uploads\/sites\/3\/2024\/07\/Untitled-1-3.png\",\"contentUrl\":\"https:\/\/alchemy-asia.com\/vi\/wp-content\/uploads\/sites\/3\/2024\/07\/Untitled-1-3.png\",\"width\":2000,\"height\":2000,\"caption\":\"Naked Malt\"},{\"@type\":\"BreadcrumbList\",\"@id\":\"https:\/\/alchemy-asia.com\/vi\/san-pham\/naked-malt\/#breadcrumb\",\"itemListElement\":[{\"@type\":\"ListItem\",\"position\":1,\"name\":\"Home\",\"item\":\"https:\/\/alchemy-asia.com\/vi\/\"},{\"@type\":\"ListItem\",\"position\":2,\"name\":\"Naked Malt\"}]},{\"@type\":\"WebSite\",\"@id\":\"https:\/\/alchemy-asia.com\/vi\/#website\",\"url\":\"https:\/\/alchemy-asia.com\/vi\/\",\"name\":\"Alchemy Asia\",\"description\":\"Just another Alchemy Asia Sites site\",\"potentialAction\":[{\"@type\":\"SearchAction\",\"target\":{\"@type\":\"EntryPoint\",\"urlTemplate\":\"https:\/\/alchemy-asia.com\/vi\/?s={search_term_string}\"},\"query-input\":\"required name=search_term_string\"}],\"inLanguage\":\"vi\"}]}<\/script>\n<!-- \/ Yoast SEO plugin. -->","yoast_head_json":{"title":"Naked Malt - Alchemy Asia","robots":{"index":"index","follow":"follow","max-snippet":"max-snippet:-1","max-image-preview":"max-image-preview:large","max-video-preview":"max-video-preview:-1"},"canonical":"https:\/\/alchemy-asia.com\/vi\/san-pham\/naked-malt\/","og_locale":"vi_VN","og_type":"article","og_title":"Naked Malt - Alchemy Asia","og_description":"Khi c\u00e1c th\u00f9ng Naked \u0111\u00e1p \u1ee9ng \u0111\u01b0\u1ee3c s\u1ef1 pha tr\u1ed9n \u0111\u1ed9c \u0111\u00e1o c\u1ee7a nh\u1eefng lo\u1ea1i r\u01b0\u1ee3u ngon nh\u1ea5t th\u1ebf gi\u1edbi, k\u1ebft qu\u1ea3 cu\u1ed1i c\u00f9ng l\u00e0 ch\u1ea5t l\u01b0\u1ee3ng r\u01b0\u1ee3u kh\u00f4ng gi\u1ed1ng b\u1ea5t k\u1ef3 lo\u1ea1i n\u00e0o kh\u00e1c. T\u01b0\u01a1i s\u00e1ng v\u00e0 r\u1ea1ng r\u1ee1 v\u1edbi \u0111\u1eb7c t\u00ednh \u0111\u1eadm \u0111\u00e0 v\u00e0 h\u01b0\u01a1ng tr\u00e1i c\u00e2y, Naked Malt mang \u0111\u1ebfn kh\u1ea3 n\u0103ng th\u01b0\u1edfng th\u1ee9c r\u01b0\u1ee3u whisky. Ch\u1ea5t l\u1ecfng t\u1eebng \u0111o\u1ea1t gi\u1ea3i th\u01b0\u1edfng n\u00e0y t\u1ef1 n\u00f3 \u0111\u00e3 n\u1ed5i b\u1eadt, nh\u01b0ng ch\u00fang t\u00f4i kh\u00f4ng ph\u1ea3i l\u00e0 ng\u01b0\u1eddi tu\u00e2n theo c\u00e1c quy t\u1eafc whisky truy\u1ec1n th\u1ed1ng\u2026 Ch\u00fang t\u00f4i t\u1ea1o ra Naked \u0111\u1ec3 k\u1ef7 ni\u1ec7m nh\u1eefng kho\u1ea3nh kh\u1eafc m\u00e0 b\u1ea1n c\u00f3 th\u1ec3 ng\u1eebng h\u00e0nh \u0111\u1ed9ng. V\u00ec v\u1eady, ch\u00fang t\u00f4i mu\u1ed1n ng\u01b0\u1eddi ti\u00eau d\u00f9ng c\u1ea3m th\u1ea5y \u0111\u01b0\u1ee3c trao quy\u1ec1n \u0111\u1ec3 l\u00e0m \u0111i\u1ec1u g\u00ec \u0111\u00f3 b\u1ea5t ng\u1edd. #LiveNaked  TASTING NOTE \u2022 NOSE: Buttery toffee, apples, sweet spice. \u2022 TASTE: Vanilla custard, stewed fruit, raisins and sultanas. \u2022 FINISH: Rich sherried spice.","og_url":"https:\/\/alchemy-asia.com\/vi\/san-pham\/naked-malt\/","og_site_name":"Alchemy Asia","og_image":[{"width":2000,"height":2000,"url":"https:\/\/alchemy-asia.com\/vi\/wp-content\/uploads\/sites\/3\/2024\/07\/Untitled-1-3.png","type":"image\/png"}],"twitter_card":"summary_large_image","twitter_misc":{"\u01af\u1edbc t\u00ednh th\u1eddi gian \u0111\u1ecdc":"1 ph\u00fat"},"schema":{"@context":"https:\/\/schema.org","@graph":[{"@type":"WebPage","@id":"https:\/\/alchemy-asia.com\/vi\/san-pham\/naked-malt\/","url":"https:\/\/alchemy-asia.com\/vi\/san-pham\/naked-malt\/","name":"Naked Malt - Alchemy Asia","isPartOf":{"@id":"https:\/\/alchemy-asia.com\/vi\/#website"},"primaryImageOfPage":{"@id":"https:\/\/alchemy-asia.com\/vi\/san-pham\/naked-malt\/#primaryimage"},"image":{"@id":"https:\/\/alchemy-asia.com\/vi\/san-pham\/naked-malt\/#primaryimage"},"thumbnailUrl":"https:\/\/alchemy-asia.com\/vi\/wp-content\/uploads\/sites\/3\/2024\/07\/Untitled-1-3.png","datePublished":"2024-09-10T08:54:33+00:00","dateModified":"2024-09-10T08:54:33+00:00","breadcrumb":{"@id":"https:\/\/alchemy-asia.com\/vi\/san-pham\/naked-malt\/#breadcrumb"},"inLanguage":"vi","potentialAction":[{"@type":"ReadAction","target":["https:\/\/alchemy-asia.com\/vi\/san-pham\/naked-malt\/"]}]},{"@type":"ImageObject","inLanguage":"vi","@id":"https:\/\/alchemy-asia.com\/vi\/san-pham\/naked-malt\/#primaryimage","url":"https:\/\/alchemy-asia.com\/vi\/wp-content\/uploads\/sites\/3\/2024\/07\/Untitled-1-3.png","contentUrl":"https:\/\/alchemy-asia.com\/vi\/wp-content\/uploads\/sites\/3\/2024\/07\/Untitled-1-3.png","width":2000,"height":2000,"caption":"Naked Malt"},{"@type":"BreadcrumbList","@id":"https:\/\/alchemy-asia.com\/vi\/san-pham\/naked-malt\/#breadcrumb","itemListElement":[{"@type":"ListItem","position":1,"name":"Home","item":"https:\/\/alchemy-asia.com\/vi\/"},{"@type":"ListItem","position":2,"name":"Naked Malt"}]},{"@type":"WebSite","@id":"https:\/\/alchemy-asia.com\/vi\/#website","url":"https:\/\/alchemy-asia.com\/vi\/","name":"Alchemy Asia","description":"Just another Alchemy Asia Sites site","potentialAction":[{"@type":"SearchAction","target":{"@type":"EntryPoint","urlTemplate":"https:\/\/alchemy-asia.com\/vi\/?s={search_term_string}"},"query-input":"required name=search_term_string"}],"inLanguage":"vi"}]}},"_links":{"self":[{"href":"https:\/\/alchemy-asia.com\/vi\/wp-json\/wp\/v2\/product\/8505","targetHints":{"allow":["GET"]}}],"collection":[{"href":"https:\/\/alchemy-asia.com\/vi\/wp-json\/wp\/v2\/product"}],"about":[{"href":"https:\/\/alchemy-asia.com\/vi\/wp-json\/wp\/v2\/types\/product"}],"replies":[{"embeddable":true,"href":"https:\/\/alchemy-asia.com\/vi\/wp-json\/wp\/v2\/comments?post=8505"}],"wp:featuredmedia":[{"embeddable":true,"href":"https:\/\/alchemy-asia.com\/vi\/wp-json\/wp\/v2\/media\/8512"}],"wp:attachment":[{"href":"https:\/\/alchemy-asia.com\/vi\/wp-json\/wp\/v2\/media?parent=8505"}],"wp:term":[{"taxonomy":"product_cat","embeddable":true,"href":"https:\/\/alchemy-asia.com\/vi\/wp-json\/wp\/v2\/product_cat?post=8505"},{"taxonomy":"product_tag","embeddable":true,"href":"https:\/\/alchemy-asia.com\/vi\/wp-json\/wp\/v2\/product_tag?post=8505"}],"curies":[{"name":"wp","href":"https:\/\/api.w.org\/{rel}","templated":true}]}}