{"id":8507,"date":"2024-09-10T08:33:31","date_gmt":"2024-09-10T08:33:31","guid":{"rendered":"https:\/\/alchemy-asia.com\/vi\/?post_type=product&#038;p=8507"},"modified":"2024-09-12T03:57:55","modified_gmt":"2024-09-12T03:57:55","slug":"bushmills-single-malt-irish-whiskey-triple-distilled-aged-16-year","status":"publish","type":"product","link":"https:\/\/alchemy-asia.com\/vi\/san-pham\/bushmills-single-malt-irish-whiskey-triple-distilled-aged-16-year\/","title":{"rendered":"Bushmills Single Malt Irish Whiskey Triple Distilled\u00a0 Aged 16 Year"},"content":{"rendered":"","protected":false},"excerpt":{"rendered":"<p><span data-sheets-root=\"1\" data-sheets-value=\"{&quot;1&quot;:2,&quot;2&quot;:&quot; FINISHED IN PORT PIPES\\nR\u01b0\u1ee3u whisky m\u1ea1ch nha \u0111\u01a1n 16 n\u0103m tu\u1ed5i c\u1ee7a Bushmills \u0111\u01b0\u1ee3c \u1ee7 16 n\u0103m v\u1edbi s\u1ef1 k\u1ebft h\u1ee3p gi\u1eefa c\u00e1c th\u00f9ng r\u01b0\u1ee3u Oloroso v\u00e0 r\u01b0\u1ee3u g\u1ed7 s\u1ed3i, sau \u0111\u00f3 \u0111\u01b0\u1ee3c \u1ee7 ti\u1ebfp t\u1ee5c v\u00e0i th\u00e1ng trong th\u00f9ng r\u01b0\u1ee3u vang.\\nQu\u00e1 tr\u00ecnh \u1ee7 r\u01b0\u1ee3u \u0111\u1ed9c \u0111\u00e1o n\u00e0y mang \u0111\u1ebfn cho lo\u1ea1i m\u1ea1ch nha \u0111\u01a1n c\u1ea5t n\u00e0y h\u01b0\u01a1ng v\u1ecb ri\u00eang bi\u1ec7t c\u1ee7a tr\u00e1i c\u00e2y ngon ng\u1ecdt, c\u00e1c lo\u1ea1i h\u1ea1t v\u00e0 gia v\u1ecb c\u0169ng nh\u01b0 m\u1ed9t ch\u00fat m\u00e0u \u0111\u1ecf ruby. Th\u01b0\u1edfng th\u1ee9c ngon nh\u1ea5t nguy\u00ean ch\u1ea5t ho\u1eb7c v\u1edbi \u0111\u00e1.&quot;}\" data-sheets-userformat=\"{&quot;2&quot;:1057789,&quot;3&quot;:{&quot;1&quot;:0},&quot;5&quot;:{&quot;1&quot;:[{&quot;1&quot;:2,&quot;2&quot;:0,&quot;5&quot;:{&quot;1&quot;:2,&quot;2&quot;:0}},{&quot;1&quot;:0,&quot;2&quot;:0,&quot;3&quot;:3},{&quot;1&quot;:1,&quot;2&quot;:0,&quot;4&quot;:1}]},&quot;6&quot;:{&quot;1&quot;:[{&quot;1&quot;:2,&quot;2&quot;:0,&quot;5&quot;:{&quot;1&quot;:2,&quot;2&quot;:0}},{&quot;1&quot;:0,&quot;2&quot;:0,&quot;3&quot;:3},{&quot;1&quot;:1,&quot;2&quot;:0,&quot;4&quot;:1}]},&quot;7&quot;:{&quot;1&quot;:[{&quot;1&quot;:2,&quot;2&quot;:0,&quot;5&quot;:{&quot;1&quot;:2,&quot;2&quot;:0}},{&quot;1&quot;:0,&quot;2&quot;:0,&quot;3&quot;:3},{&quot;1&quot;:1,&quot;2&quot;:0,&quot;4&quot;:1}]},&quot;8&quot;:{&quot;1&quot;:[{&quot;1&quot;:2,&quot;2&quot;:0,&quot;5&quot;:{&quot;1&quot;:2,&quot;2&quot;:0}},{&quot;1&quot;:0,&quot;2&quot;:0,&quot;3&quot;:3},{&quot;1&quot;:1,&quot;2&quot;:0,&quot;4&quot;:1}]},&quot;9&quot;:0,&quot;10&quot;:1,&quot;11&quot;:4,&quot;12&quot;:0,&quot;16&quot;:12,&quot;23&quot;:1}\"> FINISHED IN PORT PIPES<br \/>\nR\u01b0\u1ee3u whisky m\u1ea1ch nha \u0111\u01a1n 16 n\u0103m tu\u1ed5i c\u1ee7a Bushmills \u0111\u01b0\u1ee3c \u1ee7 16 n\u0103m v\u1edbi s\u1ef1 k\u1ebft h\u1ee3p gi\u1eefa c\u00e1c th\u00f9ng r\u01b0\u1ee3u Oloroso v\u00e0 r\u01b0\u1ee3u g\u1ed7 s\u1ed3i, sau \u0111\u00f3 \u0111\u01b0\u1ee3c \u1ee7 ti\u1ebfp t\u1ee5c v\u00e0i th\u00e1ng trong th\u00f9ng r\u01b0\u1ee3u vang.<br \/>\nQu\u00e1 tr\u00ecnh \u1ee7 r\u01b0\u1ee3u \u0111\u1ed9c \u0111\u00e1o n\u00e0y mang \u0111\u1ebfn cho lo\u1ea1i m\u1ea1ch nha \u0111\u01a1n c\u1ea5t n\u00e0y h\u01b0\u01a1ng v\u1ecb ri\u00eang bi\u1ec7t c\u1ee7a tr\u00e1i c\u00e2y ngon ng\u1ecdt, c\u00e1c lo\u1ea1i h\u1ea1t v\u00e0 gia v\u1ecb c\u0169ng nh\u01b0 m\u1ed9t ch\u00fat m\u00e0u \u0111\u1ecf ruby. Th\u01b0\u1edfng th\u1ee9c ngon nh\u1ea5t nguy\u00ean ch\u1ea5t ho\u1eb7c v\u1edbi \u0111\u00e1.<\/span><\/p>\n","protected":false},"featured_media":8876,"comment_status":"open","ping_status":"closed","template":"","meta":{"_acf_changed":false},"product_cat":[68],"product_tag":[],"class_list":{"0":"post-8507","1":"product","2":"type-product","3":"status-publish","4":"has-post-thumbnail","6":"product_cat-irish-whiskey-single-malt","7":"brand-bushmills","9":"first","10":"instock","11":"shipping-taxable","12":"product-type-simple"},"acf":[],"yoast_head":"<!-- This site is optimized with the Yoast SEO plugin v23.0 - https:\/\/yoast.com\/wordpress\/plugins\/seo\/ -->\n<title>Bushmills Single Malt Irish Whiskey Triple Distilled\u00a0 Aged 16 Year - Alchemy Asia<\/title>\n<meta name=\"robots\" content=\"index, follow, max-snippet:-1, max-image-preview:large, max-video-preview:-1\" \/>\n<link rel=\"canonical\" href=\"https:\/\/alchemy-asia.com\/vi\/san-pham\/bushmills-single-malt-irish-whiskey-triple-distilled-aged-16-year\/\" \/>\n<meta property=\"og:locale\" content=\"vi_VN\" \/>\n<meta property=\"og:type\" content=\"article\" \/>\n<meta property=\"og:title\" content=\"Bushmills Single Malt Irish Whiskey Triple Distilled\u00a0 Aged 16 Year - Alchemy Asia\" \/>\n<meta property=\"og:description\" content=\"FINISHED IN PORT PIPES R\u01b0\u1ee3u whisky m\u1ea1ch nha \u0111\u01a1n 16 n\u0103m tu\u1ed5i c\u1ee7a Bushmills \u0111\u01b0\u1ee3c \u1ee7 16 n\u0103m v\u1edbi s\u1ef1 k\u1ebft h\u1ee3p gi\u1eefa c\u00e1c th\u00f9ng r\u01b0\u1ee3u Oloroso v\u00e0 r\u01b0\u1ee3u g\u1ed7 s\u1ed3i, sau \u0111\u00f3 \u0111\u01b0\u1ee3c \u1ee7 ti\u1ebfp t\u1ee5c v\u00e0i th\u00e1ng trong th\u00f9ng r\u01b0\u1ee3u vang. Qu\u00e1 tr\u00ecnh \u1ee7 r\u01b0\u1ee3u \u0111\u1ed9c \u0111\u00e1o n\u00e0y mang \u0111\u1ebfn cho lo\u1ea1i m\u1ea1ch nha \u0111\u01a1n c\u1ea5t n\u00e0y h\u01b0\u01a1ng v\u1ecb ri\u00eang bi\u1ec7t c\u1ee7a tr\u00e1i c\u00e2y ngon ng\u1ecdt, c\u00e1c lo\u1ea1i h\u1ea1t v\u00e0 gia v\u1ecb c\u0169ng nh\u01b0 m\u1ed9t ch\u00fat m\u00e0u \u0111\u1ecf ruby. Th\u01b0\u1edfng th\u1ee9c ngon nh\u1ea5t nguy\u00ean ch\u1ea5t ho\u1eb7c v\u1edbi \u0111\u00e1.\" \/>\n<meta property=\"og:url\" content=\"https:\/\/alchemy-asia.com\/vi\/san-pham\/bushmills-single-malt-irish-whiskey-triple-distilled-aged-16-year\/\" \/>\n<meta property=\"og:site_name\" content=\"Alchemy Asia\" \/>\n<meta property=\"article:modified_time\" content=\"2024-09-12T03:57:55+00:00\" \/>\n<meta property=\"og:image\" content=\"https:\/\/alchemy-asia.com\/vi\/wp-content\/uploads\/sites\/3\/2024\/09\/WEBSITE-2-1024x1024.png\" \/>\n\t<meta property=\"og:image:width\" content=\"1024\" \/>\n\t<meta property=\"og:image:height\" content=\"1024\" \/>\n\t<meta property=\"og:image:type\" content=\"image\/png\" \/>\n<meta name=\"twitter:card\" content=\"summary_large_image\" \/>\n<meta name=\"twitter:label1\" content=\"\u01af\u1edbc t\u00ednh th\u1eddi gian \u0111\u1ecdc\" \/>\n\t<meta name=\"twitter:data1\" content=\"1 ph\u00fat\" \/>\n<script type=\"application\/ld+json\" class=\"yoast-schema-graph\">{\"@context\":\"https:\/\/schema.org\",\"@graph\":[{\"@type\":\"WebPage\",\"@id\":\"https:\/\/alchemy-asia.com\/vi\/san-pham\/bushmills-single-malt-irish-whiskey-triple-distilled-aged-16-year\/\",\"url\":\"https:\/\/alchemy-asia.com\/vi\/san-pham\/bushmills-single-malt-irish-whiskey-triple-distilled-aged-16-year\/\",\"name\":\"Bushmills Single Malt Irish Whiskey Triple Distilled\u00a0 Aged 16 Year - Alchemy Asia\",\"isPartOf\":{\"@id\":\"https:\/\/alchemy-asia.com\/vi\/#website\"},\"primaryImageOfPage\":{\"@id\":\"https:\/\/alchemy-asia.com\/vi\/san-pham\/bushmills-single-malt-irish-whiskey-triple-distilled-aged-16-year\/#primaryimage\"},\"image\":{\"@id\":\"https:\/\/alchemy-asia.com\/vi\/san-pham\/bushmills-single-malt-irish-whiskey-triple-distilled-aged-16-year\/#primaryimage\"},\"thumbnailUrl\":\"https:\/\/alchemy-asia.com\/vi\/wp-content\/uploads\/sites\/3\/2024\/09\/WEBSITE-2.png\",\"datePublished\":\"2024-09-10T08:33:31+00:00\",\"dateModified\":\"2024-09-12T03:57:55+00:00\",\"breadcrumb\":{\"@id\":\"https:\/\/alchemy-asia.com\/vi\/san-pham\/bushmills-single-malt-irish-whiskey-triple-distilled-aged-16-year\/#breadcrumb\"},\"inLanguage\":\"vi\",\"potentialAction\":[{\"@type\":\"ReadAction\",\"target\":[\"https:\/\/alchemy-asia.com\/vi\/san-pham\/bushmills-single-malt-irish-whiskey-triple-distilled-aged-16-year\/\"]}]},{\"@type\":\"ImageObject\",\"inLanguage\":\"vi\",\"@id\":\"https:\/\/alchemy-asia.com\/vi\/san-pham\/bushmills-single-malt-irish-whiskey-triple-distilled-aged-16-year\/#primaryimage\",\"url\":\"https:\/\/alchemy-asia.com\/vi\/wp-content\/uploads\/sites\/3\/2024\/09\/WEBSITE-2.png\",\"contentUrl\":\"https:\/\/alchemy-asia.com\/vi\/wp-content\/uploads\/sites\/3\/2024\/09\/WEBSITE-2.png\",\"width\":2480,\"height\":2480,\"caption\":\"Bushmills Single Malt Irish Whiskey Triple Distilled Aged 16 Year\"},{\"@type\":\"BreadcrumbList\",\"@id\":\"https:\/\/alchemy-asia.com\/vi\/san-pham\/bushmills-single-malt-irish-whiskey-triple-distilled-aged-16-year\/#breadcrumb\",\"itemListElement\":[{\"@type\":\"ListItem\",\"position\":1,\"name\":\"Home\",\"item\":\"https:\/\/alchemy-asia.com\/vi\/\"},{\"@type\":\"ListItem\",\"position\":2,\"name\":\"Bushmills Single Malt Irish Whiskey Triple Distilled\u00a0 Aged 16 Year\"}]},{\"@type\":\"WebSite\",\"@id\":\"https:\/\/alchemy-asia.com\/vi\/#website\",\"url\":\"https:\/\/alchemy-asia.com\/vi\/\",\"name\":\"Alchemy Asia\",\"description\":\"Just another Alchemy Asia Sites site\",\"potentialAction\":[{\"@type\":\"SearchAction\",\"target\":{\"@type\":\"EntryPoint\",\"urlTemplate\":\"https:\/\/alchemy-asia.com\/vi\/?s={search_term_string}\"},\"query-input\":\"required name=search_term_string\"}],\"inLanguage\":\"vi\"}]}<\/script>\n<!-- \/ Yoast SEO plugin. -->","yoast_head_json":{"title":"Bushmills Single Malt Irish Whiskey Triple Distilled\u00a0 Aged 16 Year - Alchemy Asia","robots":{"index":"index","follow":"follow","max-snippet":"max-snippet:-1","max-image-preview":"max-image-preview:large","max-video-preview":"max-video-preview:-1"},"canonical":"https:\/\/alchemy-asia.com\/vi\/san-pham\/bushmills-single-malt-irish-whiskey-triple-distilled-aged-16-year\/","og_locale":"vi_VN","og_type":"article","og_title":"Bushmills Single Malt Irish Whiskey Triple Distilled\u00a0 Aged 16 Year - Alchemy Asia","og_description":"FINISHED IN PORT PIPES R\u01b0\u1ee3u whisky m\u1ea1ch nha \u0111\u01a1n 16 n\u0103m tu\u1ed5i c\u1ee7a Bushmills \u0111\u01b0\u1ee3c \u1ee7 16 n\u0103m v\u1edbi s\u1ef1 k\u1ebft h\u1ee3p gi\u1eefa c\u00e1c th\u00f9ng r\u01b0\u1ee3u Oloroso v\u00e0 r\u01b0\u1ee3u g\u1ed7 s\u1ed3i, sau \u0111\u00f3 \u0111\u01b0\u1ee3c \u1ee7 ti\u1ebfp t\u1ee5c v\u00e0i th\u00e1ng trong th\u00f9ng r\u01b0\u1ee3u vang. Qu\u00e1 tr\u00ecnh \u1ee7 r\u01b0\u1ee3u \u0111\u1ed9c \u0111\u00e1o n\u00e0y mang \u0111\u1ebfn cho lo\u1ea1i m\u1ea1ch nha \u0111\u01a1n c\u1ea5t n\u00e0y h\u01b0\u01a1ng v\u1ecb ri\u00eang bi\u1ec7t c\u1ee7a tr\u00e1i c\u00e2y ngon ng\u1ecdt, c\u00e1c lo\u1ea1i h\u1ea1t v\u00e0 gia v\u1ecb c\u0169ng nh\u01b0 m\u1ed9t ch\u00fat m\u00e0u \u0111\u1ecf ruby. Th\u01b0\u1edfng th\u1ee9c ngon nh\u1ea5t nguy\u00ean ch\u1ea5t ho\u1eb7c v\u1edbi \u0111\u00e1.","og_url":"https:\/\/alchemy-asia.com\/vi\/san-pham\/bushmills-single-malt-irish-whiskey-triple-distilled-aged-16-year\/","og_site_name":"Alchemy Asia","article_modified_time":"2024-09-12T03:57:55+00:00","og_image":[{"width":1024,"height":1024,"url":"https:\/\/alchemy-asia.com\/vi\/wp-content\/uploads\/sites\/3\/2024\/09\/WEBSITE-2-1024x1024.png","type":"image\/png"}],"twitter_card":"summary_large_image","twitter_misc":{"\u01af\u1edbc t\u00ednh th\u1eddi gian \u0111\u1ecdc":"1 ph\u00fat"},"schema":{"@context":"https:\/\/schema.org","@graph":[{"@type":"WebPage","@id":"https:\/\/alchemy-asia.com\/vi\/san-pham\/bushmills-single-malt-irish-whiskey-triple-distilled-aged-16-year\/","url":"https:\/\/alchemy-asia.com\/vi\/san-pham\/bushmills-single-malt-irish-whiskey-triple-distilled-aged-16-year\/","name":"Bushmills Single Malt Irish Whiskey Triple Distilled\u00a0 Aged 16 Year - Alchemy Asia","isPartOf":{"@id":"https:\/\/alchemy-asia.com\/vi\/#website"},"primaryImageOfPage":{"@id":"https:\/\/alchemy-asia.com\/vi\/san-pham\/bushmills-single-malt-irish-whiskey-triple-distilled-aged-16-year\/#primaryimage"},"image":{"@id":"https:\/\/alchemy-asia.com\/vi\/san-pham\/bushmills-single-malt-irish-whiskey-triple-distilled-aged-16-year\/#primaryimage"},"thumbnailUrl":"https:\/\/alchemy-asia.com\/vi\/wp-content\/uploads\/sites\/3\/2024\/09\/WEBSITE-2.png","datePublished":"2024-09-10T08:33:31+00:00","dateModified":"2024-09-12T03:57:55+00:00","breadcrumb":{"@id":"https:\/\/alchemy-asia.com\/vi\/san-pham\/bushmills-single-malt-irish-whiskey-triple-distilled-aged-16-year\/#breadcrumb"},"inLanguage":"vi","potentialAction":[{"@type":"ReadAction","target":["https:\/\/alchemy-asia.com\/vi\/san-pham\/bushmills-single-malt-irish-whiskey-triple-distilled-aged-16-year\/"]}]},{"@type":"ImageObject","inLanguage":"vi","@id":"https:\/\/alchemy-asia.com\/vi\/san-pham\/bushmills-single-malt-irish-whiskey-triple-distilled-aged-16-year\/#primaryimage","url":"https:\/\/alchemy-asia.com\/vi\/wp-content\/uploads\/sites\/3\/2024\/09\/WEBSITE-2.png","contentUrl":"https:\/\/alchemy-asia.com\/vi\/wp-content\/uploads\/sites\/3\/2024\/09\/WEBSITE-2.png","width":2480,"height":2480,"caption":"Bushmills Single Malt Irish Whiskey Triple Distilled Aged 16 Year"},{"@type":"BreadcrumbList","@id":"https:\/\/alchemy-asia.com\/vi\/san-pham\/bushmills-single-malt-irish-whiskey-triple-distilled-aged-16-year\/#breadcrumb","itemListElement":[{"@type":"ListItem","position":1,"name":"Home","item":"https:\/\/alchemy-asia.com\/vi\/"},{"@type":"ListItem","position":2,"name":"Bushmills Single Malt Irish Whiskey Triple Distilled\u00a0 Aged 16 Year"}]},{"@type":"WebSite","@id":"https:\/\/alchemy-asia.com\/vi\/#website","url":"https:\/\/alchemy-asia.com\/vi\/","name":"Alchemy Asia","description":"Just another Alchemy Asia Sites site","potentialAction":[{"@type":"SearchAction","target":{"@type":"EntryPoint","urlTemplate":"https:\/\/alchemy-asia.com\/vi\/?s={search_term_string}"},"query-input":"required name=search_term_string"}],"inLanguage":"vi"}]}},"_links":{"self":[{"href":"https:\/\/alchemy-asia.com\/vi\/wp-json\/wp\/v2\/product\/8507","targetHints":{"allow":["GET"]}}],"collection":[{"href":"https:\/\/alchemy-asia.com\/vi\/wp-json\/wp\/v2\/product"}],"about":[{"href":"https:\/\/alchemy-asia.com\/vi\/wp-json\/wp\/v2\/types\/product"}],"replies":[{"embeddable":true,"href":"https:\/\/alchemy-asia.com\/vi\/wp-json\/wp\/v2\/comments?post=8507"}],"wp:featuredmedia":[{"embeddable":true,"href":"https:\/\/alchemy-asia.com\/vi\/wp-json\/wp\/v2\/media\/8876"}],"wp:attachment":[{"href":"https:\/\/alchemy-asia.com\/vi\/wp-json\/wp\/v2\/media?parent=8507"}],"wp:term":[{"taxonomy":"product_cat","embeddable":true,"href":"https:\/\/alchemy-asia.com\/vi\/wp-json\/wp\/v2\/product_cat?post=8507"},{"taxonomy":"product_tag","embeddable":true,"href":"https:\/\/alchemy-asia.com\/vi\/wp-json\/wp\/v2\/product_tag?post=8507"}],"curies":[{"name":"wp","href":"https:\/\/api.w.org\/{rel}","templated":true}]}}