{"id":8509,"date":"2024-09-10T08:33:29","date_gmt":"2024-09-10T08:33:29","guid":{"rendered":"https:\/\/alchemy-asia.com\/vi\/?post_type=product&#038;p=8509"},"modified":"2024-09-10T08:33:29","modified_gmt":"2024-09-10T08:33:29","slug":"bushmills-the-original-irish-whiskey","status":"publish","type":"product","link":"https:\/\/alchemy-asia.com\/vi\/san-pham\/bushmills-the-original-irish-whiskey\/","title":{"rendered":"Bushmills The Original Irish Whiskey"},"content":{"rendered":"","protected":false},"excerpt":{"rendered":"<p><span data-sheets-root=\"1\" data-sheets-value=\"{&quot;1&quot;:2,&quot;2&quot;:&quot; THE CLASSIC IRISH BLEND\\n\u0110\u00e2y ch\u00ednh l\u00e0 n\u1ec1n t\u1ea3ng c\u1ee7a \u0111\u1ea1i gia \u0111\u00ecnh Bushmills, lo\u1ea1i r\u01b0\u1ee3u whisky c\u00f3 \u0111\u1ed9 m\u1ecbn g\u1ea5p 3 l\u1ea7n n\u00e0y \u0111\u01b0\u1ee3c ch\u01b0ng c\u1ea5t \u0111\u1eb7c bi\u1ec7t v\u00e0 c\u00f3 \u0111\u1eb7c t\u00ednh m\u1ea1ch nha kh\u00e1 m\u1ea1nh.\\n Bushmills Original l\u00e0 lo\u1ea1i r\u01b0\u1ee3u whisky d\u1ec5 ti\u1ebfp c\u1eadn, \u0111\u00e3 \u0111\u01b0\u1ee3c \u1ee7 trong c\u1ea3 th\u00f9ng r\u01b0\u1ee3u g\u1ed7 s\u1ed3i, mang l\u1ea1i h\u01b0\u01a1ng v\u1ecb tr\u00e1i c\u00e2y v\u00e0 vani t\u01b0\u01a1i. Th\u01b0\u1edfng th\u1ee9c ngon nh\u1ea5t khi u\u1ed1ng nguy\u00ean ch\u1ea5t, v\u1edbi \u0111\u00e1 ho\u1eb7c trong c\u00e1c lo\u1ea1i cocktail c\u1ed5 \u0111i\u1ec3n.&quot;}\" data-sheets-userformat=\"{&quot;2&quot;:1057789,&quot;3&quot;:{&quot;1&quot;:0},&quot;5&quot;:{&quot;1&quot;:[{&quot;1&quot;:2,&quot;2&quot;:0,&quot;5&quot;:{&quot;1&quot;:2,&quot;2&quot;:0}},{&quot;1&quot;:0,&quot;2&quot;:0,&quot;3&quot;:3},{&quot;1&quot;:1,&quot;2&quot;:0,&quot;4&quot;:1}]},&quot;6&quot;:{&quot;1&quot;:[{&quot;1&quot;:2,&quot;2&quot;:0,&quot;5&quot;:{&quot;1&quot;:2,&quot;2&quot;:0}},{&quot;1&quot;:0,&quot;2&quot;:0,&quot;3&quot;:3},{&quot;1&quot;:1,&quot;2&quot;:0,&quot;4&quot;:1}]},&quot;7&quot;:{&quot;1&quot;:[{&quot;1&quot;:2,&quot;2&quot;:0,&quot;5&quot;:{&quot;1&quot;:2,&quot;2&quot;:0}},{&quot;1&quot;:0,&quot;2&quot;:0,&quot;3&quot;:3},{&quot;1&quot;:1,&quot;2&quot;:0,&quot;4&quot;:1}]},&quot;8&quot;:{&quot;1&quot;:[{&quot;1&quot;:2,&quot;2&quot;:0,&quot;5&quot;:{&quot;1&quot;:2,&quot;2&quot;:0}},{&quot;1&quot;:0,&quot;2&quot;:0,&quot;3&quot;:3},{&quot;1&quot;:1,&quot;2&quot;:0,&quot;4&quot;:1}]},&quot;9&quot;:0,&quot;10&quot;:1,&quot;11&quot;:4,&quot;12&quot;:0,&quot;16&quot;:12,&quot;23&quot;:1}\"> THE CLASSIC IRISH BLEND<br \/>\n\u0110\u00e2y ch\u00ednh l\u00e0 n\u1ec1n t\u1ea3ng c\u1ee7a \u0111\u1ea1i gia \u0111\u00ecnh Bushmills, lo\u1ea1i r\u01b0\u1ee3u whisky c\u00f3 \u0111\u1ed9 m\u1ecbn g\u1ea5p 3 l\u1ea7n n\u00e0y \u0111\u01b0\u1ee3c ch\u01b0ng c\u1ea5t \u0111\u1eb7c bi\u1ec7t v\u00e0 c\u00f3 \u0111\u1eb7c t\u00ednh m\u1ea1ch nha kh\u00e1 m\u1ea1nh.<br \/>\nBushmills Original l\u00e0 lo\u1ea1i r\u01b0\u1ee3u whisky d\u1ec5 ti\u1ebfp c\u1eadn, \u0111\u00e3 \u0111\u01b0\u1ee3c \u1ee7 trong c\u1ea3 th\u00f9ng r\u01b0\u1ee3u g\u1ed7 s\u1ed3i, mang l\u1ea1i h\u01b0\u01a1ng v\u1ecb tr\u00e1i c\u00e2y v\u00e0 vani t\u01b0\u01a1i. Th\u01b0\u1edfng th\u1ee9c ngon nh\u1ea5t khi u\u1ed1ng nguy\u00ean ch\u1ea5t, v\u1edbi \u0111\u00e1 ho\u1eb7c trong c\u00e1c lo\u1ea1i cocktail c\u1ed5 \u0111i\u1ec3n.<\/span><\/p>\n","protected":false},"featured_media":8510,"comment_status":"open","ping_status":"closed","template":"","meta":{"_acf_changed":false},"product_cat":[67],"product_tag":[],"class_list":{"0":"post-8509","1":"product","2":"type-product","3":"status-publish","4":"has-post-thumbnail","6":"product_cat-irish-whisky-blended","7":"brand-bushmills","9":"first","10":"instock","11":"shipping-taxable","12":"product-type-simple"},"acf":[],"yoast_head":"<!-- This site is optimized with the Yoast SEO plugin v23.0 - https:\/\/yoast.com\/wordpress\/plugins\/seo\/ -->\n<title>Bushmills The Original Irish Whiskey - Alchemy Asia<\/title>\n<meta name=\"robots\" content=\"index, follow, max-snippet:-1, max-image-preview:large, max-video-preview:-1\" \/>\n<link rel=\"canonical\" href=\"https:\/\/alchemy-asia.com\/vi\/san-pham\/bushmills-the-original-irish-whiskey\/\" \/>\n<meta property=\"og:locale\" content=\"vi_VN\" \/>\n<meta property=\"og:type\" content=\"article\" \/>\n<meta property=\"og:title\" content=\"Bushmills The Original Irish Whiskey - Alchemy Asia\" \/>\n<meta property=\"og:description\" content=\"THE CLASSIC IRISH BLEND \u0110\u00e2y ch\u00ednh l\u00e0 n\u1ec1n t\u1ea3ng c\u1ee7a \u0111\u1ea1i gia \u0111\u00ecnh Bushmills, lo\u1ea1i r\u01b0\u1ee3u whisky c\u00f3 \u0111\u1ed9 m\u1ecbn g\u1ea5p 3 l\u1ea7n n\u00e0y \u0111\u01b0\u1ee3c ch\u01b0ng c\u1ea5t \u0111\u1eb7c bi\u1ec7t v\u00e0 c\u00f3 \u0111\u1eb7c t\u00ednh m\u1ea1ch nha kh\u00e1 m\u1ea1nh. Bushmills Original l\u00e0 lo\u1ea1i r\u01b0\u1ee3u whisky d\u1ec5 ti\u1ebfp c\u1eadn, \u0111\u00e3 \u0111\u01b0\u1ee3c \u1ee7 trong c\u1ea3 th\u00f9ng r\u01b0\u1ee3u g\u1ed7 s\u1ed3i, mang l\u1ea1i h\u01b0\u01a1ng v\u1ecb tr\u00e1i c\u00e2y v\u00e0 vani t\u01b0\u01a1i. Th\u01b0\u1edfng th\u1ee9c ngon nh\u1ea5t khi u\u1ed1ng nguy\u00ean ch\u1ea5t, v\u1edbi \u0111\u00e1 ho\u1eb7c trong c\u00e1c lo\u1ea1i cocktail c\u1ed5 \u0111i\u1ec3n.\" \/>\n<meta property=\"og:url\" content=\"https:\/\/alchemy-asia.com\/vi\/san-pham\/bushmills-the-original-irish-whiskey\/\" \/>\n<meta property=\"og:site_name\" content=\"Alchemy Asia\" \/>\n<meta property=\"og:image\" content=\"https:\/\/alchemy-asia.com\/vi\/wp-content\/uploads\/sites\/3\/2024\/07\/Bushmills-Original.png\" \/>\n\t<meta property=\"og:image:width\" content=\"2100\" \/>\n\t<meta property=\"og:image:height\" content=\"2100\" \/>\n\t<meta property=\"og:image:type\" content=\"image\/png\" \/>\n<meta name=\"twitter:card\" content=\"summary_large_image\" \/>\n<meta name=\"twitter:label1\" content=\"\u01af\u1edbc t\u00ednh th\u1eddi gian \u0111\u1ecdc\" \/>\n\t<meta name=\"twitter:data1\" content=\"1 ph\u00fat\" \/>\n<script type=\"application\/ld+json\" class=\"yoast-schema-graph\">{\"@context\":\"https:\/\/schema.org\",\"@graph\":[{\"@type\":\"WebPage\",\"@id\":\"https:\/\/alchemy-asia.com\/vi\/san-pham\/bushmills-the-original-irish-whiskey\/\",\"url\":\"https:\/\/alchemy-asia.com\/vi\/san-pham\/bushmills-the-original-irish-whiskey\/\",\"name\":\"Bushmills The Original Irish Whiskey - Alchemy Asia\",\"isPartOf\":{\"@id\":\"https:\/\/alchemy-asia.com\/vi\/#website\"},\"primaryImageOfPage\":{\"@id\":\"https:\/\/alchemy-asia.com\/vi\/san-pham\/bushmills-the-original-irish-whiskey\/#primaryimage\"},\"image\":{\"@id\":\"https:\/\/alchemy-asia.com\/vi\/san-pham\/bushmills-the-original-irish-whiskey\/#primaryimage\"},\"thumbnailUrl\":\"https:\/\/alchemy-asia.com\/vi\/wp-content\/uploads\/sites\/3\/2024\/07\/Bushmills-Original.png\",\"datePublished\":\"2024-09-10T08:33:29+00:00\",\"dateModified\":\"2024-09-10T08:33:29+00:00\",\"breadcrumb\":{\"@id\":\"https:\/\/alchemy-asia.com\/vi\/san-pham\/bushmills-the-original-irish-whiskey\/#breadcrumb\"},\"inLanguage\":\"vi\",\"potentialAction\":[{\"@type\":\"ReadAction\",\"target\":[\"https:\/\/alchemy-asia.com\/vi\/san-pham\/bushmills-the-original-irish-whiskey\/\"]}]},{\"@type\":\"ImageObject\",\"inLanguage\":\"vi\",\"@id\":\"https:\/\/alchemy-asia.com\/vi\/san-pham\/bushmills-the-original-irish-whiskey\/#primaryimage\",\"url\":\"https:\/\/alchemy-asia.com\/vi\/wp-content\/uploads\/sites\/3\/2024\/07\/Bushmills-Original.png\",\"contentUrl\":\"https:\/\/alchemy-asia.com\/vi\/wp-content\/uploads\/sites\/3\/2024\/07\/Bushmills-Original.png\",\"width\":2100,\"height\":2100,\"caption\":\"Bushmills Original\"},{\"@type\":\"BreadcrumbList\",\"@id\":\"https:\/\/alchemy-asia.com\/vi\/san-pham\/bushmills-the-original-irish-whiskey\/#breadcrumb\",\"itemListElement\":[{\"@type\":\"ListItem\",\"position\":1,\"name\":\"Home\",\"item\":\"https:\/\/alchemy-asia.com\/vi\/\"},{\"@type\":\"ListItem\",\"position\":2,\"name\":\"Bushmills The Original Irish Whiskey\"}]},{\"@type\":\"WebSite\",\"@id\":\"https:\/\/alchemy-asia.com\/vi\/#website\",\"url\":\"https:\/\/alchemy-asia.com\/vi\/\",\"name\":\"Alchemy Asia\",\"description\":\"Just another Alchemy Asia Sites site\",\"potentialAction\":[{\"@type\":\"SearchAction\",\"target\":{\"@type\":\"EntryPoint\",\"urlTemplate\":\"https:\/\/alchemy-asia.com\/vi\/?s={search_term_string}\"},\"query-input\":\"required name=search_term_string\"}],\"inLanguage\":\"vi\"}]}<\/script>\n<!-- \/ Yoast SEO plugin. -->","yoast_head_json":{"title":"Bushmills The Original Irish Whiskey - Alchemy Asia","robots":{"index":"index","follow":"follow","max-snippet":"max-snippet:-1","max-image-preview":"max-image-preview:large","max-video-preview":"max-video-preview:-1"},"canonical":"https:\/\/alchemy-asia.com\/vi\/san-pham\/bushmills-the-original-irish-whiskey\/","og_locale":"vi_VN","og_type":"article","og_title":"Bushmills The Original Irish Whiskey - Alchemy Asia","og_description":"THE CLASSIC IRISH BLEND \u0110\u00e2y ch\u00ednh l\u00e0 n\u1ec1n t\u1ea3ng c\u1ee7a \u0111\u1ea1i gia \u0111\u00ecnh Bushmills, lo\u1ea1i r\u01b0\u1ee3u whisky c\u00f3 \u0111\u1ed9 m\u1ecbn g\u1ea5p 3 l\u1ea7n n\u00e0y \u0111\u01b0\u1ee3c ch\u01b0ng c\u1ea5t \u0111\u1eb7c bi\u1ec7t v\u00e0 c\u00f3 \u0111\u1eb7c t\u00ednh m\u1ea1ch nha kh\u00e1 m\u1ea1nh. Bushmills Original l\u00e0 lo\u1ea1i r\u01b0\u1ee3u whisky d\u1ec5 ti\u1ebfp c\u1eadn, \u0111\u00e3 \u0111\u01b0\u1ee3c \u1ee7 trong c\u1ea3 th\u00f9ng r\u01b0\u1ee3u g\u1ed7 s\u1ed3i, mang l\u1ea1i h\u01b0\u01a1ng v\u1ecb tr\u00e1i c\u00e2y v\u00e0 vani t\u01b0\u01a1i. Th\u01b0\u1edfng th\u1ee9c ngon nh\u1ea5t khi u\u1ed1ng nguy\u00ean ch\u1ea5t, v\u1edbi \u0111\u00e1 ho\u1eb7c trong c\u00e1c lo\u1ea1i cocktail c\u1ed5 \u0111i\u1ec3n.","og_url":"https:\/\/alchemy-asia.com\/vi\/san-pham\/bushmills-the-original-irish-whiskey\/","og_site_name":"Alchemy Asia","og_image":[{"width":2100,"height":2100,"url":"https:\/\/alchemy-asia.com\/vi\/wp-content\/uploads\/sites\/3\/2024\/07\/Bushmills-Original.png","type":"image\/png"}],"twitter_card":"summary_large_image","twitter_misc":{"\u01af\u1edbc t\u00ednh th\u1eddi gian \u0111\u1ecdc":"1 ph\u00fat"},"schema":{"@context":"https:\/\/schema.org","@graph":[{"@type":"WebPage","@id":"https:\/\/alchemy-asia.com\/vi\/san-pham\/bushmills-the-original-irish-whiskey\/","url":"https:\/\/alchemy-asia.com\/vi\/san-pham\/bushmills-the-original-irish-whiskey\/","name":"Bushmills The Original Irish Whiskey - Alchemy Asia","isPartOf":{"@id":"https:\/\/alchemy-asia.com\/vi\/#website"},"primaryImageOfPage":{"@id":"https:\/\/alchemy-asia.com\/vi\/san-pham\/bushmills-the-original-irish-whiskey\/#primaryimage"},"image":{"@id":"https:\/\/alchemy-asia.com\/vi\/san-pham\/bushmills-the-original-irish-whiskey\/#primaryimage"},"thumbnailUrl":"https:\/\/alchemy-asia.com\/vi\/wp-content\/uploads\/sites\/3\/2024\/07\/Bushmills-Original.png","datePublished":"2024-09-10T08:33:29+00:00","dateModified":"2024-09-10T08:33:29+00:00","breadcrumb":{"@id":"https:\/\/alchemy-asia.com\/vi\/san-pham\/bushmills-the-original-irish-whiskey\/#breadcrumb"},"inLanguage":"vi","potentialAction":[{"@type":"ReadAction","target":["https:\/\/alchemy-asia.com\/vi\/san-pham\/bushmills-the-original-irish-whiskey\/"]}]},{"@type":"ImageObject","inLanguage":"vi","@id":"https:\/\/alchemy-asia.com\/vi\/san-pham\/bushmills-the-original-irish-whiskey\/#primaryimage","url":"https:\/\/alchemy-asia.com\/vi\/wp-content\/uploads\/sites\/3\/2024\/07\/Bushmills-Original.png","contentUrl":"https:\/\/alchemy-asia.com\/vi\/wp-content\/uploads\/sites\/3\/2024\/07\/Bushmills-Original.png","width":2100,"height":2100,"caption":"Bushmills Original"},{"@type":"BreadcrumbList","@id":"https:\/\/alchemy-asia.com\/vi\/san-pham\/bushmills-the-original-irish-whiskey\/#breadcrumb","itemListElement":[{"@type":"ListItem","position":1,"name":"Home","item":"https:\/\/alchemy-asia.com\/vi\/"},{"@type":"ListItem","position":2,"name":"Bushmills The Original Irish Whiskey"}]},{"@type":"WebSite","@id":"https:\/\/alchemy-asia.com\/vi\/#website","url":"https:\/\/alchemy-asia.com\/vi\/","name":"Alchemy Asia","description":"Just another Alchemy Asia Sites site","potentialAction":[{"@type":"SearchAction","target":{"@type":"EntryPoint","urlTemplate":"https:\/\/alchemy-asia.com\/vi\/?s={search_term_string}"},"query-input":"required name=search_term_string"}],"inLanguage":"vi"}]}},"_links":{"self":[{"href":"https:\/\/alchemy-asia.com\/vi\/wp-json\/wp\/v2\/product\/8509","targetHints":{"allow":["GET"]}}],"collection":[{"href":"https:\/\/alchemy-asia.com\/vi\/wp-json\/wp\/v2\/product"}],"about":[{"href":"https:\/\/alchemy-asia.com\/vi\/wp-json\/wp\/v2\/types\/product"}],"replies":[{"embeddable":true,"href":"https:\/\/alchemy-asia.com\/vi\/wp-json\/wp\/v2\/comments?post=8509"}],"wp:featuredmedia":[{"embeddable":true,"href":"https:\/\/alchemy-asia.com\/vi\/wp-json\/wp\/v2\/media\/8510"}],"wp:attachment":[{"href":"https:\/\/alchemy-asia.com\/vi\/wp-json\/wp\/v2\/media?parent=8509"}],"wp:term":[{"taxonomy":"product_cat","embeddable":true,"href":"https:\/\/alchemy-asia.com\/vi\/wp-json\/wp\/v2\/product_cat?post=8509"},{"taxonomy":"product_tag","embeddable":true,"href":"https:\/\/alchemy-asia.com\/vi\/wp-json\/wp\/v2\/product_tag?post=8509"}],"curies":[{"name":"wp","href":"https:\/\/api.w.org\/{rel}","templated":true}]}}