{"id":8511,"date":"2024-09-10T08:33:27","date_gmt":"2024-09-10T08:33:27","guid":{"rendered":"https:\/\/alchemy-asia.com\/vi\/?post_type=product&#038;p=8511"},"modified":"2024-09-10T08:33:27","modified_gmt":"2024-09-10T08:33:27","slug":"campari-milano","status":"publish","type":"product","link":"https:\/\/alchemy-asia.com\/vi\/san-pham\/campari-milano\/","title":{"rendered":"Campari Milano"},"content":{"rendered":"","protected":false},"excerpt":{"rendered":"<p><span data-sheets-root=\"1\" data-sheets-value=\"{&quot;1&quot;:2,&quot;2&quot;:&quot;S\u1ef1 r\u00f5 r\u00e0ng \u0111\u1ea7y \u1ea5n t\u01b0\u1ee3ng c\u1ee7a n\u00f3 \u0111\u01b0\u1ee3c k\u1ebft h\u1ee3p v\u1edbi m\u1ed9t h\u01b0\u01a1ng th\u01a1m ph\u1ee9c t\u1ea1p, bao g\u1ed3m c\u00e1c n\u1ed1t th\u1ea3o m\u1ed9c, cam v\u00e0 hoa. V\u1ecb ngon c\u1ee7a n\u00f3 l\u00e0 s\u1ef1 k\u1ebft h\u1ee3p tuy\u1ec7t v\u1eddi gi\u1eefa \u0111\u1ed9 \u0111\u1eafng d\u1ec5 ch\u1ecbu v\u1edbi h\u1eadu v\u1ecb m\u1ec1m m\u1ea1i, th\u1ec3 hi\u1ec7n s\u1ef1 phong ph\u00fa c\u1ee7a cam, th\u1ea3o m\u1ed9c v\u00e0 g\u1ed7. Campari kh\u00f4ng ch\u1ec9 t\u1ed3n t\u1ea1i trong ly, m\u00e0 c\u00f2n mang l\u1ea1i phong c\u00e1ch v\u0129nh c\u1eedu v\u00e0 s\u1ee9c h\u00fat m\u00ea ho\u1eb7c, bi\u1ebfn n\u00f3 kh\u00f4ng ch\u1ec9 l\u00e0 m\u1ed9t lo\u1ea1i \u0111\u1ed3 u\u1ed1ng m\u00e0 c\u00f2n l\u00e0 m\u1ed9t tr\u1ea3i nghi\u1ec7m kh\u00f4ng th\u1ec3 qu\u00ean, m\u1ed9t c\u00e2u chuy\u1ec7n lu\u00f4n ti\u1ebfn tri\u1ec3n, l\u00e0m say m\u00ea v\u00e0 g\u00e2y t\u00f2 m\u00f2. Sau l\u1ea7n ch\u01b0ng c\u1ea5t th\u1ee9 4 c\u00f9ng 12 lo\u1ea1i th\u1ef1c v\u1eadt, Bulldog Gin \u0111\u01b0\u1ee3c h\u1ea1 xu\u1ed1ng c\u00f2n 40 \u0111\u1ed9, t\u1ea1o ra m\u1ed9t d\u00f2ng gin m\u01b0\u1ee3t m\u00e0, c\u00e2n b\u1eb1ng v\u1edbi nhi\u1ec1u l\u1edbp h\u01b0\u01a1ng th\u01a1m cho m\u1ed9t s\u1ef1 h\u00f2a tr\u1ed9n t\u1ed1i \u0111a.&quot;}\" data-sheets-userformat=\"{&quot;2&quot;:1057789,&quot;3&quot;:{&quot;1&quot;:0},&quot;5&quot;:{&quot;1&quot;:[{&quot;1&quot;:2,&quot;2&quot;:0,&quot;5&quot;:{&quot;1&quot;:2,&quot;2&quot;:0}},{&quot;1&quot;:0,&quot;2&quot;:0,&quot;3&quot;:3},{&quot;1&quot;:1,&quot;2&quot;:0,&quot;4&quot;:1}]},&quot;6&quot;:{&quot;1&quot;:[{&quot;1&quot;:2,&quot;2&quot;:0,&quot;5&quot;:{&quot;1&quot;:2,&quot;2&quot;:0}},{&quot;1&quot;:0,&quot;2&quot;:0,&quot;3&quot;:3},{&quot;1&quot;:1,&quot;2&quot;:0,&quot;4&quot;:1}]},&quot;7&quot;:{&quot;1&quot;:[{&quot;1&quot;:2,&quot;2&quot;:0,&quot;5&quot;:{&quot;1&quot;:2,&quot;2&quot;:0}},{&quot;1&quot;:0,&quot;2&quot;:0,&quot;3&quot;:3},{&quot;1&quot;:1,&quot;2&quot;:0,&quot;4&quot;:1}]},&quot;8&quot;:{&quot;1&quot;:[{&quot;1&quot;:2,&quot;2&quot;:0,&quot;5&quot;:{&quot;1&quot;:2,&quot;2&quot;:0}},{&quot;1&quot;:0,&quot;2&quot;:0,&quot;3&quot;:3},{&quot;1&quot;:1,&quot;2&quot;:0,&quot;4&quot;:1}]},&quot;9&quot;:0,&quot;10&quot;:0,&quot;11&quot;:4,&quot;12&quot;:0,&quot;16&quot;:10,&quot;23&quot;:1}\">S\u1ef1 r\u00f5 r\u00e0ng \u0111\u1ea7y \u1ea5n t\u01b0\u1ee3ng c\u1ee7a n\u00f3 \u0111\u01b0\u1ee3c k\u1ebft h\u1ee3p v\u1edbi m\u1ed9t h\u01b0\u01a1ng th\u01a1m ph\u1ee9c t\u1ea1p, bao g\u1ed3m c\u00e1c n\u1ed1t th\u1ea3o m\u1ed9c, cam v\u00e0 hoa. V\u1ecb ngon c\u1ee7a n\u00f3 l\u00e0 s\u1ef1 k\u1ebft h\u1ee3p tuy\u1ec7t v\u1eddi gi\u1eefa \u0111\u1ed9 \u0111\u1eafng d\u1ec5 ch\u1ecbu v\u1edbi h\u1eadu v\u1ecb m\u1ec1m m\u1ea1i, th\u1ec3 hi\u1ec7n s\u1ef1 phong ph\u00fa c\u1ee7a cam, th\u1ea3o m\u1ed9c v\u00e0 g\u1ed7. Campari kh\u00f4ng ch\u1ec9 t\u1ed3n t\u1ea1i trong ly, m\u00e0 c\u00f2n mang l\u1ea1i phong c\u00e1ch v\u0129nh c\u1eedu v\u00e0 s\u1ee9c h\u00fat m\u00ea ho\u1eb7c, bi\u1ebfn n\u00f3 kh\u00f4ng ch\u1ec9 l\u00e0 m\u1ed9t lo\u1ea1i \u0111\u1ed3 u\u1ed1ng m\u00e0 c\u00f2n l\u00e0 m\u1ed9t tr\u1ea3i nghi\u1ec7m kh\u00f4ng th\u1ec3 qu\u00ean, m\u1ed9t c\u00e2u chuy\u1ec7n lu\u00f4n ti\u1ebfn tri\u1ec3n, l\u00e0m say m\u00ea v\u00e0 g\u00e2y t\u00f2 m\u00f2. Sau l\u1ea7n ch\u01b0ng c\u1ea5t th\u1ee9 4 c\u00f9ng 12 lo\u1ea1i th\u1ef1c v\u1eadt, Bulldog Gin \u0111\u01b0\u1ee3c h\u1ea1 xu\u1ed1ng c\u00f2n 40 \u0111\u1ed9, t\u1ea1o ra m\u1ed9t d\u00f2ng gin m\u01b0\u1ee3t m\u00e0, c\u00e2n b\u1eb1ng v\u1edbi nhi\u1ec1u l\u1edbp h\u01b0\u01a1ng th\u01a1m cho m\u1ed9t s\u1ef1 h\u00f2a tr\u1ed9n t\u1ed1i \u0111a.<\/span><\/p>\n","protected":false},"featured_media":8515,"comment_status":"open","ping_status":"closed","template":"","meta":{"_acf_changed":false},"product_cat":[54],"product_tag":[],"class_list":{"0":"post-8511","1":"product","2":"type-product","3":"status-publish","4":"has-post-thumbnail","6":"product_cat-liqueurs","7":"brand-campari","9":"first","10":"instock","11":"shipping-taxable","12":"product-type-simple"},"acf":[],"yoast_head":"<!-- This site is optimized with the Yoast SEO plugin v23.0 - https:\/\/yoast.com\/wordpress\/plugins\/seo\/ -->\n<title>Campari Milano - Alchemy Asia<\/title>\n<meta name=\"robots\" content=\"index, follow, max-snippet:-1, max-image-preview:large, max-video-preview:-1\" \/>\n<link rel=\"canonical\" href=\"https:\/\/alchemy-asia.com\/vi\/san-pham\/campari-milano\/\" \/>\n<meta property=\"og:locale\" content=\"vi_VN\" \/>\n<meta property=\"og:type\" content=\"article\" \/>\n<meta property=\"og:title\" content=\"Campari Milano - Alchemy Asia\" \/>\n<meta property=\"og:description\" content=\"S\u1ef1 r\u00f5 r\u00e0ng \u0111\u1ea7y \u1ea5n t\u01b0\u1ee3ng c\u1ee7a n\u00f3 \u0111\u01b0\u1ee3c k\u1ebft h\u1ee3p v\u1edbi m\u1ed9t h\u01b0\u01a1ng th\u01a1m ph\u1ee9c t\u1ea1p, bao g\u1ed3m c\u00e1c n\u1ed1t th\u1ea3o m\u1ed9c, cam v\u00e0 hoa. V\u1ecb ngon c\u1ee7a n\u00f3 l\u00e0 s\u1ef1 k\u1ebft h\u1ee3p tuy\u1ec7t v\u1eddi gi\u1eefa \u0111\u1ed9 \u0111\u1eafng d\u1ec5 ch\u1ecbu v\u1edbi h\u1eadu v\u1ecb m\u1ec1m m\u1ea1i, th\u1ec3 hi\u1ec7n s\u1ef1 phong ph\u00fa c\u1ee7a cam, th\u1ea3o m\u1ed9c v\u00e0 g\u1ed7. Campari kh\u00f4ng ch\u1ec9 t\u1ed3n t\u1ea1i trong ly, m\u00e0 c\u00f2n mang l\u1ea1i phong c\u00e1ch v\u0129nh c\u1eedu v\u00e0 s\u1ee9c h\u00fat m\u00ea ho\u1eb7c, bi\u1ebfn n\u00f3 kh\u00f4ng ch\u1ec9 l\u00e0 m\u1ed9t lo\u1ea1i \u0111\u1ed3 u\u1ed1ng m\u00e0 c\u00f2n l\u00e0 m\u1ed9t tr\u1ea3i nghi\u1ec7m kh\u00f4ng th\u1ec3 qu\u00ean, m\u1ed9t c\u00e2u chuy\u1ec7n lu\u00f4n ti\u1ebfn tri\u1ec3n, l\u00e0m say m\u00ea v\u00e0 g\u00e2y t\u00f2 m\u00f2. Sau l\u1ea7n ch\u01b0ng c\u1ea5t th\u1ee9 4 c\u00f9ng 12 lo\u1ea1i th\u1ef1c v\u1eadt, Bulldog Gin \u0111\u01b0\u1ee3c h\u1ea1 xu\u1ed1ng c\u00f2n 40 \u0111\u1ed9, t\u1ea1o ra m\u1ed9t d\u00f2ng gin m\u01b0\u1ee3t m\u00e0, c\u00e2n b\u1eb1ng v\u1edbi nhi\u1ec1u l\u1edbp h\u01b0\u01a1ng th\u01a1m cho m\u1ed9t s\u1ef1 h\u00f2a tr\u1ed9n t\u1ed1i \u0111a.\" \/>\n<meta property=\"og:url\" content=\"https:\/\/alchemy-asia.com\/vi\/san-pham\/campari-milano\/\" \/>\n<meta property=\"og:site_name\" content=\"Alchemy Asia\" \/>\n<meta property=\"og:image\" content=\"https:\/\/alchemy-asia.com\/vi\/wp-content\/uploads\/sites\/3\/2024\/07\/Campari.png\" \/>\n\t<meta property=\"og:image:width\" content=\"2100\" \/>\n\t<meta property=\"og:image:height\" content=\"2100\" \/>\n\t<meta property=\"og:image:type\" content=\"image\/png\" \/>\n<meta name=\"twitter:card\" content=\"summary_large_image\" \/>\n<meta name=\"twitter:label1\" content=\"\u01af\u1edbc t\u00ednh th\u1eddi gian \u0111\u1ecdc\" \/>\n\t<meta name=\"twitter:data1\" content=\"1 ph\u00fat\" \/>\n<script type=\"application\/ld+json\" class=\"yoast-schema-graph\">{\"@context\":\"https:\/\/schema.org\",\"@graph\":[{\"@type\":\"WebPage\",\"@id\":\"https:\/\/alchemy-asia.com\/vi\/san-pham\/campari-milano\/\",\"url\":\"https:\/\/alchemy-asia.com\/vi\/san-pham\/campari-milano\/\",\"name\":\"Campari Milano - Alchemy Asia\",\"isPartOf\":{\"@id\":\"https:\/\/alchemy-asia.com\/vi\/#website\"},\"primaryImageOfPage\":{\"@id\":\"https:\/\/alchemy-asia.com\/vi\/san-pham\/campari-milano\/#primaryimage\"},\"image\":{\"@id\":\"https:\/\/alchemy-asia.com\/vi\/san-pham\/campari-milano\/#primaryimage\"},\"thumbnailUrl\":\"https:\/\/alchemy-asia.com\/vi\/wp-content\/uploads\/sites\/3\/2024\/07\/Campari.png\",\"datePublished\":\"2024-09-10T08:33:27+00:00\",\"dateModified\":\"2024-09-10T08:33:27+00:00\",\"breadcrumb\":{\"@id\":\"https:\/\/alchemy-asia.com\/vi\/san-pham\/campari-milano\/#breadcrumb\"},\"inLanguage\":\"vi\",\"potentialAction\":[{\"@type\":\"ReadAction\",\"target\":[\"https:\/\/alchemy-asia.com\/vi\/san-pham\/campari-milano\/\"]}]},{\"@type\":\"ImageObject\",\"inLanguage\":\"vi\",\"@id\":\"https:\/\/alchemy-asia.com\/vi\/san-pham\/campari-milano\/#primaryimage\",\"url\":\"https:\/\/alchemy-asia.com\/vi\/wp-content\/uploads\/sites\/3\/2024\/07\/Campari.png\",\"contentUrl\":\"https:\/\/alchemy-asia.com\/vi\/wp-content\/uploads\/sites\/3\/2024\/07\/Campari.png\",\"width\":2100,\"height\":2100,\"caption\":\"Campari\"},{\"@type\":\"BreadcrumbList\",\"@id\":\"https:\/\/alchemy-asia.com\/vi\/san-pham\/campari-milano\/#breadcrumb\",\"itemListElement\":[{\"@type\":\"ListItem\",\"position\":1,\"name\":\"Home\",\"item\":\"https:\/\/alchemy-asia.com\/vi\/\"},{\"@type\":\"ListItem\",\"position\":2,\"name\":\"Campari Milano\"}]},{\"@type\":\"WebSite\",\"@id\":\"https:\/\/alchemy-asia.com\/vi\/#website\",\"url\":\"https:\/\/alchemy-asia.com\/vi\/\",\"name\":\"Alchemy Asia\",\"description\":\"Just another Alchemy Asia Sites site\",\"potentialAction\":[{\"@type\":\"SearchAction\",\"target\":{\"@type\":\"EntryPoint\",\"urlTemplate\":\"https:\/\/alchemy-asia.com\/vi\/?s={search_term_string}\"},\"query-input\":\"required name=search_term_string\"}],\"inLanguage\":\"vi\"}]}<\/script>\n<!-- \/ Yoast SEO plugin. -->","yoast_head_json":{"title":"Campari Milano - Alchemy Asia","robots":{"index":"index","follow":"follow","max-snippet":"max-snippet:-1","max-image-preview":"max-image-preview:large","max-video-preview":"max-video-preview:-1"},"canonical":"https:\/\/alchemy-asia.com\/vi\/san-pham\/campari-milano\/","og_locale":"vi_VN","og_type":"article","og_title":"Campari Milano - Alchemy Asia","og_description":"S\u1ef1 r\u00f5 r\u00e0ng \u0111\u1ea7y \u1ea5n t\u01b0\u1ee3ng c\u1ee7a n\u00f3 \u0111\u01b0\u1ee3c k\u1ebft h\u1ee3p v\u1edbi m\u1ed9t h\u01b0\u01a1ng th\u01a1m ph\u1ee9c t\u1ea1p, bao g\u1ed3m c\u00e1c n\u1ed1t th\u1ea3o m\u1ed9c, cam v\u00e0 hoa. V\u1ecb ngon c\u1ee7a n\u00f3 l\u00e0 s\u1ef1 k\u1ebft h\u1ee3p tuy\u1ec7t v\u1eddi gi\u1eefa \u0111\u1ed9 \u0111\u1eafng d\u1ec5 ch\u1ecbu v\u1edbi h\u1eadu v\u1ecb m\u1ec1m m\u1ea1i, th\u1ec3 hi\u1ec7n s\u1ef1 phong ph\u00fa c\u1ee7a cam, th\u1ea3o m\u1ed9c v\u00e0 g\u1ed7. Campari kh\u00f4ng ch\u1ec9 t\u1ed3n t\u1ea1i trong ly, m\u00e0 c\u00f2n mang l\u1ea1i phong c\u00e1ch v\u0129nh c\u1eedu v\u00e0 s\u1ee9c h\u00fat m\u00ea ho\u1eb7c, bi\u1ebfn n\u00f3 kh\u00f4ng ch\u1ec9 l\u00e0 m\u1ed9t lo\u1ea1i \u0111\u1ed3 u\u1ed1ng m\u00e0 c\u00f2n l\u00e0 m\u1ed9t tr\u1ea3i nghi\u1ec7m kh\u00f4ng th\u1ec3 qu\u00ean, m\u1ed9t c\u00e2u chuy\u1ec7n lu\u00f4n ti\u1ebfn tri\u1ec3n, l\u00e0m say m\u00ea v\u00e0 g\u00e2y t\u00f2 m\u00f2. Sau l\u1ea7n ch\u01b0ng c\u1ea5t th\u1ee9 4 c\u00f9ng 12 lo\u1ea1i th\u1ef1c v\u1eadt, Bulldog Gin \u0111\u01b0\u1ee3c h\u1ea1 xu\u1ed1ng c\u00f2n 40 \u0111\u1ed9, t\u1ea1o ra m\u1ed9t d\u00f2ng gin m\u01b0\u1ee3t m\u00e0, c\u00e2n b\u1eb1ng v\u1edbi nhi\u1ec1u l\u1edbp h\u01b0\u01a1ng th\u01a1m cho m\u1ed9t s\u1ef1 h\u00f2a tr\u1ed9n t\u1ed1i \u0111a.","og_url":"https:\/\/alchemy-asia.com\/vi\/san-pham\/campari-milano\/","og_site_name":"Alchemy Asia","og_image":[{"width":2100,"height":2100,"url":"https:\/\/alchemy-asia.com\/vi\/wp-content\/uploads\/sites\/3\/2024\/07\/Campari.png","type":"image\/png"}],"twitter_card":"summary_large_image","twitter_misc":{"\u01af\u1edbc t\u00ednh th\u1eddi gian \u0111\u1ecdc":"1 ph\u00fat"},"schema":{"@context":"https:\/\/schema.org","@graph":[{"@type":"WebPage","@id":"https:\/\/alchemy-asia.com\/vi\/san-pham\/campari-milano\/","url":"https:\/\/alchemy-asia.com\/vi\/san-pham\/campari-milano\/","name":"Campari Milano - Alchemy Asia","isPartOf":{"@id":"https:\/\/alchemy-asia.com\/vi\/#website"},"primaryImageOfPage":{"@id":"https:\/\/alchemy-asia.com\/vi\/san-pham\/campari-milano\/#primaryimage"},"image":{"@id":"https:\/\/alchemy-asia.com\/vi\/san-pham\/campari-milano\/#primaryimage"},"thumbnailUrl":"https:\/\/alchemy-asia.com\/vi\/wp-content\/uploads\/sites\/3\/2024\/07\/Campari.png","datePublished":"2024-09-10T08:33:27+00:00","dateModified":"2024-09-10T08:33:27+00:00","breadcrumb":{"@id":"https:\/\/alchemy-asia.com\/vi\/san-pham\/campari-milano\/#breadcrumb"},"inLanguage":"vi","potentialAction":[{"@type":"ReadAction","target":["https:\/\/alchemy-asia.com\/vi\/san-pham\/campari-milano\/"]}]},{"@type":"ImageObject","inLanguage":"vi","@id":"https:\/\/alchemy-asia.com\/vi\/san-pham\/campari-milano\/#primaryimage","url":"https:\/\/alchemy-asia.com\/vi\/wp-content\/uploads\/sites\/3\/2024\/07\/Campari.png","contentUrl":"https:\/\/alchemy-asia.com\/vi\/wp-content\/uploads\/sites\/3\/2024\/07\/Campari.png","width":2100,"height":2100,"caption":"Campari"},{"@type":"BreadcrumbList","@id":"https:\/\/alchemy-asia.com\/vi\/san-pham\/campari-milano\/#breadcrumb","itemListElement":[{"@type":"ListItem","position":1,"name":"Home","item":"https:\/\/alchemy-asia.com\/vi\/"},{"@type":"ListItem","position":2,"name":"Campari Milano"}]},{"@type":"WebSite","@id":"https:\/\/alchemy-asia.com\/vi\/#website","url":"https:\/\/alchemy-asia.com\/vi\/","name":"Alchemy Asia","description":"Just another Alchemy Asia Sites site","potentialAction":[{"@type":"SearchAction","target":{"@type":"EntryPoint","urlTemplate":"https:\/\/alchemy-asia.com\/vi\/?s={search_term_string}"},"query-input":"required name=search_term_string"}],"inLanguage":"vi"}]}},"_links":{"self":[{"href":"https:\/\/alchemy-asia.com\/vi\/wp-json\/wp\/v2\/product\/8511","targetHints":{"allow":["GET"]}}],"collection":[{"href":"https:\/\/alchemy-asia.com\/vi\/wp-json\/wp\/v2\/product"}],"about":[{"href":"https:\/\/alchemy-asia.com\/vi\/wp-json\/wp\/v2\/types\/product"}],"replies":[{"embeddable":true,"href":"https:\/\/alchemy-asia.com\/vi\/wp-json\/wp\/v2\/comments?post=8511"}],"wp:featuredmedia":[{"embeddable":true,"href":"https:\/\/alchemy-asia.com\/vi\/wp-json\/wp\/v2\/media\/8515"}],"wp:attachment":[{"href":"https:\/\/alchemy-asia.com\/vi\/wp-json\/wp\/v2\/media?parent=8511"}],"wp:term":[{"taxonomy":"product_cat","embeddable":true,"href":"https:\/\/alchemy-asia.com\/vi\/wp-json\/wp\/v2\/product_cat?post=8511"},{"taxonomy":"product_tag","embeddable":true,"href":"https:\/\/alchemy-asia.com\/vi\/wp-json\/wp\/v2\/product_tag?post=8511"}],"curies":[{"name":"wp","href":"https:\/\/api.w.org\/{rel}","templated":true}]}}