{"id":8516,"date":"2024-09-10T08:33:24","date_gmt":"2024-09-10T08:33:24","guid":{"rendered":"https:\/\/alchemy-asia.com\/vi\/?post_type=product&#038;p=8516"},"modified":"2024-09-10T08:33:24","modified_gmt":"2024-09-10T08:33:24","slug":"campari-negroni","status":"publish","type":"product","link":"https:\/\/alchemy-asia.com\/vi\/san-pham\/campari-negroni\/","title":{"rendered":"Campari Negroni"},"content":{"rendered":"","protected":false},"excerpt":{"rendered":"<p><span data-sheets-root=\"1\" data-sheets-value=\"{&quot;1&quot;:2,&quot;2&quot;:&quot;H\u01a1n m\u1ed9t th\u1ebf k\u1ef7 k\u1ec3 t\u1eeb khi ra \u0111\u1eddi t\u1ea1i Florence, Negroni v\u1eabn l\u00e0 bi\u1ec3u t\u01b0\u1ee3ng c\u1ee7a s\u1ee9c h\u1ea5p d\u1eabn v\u00f4 th\u1eddi h\u1ea1n. \u0110am m\u00ea m\u00e0u \u0111\u1ecf \u0111\u01b0\u1ee3c hi\u1ec7n th\u00e2n, cocktail t\u1ef1 h\u00e0o v\u1edbi s\u1eafc \u0111\u1ecf kinh \u0111i\u1ec3n c\u1ee7a Campari. H\u01b0\u01a1ng th\u01a1m th\u1ea3o m\u1ed9c c\u1ee7a n\u00f3, \u0111\u01b0\u1ee3c l\u00e0m phong ph\u00fa b\u1edfi c\u00e1c l\u1edbp tr\u00e1i c\u00e2y \u0111en v\u00e0 \u0111\u01b0\u1ee3c b\u1ed5 sung b\u1edfi c\u00e1c ghi ch\u00fa chanh v\u00e0 h\u1ea1t ng\u00f2 t\u1eeb gin, t\u1ea1o n\u00ean s\u1ef1 \u0111\u1eb7c tr\u01b0ng. H\u01b0\u01a1ng v\u1ecb l\u00e0 m\u1ed9t b\u01b0\u1edbc nh\u1ea3y h\u00f2a h\u1ee3p - v\u1ecb \u0111\u1eafng kinh \u0111i\u1ec3n c\u1ee7a Campari \u0111\u01b0\u1ee3c c\u00e2n b\u1eb1ng b\u1edfi v\u1ecb ng\u1ecdt tr\u00e1i c\u00e2y c\u1ee7a vermouth v\u00e0 h\u01b0\u01a1ng v\u1ecb b\u1ea1ch d\u01b0\u01a1ng c\u1ee7a gin. Campari Negroni Ready to Drink l\u00e0 m\u1ed9t l\u1ed1i v\u00e0o ti\u1ec7n l\u1ee3i \u0111\u1ec3 th\u01b0\u1edfng th\u1ee9c s\u1ee9c h\u1ea5p d\u1eabn c\u1ee7a cocktail n\u00e0y \u0111\u01b0\u1ee3c y\u00eau th\u00edch n\u00e0y.&quot;}\" data-sheets-userformat=\"{&quot;2&quot;:1057789,&quot;3&quot;:{&quot;1&quot;:0},&quot;5&quot;:{&quot;1&quot;:[{&quot;1&quot;:2,&quot;2&quot;:0,&quot;5&quot;:{&quot;1&quot;:2,&quot;2&quot;:0}},{&quot;1&quot;:0,&quot;2&quot;:0,&quot;3&quot;:3},{&quot;1&quot;:1,&quot;2&quot;:0,&quot;4&quot;:1}]},&quot;6&quot;:{&quot;1&quot;:[{&quot;1&quot;:2,&quot;2&quot;:0,&quot;5&quot;:{&quot;1&quot;:2,&quot;2&quot;:0}},{&quot;1&quot;:0,&quot;2&quot;:0,&quot;3&quot;:3},{&quot;1&quot;:1,&quot;2&quot;:0,&quot;4&quot;:1}]},&quot;7&quot;:{&quot;1&quot;:[{&quot;1&quot;:2,&quot;2&quot;:0,&quot;5&quot;:{&quot;1&quot;:2,&quot;2&quot;:0}},{&quot;1&quot;:0,&quot;2&quot;:0,&quot;3&quot;:3},{&quot;1&quot;:1,&quot;2&quot;:0,&quot;4&quot;:1}]},&quot;8&quot;:{&quot;1&quot;:[{&quot;1&quot;:2,&quot;2&quot;:0,&quot;5&quot;:{&quot;1&quot;:2,&quot;2&quot;:0}},{&quot;1&quot;:0,&quot;2&quot;:0,&quot;3&quot;:3},{&quot;1&quot;:1,&quot;2&quot;:0,&quot;4&quot;:1}]},&quot;9&quot;:0,&quot;10&quot;:0,&quot;11&quot;:4,&quot;12&quot;:0,&quot;16&quot;:11,&quot;23&quot;:1}\">H\u01a1n m\u1ed9t th\u1ebf k\u1ef7 k\u1ec3 t\u1eeb khi ra \u0111\u1eddi t\u1ea1i Florence, Negroni v\u1eabn l\u00e0 bi\u1ec3u t\u01b0\u1ee3ng c\u1ee7a s\u1ee9c h\u1ea5p d\u1eabn v\u00f4 th\u1eddi h\u1ea1n. \u0110am m\u00ea m\u00e0u \u0111\u1ecf \u0111\u01b0\u1ee3c hi\u1ec7n th\u00e2n, cocktail t\u1ef1 h\u00e0o v\u1edbi s\u1eafc \u0111\u1ecf kinh \u0111i\u1ec3n c\u1ee7a Campari. H\u01b0\u01a1ng th\u01a1m th\u1ea3o m\u1ed9c c\u1ee7a n\u00f3, \u0111\u01b0\u1ee3c l\u00e0m phong ph\u00fa b\u1edfi c\u00e1c l\u1edbp tr\u00e1i c\u00e2y \u0111en v\u00e0 \u0111\u01b0\u1ee3c b\u1ed5 sung b\u1edfi c\u00e1c ghi ch\u00fa chanh v\u00e0 h\u1ea1t ng\u00f2 t\u1eeb gin, t\u1ea1o n\u00ean s\u1ef1 \u0111\u1eb7c tr\u01b0ng. H\u01b0\u01a1ng v\u1ecb l\u00e0 m\u1ed9t b\u01b0\u1edbc nh\u1ea3y h\u00f2a h\u1ee3p &#8211; v\u1ecb \u0111\u1eafng kinh \u0111i\u1ec3n c\u1ee7a Campari \u0111\u01b0\u1ee3c c\u00e2n b\u1eb1ng b\u1edfi v\u1ecb ng\u1ecdt tr\u00e1i c\u00e2y c\u1ee7a vermouth v\u00e0 h\u01b0\u01a1ng v\u1ecb b\u1ea1ch d\u01b0\u01a1ng c\u1ee7a gin. Campari Negroni Ready to Drink l\u00e0 m\u1ed9t l\u1ed1i v\u00e0o ti\u1ec7n l\u1ee3i \u0111\u1ec3 th\u01b0\u1edfng th\u1ee9c s\u1ee9c h\u1ea5p d\u1eabn c\u1ee7a cocktail n\u00e0y \u0111\u01b0\u1ee3c y\u00eau th\u00edch n\u00e0y.<\/span><\/p>\n","protected":false},"featured_media":8517,"comment_status":"open","ping_status":"closed","template":"","meta":{"_acf_changed":false},"product_cat":[54],"product_tag":[],"class_list":{"0":"post-8516","1":"product","2":"type-product","3":"status-publish","4":"has-post-thumbnail","6":"product_cat-liqueurs","7":"brand-campari","9":"first","10":"instock","11":"shipping-taxable","12":"product-type-simple"},"acf":[],"yoast_head":"<!-- This site is optimized with the Yoast SEO plugin v23.0 - https:\/\/yoast.com\/wordpress\/plugins\/seo\/ -->\n<title>Campari Negroni - Alchemy Asia<\/title>\n<meta name=\"robots\" content=\"index, follow, max-snippet:-1, max-image-preview:large, max-video-preview:-1\" \/>\n<link rel=\"canonical\" href=\"https:\/\/alchemy-asia.com\/vi\/san-pham\/campari-negroni\/\" \/>\n<meta property=\"og:locale\" content=\"vi_VN\" \/>\n<meta property=\"og:type\" content=\"article\" \/>\n<meta property=\"og:title\" content=\"Campari Negroni - Alchemy Asia\" \/>\n<meta property=\"og:description\" content=\"H\u01a1n m\u1ed9t th\u1ebf k\u1ef7 k\u1ec3 t\u1eeb khi ra \u0111\u1eddi t\u1ea1i Florence, Negroni v\u1eabn l\u00e0 bi\u1ec3u t\u01b0\u1ee3ng c\u1ee7a s\u1ee9c h\u1ea5p d\u1eabn v\u00f4 th\u1eddi h\u1ea1n. \u0110am m\u00ea m\u00e0u \u0111\u1ecf \u0111\u01b0\u1ee3c hi\u1ec7n th\u00e2n, cocktail t\u1ef1 h\u00e0o v\u1edbi s\u1eafc \u0111\u1ecf kinh \u0111i\u1ec3n c\u1ee7a Campari. H\u01b0\u01a1ng th\u01a1m th\u1ea3o m\u1ed9c c\u1ee7a n\u00f3, \u0111\u01b0\u1ee3c l\u00e0m phong ph\u00fa b\u1edfi c\u00e1c l\u1edbp tr\u00e1i c\u00e2y \u0111en v\u00e0 \u0111\u01b0\u1ee3c b\u1ed5 sung b\u1edfi c\u00e1c ghi ch\u00fa chanh v\u00e0 h\u1ea1t ng\u00f2 t\u1eeb gin, t\u1ea1o n\u00ean s\u1ef1 \u0111\u1eb7c tr\u01b0ng. H\u01b0\u01a1ng v\u1ecb l\u00e0 m\u1ed9t b\u01b0\u1edbc nh\u1ea3y h\u00f2a h\u1ee3p - v\u1ecb \u0111\u1eafng kinh \u0111i\u1ec3n c\u1ee7a Campari \u0111\u01b0\u1ee3c c\u00e2n b\u1eb1ng b\u1edfi v\u1ecb ng\u1ecdt tr\u00e1i c\u00e2y c\u1ee7a vermouth v\u00e0 h\u01b0\u01a1ng v\u1ecb b\u1ea1ch d\u01b0\u01a1ng c\u1ee7a gin. Campari Negroni Ready to Drink l\u00e0 m\u1ed9t l\u1ed1i v\u00e0o ti\u1ec7n l\u1ee3i \u0111\u1ec3 th\u01b0\u1edfng th\u1ee9c s\u1ee9c h\u1ea5p d\u1eabn c\u1ee7a cocktail n\u00e0y \u0111\u01b0\u1ee3c y\u00eau th\u00edch n\u00e0y.\" \/>\n<meta property=\"og:url\" content=\"https:\/\/alchemy-asia.com\/vi\/san-pham\/campari-negroni\/\" \/>\n<meta property=\"og:site_name\" content=\"Alchemy Asia\" \/>\n<meta property=\"og:image\" content=\"https:\/\/alchemy-asia.com\/vi\/wp-content\/uploads\/sites\/3\/2024\/07\/Campari-Negroni.png\" \/>\n\t<meta property=\"og:image:width\" content=\"2100\" \/>\n\t<meta property=\"og:image:height\" content=\"2100\" \/>\n\t<meta property=\"og:image:type\" content=\"image\/png\" \/>\n<meta name=\"twitter:card\" content=\"summary_large_image\" \/>\n<meta name=\"twitter:label1\" content=\"\u01af\u1edbc t\u00ednh th\u1eddi gian \u0111\u1ecdc\" \/>\n\t<meta name=\"twitter:data1\" content=\"1 ph\u00fat\" \/>\n<script type=\"application\/ld+json\" class=\"yoast-schema-graph\">{\"@context\":\"https:\/\/schema.org\",\"@graph\":[{\"@type\":\"WebPage\",\"@id\":\"https:\/\/alchemy-asia.com\/vi\/san-pham\/campari-negroni\/\",\"url\":\"https:\/\/alchemy-asia.com\/vi\/san-pham\/campari-negroni\/\",\"name\":\"Campari Negroni - Alchemy Asia\",\"isPartOf\":{\"@id\":\"https:\/\/alchemy-asia.com\/vi\/#website\"},\"primaryImageOfPage\":{\"@id\":\"https:\/\/alchemy-asia.com\/vi\/san-pham\/campari-negroni\/#primaryimage\"},\"image\":{\"@id\":\"https:\/\/alchemy-asia.com\/vi\/san-pham\/campari-negroni\/#primaryimage\"},\"thumbnailUrl\":\"https:\/\/alchemy-asia.com\/vi\/wp-content\/uploads\/sites\/3\/2024\/07\/Campari-Negroni.png\",\"datePublished\":\"2024-09-10T08:33:24+00:00\",\"dateModified\":\"2024-09-10T08:33:24+00:00\",\"breadcrumb\":{\"@id\":\"https:\/\/alchemy-asia.com\/vi\/san-pham\/campari-negroni\/#breadcrumb\"},\"inLanguage\":\"vi\",\"potentialAction\":[{\"@type\":\"ReadAction\",\"target\":[\"https:\/\/alchemy-asia.com\/vi\/san-pham\/campari-negroni\/\"]}]},{\"@type\":\"ImageObject\",\"inLanguage\":\"vi\",\"@id\":\"https:\/\/alchemy-asia.com\/vi\/san-pham\/campari-negroni\/#primaryimage\",\"url\":\"https:\/\/alchemy-asia.com\/vi\/wp-content\/uploads\/sites\/3\/2024\/07\/Campari-Negroni.png\",\"contentUrl\":\"https:\/\/alchemy-asia.com\/vi\/wp-content\/uploads\/sites\/3\/2024\/07\/Campari-Negroni.png\",\"width\":2100,\"height\":2100,\"caption\":\"Campari Negroni\"},{\"@type\":\"BreadcrumbList\",\"@id\":\"https:\/\/alchemy-asia.com\/vi\/san-pham\/campari-negroni\/#breadcrumb\",\"itemListElement\":[{\"@type\":\"ListItem\",\"position\":1,\"name\":\"Home\",\"item\":\"https:\/\/alchemy-asia.com\/vi\/\"},{\"@type\":\"ListItem\",\"position\":2,\"name\":\"Campari Negroni\"}]},{\"@type\":\"WebSite\",\"@id\":\"https:\/\/alchemy-asia.com\/vi\/#website\",\"url\":\"https:\/\/alchemy-asia.com\/vi\/\",\"name\":\"Alchemy Asia\",\"description\":\"Just another Alchemy Asia Sites site\",\"potentialAction\":[{\"@type\":\"SearchAction\",\"target\":{\"@type\":\"EntryPoint\",\"urlTemplate\":\"https:\/\/alchemy-asia.com\/vi\/?s={search_term_string}\"},\"query-input\":\"required name=search_term_string\"}],\"inLanguage\":\"vi\"}]}<\/script>\n<!-- \/ Yoast SEO plugin. -->","yoast_head_json":{"title":"Campari Negroni - Alchemy Asia","robots":{"index":"index","follow":"follow","max-snippet":"max-snippet:-1","max-image-preview":"max-image-preview:large","max-video-preview":"max-video-preview:-1"},"canonical":"https:\/\/alchemy-asia.com\/vi\/san-pham\/campari-negroni\/","og_locale":"vi_VN","og_type":"article","og_title":"Campari Negroni - Alchemy Asia","og_description":"H\u01a1n m\u1ed9t th\u1ebf k\u1ef7 k\u1ec3 t\u1eeb khi ra \u0111\u1eddi t\u1ea1i Florence, Negroni v\u1eabn l\u00e0 bi\u1ec3u t\u01b0\u1ee3ng c\u1ee7a s\u1ee9c h\u1ea5p d\u1eabn v\u00f4 th\u1eddi h\u1ea1n. \u0110am m\u00ea m\u00e0u \u0111\u1ecf \u0111\u01b0\u1ee3c hi\u1ec7n th\u00e2n, cocktail t\u1ef1 h\u00e0o v\u1edbi s\u1eafc \u0111\u1ecf kinh \u0111i\u1ec3n c\u1ee7a Campari. H\u01b0\u01a1ng th\u01a1m th\u1ea3o m\u1ed9c c\u1ee7a n\u00f3, \u0111\u01b0\u1ee3c l\u00e0m phong ph\u00fa b\u1edfi c\u00e1c l\u1edbp tr\u00e1i c\u00e2y \u0111en v\u00e0 \u0111\u01b0\u1ee3c b\u1ed5 sung b\u1edfi c\u00e1c ghi ch\u00fa chanh v\u00e0 h\u1ea1t ng\u00f2 t\u1eeb gin, t\u1ea1o n\u00ean s\u1ef1 \u0111\u1eb7c tr\u01b0ng. H\u01b0\u01a1ng v\u1ecb l\u00e0 m\u1ed9t b\u01b0\u1edbc nh\u1ea3y h\u00f2a h\u1ee3p - v\u1ecb \u0111\u1eafng kinh \u0111i\u1ec3n c\u1ee7a Campari \u0111\u01b0\u1ee3c c\u00e2n b\u1eb1ng b\u1edfi v\u1ecb ng\u1ecdt tr\u00e1i c\u00e2y c\u1ee7a vermouth v\u00e0 h\u01b0\u01a1ng v\u1ecb b\u1ea1ch d\u01b0\u01a1ng c\u1ee7a gin. Campari Negroni Ready to Drink l\u00e0 m\u1ed9t l\u1ed1i v\u00e0o ti\u1ec7n l\u1ee3i \u0111\u1ec3 th\u01b0\u1edfng th\u1ee9c s\u1ee9c h\u1ea5p d\u1eabn c\u1ee7a cocktail n\u00e0y \u0111\u01b0\u1ee3c y\u00eau th\u00edch n\u00e0y.","og_url":"https:\/\/alchemy-asia.com\/vi\/san-pham\/campari-negroni\/","og_site_name":"Alchemy Asia","og_image":[{"width":2100,"height":2100,"url":"https:\/\/alchemy-asia.com\/vi\/wp-content\/uploads\/sites\/3\/2024\/07\/Campari-Negroni.png","type":"image\/png"}],"twitter_card":"summary_large_image","twitter_misc":{"\u01af\u1edbc t\u00ednh th\u1eddi gian \u0111\u1ecdc":"1 ph\u00fat"},"schema":{"@context":"https:\/\/schema.org","@graph":[{"@type":"WebPage","@id":"https:\/\/alchemy-asia.com\/vi\/san-pham\/campari-negroni\/","url":"https:\/\/alchemy-asia.com\/vi\/san-pham\/campari-negroni\/","name":"Campari Negroni - Alchemy Asia","isPartOf":{"@id":"https:\/\/alchemy-asia.com\/vi\/#website"},"primaryImageOfPage":{"@id":"https:\/\/alchemy-asia.com\/vi\/san-pham\/campari-negroni\/#primaryimage"},"image":{"@id":"https:\/\/alchemy-asia.com\/vi\/san-pham\/campari-negroni\/#primaryimage"},"thumbnailUrl":"https:\/\/alchemy-asia.com\/vi\/wp-content\/uploads\/sites\/3\/2024\/07\/Campari-Negroni.png","datePublished":"2024-09-10T08:33:24+00:00","dateModified":"2024-09-10T08:33:24+00:00","breadcrumb":{"@id":"https:\/\/alchemy-asia.com\/vi\/san-pham\/campari-negroni\/#breadcrumb"},"inLanguage":"vi","potentialAction":[{"@type":"ReadAction","target":["https:\/\/alchemy-asia.com\/vi\/san-pham\/campari-negroni\/"]}]},{"@type":"ImageObject","inLanguage":"vi","@id":"https:\/\/alchemy-asia.com\/vi\/san-pham\/campari-negroni\/#primaryimage","url":"https:\/\/alchemy-asia.com\/vi\/wp-content\/uploads\/sites\/3\/2024\/07\/Campari-Negroni.png","contentUrl":"https:\/\/alchemy-asia.com\/vi\/wp-content\/uploads\/sites\/3\/2024\/07\/Campari-Negroni.png","width":2100,"height":2100,"caption":"Campari Negroni"},{"@type":"BreadcrumbList","@id":"https:\/\/alchemy-asia.com\/vi\/san-pham\/campari-negroni\/#breadcrumb","itemListElement":[{"@type":"ListItem","position":1,"name":"Home","item":"https:\/\/alchemy-asia.com\/vi\/"},{"@type":"ListItem","position":2,"name":"Campari Negroni"}]},{"@type":"WebSite","@id":"https:\/\/alchemy-asia.com\/vi\/#website","url":"https:\/\/alchemy-asia.com\/vi\/","name":"Alchemy Asia","description":"Just another Alchemy Asia Sites site","potentialAction":[{"@type":"SearchAction","target":{"@type":"EntryPoint","urlTemplate":"https:\/\/alchemy-asia.com\/vi\/?s={search_term_string}"},"query-input":"required name=search_term_string"}],"inLanguage":"vi"}]}},"_links":{"self":[{"href":"https:\/\/alchemy-asia.com\/vi\/wp-json\/wp\/v2\/product\/8516","targetHints":{"allow":["GET"]}}],"collection":[{"href":"https:\/\/alchemy-asia.com\/vi\/wp-json\/wp\/v2\/product"}],"about":[{"href":"https:\/\/alchemy-asia.com\/vi\/wp-json\/wp\/v2\/types\/product"}],"replies":[{"embeddable":true,"href":"https:\/\/alchemy-asia.com\/vi\/wp-json\/wp\/v2\/comments?post=8516"}],"wp:featuredmedia":[{"embeddable":true,"href":"https:\/\/alchemy-asia.com\/vi\/wp-json\/wp\/v2\/media\/8517"}],"wp:attachment":[{"href":"https:\/\/alchemy-asia.com\/vi\/wp-json\/wp\/v2\/media?parent=8516"}],"wp:term":[{"taxonomy":"product_cat","embeddable":true,"href":"https:\/\/alchemy-asia.com\/vi\/wp-json\/wp\/v2\/product_cat?post=8516"},{"taxonomy":"product_tag","embeddable":true,"href":"https:\/\/alchemy-asia.com\/vi\/wp-json\/wp\/v2\/product_tag?post=8516"}],"curies":[{"name":"wp","href":"https:\/\/api.w.org\/{rel}","templated":true}]}}