{"id":8518,"date":"2024-09-10T08:33:21","date_gmt":"2024-09-10T08:33:21","guid":{"rendered":"https:\/\/alchemy-asia.com\/vi\/?post_type=product&#038;p=8518"},"modified":"2024-09-10T08:33:21","modified_gmt":"2024-09-10T08:33:21","slug":"cinzano-asti","status":"publish","type":"product","link":"https:\/\/alchemy-asia.com\/vi\/san-pham\/cinzano-asti\/","title":{"rendered":"Cinzano Asti"},"content":{"rendered":"","protected":false},"excerpt":{"rendered":"<p><span data-sheets-root=\"1\" data-sheets-value=\"{&quot;1&quot;:2,&quot;2&quot;:&quot;Cinzano Asti D.O.C.G mang h\u01b0\u01a1ng th\u01a1m tinh t\u1ebf v\u00e0 h\u00e0o ph\u00f3ng l\u00e0 m\u1ed9t h\u00e0nh tr\u00ecnh gi\u00e1c quan, g\u1ee3i l\u00ean tinh th\u1ea7n \u0111o\u00e0n k\u1ebft. Cinzano Asti D.O.C.G. m\u1edf ra nh\u01b0 m\u1ed9t kho b\u00e1u s\u1ee7i b\u1ecdt v\u1edbi m\u1ed9t boquet ng\u1ecdt ng\u00e0o v\u00e0 th\u01a1m ph\u1ee9c nh\u01b0 m\u1ed9t v\u01b0\u1eddn hoa n\u1edf r\u1ed9 - nh\u1eefng ghi ch\u00fa c\u1ee7a c\u00e2y h\u00fang, \u0111\u00e0o tr\u1eafng, hoa acacia v\u00e0 m\u1eadt ong t\u1ea1o n\u00ean m\u1ed9t b\u1ea3n h\u00f2a \u00e2m \u0111\u00e1ng y\u00eau cho c\u1ea3 gi\u00e1c quan v\u00e0 v\u00f2m mi\u1ec7ng. M\u00e0u s\u1eafc, m\u00e0u v\u00e0ng r\u01a1m v\u1edbi \u00e1nh xanh nh\u1ea1t ph\u1ea3n chi\u1ebfu, ph\u00f9 h\u1ee3p v\u1edbi h\u01b0\u01a1ng th\u01a1m nh\u1eb9 nh\u00e0ng v\u00e0 s\u1ea3ng kho\u00e1i c\u1ee7a c\u00e2y h\u00fang v\u00e0 hoa acacia. V\u1ecb ngon l\u00e0 s\u1ef1 pha tr\u1ed9n h\u00e0i h\u00f2a c\u1ee7a \u0111\u00e0o tr\u1eafng ng\u1ecdt ng\u00e0o v\u00e0 ch\u1ea5t l\u00e0m m\u1edbi d\u1ec5 ch\u1ecbu k\u00e9o d\u00e0i. Cinzano Asti D.O.C.G. l\u00e0 m\u1ed9t cu\u1ed9c k\u1ef7 ni\u1ec7m v\u1ec1 v\u00f9ng \u0111\u1ea5t, t\u00ecnh b\u1ea1n v\u00e0 ni\u1ec1m vui t\u1eeb nh\u1eefng kho\u1ea3nh kh\u1eafc \u0111\u01b0\u1ee3c chia s\u1ebb.&quot;}\" data-sheets-userformat=\"{&quot;2&quot;:1057789,&quot;3&quot;:{&quot;1&quot;:0},&quot;5&quot;:{&quot;1&quot;:[{&quot;1&quot;:2,&quot;2&quot;:0,&quot;5&quot;:{&quot;1&quot;:2,&quot;2&quot;:0}},{&quot;1&quot;:0,&quot;2&quot;:0,&quot;3&quot;:3},{&quot;1&quot;:1,&quot;2&quot;:0,&quot;4&quot;:1}]},&quot;6&quot;:{&quot;1&quot;:[{&quot;1&quot;:2,&quot;2&quot;:0,&quot;5&quot;:{&quot;1&quot;:2,&quot;2&quot;:0}},{&quot;1&quot;:0,&quot;2&quot;:0,&quot;3&quot;:3},{&quot;1&quot;:1,&quot;2&quot;:0,&quot;4&quot;:1}]},&quot;7&quot;:{&quot;1&quot;:[{&quot;1&quot;:2,&quot;2&quot;:0,&quot;5&quot;:{&quot;1&quot;:2,&quot;2&quot;:0}},{&quot;1&quot;:0,&quot;2&quot;:0,&quot;3&quot;:3},{&quot;1&quot;:1,&quot;2&quot;:0,&quot;4&quot;:1}]},&quot;8&quot;:{&quot;1&quot;:[{&quot;1&quot;:2,&quot;2&quot;:0,&quot;5&quot;:{&quot;1&quot;:2,&quot;2&quot;:0}},{&quot;1&quot;:0,&quot;2&quot;:0,&quot;3&quot;:3},{&quot;1&quot;:1,&quot;2&quot;:0,&quot;4&quot;:1}]},&quot;9&quot;:0,&quot;10&quot;:0,&quot;11&quot;:4,&quot;12&quot;:0,&quot;16&quot;:10,&quot;23&quot;:1}\">Cinzano Asti D.O.C.G mang h\u01b0\u01a1ng th\u01a1m tinh t\u1ebf v\u00e0 h\u00e0o ph\u00f3ng l\u00e0 m\u1ed9t h\u00e0nh tr\u00ecnh gi\u00e1c quan, g\u1ee3i l\u00ean tinh th\u1ea7n \u0111o\u00e0n k\u1ebft. Cinzano Asti D.O.C.G. m\u1edf ra nh\u01b0 m\u1ed9t kho b\u00e1u s\u1ee7i b\u1ecdt v\u1edbi m\u1ed9t boquet ng\u1ecdt ng\u00e0o v\u00e0 th\u01a1m ph\u1ee9c nh\u01b0 m\u1ed9t v\u01b0\u1eddn hoa n\u1edf r\u1ed9 &#8211; nh\u1eefng ghi ch\u00fa c\u1ee7a c\u00e2y h\u00fang, \u0111\u00e0o tr\u1eafng, hoa acacia v\u00e0 m\u1eadt ong t\u1ea1o n\u00ean m\u1ed9t b\u1ea3n h\u00f2a \u00e2m \u0111\u00e1ng y\u00eau cho c\u1ea3 gi\u00e1c quan v\u00e0 v\u00f2m mi\u1ec7ng. M\u00e0u s\u1eafc, m\u00e0u v\u00e0ng r\u01a1m v\u1edbi \u00e1nh xanh nh\u1ea1t ph\u1ea3n chi\u1ebfu, ph\u00f9 h\u1ee3p v\u1edbi h\u01b0\u01a1ng th\u01a1m nh\u1eb9 nh\u00e0ng v\u00e0 s\u1ea3ng kho\u00e1i c\u1ee7a c\u00e2y h\u00fang v\u00e0 hoa acacia. V\u1ecb ngon l\u00e0 s\u1ef1 pha tr\u1ed9n h\u00e0i h\u00f2a c\u1ee7a \u0111\u00e0o tr\u1eafng ng\u1ecdt ng\u00e0o v\u00e0 ch\u1ea5t l\u00e0m m\u1edbi d\u1ec5 ch\u1ecbu k\u00e9o d\u00e0i. Cinzano Asti D.O.C.G. l\u00e0 m\u1ed9t cu\u1ed9c k\u1ef7 ni\u1ec7m v\u1ec1 v\u00f9ng \u0111\u1ea5t, t\u00ecnh b\u1ea1n v\u00e0 ni\u1ec1m vui t\u1eeb nh\u1eefng kho\u1ea3nh kh\u1eafc \u0111\u01b0\u1ee3c chia s\u1ebb.<\/span><\/p>\n","protected":false},"featured_media":8520,"comment_status":"open","ping_status":"closed","template":"","meta":{"_acf_changed":false},"product_cat":[59],"product_tag":[],"class_list":{"0":"post-8518","1":"product","2":"type-product","3":"status-publish","4":"has-post-thumbnail","6":"product_cat-sparkling-wines","7":"brand-cinzano","9":"first","10":"instock","11":"shipping-taxable","12":"product-type-simple"},"acf":[],"yoast_head":"<!-- This site is optimized with the Yoast SEO plugin v23.0 - https:\/\/yoast.com\/wordpress\/plugins\/seo\/ -->\n<title>Cinzano Asti - Alchemy Asia<\/title>\n<meta name=\"robots\" content=\"index, follow, max-snippet:-1, max-image-preview:large, max-video-preview:-1\" \/>\n<link rel=\"canonical\" href=\"https:\/\/alchemy-asia.com\/vi\/san-pham\/cinzano-asti\/\" \/>\n<meta property=\"og:locale\" content=\"vi_VN\" \/>\n<meta property=\"og:type\" content=\"article\" \/>\n<meta property=\"og:title\" content=\"Cinzano Asti - Alchemy Asia\" \/>\n<meta property=\"og:description\" content=\"Cinzano Asti D.O.C.G mang h\u01b0\u01a1ng th\u01a1m tinh t\u1ebf v\u00e0 h\u00e0o ph\u00f3ng l\u00e0 m\u1ed9t h\u00e0nh tr\u00ecnh gi\u00e1c quan, g\u1ee3i l\u00ean tinh th\u1ea7n \u0111o\u00e0n k\u1ebft. Cinzano Asti D.O.C.G. m\u1edf ra nh\u01b0 m\u1ed9t kho b\u00e1u s\u1ee7i b\u1ecdt v\u1edbi m\u1ed9t boquet ng\u1ecdt ng\u00e0o v\u00e0 th\u01a1m ph\u1ee9c nh\u01b0 m\u1ed9t v\u01b0\u1eddn hoa n\u1edf r\u1ed9 - nh\u1eefng ghi ch\u00fa c\u1ee7a c\u00e2y h\u00fang, \u0111\u00e0o tr\u1eafng, hoa acacia v\u00e0 m\u1eadt ong t\u1ea1o n\u00ean m\u1ed9t b\u1ea3n h\u00f2a \u00e2m \u0111\u00e1ng y\u00eau cho c\u1ea3 gi\u00e1c quan v\u00e0 v\u00f2m mi\u1ec7ng. M\u00e0u s\u1eafc, m\u00e0u v\u00e0ng r\u01a1m v\u1edbi \u00e1nh xanh nh\u1ea1t ph\u1ea3n chi\u1ebfu, ph\u00f9 h\u1ee3p v\u1edbi h\u01b0\u01a1ng th\u01a1m nh\u1eb9 nh\u00e0ng v\u00e0 s\u1ea3ng kho\u00e1i c\u1ee7a c\u00e2y h\u00fang v\u00e0 hoa acacia. V\u1ecb ngon l\u00e0 s\u1ef1 pha tr\u1ed9n h\u00e0i h\u00f2a c\u1ee7a \u0111\u00e0o tr\u1eafng ng\u1ecdt ng\u00e0o v\u00e0 ch\u1ea5t l\u00e0m m\u1edbi d\u1ec5 ch\u1ecbu k\u00e9o d\u00e0i. Cinzano Asti D.O.C.G. l\u00e0 m\u1ed9t cu\u1ed9c k\u1ef7 ni\u1ec7m v\u1ec1 v\u00f9ng \u0111\u1ea5t, t\u00ecnh b\u1ea1n v\u00e0 ni\u1ec1m vui t\u1eeb nh\u1eefng kho\u1ea3nh kh\u1eafc \u0111\u01b0\u1ee3c chia s\u1ebb.\" \/>\n<meta property=\"og:url\" content=\"https:\/\/alchemy-asia.com\/vi\/san-pham\/cinzano-asti\/\" \/>\n<meta property=\"og:site_name\" content=\"Alchemy Asia\" \/>\n<meta property=\"og:image\" content=\"https:\/\/alchemy-asia.com\/vi\/wp-content\/uploads\/sites\/3\/2024\/07\/Cinzano-Asti-SPARKLING-WINES.png\" \/>\n\t<meta property=\"og:image:width\" content=\"2100\" \/>\n\t<meta property=\"og:image:height\" content=\"2100\" \/>\n\t<meta property=\"og:image:type\" content=\"image\/png\" \/>\n<meta name=\"twitter:card\" content=\"summary_large_image\" \/>\n<meta name=\"twitter:label1\" content=\"\u01af\u1edbc t\u00ednh th\u1eddi gian \u0111\u1ecdc\" \/>\n\t<meta name=\"twitter:data1\" content=\"1 ph\u00fat\" \/>\n<script type=\"application\/ld+json\" class=\"yoast-schema-graph\">{\"@context\":\"https:\/\/schema.org\",\"@graph\":[{\"@type\":\"WebPage\",\"@id\":\"https:\/\/alchemy-asia.com\/vi\/san-pham\/cinzano-asti\/\",\"url\":\"https:\/\/alchemy-asia.com\/vi\/san-pham\/cinzano-asti\/\",\"name\":\"Cinzano Asti - Alchemy Asia\",\"isPartOf\":{\"@id\":\"https:\/\/alchemy-asia.com\/vi\/#website\"},\"primaryImageOfPage\":{\"@id\":\"https:\/\/alchemy-asia.com\/vi\/san-pham\/cinzano-asti\/#primaryimage\"},\"image\":{\"@id\":\"https:\/\/alchemy-asia.com\/vi\/san-pham\/cinzano-asti\/#primaryimage\"},\"thumbnailUrl\":\"https:\/\/alchemy-asia.com\/vi\/wp-content\/uploads\/sites\/3\/2024\/07\/Cinzano-Asti-SPARKLING-WINES.png\",\"datePublished\":\"2024-09-10T08:33:21+00:00\",\"dateModified\":\"2024-09-10T08:33:21+00:00\",\"breadcrumb\":{\"@id\":\"https:\/\/alchemy-asia.com\/vi\/san-pham\/cinzano-asti\/#breadcrumb\"},\"inLanguage\":\"vi\",\"potentialAction\":[{\"@type\":\"ReadAction\",\"target\":[\"https:\/\/alchemy-asia.com\/vi\/san-pham\/cinzano-asti\/\"]}]},{\"@type\":\"ImageObject\",\"inLanguage\":\"vi\",\"@id\":\"https:\/\/alchemy-asia.com\/vi\/san-pham\/cinzano-asti\/#primaryimage\",\"url\":\"https:\/\/alchemy-asia.com\/vi\/wp-content\/uploads\/sites\/3\/2024\/07\/Cinzano-Asti-SPARKLING-WINES.png\",\"contentUrl\":\"https:\/\/alchemy-asia.com\/vi\/wp-content\/uploads\/sites\/3\/2024\/07\/Cinzano-Asti-SPARKLING-WINES.png\",\"width\":2100,\"height\":2100,\"caption\":\"Cinzano Asti SPARKLING WINES\"},{\"@type\":\"BreadcrumbList\",\"@id\":\"https:\/\/alchemy-asia.com\/vi\/san-pham\/cinzano-asti\/#breadcrumb\",\"itemListElement\":[{\"@type\":\"ListItem\",\"position\":1,\"name\":\"Home\",\"item\":\"https:\/\/alchemy-asia.com\/vi\/\"},{\"@type\":\"ListItem\",\"position\":2,\"name\":\"Cinzano Asti\"}]},{\"@type\":\"WebSite\",\"@id\":\"https:\/\/alchemy-asia.com\/vi\/#website\",\"url\":\"https:\/\/alchemy-asia.com\/vi\/\",\"name\":\"Alchemy Asia\",\"description\":\"Just another Alchemy Asia Sites site\",\"potentialAction\":[{\"@type\":\"SearchAction\",\"target\":{\"@type\":\"EntryPoint\",\"urlTemplate\":\"https:\/\/alchemy-asia.com\/vi\/?s={search_term_string}\"},\"query-input\":\"required name=search_term_string\"}],\"inLanguage\":\"vi\"}]}<\/script>\n<!-- \/ Yoast SEO plugin. -->","yoast_head_json":{"title":"Cinzano Asti - Alchemy Asia","robots":{"index":"index","follow":"follow","max-snippet":"max-snippet:-1","max-image-preview":"max-image-preview:large","max-video-preview":"max-video-preview:-1"},"canonical":"https:\/\/alchemy-asia.com\/vi\/san-pham\/cinzano-asti\/","og_locale":"vi_VN","og_type":"article","og_title":"Cinzano Asti - Alchemy Asia","og_description":"Cinzano Asti D.O.C.G mang h\u01b0\u01a1ng th\u01a1m tinh t\u1ebf v\u00e0 h\u00e0o ph\u00f3ng l\u00e0 m\u1ed9t h\u00e0nh tr\u00ecnh gi\u00e1c quan, g\u1ee3i l\u00ean tinh th\u1ea7n \u0111o\u00e0n k\u1ebft. Cinzano Asti D.O.C.G. m\u1edf ra nh\u01b0 m\u1ed9t kho b\u00e1u s\u1ee7i b\u1ecdt v\u1edbi m\u1ed9t boquet ng\u1ecdt ng\u00e0o v\u00e0 th\u01a1m ph\u1ee9c nh\u01b0 m\u1ed9t v\u01b0\u1eddn hoa n\u1edf r\u1ed9 - nh\u1eefng ghi ch\u00fa c\u1ee7a c\u00e2y h\u00fang, \u0111\u00e0o tr\u1eafng, hoa acacia v\u00e0 m\u1eadt ong t\u1ea1o n\u00ean m\u1ed9t b\u1ea3n h\u00f2a \u00e2m \u0111\u00e1ng y\u00eau cho c\u1ea3 gi\u00e1c quan v\u00e0 v\u00f2m mi\u1ec7ng. M\u00e0u s\u1eafc, m\u00e0u v\u00e0ng r\u01a1m v\u1edbi \u00e1nh xanh nh\u1ea1t ph\u1ea3n chi\u1ebfu, ph\u00f9 h\u1ee3p v\u1edbi h\u01b0\u01a1ng th\u01a1m nh\u1eb9 nh\u00e0ng v\u00e0 s\u1ea3ng kho\u00e1i c\u1ee7a c\u00e2y h\u00fang v\u00e0 hoa acacia. V\u1ecb ngon l\u00e0 s\u1ef1 pha tr\u1ed9n h\u00e0i h\u00f2a c\u1ee7a \u0111\u00e0o tr\u1eafng ng\u1ecdt ng\u00e0o v\u00e0 ch\u1ea5t l\u00e0m m\u1edbi d\u1ec5 ch\u1ecbu k\u00e9o d\u00e0i. Cinzano Asti D.O.C.G. l\u00e0 m\u1ed9t cu\u1ed9c k\u1ef7 ni\u1ec7m v\u1ec1 v\u00f9ng \u0111\u1ea5t, t\u00ecnh b\u1ea1n v\u00e0 ni\u1ec1m vui t\u1eeb nh\u1eefng kho\u1ea3nh kh\u1eafc \u0111\u01b0\u1ee3c chia s\u1ebb.","og_url":"https:\/\/alchemy-asia.com\/vi\/san-pham\/cinzano-asti\/","og_site_name":"Alchemy Asia","og_image":[{"width":2100,"height":2100,"url":"https:\/\/alchemy-asia.com\/vi\/wp-content\/uploads\/sites\/3\/2024\/07\/Cinzano-Asti-SPARKLING-WINES.png","type":"image\/png"}],"twitter_card":"summary_large_image","twitter_misc":{"\u01af\u1edbc t\u00ednh th\u1eddi gian \u0111\u1ecdc":"1 ph\u00fat"},"schema":{"@context":"https:\/\/schema.org","@graph":[{"@type":"WebPage","@id":"https:\/\/alchemy-asia.com\/vi\/san-pham\/cinzano-asti\/","url":"https:\/\/alchemy-asia.com\/vi\/san-pham\/cinzano-asti\/","name":"Cinzano Asti - Alchemy Asia","isPartOf":{"@id":"https:\/\/alchemy-asia.com\/vi\/#website"},"primaryImageOfPage":{"@id":"https:\/\/alchemy-asia.com\/vi\/san-pham\/cinzano-asti\/#primaryimage"},"image":{"@id":"https:\/\/alchemy-asia.com\/vi\/san-pham\/cinzano-asti\/#primaryimage"},"thumbnailUrl":"https:\/\/alchemy-asia.com\/vi\/wp-content\/uploads\/sites\/3\/2024\/07\/Cinzano-Asti-SPARKLING-WINES.png","datePublished":"2024-09-10T08:33:21+00:00","dateModified":"2024-09-10T08:33:21+00:00","breadcrumb":{"@id":"https:\/\/alchemy-asia.com\/vi\/san-pham\/cinzano-asti\/#breadcrumb"},"inLanguage":"vi","potentialAction":[{"@type":"ReadAction","target":["https:\/\/alchemy-asia.com\/vi\/san-pham\/cinzano-asti\/"]}]},{"@type":"ImageObject","inLanguage":"vi","@id":"https:\/\/alchemy-asia.com\/vi\/san-pham\/cinzano-asti\/#primaryimage","url":"https:\/\/alchemy-asia.com\/vi\/wp-content\/uploads\/sites\/3\/2024\/07\/Cinzano-Asti-SPARKLING-WINES.png","contentUrl":"https:\/\/alchemy-asia.com\/vi\/wp-content\/uploads\/sites\/3\/2024\/07\/Cinzano-Asti-SPARKLING-WINES.png","width":2100,"height":2100,"caption":"Cinzano Asti SPARKLING WINES"},{"@type":"BreadcrumbList","@id":"https:\/\/alchemy-asia.com\/vi\/san-pham\/cinzano-asti\/#breadcrumb","itemListElement":[{"@type":"ListItem","position":1,"name":"Home","item":"https:\/\/alchemy-asia.com\/vi\/"},{"@type":"ListItem","position":2,"name":"Cinzano Asti"}]},{"@type":"WebSite","@id":"https:\/\/alchemy-asia.com\/vi\/#website","url":"https:\/\/alchemy-asia.com\/vi\/","name":"Alchemy Asia","description":"Just another Alchemy Asia Sites site","potentialAction":[{"@type":"SearchAction","target":{"@type":"EntryPoint","urlTemplate":"https:\/\/alchemy-asia.com\/vi\/?s={search_term_string}"},"query-input":"required name=search_term_string"}],"inLanguage":"vi"}]}},"_links":{"self":[{"href":"https:\/\/alchemy-asia.com\/vi\/wp-json\/wp\/v2\/product\/8518","targetHints":{"allow":["GET"]}}],"collection":[{"href":"https:\/\/alchemy-asia.com\/vi\/wp-json\/wp\/v2\/product"}],"about":[{"href":"https:\/\/alchemy-asia.com\/vi\/wp-json\/wp\/v2\/types\/product"}],"replies":[{"embeddable":true,"href":"https:\/\/alchemy-asia.com\/vi\/wp-json\/wp\/v2\/comments?post=8518"}],"wp:featuredmedia":[{"embeddable":true,"href":"https:\/\/alchemy-asia.com\/vi\/wp-json\/wp\/v2\/media\/8520"}],"wp:attachment":[{"href":"https:\/\/alchemy-asia.com\/vi\/wp-json\/wp\/v2\/media?parent=8518"}],"wp:term":[{"taxonomy":"product_cat","embeddable":true,"href":"https:\/\/alchemy-asia.com\/vi\/wp-json\/wp\/v2\/product_cat?post=8518"},{"taxonomy":"product_tag","embeddable":true,"href":"https:\/\/alchemy-asia.com\/vi\/wp-json\/wp\/v2\/product_tag?post=8518"}],"curies":[{"name":"wp","href":"https:\/\/api.w.org\/{rel}","templated":true}]}}