{"id":8519,"date":"2024-09-10T08:54:31","date_gmt":"2024-09-10T08:54:31","guid":{"rendered":"https:\/\/alchemy-asia.com\/vi\/?post_type=product&#038;p=8519"},"modified":"2024-09-10T08:54:32","modified_gmt":"2024-09-10T08:54:32","slug":"passoa","status":"publish","type":"product","link":"https:\/\/alchemy-asia.com\/vi\/san-pham\/passoa\/","title":{"rendered":"PASSO\u00c3"},"content":{"rendered":"","protected":false},"excerpt":{"rendered":"<p>Passo\u00e3 l\u00e0 m\u1ed9t lo\u1ea1i r\u01b0\u1ee3u m\u00f9i chanh d\u00e2y \u0111\u1eadm \u0111\u00e0 v\u1edbi h\u01b0\u01a1ng v\u1ecb ng\u1ecdt ng\u00e0o v\u00e0 c\u1ea3m gi\u00e1c t\u01b0\u01a1i m\u00e1t d\u1ec5 ch\u1ecbu. N\u00f3 \u0111\u01b0\u1ee3c l\u00e0m b\u1eb1ng chanh d\u00e2y Brazil v\u00e0 \u0111\u01b0\u1ee3c \u0111\u1ef1ng trong chai m\u00e0u \u0111en \u0111\u1eb7c bi\u1ec7t. Passo\u00e3 \u0111\u01b0\u1ee3c bi\u1ebft \u0111\u1ebfn r\u1ed9ng r\u00e3i nh\u01b0 m\u1ed9t trong nh\u1eefng th\u00e0nh ph\u1ea7n ch\u00ednh c\u1ee7a Pornstar Martini.<\/p>\n<p>Tasting Notes:<br \/>\nPasso\u00e3 \u0111\u01b0\u1ee3c t\u1ea1o ta, nh\u01b0ng kh\u00f4ng gi\u1edbi h\u1ea1n \u1edf Pornstar Martini c\u1ed5 \u0111i\u1ec3n. Ch\u1ec9 v\u1edbi 17% abv, n\u00f3 t\u1ea1o n\u00ean c\u1ea3m gi\u00e1c t\u01b0\u01a1i m\u1edbi tuy\u1ec7t v\u1eddi khi pha v\u1edbi n\u01b0\u1edbc t\u0103ng l\u1ef1c ho\u1eb7c r\u01b0\u1ee3u g\u1eebng. M\u00e0u \u0111\u1ecf n\u1ed5i b\u1eadt v\u00e0 h\u01b0\u01a1ng v\u1ecb nhi\u1ec7t \u0111\u1edbi c\u1ee7a n\u00f3 t\u1eeb l\u00e2u \u0111\u00e3 \u0111\u01b0\u1ee3c nh\u1eefng ng\u01b0\u1eddi pha ch\u1ebf v\u00e0 nh\u1eefng ng\u01b0\u1eddi y\u00eau th\u00edch cocktail tr\u00ean to\u00e0n c\u1ea7u y\u00eau th\u00edch!<\/p>\n","protected":false},"featured_media":8525,"comment_status":"open","ping_status":"closed","template":"","meta":{"_acf_changed":false},"product_cat":[54],"product_tag":[],"class_list":{"0":"post-8519","1":"product","2":"type-product","3":"status-publish","4":"has-post-thumbnail","6":"product_cat-liqueurs","7":"brand-passoa","9":"first","10":"instock","11":"shipping-taxable","12":"product-type-simple"},"acf":[],"yoast_head":"<!-- This site is optimized with the Yoast SEO plugin v23.0 - https:\/\/yoast.com\/wordpress\/plugins\/seo\/ -->\n<title>PASSO\u00c3 - Alchemy Asia<\/title>\n<meta name=\"robots\" content=\"index, follow, max-snippet:-1, max-image-preview:large, max-video-preview:-1\" \/>\n<link rel=\"canonical\" href=\"https:\/\/alchemy-asia.com\/vi\/san-pham\/passoa\/\" \/>\n<meta property=\"og:locale\" content=\"vi_VN\" \/>\n<meta property=\"og:type\" content=\"article\" \/>\n<meta property=\"og:title\" content=\"PASSO\u00c3 - Alchemy Asia\" \/>\n<meta property=\"og:description\" content=\"Passo\u00e3 l\u00e0 m\u1ed9t lo\u1ea1i r\u01b0\u1ee3u m\u00f9i chanh d\u00e2y \u0111\u1eadm \u0111\u00e0 v\u1edbi h\u01b0\u01a1ng v\u1ecb ng\u1ecdt ng\u00e0o v\u00e0 c\u1ea3m gi\u00e1c t\u01b0\u01a1i m\u00e1t d\u1ec5 ch\u1ecbu. N\u00f3 \u0111\u01b0\u1ee3c l\u00e0m b\u1eb1ng chanh d\u00e2y Brazil v\u00e0 \u0111\u01b0\u1ee3c \u0111\u1ef1ng trong chai m\u00e0u \u0111en \u0111\u1eb7c bi\u1ec7t. Passo\u00e3 \u0111\u01b0\u1ee3c bi\u1ebft \u0111\u1ebfn r\u1ed9ng r\u00e3i nh\u01b0 m\u1ed9t trong nh\u1eefng th\u00e0nh ph\u1ea7n ch\u00ednh c\u1ee7a Pornstar Martini.  Tasting Notes: Passo\u00e3 \u0111\u01b0\u1ee3c t\u1ea1o ta, nh\u01b0ng kh\u00f4ng gi\u1edbi h\u1ea1n \u1edf Pornstar Martini c\u1ed5 \u0111i\u1ec3n. Ch\u1ec9 v\u1edbi 17% abv, n\u00f3 t\u1ea1o n\u00ean c\u1ea3m gi\u00e1c t\u01b0\u01a1i m\u1edbi tuy\u1ec7t v\u1eddi khi pha v\u1edbi n\u01b0\u1edbc t\u0103ng l\u1ef1c ho\u1eb7c r\u01b0\u1ee3u g\u1eebng. M\u00e0u \u0111\u1ecf n\u1ed5i b\u1eadt v\u00e0 h\u01b0\u01a1ng v\u1ecb nhi\u1ec7t \u0111\u1edbi c\u1ee7a n\u00f3 t\u1eeb l\u00e2u \u0111\u00e3 \u0111\u01b0\u1ee3c nh\u1eefng ng\u01b0\u1eddi pha ch\u1ebf v\u00e0 nh\u1eefng ng\u01b0\u1eddi y\u00eau th\u00edch cocktail tr\u00ean to\u00e0n c\u1ea7u y\u00eau th\u00edch!\" \/>\n<meta property=\"og:url\" content=\"https:\/\/alchemy-asia.com\/vi\/san-pham\/passoa\/\" \/>\n<meta property=\"og:site_name\" content=\"Alchemy Asia\" \/>\n<meta property=\"article:modified_time\" content=\"2024-09-10T08:54:32+00:00\" \/>\n<meta property=\"og:image\" content=\"https:\/\/alchemy-asia.com\/vi\/wp-content\/uploads\/sites\/3\/2024\/07\/PASSOA-1024x1024.png\" \/>\n\t<meta property=\"og:image:width\" content=\"1024\" \/>\n\t<meta property=\"og:image:height\" content=\"1024\" \/>\n\t<meta property=\"og:image:type\" content=\"image\/png\" \/>\n<meta name=\"twitter:card\" content=\"summary_large_image\" \/>\n<meta name=\"twitter:label1\" content=\"\u01af\u1edbc t\u00ednh th\u1eddi gian \u0111\u1ecdc\" \/>\n\t<meta name=\"twitter:data1\" content=\"1 ph\u00fat\" \/>\n<script type=\"application\/ld+json\" class=\"yoast-schema-graph\">{\"@context\":\"https:\/\/schema.org\",\"@graph\":[{\"@type\":\"WebPage\",\"@id\":\"https:\/\/alchemy-asia.com\/vi\/san-pham\/passoa\/\",\"url\":\"https:\/\/alchemy-asia.com\/vi\/san-pham\/passoa\/\",\"name\":\"PASSO\u00c3 - Alchemy Asia\",\"isPartOf\":{\"@id\":\"https:\/\/alchemy-asia.com\/vi\/#website\"},\"primaryImageOfPage\":{\"@id\":\"https:\/\/alchemy-asia.com\/vi\/san-pham\/passoa\/#primaryimage\"},\"image\":{\"@id\":\"https:\/\/alchemy-asia.com\/vi\/san-pham\/passoa\/#primaryimage\"},\"thumbnailUrl\":\"https:\/\/alchemy-asia.com\/vi\/wp-content\/uploads\/sites\/3\/2024\/07\/PASSOA.png\",\"datePublished\":\"2024-09-10T08:54:31+00:00\",\"dateModified\":\"2024-09-10T08:54:32+00:00\",\"breadcrumb\":{\"@id\":\"https:\/\/alchemy-asia.com\/vi\/san-pham\/passoa\/#breadcrumb\"},\"inLanguage\":\"vi\",\"potentialAction\":[{\"@type\":\"ReadAction\",\"target\":[\"https:\/\/alchemy-asia.com\/vi\/san-pham\/passoa\/\"]}]},{\"@type\":\"ImageObject\",\"inLanguage\":\"vi\",\"@id\":\"https:\/\/alchemy-asia.com\/vi\/san-pham\/passoa\/#primaryimage\",\"url\":\"https:\/\/alchemy-asia.com\/vi\/wp-content\/uploads\/sites\/3\/2024\/07\/PASSOA.png\",\"contentUrl\":\"https:\/\/alchemy-asia.com\/vi\/wp-content\/uploads\/sites\/3\/2024\/07\/PASSOA.png\",\"width\":5804,\"height\":5804,\"caption\":\"Passoa\"},{\"@type\":\"BreadcrumbList\",\"@id\":\"https:\/\/alchemy-asia.com\/vi\/san-pham\/passoa\/#breadcrumb\",\"itemListElement\":[{\"@type\":\"ListItem\",\"position\":1,\"name\":\"Home\",\"item\":\"https:\/\/alchemy-asia.com\/vi\/\"},{\"@type\":\"ListItem\",\"position\":2,\"name\":\"PASSO\u00c3\"}]},{\"@type\":\"WebSite\",\"@id\":\"https:\/\/alchemy-asia.com\/vi\/#website\",\"url\":\"https:\/\/alchemy-asia.com\/vi\/\",\"name\":\"Alchemy Asia\",\"description\":\"Just another Alchemy Asia Sites site\",\"potentialAction\":[{\"@type\":\"SearchAction\",\"target\":{\"@type\":\"EntryPoint\",\"urlTemplate\":\"https:\/\/alchemy-asia.com\/vi\/?s={search_term_string}\"},\"query-input\":\"required name=search_term_string\"}],\"inLanguage\":\"vi\"}]}<\/script>\n<!-- \/ Yoast SEO plugin. -->","yoast_head_json":{"title":"PASSO\u00c3 - Alchemy Asia","robots":{"index":"index","follow":"follow","max-snippet":"max-snippet:-1","max-image-preview":"max-image-preview:large","max-video-preview":"max-video-preview:-1"},"canonical":"https:\/\/alchemy-asia.com\/vi\/san-pham\/passoa\/","og_locale":"vi_VN","og_type":"article","og_title":"PASSO\u00c3 - Alchemy Asia","og_description":"Passo\u00e3 l\u00e0 m\u1ed9t lo\u1ea1i r\u01b0\u1ee3u m\u00f9i chanh d\u00e2y \u0111\u1eadm \u0111\u00e0 v\u1edbi h\u01b0\u01a1ng v\u1ecb ng\u1ecdt ng\u00e0o v\u00e0 c\u1ea3m gi\u00e1c t\u01b0\u01a1i m\u00e1t d\u1ec5 ch\u1ecbu. N\u00f3 \u0111\u01b0\u1ee3c l\u00e0m b\u1eb1ng chanh d\u00e2y Brazil v\u00e0 \u0111\u01b0\u1ee3c \u0111\u1ef1ng trong chai m\u00e0u \u0111en \u0111\u1eb7c bi\u1ec7t. Passo\u00e3 \u0111\u01b0\u1ee3c bi\u1ebft \u0111\u1ebfn r\u1ed9ng r\u00e3i nh\u01b0 m\u1ed9t trong nh\u1eefng th\u00e0nh ph\u1ea7n ch\u00ednh c\u1ee7a Pornstar Martini.  Tasting Notes: Passo\u00e3 \u0111\u01b0\u1ee3c t\u1ea1o ta, nh\u01b0ng kh\u00f4ng gi\u1edbi h\u1ea1n \u1edf Pornstar Martini c\u1ed5 \u0111i\u1ec3n. Ch\u1ec9 v\u1edbi 17% abv, n\u00f3 t\u1ea1o n\u00ean c\u1ea3m gi\u00e1c t\u01b0\u01a1i m\u1edbi tuy\u1ec7t v\u1eddi khi pha v\u1edbi n\u01b0\u1edbc t\u0103ng l\u1ef1c ho\u1eb7c r\u01b0\u1ee3u g\u1eebng. M\u00e0u \u0111\u1ecf n\u1ed5i b\u1eadt v\u00e0 h\u01b0\u01a1ng v\u1ecb nhi\u1ec7t \u0111\u1edbi c\u1ee7a n\u00f3 t\u1eeb l\u00e2u \u0111\u00e3 \u0111\u01b0\u1ee3c nh\u1eefng ng\u01b0\u1eddi pha ch\u1ebf v\u00e0 nh\u1eefng ng\u01b0\u1eddi y\u00eau th\u00edch cocktail tr\u00ean to\u00e0n c\u1ea7u y\u00eau th\u00edch!","og_url":"https:\/\/alchemy-asia.com\/vi\/san-pham\/passoa\/","og_site_name":"Alchemy Asia","article_modified_time":"2024-09-10T08:54:32+00:00","og_image":[{"width":1024,"height":1024,"url":"https:\/\/alchemy-asia.com\/vi\/wp-content\/uploads\/sites\/3\/2024\/07\/PASSOA-1024x1024.png","type":"image\/png"}],"twitter_card":"summary_large_image","twitter_misc":{"\u01af\u1edbc t\u00ednh th\u1eddi gian \u0111\u1ecdc":"1 ph\u00fat"},"schema":{"@context":"https:\/\/schema.org","@graph":[{"@type":"WebPage","@id":"https:\/\/alchemy-asia.com\/vi\/san-pham\/passoa\/","url":"https:\/\/alchemy-asia.com\/vi\/san-pham\/passoa\/","name":"PASSO\u00c3 - Alchemy Asia","isPartOf":{"@id":"https:\/\/alchemy-asia.com\/vi\/#website"},"primaryImageOfPage":{"@id":"https:\/\/alchemy-asia.com\/vi\/san-pham\/passoa\/#primaryimage"},"image":{"@id":"https:\/\/alchemy-asia.com\/vi\/san-pham\/passoa\/#primaryimage"},"thumbnailUrl":"https:\/\/alchemy-asia.com\/vi\/wp-content\/uploads\/sites\/3\/2024\/07\/PASSOA.png","datePublished":"2024-09-10T08:54:31+00:00","dateModified":"2024-09-10T08:54:32+00:00","breadcrumb":{"@id":"https:\/\/alchemy-asia.com\/vi\/san-pham\/passoa\/#breadcrumb"},"inLanguage":"vi","potentialAction":[{"@type":"ReadAction","target":["https:\/\/alchemy-asia.com\/vi\/san-pham\/passoa\/"]}]},{"@type":"ImageObject","inLanguage":"vi","@id":"https:\/\/alchemy-asia.com\/vi\/san-pham\/passoa\/#primaryimage","url":"https:\/\/alchemy-asia.com\/vi\/wp-content\/uploads\/sites\/3\/2024\/07\/PASSOA.png","contentUrl":"https:\/\/alchemy-asia.com\/vi\/wp-content\/uploads\/sites\/3\/2024\/07\/PASSOA.png","width":5804,"height":5804,"caption":"Passoa"},{"@type":"BreadcrumbList","@id":"https:\/\/alchemy-asia.com\/vi\/san-pham\/passoa\/#breadcrumb","itemListElement":[{"@type":"ListItem","position":1,"name":"Home","item":"https:\/\/alchemy-asia.com\/vi\/"},{"@type":"ListItem","position":2,"name":"PASSO\u00c3"}]},{"@type":"WebSite","@id":"https:\/\/alchemy-asia.com\/vi\/#website","url":"https:\/\/alchemy-asia.com\/vi\/","name":"Alchemy Asia","description":"Just another Alchemy Asia Sites site","potentialAction":[{"@type":"SearchAction","target":{"@type":"EntryPoint","urlTemplate":"https:\/\/alchemy-asia.com\/vi\/?s={search_term_string}"},"query-input":"required name=search_term_string"}],"inLanguage":"vi"}]}},"_links":{"self":[{"href":"https:\/\/alchemy-asia.com\/vi\/wp-json\/wp\/v2\/product\/8519","targetHints":{"allow":["GET"]}}],"collection":[{"href":"https:\/\/alchemy-asia.com\/vi\/wp-json\/wp\/v2\/product"}],"about":[{"href":"https:\/\/alchemy-asia.com\/vi\/wp-json\/wp\/v2\/types\/product"}],"replies":[{"embeddable":true,"href":"https:\/\/alchemy-asia.com\/vi\/wp-json\/wp\/v2\/comments?post=8519"}],"wp:featuredmedia":[{"embeddable":true,"href":"https:\/\/alchemy-asia.com\/vi\/wp-json\/wp\/v2\/media\/8525"}],"wp:attachment":[{"href":"https:\/\/alchemy-asia.com\/vi\/wp-json\/wp\/v2\/media?parent=8519"}],"wp:term":[{"taxonomy":"product_cat","embeddable":true,"href":"https:\/\/alchemy-asia.com\/vi\/wp-json\/wp\/v2\/product_cat?post=8519"},{"taxonomy":"product_tag","embeddable":true,"href":"https:\/\/alchemy-asia.com\/vi\/wp-json\/wp\/v2\/product_tag?post=8519"}],"curies":[{"name":"wp","href":"https:\/\/api.w.org\/{rel}","templated":true}]}}