{"id":8522,"date":"2024-09-10T08:31:50","date_gmt":"2024-09-10T08:31:50","guid":{"rendered":"https:\/\/alchemy-asia.com\/vi\/?post_type=product&#038;p=8522"},"modified":"2024-09-10T08:31:50","modified_gmt":"2024-09-10T08:31:50","slug":"cinzano-prosecco","status":"publish","type":"product","link":"https:\/\/alchemy-asia.com\/vi\/san-pham\/cinzano-prosecco\/","title":{"rendered":"Cinzano Prosecco"},"content":{"rendered":"","protected":false},"excerpt":{"rendered":"<p><span data-sheets-root=\"1\" data-sheets-value=\"{&quot;1&quot;:2,&quot;2&quot;:&quot;Cinzano Prosecco D.O.C l\u00e0 d\u00f2ng r\u01b0\u1ee3u vang s\u1ee7i b\u1ecdt mang v\u1ecb tr\u00e1i c\u00e2y t\u01b0\u01a1i ch\u1ee7 y\u1ebfu t\u1eeb t\u00e1o v\u00e0 l\u00ea. Cinzano Prosecco c\u00f3 m\u00f9i h\u01b0\u01a1ng ng\u1ecdt ng\u00e0o t\u1ea1o c\u1ea3m gi\u00e1c \u00eam d\u1ecbu trong c\u1ed5 h\u1ecdng. \u0110\u00f3ng vai tr\u00f2 ho\u00e0n h\u1ea3o nh\u01b0 m\u1ed9t lo\u1ea1i th\u1ee9c u\u1ed1ng aperitivo ho\u1eb7c d\u00f9ng \u0111\u1ec3 pha tr\u1ed9n ra nhi\u1ec1u lo\u1ea1i cocktail th\u01a1m ngon, \u0111\u1eb7c bi\u1ec7t l\u00e0 Aperol Spritz. Cinzano Prosecco th\u00edch h\u1ee3p \u0111\u1ec3 u\u1ed1ng nh\u1eefng khi gi\u1ea3i tr\u00ed h\u00e0ng ng\u00e0y, ngon nh\u1ea5t khi d\u00f9ng l\u1ea1nh, t\u1ea1o c\u1ea3m gi\u00e1c h\u1ee9ng kh\u1edfi t\u01b0\u01a1i m\u1edbi.&quot;}\" data-sheets-userformat=\"{&quot;2&quot;:1057791,&quot;3&quot;:{&quot;1&quot;:0},&quot;4&quot;:{&quot;1&quot;:2,&quot;2&quot;:16776960},&quot;5&quot;:{&quot;1&quot;:[{&quot;1&quot;:2,&quot;2&quot;:0,&quot;5&quot;:{&quot;1&quot;:2,&quot;2&quot;:0}},{&quot;1&quot;:0,&quot;2&quot;:0,&quot;3&quot;:3},{&quot;1&quot;:1,&quot;2&quot;:0,&quot;4&quot;:1}]},&quot;6&quot;:{&quot;1&quot;:[{&quot;1&quot;:2,&quot;2&quot;:0,&quot;5&quot;:{&quot;1&quot;:2,&quot;2&quot;:0}},{&quot;1&quot;:0,&quot;2&quot;:0,&quot;3&quot;:3},{&quot;1&quot;:1,&quot;2&quot;:0,&quot;4&quot;:1}]},&quot;7&quot;:{&quot;1&quot;:[{&quot;1&quot;:2,&quot;2&quot;:0,&quot;5&quot;:{&quot;1&quot;:2,&quot;2&quot;:0}},{&quot;1&quot;:0,&quot;2&quot;:0,&quot;3&quot;:3},{&quot;1&quot;:1,&quot;2&quot;:0,&quot;4&quot;:1}]},&quot;8&quot;:{&quot;1&quot;:[{&quot;1&quot;:2,&quot;2&quot;:0,&quot;5&quot;:{&quot;1&quot;:2,&quot;2&quot;:0}},{&quot;1&quot;:0,&quot;2&quot;:0,&quot;3&quot;:3},{&quot;1&quot;:1,&quot;2&quot;:0,&quot;4&quot;:1}]},&quot;9&quot;:0,&quot;10&quot;:1,&quot;11&quot;:4,&quot;12&quot;:0,&quot;16&quot;:13,&quot;23&quot;:1}\">Cinzano Prosecco D.O.C l\u00e0 d\u00f2ng r\u01b0\u1ee3u vang s\u1ee7i b\u1ecdt mang v\u1ecb tr\u00e1i c\u00e2y t\u01b0\u01a1i ch\u1ee7 y\u1ebfu t\u1eeb t\u00e1o v\u00e0 l\u00ea. Cinzano Prosecco c\u00f3 m\u00f9i h\u01b0\u01a1ng ng\u1ecdt ng\u00e0o t\u1ea1o c\u1ea3m gi\u00e1c \u00eam d\u1ecbu trong c\u1ed5 h\u1ecdng. \u0110\u00f3ng vai tr\u00f2 ho\u00e0n h\u1ea3o nh\u01b0 m\u1ed9t lo\u1ea1i th\u1ee9c u\u1ed1ng aperitivo ho\u1eb7c d\u00f9ng \u0111\u1ec3 pha tr\u1ed9n ra nhi\u1ec1u lo\u1ea1i cocktail th\u01a1m ngon, \u0111\u1eb7c bi\u1ec7t l\u00e0 Aperol Spritz. Cinzano Prosecco th\u00edch h\u1ee3p \u0111\u1ec3 u\u1ed1ng nh\u1eefng khi gi\u1ea3i tr\u00ed h\u00e0ng ng\u00e0y, ngon nh\u1ea5t khi d\u00f9ng l\u1ea1nh, t\u1ea1o c\u1ea3m gi\u00e1c h\u1ee9ng kh\u1edfi t\u01b0\u01a1i m\u1edbi.<\/span><\/p>\n","protected":false},"featured_media":8523,"comment_status":"open","ping_status":"closed","template":"","meta":{"_acf_changed":false},"product_cat":[59],"product_tag":[],"class_list":{"0":"post-8522","1":"product","2":"type-product","3":"status-publish","4":"has-post-thumbnail","6":"product_cat-sparkling-wines","7":"brand-cinzano","9":"first","10":"instock","11":"shipping-taxable","12":"product-type-simple"},"acf":[],"yoast_head":"<!-- This site is optimized with the Yoast SEO plugin v23.0 - https:\/\/yoast.com\/wordpress\/plugins\/seo\/ -->\n<title>Cinzano Prosecco - Alchemy Asia<\/title>\n<meta name=\"robots\" content=\"index, follow, max-snippet:-1, max-image-preview:large, max-video-preview:-1\" \/>\n<link rel=\"canonical\" href=\"https:\/\/alchemy-asia.com\/vi\/san-pham\/cinzano-prosecco\/\" \/>\n<meta property=\"og:locale\" content=\"vi_VN\" \/>\n<meta property=\"og:type\" content=\"article\" \/>\n<meta property=\"og:title\" content=\"Cinzano Prosecco - Alchemy Asia\" \/>\n<meta property=\"og:description\" content=\"Cinzano Prosecco D.O.C l\u00e0 d\u00f2ng r\u01b0\u1ee3u vang s\u1ee7i b\u1ecdt mang v\u1ecb tr\u00e1i c\u00e2y t\u01b0\u01a1i ch\u1ee7 y\u1ebfu t\u1eeb t\u00e1o v\u00e0 l\u00ea. Cinzano Prosecco c\u00f3 m\u00f9i h\u01b0\u01a1ng ng\u1ecdt ng\u00e0o t\u1ea1o c\u1ea3m gi\u00e1c \u00eam d\u1ecbu trong c\u1ed5 h\u1ecdng. \u0110\u00f3ng vai tr\u00f2 ho\u00e0n h\u1ea3o nh\u01b0 m\u1ed9t lo\u1ea1i th\u1ee9c u\u1ed1ng aperitivo ho\u1eb7c d\u00f9ng \u0111\u1ec3 pha tr\u1ed9n ra nhi\u1ec1u lo\u1ea1i cocktail th\u01a1m ngon, \u0111\u1eb7c bi\u1ec7t l\u00e0 Aperol Spritz. Cinzano Prosecco th\u00edch h\u1ee3p \u0111\u1ec3 u\u1ed1ng nh\u1eefng khi gi\u1ea3i tr\u00ed h\u00e0ng ng\u00e0y, ngon nh\u1ea5t khi d\u00f9ng l\u1ea1nh, t\u1ea1o c\u1ea3m gi\u00e1c h\u1ee9ng kh\u1edfi t\u01b0\u01a1i m\u1edbi.\" \/>\n<meta property=\"og:url\" content=\"https:\/\/alchemy-asia.com\/vi\/san-pham\/cinzano-prosecco\/\" \/>\n<meta property=\"og:site_name\" content=\"Alchemy Asia\" \/>\n<meta property=\"og:image\" content=\"https:\/\/alchemy-asia.com\/vi\/wp-content\/uploads\/sites\/3\/2024\/07\/Cinzano-prosecco-Vermouth.png\" \/>\n\t<meta property=\"og:image:width\" content=\"2100\" \/>\n\t<meta property=\"og:image:height\" content=\"2100\" \/>\n\t<meta property=\"og:image:type\" content=\"image\/png\" \/>\n<meta name=\"twitter:card\" content=\"summary_large_image\" \/>\n<meta name=\"twitter:label1\" content=\"\u01af\u1edbc t\u00ednh th\u1eddi gian \u0111\u1ecdc\" \/>\n\t<meta name=\"twitter:data1\" content=\"1 ph\u00fat\" \/>\n<script type=\"application\/ld+json\" class=\"yoast-schema-graph\">{\"@context\":\"https:\/\/schema.org\",\"@graph\":[{\"@type\":\"WebPage\",\"@id\":\"https:\/\/alchemy-asia.com\/vi\/san-pham\/cinzano-prosecco\/\",\"url\":\"https:\/\/alchemy-asia.com\/vi\/san-pham\/cinzano-prosecco\/\",\"name\":\"Cinzano Prosecco - Alchemy Asia\",\"isPartOf\":{\"@id\":\"https:\/\/alchemy-asia.com\/vi\/#website\"},\"primaryImageOfPage\":{\"@id\":\"https:\/\/alchemy-asia.com\/vi\/san-pham\/cinzano-prosecco\/#primaryimage\"},\"image\":{\"@id\":\"https:\/\/alchemy-asia.com\/vi\/san-pham\/cinzano-prosecco\/#primaryimage\"},\"thumbnailUrl\":\"https:\/\/alchemy-asia.com\/vi\/wp-content\/uploads\/sites\/3\/2024\/07\/Cinzano-prosecco-Vermouth.png\",\"datePublished\":\"2024-09-10T08:31:50+00:00\",\"dateModified\":\"2024-09-10T08:31:50+00:00\",\"breadcrumb\":{\"@id\":\"https:\/\/alchemy-asia.com\/vi\/san-pham\/cinzano-prosecco\/#breadcrumb\"},\"inLanguage\":\"vi\",\"potentialAction\":[{\"@type\":\"ReadAction\",\"target\":[\"https:\/\/alchemy-asia.com\/vi\/san-pham\/cinzano-prosecco\/\"]}]},{\"@type\":\"ImageObject\",\"inLanguage\":\"vi\",\"@id\":\"https:\/\/alchemy-asia.com\/vi\/san-pham\/cinzano-prosecco\/#primaryimage\",\"url\":\"https:\/\/alchemy-asia.com\/vi\/wp-content\/uploads\/sites\/3\/2024\/07\/Cinzano-prosecco-Vermouth.png\",\"contentUrl\":\"https:\/\/alchemy-asia.com\/vi\/wp-content\/uploads\/sites\/3\/2024\/07\/Cinzano-prosecco-Vermouth.png\",\"width\":2100,\"height\":2100,\"caption\":\"Cinzano prosecco Vermouth\"},{\"@type\":\"BreadcrumbList\",\"@id\":\"https:\/\/alchemy-asia.com\/vi\/san-pham\/cinzano-prosecco\/#breadcrumb\",\"itemListElement\":[{\"@type\":\"ListItem\",\"position\":1,\"name\":\"Home\",\"item\":\"https:\/\/alchemy-asia.com\/vi\/\"},{\"@type\":\"ListItem\",\"position\":2,\"name\":\"Cinzano Prosecco\"}]},{\"@type\":\"WebSite\",\"@id\":\"https:\/\/alchemy-asia.com\/vi\/#website\",\"url\":\"https:\/\/alchemy-asia.com\/vi\/\",\"name\":\"Alchemy Asia\",\"description\":\"Just another Alchemy Asia Sites site\",\"potentialAction\":[{\"@type\":\"SearchAction\",\"target\":{\"@type\":\"EntryPoint\",\"urlTemplate\":\"https:\/\/alchemy-asia.com\/vi\/?s={search_term_string}\"},\"query-input\":\"required name=search_term_string\"}],\"inLanguage\":\"vi\"}]}<\/script>\n<!-- \/ Yoast SEO plugin. -->","yoast_head_json":{"title":"Cinzano Prosecco - Alchemy Asia","robots":{"index":"index","follow":"follow","max-snippet":"max-snippet:-1","max-image-preview":"max-image-preview:large","max-video-preview":"max-video-preview:-1"},"canonical":"https:\/\/alchemy-asia.com\/vi\/san-pham\/cinzano-prosecco\/","og_locale":"vi_VN","og_type":"article","og_title":"Cinzano Prosecco - Alchemy Asia","og_description":"Cinzano Prosecco D.O.C l\u00e0 d\u00f2ng r\u01b0\u1ee3u vang s\u1ee7i b\u1ecdt mang v\u1ecb tr\u00e1i c\u00e2y t\u01b0\u01a1i ch\u1ee7 y\u1ebfu t\u1eeb t\u00e1o v\u00e0 l\u00ea. Cinzano Prosecco c\u00f3 m\u00f9i h\u01b0\u01a1ng ng\u1ecdt ng\u00e0o t\u1ea1o c\u1ea3m gi\u00e1c \u00eam d\u1ecbu trong c\u1ed5 h\u1ecdng. \u0110\u00f3ng vai tr\u00f2 ho\u00e0n h\u1ea3o nh\u01b0 m\u1ed9t lo\u1ea1i th\u1ee9c u\u1ed1ng aperitivo ho\u1eb7c d\u00f9ng \u0111\u1ec3 pha tr\u1ed9n ra nhi\u1ec1u lo\u1ea1i cocktail th\u01a1m ngon, \u0111\u1eb7c bi\u1ec7t l\u00e0 Aperol Spritz. Cinzano Prosecco th\u00edch h\u1ee3p \u0111\u1ec3 u\u1ed1ng nh\u1eefng khi gi\u1ea3i tr\u00ed h\u00e0ng ng\u00e0y, ngon nh\u1ea5t khi d\u00f9ng l\u1ea1nh, t\u1ea1o c\u1ea3m gi\u00e1c h\u1ee9ng kh\u1edfi t\u01b0\u01a1i m\u1edbi.","og_url":"https:\/\/alchemy-asia.com\/vi\/san-pham\/cinzano-prosecco\/","og_site_name":"Alchemy Asia","og_image":[{"width":2100,"height":2100,"url":"https:\/\/alchemy-asia.com\/vi\/wp-content\/uploads\/sites\/3\/2024\/07\/Cinzano-prosecco-Vermouth.png","type":"image\/png"}],"twitter_card":"summary_large_image","twitter_misc":{"\u01af\u1edbc t\u00ednh th\u1eddi gian \u0111\u1ecdc":"1 ph\u00fat"},"schema":{"@context":"https:\/\/schema.org","@graph":[{"@type":"WebPage","@id":"https:\/\/alchemy-asia.com\/vi\/san-pham\/cinzano-prosecco\/","url":"https:\/\/alchemy-asia.com\/vi\/san-pham\/cinzano-prosecco\/","name":"Cinzano Prosecco - Alchemy Asia","isPartOf":{"@id":"https:\/\/alchemy-asia.com\/vi\/#website"},"primaryImageOfPage":{"@id":"https:\/\/alchemy-asia.com\/vi\/san-pham\/cinzano-prosecco\/#primaryimage"},"image":{"@id":"https:\/\/alchemy-asia.com\/vi\/san-pham\/cinzano-prosecco\/#primaryimage"},"thumbnailUrl":"https:\/\/alchemy-asia.com\/vi\/wp-content\/uploads\/sites\/3\/2024\/07\/Cinzano-prosecco-Vermouth.png","datePublished":"2024-09-10T08:31:50+00:00","dateModified":"2024-09-10T08:31:50+00:00","breadcrumb":{"@id":"https:\/\/alchemy-asia.com\/vi\/san-pham\/cinzano-prosecco\/#breadcrumb"},"inLanguage":"vi","potentialAction":[{"@type":"ReadAction","target":["https:\/\/alchemy-asia.com\/vi\/san-pham\/cinzano-prosecco\/"]}]},{"@type":"ImageObject","inLanguage":"vi","@id":"https:\/\/alchemy-asia.com\/vi\/san-pham\/cinzano-prosecco\/#primaryimage","url":"https:\/\/alchemy-asia.com\/vi\/wp-content\/uploads\/sites\/3\/2024\/07\/Cinzano-prosecco-Vermouth.png","contentUrl":"https:\/\/alchemy-asia.com\/vi\/wp-content\/uploads\/sites\/3\/2024\/07\/Cinzano-prosecco-Vermouth.png","width":2100,"height":2100,"caption":"Cinzano prosecco Vermouth"},{"@type":"BreadcrumbList","@id":"https:\/\/alchemy-asia.com\/vi\/san-pham\/cinzano-prosecco\/#breadcrumb","itemListElement":[{"@type":"ListItem","position":1,"name":"Home","item":"https:\/\/alchemy-asia.com\/vi\/"},{"@type":"ListItem","position":2,"name":"Cinzano Prosecco"}]},{"@type":"WebSite","@id":"https:\/\/alchemy-asia.com\/vi\/#website","url":"https:\/\/alchemy-asia.com\/vi\/","name":"Alchemy Asia","description":"Just another Alchemy Asia Sites site","potentialAction":[{"@type":"SearchAction","target":{"@type":"EntryPoint","urlTemplate":"https:\/\/alchemy-asia.com\/vi\/?s={search_term_string}"},"query-input":"required name=search_term_string"}],"inLanguage":"vi"}]}},"_links":{"self":[{"href":"https:\/\/alchemy-asia.com\/vi\/wp-json\/wp\/v2\/product\/8522","targetHints":{"allow":["GET"]}}],"collection":[{"href":"https:\/\/alchemy-asia.com\/vi\/wp-json\/wp\/v2\/product"}],"about":[{"href":"https:\/\/alchemy-asia.com\/vi\/wp-json\/wp\/v2\/types\/product"}],"replies":[{"embeddable":true,"href":"https:\/\/alchemy-asia.com\/vi\/wp-json\/wp\/v2\/comments?post=8522"}],"wp:featuredmedia":[{"embeddable":true,"href":"https:\/\/alchemy-asia.com\/vi\/wp-json\/wp\/v2\/media\/8523"}],"wp:attachment":[{"href":"https:\/\/alchemy-asia.com\/vi\/wp-json\/wp\/v2\/media?parent=8522"}],"wp:term":[{"taxonomy":"product_cat","embeddable":true,"href":"https:\/\/alchemy-asia.com\/vi\/wp-json\/wp\/v2\/product_cat?post=8522"},{"taxonomy":"product_tag","embeddable":true,"href":"https:\/\/alchemy-asia.com\/vi\/wp-json\/wp\/v2\/product_tag?post=8522"}],"curies":[{"name":"wp","href":"https:\/\/api.w.org\/{rel}","templated":true}]}}