{"id":8524,"date":"2024-09-10T08:31:49","date_gmt":"2024-09-10T08:31:49","guid":{"rendered":"https:\/\/alchemy-asia.com\/vi\/?post_type=product&#038;p=8524"},"modified":"2024-09-10T08:31:49","modified_gmt":"2024-09-10T08:31:49","slug":"cinzano-rose","status":"publish","type":"product","link":"https:\/\/alchemy-asia.com\/vi\/san-pham\/cinzano-rose\/","title":{"rendered":"Cinzano Ros\u00e9"},"content":{"rendered":"","protected":false},"excerpt":{"rendered":"<p><span data-sheets-root=\"1\" data-sheets-value=\"{&quot;1&quot;:2,&quot;2&quot;:&quot;Cinzano Ros\u00e9 Edition, v\u1edbi 9,5% ABV, l\u00e0 m\u1ed9t lo\u1ea1i r\u01b0\u1ee3u vang s\u1ee7i c\u00f3 m\u00e0u h\u1ed3ng ng\u1ecdt ng\u00e0o quy\u1ebfn r\u0169, t\u0103ng th\u00eam n\u00e9t sang tr\u1ecdng cho b\u1ea5t k\u1ef3 d\u1ecbp n\u00e0o. M\u00e0u h\u1ed3ng r\u1ef1c r\u1ee1, tr\u1ecdn v\u1eb9n tuy\u1ec7t \u0111\u1eb9p c\u1ee7a n\u00f3 t\u1ea1o n\u00ean s\u1ef1 th\u00fa v\u1ecb v\u1ec1 th\u1ecb gi\u00e1c, t\u1ea1o ti\u1ec1n \u0111\u1ec1 cho s\u1ef1 b\u00f9ng n\u1ed5 c\u1ee7a h\u01b0\u01a1ng v\u1ecb t\u01b0\u01a1i m\u00e1t v\u00e0 h\u1ea5p d\u1eabn. \u0110\u01b0\u1ee3c pha tr\u1ed9n v\u1edbi tinh ch\u1ea5t c\u1ee7a pinot noir, lo\u1ea1i r\u01b0\u1ee3u vang s\u1ee7i n\u00e0y b\u1ed9c l\u1ed9 h\u01b0\u01a1ng v\u1ecb c\u1ee7a qu\u1ea3 m\u1ecdng d\u1ea1i, t\u1ea1o n\u00ean m\u1ed9t h\u01b0\u01a1ng v\u1ecb s\u1ed1ng \u0111\u1ed9ng v\u00e0 s\u1ed1ng \u0111\u1ed9ng. M\u00e0u s\u1eafc t\u01b0\u01a1i s\u00e1ng v\u00e0 \u0111\u1ea7y \u0111\u1eb7n ph\u1ea3n \u00e1nh s\u1ef1 g\u1ee3i nh\u1edb \u0111\u1ebfn hoa h\u1ed3ng v\u00e0 hoa t\u00edm, t\u1ea1o n\u00ean m\u1ed9t lo\u1ea1i r\u01b0\u1ee3u vang s\u1ee7i c\u00f3 h\u01b0\u01a1ng v\u1ecb tr\u00f2n tr\u1ecba d\u1ec5 d\u00e0ng ph\u00f9 h\u1ee3p v\u1edbi nh\u1eefng kho\u1ea3nh kh\u1eafc c\u1ee7a l\u1ec5 k\u1ef7 ni\u1ec7m \u0111\u01b0\u1ee3c th\u01b0\u1edfng th\u1ee9c m\u1ed9t tr\u1ea3i nghi\u1ec7m tr\u1ecdn v\u1eb9n v\u00e0 nh\u1ea5t qu\u00e1n, trong \u0111\u00f3 s\u1ef1 pha tr\u1ed9n c\u1ee7a c\u00e1c lo\u1ea1i qu\u1ea3 m\u1ecdng hoang d\u00e3 k\u1ebft h\u1ee3p li\u1ec1n m\u1ea1ch gi\u1eefa v\u1ecb ng\u1ecdt v\u00e0 s\u1ef1 t\u01b0\u01a1i m\u00e1t, \u0111\u1ec9nh cao l\u00e0 h\u01b0\u01a1ng v\u1ecb h\u1ea5p d\u1eabn v\u00e0 bao tr\u00f9m Cinzano Ros\u00e9 Edition l\u00e0 m\u1ed9t cu\u1ed9c h\u00e0nh tr\u00ecnh \u0111\u1ea7y c\u1ea3m gi\u00e1c, \u0111\u1eb7c tr\u01b0ng b\u1edfi s\u1ef1 h\u1ed3i t\u01b0\u1edfng c\u1ee7a tr\u00e1i c\u00e2y v\u00e0 h\u01b0\u01a1ng v\u1ecb. h\u01b0\u01a1ng v\u1ecb \u0111\u1ea7y \u0111\u1eb7n, tr\u00f2n tr\u1ecba v\u00e0 ng\u1ecdt ng\u00e0o c\u1ee7a qu\u1ea3 m\u1ecdng \u0111\u1ecf.&quot;}\" data-sheets-userformat=\"{&quot;2&quot;:1057791,&quot;3&quot;:{&quot;1&quot;:0},&quot;4&quot;:{&quot;1&quot;:2,&quot;2&quot;:16776960},&quot;5&quot;:{&quot;1&quot;:[{&quot;1&quot;:2,&quot;2&quot;:0,&quot;5&quot;:{&quot;1&quot;:2,&quot;2&quot;:0}},{&quot;1&quot;:0,&quot;2&quot;:0,&quot;3&quot;:3},{&quot;1&quot;:1,&quot;2&quot;:0,&quot;4&quot;:1}]},&quot;6&quot;:{&quot;1&quot;:[{&quot;1&quot;:2,&quot;2&quot;:0,&quot;5&quot;:{&quot;1&quot;:2,&quot;2&quot;:0}},{&quot;1&quot;:0,&quot;2&quot;:0,&quot;3&quot;:3},{&quot;1&quot;:1,&quot;2&quot;:0,&quot;4&quot;:1}]},&quot;7&quot;:{&quot;1&quot;:[{&quot;1&quot;:2,&quot;2&quot;:0,&quot;5&quot;:{&quot;1&quot;:2,&quot;2&quot;:0}},{&quot;1&quot;:0,&quot;2&quot;:0,&quot;3&quot;:3},{&quot;1&quot;:1,&quot;2&quot;:0,&quot;4&quot;:1}]},&quot;8&quot;:{&quot;1&quot;:[{&quot;1&quot;:2,&quot;2&quot;:0,&quot;5&quot;:{&quot;1&quot;:2,&quot;2&quot;:0}},{&quot;1&quot;:0,&quot;2&quot;:0,&quot;3&quot;:3},{&quot;1&quot;:1,&quot;2&quot;:0,&quot;4&quot;:1}]},&quot;9&quot;:0,&quot;10&quot;:1,&quot;11&quot;:4,&quot;12&quot;:0,&quot;16&quot;:13,&quot;23&quot;:1}\">Cinzano Ros\u00e9 Edition, v\u1edbi 9,5% ABV, l\u00e0 m\u1ed9t lo\u1ea1i r\u01b0\u1ee3u vang s\u1ee7i c\u00f3 m\u00e0u h\u1ed3ng ng\u1ecdt ng\u00e0o quy\u1ebfn r\u0169, t\u0103ng th\u00eam n\u00e9t sang tr\u1ecdng cho b\u1ea5t k\u1ef3 d\u1ecbp n\u00e0o. M\u00e0u h\u1ed3ng r\u1ef1c r\u1ee1, tr\u1ecdn v\u1eb9n tuy\u1ec7t \u0111\u1eb9p c\u1ee7a n\u00f3 t\u1ea1o n\u00ean s\u1ef1 th\u00fa v\u1ecb v\u1ec1 th\u1ecb gi\u00e1c, t\u1ea1o ti\u1ec1n \u0111\u1ec1 cho s\u1ef1 b\u00f9ng n\u1ed5 c\u1ee7a h\u01b0\u01a1ng v\u1ecb t\u01b0\u01a1i m\u00e1t v\u00e0 h\u1ea5p d\u1eabn. \u0110\u01b0\u1ee3c pha tr\u1ed9n v\u1edbi tinh ch\u1ea5t c\u1ee7a pinot noir, lo\u1ea1i r\u01b0\u1ee3u vang s\u1ee7i n\u00e0y b\u1ed9c l\u1ed9 h\u01b0\u01a1ng v\u1ecb c\u1ee7a qu\u1ea3 m\u1ecdng d\u1ea1i, t\u1ea1o n\u00ean m\u1ed9t h\u01b0\u01a1ng v\u1ecb s\u1ed1ng \u0111\u1ed9ng v\u00e0 s\u1ed1ng \u0111\u1ed9ng. M\u00e0u s\u1eafc t\u01b0\u01a1i s\u00e1ng v\u00e0 \u0111\u1ea7y \u0111\u1eb7n ph\u1ea3n \u00e1nh s\u1ef1 g\u1ee3i nh\u1edb \u0111\u1ebfn hoa h\u1ed3ng v\u00e0 hoa t\u00edm, t\u1ea1o n\u00ean m\u1ed9t lo\u1ea1i r\u01b0\u1ee3u vang s\u1ee7i c\u00f3 h\u01b0\u01a1ng v\u1ecb tr\u00f2n tr\u1ecba d\u1ec5 d\u00e0ng ph\u00f9 h\u1ee3p v\u1edbi nh\u1eefng kho\u1ea3nh kh\u1eafc c\u1ee7a l\u1ec5 k\u1ef7 ni\u1ec7m \u0111\u01b0\u1ee3c th\u01b0\u1edfng th\u1ee9c m\u1ed9t tr\u1ea3i nghi\u1ec7m tr\u1ecdn v\u1eb9n v\u00e0 nh\u1ea5t qu\u00e1n, trong \u0111\u00f3 s\u1ef1 pha tr\u1ed9n c\u1ee7a c\u00e1c lo\u1ea1i qu\u1ea3 m\u1ecdng hoang d\u00e3 k\u1ebft h\u1ee3p li\u1ec1n m\u1ea1ch gi\u1eefa v\u1ecb ng\u1ecdt v\u00e0 s\u1ef1 t\u01b0\u01a1i m\u00e1t, \u0111\u1ec9nh cao l\u00e0 h\u01b0\u01a1ng v\u1ecb h\u1ea5p d\u1eabn v\u00e0 bao tr\u00f9m Cinzano Ros\u00e9 Edition l\u00e0 m\u1ed9t cu\u1ed9c h\u00e0nh tr\u00ecnh \u0111\u1ea7y c\u1ea3m gi\u00e1c, \u0111\u1eb7c tr\u01b0ng b\u1edfi s\u1ef1 h\u1ed3i t\u01b0\u1edfng c\u1ee7a tr\u00e1i c\u00e2y v\u00e0 h\u01b0\u01a1ng v\u1ecb. h\u01b0\u01a1ng v\u1ecb \u0111\u1ea7y \u0111\u1eb7n, tr\u00f2n tr\u1ecba v\u00e0 ng\u1ecdt ng\u00e0o c\u1ee7a qu\u1ea3 m\u1ecdng \u0111\u1ecf.<\/span><\/p>\n","protected":false},"featured_media":8526,"comment_status":"open","ping_status":"closed","template":"","meta":{"_acf_changed":false},"product_cat":[59],"product_tag":[],"class_list":{"0":"post-8524","1":"product","2":"type-product","3":"status-publish","4":"has-post-thumbnail","6":"product_cat-sparkling-wines","7":"brand-cinzano","9":"first","10":"instock","11":"shipping-taxable","12":"product-type-simple"},"acf":[],"yoast_head":"<!-- This site is optimized with the Yoast SEO plugin v23.0 - https:\/\/yoast.com\/wordpress\/plugins\/seo\/ -->\n<title>Cinzano Ros\u00e9 - Alchemy Asia<\/title>\n<meta name=\"robots\" content=\"index, follow, max-snippet:-1, max-image-preview:large, max-video-preview:-1\" \/>\n<link rel=\"canonical\" href=\"https:\/\/alchemy-asia.com\/vi\/san-pham\/cinzano-rose\/\" \/>\n<meta property=\"og:locale\" content=\"vi_VN\" \/>\n<meta property=\"og:type\" content=\"article\" \/>\n<meta property=\"og:title\" content=\"Cinzano Ros\u00e9 - Alchemy Asia\" \/>\n<meta property=\"og:description\" content=\"Cinzano Ros\u00e9 Edition, v\u1edbi 9,5% ABV, l\u00e0 m\u1ed9t lo\u1ea1i r\u01b0\u1ee3u vang s\u1ee7i c\u00f3 m\u00e0u h\u1ed3ng ng\u1ecdt ng\u00e0o quy\u1ebfn r\u0169, t\u0103ng th\u00eam n\u00e9t sang tr\u1ecdng cho b\u1ea5t k\u1ef3 d\u1ecbp n\u00e0o. M\u00e0u h\u1ed3ng r\u1ef1c r\u1ee1, tr\u1ecdn v\u1eb9n tuy\u1ec7t \u0111\u1eb9p c\u1ee7a n\u00f3 t\u1ea1o n\u00ean s\u1ef1 th\u00fa v\u1ecb v\u1ec1 th\u1ecb gi\u00e1c, t\u1ea1o ti\u1ec1n \u0111\u1ec1 cho s\u1ef1 b\u00f9ng n\u1ed5 c\u1ee7a h\u01b0\u01a1ng v\u1ecb t\u01b0\u01a1i m\u00e1t v\u00e0 h\u1ea5p d\u1eabn. \u0110\u01b0\u1ee3c pha tr\u1ed9n v\u1edbi tinh ch\u1ea5t c\u1ee7a pinot noir, lo\u1ea1i r\u01b0\u1ee3u vang s\u1ee7i n\u00e0y b\u1ed9c l\u1ed9 h\u01b0\u01a1ng v\u1ecb c\u1ee7a qu\u1ea3 m\u1ecdng d\u1ea1i, t\u1ea1o n\u00ean m\u1ed9t h\u01b0\u01a1ng v\u1ecb s\u1ed1ng \u0111\u1ed9ng v\u00e0 s\u1ed1ng \u0111\u1ed9ng. M\u00e0u s\u1eafc t\u01b0\u01a1i s\u00e1ng v\u00e0 \u0111\u1ea7y \u0111\u1eb7n ph\u1ea3n \u00e1nh s\u1ef1 g\u1ee3i nh\u1edb \u0111\u1ebfn hoa h\u1ed3ng v\u00e0 hoa t\u00edm, t\u1ea1o n\u00ean m\u1ed9t lo\u1ea1i r\u01b0\u1ee3u vang s\u1ee7i c\u00f3 h\u01b0\u01a1ng v\u1ecb tr\u00f2n tr\u1ecba d\u1ec5 d\u00e0ng ph\u00f9 h\u1ee3p v\u1edbi nh\u1eefng kho\u1ea3nh kh\u1eafc c\u1ee7a l\u1ec5 k\u1ef7 ni\u1ec7m \u0111\u01b0\u1ee3c th\u01b0\u1edfng th\u1ee9c m\u1ed9t tr\u1ea3i nghi\u1ec7m tr\u1ecdn v\u1eb9n v\u00e0 nh\u1ea5t qu\u00e1n, trong \u0111\u00f3 s\u1ef1 pha tr\u1ed9n c\u1ee7a c\u00e1c lo\u1ea1i qu\u1ea3 m\u1ecdng hoang d\u00e3 k\u1ebft h\u1ee3p li\u1ec1n m\u1ea1ch gi\u1eefa v\u1ecb ng\u1ecdt v\u00e0 s\u1ef1 t\u01b0\u01a1i m\u00e1t, \u0111\u1ec9nh cao l\u00e0 h\u01b0\u01a1ng v\u1ecb h\u1ea5p d\u1eabn v\u00e0 bao tr\u00f9m Cinzano Ros\u00e9 Edition l\u00e0 m\u1ed9t cu\u1ed9c h\u00e0nh tr\u00ecnh \u0111\u1ea7y c\u1ea3m gi\u00e1c, \u0111\u1eb7c tr\u01b0ng b\u1edfi s\u1ef1 h\u1ed3i t\u01b0\u1edfng c\u1ee7a tr\u00e1i c\u00e2y v\u00e0 h\u01b0\u01a1ng v\u1ecb. h\u01b0\u01a1ng v\u1ecb \u0111\u1ea7y \u0111\u1eb7n, tr\u00f2n tr\u1ecba v\u00e0 ng\u1ecdt ng\u00e0o c\u1ee7a qu\u1ea3 m\u1ecdng \u0111\u1ecf.\" \/>\n<meta property=\"og:url\" content=\"https:\/\/alchemy-asia.com\/vi\/san-pham\/cinzano-rose\/\" \/>\n<meta property=\"og:site_name\" content=\"Alchemy Asia\" \/>\n<meta property=\"og:image\" content=\"https:\/\/alchemy-asia.com\/vi\/wp-content\/uploads\/sites\/3\/2024\/07\/Cinzano-Rose-Vermouth.png\" \/>\n\t<meta property=\"og:image:width\" content=\"2100\" \/>\n\t<meta property=\"og:image:height\" content=\"2100\" \/>\n\t<meta property=\"og:image:type\" content=\"image\/png\" \/>\n<meta name=\"twitter:card\" content=\"summary_large_image\" \/>\n<meta name=\"twitter:label1\" content=\"\u01af\u1edbc t\u00ednh th\u1eddi gian \u0111\u1ecdc\" \/>\n\t<meta name=\"twitter:data1\" content=\"1 ph\u00fat\" \/>\n<script type=\"application\/ld+json\" class=\"yoast-schema-graph\">{\"@context\":\"https:\/\/schema.org\",\"@graph\":[{\"@type\":\"WebPage\",\"@id\":\"https:\/\/alchemy-asia.com\/vi\/san-pham\/cinzano-rose\/\",\"url\":\"https:\/\/alchemy-asia.com\/vi\/san-pham\/cinzano-rose\/\",\"name\":\"Cinzano Ros\u00e9 - Alchemy Asia\",\"isPartOf\":{\"@id\":\"https:\/\/alchemy-asia.com\/vi\/#website\"},\"primaryImageOfPage\":{\"@id\":\"https:\/\/alchemy-asia.com\/vi\/san-pham\/cinzano-rose\/#primaryimage\"},\"image\":{\"@id\":\"https:\/\/alchemy-asia.com\/vi\/san-pham\/cinzano-rose\/#primaryimage\"},\"thumbnailUrl\":\"https:\/\/alchemy-asia.com\/vi\/wp-content\/uploads\/sites\/3\/2024\/07\/Cinzano-Rose-Vermouth.png\",\"datePublished\":\"2024-09-10T08:31:49+00:00\",\"dateModified\":\"2024-09-10T08:31:49+00:00\",\"breadcrumb\":{\"@id\":\"https:\/\/alchemy-asia.com\/vi\/san-pham\/cinzano-rose\/#breadcrumb\"},\"inLanguage\":\"vi\",\"potentialAction\":[{\"@type\":\"ReadAction\",\"target\":[\"https:\/\/alchemy-asia.com\/vi\/san-pham\/cinzano-rose\/\"]}]},{\"@type\":\"ImageObject\",\"inLanguage\":\"vi\",\"@id\":\"https:\/\/alchemy-asia.com\/vi\/san-pham\/cinzano-rose\/#primaryimage\",\"url\":\"https:\/\/alchemy-asia.com\/vi\/wp-content\/uploads\/sites\/3\/2024\/07\/Cinzano-Rose-Vermouth.png\",\"contentUrl\":\"https:\/\/alchemy-asia.com\/vi\/wp-content\/uploads\/sites\/3\/2024\/07\/Cinzano-Rose-Vermouth.png\",\"width\":2100,\"height\":2100,\"caption\":\"Cinzano Rose Vermouth\"},{\"@type\":\"BreadcrumbList\",\"@id\":\"https:\/\/alchemy-asia.com\/vi\/san-pham\/cinzano-rose\/#breadcrumb\",\"itemListElement\":[{\"@type\":\"ListItem\",\"position\":1,\"name\":\"Home\",\"item\":\"https:\/\/alchemy-asia.com\/vi\/\"},{\"@type\":\"ListItem\",\"position\":2,\"name\":\"Cinzano Ros\u00e9\"}]},{\"@type\":\"WebSite\",\"@id\":\"https:\/\/alchemy-asia.com\/vi\/#website\",\"url\":\"https:\/\/alchemy-asia.com\/vi\/\",\"name\":\"Alchemy Asia\",\"description\":\"Just another Alchemy Asia Sites site\",\"potentialAction\":[{\"@type\":\"SearchAction\",\"target\":{\"@type\":\"EntryPoint\",\"urlTemplate\":\"https:\/\/alchemy-asia.com\/vi\/?s={search_term_string}\"},\"query-input\":\"required name=search_term_string\"}],\"inLanguage\":\"vi\"}]}<\/script>\n<!-- \/ Yoast SEO plugin. -->","yoast_head_json":{"title":"Cinzano Ros\u00e9 - Alchemy Asia","robots":{"index":"index","follow":"follow","max-snippet":"max-snippet:-1","max-image-preview":"max-image-preview:large","max-video-preview":"max-video-preview:-1"},"canonical":"https:\/\/alchemy-asia.com\/vi\/san-pham\/cinzano-rose\/","og_locale":"vi_VN","og_type":"article","og_title":"Cinzano Ros\u00e9 - Alchemy Asia","og_description":"Cinzano Ros\u00e9 Edition, v\u1edbi 9,5% ABV, l\u00e0 m\u1ed9t lo\u1ea1i r\u01b0\u1ee3u vang s\u1ee7i c\u00f3 m\u00e0u h\u1ed3ng ng\u1ecdt ng\u00e0o quy\u1ebfn r\u0169, t\u0103ng th\u00eam n\u00e9t sang tr\u1ecdng cho b\u1ea5t k\u1ef3 d\u1ecbp n\u00e0o. M\u00e0u h\u1ed3ng r\u1ef1c r\u1ee1, tr\u1ecdn v\u1eb9n tuy\u1ec7t \u0111\u1eb9p c\u1ee7a n\u00f3 t\u1ea1o n\u00ean s\u1ef1 th\u00fa v\u1ecb v\u1ec1 th\u1ecb gi\u00e1c, t\u1ea1o ti\u1ec1n \u0111\u1ec1 cho s\u1ef1 b\u00f9ng n\u1ed5 c\u1ee7a h\u01b0\u01a1ng v\u1ecb t\u01b0\u01a1i m\u00e1t v\u00e0 h\u1ea5p d\u1eabn. \u0110\u01b0\u1ee3c pha tr\u1ed9n v\u1edbi tinh ch\u1ea5t c\u1ee7a pinot noir, lo\u1ea1i r\u01b0\u1ee3u vang s\u1ee7i n\u00e0y b\u1ed9c l\u1ed9 h\u01b0\u01a1ng v\u1ecb c\u1ee7a qu\u1ea3 m\u1ecdng d\u1ea1i, t\u1ea1o n\u00ean m\u1ed9t h\u01b0\u01a1ng v\u1ecb s\u1ed1ng \u0111\u1ed9ng v\u00e0 s\u1ed1ng \u0111\u1ed9ng. M\u00e0u s\u1eafc t\u01b0\u01a1i s\u00e1ng v\u00e0 \u0111\u1ea7y \u0111\u1eb7n ph\u1ea3n \u00e1nh s\u1ef1 g\u1ee3i nh\u1edb \u0111\u1ebfn hoa h\u1ed3ng v\u00e0 hoa t\u00edm, t\u1ea1o n\u00ean m\u1ed9t lo\u1ea1i r\u01b0\u1ee3u vang s\u1ee7i c\u00f3 h\u01b0\u01a1ng v\u1ecb tr\u00f2n tr\u1ecba d\u1ec5 d\u00e0ng ph\u00f9 h\u1ee3p v\u1edbi nh\u1eefng kho\u1ea3nh kh\u1eafc c\u1ee7a l\u1ec5 k\u1ef7 ni\u1ec7m \u0111\u01b0\u1ee3c th\u01b0\u1edfng th\u1ee9c m\u1ed9t tr\u1ea3i nghi\u1ec7m tr\u1ecdn v\u1eb9n v\u00e0 nh\u1ea5t qu\u00e1n, trong \u0111\u00f3 s\u1ef1 pha tr\u1ed9n c\u1ee7a c\u00e1c lo\u1ea1i qu\u1ea3 m\u1ecdng hoang d\u00e3 k\u1ebft h\u1ee3p li\u1ec1n m\u1ea1ch gi\u1eefa v\u1ecb ng\u1ecdt v\u00e0 s\u1ef1 t\u01b0\u01a1i m\u00e1t, \u0111\u1ec9nh cao l\u00e0 h\u01b0\u01a1ng v\u1ecb h\u1ea5p d\u1eabn v\u00e0 bao tr\u00f9m Cinzano Ros\u00e9 Edition l\u00e0 m\u1ed9t cu\u1ed9c h\u00e0nh tr\u00ecnh \u0111\u1ea7y c\u1ea3m gi\u00e1c, \u0111\u1eb7c tr\u01b0ng b\u1edfi s\u1ef1 h\u1ed3i t\u01b0\u1edfng c\u1ee7a tr\u00e1i c\u00e2y v\u00e0 h\u01b0\u01a1ng v\u1ecb. h\u01b0\u01a1ng v\u1ecb \u0111\u1ea7y \u0111\u1eb7n, tr\u00f2n tr\u1ecba v\u00e0 ng\u1ecdt ng\u00e0o c\u1ee7a qu\u1ea3 m\u1ecdng \u0111\u1ecf.","og_url":"https:\/\/alchemy-asia.com\/vi\/san-pham\/cinzano-rose\/","og_site_name":"Alchemy Asia","og_image":[{"width":2100,"height":2100,"url":"https:\/\/alchemy-asia.com\/vi\/wp-content\/uploads\/sites\/3\/2024\/07\/Cinzano-Rose-Vermouth.png","type":"image\/png"}],"twitter_card":"summary_large_image","twitter_misc":{"\u01af\u1edbc t\u00ednh th\u1eddi gian \u0111\u1ecdc":"1 ph\u00fat"},"schema":{"@context":"https:\/\/schema.org","@graph":[{"@type":"WebPage","@id":"https:\/\/alchemy-asia.com\/vi\/san-pham\/cinzano-rose\/","url":"https:\/\/alchemy-asia.com\/vi\/san-pham\/cinzano-rose\/","name":"Cinzano Ros\u00e9 - Alchemy Asia","isPartOf":{"@id":"https:\/\/alchemy-asia.com\/vi\/#website"},"primaryImageOfPage":{"@id":"https:\/\/alchemy-asia.com\/vi\/san-pham\/cinzano-rose\/#primaryimage"},"image":{"@id":"https:\/\/alchemy-asia.com\/vi\/san-pham\/cinzano-rose\/#primaryimage"},"thumbnailUrl":"https:\/\/alchemy-asia.com\/vi\/wp-content\/uploads\/sites\/3\/2024\/07\/Cinzano-Rose-Vermouth.png","datePublished":"2024-09-10T08:31:49+00:00","dateModified":"2024-09-10T08:31:49+00:00","breadcrumb":{"@id":"https:\/\/alchemy-asia.com\/vi\/san-pham\/cinzano-rose\/#breadcrumb"},"inLanguage":"vi","potentialAction":[{"@type":"ReadAction","target":["https:\/\/alchemy-asia.com\/vi\/san-pham\/cinzano-rose\/"]}]},{"@type":"ImageObject","inLanguage":"vi","@id":"https:\/\/alchemy-asia.com\/vi\/san-pham\/cinzano-rose\/#primaryimage","url":"https:\/\/alchemy-asia.com\/vi\/wp-content\/uploads\/sites\/3\/2024\/07\/Cinzano-Rose-Vermouth.png","contentUrl":"https:\/\/alchemy-asia.com\/vi\/wp-content\/uploads\/sites\/3\/2024\/07\/Cinzano-Rose-Vermouth.png","width":2100,"height":2100,"caption":"Cinzano Rose Vermouth"},{"@type":"BreadcrumbList","@id":"https:\/\/alchemy-asia.com\/vi\/san-pham\/cinzano-rose\/#breadcrumb","itemListElement":[{"@type":"ListItem","position":1,"name":"Home","item":"https:\/\/alchemy-asia.com\/vi\/"},{"@type":"ListItem","position":2,"name":"Cinzano Ros\u00e9"}]},{"@type":"WebSite","@id":"https:\/\/alchemy-asia.com\/vi\/#website","url":"https:\/\/alchemy-asia.com\/vi\/","name":"Alchemy Asia","description":"Just another Alchemy Asia Sites site","potentialAction":[{"@type":"SearchAction","target":{"@type":"EntryPoint","urlTemplate":"https:\/\/alchemy-asia.com\/vi\/?s={search_term_string}"},"query-input":"required name=search_term_string"}],"inLanguage":"vi"}]}},"_links":{"self":[{"href":"https:\/\/alchemy-asia.com\/vi\/wp-json\/wp\/v2\/product\/8524","targetHints":{"allow":["GET"]}}],"collection":[{"href":"https:\/\/alchemy-asia.com\/vi\/wp-json\/wp\/v2\/product"}],"about":[{"href":"https:\/\/alchemy-asia.com\/vi\/wp-json\/wp\/v2\/types\/product"}],"replies":[{"embeddable":true,"href":"https:\/\/alchemy-asia.com\/vi\/wp-json\/wp\/v2\/comments?post=8524"}],"wp:featuredmedia":[{"embeddable":true,"href":"https:\/\/alchemy-asia.com\/vi\/wp-json\/wp\/v2\/media\/8526"}],"wp:attachment":[{"href":"https:\/\/alchemy-asia.com\/vi\/wp-json\/wp\/v2\/media?parent=8524"}],"wp:term":[{"taxonomy":"product_cat","embeddable":true,"href":"https:\/\/alchemy-asia.com\/vi\/wp-json\/wp\/v2\/product_cat?post=8524"},{"taxonomy":"product_tag","embeddable":true,"href":"https:\/\/alchemy-asia.com\/vi\/wp-json\/wp\/v2\/product_tag?post=8524"}],"curies":[{"name":"wp","href":"https:\/\/api.w.org\/{rel}","templated":true}]}}