{"id":8528,"date":"2024-09-10T08:31:47","date_gmt":"2024-09-10T08:31:47","guid":{"rendered":"https:\/\/alchemy-asia.com\/vi\/?post_type=product&#038;p=8528"},"modified":"2024-09-10T08:31:47","modified_gmt":"2024-09-10T08:31:47","slug":"cinzano-vermouth-rosso","status":"publish","type":"product","link":"https:\/\/alchemy-asia.com\/vi\/san-pham\/cinzano-vermouth-rosso\/","title":{"rendered":"Cinzano Vermouth Rosso"},"content":{"rendered":"","protected":false},"excerpt":{"rendered":"<p><span data-sheets-root=\"1\" data-sheets-value=\"{&quot;1&quot;:2,&quot;2&quot;:&quot;Cinzano Vermouth Rosso mang m\u00e0u \u0111\u1ecf h\u1ed5 ph\u00e1ch. \u0111\u01b0\u1ee3c chi\u1ebfu s\u00e1ng b\u1edfi s\u1ef1 pha tr\u1ed9n c\u1ee7a c\u00e1c lo\u1ea1i th\u1ea3o m\u1ed9c v\u00e0 gia v\u1ecb, ph\u1ea3n \u00e1nh truy\u1ec1n th\u1ed1ng danh gi\u00e1 c\u1ee7a Cinzano. H\u01b0\u01a1ng th\u01a1m l\u00e0 s\u1ef1 pha tr\u1ed9n tinh t\u1ebf c\u1ee7a anh \u0111\u00e0o \u0111en v\u00e0 vani, nhu\u1ed1m m\u1ed9t ch\u00fat kem caramel ng\u1ecdt ng\u00e0o. v\u00e0 v\u1ecb cay, \u0111\u01b0\u1ee3c b\u1ed5 sung b\u1edfi v\u1ecb \u0111\u1eafng ph\u1ee9c h\u1ee3p v\u00e0 h\u1eadu v\u1ecb artemisia th\u1ef1c v\u1eadt. M\u00e0u h\u1ed5 ph\u00e1ch l\u00e0 kh\u00fac d\u1ea1o \u0111\u1ea7u cho s\u1ef1 pha tr\u1ed9n th\u01a1m c\u1ee7a vani v\u00e0 anh \u0111\u00e0o \u0111en tr\u00ean m\u0169i, mang \u0111\u1ebfn m\u1ed9t h\u00e0nh tr\u00ecnh c\u1ea3m gi\u00e1c chuy\u1ec3n t\u1eeb v\u1ecb ng\u1ecdt sang gia v\u1ecb v\u00e0 l\u00ean \u0111\u1ebfn \u0111\u1ec9nh \u0111i\u1ec3m. h\u01b0\u01a1ng v\u1ecb ho\u00e0n thi\u1ec7n t\u1eeb th\u1ef1c v\u1eadt c\u1ee7a artemisia Cinzano Vermouth Rosso l\u00e0 minh ch\u1ee9ng cho ngh\u1ec7 thu\u1eadt l\u00e0m r\u01b0\u1ee3u vermouth v\u00e0 s\u1ef1 t\u00f4n vinh ngh\u1ec1 th\u1ee7 c\u00f4ng h\u00e0ng th\u1ebf k\u1ef7.&quot;}\" data-sheets-userformat=\"{&quot;2&quot;:1057791,&quot;3&quot;:{&quot;1&quot;:0},&quot;4&quot;:{&quot;1&quot;:2,&quot;2&quot;:16776960},&quot;5&quot;:{&quot;1&quot;:[{&quot;1&quot;:2,&quot;2&quot;:0,&quot;5&quot;:{&quot;1&quot;:2,&quot;2&quot;:0}},{&quot;1&quot;:0,&quot;2&quot;:0,&quot;3&quot;:3},{&quot;1&quot;:1,&quot;2&quot;:0,&quot;4&quot;:1}]},&quot;6&quot;:{&quot;1&quot;:[{&quot;1&quot;:2,&quot;2&quot;:0,&quot;5&quot;:{&quot;1&quot;:2,&quot;2&quot;:0}},{&quot;1&quot;:0,&quot;2&quot;:0,&quot;3&quot;:3},{&quot;1&quot;:1,&quot;2&quot;:0,&quot;4&quot;:1}]},&quot;7&quot;:{&quot;1&quot;:[{&quot;1&quot;:2,&quot;2&quot;:0,&quot;5&quot;:{&quot;1&quot;:2,&quot;2&quot;:0}},{&quot;1&quot;:0,&quot;2&quot;:0,&quot;3&quot;:3},{&quot;1&quot;:1,&quot;2&quot;:0,&quot;4&quot;:1}]},&quot;8&quot;:{&quot;1&quot;:[{&quot;1&quot;:2,&quot;2&quot;:0,&quot;5&quot;:{&quot;1&quot;:2,&quot;2&quot;:0}},{&quot;1&quot;:0,&quot;2&quot;:0,&quot;3&quot;:3},{&quot;1&quot;:1,&quot;2&quot;:0,&quot;4&quot;:1}]},&quot;9&quot;:0,&quot;10&quot;:1,&quot;11&quot;:4,&quot;12&quot;:0,&quot;16&quot;:13,&quot;23&quot;:1}\">Cinzano Vermouth Rosso mang m\u00e0u \u0111\u1ecf h\u1ed5 ph\u00e1ch. \u0111\u01b0\u1ee3c chi\u1ebfu s\u00e1ng b\u1edfi s\u1ef1 pha tr\u1ed9n c\u1ee7a c\u00e1c lo\u1ea1i th\u1ea3o m\u1ed9c v\u00e0 gia v\u1ecb, ph\u1ea3n \u00e1nh truy\u1ec1n th\u1ed1ng danh gi\u00e1 c\u1ee7a Cinzano. H\u01b0\u01a1ng th\u01a1m l\u00e0 s\u1ef1 pha tr\u1ed9n tinh t\u1ebf c\u1ee7a anh \u0111\u00e0o \u0111en v\u00e0 vani, nhu\u1ed1m m\u1ed9t ch\u00fat kem caramel ng\u1ecdt ng\u00e0o. v\u00e0 v\u1ecb cay, \u0111\u01b0\u1ee3c b\u1ed5 sung b\u1edfi v\u1ecb \u0111\u1eafng ph\u1ee9c h\u1ee3p v\u00e0 h\u1eadu v\u1ecb artemisia th\u1ef1c v\u1eadt. M\u00e0u h\u1ed5 ph\u00e1ch l\u00e0 kh\u00fac d\u1ea1o \u0111\u1ea7u cho s\u1ef1 pha tr\u1ed9n th\u01a1m c\u1ee7a vani v\u00e0 anh \u0111\u00e0o \u0111en tr\u00ean m\u0169i, mang \u0111\u1ebfn m\u1ed9t h\u00e0nh tr\u00ecnh c\u1ea3m gi\u00e1c chuy\u1ec3n t\u1eeb v\u1ecb ng\u1ecdt sang gia v\u1ecb v\u00e0 l\u00ean \u0111\u1ebfn \u0111\u1ec9nh \u0111i\u1ec3m. h\u01b0\u01a1ng v\u1ecb ho\u00e0n thi\u1ec7n t\u1eeb th\u1ef1c v\u1eadt c\u1ee7a artemisia Cinzano Vermouth Rosso l\u00e0 minh ch\u1ee9ng cho ngh\u1ec7 thu\u1eadt l\u00e0m r\u01b0\u1ee3u vermouth v\u00e0 s\u1ef1 t\u00f4n vinh ngh\u1ec1 th\u1ee7 c\u00f4ng h\u00e0ng th\u1ebf k\u1ef7.<\/span><\/p>\n","protected":false},"featured_media":8530,"comment_status":"open","ping_status":"closed","template":"","meta":{"_acf_changed":false},"product_cat":[63],"product_tag":[],"class_list":{"0":"post-8528","1":"product","2":"type-product","3":"status-publish","4":"has-post-thumbnail","6":"product_cat-vermouth","7":"brand-cinzano","9":"first","10":"instock","11":"shipping-taxable","12":"product-type-simple"},"acf":[],"yoast_head":"<!-- This site is optimized with the Yoast SEO plugin v23.0 - https:\/\/yoast.com\/wordpress\/plugins\/seo\/ -->\n<title>Cinzano Vermouth Rosso - Alchemy Asia<\/title>\n<meta name=\"robots\" content=\"index, follow, max-snippet:-1, max-image-preview:large, max-video-preview:-1\" \/>\n<link rel=\"canonical\" href=\"https:\/\/alchemy-asia.com\/vi\/san-pham\/cinzano-vermouth-rosso\/\" \/>\n<meta property=\"og:locale\" content=\"vi_VN\" \/>\n<meta property=\"og:type\" content=\"article\" \/>\n<meta property=\"og:title\" content=\"Cinzano Vermouth Rosso - Alchemy Asia\" \/>\n<meta property=\"og:description\" content=\"Cinzano Vermouth Rosso mang m\u00e0u \u0111\u1ecf h\u1ed5 ph\u00e1ch. \u0111\u01b0\u1ee3c chi\u1ebfu s\u00e1ng b\u1edfi s\u1ef1 pha tr\u1ed9n c\u1ee7a c\u00e1c lo\u1ea1i th\u1ea3o m\u1ed9c v\u00e0 gia v\u1ecb, ph\u1ea3n \u00e1nh truy\u1ec1n th\u1ed1ng danh gi\u00e1 c\u1ee7a Cinzano. H\u01b0\u01a1ng th\u01a1m l\u00e0 s\u1ef1 pha tr\u1ed9n tinh t\u1ebf c\u1ee7a anh \u0111\u00e0o \u0111en v\u00e0 vani, nhu\u1ed1m m\u1ed9t ch\u00fat kem caramel ng\u1ecdt ng\u00e0o. v\u00e0 v\u1ecb cay, \u0111\u01b0\u1ee3c b\u1ed5 sung b\u1edfi v\u1ecb \u0111\u1eafng ph\u1ee9c h\u1ee3p v\u00e0 h\u1eadu v\u1ecb artemisia th\u1ef1c v\u1eadt. M\u00e0u h\u1ed5 ph\u00e1ch l\u00e0 kh\u00fac d\u1ea1o \u0111\u1ea7u cho s\u1ef1 pha tr\u1ed9n th\u01a1m c\u1ee7a vani v\u00e0 anh \u0111\u00e0o \u0111en tr\u00ean m\u0169i, mang \u0111\u1ebfn m\u1ed9t h\u00e0nh tr\u00ecnh c\u1ea3m gi\u00e1c chuy\u1ec3n t\u1eeb v\u1ecb ng\u1ecdt sang gia v\u1ecb v\u00e0 l\u00ean \u0111\u1ebfn \u0111\u1ec9nh \u0111i\u1ec3m. h\u01b0\u01a1ng v\u1ecb ho\u00e0n thi\u1ec7n t\u1eeb th\u1ef1c v\u1eadt c\u1ee7a artemisia Cinzano Vermouth Rosso l\u00e0 minh ch\u1ee9ng cho ngh\u1ec7 thu\u1eadt l\u00e0m r\u01b0\u1ee3u vermouth v\u00e0 s\u1ef1 t\u00f4n vinh ngh\u1ec1 th\u1ee7 c\u00f4ng h\u00e0ng th\u1ebf k\u1ef7.\" \/>\n<meta property=\"og:url\" content=\"https:\/\/alchemy-asia.com\/vi\/san-pham\/cinzano-vermouth-rosso\/\" \/>\n<meta property=\"og:site_name\" content=\"Alchemy Asia\" \/>\n<meta property=\"og:image\" content=\"https:\/\/alchemy-asia.com\/vi\/wp-content\/uploads\/sites\/3\/2024\/07\/Cinzano-Vermouth-Rosso.png\" \/>\n\t<meta property=\"og:image:width\" content=\"2100\" \/>\n\t<meta property=\"og:image:height\" content=\"2100\" \/>\n\t<meta property=\"og:image:type\" content=\"image\/png\" \/>\n<meta name=\"twitter:card\" content=\"summary_large_image\" \/>\n<meta name=\"twitter:label1\" content=\"\u01af\u1edbc t\u00ednh th\u1eddi gian \u0111\u1ecdc\" \/>\n\t<meta name=\"twitter:data1\" content=\"1 ph\u00fat\" \/>\n<script type=\"application\/ld+json\" class=\"yoast-schema-graph\">{\"@context\":\"https:\/\/schema.org\",\"@graph\":[{\"@type\":\"WebPage\",\"@id\":\"https:\/\/alchemy-asia.com\/vi\/san-pham\/cinzano-vermouth-rosso\/\",\"url\":\"https:\/\/alchemy-asia.com\/vi\/san-pham\/cinzano-vermouth-rosso\/\",\"name\":\"Cinzano Vermouth Rosso - Alchemy Asia\",\"isPartOf\":{\"@id\":\"https:\/\/alchemy-asia.com\/vi\/#website\"},\"primaryImageOfPage\":{\"@id\":\"https:\/\/alchemy-asia.com\/vi\/san-pham\/cinzano-vermouth-rosso\/#primaryimage\"},\"image\":{\"@id\":\"https:\/\/alchemy-asia.com\/vi\/san-pham\/cinzano-vermouth-rosso\/#primaryimage\"},\"thumbnailUrl\":\"https:\/\/alchemy-asia.com\/vi\/wp-content\/uploads\/sites\/3\/2024\/07\/Cinzano-Vermouth-Rosso.png\",\"datePublished\":\"2024-09-10T08:31:47+00:00\",\"dateModified\":\"2024-09-10T08:31:47+00:00\",\"breadcrumb\":{\"@id\":\"https:\/\/alchemy-asia.com\/vi\/san-pham\/cinzano-vermouth-rosso\/#breadcrumb\"},\"inLanguage\":\"vi\",\"potentialAction\":[{\"@type\":\"ReadAction\",\"target\":[\"https:\/\/alchemy-asia.com\/vi\/san-pham\/cinzano-vermouth-rosso\/\"]}]},{\"@type\":\"ImageObject\",\"inLanguage\":\"vi\",\"@id\":\"https:\/\/alchemy-asia.com\/vi\/san-pham\/cinzano-vermouth-rosso\/#primaryimage\",\"url\":\"https:\/\/alchemy-asia.com\/vi\/wp-content\/uploads\/sites\/3\/2024\/07\/Cinzano-Vermouth-Rosso.png\",\"contentUrl\":\"https:\/\/alchemy-asia.com\/vi\/wp-content\/uploads\/sites\/3\/2024\/07\/Cinzano-Vermouth-Rosso.png\",\"width\":2100,\"height\":2100},{\"@type\":\"BreadcrumbList\",\"@id\":\"https:\/\/alchemy-asia.com\/vi\/san-pham\/cinzano-vermouth-rosso\/#breadcrumb\",\"itemListElement\":[{\"@type\":\"ListItem\",\"position\":1,\"name\":\"Home\",\"item\":\"https:\/\/alchemy-asia.com\/vi\/\"},{\"@type\":\"ListItem\",\"position\":2,\"name\":\"Cinzano Vermouth Rosso\"}]},{\"@type\":\"WebSite\",\"@id\":\"https:\/\/alchemy-asia.com\/vi\/#website\",\"url\":\"https:\/\/alchemy-asia.com\/vi\/\",\"name\":\"Alchemy Asia\",\"description\":\"Just another Alchemy Asia Sites site\",\"potentialAction\":[{\"@type\":\"SearchAction\",\"target\":{\"@type\":\"EntryPoint\",\"urlTemplate\":\"https:\/\/alchemy-asia.com\/vi\/?s={search_term_string}\"},\"query-input\":\"required name=search_term_string\"}],\"inLanguage\":\"vi\"}]}<\/script>\n<!-- \/ Yoast SEO plugin. -->","yoast_head_json":{"title":"Cinzano Vermouth Rosso - Alchemy Asia","robots":{"index":"index","follow":"follow","max-snippet":"max-snippet:-1","max-image-preview":"max-image-preview:large","max-video-preview":"max-video-preview:-1"},"canonical":"https:\/\/alchemy-asia.com\/vi\/san-pham\/cinzano-vermouth-rosso\/","og_locale":"vi_VN","og_type":"article","og_title":"Cinzano Vermouth Rosso - Alchemy Asia","og_description":"Cinzano Vermouth Rosso mang m\u00e0u \u0111\u1ecf h\u1ed5 ph\u00e1ch. \u0111\u01b0\u1ee3c chi\u1ebfu s\u00e1ng b\u1edfi s\u1ef1 pha tr\u1ed9n c\u1ee7a c\u00e1c lo\u1ea1i th\u1ea3o m\u1ed9c v\u00e0 gia v\u1ecb, ph\u1ea3n \u00e1nh truy\u1ec1n th\u1ed1ng danh gi\u00e1 c\u1ee7a Cinzano. H\u01b0\u01a1ng th\u01a1m l\u00e0 s\u1ef1 pha tr\u1ed9n tinh t\u1ebf c\u1ee7a anh \u0111\u00e0o \u0111en v\u00e0 vani, nhu\u1ed1m m\u1ed9t ch\u00fat kem caramel ng\u1ecdt ng\u00e0o. v\u00e0 v\u1ecb cay, \u0111\u01b0\u1ee3c b\u1ed5 sung b\u1edfi v\u1ecb \u0111\u1eafng ph\u1ee9c h\u1ee3p v\u00e0 h\u1eadu v\u1ecb artemisia th\u1ef1c v\u1eadt. M\u00e0u h\u1ed5 ph\u00e1ch l\u00e0 kh\u00fac d\u1ea1o \u0111\u1ea7u cho s\u1ef1 pha tr\u1ed9n th\u01a1m c\u1ee7a vani v\u00e0 anh \u0111\u00e0o \u0111en tr\u00ean m\u0169i, mang \u0111\u1ebfn m\u1ed9t h\u00e0nh tr\u00ecnh c\u1ea3m gi\u00e1c chuy\u1ec3n t\u1eeb v\u1ecb ng\u1ecdt sang gia v\u1ecb v\u00e0 l\u00ean \u0111\u1ebfn \u0111\u1ec9nh \u0111i\u1ec3m. h\u01b0\u01a1ng v\u1ecb ho\u00e0n thi\u1ec7n t\u1eeb th\u1ef1c v\u1eadt c\u1ee7a artemisia Cinzano Vermouth Rosso l\u00e0 minh ch\u1ee9ng cho ngh\u1ec7 thu\u1eadt l\u00e0m r\u01b0\u1ee3u vermouth v\u00e0 s\u1ef1 t\u00f4n vinh ngh\u1ec1 th\u1ee7 c\u00f4ng h\u00e0ng th\u1ebf k\u1ef7.","og_url":"https:\/\/alchemy-asia.com\/vi\/san-pham\/cinzano-vermouth-rosso\/","og_site_name":"Alchemy Asia","og_image":[{"width":2100,"height":2100,"url":"https:\/\/alchemy-asia.com\/vi\/wp-content\/uploads\/sites\/3\/2024\/07\/Cinzano-Vermouth-Rosso.png","type":"image\/png"}],"twitter_card":"summary_large_image","twitter_misc":{"\u01af\u1edbc t\u00ednh th\u1eddi gian \u0111\u1ecdc":"1 ph\u00fat"},"schema":{"@context":"https:\/\/schema.org","@graph":[{"@type":"WebPage","@id":"https:\/\/alchemy-asia.com\/vi\/san-pham\/cinzano-vermouth-rosso\/","url":"https:\/\/alchemy-asia.com\/vi\/san-pham\/cinzano-vermouth-rosso\/","name":"Cinzano Vermouth Rosso - Alchemy Asia","isPartOf":{"@id":"https:\/\/alchemy-asia.com\/vi\/#website"},"primaryImageOfPage":{"@id":"https:\/\/alchemy-asia.com\/vi\/san-pham\/cinzano-vermouth-rosso\/#primaryimage"},"image":{"@id":"https:\/\/alchemy-asia.com\/vi\/san-pham\/cinzano-vermouth-rosso\/#primaryimage"},"thumbnailUrl":"https:\/\/alchemy-asia.com\/vi\/wp-content\/uploads\/sites\/3\/2024\/07\/Cinzano-Vermouth-Rosso.png","datePublished":"2024-09-10T08:31:47+00:00","dateModified":"2024-09-10T08:31:47+00:00","breadcrumb":{"@id":"https:\/\/alchemy-asia.com\/vi\/san-pham\/cinzano-vermouth-rosso\/#breadcrumb"},"inLanguage":"vi","potentialAction":[{"@type":"ReadAction","target":["https:\/\/alchemy-asia.com\/vi\/san-pham\/cinzano-vermouth-rosso\/"]}]},{"@type":"ImageObject","inLanguage":"vi","@id":"https:\/\/alchemy-asia.com\/vi\/san-pham\/cinzano-vermouth-rosso\/#primaryimage","url":"https:\/\/alchemy-asia.com\/vi\/wp-content\/uploads\/sites\/3\/2024\/07\/Cinzano-Vermouth-Rosso.png","contentUrl":"https:\/\/alchemy-asia.com\/vi\/wp-content\/uploads\/sites\/3\/2024\/07\/Cinzano-Vermouth-Rosso.png","width":2100,"height":2100},{"@type":"BreadcrumbList","@id":"https:\/\/alchemy-asia.com\/vi\/san-pham\/cinzano-vermouth-rosso\/#breadcrumb","itemListElement":[{"@type":"ListItem","position":1,"name":"Home","item":"https:\/\/alchemy-asia.com\/vi\/"},{"@type":"ListItem","position":2,"name":"Cinzano Vermouth Rosso"}]},{"@type":"WebSite","@id":"https:\/\/alchemy-asia.com\/vi\/#website","url":"https:\/\/alchemy-asia.com\/vi\/","name":"Alchemy Asia","description":"Just another Alchemy Asia Sites site","potentialAction":[{"@type":"SearchAction","target":{"@type":"EntryPoint","urlTemplate":"https:\/\/alchemy-asia.com\/vi\/?s={search_term_string}"},"query-input":"required name=search_term_string"}],"inLanguage":"vi"}]}},"_links":{"self":[{"href":"https:\/\/alchemy-asia.com\/vi\/wp-json\/wp\/v2\/product\/8528","targetHints":{"allow":["GET"]}}],"collection":[{"href":"https:\/\/alchemy-asia.com\/vi\/wp-json\/wp\/v2\/product"}],"about":[{"href":"https:\/\/alchemy-asia.com\/vi\/wp-json\/wp\/v2\/types\/product"}],"replies":[{"embeddable":true,"href":"https:\/\/alchemy-asia.com\/vi\/wp-json\/wp\/v2\/comments?post=8528"}],"wp:featuredmedia":[{"embeddable":true,"href":"https:\/\/alchemy-asia.com\/vi\/wp-json\/wp\/v2\/media\/8530"}],"wp:attachment":[{"href":"https:\/\/alchemy-asia.com\/vi\/wp-json\/wp\/v2\/media?parent=8528"}],"wp:term":[{"taxonomy":"product_cat","embeddable":true,"href":"https:\/\/alchemy-asia.com\/vi\/wp-json\/wp\/v2\/product_cat?post=8528"},{"taxonomy":"product_tag","embeddable":true,"href":"https:\/\/alchemy-asia.com\/vi\/wp-json\/wp\/v2\/product_tag?post=8528"}],"curies":[{"name":"wp","href":"https:\/\/api.w.org\/{rel}","templated":true}]}}