{"id":8529,"date":"2024-09-10T08:54:30","date_gmt":"2024-09-10T08:54:30","guid":{"rendered":"https:\/\/alchemy-asia.com\/vi\/?post_type=product&#038;p=8529"},"modified":"2024-09-12T08:45:02","modified_gmt":"2024-09-12T08:45:02","slug":"pommery-royal-blue-sky","status":"publish","type":"product","link":"https:\/\/alchemy-asia.com\/vi\/san-pham\/pommery-royal-blue-sky\/","title":{"rendered":"POMMERY ROYAL BLUE SKY"},"content":{"rendered":"","protected":false},"excerpt":{"rendered":"<p>Royal Blue Sky l\u00e0 m\u1ed9t tr\u1ea3i nghi\u1ec7m Pommery m\u1edbi, khi c\u00f4ng th\u1ee9c champagne truy\u1ec1n th\u1ed1ng bao g\u1ed3m c\u00e1c lo\u1ea1i r\u01b0\u1ee3u Pinot Noir, Pinot Meunier v\u00e0 Chardonnay \u0111\u01b0\u1ee3c bi\u1ebfn h\u00f3a \u0111\u1ec3 tr\u1edf n\u00ean ng\u1ecdt ng\u00e0o h\u01a1n.<br \/>\nM\u1ed9t h\u01b0\u01a1ng v\u1ecb m\u00e3nh li\u1ec7t \u0111\u1ea7y b\u1ea5t ng\u1edd s\u1ebd g\u00e2y ng\u1ea1c nhi\u00ean tr\u01b0\u1edbc khi gi\u1ea3i ph\u00f3ng m\u1ed9t s\u1ef1 t\u01b0\u01a1i m\u1edbi \u0111\u1ea7y n\u0103ng l\u01b0\u1ee3ng. Royal Blue Sky th\u1ec3 hi\u1ec7n s\u1ef1 t\u1ef1 do theo tinh th\u1ea7n Pommery, ph\u00e1 c\u00e1ch nh\u01b0ng ch\u00e2n th\u1ef1c.<br \/>\nN\u1ed0T H\u01af\u01a0NG V\u1eca<br \/>\nV\u1ec1 m\u00e0u s\u1eafc: b\u1eaft \u0111\u1ea7u tr\u1ea3i nghi\u1ec7m d\u00f2ng r\u01b0\u1ee3u n\u00e0y l\u00e0 m\u1ed9t m\u00e0u v\u00e0ng nh\u1ea1t \u01b0a nh\u00ecn c\u00f9ng hi\u1ec7u \u1ee9ng tuy\u1ec7t v\u1eddi \u0111\u1ea7y \u1ea5n t\u01b0\u1ee3ng.<\/p>\n<p>V\u1ec1 m\u00f9i h\u01b0\u01a1ng: ch\u00fang ta d\u1ec5 d\u00e0ng nh\u1eadn th\u1ea5y c\u00e1c n\u1ed1t h\u01b0\u01a1ng c\u1ee7a qu\u1ea3 sung kh\u00f4, qu\u1ea3 h\u1ea1nh kh\u00f4 \u0111\u1ea7u ti\u00ean. Sau \u0111\u00f3, ch\u00fang ta d\u1ec5 d\u00e0ng c\u1ea3m nh\u1eadn \u0111\u01b0\u1ee3c h\u01b0\u01a1ng c\u1ee7a b\u1ed9t h\u1ea1nh nh\u00e2n, v\u1ecb b\u00e1nh mille feuille, k\u1eb9o marshmallow v\u00e0 m\u1eadt ong.<\/p>\n","protected":false},"featured_media":8889,"comment_status":"open","ping_status":"closed","template":"","meta":{"_acf_changed":false},"product_cat":[74],"product_tag":[],"class_list":{"0":"post-8529","1":"product","2":"type-product","3":"status-publish","4":"has-post-thumbnail","6":"product_cat-champagne","7":"brand-pommery","9":"first","10":"instock","11":"shipping-taxable","12":"product-type-simple"},"acf":[],"yoast_head":"<!-- This site is optimized with the Yoast SEO plugin v23.0 - https:\/\/yoast.com\/wordpress\/plugins\/seo\/ -->\n<title>POMMERY ROYAL BLUE SKY - Alchemy Asia<\/title>\n<meta name=\"robots\" content=\"index, follow, max-snippet:-1, max-image-preview:large, max-video-preview:-1\" \/>\n<link rel=\"canonical\" href=\"https:\/\/alchemy-asia.com\/vi\/san-pham\/pommery-royal-blue-sky\/\" \/>\n<meta property=\"og:locale\" content=\"vi_VN\" \/>\n<meta property=\"og:type\" content=\"article\" \/>\n<meta property=\"og:title\" content=\"POMMERY ROYAL BLUE SKY - Alchemy Asia\" \/>\n<meta property=\"og:description\" content=\"Royal Blue Sky l\u00e0 m\u1ed9t tr\u1ea3i nghi\u1ec7m Pommery m\u1edbi, khi c\u00f4ng th\u1ee9c champagne truy\u1ec1n th\u1ed1ng bao g\u1ed3m c\u00e1c lo\u1ea1i r\u01b0\u1ee3u Pinot Noir, Pinot Meunier v\u00e0 Chardonnay \u0111\u01b0\u1ee3c bi\u1ebfn h\u00f3a \u0111\u1ec3 tr\u1edf n\u00ean ng\u1ecdt ng\u00e0o h\u01a1n. M\u1ed9t h\u01b0\u01a1ng v\u1ecb m\u00e3nh li\u1ec7t \u0111\u1ea7y b\u1ea5t ng\u1edd s\u1ebd g\u00e2y ng\u1ea1c nhi\u00ean tr\u01b0\u1edbc khi gi\u1ea3i ph\u00f3ng m\u1ed9t s\u1ef1 t\u01b0\u01a1i m\u1edbi \u0111\u1ea7y n\u0103ng l\u01b0\u1ee3ng. Royal Blue Sky th\u1ec3 hi\u1ec7n s\u1ef1 t\u1ef1 do theo tinh th\u1ea7n Pommery, ph\u00e1 c\u00e1ch nh\u01b0ng ch\u00e2n th\u1ef1c. N\u1ed0T H\u01af\u01a0NG V\u1eca V\u1ec1 m\u00e0u s\u1eafc: b\u1eaft \u0111\u1ea7u tr\u1ea3i nghi\u1ec7m d\u00f2ng r\u01b0\u1ee3u n\u00e0y l\u00e0 m\u1ed9t m\u00e0u v\u00e0ng nh\u1ea1t \u01b0a nh\u00ecn c\u00f9ng hi\u1ec7u \u1ee9ng tuy\u1ec7t v\u1eddi \u0111\u1ea7y \u1ea5n t\u01b0\u1ee3ng.  V\u1ec1 m\u00f9i h\u01b0\u01a1ng: ch\u00fang ta d\u1ec5 d\u00e0ng nh\u1eadn th\u1ea5y c\u00e1c n\u1ed1t h\u01b0\u01a1ng c\u1ee7a qu\u1ea3 sung kh\u00f4, qu\u1ea3 h\u1ea1nh kh\u00f4 \u0111\u1ea7u ti\u00ean. Sau \u0111\u00f3, ch\u00fang ta d\u1ec5 d\u00e0ng c\u1ea3m nh\u1eadn \u0111\u01b0\u1ee3c h\u01b0\u01a1ng c\u1ee7a b\u1ed9t h\u1ea1nh nh\u00e2n, v\u1ecb b\u00e1nh mille feuille, k\u1eb9o marshmallow v\u00e0 m\u1eadt ong.\" \/>\n<meta property=\"og:url\" content=\"https:\/\/alchemy-asia.com\/vi\/san-pham\/pommery-royal-blue-sky\/\" \/>\n<meta property=\"og:site_name\" content=\"Alchemy Asia\" \/>\n<meta property=\"article:modified_time\" content=\"2024-09-12T08:45:02+00:00\" \/>\n<meta property=\"og:image\" content=\"https:\/\/alchemy-asia.com\/vi\/wp-content\/uploads\/sites\/3\/2024\/09\/Pommery-Blue-Sky.png\" \/>\n\t<meta property=\"og:image:width\" content=\"2480\" \/>\n\t<meta property=\"og:image:height\" content=\"2480\" \/>\n\t<meta property=\"og:image:type\" content=\"image\/png\" \/>\n<meta name=\"twitter:card\" content=\"summary_large_image\" \/>\n<meta name=\"twitter:label1\" content=\"\u01af\u1edbc t\u00ednh th\u1eddi gian \u0111\u1ecdc\" \/>\n\t<meta name=\"twitter:data1\" content=\"1 ph\u00fat\" \/>\n<script type=\"application\/ld+json\" class=\"yoast-schema-graph\">{\"@context\":\"https:\/\/schema.org\",\"@graph\":[{\"@type\":\"WebPage\",\"@id\":\"https:\/\/alchemy-asia.com\/vi\/san-pham\/pommery-royal-blue-sky\/\",\"url\":\"https:\/\/alchemy-asia.com\/vi\/san-pham\/pommery-royal-blue-sky\/\",\"name\":\"POMMERY ROYAL BLUE SKY - Alchemy Asia\",\"isPartOf\":{\"@id\":\"https:\/\/alchemy-asia.com\/vi\/#website\"},\"primaryImageOfPage\":{\"@id\":\"https:\/\/alchemy-asia.com\/vi\/san-pham\/pommery-royal-blue-sky\/#primaryimage\"},\"image\":{\"@id\":\"https:\/\/alchemy-asia.com\/vi\/san-pham\/pommery-royal-blue-sky\/#primaryimage\"},\"thumbnailUrl\":\"https:\/\/alchemy-asia.com\/vi\/wp-content\/uploads\/sites\/3\/2024\/09\/Pommery-Blue-Sky.png\",\"datePublished\":\"2024-09-10T08:54:30+00:00\",\"dateModified\":\"2024-09-12T08:45:02+00:00\",\"breadcrumb\":{\"@id\":\"https:\/\/alchemy-asia.com\/vi\/san-pham\/pommery-royal-blue-sky\/#breadcrumb\"},\"inLanguage\":\"vi\",\"potentialAction\":[{\"@type\":\"ReadAction\",\"target\":[\"https:\/\/alchemy-asia.com\/vi\/san-pham\/pommery-royal-blue-sky\/\"]}]},{\"@type\":\"ImageObject\",\"inLanguage\":\"vi\",\"@id\":\"https:\/\/alchemy-asia.com\/vi\/san-pham\/pommery-royal-blue-sky\/#primaryimage\",\"url\":\"https:\/\/alchemy-asia.com\/vi\/wp-content\/uploads\/sites\/3\/2024\/09\/Pommery-Blue-Sky.png\",\"contentUrl\":\"https:\/\/alchemy-asia.com\/vi\/wp-content\/uploads\/sites\/3\/2024\/09\/Pommery-Blue-Sky.png\",\"width\":2480,\"height\":2480,\"caption\":\"Pommery Blue Sky\"},{\"@type\":\"BreadcrumbList\",\"@id\":\"https:\/\/alchemy-asia.com\/vi\/san-pham\/pommery-royal-blue-sky\/#breadcrumb\",\"itemListElement\":[{\"@type\":\"ListItem\",\"position\":1,\"name\":\"Home\",\"item\":\"https:\/\/alchemy-asia.com\/vi\/\"},{\"@type\":\"ListItem\",\"position\":2,\"name\":\"POMMERY ROYAL BLUE SKY\"}]},{\"@type\":\"WebSite\",\"@id\":\"https:\/\/alchemy-asia.com\/vi\/#website\",\"url\":\"https:\/\/alchemy-asia.com\/vi\/\",\"name\":\"Alchemy Asia\",\"description\":\"Just another Alchemy Asia Sites site\",\"potentialAction\":[{\"@type\":\"SearchAction\",\"target\":{\"@type\":\"EntryPoint\",\"urlTemplate\":\"https:\/\/alchemy-asia.com\/vi\/?s={search_term_string}\"},\"query-input\":\"required name=search_term_string\"}],\"inLanguage\":\"vi\"}]}<\/script>\n<!-- \/ Yoast SEO plugin. -->","yoast_head_json":{"title":"POMMERY ROYAL BLUE SKY - Alchemy Asia","robots":{"index":"index","follow":"follow","max-snippet":"max-snippet:-1","max-image-preview":"max-image-preview:large","max-video-preview":"max-video-preview:-1"},"canonical":"https:\/\/alchemy-asia.com\/vi\/san-pham\/pommery-royal-blue-sky\/","og_locale":"vi_VN","og_type":"article","og_title":"POMMERY ROYAL BLUE SKY - Alchemy Asia","og_description":"Royal Blue Sky l\u00e0 m\u1ed9t tr\u1ea3i nghi\u1ec7m Pommery m\u1edbi, khi c\u00f4ng th\u1ee9c champagne truy\u1ec1n th\u1ed1ng bao g\u1ed3m c\u00e1c lo\u1ea1i r\u01b0\u1ee3u Pinot Noir, Pinot Meunier v\u00e0 Chardonnay \u0111\u01b0\u1ee3c bi\u1ebfn h\u00f3a \u0111\u1ec3 tr\u1edf n\u00ean ng\u1ecdt ng\u00e0o h\u01a1n. M\u1ed9t h\u01b0\u01a1ng v\u1ecb m\u00e3nh li\u1ec7t \u0111\u1ea7y b\u1ea5t ng\u1edd s\u1ebd g\u00e2y ng\u1ea1c nhi\u00ean tr\u01b0\u1edbc khi gi\u1ea3i ph\u00f3ng m\u1ed9t s\u1ef1 t\u01b0\u01a1i m\u1edbi \u0111\u1ea7y n\u0103ng l\u01b0\u1ee3ng. Royal Blue Sky th\u1ec3 hi\u1ec7n s\u1ef1 t\u1ef1 do theo tinh th\u1ea7n Pommery, ph\u00e1 c\u00e1ch nh\u01b0ng ch\u00e2n th\u1ef1c. N\u1ed0T H\u01af\u01a0NG V\u1eca V\u1ec1 m\u00e0u s\u1eafc: b\u1eaft \u0111\u1ea7u tr\u1ea3i nghi\u1ec7m d\u00f2ng r\u01b0\u1ee3u n\u00e0y l\u00e0 m\u1ed9t m\u00e0u v\u00e0ng nh\u1ea1t \u01b0a nh\u00ecn c\u00f9ng hi\u1ec7u \u1ee9ng tuy\u1ec7t v\u1eddi \u0111\u1ea7y \u1ea5n t\u01b0\u1ee3ng.  V\u1ec1 m\u00f9i h\u01b0\u01a1ng: ch\u00fang ta d\u1ec5 d\u00e0ng nh\u1eadn th\u1ea5y c\u00e1c n\u1ed1t h\u01b0\u01a1ng c\u1ee7a qu\u1ea3 sung kh\u00f4, qu\u1ea3 h\u1ea1nh kh\u00f4 \u0111\u1ea7u ti\u00ean. Sau \u0111\u00f3, ch\u00fang ta d\u1ec5 d\u00e0ng c\u1ea3m nh\u1eadn \u0111\u01b0\u1ee3c h\u01b0\u01a1ng c\u1ee7a b\u1ed9t h\u1ea1nh nh\u00e2n, v\u1ecb b\u00e1nh mille feuille, k\u1eb9o marshmallow v\u00e0 m\u1eadt ong.","og_url":"https:\/\/alchemy-asia.com\/vi\/san-pham\/pommery-royal-blue-sky\/","og_site_name":"Alchemy Asia","article_modified_time":"2024-09-12T08:45:02+00:00","og_image":[{"width":2480,"height":2480,"url":"https:\/\/alchemy-asia.com\/vi\/wp-content\/uploads\/sites\/3\/2024\/09\/Pommery-Blue-Sky.png","type":"image\/png"}],"twitter_card":"summary_large_image","twitter_misc":{"\u01af\u1edbc t\u00ednh th\u1eddi gian \u0111\u1ecdc":"1 ph\u00fat"},"schema":{"@context":"https:\/\/schema.org","@graph":[{"@type":"WebPage","@id":"https:\/\/alchemy-asia.com\/vi\/san-pham\/pommery-royal-blue-sky\/","url":"https:\/\/alchemy-asia.com\/vi\/san-pham\/pommery-royal-blue-sky\/","name":"POMMERY ROYAL BLUE SKY - Alchemy Asia","isPartOf":{"@id":"https:\/\/alchemy-asia.com\/vi\/#website"},"primaryImageOfPage":{"@id":"https:\/\/alchemy-asia.com\/vi\/san-pham\/pommery-royal-blue-sky\/#primaryimage"},"image":{"@id":"https:\/\/alchemy-asia.com\/vi\/san-pham\/pommery-royal-blue-sky\/#primaryimage"},"thumbnailUrl":"https:\/\/alchemy-asia.com\/vi\/wp-content\/uploads\/sites\/3\/2024\/09\/Pommery-Blue-Sky.png","datePublished":"2024-09-10T08:54:30+00:00","dateModified":"2024-09-12T08:45:02+00:00","breadcrumb":{"@id":"https:\/\/alchemy-asia.com\/vi\/san-pham\/pommery-royal-blue-sky\/#breadcrumb"},"inLanguage":"vi","potentialAction":[{"@type":"ReadAction","target":["https:\/\/alchemy-asia.com\/vi\/san-pham\/pommery-royal-blue-sky\/"]}]},{"@type":"ImageObject","inLanguage":"vi","@id":"https:\/\/alchemy-asia.com\/vi\/san-pham\/pommery-royal-blue-sky\/#primaryimage","url":"https:\/\/alchemy-asia.com\/vi\/wp-content\/uploads\/sites\/3\/2024\/09\/Pommery-Blue-Sky.png","contentUrl":"https:\/\/alchemy-asia.com\/vi\/wp-content\/uploads\/sites\/3\/2024\/09\/Pommery-Blue-Sky.png","width":2480,"height":2480,"caption":"Pommery Blue Sky"},{"@type":"BreadcrumbList","@id":"https:\/\/alchemy-asia.com\/vi\/san-pham\/pommery-royal-blue-sky\/#breadcrumb","itemListElement":[{"@type":"ListItem","position":1,"name":"Home","item":"https:\/\/alchemy-asia.com\/vi\/"},{"@type":"ListItem","position":2,"name":"POMMERY ROYAL BLUE SKY"}]},{"@type":"WebSite","@id":"https:\/\/alchemy-asia.com\/vi\/#website","url":"https:\/\/alchemy-asia.com\/vi\/","name":"Alchemy Asia","description":"Just another Alchemy Asia Sites site","potentialAction":[{"@type":"SearchAction","target":{"@type":"EntryPoint","urlTemplate":"https:\/\/alchemy-asia.com\/vi\/?s={search_term_string}"},"query-input":"required name=search_term_string"}],"inLanguage":"vi"}]}},"_links":{"self":[{"href":"https:\/\/alchemy-asia.com\/vi\/wp-json\/wp\/v2\/product\/8529","targetHints":{"allow":["GET"]}}],"collection":[{"href":"https:\/\/alchemy-asia.com\/vi\/wp-json\/wp\/v2\/product"}],"about":[{"href":"https:\/\/alchemy-asia.com\/vi\/wp-json\/wp\/v2\/types\/product"}],"replies":[{"embeddable":true,"href":"https:\/\/alchemy-asia.com\/vi\/wp-json\/wp\/v2\/comments?post=8529"}],"wp:featuredmedia":[{"embeddable":true,"href":"https:\/\/alchemy-asia.com\/vi\/wp-json\/wp\/v2\/media\/8889"}],"wp:attachment":[{"href":"https:\/\/alchemy-asia.com\/vi\/wp-json\/wp\/v2\/media?parent=8529"}],"wp:term":[{"taxonomy":"product_cat","embeddable":true,"href":"https:\/\/alchemy-asia.com\/vi\/wp-json\/wp\/v2\/product_cat?post=8529"},{"taxonomy":"product_tag","embeddable":true,"href":"https:\/\/alchemy-asia.com\/vi\/wp-json\/wp\/v2\/product_tag?post=8529"}],"curies":[{"name":"wp","href":"https:\/\/api.w.org\/{rel}","templated":true}]}}