{"id":8532,"date":"2024-09-10T08:31:45","date_gmt":"2024-09-10T08:31:45","guid":{"rendered":"https:\/\/alchemy-asia.com\/vi\/?post_type=product&#038;p=8532"},"modified":"2024-09-10T08:31:45","modified_gmt":"2024-09-10T08:31:45","slug":"cinzano-vermouth-rosso-1757","status":"publish","type":"product","link":"https:\/\/alchemy-asia.com\/vi\/san-pham\/cinzano-vermouth-rosso-1757\/","title":{"rendered":"Cinzano Vermouth Rosso 1757"},"content":{"rendered":"","protected":false},"excerpt":{"rendered":"<p><span data-sheets-root=\"1\" data-sheets-value=\"{&quot;1&quot;:2,&quot;2&quot;:&quot; Lo\u1ea1i r\u01b0\u1ee3u vermouth n\u00e0y l\u00e0 m\u1ed9t ki\u1ec7t t\u00e1c, pha tr\u1ed9n nh\u1eefng h\u01b0\u01a1ng li\u1ec7u th\u01a1m ngon nh\u1ea5t c\u1ee7a truy\u1ec1n th\u1ed1ng \u00dd\u2014th\u1ea3o m\u1ed9c, gia v\u1ecb, hoa v\u00e0 tr\u00e1i c\u00e2y\u2014th\u00e0nh m\u1ed9t h\u01b0\u01a1ng v\u1ecb h\u00e0i h\u00f2a v\u00e0 ph\u1ee9c t\u1ea1p \u0110\u01b0\u1ee3c ch\u1ebf t\u1ea1o theo phong t\u1ee5c c\u1ed5 c\u1ee7a ng\u01b0\u1eddi Piedmontese, n\u00f3 c\u00f3 h\u01b0\u01a1ng v\u1ecb ng\u1ecdt ng\u00e0o, th\u01a1m, \u0111\u1eadm \u0111\u00e0 v\u00e0 c\u00e2n b\u1eb1ng \u0111\u1eb7c tr\u01b0ng. M\u0169i m\u1edf ra v\u1edbi h\u01b0\u01a1ng gia v\u1ecb ph\u1ee9c t\u1ea1p, g\u1ed7 v\u00e0 r\u1ec5 c\u00e2y, m\u1edf ra h\u01b0\u01a1ng vani, tr\u00e1i c\u00e2y kh\u00f4 v\u00e0 hoa ng\u1ea3i c\u1ee9u Tr\u00ean v\u00f2m mi\u1ec7ng, qu\u1ea3 sung kh\u00f4, gia v\u1ecb v\u00e0 g\u1ed7, tr\u00f2n tr\u1ecba v\u1edbi ch\u00fat h\u01b0\u01a1ng vani h\u1ed9i t\u1ee5, d\u1eabn \u0111\u1ebfn v\u1ecb \u0111\u1eafng k\u00e9o d\u00e0i. ho\u00e0n thi\u1ec7n b\u1eb1ng nh\u1ef1a h\u1ed5 ph\u00e1ch 1757 Vermouth di.&quot;}\" data-sheets-userformat=\"{&quot;2&quot;:1057791,&quot;3&quot;:{&quot;1&quot;:0},&quot;4&quot;:{&quot;1&quot;:2,&quot;2&quot;:16776960},&quot;5&quot;:{&quot;1&quot;:[{&quot;1&quot;:2,&quot;2&quot;:0,&quot;5&quot;:{&quot;1&quot;:2,&quot;2&quot;:0}},{&quot;1&quot;:0,&quot;2&quot;:0,&quot;3&quot;:3},{&quot;1&quot;:1,&quot;2&quot;:0,&quot;4&quot;:1}]},&quot;6&quot;:{&quot;1&quot;:[{&quot;1&quot;:2,&quot;2&quot;:0,&quot;5&quot;:{&quot;1&quot;:2,&quot;2&quot;:0}},{&quot;1&quot;:0,&quot;2&quot;:0,&quot;3&quot;:3},{&quot;1&quot;:1,&quot;2&quot;:0,&quot;4&quot;:1}]},&quot;7&quot;:{&quot;1&quot;:[{&quot;1&quot;:2,&quot;2&quot;:0,&quot;5&quot;:{&quot;1&quot;:2,&quot;2&quot;:0}},{&quot;1&quot;:0,&quot;2&quot;:0,&quot;3&quot;:3},{&quot;1&quot;:1,&quot;2&quot;:0,&quot;4&quot;:1}]},&quot;8&quot;:{&quot;1&quot;:[{&quot;1&quot;:2,&quot;2&quot;:0,&quot;5&quot;:{&quot;1&quot;:2,&quot;2&quot;:0}},{&quot;1&quot;:0,&quot;2&quot;:0,&quot;3&quot;:3},{&quot;1&quot;:1,&quot;2&quot;:0,&quot;4&quot;:1}]},&quot;9&quot;:0,&quot;10&quot;:1,&quot;11&quot;:4,&quot;12&quot;:0,&quot;16&quot;:13,&quot;23&quot;:1}\"> Lo\u1ea1i r\u01b0\u1ee3u vermouth n\u00e0y l\u00e0 m\u1ed9t ki\u1ec7t t\u00e1c, pha tr\u1ed9n nh\u1eefng h\u01b0\u01a1ng li\u1ec7u th\u01a1m ngon nh\u1ea5t c\u1ee7a truy\u1ec1n th\u1ed1ng \u00dd\u2014th\u1ea3o m\u1ed9c, gia v\u1ecb, hoa v\u00e0 tr\u00e1i c\u00e2y\u2014th\u00e0nh m\u1ed9t h\u01b0\u01a1ng v\u1ecb h\u00e0i h\u00f2a v\u00e0 ph\u1ee9c t\u1ea1p \u0110\u01b0\u1ee3c ch\u1ebf t\u1ea1o theo phong t\u1ee5c c\u1ed5 c\u1ee7a ng\u01b0\u1eddi Piedmontese, n\u00f3 c\u00f3 h\u01b0\u01a1ng v\u1ecb ng\u1ecdt ng\u00e0o, th\u01a1m, \u0111\u1eadm \u0111\u00e0 v\u00e0 c\u00e2n b\u1eb1ng \u0111\u1eb7c tr\u01b0ng. M\u0169i m\u1edf ra v\u1edbi h\u01b0\u01a1ng gia v\u1ecb ph\u1ee9c t\u1ea1p, g\u1ed7 v\u00e0 r\u1ec5 c\u00e2y, m\u1edf ra h\u01b0\u01a1ng vani, tr\u00e1i c\u00e2y kh\u00f4 v\u00e0 hoa ng\u1ea3i c\u1ee9u Tr\u00ean v\u00f2m mi\u1ec7ng, qu\u1ea3 sung kh\u00f4, gia v\u1ecb v\u00e0 g\u1ed7, tr\u00f2n tr\u1ecba v\u1edbi ch\u00fat h\u01b0\u01a1ng vani h\u1ed9i t\u1ee5, d\u1eabn \u0111\u1ebfn v\u1ecb \u0111\u1eafng k\u00e9o d\u00e0i. ho\u00e0n thi\u1ec7n b\u1eb1ng nh\u1ef1a h\u1ed5 ph\u00e1ch 1757 Vermouth di.<\/span><\/p>\n","protected":false},"featured_media":8535,"comment_status":"open","ping_status":"closed","template":"","meta":{"_acf_changed":false},"product_cat":[63],"product_tag":[],"class_list":{"0":"post-8532","1":"product","2":"type-product","3":"status-publish","4":"has-post-thumbnail","6":"product_cat-vermouth","7":"brand-cinzano","9":"first","10":"instock","11":"shipping-taxable","12":"product-type-simple"},"acf":[],"yoast_head":"<!-- This site is optimized with the Yoast SEO plugin v23.0 - https:\/\/yoast.com\/wordpress\/plugins\/seo\/ -->\n<title>Cinzano Vermouth Rosso 1757 - Alchemy Asia<\/title>\n<meta name=\"robots\" content=\"index, follow, max-snippet:-1, max-image-preview:large, max-video-preview:-1\" \/>\n<link rel=\"canonical\" href=\"https:\/\/alchemy-asia.com\/vi\/san-pham\/cinzano-vermouth-rosso-1757\/\" \/>\n<meta property=\"og:locale\" content=\"vi_VN\" \/>\n<meta property=\"og:type\" content=\"article\" \/>\n<meta property=\"og:title\" content=\"Cinzano Vermouth Rosso 1757 - Alchemy Asia\" \/>\n<meta property=\"og:description\" content=\"Lo\u1ea1i r\u01b0\u1ee3u vermouth n\u00e0y l\u00e0 m\u1ed9t ki\u1ec7t t\u00e1c, pha tr\u1ed9n nh\u1eefng h\u01b0\u01a1ng li\u1ec7u th\u01a1m ngon nh\u1ea5t c\u1ee7a truy\u1ec1n th\u1ed1ng \u00dd\u2014th\u1ea3o m\u1ed9c, gia v\u1ecb, hoa v\u00e0 tr\u00e1i c\u00e2y\u2014th\u00e0nh m\u1ed9t h\u01b0\u01a1ng v\u1ecb h\u00e0i h\u00f2a v\u00e0 ph\u1ee9c t\u1ea1p \u0110\u01b0\u1ee3c ch\u1ebf t\u1ea1o theo phong t\u1ee5c c\u1ed5 c\u1ee7a ng\u01b0\u1eddi Piedmontese, n\u00f3 c\u00f3 h\u01b0\u01a1ng v\u1ecb ng\u1ecdt ng\u00e0o, th\u01a1m, \u0111\u1eadm \u0111\u00e0 v\u00e0 c\u00e2n b\u1eb1ng \u0111\u1eb7c tr\u01b0ng. M\u0169i m\u1edf ra v\u1edbi h\u01b0\u01a1ng gia v\u1ecb ph\u1ee9c t\u1ea1p, g\u1ed7 v\u00e0 r\u1ec5 c\u00e2y, m\u1edf ra h\u01b0\u01a1ng vani, tr\u00e1i c\u00e2y kh\u00f4 v\u00e0 hoa ng\u1ea3i c\u1ee9u Tr\u00ean v\u00f2m mi\u1ec7ng, qu\u1ea3 sung kh\u00f4, gia v\u1ecb v\u00e0 g\u1ed7, tr\u00f2n tr\u1ecba v\u1edbi ch\u00fat h\u01b0\u01a1ng vani h\u1ed9i t\u1ee5, d\u1eabn \u0111\u1ebfn v\u1ecb \u0111\u1eafng k\u00e9o d\u00e0i. ho\u00e0n thi\u1ec7n b\u1eb1ng nh\u1ef1a h\u1ed5 ph\u00e1ch 1757 Vermouth di.\" \/>\n<meta property=\"og:url\" content=\"https:\/\/alchemy-asia.com\/vi\/san-pham\/cinzano-vermouth-rosso-1757\/\" \/>\n<meta property=\"og:site_name\" content=\"Alchemy Asia\" \/>\n<meta property=\"og:image\" content=\"https:\/\/alchemy-asia.com\/vi\/wp-content\/uploads\/sites\/3\/2024\/07\/Cinzano-Vermouth-Rosso-1757.png\" \/>\n\t<meta property=\"og:image:width\" content=\"2100\" \/>\n\t<meta property=\"og:image:height\" content=\"2100\" \/>\n\t<meta property=\"og:image:type\" content=\"image\/png\" \/>\n<meta name=\"twitter:card\" content=\"summary_large_image\" \/>\n<meta name=\"twitter:label1\" content=\"\u01af\u1edbc t\u00ednh th\u1eddi gian \u0111\u1ecdc\" \/>\n\t<meta name=\"twitter:data1\" content=\"1 ph\u00fat\" \/>\n<script type=\"application\/ld+json\" class=\"yoast-schema-graph\">{\"@context\":\"https:\/\/schema.org\",\"@graph\":[{\"@type\":\"WebPage\",\"@id\":\"https:\/\/alchemy-asia.com\/vi\/san-pham\/cinzano-vermouth-rosso-1757\/\",\"url\":\"https:\/\/alchemy-asia.com\/vi\/san-pham\/cinzano-vermouth-rosso-1757\/\",\"name\":\"Cinzano Vermouth Rosso 1757 - Alchemy Asia\",\"isPartOf\":{\"@id\":\"https:\/\/alchemy-asia.com\/vi\/#website\"},\"primaryImageOfPage\":{\"@id\":\"https:\/\/alchemy-asia.com\/vi\/san-pham\/cinzano-vermouth-rosso-1757\/#primaryimage\"},\"image\":{\"@id\":\"https:\/\/alchemy-asia.com\/vi\/san-pham\/cinzano-vermouth-rosso-1757\/#primaryimage\"},\"thumbnailUrl\":\"https:\/\/alchemy-asia.com\/vi\/wp-content\/uploads\/sites\/3\/2024\/07\/Cinzano-Vermouth-Rosso-1757.png\",\"datePublished\":\"2024-09-10T08:31:45+00:00\",\"dateModified\":\"2024-09-10T08:31:45+00:00\",\"breadcrumb\":{\"@id\":\"https:\/\/alchemy-asia.com\/vi\/san-pham\/cinzano-vermouth-rosso-1757\/#breadcrumb\"},\"inLanguage\":\"vi\",\"potentialAction\":[{\"@type\":\"ReadAction\",\"target\":[\"https:\/\/alchemy-asia.com\/vi\/san-pham\/cinzano-vermouth-rosso-1757\/\"]}]},{\"@type\":\"ImageObject\",\"inLanguage\":\"vi\",\"@id\":\"https:\/\/alchemy-asia.com\/vi\/san-pham\/cinzano-vermouth-rosso-1757\/#primaryimage\",\"url\":\"https:\/\/alchemy-asia.com\/vi\/wp-content\/uploads\/sites\/3\/2024\/07\/Cinzano-Vermouth-Rosso-1757.png\",\"contentUrl\":\"https:\/\/alchemy-asia.com\/vi\/wp-content\/uploads\/sites\/3\/2024\/07\/Cinzano-Vermouth-Rosso-1757.png\",\"width\":2100,\"height\":2100,\"caption\":\"Cinzano Vermouth Rosso 1757\"},{\"@type\":\"BreadcrumbList\",\"@id\":\"https:\/\/alchemy-asia.com\/vi\/san-pham\/cinzano-vermouth-rosso-1757\/#breadcrumb\",\"itemListElement\":[{\"@type\":\"ListItem\",\"position\":1,\"name\":\"Home\",\"item\":\"https:\/\/alchemy-asia.com\/vi\/\"},{\"@type\":\"ListItem\",\"position\":2,\"name\":\"Cinzano Vermouth Rosso 1757\"}]},{\"@type\":\"WebSite\",\"@id\":\"https:\/\/alchemy-asia.com\/vi\/#website\",\"url\":\"https:\/\/alchemy-asia.com\/vi\/\",\"name\":\"Alchemy Asia\",\"description\":\"Just another Alchemy Asia Sites site\",\"potentialAction\":[{\"@type\":\"SearchAction\",\"target\":{\"@type\":\"EntryPoint\",\"urlTemplate\":\"https:\/\/alchemy-asia.com\/vi\/?s={search_term_string}\"},\"query-input\":\"required name=search_term_string\"}],\"inLanguage\":\"vi\"}]}<\/script>\n<!-- \/ Yoast SEO plugin. -->","yoast_head_json":{"title":"Cinzano Vermouth Rosso 1757 - Alchemy Asia","robots":{"index":"index","follow":"follow","max-snippet":"max-snippet:-1","max-image-preview":"max-image-preview:large","max-video-preview":"max-video-preview:-1"},"canonical":"https:\/\/alchemy-asia.com\/vi\/san-pham\/cinzano-vermouth-rosso-1757\/","og_locale":"vi_VN","og_type":"article","og_title":"Cinzano Vermouth Rosso 1757 - Alchemy Asia","og_description":"Lo\u1ea1i r\u01b0\u1ee3u vermouth n\u00e0y l\u00e0 m\u1ed9t ki\u1ec7t t\u00e1c, pha tr\u1ed9n nh\u1eefng h\u01b0\u01a1ng li\u1ec7u th\u01a1m ngon nh\u1ea5t c\u1ee7a truy\u1ec1n th\u1ed1ng \u00dd\u2014th\u1ea3o m\u1ed9c, gia v\u1ecb, hoa v\u00e0 tr\u00e1i c\u00e2y\u2014th\u00e0nh m\u1ed9t h\u01b0\u01a1ng v\u1ecb h\u00e0i h\u00f2a v\u00e0 ph\u1ee9c t\u1ea1p \u0110\u01b0\u1ee3c ch\u1ebf t\u1ea1o theo phong t\u1ee5c c\u1ed5 c\u1ee7a ng\u01b0\u1eddi Piedmontese, n\u00f3 c\u00f3 h\u01b0\u01a1ng v\u1ecb ng\u1ecdt ng\u00e0o, th\u01a1m, \u0111\u1eadm \u0111\u00e0 v\u00e0 c\u00e2n b\u1eb1ng \u0111\u1eb7c tr\u01b0ng. M\u0169i m\u1edf ra v\u1edbi h\u01b0\u01a1ng gia v\u1ecb ph\u1ee9c t\u1ea1p, g\u1ed7 v\u00e0 r\u1ec5 c\u00e2y, m\u1edf ra h\u01b0\u01a1ng vani, tr\u00e1i c\u00e2y kh\u00f4 v\u00e0 hoa ng\u1ea3i c\u1ee9u Tr\u00ean v\u00f2m mi\u1ec7ng, qu\u1ea3 sung kh\u00f4, gia v\u1ecb v\u00e0 g\u1ed7, tr\u00f2n tr\u1ecba v\u1edbi ch\u00fat h\u01b0\u01a1ng vani h\u1ed9i t\u1ee5, d\u1eabn \u0111\u1ebfn v\u1ecb \u0111\u1eafng k\u00e9o d\u00e0i. ho\u00e0n thi\u1ec7n b\u1eb1ng nh\u1ef1a h\u1ed5 ph\u00e1ch 1757 Vermouth di.","og_url":"https:\/\/alchemy-asia.com\/vi\/san-pham\/cinzano-vermouth-rosso-1757\/","og_site_name":"Alchemy Asia","og_image":[{"width":2100,"height":2100,"url":"https:\/\/alchemy-asia.com\/vi\/wp-content\/uploads\/sites\/3\/2024\/07\/Cinzano-Vermouth-Rosso-1757.png","type":"image\/png"}],"twitter_card":"summary_large_image","twitter_misc":{"\u01af\u1edbc t\u00ednh th\u1eddi gian \u0111\u1ecdc":"1 ph\u00fat"},"schema":{"@context":"https:\/\/schema.org","@graph":[{"@type":"WebPage","@id":"https:\/\/alchemy-asia.com\/vi\/san-pham\/cinzano-vermouth-rosso-1757\/","url":"https:\/\/alchemy-asia.com\/vi\/san-pham\/cinzano-vermouth-rosso-1757\/","name":"Cinzano Vermouth Rosso 1757 - Alchemy Asia","isPartOf":{"@id":"https:\/\/alchemy-asia.com\/vi\/#website"},"primaryImageOfPage":{"@id":"https:\/\/alchemy-asia.com\/vi\/san-pham\/cinzano-vermouth-rosso-1757\/#primaryimage"},"image":{"@id":"https:\/\/alchemy-asia.com\/vi\/san-pham\/cinzano-vermouth-rosso-1757\/#primaryimage"},"thumbnailUrl":"https:\/\/alchemy-asia.com\/vi\/wp-content\/uploads\/sites\/3\/2024\/07\/Cinzano-Vermouth-Rosso-1757.png","datePublished":"2024-09-10T08:31:45+00:00","dateModified":"2024-09-10T08:31:45+00:00","breadcrumb":{"@id":"https:\/\/alchemy-asia.com\/vi\/san-pham\/cinzano-vermouth-rosso-1757\/#breadcrumb"},"inLanguage":"vi","potentialAction":[{"@type":"ReadAction","target":["https:\/\/alchemy-asia.com\/vi\/san-pham\/cinzano-vermouth-rosso-1757\/"]}]},{"@type":"ImageObject","inLanguage":"vi","@id":"https:\/\/alchemy-asia.com\/vi\/san-pham\/cinzano-vermouth-rosso-1757\/#primaryimage","url":"https:\/\/alchemy-asia.com\/vi\/wp-content\/uploads\/sites\/3\/2024\/07\/Cinzano-Vermouth-Rosso-1757.png","contentUrl":"https:\/\/alchemy-asia.com\/vi\/wp-content\/uploads\/sites\/3\/2024\/07\/Cinzano-Vermouth-Rosso-1757.png","width":2100,"height":2100,"caption":"Cinzano Vermouth Rosso 1757"},{"@type":"BreadcrumbList","@id":"https:\/\/alchemy-asia.com\/vi\/san-pham\/cinzano-vermouth-rosso-1757\/#breadcrumb","itemListElement":[{"@type":"ListItem","position":1,"name":"Home","item":"https:\/\/alchemy-asia.com\/vi\/"},{"@type":"ListItem","position":2,"name":"Cinzano Vermouth Rosso 1757"}]},{"@type":"WebSite","@id":"https:\/\/alchemy-asia.com\/vi\/#website","url":"https:\/\/alchemy-asia.com\/vi\/","name":"Alchemy Asia","description":"Just another Alchemy Asia Sites site","potentialAction":[{"@type":"SearchAction","target":{"@type":"EntryPoint","urlTemplate":"https:\/\/alchemy-asia.com\/vi\/?s={search_term_string}"},"query-input":"required name=search_term_string"}],"inLanguage":"vi"}]}},"_links":{"self":[{"href":"https:\/\/alchemy-asia.com\/vi\/wp-json\/wp\/v2\/product\/8532","targetHints":{"allow":["GET"]}}],"collection":[{"href":"https:\/\/alchemy-asia.com\/vi\/wp-json\/wp\/v2\/product"}],"about":[{"href":"https:\/\/alchemy-asia.com\/vi\/wp-json\/wp\/v2\/types\/product"}],"replies":[{"embeddable":true,"href":"https:\/\/alchemy-asia.com\/vi\/wp-json\/wp\/v2\/comments?post=8532"}],"wp:featuredmedia":[{"embeddable":true,"href":"https:\/\/alchemy-asia.com\/vi\/wp-json\/wp\/v2\/media\/8535"}],"wp:attachment":[{"href":"https:\/\/alchemy-asia.com\/vi\/wp-json\/wp\/v2\/media?parent=8532"}],"wp:term":[{"taxonomy":"product_cat","embeddable":true,"href":"https:\/\/alchemy-asia.com\/vi\/wp-json\/wp\/v2\/product_cat?post=8532"},{"taxonomy":"product_tag","embeddable":true,"href":"https:\/\/alchemy-asia.com\/vi\/wp-json\/wp\/v2\/product_tag?post=8532"}],"curies":[{"name":"wp","href":"https:\/\/api.w.org\/{rel}","templated":true}]}}