{"id":8536,"date":"2024-09-10T08:54:27","date_gmt":"2024-09-10T08:54:27","guid":{"rendered":"https:\/\/alchemy-asia.com\/vi\/?post_type=product&#038;p=8536"},"modified":"2024-09-10T08:54:28","modified_gmt":"2024-09-10T08:54:28","slug":"pommery-brut-royal","status":"publish","type":"product","link":"https:\/\/alchemy-asia.com\/vi\/san-pham\/pommery-brut-royal\/","title":{"rendered":"Pommery Brut Royal"},"content":{"rendered":"","protected":false},"excerpt":{"rendered":"<p>Nh\u00e3n chai v\u1edbi ch\u1eef v\u00e0ng tr\u00ean n\u1ec1n xanh n\u1ed5i b\u1eadt c\u1ee7a Pommery, c\u00f2n \u0111\u01b0\u1ee3c g\u1ecdi l\u00e0 m\u00e0u xanh Ph\u00e1p hay xanh ho\u00e0ng gia, m\u1ed9t m\u00e0u bi\u1ec3u t\u01b0\u1ee3ng cho s\u1ef1 sang tr\u1ecdng.<br \/>\nBrut Royal l\u00e0 hi\u1ec7n th\u00e2n cho b\u00ed quy\u1ebft s\u1ea3n xu\u1ea5t truy\u1ec1n th\u1ed1ng theo phong c\u00e1ch hi\u1ec7n \u0111\u1ea1i, xa hoa. C\u00f4ng th\u1ee9c pha tr\u1ed9n champagne truy\u1ec1n th\u1ed1ng k\u1ebft h\u1ee3p t\u1eeb r\u01b0\u1ee3u Chardonnay, Pinot Noir, Pinot Meunier, tuy\u1ec3n ch\u1ecdn t\u1eeb 40 crus (l\u00e0ng r\u01b0\u1ee3u) thu\u1ed9c c\u00e1c v\u00f9ng C\u00f4te des Blancs, Montagne de Reims v\u00e0 c\u00e1c v\u00f9ng s\u1ea3n xu\u1ea5t champagne kh\u00e1c.<br \/>\nN\u1ed0T H\u01af\u01a0NG V\u1eca<br \/>\nThanh l\u1ecbch v\u00e0 s\u1ed1ng \u0111\u1ed9ng. L\u00e0 nh\u1eefng n\u1ed1t quy\u1ebft \u0111o\u00e1n c\u1ee7a v\u1ecb tr\u00e1i c\u00e2y m\u00e0u \u0111\u1ecf. V\u1ecb r\u01b0\u1ee3u \u0111\u1ea7y \u0111\u1ee7 v\u00e0 \u0111\u1eadm \u0111\u00e0 lu\u00f4n \u0111\u1ecdng l\u1ea1i. Trong m\u1ed9t ph\u00fat ch\u1ed1c, h\u01b0\u01a1ng v\u1ecb c\u1ee7a r\u01b0\u1ee3u s\u1ea1ch v\u00e0 kh\u00f4ng b\u1ecb kh\u00f4, m\u01b0\u1ee3t m\u00e0 v\u00e0 kh\u00f4ng bao gi\u1edd phai nh\u1ea1t trong v\u00f2m mi\u1ec7ng.<\/p>\n","protected":false},"featured_media":8545,"comment_status":"open","ping_status":"closed","template":"","meta":{"_acf_changed":false},"product_cat":[74],"product_tag":[],"class_list":{"0":"post-8536","1":"product","2":"type-product","3":"status-publish","4":"has-post-thumbnail","6":"product_cat-champagne","7":"brand-pommery","9":"first","10":"instock","11":"shipping-taxable","12":"product-type-simple"},"acf":[],"yoast_head":"<!-- This site is optimized with the Yoast SEO plugin v23.0 - https:\/\/yoast.com\/wordpress\/plugins\/seo\/ -->\n<title>Pommery Brut Royal - Alchemy Asia<\/title>\n<meta name=\"robots\" content=\"index, follow, max-snippet:-1, max-image-preview:large, max-video-preview:-1\" \/>\n<link rel=\"canonical\" href=\"https:\/\/alchemy-asia.com\/vi\/san-pham\/pommery-brut-royal\/\" \/>\n<meta property=\"og:locale\" content=\"vi_VN\" \/>\n<meta property=\"og:type\" content=\"article\" \/>\n<meta property=\"og:title\" content=\"Pommery Brut Royal - Alchemy Asia\" \/>\n<meta property=\"og:description\" content=\"Nh\u00e3n chai v\u1edbi ch\u1eef v\u00e0ng tr\u00ean n\u1ec1n xanh n\u1ed5i b\u1eadt c\u1ee7a Pommery, c\u00f2n \u0111\u01b0\u1ee3c g\u1ecdi l\u00e0 m\u00e0u xanh Ph\u00e1p hay xanh ho\u00e0ng gia, m\u1ed9t m\u00e0u bi\u1ec3u t\u01b0\u1ee3ng cho s\u1ef1 sang tr\u1ecdng. Brut Royal l\u00e0 hi\u1ec7n th\u00e2n cho b\u00ed quy\u1ebft s\u1ea3n xu\u1ea5t truy\u1ec1n th\u1ed1ng theo phong c\u00e1ch hi\u1ec7n \u0111\u1ea1i, xa hoa. C\u00f4ng th\u1ee9c pha tr\u1ed9n champagne truy\u1ec1n th\u1ed1ng k\u1ebft h\u1ee3p t\u1eeb r\u01b0\u1ee3u Chardonnay, Pinot Noir, Pinot Meunier, tuy\u1ec3n ch\u1ecdn t\u1eeb 40 crus (l\u00e0ng r\u01b0\u1ee3u) thu\u1ed9c c\u00e1c v\u00f9ng C\u00f4te des Blancs, Montagne de Reims v\u00e0 c\u00e1c v\u00f9ng s\u1ea3n xu\u1ea5t champagne kh\u00e1c. N\u1ed0T H\u01af\u01a0NG V\u1eca Thanh l\u1ecbch v\u00e0 s\u1ed1ng \u0111\u1ed9ng. L\u00e0 nh\u1eefng n\u1ed1t quy\u1ebft \u0111o\u00e1n c\u1ee7a v\u1ecb tr\u00e1i c\u00e2y m\u00e0u \u0111\u1ecf. V\u1ecb r\u01b0\u1ee3u \u0111\u1ea7y \u0111\u1ee7 v\u00e0 \u0111\u1eadm \u0111\u00e0 lu\u00f4n \u0111\u1ecdng l\u1ea1i. Trong m\u1ed9t ph\u00fat ch\u1ed1c, h\u01b0\u01a1ng v\u1ecb c\u1ee7a r\u01b0\u1ee3u s\u1ea1ch v\u00e0 kh\u00f4ng b\u1ecb kh\u00f4, m\u01b0\u1ee3t m\u00e0 v\u00e0 kh\u00f4ng bao gi\u1edd phai nh\u1ea1t trong v\u00f2m mi\u1ec7ng.\" \/>\n<meta property=\"og:url\" content=\"https:\/\/alchemy-asia.com\/vi\/san-pham\/pommery-brut-royal\/\" \/>\n<meta property=\"og:site_name\" content=\"Alchemy Asia\" \/>\n<meta property=\"article:modified_time\" content=\"2024-09-10T08:54:28+00:00\" \/>\n<meta property=\"og:image\" content=\"https:\/\/alchemy-asia.com\/vi\/wp-content\/uploads\/sites\/3\/2024\/07\/Pommery-Brut-Royal-1024x1024.png\" \/>\n\t<meta property=\"og:image:width\" content=\"1024\" \/>\n\t<meta property=\"og:image:height\" content=\"1024\" \/>\n\t<meta property=\"og:image:type\" content=\"image\/png\" \/>\n<meta name=\"twitter:card\" content=\"summary_large_image\" \/>\n<meta name=\"twitter:label1\" content=\"\u01af\u1edbc t\u00ednh th\u1eddi gian \u0111\u1ecdc\" \/>\n\t<meta name=\"twitter:data1\" content=\"1 ph\u00fat\" \/>\n<script type=\"application\/ld+json\" class=\"yoast-schema-graph\">{\"@context\":\"https:\/\/schema.org\",\"@graph\":[{\"@type\":\"WebPage\",\"@id\":\"https:\/\/alchemy-asia.com\/vi\/san-pham\/pommery-brut-royal\/\",\"url\":\"https:\/\/alchemy-asia.com\/vi\/san-pham\/pommery-brut-royal\/\",\"name\":\"Pommery Brut Royal - Alchemy Asia\",\"isPartOf\":{\"@id\":\"https:\/\/alchemy-asia.com\/vi\/#website\"},\"primaryImageOfPage\":{\"@id\":\"https:\/\/alchemy-asia.com\/vi\/san-pham\/pommery-brut-royal\/#primaryimage\"},\"image\":{\"@id\":\"https:\/\/alchemy-asia.com\/vi\/san-pham\/pommery-brut-royal\/#primaryimage\"},\"thumbnailUrl\":\"https:\/\/alchemy-asia.com\/vi\/wp-content\/uploads\/sites\/3\/2024\/07\/Pommery-Brut-Royal.png\",\"datePublished\":\"2024-09-10T08:54:27+00:00\",\"dateModified\":\"2024-09-10T08:54:28+00:00\",\"breadcrumb\":{\"@id\":\"https:\/\/alchemy-asia.com\/vi\/san-pham\/pommery-brut-royal\/#breadcrumb\"},\"inLanguage\":\"vi\",\"potentialAction\":[{\"@type\":\"ReadAction\",\"target\":[\"https:\/\/alchemy-asia.com\/vi\/san-pham\/pommery-brut-royal\/\"]}]},{\"@type\":\"ImageObject\",\"inLanguage\":\"vi\",\"@id\":\"https:\/\/alchemy-asia.com\/vi\/san-pham\/pommery-brut-royal\/#primaryimage\",\"url\":\"https:\/\/alchemy-asia.com\/vi\/wp-content\/uploads\/sites\/3\/2024\/07\/Pommery-Brut-Royal.png\",\"contentUrl\":\"https:\/\/alchemy-asia.com\/vi\/wp-content\/uploads\/sites\/3\/2024\/07\/Pommery-Brut-Royal.png\",\"width\":5804,\"height\":5803,\"caption\":\"Pommery Brut Royal\"},{\"@type\":\"BreadcrumbList\",\"@id\":\"https:\/\/alchemy-asia.com\/vi\/san-pham\/pommery-brut-royal\/#breadcrumb\",\"itemListElement\":[{\"@type\":\"ListItem\",\"position\":1,\"name\":\"Home\",\"item\":\"https:\/\/alchemy-asia.com\/vi\/\"},{\"@type\":\"ListItem\",\"position\":2,\"name\":\"Pommery Brut Royal\"}]},{\"@type\":\"WebSite\",\"@id\":\"https:\/\/alchemy-asia.com\/vi\/#website\",\"url\":\"https:\/\/alchemy-asia.com\/vi\/\",\"name\":\"Alchemy Asia\",\"description\":\"Just another Alchemy Asia Sites site\",\"potentialAction\":[{\"@type\":\"SearchAction\",\"target\":{\"@type\":\"EntryPoint\",\"urlTemplate\":\"https:\/\/alchemy-asia.com\/vi\/?s={search_term_string}\"},\"query-input\":\"required name=search_term_string\"}],\"inLanguage\":\"vi\"}]}<\/script>\n<!-- \/ Yoast SEO plugin. -->","yoast_head_json":{"title":"Pommery Brut Royal - Alchemy Asia","robots":{"index":"index","follow":"follow","max-snippet":"max-snippet:-1","max-image-preview":"max-image-preview:large","max-video-preview":"max-video-preview:-1"},"canonical":"https:\/\/alchemy-asia.com\/vi\/san-pham\/pommery-brut-royal\/","og_locale":"vi_VN","og_type":"article","og_title":"Pommery Brut Royal - Alchemy Asia","og_description":"Nh\u00e3n chai v\u1edbi ch\u1eef v\u00e0ng tr\u00ean n\u1ec1n xanh n\u1ed5i b\u1eadt c\u1ee7a Pommery, c\u00f2n \u0111\u01b0\u1ee3c g\u1ecdi l\u00e0 m\u00e0u xanh Ph\u00e1p hay xanh ho\u00e0ng gia, m\u1ed9t m\u00e0u bi\u1ec3u t\u01b0\u1ee3ng cho s\u1ef1 sang tr\u1ecdng. Brut Royal l\u00e0 hi\u1ec7n th\u00e2n cho b\u00ed quy\u1ebft s\u1ea3n xu\u1ea5t truy\u1ec1n th\u1ed1ng theo phong c\u00e1ch hi\u1ec7n \u0111\u1ea1i, xa hoa. C\u00f4ng th\u1ee9c pha tr\u1ed9n champagne truy\u1ec1n th\u1ed1ng k\u1ebft h\u1ee3p t\u1eeb r\u01b0\u1ee3u Chardonnay, Pinot Noir, Pinot Meunier, tuy\u1ec3n ch\u1ecdn t\u1eeb 40 crus (l\u00e0ng r\u01b0\u1ee3u) thu\u1ed9c c\u00e1c v\u00f9ng C\u00f4te des Blancs, Montagne de Reims v\u00e0 c\u00e1c v\u00f9ng s\u1ea3n xu\u1ea5t champagne kh\u00e1c. N\u1ed0T H\u01af\u01a0NG V\u1eca Thanh l\u1ecbch v\u00e0 s\u1ed1ng \u0111\u1ed9ng. L\u00e0 nh\u1eefng n\u1ed1t quy\u1ebft \u0111o\u00e1n c\u1ee7a v\u1ecb tr\u00e1i c\u00e2y m\u00e0u \u0111\u1ecf. V\u1ecb r\u01b0\u1ee3u \u0111\u1ea7y \u0111\u1ee7 v\u00e0 \u0111\u1eadm \u0111\u00e0 lu\u00f4n \u0111\u1ecdng l\u1ea1i. Trong m\u1ed9t ph\u00fat ch\u1ed1c, h\u01b0\u01a1ng v\u1ecb c\u1ee7a r\u01b0\u1ee3u s\u1ea1ch v\u00e0 kh\u00f4ng b\u1ecb kh\u00f4, m\u01b0\u1ee3t m\u00e0 v\u00e0 kh\u00f4ng bao gi\u1edd phai nh\u1ea1t trong v\u00f2m mi\u1ec7ng.","og_url":"https:\/\/alchemy-asia.com\/vi\/san-pham\/pommery-brut-royal\/","og_site_name":"Alchemy Asia","article_modified_time":"2024-09-10T08:54:28+00:00","og_image":[{"width":1024,"height":1024,"url":"https:\/\/alchemy-asia.com\/vi\/wp-content\/uploads\/sites\/3\/2024\/07\/Pommery-Brut-Royal-1024x1024.png","type":"image\/png"}],"twitter_card":"summary_large_image","twitter_misc":{"\u01af\u1edbc t\u00ednh th\u1eddi gian \u0111\u1ecdc":"1 ph\u00fat"},"schema":{"@context":"https:\/\/schema.org","@graph":[{"@type":"WebPage","@id":"https:\/\/alchemy-asia.com\/vi\/san-pham\/pommery-brut-royal\/","url":"https:\/\/alchemy-asia.com\/vi\/san-pham\/pommery-brut-royal\/","name":"Pommery Brut Royal - Alchemy Asia","isPartOf":{"@id":"https:\/\/alchemy-asia.com\/vi\/#website"},"primaryImageOfPage":{"@id":"https:\/\/alchemy-asia.com\/vi\/san-pham\/pommery-brut-royal\/#primaryimage"},"image":{"@id":"https:\/\/alchemy-asia.com\/vi\/san-pham\/pommery-brut-royal\/#primaryimage"},"thumbnailUrl":"https:\/\/alchemy-asia.com\/vi\/wp-content\/uploads\/sites\/3\/2024\/07\/Pommery-Brut-Royal.png","datePublished":"2024-09-10T08:54:27+00:00","dateModified":"2024-09-10T08:54:28+00:00","breadcrumb":{"@id":"https:\/\/alchemy-asia.com\/vi\/san-pham\/pommery-brut-royal\/#breadcrumb"},"inLanguage":"vi","potentialAction":[{"@type":"ReadAction","target":["https:\/\/alchemy-asia.com\/vi\/san-pham\/pommery-brut-royal\/"]}]},{"@type":"ImageObject","inLanguage":"vi","@id":"https:\/\/alchemy-asia.com\/vi\/san-pham\/pommery-brut-royal\/#primaryimage","url":"https:\/\/alchemy-asia.com\/vi\/wp-content\/uploads\/sites\/3\/2024\/07\/Pommery-Brut-Royal.png","contentUrl":"https:\/\/alchemy-asia.com\/vi\/wp-content\/uploads\/sites\/3\/2024\/07\/Pommery-Brut-Royal.png","width":5804,"height":5803,"caption":"Pommery Brut Royal"},{"@type":"BreadcrumbList","@id":"https:\/\/alchemy-asia.com\/vi\/san-pham\/pommery-brut-royal\/#breadcrumb","itemListElement":[{"@type":"ListItem","position":1,"name":"Home","item":"https:\/\/alchemy-asia.com\/vi\/"},{"@type":"ListItem","position":2,"name":"Pommery Brut Royal"}]},{"@type":"WebSite","@id":"https:\/\/alchemy-asia.com\/vi\/#website","url":"https:\/\/alchemy-asia.com\/vi\/","name":"Alchemy Asia","description":"Just another Alchemy Asia Sites site","potentialAction":[{"@type":"SearchAction","target":{"@type":"EntryPoint","urlTemplate":"https:\/\/alchemy-asia.com\/vi\/?s={search_term_string}"},"query-input":"required name=search_term_string"}],"inLanguage":"vi"}]}},"_links":{"self":[{"href":"https:\/\/alchemy-asia.com\/vi\/wp-json\/wp\/v2\/product\/8536","targetHints":{"allow":["GET"]}}],"collection":[{"href":"https:\/\/alchemy-asia.com\/vi\/wp-json\/wp\/v2\/product"}],"about":[{"href":"https:\/\/alchemy-asia.com\/vi\/wp-json\/wp\/v2\/types\/product"}],"replies":[{"embeddable":true,"href":"https:\/\/alchemy-asia.com\/vi\/wp-json\/wp\/v2\/comments?post=8536"}],"wp:featuredmedia":[{"embeddable":true,"href":"https:\/\/alchemy-asia.com\/vi\/wp-json\/wp\/v2\/media\/8545"}],"wp:attachment":[{"href":"https:\/\/alchemy-asia.com\/vi\/wp-json\/wp\/v2\/media?parent=8536"}],"wp:term":[{"taxonomy":"product_cat","embeddable":true,"href":"https:\/\/alchemy-asia.com\/vi\/wp-json\/wp\/v2\/product_cat?post=8536"},{"taxonomy":"product_tag","embeddable":true,"href":"https:\/\/alchemy-asia.com\/vi\/wp-json\/wp\/v2\/product_tag?post=8536"}],"curies":[{"name":"wp","href":"https:\/\/api.w.org\/{rel}","templated":true}]}}