{"id":8540,"date":"2024-09-10T08:31:41","date_gmt":"2024-09-10T08:31:41","guid":{"rendered":"https:\/\/alchemy-asia.com\/vi\/?post_type=product&#038;p=8540"},"modified":"2024-09-10T08:31:41","modified_gmt":"2024-09-10T08:31:41","slug":"common-lemon-lime-sparkling-water","status":"publish","type":"product","link":"https:\/\/alchemy-asia.com\/vi\/san-pham\/common-lemon-lime-sparkling-water\/","title":{"rendered":"Common Lemon &#038; Lime Sparkling Water"},"content":{"rendered":"","protected":false},"excerpt":{"rendered":"<p><span data-sheets-root=\"1\" data-sheets-value=\"{&quot;1&quot;:2,&quot;2&quot;:&quot;V\u1ecb Chanh xanh v\u00e0 Chanh v\u00e0ng \\n\\nC\u00e1ch pha cocktail v\u1edbi v\u1ecb Chanh xanh v\u00e0 Chanh v\u00e0ng:\\n\\nCOMMON MAGARITA \\n1 ph\u1ea7n tequila \\n3 ph\u1ea7n Common v\u1ecb Chanh xanh v\u00e0 Chanh v\u00e0ng \\n\\nCOMMON GIMLET \\n1 ph\u1ea7n gin ho\u1eb7c vodka \\n3 ph\u1ea7n Common v\u1ecb Chanh xanh v\u00e0 Chanh v\u00e0ng &quot;}\" data-sheets-userformat=\"{&quot;2&quot;:1057791,&quot;3&quot;:{&quot;1&quot;:0},&quot;4&quot;:{&quot;1&quot;:2,&quot;2&quot;:16776960},&quot;5&quot;:{&quot;1&quot;:[{&quot;1&quot;:2,&quot;2&quot;:0,&quot;5&quot;:{&quot;1&quot;:2,&quot;2&quot;:0}},{&quot;1&quot;:0,&quot;2&quot;:0,&quot;3&quot;:3},{&quot;1&quot;:1,&quot;2&quot;:0,&quot;4&quot;:1}]},&quot;6&quot;:{&quot;1&quot;:[{&quot;1&quot;:2,&quot;2&quot;:0,&quot;5&quot;:{&quot;1&quot;:2,&quot;2&quot;:0}},{&quot;1&quot;:0,&quot;2&quot;:0,&quot;3&quot;:3},{&quot;1&quot;:1,&quot;2&quot;:0,&quot;4&quot;:1}]},&quot;7&quot;:{&quot;1&quot;:[{&quot;1&quot;:2,&quot;2&quot;:0,&quot;5&quot;:{&quot;1&quot;:2,&quot;2&quot;:0}},{&quot;1&quot;:0,&quot;2&quot;:0,&quot;3&quot;:3},{&quot;1&quot;:1,&quot;2&quot;:0,&quot;4&quot;:1}]},&quot;8&quot;:{&quot;1&quot;:[{&quot;1&quot;:2,&quot;2&quot;:0,&quot;5&quot;:{&quot;1&quot;:2,&quot;2&quot;:0}},{&quot;1&quot;:0,&quot;2&quot;:0,&quot;3&quot;:3},{&quot;1&quot;:1,&quot;2&quot;:0,&quot;4&quot;:1}]},&quot;9&quot;:0,&quot;10&quot;:1,&quot;11&quot;:4,&quot;12&quot;:0,&quot;16&quot;:13,&quot;23&quot;:1}\" data-sheets-textstyleruns=\"{&quot;1&quot;:0,&quot;2&quot;:{&quot;5&quot;:1}}\uee10{&quot;1&quot;:29}\">V\u1ecb Chanh xanh v\u00e0 Chanh v\u00e0ng<\/span><\/p>\n<p>C\u00e1ch pha cocktail v\u1edbi v\u1ecb Chanh xanh v\u00e0 Chanh v\u00e0ng:<\/p>\n<p>COMMON MAGARITA<br \/>\n1 ph\u1ea7n tequila<br \/>\n3 ph\u1ea7n Common v\u1ecb Chanh xanh v\u00e0 Chanh v\u00e0ng<\/p>\n<p>COMMON GIMLET<br \/>\n1 ph\u1ea7n gin ho\u1eb7c vodka<br \/>\n3 ph\u1ea7n Common v\u1ecb Chanh xanh v\u00e0 Chanh v\u00e0ng<\/p>\n","protected":false},"featured_media":8541,"comment_status":"open","ping_status":"closed","template":"","meta":{"_acf_changed":false},"product_cat":[55],"product_tag":[],"class_list":{"0":"post-8540","1":"product","2":"type-product","3":"status-publish","4":"has-post-thumbnail","6":"product_cat-mixers-non-alcoholic","7":"brand-common","9":"first","10":"instock","11":"shipping-taxable","12":"product-type-simple"},"acf":[],"yoast_head":"<!-- This site is optimized with the Yoast SEO plugin v23.0 - https:\/\/yoast.com\/wordpress\/plugins\/seo\/ -->\n<title>Common Lemon &amp; Lime Sparkling Water - Alchemy Asia<\/title>\n<meta name=\"robots\" content=\"index, follow, max-snippet:-1, max-image-preview:large, max-video-preview:-1\" \/>\n<link rel=\"canonical\" href=\"https:\/\/alchemy-asia.com\/vi\/san-pham\/common-lemon-lime-sparkling-water\/\" \/>\n<meta property=\"og:locale\" content=\"vi_VN\" \/>\n<meta property=\"og:type\" content=\"article\" \/>\n<meta property=\"og:title\" content=\"Common Lemon &amp; Lime Sparkling Water - Alchemy Asia\" \/>\n<meta property=\"og:description\" content=\"V\u1ecb Chanh xanh v\u00e0 Chanh v\u00e0ng  C\u00e1ch pha cocktail v\u1edbi v\u1ecb Chanh xanh v\u00e0 Chanh v\u00e0ng:  COMMON MAGARITA 1 ph\u1ea7n tequila 3 ph\u1ea7n Common v\u1ecb Chanh xanh v\u00e0 Chanh v\u00e0ng  COMMON GIMLET 1 ph\u1ea7n gin ho\u1eb7c vodka 3 ph\u1ea7n Common v\u1ecb Chanh xanh v\u00e0 Chanh v\u00e0ng\" \/>\n<meta property=\"og:url\" content=\"https:\/\/alchemy-asia.com\/vi\/san-pham\/common-lemon-lime-sparkling-water\/\" \/>\n<meta property=\"og:site_name\" content=\"Alchemy Asia\" \/>\n<meta property=\"og:image\" content=\"https:\/\/alchemy-asia.com\/vi\/wp-content\/uploads\/sites\/3\/2024\/07\/Common-Lemon-Lime-Sparkling-Water.png\" \/>\n\t<meta property=\"og:image:width\" content=\"2100\" \/>\n\t<meta property=\"og:image:height\" content=\"2100\" \/>\n\t<meta property=\"og:image:type\" content=\"image\/png\" \/>\n<meta name=\"twitter:card\" content=\"summary_large_image\" \/>\n<meta name=\"twitter:label1\" content=\"\u01af\u1edbc t\u00ednh th\u1eddi gian \u0111\u1ecdc\" \/>\n\t<meta name=\"twitter:data1\" content=\"1 ph\u00fat\" \/>\n<script type=\"application\/ld+json\" class=\"yoast-schema-graph\">{\"@context\":\"https:\/\/schema.org\",\"@graph\":[{\"@type\":\"WebPage\",\"@id\":\"https:\/\/alchemy-asia.com\/vi\/san-pham\/common-lemon-lime-sparkling-water\/\",\"url\":\"https:\/\/alchemy-asia.com\/vi\/san-pham\/common-lemon-lime-sparkling-water\/\",\"name\":\"Common Lemon & Lime Sparkling Water - Alchemy Asia\",\"isPartOf\":{\"@id\":\"https:\/\/alchemy-asia.com\/vi\/#website\"},\"primaryImageOfPage\":{\"@id\":\"https:\/\/alchemy-asia.com\/vi\/san-pham\/common-lemon-lime-sparkling-water\/#primaryimage\"},\"image\":{\"@id\":\"https:\/\/alchemy-asia.com\/vi\/san-pham\/common-lemon-lime-sparkling-water\/#primaryimage\"},\"thumbnailUrl\":\"https:\/\/alchemy-asia.com\/vi\/wp-content\/uploads\/sites\/3\/2024\/07\/Common-Lemon-Lime-Sparkling-Water.png\",\"datePublished\":\"2024-09-10T08:31:41+00:00\",\"dateModified\":\"2024-09-10T08:31:41+00:00\",\"breadcrumb\":{\"@id\":\"https:\/\/alchemy-asia.com\/vi\/san-pham\/common-lemon-lime-sparkling-water\/#breadcrumb\"},\"inLanguage\":\"vi\",\"potentialAction\":[{\"@type\":\"ReadAction\",\"target\":[\"https:\/\/alchemy-asia.com\/vi\/san-pham\/common-lemon-lime-sparkling-water\/\"]}]},{\"@type\":\"ImageObject\",\"inLanguage\":\"vi\",\"@id\":\"https:\/\/alchemy-asia.com\/vi\/san-pham\/common-lemon-lime-sparkling-water\/#primaryimage\",\"url\":\"https:\/\/alchemy-asia.com\/vi\/wp-content\/uploads\/sites\/3\/2024\/07\/Common-Lemon-Lime-Sparkling-Water.png\",\"contentUrl\":\"https:\/\/alchemy-asia.com\/vi\/wp-content\/uploads\/sites\/3\/2024\/07\/Common-Lemon-Lime-Sparkling-Water.png\",\"width\":2100,\"height\":2100,\"caption\":\"Common Lemon & Lime Sparkling Water\"},{\"@type\":\"BreadcrumbList\",\"@id\":\"https:\/\/alchemy-asia.com\/vi\/san-pham\/common-lemon-lime-sparkling-water\/#breadcrumb\",\"itemListElement\":[{\"@type\":\"ListItem\",\"position\":1,\"name\":\"Home\",\"item\":\"https:\/\/alchemy-asia.com\/vi\/\"},{\"@type\":\"ListItem\",\"position\":2,\"name\":\"Common Lemon &#038; Lime Sparkling Water\"}]},{\"@type\":\"WebSite\",\"@id\":\"https:\/\/alchemy-asia.com\/vi\/#website\",\"url\":\"https:\/\/alchemy-asia.com\/vi\/\",\"name\":\"Alchemy Asia\",\"description\":\"Just another Alchemy Asia Sites site\",\"potentialAction\":[{\"@type\":\"SearchAction\",\"target\":{\"@type\":\"EntryPoint\",\"urlTemplate\":\"https:\/\/alchemy-asia.com\/vi\/?s={search_term_string}\"},\"query-input\":\"required name=search_term_string\"}],\"inLanguage\":\"vi\"}]}<\/script>\n<!-- \/ Yoast SEO plugin. -->","yoast_head_json":{"title":"Common Lemon & Lime Sparkling Water - Alchemy Asia","robots":{"index":"index","follow":"follow","max-snippet":"max-snippet:-1","max-image-preview":"max-image-preview:large","max-video-preview":"max-video-preview:-1"},"canonical":"https:\/\/alchemy-asia.com\/vi\/san-pham\/common-lemon-lime-sparkling-water\/","og_locale":"vi_VN","og_type":"article","og_title":"Common Lemon & Lime Sparkling Water - Alchemy Asia","og_description":"V\u1ecb Chanh xanh v\u00e0 Chanh v\u00e0ng  C\u00e1ch pha cocktail v\u1edbi v\u1ecb Chanh xanh v\u00e0 Chanh v\u00e0ng:  COMMON MAGARITA 1 ph\u1ea7n tequila 3 ph\u1ea7n Common v\u1ecb Chanh xanh v\u00e0 Chanh v\u00e0ng  COMMON GIMLET 1 ph\u1ea7n gin ho\u1eb7c vodka 3 ph\u1ea7n Common v\u1ecb Chanh xanh v\u00e0 Chanh v\u00e0ng","og_url":"https:\/\/alchemy-asia.com\/vi\/san-pham\/common-lemon-lime-sparkling-water\/","og_site_name":"Alchemy Asia","og_image":[{"width":2100,"height":2100,"url":"https:\/\/alchemy-asia.com\/vi\/wp-content\/uploads\/sites\/3\/2024\/07\/Common-Lemon-Lime-Sparkling-Water.png","type":"image\/png"}],"twitter_card":"summary_large_image","twitter_misc":{"\u01af\u1edbc t\u00ednh th\u1eddi gian \u0111\u1ecdc":"1 ph\u00fat"},"schema":{"@context":"https:\/\/schema.org","@graph":[{"@type":"WebPage","@id":"https:\/\/alchemy-asia.com\/vi\/san-pham\/common-lemon-lime-sparkling-water\/","url":"https:\/\/alchemy-asia.com\/vi\/san-pham\/common-lemon-lime-sparkling-water\/","name":"Common Lemon & Lime Sparkling Water - Alchemy Asia","isPartOf":{"@id":"https:\/\/alchemy-asia.com\/vi\/#website"},"primaryImageOfPage":{"@id":"https:\/\/alchemy-asia.com\/vi\/san-pham\/common-lemon-lime-sparkling-water\/#primaryimage"},"image":{"@id":"https:\/\/alchemy-asia.com\/vi\/san-pham\/common-lemon-lime-sparkling-water\/#primaryimage"},"thumbnailUrl":"https:\/\/alchemy-asia.com\/vi\/wp-content\/uploads\/sites\/3\/2024\/07\/Common-Lemon-Lime-Sparkling-Water.png","datePublished":"2024-09-10T08:31:41+00:00","dateModified":"2024-09-10T08:31:41+00:00","breadcrumb":{"@id":"https:\/\/alchemy-asia.com\/vi\/san-pham\/common-lemon-lime-sparkling-water\/#breadcrumb"},"inLanguage":"vi","potentialAction":[{"@type":"ReadAction","target":["https:\/\/alchemy-asia.com\/vi\/san-pham\/common-lemon-lime-sparkling-water\/"]}]},{"@type":"ImageObject","inLanguage":"vi","@id":"https:\/\/alchemy-asia.com\/vi\/san-pham\/common-lemon-lime-sparkling-water\/#primaryimage","url":"https:\/\/alchemy-asia.com\/vi\/wp-content\/uploads\/sites\/3\/2024\/07\/Common-Lemon-Lime-Sparkling-Water.png","contentUrl":"https:\/\/alchemy-asia.com\/vi\/wp-content\/uploads\/sites\/3\/2024\/07\/Common-Lemon-Lime-Sparkling-Water.png","width":2100,"height":2100,"caption":"Common Lemon & Lime Sparkling Water"},{"@type":"BreadcrumbList","@id":"https:\/\/alchemy-asia.com\/vi\/san-pham\/common-lemon-lime-sparkling-water\/#breadcrumb","itemListElement":[{"@type":"ListItem","position":1,"name":"Home","item":"https:\/\/alchemy-asia.com\/vi\/"},{"@type":"ListItem","position":2,"name":"Common Lemon &#038; Lime Sparkling Water"}]},{"@type":"WebSite","@id":"https:\/\/alchemy-asia.com\/vi\/#website","url":"https:\/\/alchemy-asia.com\/vi\/","name":"Alchemy Asia","description":"Just another Alchemy Asia Sites site","potentialAction":[{"@type":"SearchAction","target":{"@type":"EntryPoint","urlTemplate":"https:\/\/alchemy-asia.com\/vi\/?s={search_term_string}"},"query-input":"required name=search_term_string"}],"inLanguage":"vi"}]}},"_links":{"self":[{"href":"https:\/\/alchemy-asia.com\/vi\/wp-json\/wp\/v2\/product\/8540","targetHints":{"allow":["GET"]}}],"collection":[{"href":"https:\/\/alchemy-asia.com\/vi\/wp-json\/wp\/v2\/product"}],"about":[{"href":"https:\/\/alchemy-asia.com\/vi\/wp-json\/wp\/v2\/types\/product"}],"replies":[{"embeddable":true,"href":"https:\/\/alchemy-asia.com\/vi\/wp-json\/wp\/v2\/comments?post=8540"}],"wp:featuredmedia":[{"embeddable":true,"href":"https:\/\/alchemy-asia.com\/vi\/wp-json\/wp\/v2\/media\/8541"}],"wp:attachment":[{"href":"https:\/\/alchemy-asia.com\/vi\/wp-json\/wp\/v2\/media?parent=8540"}],"wp:term":[{"taxonomy":"product_cat","embeddable":true,"href":"https:\/\/alchemy-asia.com\/vi\/wp-json\/wp\/v2\/product_cat?post=8540"},{"taxonomy":"product_tag","embeddable":true,"href":"https:\/\/alchemy-asia.com\/vi\/wp-json\/wp\/v2\/product_tag?post=8540"}],"curies":[{"name":"wp","href":"https:\/\/api.w.org\/{rel}","templated":true}]}}