{"id":8550,"date":"2024-09-10T08:31:36","date_gmt":"2024-09-10T08:31:36","guid":{"rendered":"https:\/\/alchemy-asia.com\/vi\/?post_type=product&#038;p=8550"},"modified":"2024-09-10T08:31:36","modified_gmt":"2024-09-10T08:31:36","slug":"fever-tree-ginger-ale","status":"publish","type":"product","link":"https:\/\/alchemy-asia.com\/vi\/san-pham\/fever-tree-ginger-ale\/","title":{"rendered":"Fever Tree Ginger Ale"},"content":{"rendered":"","protected":false},"excerpt":{"rendered":"<p>B\u1eb1ng c\u00e1ch s\u1eed d\u1ee5ng s\u1ef1 pha tr\u1ed9n \u0111\u1ed9c \u0111\u00e1o c\u1ee7a ba lo\u1ea1i g\u1eebng c\u00f3 ngu\u1ed3n g\u1ed1c t\u1ef1 nhi\u00ean t\u1ed1t nh\u1ea5t th\u1ebf gi\u1edbi, h\u01b0\u01a1ng v\u1ecb th\u1ef1c v\u1eadt tinh t\u1ebf v\u00e0 n\u01b0\u1edbc su\u1ed1i, ch\u00fang t\u00f4i \u0111\u00e3 t\u1ea1o ra m\u1ed9t lo\u1ea1i Ginger Ale th\u01a1m ngon v\u1edbi h\u01b0\u01a1ng v\u1ecb v\u00e0 m\u00f9i th\u01a1m s\u1ea3ng kho\u00e1i \u0111\u00edch th\u1ef1c. C\u00e2n b\u1eb1ng ho\u00e0n h\u1ea3o \u0111\u1ec3 n\u00e2ng cao h\u01b0\u01a1ng v\u1ecb c\u1ee7a r\u01b0\u1ee3u whisky, r\u01b0\u1ee3u bourbon v\u00e0 r\u01b0\u1ee3u rum ngon nh\u1ea5t.<\/p>\n","protected":false},"featured_media":8551,"comment_status":"open","ping_status":"closed","template":"","meta":{"_acf_changed":false},"product_cat":[55],"product_tag":[],"class_list":{"0":"post-8550","1":"product","2":"type-product","3":"status-publish","4":"has-post-thumbnail","6":"product_cat-mixers-non-alcoholic","7":"brand-fever-tree","9":"first","10":"instock","11":"shipping-taxable","12":"product-type-simple"},"acf":[],"yoast_head":"<!-- This site is optimized with the Yoast SEO plugin v23.0 - https:\/\/yoast.com\/wordpress\/plugins\/seo\/ -->\n<title>Fever Tree Ginger Ale - Alchemy Asia<\/title>\n<meta name=\"robots\" content=\"index, follow, max-snippet:-1, max-image-preview:large, max-video-preview:-1\" \/>\n<link rel=\"canonical\" href=\"https:\/\/alchemy-asia.com\/vi\/san-pham\/fever-tree-ginger-ale\/\" \/>\n<meta property=\"og:locale\" content=\"vi_VN\" \/>\n<meta property=\"og:type\" content=\"article\" \/>\n<meta property=\"og:title\" content=\"Fever Tree Ginger Ale - Alchemy Asia\" \/>\n<meta property=\"og:description\" content=\"B\u1eb1ng c\u00e1ch s\u1eed d\u1ee5ng s\u1ef1 pha tr\u1ed9n \u0111\u1ed9c \u0111\u00e1o c\u1ee7a ba lo\u1ea1i g\u1eebng c\u00f3 ngu\u1ed3n g\u1ed1c t\u1ef1 nhi\u00ean t\u1ed1t nh\u1ea5t th\u1ebf gi\u1edbi, h\u01b0\u01a1ng v\u1ecb th\u1ef1c v\u1eadt tinh t\u1ebf v\u00e0 n\u01b0\u1edbc su\u1ed1i, ch\u00fang t\u00f4i \u0111\u00e3 t\u1ea1o ra m\u1ed9t lo\u1ea1i Ginger Ale th\u01a1m ngon v\u1edbi h\u01b0\u01a1ng v\u1ecb v\u00e0 m\u00f9i th\u01a1m s\u1ea3ng kho\u00e1i \u0111\u00edch th\u1ef1c. C\u00e2n b\u1eb1ng ho\u00e0n h\u1ea3o \u0111\u1ec3 n\u00e2ng cao h\u01b0\u01a1ng v\u1ecb c\u1ee7a r\u01b0\u1ee3u whisky, r\u01b0\u1ee3u bourbon v\u00e0 r\u01b0\u1ee3u rum ngon nh\u1ea5t.\" \/>\n<meta property=\"og:url\" content=\"https:\/\/alchemy-asia.com\/vi\/san-pham\/fever-tree-ginger-ale\/\" \/>\n<meta property=\"og:site_name\" content=\"Alchemy Asia\" \/>\n<meta property=\"og:image\" content=\"https:\/\/alchemy-asia.com\/vi\/wp-content\/uploads\/sites\/3\/2024\/07\/Fever-Tree-Premium-Ginger-Ale-1024x1024.png\" \/>\n\t<meta property=\"og:image:width\" content=\"1024\" \/>\n\t<meta property=\"og:image:height\" content=\"1024\" \/>\n\t<meta property=\"og:image:type\" content=\"image\/png\" \/>\n<meta name=\"twitter:card\" content=\"summary_large_image\" \/>\n<meta name=\"twitter:label1\" content=\"\u01af\u1edbc t\u00ednh th\u1eddi gian \u0111\u1ecdc\" \/>\n\t<meta name=\"twitter:data1\" content=\"1 ph\u00fat\" \/>\n<script type=\"application\/ld+json\" class=\"yoast-schema-graph\">{\"@context\":\"https:\/\/schema.org\",\"@graph\":[{\"@type\":\"WebPage\",\"@id\":\"https:\/\/alchemy-asia.com\/vi\/san-pham\/fever-tree-ginger-ale\/\",\"url\":\"https:\/\/alchemy-asia.com\/vi\/san-pham\/fever-tree-ginger-ale\/\",\"name\":\"Fever Tree Ginger Ale - Alchemy Asia\",\"isPartOf\":{\"@id\":\"https:\/\/alchemy-asia.com\/vi\/#website\"},\"primaryImageOfPage\":{\"@id\":\"https:\/\/alchemy-asia.com\/vi\/san-pham\/fever-tree-ginger-ale\/#primaryimage\"},\"image\":{\"@id\":\"https:\/\/alchemy-asia.com\/vi\/san-pham\/fever-tree-ginger-ale\/#primaryimage\"},\"thumbnailUrl\":\"https:\/\/alchemy-asia.com\/vi\/wp-content\/uploads\/sites\/3\/2024\/07\/Fever-Tree-Premium-Ginger-Ale.png\",\"datePublished\":\"2024-09-10T08:31:36+00:00\",\"dateModified\":\"2024-09-10T08:31:36+00:00\",\"breadcrumb\":{\"@id\":\"https:\/\/alchemy-asia.com\/vi\/san-pham\/fever-tree-ginger-ale\/#breadcrumb\"},\"inLanguage\":\"vi\",\"potentialAction\":[{\"@type\":\"ReadAction\",\"target\":[\"https:\/\/alchemy-asia.com\/vi\/san-pham\/fever-tree-ginger-ale\/\"]}]},{\"@type\":\"ImageObject\",\"inLanguage\":\"vi\",\"@id\":\"https:\/\/alchemy-asia.com\/vi\/san-pham\/fever-tree-ginger-ale\/#primaryimage\",\"url\":\"https:\/\/alchemy-asia.com\/vi\/wp-content\/uploads\/sites\/3\/2024\/07\/Fever-Tree-Premium-Ginger-Ale.png\",\"contentUrl\":\"https:\/\/alchemy-asia.com\/vi\/wp-content\/uploads\/sites\/3\/2024\/07\/Fever-Tree-Premium-Ginger-Ale.png\",\"width\":2100,\"height\":2100,\"caption\":\"Fever-Tree Premium Ginger Ale\"},{\"@type\":\"BreadcrumbList\",\"@id\":\"https:\/\/alchemy-asia.com\/vi\/san-pham\/fever-tree-ginger-ale\/#breadcrumb\",\"itemListElement\":[{\"@type\":\"ListItem\",\"position\":1,\"name\":\"Home\",\"item\":\"https:\/\/alchemy-asia.com\/vi\/\"},{\"@type\":\"ListItem\",\"position\":2,\"name\":\"Fever Tree Ginger Ale\"}]},{\"@type\":\"WebSite\",\"@id\":\"https:\/\/alchemy-asia.com\/vi\/#website\",\"url\":\"https:\/\/alchemy-asia.com\/vi\/\",\"name\":\"Alchemy Asia\",\"description\":\"Just another Alchemy Asia Sites site\",\"potentialAction\":[{\"@type\":\"SearchAction\",\"target\":{\"@type\":\"EntryPoint\",\"urlTemplate\":\"https:\/\/alchemy-asia.com\/vi\/?s={search_term_string}\"},\"query-input\":\"required name=search_term_string\"}],\"inLanguage\":\"vi\"}]}<\/script>\n<!-- \/ Yoast SEO plugin. -->","yoast_head_json":{"title":"Fever Tree Ginger Ale - Alchemy Asia","robots":{"index":"index","follow":"follow","max-snippet":"max-snippet:-1","max-image-preview":"max-image-preview:large","max-video-preview":"max-video-preview:-1"},"canonical":"https:\/\/alchemy-asia.com\/vi\/san-pham\/fever-tree-ginger-ale\/","og_locale":"vi_VN","og_type":"article","og_title":"Fever Tree Ginger Ale - Alchemy Asia","og_description":"B\u1eb1ng c\u00e1ch s\u1eed d\u1ee5ng s\u1ef1 pha tr\u1ed9n \u0111\u1ed9c \u0111\u00e1o c\u1ee7a ba lo\u1ea1i g\u1eebng c\u00f3 ngu\u1ed3n g\u1ed1c t\u1ef1 nhi\u00ean t\u1ed1t nh\u1ea5t th\u1ebf gi\u1edbi, h\u01b0\u01a1ng v\u1ecb th\u1ef1c v\u1eadt tinh t\u1ebf v\u00e0 n\u01b0\u1edbc su\u1ed1i, ch\u00fang t\u00f4i \u0111\u00e3 t\u1ea1o ra m\u1ed9t lo\u1ea1i Ginger Ale th\u01a1m ngon v\u1edbi h\u01b0\u01a1ng v\u1ecb v\u00e0 m\u00f9i th\u01a1m s\u1ea3ng kho\u00e1i \u0111\u00edch th\u1ef1c. C\u00e2n b\u1eb1ng ho\u00e0n h\u1ea3o \u0111\u1ec3 n\u00e2ng cao h\u01b0\u01a1ng v\u1ecb c\u1ee7a r\u01b0\u1ee3u whisky, r\u01b0\u1ee3u bourbon v\u00e0 r\u01b0\u1ee3u rum ngon nh\u1ea5t.","og_url":"https:\/\/alchemy-asia.com\/vi\/san-pham\/fever-tree-ginger-ale\/","og_site_name":"Alchemy Asia","og_image":[{"width":1024,"height":1024,"url":"https:\/\/alchemy-asia.com\/vi\/wp-content\/uploads\/sites\/3\/2024\/07\/Fever-Tree-Premium-Ginger-Ale-1024x1024.png","type":"image\/png"}],"twitter_card":"summary_large_image","twitter_misc":{"\u01af\u1edbc t\u00ednh th\u1eddi gian \u0111\u1ecdc":"1 ph\u00fat"},"schema":{"@context":"https:\/\/schema.org","@graph":[{"@type":"WebPage","@id":"https:\/\/alchemy-asia.com\/vi\/san-pham\/fever-tree-ginger-ale\/","url":"https:\/\/alchemy-asia.com\/vi\/san-pham\/fever-tree-ginger-ale\/","name":"Fever Tree Ginger Ale - Alchemy Asia","isPartOf":{"@id":"https:\/\/alchemy-asia.com\/vi\/#website"},"primaryImageOfPage":{"@id":"https:\/\/alchemy-asia.com\/vi\/san-pham\/fever-tree-ginger-ale\/#primaryimage"},"image":{"@id":"https:\/\/alchemy-asia.com\/vi\/san-pham\/fever-tree-ginger-ale\/#primaryimage"},"thumbnailUrl":"https:\/\/alchemy-asia.com\/vi\/wp-content\/uploads\/sites\/3\/2024\/07\/Fever-Tree-Premium-Ginger-Ale.png","datePublished":"2024-09-10T08:31:36+00:00","dateModified":"2024-09-10T08:31:36+00:00","breadcrumb":{"@id":"https:\/\/alchemy-asia.com\/vi\/san-pham\/fever-tree-ginger-ale\/#breadcrumb"},"inLanguage":"vi","potentialAction":[{"@type":"ReadAction","target":["https:\/\/alchemy-asia.com\/vi\/san-pham\/fever-tree-ginger-ale\/"]}]},{"@type":"ImageObject","inLanguage":"vi","@id":"https:\/\/alchemy-asia.com\/vi\/san-pham\/fever-tree-ginger-ale\/#primaryimage","url":"https:\/\/alchemy-asia.com\/vi\/wp-content\/uploads\/sites\/3\/2024\/07\/Fever-Tree-Premium-Ginger-Ale.png","contentUrl":"https:\/\/alchemy-asia.com\/vi\/wp-content\/uploads\/sites\/3\/2024\/07\/Fever-Tree-Premium-Ginger-Ale.png","width":2100,"height":2100,"caption":"Fever-Tree Premium Ginger Ale"},{"@type":"BreadcrumbList","@id":"https:\/\/alchemy-asia.com\/vi\/san-pham\/fever-tree-ginger-ale\/#breadcrumb","itemListElement":[{"@type":"ListItem","position":1,"name":"Home","item":"https:\/\/alchemy-asia.com\/vi\/"},{"@type":"ListItem","position":2,"name":"Fever Tree Ginger Ale"}]},{"@type":"WebSite","@id":"https:\/\/alchemy-asia.com\/vi\/#website","url":"https:\/\/alchemy-asia.com\/vi\/","name":"Alchemy Asia","description":"Just another Alchemy Asia Sites site","potentialAction":[{"@type":"SearchAction","target":{"@type":"EntryPoint","urlTemplate":"https:\/\/alchemy-asia.com\/vi\/?s={search_term_string}"},"query-input":"required name=search_term_string"}],"inLanguage":"vi"}]}},"_links":{"self":[{"href":"https:\/\/alchemy-asia.com\/vi\/wp-json\/wp\/v2\/product\/8550","targetHints":{"allow":["GET"]}}],"collection":[{"href":"https:\/\/alchemy-asia.com\/vi\/wp-json\/wp\/v2\/product"}],"about":[{"href":"https:\/\/alchemy-asia.com\/vi\/wp-json\/wp\/v2\/types\/product"}],"replies":[{"embeddable":true,"href":"https:\/\/alchemy-asia.com\/vi\/wp-json\/wp\/v2\/comments?post=8550"}],"wp:featuredmedia":[{"embeddable":true,"href":"https:\/\/alchemy-asia.com\/vi\/wp-json\/wp\/v2\/media\/8551"}],"wp:attachment":[{"href":"https:\/\/alchemy-asia.com\/vi\/wp-json\/wp\/v2\/media?parent=8550"}],"wp:term":[{"taxonomy":"product_cat","embeddable":true,"href":"https:\/\/alchemy-asia.com\/vi\/wp-json\/wp\/v2\/product_cat?post=8550"},{"taxonomy":"product_tag","embeddable":true,"href":"https:\/\/alchemy-asia.com\/vi\/wp-json\/wp\/v2\/product_tag?post=8550"}],"curies":[{"name":"wp","href":"https:\/\/api.w.org\/{rel}","templated":true}]}}