{"id":8554,"date":"2024-09-10T08:31:32","date_gmt":"2024-09-10T08:31:32","guid":{"rendered":"https:\/\/alchemy-asia.com\/vi\/?post_type=product&#038;p=8554"},"modified":"2024-09-10T08:31:32","modified_gmt":"2024-09-10T08:31:32","slug":"fever-tree-ginger-beer","status":"publish","type":"product","link":"https:\/\/alchemy-asia.com\/vi\/san-pham\/fever-tree-ginger-beer\/","title":{"rendered":"Fever Tree Ginger Beer"},"content":{"rendered":"","protected":false},"excerpt":{"rendered":"<p>B\u1eb1ng c\u00e1ch pha ch\u1ebf h\u1ed7n h\u1ee3p ba lo\u1ea1i g\u1eebng t\u1eeb Nigeria, Cochin v\u00e0 B\u1edd Bi\u1ec3n Ng\u00e0, ch\u00fang t\u00f4i \u0111\u00e3 t\u1ea1o ra m\u1ed9t lo\u1ea1i bia g\u1eebng t\u1eebng \u0111o\u1ea1t gi\u1ea3i th\u01b0\u1edfng \u0111\u01b0\u1ee3c gi\u1edbi s\u00e0nh \u0103n c\u0169ng nh\u01b0 c\u00e1c nh\u00e0 ph\u00ea b\u00ecnh \u0111\u00e1nh gi\u00e1 cao. Kh\u00f4ng qu\u00e1 ng\u1ecdt trong v\u00f2m mi\u1ec7ng v\u00e0 c\u00f3 v\u1ecb g\u1eebng \u0111\u1eadm \u0111\u00e0, \u0111\u1ecdng l\u1ea1i l\u00e2u d\u00e0i. Ho\u00e0n h\u1ea3o trong Dark &amp; \u200b\u200bStormy, Moscow Mule ho\u1eb7c \u0111\u01a1n gi\u1ea3n l\u00e0 m\u1ed9t lo\u1ea1i n\u01b0\u1edbc gi\u1ea3i kh\u00e1t.<\/p>\n","protected":false},"featured_media":8788,"comment_status":"open","ping_status":"closed","template":"","meta":{"_acf_changed":false},"product_cat":[55],"product_tag":[],"class_list":{"0":"post-8554","1":"product","2":"type-product","3":"status-publish","4":"has-post-thumbnail","6":"product_cat-mixers-non-alcoholic","7":"brand-fever-tree","9":"first","10":"instock","11":"shipping-taxable","12":"product-type-simple"},"acf":[],"yoast_head":"<!-- This site is optimized with the Yoast SEO plugin v23.0 - https:\/\/yoast.com\/wordpress\/plugins\/seo\/ -->\n<title>Fever Tree Ginger Beer - Alchemy Asia<\/title>\n<meta name=\"robots\" content=\"index, follow, max-snippet:-1, max-image-preview:large, max-video-preview:-1\" \/>\n<link rel=\"canonical\" href=\"https:\/\/alchemy-asia.com\/vi\/san-pham\/fever-tree-ginger-beer\/\" \/>\n<meta property=\"og:locale\" content=\"vi_VN\" \/>\n<meta property=\"og:type\" content=\"article\" \/>\n<meta property=\"og:title\" content=\"Fever Tree Ginger Beer - Alchemy Asia\" \/>\n<meta property=\"og:description\" content=\"B\u1eb1ng c\u00e1ch pha ch\u1ebf h\u1ed7n h\u1ee3p ba lo\u1ea1i g\u1eebng t\u1eeb Nigeria, Cochin v\u00e0 B\u1edd Bi\u1ec3n Ng\u00e0, ch\u00fang t\u00f4i \u0111\u00e3 t\u1ea1o ra m\u1ed9t lo\u1ea1i bia g\u1eebng t\u1eebng \u0111o\u1ea1t gi\u1ea3i th\u01b0\u1edfng \u0111\u01b0\u1ee3c gi\u1edbi s\u00e0nh \u0103n c\u0169ng nh\u01b0 c\u00e1c nh\u00e0 ph\u00ea b\u00ecnh \u0111\u00e1nh gi\u00e1 cao. Kh\u00f4ng qu\u00e1 ng\u1ecdt trong v\u00f2m mi\u1ec7ng v\u00e0 c\u00f3 v\u1ecb g\u1eebng \u0111\u1eadm \u0111\u00e0, \u0111\u1ecdng l\u1ea1i l\u00e2u d\u00e0i. Ho\u00e0n h\u1ea3o trong Dark &amp; \u200b\u200bStormy, Moscow Mule ho\u1eb7c \u0111\u01a1n gi\u1ea3n l\u00e0 m\u1ed9t lo\u1ea1i n\u01b0\u1edbc gi\u1ea3i kh\u00e1t.\" \/>\n<meta property=\"og:url\" content=\"https:\/\/alchemy-asia.com\/vi\/san-pham\/fever-tree-ginger-beer\/\" \/>\n<meta property=\"og:site_name\" content=\"Alchemy Asia\" \/>\n<meta property=\"og:image\" content=\"https:\/\/alchemy-asia.com\/vi\/wp-content\/uploads\/sites\/3\/2024\/07\/Fever-Tree-Ginger-Beer.png\" \/>\n\t<meta property=\"og:image:width\" content=\"2100\" \/>\n\t<meta property=\"og:image:height\" content=\"2100\" \/>\n\t<meta property=\"og:image:type\" content=\"image\/png\" \/>\n<meta name=\"twitter:card\" content=\"summary_large_image\" \/>\n<meta name=\"twitter:label1\" content=\"\u01af\u1edbc t\u00ednh th\u1eddi gian \u0111\u1ecdc\" \/>\n\t<meta name=\"twitter:data1\" content=\"1 ph\u00fat\" \/>\n<script type=\"application\/ld+json\" class=\"yoast-schema-graph\">{\"@context\":\"https:\/\/schema.org\",\"@graph\":[{\"@type\":\"WebPage\",\"@id\":\"https:\/\/alchemy-asia.com\/vi\/san-pham\/fever-tree-ginger-beer\/\",\"url\":\"https:\/\/alchemy-asia.com\/vi\/san-pham\/fever-tree-ginger-beer\/\",\"name\":\"Fever Tree Ginger Beer - Alchemy Asia\",\"isPartOf\":{\"@id\":\"https:\/\/alchemy-asia.com\/vi\/#website\"},\"primaryImageOfPage\":{\"@id\":\"https:\/\/alchemy-asia.com\/vi\/san-pham\/fever-tree-ginger-beer\/#primaryimage\"},\"image\":{\"@id\":\"https:\/\/alchemy-asia.com\/vi\/san-pham\/fever-tree-ginger-beer\/#primaryimage\"},\"thumbnailUrl\":\"https:\/\/alchemy-asia.com\/vi\/wp-content\/uploads\/sites\/3\/2024\/07\/Fever-Tree-Ginger-Beer.png\",\"datePublished\":\"2024-09-10T08:31:32+00:00\",\"dateModified\":\"2024-09-10T08:31:32+00:00\",\"breadcrumb\":{\"@id\":\"https:\/\/alchemy-asia.com\/vi\/san-pham\/fever-tree-ginger-beer\/#breadcrumb\"},\"inLanguage\":\"vi\",\"potentialAction\":[{\"@type\":\"ReadAction\",\"target\":[\"https:\/\/alchemy-asia.com\/vi\/san-pham\/fever-tree-ginger-beer\/\"]}]},{\"@type\":\"ImageObject\",\"inLanguage\":\"vi\",\"@id\":\"https:\/\/alchemy-asia.com\/vi\/san-pham\/fever-tree-ginger-beer\/#primaryimage\",\"url\":\"https:\/\/alchemy-asia.com\/vi\/wp-content\/uploads\/sites\/3\/2024\/07\/Fever-Tree-Ginger-Beer.png\",\"contentUrl\":\"https:\/\/alchemy-asia.com\/vi\/wp-content\/uploads\/sites\/3\/2024\/07\/Fever-Tree-Ginger-Beer.png\",\"width\":2100,\"height\":2100,\"caption\":\"Fever Tree Ginger Beer\"},{\"@type\":\"BreadcrumbList\",\"@id\":\"https:\/\/alchemy-asia.com\/vi\/san-pham\/fever-tree-ginger-beer\/#breadcrumb\",\"itemListElement\":[{\"@type\":\"ListItem\",\"position\":1,\"name\":\"Home\",\"item\":\"https:\/\/alchemy-asia.com\/vi\/\"},{\"@type\":\"ListItem\",\"position\":2,\"name\":\"Fever Tree Ginger Beer\"}]},{\"@type\":\"WebSite\",\"@id\":\"https:\/\/alchemy-asia.com\/vi\/#website\",\"url\":\"https:\/\/alchemy-asia.com\/vi\/\",\"name\":\"Alchemy Asia\",\"description\":\"Just another Alchemy Asia Sites site\",\"potentialAction\":[{\"@type\":\"SearchAction\",\"target\":{\"@type\":\"EntryPoint\",\"urlTemplate\":\"https:\/\/alchemy-asia.com\/vi\/?s={search_term_string}\"},\"query-input\":\"required name=search_term_string\"}],\"inLanguage\":\"vi\"}]}<\/script>\n<!-- \/ Yoast SEO plugin. -->","yoast_head_json":{"title":"Fever Tree Ginger Beer - Alchemy Asia","robots":{"index":"index","follow":"follow","max-snippet":"max-snippet:-1","max-image-preview":"max-image-preview:large","max-video-preview":"max-video-preview:-1"},"canonical":"https:\/\/alchemy-asia.com\/vi\/san-pham\/fever-tree-ginger-beer\/","og_locale":"vi_VN","og_type":"article","og_title":"Fever Tree Ginger Beer - Alchemy Asia","og_description":"B\u1eb1ng c\u00e1ch pha ch\u1ebf h\u1ed7n h\u1ee3p ba lo\u1ea1i g\u1eebng t\u1eeb Nigeria, Cochin v\u00e0 B\u1edd Bi\u1ec3n Ng\u00e0, ch\u00fang t\u00f4i \u0111\u00e3 t\u1ea1o ra m\u1ed9t lo\u1ea1i bia g\u1eebng t\u1eebng \u0111o\u1ea1t gi\u1ea3i th\u01b0\u1edfng \u0111\u01b0\u1ee3c gi\u1edbi s\u00e0nh \u0103n c\u0169ng nh\u01b0 c\u00e1c nh\u00e0 ph\u00ea b\u00ecnh \u0111\u00e1nh gi\u00e1 cao. Kh\u00f4ng qu\u00e1 ng\u1ecdt trong v\u00f2m mi\u1ec7ng v\u00e0 c\u00f3 v\u1ecb g\u1eebng \u0111\u1eadm \u0111\u00e0, \u0111\u1ecdng l\u1ea1i l\u00e2u d\u00e0i. Ho\u00e0n h\u1ea3o trong Dark &amp; \u200b\u200bStormy, Moscow Mule ho\u1eb7c \u0111\u01a1n gi\u1ea3n l\u00e0 m\u1ed9t lo\u1ea1i n\u01b0\u1edbc gi\u1ea3i kh\u00e1t.","og_url":"https:\/\/alchemy-asia.com\/vi\/san-pham\/fever-tree-ginger-beer\/","og_site_name":"Alchemy Asia","og_image":[{"width":2100,"height":2100,"url":"https:\/\/alchemy-asia.com\/vi\/wp-content\/uploads\/sites\/3\/2024\/07\/Fever-Tree-Ginger-Beer.png","type":"image\/png"}],"twitter_card":"summary_large_image","twitter_misc":{"\u01af\u1edbc t\u00ednh th\u1eddi gian \u0111\u1ecdc":"1 ph\u00fat"},"schema":{"@context":"https:\/\/schema.org","@graph":[{"@type":"WebPage","@id":"https:\/\/alchemy-asia.com\/vi\/san-pham\/fever-tree-ginger-beer\/","url":"https:\/\/alchemy-asia.com\/vi\/san-pham\/fever-tree-ginger-beer\/","name":"Fever Tree Ginger Beer - Alchemy Asia","isPartOf":{"@id":"https:\/\/alchemy-asia.com\/vi\/#website"},"primaryImageOfPage":{"@id":"https:\/\/alchemy-asia.com\/vi\/san-pham\/fever-tree-ginger-beer\/#primaryimage"},"image":{"@id":"https:\/\/alchemy-asia.com\/vi\/san-pham\/fever-tree-ginger-beer\/#primaryimage"},"thumbnailUrl":"https:\/\/alchemy-asia.com\/vi\/wp-content\/uploads\/sites\/3\/2024\/07\/Fever-Tree-Ginger-Beer.png","datePublished":"2024-09-10T08:31:32+00:00","dateModified":"2024-09-10T08:31:32+00:00","breadcrumb":{"@id":"https:\/\/alchemy-asia.com\/vi\/san-pham\/fever-tree-ginger-beer\/#breadcrumb"},"inLanguage":"vi","potentialAction":[{"@type":"ReadAction","target":["https:\/\/alchemy-asia.com\/vi\/san-pham\/fever-tree-ginger-beer\/"]}]},{"@type":"ImageObject","inLanguage":"vi","@id":"https:\/\/alchemy-asia.com\/vi\/san-pham\/fever-tree-ginger-beer\/#primaryimage","url":"https:\/\/alchemy-asia.com\/vi\/wp-content\/uploads\/sites\/3\/2024\/07\/Fever-Tree-Ginger-Beer.png","contentUrl":"https:\/\/alchemy-asia.com\/vi\/wp-content\/uploads\/sites\/3\/2024\/07\/Fever-Tree-Ginger-Beer.png","width":2100,"height":2100,"caption":"Fever Tree Ginger Beer"},{"@type":"BreadcrumbList","@id":"https:\/\/alchemy-asia.com\/vi\/san-pham\/fever-tree-ginger-beer\/#breadcrumb","itemListElement":[{"@type":"ListItem","position":1,"name":"Home","item":"https:\/\/alchemy-asia.com\/vi\/"},{"@type":"ListItem","position":2,"name":"Fever Tree Ginger Beer"}]},{"@type":"WebSite","@id":"https:\/\/alchemy-asia.com\/vi\/#website","url":"https:\/\/alchemy-asia.com\/vi\/","name":"Alchemy Asia","description":"Just another Alchemy Asia Sites site","potentialAction":[{"@type":"SearchAction","target":{"@type":"EntryPoint","urlTemplate":"https:\/\/alchemy-asia.com\/vi\/?s={search_term_string}"},"query-input":"required name=search_term_string"}],"inLanguage":"vi"}]}},"_links":{"self":[{"href":"https:\/\/alchemy-asia.com\/vi\/wp-json\/wp\/v2\/product\/8554","targetHints":{"allow":["GET"]}}],"collection":[{"href":"https:\/\/alchemy-asia.com\/vi\/wp-json\/wp\/v2\/product"}],"about":[{"href":"https:\/\/alchemy-asia.com\/vi\/wp-json\/wp\/v2\/types\/product"}],"replies":[{"embeddable":true,"href":"https:\/\/alchemy-asia.com\/vi\/wp-json\/wp\/v2\/comments?post=8554"}],"wp:featuredmedia":[{"embeddable":true,"href":"https:\/\/alchemy-asia.com\/vi\/wp-json\/wp\/v2\/media\/8788"}],"wp:attachment":[{"href":"https:\/\/alchemy-asia.com\/vi\/wp-json\/wp\/v2\/media?parent=8554"}],"wp:term":[{"taxonomy":"product_cat","embeddable":true,"href":"https:\/\/alchemy-asia.com\/vi\/wp-json\/wp\/v2\/product_cat?post=8554"},{"taxonomy":"product_tag","embeddable":true,"href":"https:\/\/alchemy-asia.com\/vi\/wp-json\/wp\/v2\/product_tag?post=8554"}],"curies":[{"name":"wp","href":"https:\/\/api.w.org\/{rel}","templated":true}]}}