{"id":8560,"date":"2024-09-10T08:31:27","date_gmt":"2024-09-10T08:31:27","guid":{"rendered":"https:\/\/alchemy-asia.com\/vi\/?post_type=product&#038;p=8560"},"modified":"2024-09-10T08:31:27","modified_gmt":"2024-09-10T08:31:27","slug":"fever-tree-elderflower-tonic-water","status":"publish","type":"product","link":"https:\/\/alchemy-asia.com\/vi\/san-pham\/fever-tree-elderflower-tonic-water\/","title":{"rendered":"Fever-Tree Elderflower Tonic Water"},"content":{"rendered":"","protected":false},"excerpt":{"rendered":"<p>B\u1eb1ng c\u00e1ch pha tr\u1ed9n c\u00e1c lo\u1ea1i tinh d\u1ea7u t\u1eeb hoa c\u01a1m ch\u00e1y Anh \u0111\u01b0\u1ee3c l\u1ef1a ch\u1ecdn c\u1ea9n th\u1eadn v\u1edbi quinine c\u00f3 ch\u1ea5t l\u01b0\u1ee3ng cao nh\u1ea5t t\u1eeb \u200b\u200b&#8217;c\u00e2y s\u1ed1t&#8217; c\u1ee7a C\u1ed9ng h\u00f2a D\u00e2n ch\u1ee7 Congo, ch\u00fang t\u00f4i \u0111\u00e3 t\u1ea1o ra m\u1ed9t bi\u1ebfn th\u1ec3 hoa th\u01a1m ngon c\u1ee7a n\u01b0\u1edbc t\u0103ng l\u1ef1c \u1ea4n \u0110\u1ed9.<\/p>\n","protected":false},"featured_media":8790,"comment_status":"open","ping_status":"closed","template":"","meta":{"_acf_changed":false},"product_cat":[55],"product_tag":[],"class_list":{"0":"post-8560","1":"product","2":"type-product","3":"status-publish","4":"has-post-thumbnail","6":"product_cat-mixers-non-alcoholic","7":"brand-fever-tree","9":"first","10":"instock","11":"shipping-taxable","12":"product-type-simple"},"acf":[],"yoast_head":"<!-- This site is optimized with the Yoast SEO plugin v23.0 - https:\/\/yoast.com\/wordpress\/plugins\/seo\/ -->\n<title>Fever-Tree Elderflower Tonic Water - Alchemy Asia<\/title>\n<meta name=\"robots\" content=\"index, follow, max-snippet:-1, max-image-preview:large, max-video-preview:-1\" \/>\n<link rel=\"canonical\" href=\"https:\/\/alchemy-asia.com\/vi\/san-pham\/fever-tree-elderflower-tonic-water\/\" \/>\n<meta property=\"og:locale\" content=\"vi_VN\" \/>\n<meta property=\"og:type\" content=\"article\" \/>\n<meta property=\"og:title\" content=\"Fever-Tree Elderflower Tonic Water - Alchemy Asia\" \/>\n<meta property=\"og:description\" content=\"B\u1eb1ng c\u00e1ch pha tr\u1ed9n c\u00e1c lo\u1ea1i tinh d\u1ea7u t\u1eeb hoa c\u01a1m ch\u00e1y Anh \u0111\u01b0\u1ee3c l\u1ef1a ch\u1ecdn c\u1ea9n th\u1eadn v\u1edbi quinine c\u00f3 ch\u1ea5t l\u01b0\u1ee3ng cao nh\u1ea5t t\u1eeb \u200b\u200b&#039;c\u00e2y s\u1ed1t&#039; c\u1ee7a C\u1ed9ng h\u00f2a D\u00e2n ch\u1ee7 Congo, ch\u00fang t\u00f4i \u0111\u00e3 t\u1ea1o ra m\u1ed9t bi\u1ebfn th\u1ec3 hoa th\u01a1m ngon c\u1ee7a n\u01b0\u1edbc t\u0103ng l\u1ef1c \u1ea4n \u0110\u1ed9.\" \/>\n<meta property=\"og:url\" content=\"https:\/\/alchemy-asia.com\/vi\/san-pham\/fever-tree-elderflower-tonic-water\/\" \/>\n<meta property=\"og:site_name\" content=\"Alchemy Asia\" \/>\n<meta property=\"og:image\" content=\"https:\/\/alchemy-asia.com\/vi\/wp-content\/uploads\/sites\/3\/2024\/07\/Fever-Tree-Tonic-Water.png\" \/>\n\t<meta property=\"og:image:width\" content=\"2100\" \/>\n\t<meta property=\"og:image:height\" content=\"2100\" \/>\n\t<meta property=\"og:image:type\" content=\"image\/png\" \/>\n<meta name=\"twitter:card\" content=\"summary_large_image\" \/>\n<meta name=\"twitter:label1\" content=\"\u01af\u1edbc t\u00ednh th\u1eddi gian \u0111\u1ecdc\" \/>\n\t<meta name=\"twitter:data1\" content=\"1 ph\u00fat\" \/>\n<script type=\"application\/ld+json\" class=\"yoast-schema-graph\">{\"@context\":\"https:\/\/schema.org\",\"@graph\":[{\"@type\":\"WebPage\",\"@id\":\"https:\/\/alchemy-asia.com\/vi\/san-pham\/fever-tree-elderflower-tonic-water\/\",\"url\":\"https:\/\/alchemy-asia.com\/vi\/san-pham\/fever-tree-elderflower-tonic-water\/\",\"name\":\"Fever-Tree Elderflower Tonic Water - Alchemy Asia\",\"isPartOf\":{\"@id\":\"https:\/\/alchemy-asia.com\/vi\/#website\"},\"primaryImageOfPage\":{\"@id\":\"https:\/\/alchemy-asia.com\/vi\/san-pham\/fever-tree-elderflower-tonic-water\/#primaryimage\"},\"image\":{\"@id\":\"https:\/\/alchemy-asia.com\/vi\/san-pham\/fever-tree-elderflower-tonic-water\/#primaryimage\"},\"thumbnailUrl\":\"https:\/\/alchemy-asia.com\/vi\/wp-content\/uploads\/sites\/3\/2024\/07\/Fever-Tree-Tonic-Water.png\",\"datePublished\":\"2024-09-10T08:31:27+00:00\",\"dateModified\":\"2024-09-10T08:31:27+00:00\",\"breadcrumb\":{\"@id\":\"https:\/\/alchemy-asia.com\/vi\/san-pham\/fever-tree-elderflower-tonic-water\/#breadcrumb\"},\"inLanguage\":\"vi\",\"potentialAction\":[{\"@type\":\"ReadAction\",\"target\":[\"https:\/\/alchemy-asia.com\/vi\/san-pham\/fever-tree-elderflower-tonic-water\/\"]}]},{\"@type\":\"ImageObject\",\"inLanguage\":\"vi\",\"@id\":\"https:\/\/alchemy-asia.com\/vi\/san-pham\/fever-tree-elderflower-tonic-water\/#primaryimage\",\"url\":\"https:\/\/alchemy-asia.com\/vi\/wp-content\/uploads\/sites\/3\/2024\/07\/Fever-Tree-Tonic-Water.png\",\"contentUrl\":\"https:\/\/alchemy-asia.com\/vi\/wp-content\/uploads\/sites\/3\/2024\/07\/Fever-Tree-Tonic-Water.png\",\"width\":2100,\"height\":2100,\"caption\":\"Fever Tree Tonic Water\"},{\"@type\":\"BreadcrumbList\",\"@id\":\"https:\/\/alchemy-asia.com\/vi\/san-pham\/fever-tree-elderflower-tonic-water\/#breadcrumb\",\"itemListElement\":[{\"@type\":\"ListItem\",\"position\":1,\"name\":\"Home\",\"item\":\"https:\/\/alchemy-asia.com\/vi\/\"},{\"@type\":\"ListItem\",\"position\":2,\"name\":\"Fever-Tree Elderflower Tonic Water\"}]},{\"@type\":\"WebSite\",\"@id\":\"https:\/\/alchemy-asia.com\/vi\/#website\",\"url\":\"https:\/\/alchemy-asia.com\/vi\/\",\"name\":\"Alchemy Asia\",\"description\":\"Just another Alchemy Asia Sites site\",\"potentialAction\":[{\"@type\":\"SearchAction\",\"target\":{\"@type\":\"EntryPoint\",\"urlTemplate\":\"https:\/\/alchemy-asia.com\/vi\/?s={search_term_string}\"},\"query-input\":\"required name=search_term_string\"}],\"inLanguage\":\"vi\"}]}<\/script>\n<!-- \/ Yoast SEO plugin. -->","yoast_head_json":{"title":"Fever-Tree Elderflower Tonic Water - Alchemy Asia","robots":{"index":"index","follow":"follow","max-snippet":"max-snippet:-1","max-image-preview":"max-image-preview:large","max-video-preview":"max-video-preview:-1"},"canonical":"https:\/\/alchemy-asia.com\/vi\/san-pham\/fever-tree-elderflower-tonic-water\/","og_locale":"vi_VN","og_type":"article","og_title":"Fever-Tree Elderflower Tonic Water - Alchemy Asia","og_description":"B\u1eb1ng c\u00e1ch pha tr\u1ed9n c\u00e1c lo\u1ea1i tinh d\u1ea7u t\u1eeb hoa c\u01a1m ch\u00e1y Anh \u0111\u01b0\u1ee3c l\u1ef1a ch\u1ecdn c\u1ea9n th\u1eadn v\u1edbi quinine c\u00f3 ch\u1ea5t l\u01b0\u1ee3ng cao nh\u1ea5t t\u1eeb \u200b\u200b'c\u00e2y s\u1ed1t' c\u1ee7a C\u1ed9ng h\u00f2a D\u00e2n ch\u1ee7 Congo, ch\u00fang t\u00f4i \u0111\u00e3 t\u1ea1o ra m\u1ed9t bi\u1ebfn th\u1ec3 hoa th\u01a1m ngon c\u1ee7a n\u01b0\u1edbc t\u0103ng l\u1ef1c \u1ea4n \u0110\u1ed9.","og_url":"https:\/\/alchemy-asia.com\/vi\/san-pham\/fever-tree-elderflower-tonic-water\/","og_site_name":"Alchemy Asia","og_image":[{"width":2100,"height":2100,"url":"https:\/\/alchemy-asia.com\/vi\/wp-content\/uploads\/sites\/3\/2024\/07\/Fever-Tree-Tonic-Water.png","type":"image\/png"}],"twitter_card":"summary_large_image","twitter_misc":{"\u01af\u1edbc t\u00ednh th\u1eddi gian \u0111\u1ecdc":"1 ph\u00fat"},"schema":{"@context":"https:\/\/schema.org","@graph":[{"@type":"WebPage","@id":"https:\/\/alchemy-asia.com\/vi\/san-pham\/fever-tree-elderflower-tonic-water\/","url":"https:\/\/alchemy-asia.com\/vi\/san-pham\/fever-tree-elderflower-tonic-water\/","name":"Fever-Tree Elderflower Tonic Water - Alchemy Asia","isPartOf":{"@id":"https:\/\/alchemy-asia.com\/vi\/#website"},"primaryImageOfPage":{"@id":"https:\/\/alchemy-asia.com\/vi\/san-pham\/fever-tree-elderflower-tonic-water\/#primaryimage"},"image":{"@id":"https:\/\/alchemy-asia.com\/vi\/san-pham\/fever-tree-elderflower-tonic-water\/#primaryimage"},"thumbnailUrl":"https:\/\/alchemy-asia.com\/vi\/wp-content\/uploads\/sites\/3\/2024\/07\/Fever-Tree-Tonic-Water.png","datePublished":"2024-09-10T08:31:27+00:00","dateModified":"2024-09-10T08:31:27+00:00","breadcrumb":{"@id":"https:\/\/alchemy-asia.com\/vi\/san-pham\/fever-tree-elderflower-tonic-water\/#breadcrumb"},"inLanguage":"vi","potentialAction":[{"@type":"ReadAction","target":["https:\/\/alchemy-asia.com\/vi\/san-pham\/fever-tree-elderflower-tonic-water\/"]}]},{"@type":"ImageObject","inLanguage":"vi","@id":"https:\/\/alchemy-asia.com\/vi\/san-pham\/fever-tree-elderflower-tonic-water\/#primaryimage","url":"https:\/\/alchemy-asia.com\/vi\/wp-content\/uploads\/sites\/3\/2024\/07\/Fever-Tree-Tonic-Water.png","contentUrl":"https:\/\/alchemy-asia.com\/vi\/wp-content\/uploads\/sites\/3\/2024\/07\/Fever-Tree-Tonic-Water.png","width":2100,"height":2100,"caption":"Fever Tree Tonic Water"},{"@type":"BreadcrumbList","@id":"https:\/\/alchemy-asia.com\/vi\/san-pham\/fever-tree-elderflower-tonic-water\/#breadcrumb","itemListElement":[{"@type":"ListItem","position":1,"name":"Home","item":"https:\/\/alchemy-asia.com\/vi\/"},{"@type":"ListItem","position":2,"name":"Fever-Tree Elderflower Tonic Water"}]},{"@type":"WebSite","@id":"https:\/\/alchemy-asia.com\/vi\/#website","url":"https:\/\/alchemy-asia.com\/vi\/","name":"Alchemy Asia","description":"Just another Alchemy Asia Sites site","potentialAction":[{"@type":"SearchAction","target":{"@type":"EntryPoint","urlTemplate":"https:\/\/alchemy-asia.com\/vi\/?s={search_term_string}"},"query-input":"required name=search_term_string"}],"inLanguage":"vi"}]}},"_links":{"self":[{"href":"https:\/\/alchemy-asia.com\/vi\/wp-json\/wp\/v2\/product\/8560","targetHints":{"allow":["GET"]}}],"collection":[{"href":"https:\/\/alchemy-asia.com\/vi\/wp-json\/wp\/v2\/product"}],"about":[{"href":"https:\/\/alchemy-asia.com\/vi\/wp-json\/wp\/v2\/types\/product"}],"replies":[{"embeddable":true,"href":"https:\/\/alchemy-asia.com\/vi\/wp-json\/wp\/v2\/comments?post=8560"}],"wp:featuredmedia":[{"embeddable":true,"href":"https:\/\/alchemy-asia.com\/vi\/wp-json\/wp\/v2\/media\/8790"}],"wp:attachment":[{"href":"https:\/\/alchemy-asia.com\/vi\/wp-json\/wp\/v2\/media?parent=8560"}],"wp:term":[{"taxonomy":"product_cat","embeddable":true,"href":"https:\/\/alchemy-asia.com\/vi\/wp-json\/wp\/v2\/product_cat?post=8560"},{"taxonomy":"product_tag","embeddable":true,"href":"https:\/\/alchemy-asia.com\/vi\/wp-json\/wp\/v2\/product_tag?post=8560"}],"curies":[{"name":"wp","href":"https:\/\/api.w.org\/{rel}","templated":true}]}}