{"id":8564,"date":"2024-09-10T08:31:24","date_gmt":"2024-09-10T08:31:24","guid":{"rendered":"https:\/\/alchemy-asia.com\/vi\/?post_type=product&#038;p=8564"},"modified":"2024-09-10T08:31:25","modified_gmt":"2024-09-10T08:31:25","slug":"four-pillars-christmas-2022-edition","status":"publish","type":"product","link":"https:\/\/alchemy-asia.com\/vi\/san-pham\/four-pillars-christmas-2022-edition\/","title":{"rendered":"Four Pillars Christmas 2022 Edition"},"content":{"rendered":"","protected":false},"excerpt":{"rendered":"<p><span data-sheets-root=\"1\" data-sheets-value=\"{&quot;1&quot;:2,&quot;2&quot;:&quot;Phi\u00ean b\u1ea3n Four Pillars Christmas 2022 c\u00f3 m\u00f9i c\u1ee7a r\u01b0\u1ee3u Gin v\u00e0 v\u1ecb c\u1ee7a Gi\u00e1ng Sinh. C\u00f3 th\u1ec3 th\u01b0\u1edfng th\u1ee9c tr\u1ef1c ti\u1ebfp v\u1edbi \u0111\u00e1, pha \u0111\u01a1n gi\u1ea3n v\u1edbi ginger ale ho\u1eb7c \u0111\u1ec3 pha n\u00ean m\u1ed9t ly Martinez xu\u1ea5t s\u1eafc.\\r\\nT\u00e1c ph\u1ea9m ngh\u1ec7 thu\u1eadt c\u1ee7a Four Pillars n\u0103m 2022 \u0111\u01b0\u1ee3c th\u1ef1c hi\u1ec7n b\u1edfi h\u1ecda s\u0129 t\u00e0i n\u0103ng Jane Reynolds. N\u1ed5i ti\u1ebfng v\u1edbi s\u1ef1 t\u1eadp trung v\u00e0o s\u1ef1 giao thoa c\u1ee7a m\u00e0u s\u1eafc, h\u00ecnh th\u1ee9c v\u00e0 \u00e1nh s\u00e1ng, Jane \u0111\u00e3 \u0111\u01b0\u1ee3c \u0111\u1ed9i ng\u0169 Four Pillars th\u1eed th\u00e1ch \u0111\u1ec3 t\u1ea1o ra m\u1ed9t t\u00e1c ph\u1ea9m si\u00eau th\u1ef1c t\u00f4n vinh m\u00e0u s\u1eafc v\u00e0 bi\u1ec3u t\u01b0\u1ee3ng c\u1ee7a Gi\u00e1ng Sinh. \u0110\u00e1p l\u1ea1i s\u1ef1 th\u1eed th\u00e1ch c\u1ee7a \u0111\u1ed9i ng\u0169 l\u00e0 m\u1ed9t khung c\u1ea3nh Gi\u00e1ng Sinh tr\u1eebu t\u01b0\u1ee3ng v\u00e0 \u0111\u1eb9p \u0111\u1ebfn cho\u00e1ng ng\u1ee3p v\u1edbi c\u00e1c m\u00f3n qu\u00e0 \u0111\u01b0\u1ee3c s\u1eafp x\u1ebfp nh\u01b0 m\u1ed9t c\u00e2y th\u00f4ng.\\r&quot;}\" data-sheets-userformat=\"{&quot;2&quot;:1057791,&quot;3&quot;:{&quot;1&quot;:0},&quot;4&quot;:{&quot;1&quot;:2,&quot;2&quot;:16776960},&quot;5&quot;:{&quot;1&quot;:[{&quot;1&quot;:2,&quot;2&quot;:0,&quot;5&quot;:{&quot;1&quot;:2,&quot;2&quot;:0}},{&quot;1&quot;:0,&quot;2&quot;:0,&quot;3&quot;:3},{&quot;1&quot;:1,&quot;2&quot;:0,&quot;4&quot;:1}]},&quot;6&quot;:{&quot;1&quot;:[{&quot;1&quot;:2,&quot;2&quot;:0,&quot;5&quot;:{&quot;1&quot;:2,&quot;2&quot;:0}},{&quot;1&quot;:0,&quot;2&quot;:0,&quot;3&quot;:3},{&quot;1&quot;:1,&quot;2&quot;:0,&quot;4&quot;:1}]},&quot;7&quot;:{&quot;1&quot;:[{&quot;1&quot;:2,&quot;2&quot;:0,&quot;5&quot;:{&quot;1&quot;:2,&quot;2&quot;:0}},{&quot;1&quot;:0,&quot;2&quot;:0,&quot;3&quot;:3},{&quot;1&quot;:1,&quot;2&quot;:0,&quot;4&quot;:1}]},&quot;8&quot;:{&quot;1&quot;:[{&quot;1&quot;:2,&quot;2&quot;:0,&quot;5&quot;:{&quot;1&quot;:2,&quot;2&quot;:0}},{&quot;1&quot;:0,&quot;2&quot;:0,&quot;3&quot;:3},{&quot;1&quot;:1,&quot;2&quot;:0,&quot;4&quot;:1}]},&quot;9&quot;:0,&quot;10&quot;:1,&quot;11&quot;:4,&quot;12&quot;:0,&quot;16&quot;:12,&quot;23&quot;:1}\">Phi\u00ean b\u1ea3n Four Pillars Christmas 2022 c\u00f3 m\u00f9i c\u1ee7a r\u01b0\u1ee3u Gin v\u00e0 v\u1ecb c\u1ee7a Gi\u00e1ng Sinh. C\u00f3 th\u1ec3 th\u01b0\u1edfng th\u1ee9c tr\u1ef1c ti\u1ebfp v\u1edbi \u0111\u00e1, pha \u0111\u01a1n gi\u1ea3n v\u1edbi ginger ale ho\u1eb7c \u0111\u1ec3 pha n\u00ean m\u1ed9t ly Martinez xu\u1ea5t s\u1eafc.<br \/>\nT\u00e1c ph\u1ea9m ngh\u1ec7 thu\u1eadt c\u1ee7a Four Pillars n\u0103m 2022 \u0111\u01b0\u1ee3c th\u1ef1c hi\u1ec7n b\u1edfi h\u1ecda s\u0129 t\u00e0i n\u0103ng Jane Reynolds. N\u1ed5i ti\u1ebfng v\u1edbi s\u1ef1 t\u1eadp trung v\u00e0o s\u1ef1 giao thoa c\u1ee7a m\u00e0u s\u1eafc, h\u00ecnh th\u1ee9c v\u00e0 \u00e1nh s\u00e1ng, Jane \u0111\u00e3 \u0111\u01b0\u1ee3c \u0111\u1ed9i ng\u0169 Four Pillars th\u1eed th\u00e1ch \u0111\u1ec3 t\u1ea1o ra m\u1ed9t t\u00e1c ph\u1ea9m si\u00eau th\u1ef1c t\u00f4n vinh m\u00e0u s\u1eafc v\u00e0 bi\u1ec3u t\u01b0\u1ee3ng c\u1ee7a Gi\u00e1ng Sinh. \u0110\u00e1p l\u1ea1i s\u1ef1 th\u1eed th\u00e1ch c\u1ee7a \u0111\u1ed9i ng\u0169 l\u00e0 m\u1ed9t khung c\u1ea3nh Gi\u00e1ng Sinh tr\u1eebu t\u01b0\u1ee3ng v\u00e0 \u0111\u1eb9p \u0111\u1ebfn cho\u00e1ng ng\u1ee3p v\u1edbi c\u00e1c m\u00f3n qu\u00e0 \u0111\u01b0\u1ee3c s\u1eafp x\u1ebfp nh\u01b0 m\u1ed9t c\u00e2y th\u00f4ng. <\/span><\/p>\n","protected":false},"featured_media":8567,"comment_status":"open","ping_status":"closed","template":"","meta":{"_acf_changed":false},"product_cat":[52],"product_tag":[],"class_list":{"0":"post-8564","1":"product","2":"type-product","3":"status-publish","4":"has-post-thumbnail","6":"product_cat-gin","7":"brand-four-pillars","9":"first","10":"instock","11":"shipping-taxable","12":"product-type-simple"},"acf":[],"yoast_head":"<!-- This site is optimized with the Yoast SEO plugin v23.0 - https:\/\/yoast.com\/wordpress\/plugins\/seo\/ -->\n<title>Four Pillars Christmas 2022 Edition - Alchemy Asia<\/title>\n<meta name=\"robots\" content=\"index, follow, max-snippet:-1, max-image-preview:large, max-video-preview:-1\" \/>\n<link rel=\"canonical\" href=\"https:\/\/alchemy-asia.com\/vi\/san-pham\/four-pillars-christmas-2022-edition\/\" \/>\n<meta property=\"og:locale\" content=\"vi_VN\" \/>\n<meta property=\"og:type\" content=\"article\" \/>\n<meta property=\"og:title\" content=\"Four Pillars Christmas 2022 Edition - Alchemy Asia\" \/>\n<meta property=\"og:description\" content=\"Phi\u00ean b\u1ea3n Four Pillars Christmas 2022 c\u00f3 m\u00f9i c\u1ee7a r\u01b0\u1ee3u Gin v\u00e0 v\u1ecb c\u1ee7a Gi\u00e1ng Sinh. C\u00f3 th\u1ec3 th\u01b0\u1edfng th\u1ee9c tr\u1ef1c ti\u1ebfp v\u1edbi \u0111\u00e1, pha \u0111\u01a1n gi\u1ea3n v\u1edbi ginger ale ho\u1eb7c \u0111\u1ec3 pha n\u00ean m\u1ed9t ly Martinez xu\u1ea5t s\u1eafc. T\u00e1c ph\u1ea9m ngh\u1ec7 thu\u1eadt c\u1ee7a Four Pillars n\u0103m 2022 \u0111\u01b0\u1ee3c th\u1ef1c hi\u1ec7n b\u1edfi h\u1ecda s\u0129 t\u00e0i n\u0103ng Jane Reynolds. N\u1ed5i ti\u1ebfng v\u1edbi s\u1ef1 t\u1eadp trung v\u00e0o s\u1ef1 giao thoa c\u1ee7a m\u00e0u s\u1eafc, h\u00ecnh th\u1ee9c v\u00e0 \u00e1nh s\u00e1ng, Jane \u0111\u00e3 \u0111\u01b0\u1ee3c \u0111\u1ed9i ng\u0169 Four Pillars th\u1eed th\u00e1ch \u0111\u1ec3 t\u1ea1o ra m\u1ed9t t\u00e1c ph\u1ea9m si\u00eau th\u1ef1c t\u00f4n vinh m\u00e0u s\u1eafc v\u00e0 bi\u1ec3u t\u01b0\u1ee3ng c\u1ee7a Gi\u00e1ng Sinh. \u0110\u00e1p l\u1ea1i s\u1ef1 th\u1eed th\u00e1ch c\u1ee7a \u0111\u1ed9i ng\u0169 l\u00e0 m\u1ed9t khung c\u1ea3nh Gi\u00e1ng Sinh tr\u1eebu t\u01b0\u1ee3ng v\u00e0 \u0111\u1eb9p \u0111\u1ebfn cho\u00e1ng ng\u1ee3p v\u1edbi c\u00e1c m\u00f3n qu\u00e0 \u0111\u01b0\u1ee3c s\u1eafp x\u1ebfp nh\u01b0 m\u1ed9t c\u00e2y th\u00f4ng.\" \/>\n<meta property=\"og:url\" content=\"https:\/\/alchemy-asia.com\/vi\/san-pham\/four-pillars-christmas-2022-edition\/\" \/>\n<meta property=\"og:site_name\" content=\"Alchemy Asia\" \/>\n<meta property=\"article:modified_time\" content=\"2024-09-10T08:31:25+00:00\" \/>\n<meta property=\"og:image\" content=\"https:\/\/alchemy-asia.com\/vi\/wp-content\/uploads\/sites\/3\/2024\/07\/Four-Pillars-Gin-Christmas-2022.png\" \/>\n\t<meta property=\"og:image:width\" content=\"2100\" \/>\n\t<meta property=\"og:image:height\" content=\"2100\" \/>\n\t<meta property=\"og:image:type\" content=\"image\/png\" \/>\n<meta name=\"twitter:card\" content=\"summary_large_image\" \/>\n<meta name=\"twitter:label1\" content=\"\u01af\u1edbc t\u00ednh th\u1eddi gian \u0111\u1ecdc\" \/>\n\t<meta name=\"twitter:data1\" content=\"1 ph\u00fat\" \/>\n<script type=\"application\/ld+json\" class=\"yoast-schema-graph\">{\"@context\":\"https:\/\/schema.org\",\"@graph\":[{\"@type\":\"WebPage\",\"@id\":\"https:\/\/alchemy-asia.com\/vi\/san-pham\/four-pillars-christmas-2022-edition\/\",\"url\":\"https:\/\/alchemy-asia.com\/vi\/san-pham\/four-pillars-christmas-2022-edition\/\",\"name\":\"Four Pillars Christmas 2022 Edition - Alchemy Asia\",\"isPartOf\":{\"@id\":\"https:\/\/alchemy-asia.com\/vi\/#website\"},\"primaryImageOfPage\":{\"@id\":\"https:\/\/alchemy-asia.com\/vi\/san-pham\/four-pillars-christmas-2022-edition\/#primaryimage\"},\"image\":{\"@id\":\"https:\/\/alchemy-asia.com\/vi\/san-pham\/four-pillars-christmas-2022-edition\/#primaryimage\"},\"thumbnailUrl\":\"https:\/\/alchemy-asia.com\/vi\/wp-content\/uploads\/sites\/3\/2024\/07\/Four-Pillars-Gin-Christmas-2022.png\",\"datePublished\":\"2024-09-10T08:31:24+00:00\",\"dateModified\":\"2024-09-10T08:31:25+00:00\",\"breadcrumb\":{\"@id\":\"https:\/\/alchemy-asia.com\/vi\/san-pham\/four-pillars-christmas-2022-edition\/#breadcrumb\"},\"inLanguage\":\"vi\",\"potentialAction\":[{\"@type\":\"ReadAction\",\"target\":[\"https:\/\/alchemy-asia.com\/vi\/san-pham\/four-pillars-christmas-2022-edition\/\"]}]},{\"@type\":\"ImageObject\",\"inLanguage\":\"vi\",\"@id\":\"https:\/\/alchemy-asia.com\/vi\/san-pham\/four-pillars-christmas-2022-edition\/#primaryimage\",\"url\":\"https:\/\/alchemy-asia.com\/vi\/wp-content\/uploads\/sites\/3\/2024\/07\/Four-Pillars-Gin-Christmas-2022.png\",\"contentUrl\":\"https:\/\/alchemy-asia.com\/vi\/wp-content\/uploads\/sites\/3\/2024\/07\/Four-Pillars-Gin-Christmas-2022.png\",\"width\":2100,\"height\":2100,\"caption\":\"Four Pillars Gin Christmas 2022\"},{\"@type\":\"BreadcrumbList\",\"@id\":\"https:\/\/alchemy-asia.com\/vi\/san-pham\/four-pillars-christmas-2022-edition\/#breadcrumb\",\"itemListElement\":[{\"@type\":\"ListItem\",\"position\":1,\"name\":\"Home\",\"item\":\"https:\/\/alchemy-asia.com\/vi\/\"},{\"@type\":\"ListItem\",\"position\":2,\"name\":\"Four Pillars Christmas 2022 Edition\"}]},{\"@type\":\"WebSite\",\"@id\":\"https:\/\/alchemy-asia.com\/vi\/#website\",\"url\":\"https:\/\/alchemy-asia.com\/vi\/\",\"name\":\"Alchemy Asia\",\"description\":\"Just another Alchemy Asia Sites site\",\"potentialAction\":[{\"@type\":\"SearchAction\",\"target\":{\"@type\":\"EntryPoint\",\"urlTemplate\":\"https:\/\/alchemy-asia.com\/vi\/?s={search_term_string}\"},\"query-input\":\"required name=search_term_string\"}],\"inLanguage\":\"vi\"}]}<\/script>\n<!-- \/ Yoast SEO plugin. -->","yoast_head_json":{"title":"Four Pillars Christmas 2022 Edition - Alchemy Asia","robots":{"index":"index","follow":"follow","max-snippet":"max-snippet:-1","max-image-preview":"max-image-preview:large","max-video-preview":"max-video-preview:-1"},"canonical":"https:\/\/alchemy-asia.com\/vi\/san-pham\/four-pillars-christmas-2022-edition\/","og_locale":"vi_VN","og_type":"article","og_title":"Four Pillars Christmas 2022 Edition - Alchemy Asia","og_description":"Phi\u00ean b\u1ea3n Four Pillars Christmas 2022 c\u00f3 m\u00f9i c\u1ee7a r\u01b0\u1ee3u Gin v\u00e0 v\u1ecb c\u1ee7a Gi\u00e1ng Sinh. C\u00f3 th\u1ec3 th\u01b0\u1edfng th\u1ee9c tr\u1ef1c ti\u1ebfp v\u1edbi \u0111\u00e1, pha \u0111\u01a1n gi\u1ea3n v\u1edbi ginger ale ho\u1eb7c \u0111\u1ec3 pha n\u00ean m\u1ed9t ly Martinez xu\u1ea5t s\u1eafc. T\u00e1c ph\u1ea9m ngh\u1ec7 thu\u1eadt c\u1ee7a Four Pillars n\u0103m 2022 \u0111\u01b0\u1ee3c th\u1ef1c hi\u1ec7n b\u1edfi h\u1ecda s\u0129 t\u00e0i n\u0103ng Jane Reynolds. N\u1ed5i ti\u1ebfng v\u1edbi s\u1ef1 t\u1eadp trung v\u00e0o s\u1ef1 giao thoa c\u1ee7a m\u00e0u s\u1eafc, h\u00ecnh th\u1ee9c v\u00e0 \u00e1nh s\u00e1ng, Jane \u0111\u00e3 \u0111\u01b0\u1ee3c \u0111\u1ed9i ng\u0169 Four Pillars th\u1eed th\u00e1ch \u0111\u1ec3 t\u1ea1o ra m\u1ed9t t\u00e1c ph\u1ea9m si\u00eau th\u1ef1c t\u00f4n vinh m\u00e0u s\u1eafc v\u00e0 bi\u1ec3u t\u01b0\u1ee3ng c\u1ee7a Gi\u00e1ng Sinh. \u0110\u00e1p l\u1ea1i s\u1ef1 th\u1eed th\u00e1ch c\u1ee7a \u0111\u1ed9i ng\u0169 l\u00e0 m\u1ed9t khung c\u1ea3nh Gi\u00e1ng Sinh tr\u1eebu t\u01b0\u1ee3ng v\u00e0 \u0111\u1eb9p \u0111\u1ebfn cho\u00e1ng ng\u1ee3p v\u1edbi c\u00e1c m\u00f3n qu\u00e0 \u0111\u01b0\u1ee3c s\u1eafp x\u1ebfp nh\u01b0 m\u1ed9t c\u00e2y th\u00f4ng.","og_url":"https:\/\/alchemy-asia.com\/vi\/san-pham\/four-pillars-christmas-2022-edition\/","og_site_name":"Alchemy Asia","article_modified_time":"2024-09-10T08:31:25+00:00","og_image":[{"width":2100,"height":2100,"url":"https:\/\/alchemy-asia.com\/vi\/wp-content\/uploads\/sites\/3\/2024\/07\/Four-Pillars-Gin-Christmas-2022.png","type":"image\/png"}],"twitter_card":"summary_large_image","twitter_misc":{"\u01af\u1edbc t\u00ednh th\u1eddi gian \u0111\u1ecdc":"1 ph\u00fat"},"schema":{"@context":"https:\/\/schema.org","@graph":[{"@type":"WebPage","@id":"https:\/\/alchemy-asia.com\/vi\/san-pham\/four-pillars-christmas-2022-edition\/","url":"https:\/\/alchemy-asia.com\/vi\/san-pham\/four-pillars-christmas-2022-edition\/","name":"Four Pillars Christmas 2022 Edition - Alchemy Asia","isPartOf":{"@id":"https:\/\/alchemy-asia.com\/vi\/#website"},"primaryImageOfPage":{"@id":"https:\/\/alchemy-asia.com\/vi\/san-pham\/four-pillars-christmas-2022-edition\/#primaryimage"},"image":{"@id":"https:\/\/alchemy-asia.com\/vi\/san-pham\/four-pillars-christmas-2022-edition\/#primaryimage"},"thumbnailUrl":"https:\/\/alchemy-asia.com\/vi\/wp-content\/uploads\/sites\/3\/2024\/07\/Four-Pillars-Gin-Christmas-2022.png","datePublished":"2024-09-10T08:31:24+00:00","dateModified":"2024-09-10T08:31:25+00:00","breadcrumb":{"@id":"https:\/\/alchemy-asia.com\/vi\/san-pham\/four-pillars-christmas-2022-edition\/#breadcrumb"},"inLanguage":"vi","potentialAction":[{"@type":"ReadAction","target":["https:\/\/alchemy-asia.com\/vi\/san-pham\/four-pillars-christmas-2022-edition\/"]}]},{"@type":"ImageObject","inLanguage":"vi","@id":"https:\/\/alchemy-asia.com\/vi\/san-pham\/four-pillars-christmas-2022-edition\/#primaryimage","url":"https:\/\/alchemy-asia.com\/vi\/wp-content\/uploads\/sites\/3\/2024\/07\/Four-Pillars-Gin-Christmas-2022.png","contentUrl":"https:\/\/alchemy-asia.com\/vi\/wp-content\/uploads\/sites\/3\/2024\/07\/Four-Pillars-Gin-Christmas-2022.png","width":2100,"height":2100,"caption":"Four Pillars Gin Christmas 2022"},{"@type":"BreadcrumbList","@id":"https:\/\/alchemy-asia.com\/vi\/san-pham\/four-pillars-christmas-2022-edition\/#breadcrumb","itemListElement":[{"@type":"ListItem","position":1,"name":"Home","item":"https:\/\/alchemy-asia.com\/vi\/"},{"@type":"ListItem","position":2,"name":"Four Pillars Christmas 2022 Edition"}]},{"@type":"WebSite","@id":"https:\/\/alchemy-asia.com\/vi\/#website","url":"https:\/\/alchemy-asia.com\/vi\/","name":"Alchemy Asia","description":"Just another Alchemy Asia Sites site","potentialAction":[{"@type":"SearchAction","target":{"@type":"EntryPoint","urlTemplate":"https:\/\/alchemy-asia.com\/vi\/?s={search_term_string}"},"query-input":"required name=search_term_string"}],"inLanguage":"vi"}]}},"_links":{"self":[{"href":"https:\/\/alchemy-asia.com\/vi\/wp-json\/wp\/v2\/product\/8564","targetHints":{"allow":["GET"]}}],"collection":[{"href":"https:\/\/alchemy-asia.com\/vi\/wp-json\/wp\/v2\/product"}],"about":[{"href":"https:\/\/alchemy-asia.com\/vi\/wp-json\/wp\/v2\/types\/product"}],"replies":[{"embeddable":true,"href":"https:\/\/alchemy-asia.com\/vi\/wp-json\/wp\/v2\/comments?post=8564"}],"wp:featuredmedia":[{"embeddable":true,"href":"https:\/\/alchemy-asia.com\/vi\/wp-json\/wp\/v2\/media\/8567"}],"wp:attachment":[{"href":"https:\/\/alchemy-asia.com\/vi\/wp-json\/wp\/v2\/media?parent=8564"}],"wp:term":[{"taxonomy":"product_cat","embeddable":true,"href":"https:\/\/alchemy-asia.com\/vi\/wp-json\/wp\/v2\/product_cat?post=8564"},{"taxonomy":"product_tag","embeddable":true,"href":"https:\/\/alchemy-asia.com\/vi\/wp-json\/wp\/v2\/product_tag?post=8564"}],"curies":[{"name":"wp","href":"https:\/\/api.w.org\/{rel}","templated":true}]}}