{"id":8568,"date":"2024-09-10T08:31:23","date_gmt":"2024-09-10T08:31:23","guid":{"rendered":"https:\/\/alchemy-asia.com\/vi\/?post_type=product&#038;p=8568"},"modified":"2024-09-10T08:31:23","modified_gmt":"2024-09-10T08:31:23","slug":"four-pillars-fresh-yuzu","status":"publish","type":"product","link":"https:\/\/alchemy-asia.com\/vi\/san-pham\/four-pillars-fresh-yuzu\/","title":{"rendered":"Four Pillars Fresh Yuzu"},"content":{"rendered":"","protected":false},"excerpt":{"rendered":"<p><span data-sheets-root=\"1\" data-sheets-value=\"{&quot;1&quot;:2,&quot;2&quot;:&quot;C\u00f3 ngu\u1ed3n g\u1ed1c t\u1eeb Trung Qu\u1ed1c, T\u00e2y T\u1ea1ng v\u00e0 Nh\u1eadt B\u1ea3n, qu\u1ea3 yuzu l\u00e0 m\u1ed9t lo\u1ea1i tr\u00e1i c\u00e2y h\u1ecd cam qu\u00fdt c\u00f3 m\u00f9i th\u01a1m tuy\u1ec7t v\u1eddi, k\u1ebft h\u1ee3p gi\u1eefa chanh, qu\u00fdt, qu\u1ea5t (t\u1eafc) v\u00e0 b\u01b0\u1edfi - t\u1ea5t c\u1ea3 \u0111\u1ec1u l\u00e0 nh\u1eefng h\u01b0\u01a1ng cam chanh thanh m\u00e1t, t\u01b0\u01a1i m\u1edbi - trong khi vi\u1ec7c th\u00eam chanh ng\u00f3n tay l\u1ea1i mang \u0111\u1ebfn m\u1ed9t s\u1ef1 \u0111\u1eadm \u0111\u00e0 h\u01a1n cho t\u00f4ng m\u00f9i cam chanh.\\r\\n \\r\\nH\u1ecdc h\u1ecfi t\u1eeb nh\u1eefng cu\u1ed9c phi\u00eau l\u01b0u l\u00e0m gin v\u1edbi nh\u1eefng ng\u01b0\u1eddi b\u1ea1n Nh\u1eadt B\u1ea3n, ch\u00fang t\u00f4i \u0111\u00e3 s\u1eed d\u1ee5ng g\u1eebng, ngh\u1ec7 v\u00e0 tr\u00e0 Sencha Genmai, m\u1ed9t lo\u1ea1i tr\u00e0 xanh Nh\u1eadt B\u1ea3n v\u1edbi g\u1ea1o l\u1ee9t rang, \u0111\u1ec3 t\u1ea1o \u0111\u1ed9 s\u00e2u cho h\u01b0\u01a1ng v\u1ecb. M\u1ed9t b\u1ee9c n\u1ec1n c\u1ee7a qu\u1ea3 b\u00e1ch x\u00f9, th\u00f4ng v\u00e0 m\u1ed9t ch\u00fat chanh myrtle th\u00eam v\u00e0o m\u1ed9t l\u1edbp x\u1ed1t b\u01a1 chanh.\\r\\n\\r\\nM\u1ed9t s\u1ed1 bi\u1ebfn t\u1ea5u t\u1eeb nh\u1eefng d\u00f2ng cocktail c\u1ed5 \u0111i\u1ec3n:\\r\\n1.\\tYuzu Highball. \\r\\n2.\\tYuzu Gin Fizz. \\r\\n3.\\tYuzu Drop Martini. \\r\\n4.\\tCOSMOPOLI-GIN.\\r&quot;}\" data-sheets-userformat=\"{&quot;2&quot;:1057791,&quot;3&quot;:{&quot;1&quot;:0},&quot;4&quot;:{&quot;1&quot;:2,&quot;2&quot;:16776960},&quot;5&quot;:{&quot;1&quot;:[{&quot;1&quot;:2,&quot;2&quot;:0,&quot;5&quot;:{&quot;1&quot;:2,&quot;2&quot;:0}},{&quot;1&quot;:0,&quot;2&quot;:0,&quot;3&quot;:3},{&quot;1&quot;:1,&quot;2&quot;:0,&quot;4&quot;:1}]},&quot;6&quot;:{&quot;1&quot;:[{&quot;1&quot;:2,&quot;2&quot;:0,&quot;5&quot;:{&quot;1&quot;:2,&quot;2&quot;:0}},{&quot;1&quot;:0,&quot;2&quot;:0,&quot;3&quot;:3},{&quot;1&quot;:1,&quot;2&quot;:0,&quot;4&quot;:1}]},&quot;7&quot;:{&quot;1&quot;:[{&quot;1&quot;:2,&quot;2&quot;:0,&quot;5&quot;:{&quot;1&quot;:2,&quot;2&quot;:0}},{&quot;1&quot;:0,&quot;2&quot;:0,&quot;3&quot;:3},{&quot;1&quot;:1,&quot;2&quot;:0,&quot;4&quot;:1}]},&quot;8&quot;:{&quot;1&quot;:[{&quot;1&quot;:2,&quot;2&quot;:0,&quot;5&quot;:{&quot;1&quot;:2,&quot;2&quot;:0}},{&quot;1&quot;:0,&quot;2&quot;:0,&quot;3&quot;:3},{&quot;1&quot;:1,&quot;2&quot;:0,&quot;4&quot;:1}]},&quot;9&quot;:0,&quot;10&quot;:1,&quot;11&quot;:4,&quot;12&quot;:0,&quot;16&quot;:12,&quot;23&quot;:1}\">C\u00f3 ngu\u1ed3n g\u1ed1c t\u1eeb Trung Qu\u1ed1c, T\u00e2y T\u1ea1ng v\u00e0 Nh\u1eadt B\u1ea3n, qu\u1ea3 yuzu l\u00e0 m\u1ed9t lo\u1ea1i tr\u00e1i c\u00e2y h\u1ecd cam qu\u00fdt c\u00f3 m\u00f9i th\u01a1m tuy\u1ec7t v\u1eddi, k\u1ebft h\u1ee3p gi\u1eefa chanh, qu\u00fdt, qu\u1ea5t (t\u1eafc) v\u00e0 b\u01b0\u1edfi &#8211; t\u1ea5t c\u1ea3 \u0111\u1ec1u l\u00e0 nh\u1eefng h\u01b0\u01a1ng cam chanh thanh m\u00e1t, t\u01b0\u01a1i m\u1edbi &#8211; trong khi vi\u1ec7c th\u00eam chanh ng\u00f3n tay l\u1ea1i mang \u0111\u1ebfn m\u1ed9t s\u1ef1 \u0111\u1eadm \u0111\u00e0 h\u01a1n cho t\u00f4ng m\u00f9i cam chanh.<\/span><\/p>\n<p>H\u1ecdc h\u1ecfi t\u1eeb nh\u1eefng cu\u1ed9c phi\u00eau l\u01b0u l\u00e0m gin v\u1edbi nh\u1eefng ng\u01b0\u1eddi b\u1ea1n Nh\u1eadt B\u1ea3n, ch\u00fang t\u00f4i \u0111\u00e3 s\u1eed d\u1ee5ng g\u1eebng, ngh\u1ec7 v\u00e0 tr\u00e0 Sencha Genmai, m\u1ed9t lo\u1ea1i tr\u00e0 xanh Nh\u1eadt B\u1ea3n v\u1edbi g\u1ea1o l\u1ee9t rang, \u0111\u1ec3 t\u1ea1o \u0111\u1ed9 s\u00e2u cho h\u01b0\u01a1ng v\u1ecb. M\u1ed9t b\u1ee9c n\u1ec1n c\u1ee7a qu\u1ea3 b\u00e1ch x\u00f9, th\u00f4ng v\u00e0 m\u1ed9t ch\u00fat chanh myrtle th\u00eam v\u00e0o m\u1ed9t l\u1edbp x\u1ed1t b\u01a1 chanh.<\/p>\n<p>M\u1ed9t s\u1ed1 bi\u1ebfn t\u1ea5u t\u1eeb nh\u1eefng d\u00f2ng cocktail c\u1ed5 \u0111i\u1ec3n:<br \/>\n1. Yuzu Highball.<br \/>\n2. Yuzu Gin Fizz.<br \/>\n3. Yuzu Drop Martini.<br \/>\n4. COSMOPOLI-GIN.<\/p>\n","protected":false},"featured_media":8569,"comment_status":"open","ping_status":"closed","template":"","meta":{"_acf_changed":false},"product_cat":[52],"product_tag":[],"class_list":{"0":"post-8568","1":"product","2":"type-product","3":"status-publish","4":"has-post-thumbnail","6":"product_cat-gin","7":"brand-four-pillars","9":"first","10":"instock","11":"shipping-taxable","12":"product-type-simple"},"acf":[],"yoast_head":"<!-- This site is optimized with the Yoast SEO plugin v23.0 - https:\/\/yoast.com\/wordpress\/plugins\/seo\/ -->\n<title>Four Pillars Fresh Yuzu - Alchemy Asia<\/title>\n<meta name=\"robots\" content=\"index, follow, max-snippet:-1, max-image-preview:large, max-video-preview:-1\" \/>\n<link rel=\"canonical\" href=\"https:\/\/alchemy-asia.com\/vi\/san-pham\/four-pillars-fresh-yuzu\/\" \/>\n<meta property=\"og:locale\" content=\"vi_VN\" \/>\n<meta property=\"og:type\" content=\"article\" \/>\n<meta property=\"og:title\" content=\"Four Pillars Fresh Yuzu - Alchemy Asia\" \/>\n<meta property=\"og:description\" content=\"C\u00f3 ngu\u1ed3n g\u1ed1c t\u1eeb Trung Qu\u1ed1c, T\u00e2y T\u1ea1ng v\u00e0 Nh\u1eadt B\u1ea3n, qu\u1ea3 yuzu l\u00e0 m\u1ed9t lo\u1ea1i tr\u00e1i c\u00e2y h\u1ecd cam qu\u00fdt c\u00f3 m\u00f9i th\u01a1m tuy\u1ec7t v\u1eddi, k\u1ebft h\u1ee3p gi\u1eefa chanh, qu\u00fdt, qu\u1ea5t (t\u1eafc) v\u00e0 b\u01b0\u1edfi - t\u1ea5t c\u1ea3 \u0111\u1ec1u l\u00e0 nh\u1eefng h\u01b0\u01a1ng cam chanh thanh m\u00e1t, t\u01b0\u01a1i m\u1edbi - trong khi vi\u1ec7c th\u00eam chanh ng\u00f3n tay l\u1ea1i mang \u0111\u1ebfn m\u1ed9t s\u1ef1 \u0111\u1eadm \u0111\u00e0 h\u01a1n cho t\u00f4ng m\u00f9i cam chanh.  H\u1ecdc h\u1ecfi t\u1eeb nh\u1eefng cu\u1ed9c phi\u00eau l\u01b0u l\u00e0m gin v\u1edbi nh\u1eefng ng\u01b0\u1eddi b\u1ea1n Nh\u1eadt B\u1ea3n, ch\u00fang t\u00f4i \u0111\u00e3 s\u1eed d\u1ee5ng g\u1eebng, ngh\u1ec7 v\u00e0 tr\u00e0 Sencha Genmai, m\u1ed9t lo\u1ea1i tr\u00e0 xanh Nh\u1eadt B\u1ea3n v\u1edbi g\u1ea1o l\u1ee9t rang, \u0111\u1ec3 t\u1ea1o \u0111\u1ed9 s\u00e2u cho h\u01b0\u01a1ng v\u1ecb. M\u1ed9t b\u1ee9c n\u1ec1n c\u1ee7a qu\u1ea3 b\u00e1ch x\u00f9, th\u00f4ng v\u00e0 m\u1ed9t ch\u00fat chanh myrtle th\u00eam v\u00e0o m\u1ed9t l\u1edbp x\u1ed1t b\u01a1 chanh.  M\u1ed9t s\u1ed1 bi\u1ebfn t\u1ea5u t\u1eeb nh\u1eefng d\u00f2ng cocktail c\u1ed5 \u0111i\u1ec3n: 1. Yuzu Highball. 2. Yuzu Gin Fizz. 3. Yuzu Drop Martini. 4. COSMOPOLI-GIN.\" \/>\n<meta property=\"og:url\" content=\"https:\/\/alchemy-asia.com\/vi\/san-pham\/four-pillars-fresh-yuzu\/\" \/>\n<meta property=\"og:site_name\" content=\"Alchemy Asia\" \/>\n<meta property=\"og:image\" content=\"https:\/\/alchemy-asia.com\/vi\/wp-content\/uploads\/sites\/3\/2024\/07\/Four-Pillars-Gin-Yuzu-1024x1024.png\" \/>\n\t<meta property=\"og:image:width\" content=\"1024\" \/>\n\t<meta property=\"og:image:height\" content=\"1024\" \/>\n\t<meta property=\"og:image:type\" content=\"image\/png\" \/>\n<meta name=\"twitter:card\" content=\"summary_large_image\" \/>\n<meta name=\"twitter:label1\" content=\"\u01af\u1edbc t\u00ednh th\u1eddi gian \u0111\u1ecdc\" \/>\n\t<meta name=\"twitter:data1\" content=\"1 ph\u00fat\" \/>\n<script type=\"application\/ld+json\" class=\"yoast-schema-graph\">{\"@context\":\"https:\/\/schema.org\",\"@graph\":[{\"@type\":\"WebPage\",\"@id\":\"https:\/\/alchemy-asia.com\/vi\/san-pham\/four-pillars-fresh-yuzu\/\",\"url\":\"https:\/\/alchemy-asia.com\/vi\/san-pham\/four-pillars-fresh-yuzu\/\",\"name\":\"Four Pillars Fresh Yuzu - Alchemy Asia\",\"isPartOf\":{\"@id\":\"https:\/\/alchemy-asia.com\/vi\/#website\"},\"primaryImageOfPage\":{\"@id\":\"https:\/\/alchemy-asia.com\/vi\/san-pham\/four-pillars-fresh-yuzu\/#primaryimage\"},\"image\":{\"@id\":\"https:\/\/alchemy-asia.com\/vi\/san-pham\/four-pillars-fresh-yuzu\/#primaryimage\"},\"thumbnailUrl\":\"https:\/\/alchemy-asia.com\/vi\/wp-content\/uploads\/sites\/3\/2024\/07\/Four-Pillars-Gin-Yuzu.png\",\"datePublished\":\"2024-09-10T08:31:23+00:00\",\"dateModified\":\"2024-09-10T08:31:23+00:00\",\"breadcrumb\":{\"@id\":\"https:\/\/alchemy-asia.com\/vi\/san-pham\/four-pillars-fresh-yuzu\/#breadcrumb\"},\"inLanguage\":\"vi\",\"potentialAction\":[{\"@type\":\"ReadAction\",\"target\":[\"https:\/\/alchemy-asia.com\/vi\/san-pham\/four-pillars-fresh-yuzu\/\"]}]},{\"@type\":\"ImageObject\",\"inLanguage\":\"vi\",\"@id\":\"https:\/\/alchemy-asia.com\/vi\/san-pham\/four-pillars-fresh-yuzu\/#primaryimage\",\"url\":\"https:\/\/alchemy-asia.com\/vi\/wp-content\/uploads\/sites\/3\/2024\/07\/Four-Pillars-Gin-Yuzu.png\",\"contentUrl\":\"https:\/\/alchemy-asia.com\/vi\/wp-content\/uploads\/sites\/3\/2024\/07\/Four-Pillars-Gin-Yuzu.png\",\"width\":2100,\"height\":2100,\"caption\":\"Four Pillars Gin Yuzu\"},{\"@type\":\"BreadcrumbList\",\"@id\":\"https:\/\/alchemy-asia.com\/vi\/san-pham\/four-pillars-fresh-yuzu\/#breadcrumb\",\"itemListElement\":[{\"@type\":\"ListItem\",\"position\":1,\"name\":\"Home\",\"item\":\"https:\/\/alchemy-asia.com\/vi\/\"},{\"@type\":\"ListItem\",\"position\":2,\"name\":\"Four Pillars Fresh Yuzu\"}]},{\"@type\":\"WebSite\",\"@id\":\"https:\/\/alchemy-asia.com\/vi\/#website\",\"url\":\"https:\/\/alchemy-asia.com\/vi\/\",\"name\":\"Alchemy Asia\",\"description\":\"Just another Alchemy Asia Sites site\",\"potentialAction\":[{\"@type\":\"SearchAction\",\"target\":{\"@type\":\"EntryPoint\",\"urlTemplate\":\"https:\/\/alchemy-asia.com\/vi\/?s={search_term_string}\"},\"query-input\":\"required name=search_term_string\"}],\"inLanguage\":\"vi\"}]}<\/script>\n<!-- \/ Yoast SEO plugin. -->","yoast_head_json":{"title":"Four Pillars Fresh Yuzu - Alchemy Asia","robots":{"index":"index","follow":"follow","max-snippet":"max-snippet:-1","max-image-preview":"max-image-preview:large","max-video-preview":"max-video-preview:-1"},"canonical":"https:\/\/alchemy-asia.com\/vi\/san-pham\/four-pillars-fresh-yuzu\/","og_locale":"vi_VN","og_type":"article","og_title":"Four Pillars Fresh Yuzu - Alchemy Asia","og_description":"C\u00f3 ngu\u1ed3n g\u1ed1c t\u1eeb Trung Qu\u1ed1c, T\u00e2y T\u1ea1ng v\u00e0 Nh\u1eadt B\u1ea3n, qu\u1ea3 yuzu l\u00e0 m\u1ed9t lo\u1ea1i tr\u00e1i c\u00e2y h\u1ecd cam qu\u00fdt c\u00f3 m\u00f9i th\u01a1m tuy\u1ec7t v\u1eddi, k\u1ebft h\u1ee3p gi\u1eefa chanh, qu\u00fdt, qu\u1ea5t (t\u1eafc) v\u00e0 b\u01b0\u1edfi - t\u1ea5t c\u1ea3 \u0111\u1ec1u l\u00e0 nh\u1eefng h\u01b0\u01a1ng cam chanh thanh m\u00e1t, t\u01b0\u01a1i m\u1edbi - trong khi vi\u1ec7c th\u00eam chanh ng\u00f3n tay l\u1ea1i mang \u0111\u1ebfn m\u1ed9t s\u1ef1 \u0111\u1eadm \u0111\u00e0 h\u01a1n cho t\u00f4ng m\u00f9i cam chanh.  H\u1ecdc h\u1ecfi t\u1eeb nh\u1eefng cu\u1ed9c phi\u00eau l\u01b0u l\u00e0m gin v\u1edbi nh\u1eefng ng\u01b0\u1eddi b\u1ea1n Nh\u1eadt B\u1ea3n, ch\u00fang t\u00f4i \u0111\u00e3 s\u1eed d\u1ee5ng g\u1eebng, ngh\u1ec7 v\u00e0 tr\u00e0 Sencha Genmai, m\u1ed9t lo\u1ea1i tr\u00e0 xanh Nh\u1eadt B\u1ea3n v\u1edbi g\u1ea1o l\u1ee9t rang, \u0111\u1ec3 t\u1ea1o \u0111\u1ed9 s\u00e2u cho h\u01b0\u01a1ng v\u1ecb. M\u1ed9t b\u1ee9c n\u1ec1n c\u1ee7a qu\u1ea3 b\u00e1ch x\u00f9, th\u00f4ng v\u00e0 m\u1ed9t ch\u00fat chanh myrtle th\u00eam v\u00e0o m\u1ed9t l\u1edbp x\u1ed1t b\u01a1 chanh.  M\u1ed9t s\u1ed1 bi\u1ebfn t\u1ea5u t\u1eeb nh\u1eefng d\u00f2ng cocktail c\u1ed5 \u0111i\u1ec3n: 1. Yuzu Highball. 2. Yuzu Gin Fizz. 3. Yuzu Drop Martini. 4. COSMOPOLI-GIN.","og_url":"https:\/\/alchemy-asia.com\/vi\/san-pham\/four-pillars-fresh-yuzu\/","og_site_name":"Alchemy Asia","og_image":[{"width":1024,"height":1024,"url":"https:\/\/alchemy-asia.com\/vi\/wp-content\/uploads\/sites\/3\/2024\/07\/Four-Pillars-Gin-Yuzu-1024x1024.png","type":"image\/png"}],"twitter_card":"summary_large_image","twitter_misc":{"\u01af\u1edbc t\u00ednh th\u1eddi gian \u0111\u1ecdc":"1 ph\u00fat"},"schema":{"@context":"https:\/\/schema.org","@graph":[{"@type":"WebPage","@id":"https:\/\/alchemy-asia.com\/vi\/san-pham\/four-pillars-fresh-yuzu\/","url":"https:\/\/alchemy-asia.com\/vi\/san-pham\/four-pillars-fresh-yuzu\/","name":"Four Pillars Fresh Yuzu - Alchemy Asia","isPartOf":{"@id":"https:\/\/alchemy-asia.com\/vi\/#website"},"primaryImageOfPage":{"@id":"https:\/\/alchemy-asia.com\/vi\/san-pham\/four-pillars-fresh-yuzu\/#primaryimage"},"image":{"@id":"https:\/\/alchemy-asia.com\/vi\/san-pham\/four-pillars-fresh-yuzu\/#primaryimage"},"thumbnailUrl":"https:\/\/alchemy-asia.com\/vi\/wp-content\/uploads\/sites\/3\/2024\/07\/Four-Pillars-Gin-Yuzu.png","datePublished":"2024-09-10T08:31:23+00:00","dateModified":"2024-09-10T08:31:23+00:00","breadcrumb":{"@id":"https:\/\/alchemy-asia.com\/vi\/san-pham\/four-pillars-fresh-yuzu\/#breadcrumb"},"inLanguage":"vi","potentialAction":[{"@type":"ReadAction","target":["https:\/\/alchemy-asia.com\/vi\/san-pham\/four-pillars-fresh-yuzu\/"]}]},{"@type":"ImageObject","inLanguage":"vi","@id":"https:\/\/alchemy-asia.com\/vi\/san-pham\/four-pillars-fresh-yuzu\/#primaryimage","url":"https:\/\/alchemy-asia.com\/vi\/wp-content\/uploads\/sites\/3\/2024\/07\/Four-Pillars-Gin-Yuzu.png","contentUrl":"https:\/\/alchemy-asia.com\/vi\/wp-content\/uploads\/sites\/3\/2024\/07\/Four-Pillars-Gin-Yuzu.png","width":2100,"height":2100,"caption":"Four Pillars Gin Yuzu"},{"@type":"BreadcrumbList","@id":"https:\/\/alchemy-asia.com\/vi\/san-pham\/four-pillars-fresh-yuzu\/#breadcrumb","itemListElement":[{"@type":"ListItem","position":1,"name":"Home","item":"https:\/\/alchemy-asia.com\/vi\/"},{"@type":"ListItem","position":2,"name":"Four Pillars Fresh Yuzu"}]},{"@type":"WebSite","@id":"https:\/\/alchemy-asia.com\/vi\/#website","url":"https:\/\/alchemy-asia.com\/vi\/","name":"Alchemy Asia","description":"Just another Alchemy Asia Sites site","potentialAction":[{"@type":"SearchAction","target":{"@type":"EntryPoint","urlTemplate":"https:\/\/alchemy-asia.com\/vi\/?s={search_term_string}"},"query-input":"required name=search_term_string"}],"inLanguage":"vi"}]}},"_links":{"self":[{"href":"https:\/\/alchemy-asia.com\/vi\/wp-json\/wp\/v2\/product\/8568","targetHints":{"allow":["GET"]}}],"collection":[{"href":"https:\/\/alchemy-asia.com\/vi\/wp-json\/wp\/v2\/product"}],"about":[{"href":"https:\/\/alchemy-asia.com\/vi\/wp-json\/wp\/v2\/types\/product"}],"replies":[{"embeddable":true,"href":"https:\/\/alchemy-asia.com\/vi\/wp-json\/wp\/v2\/comments?post=8568"}],"wp:featuredmedia":[{"embeddable":true,"href":"https:\/\/alchemy-asia.com\/vi\/wp-json\/wp\/v2\/media\/8569"}],"wp:attachment":[{"href":"https:\/\/alchemy-asia.com\/vi\/wp-json\/wp\/v2\/media?parent=8568"}],"wp:term":[{"taxonomy":"product_cat","embeddable":true,"href":"https:\/\/alchemy-asia.com\/vi\/wp-json\/wp\/v2\/product_cat?post=8568"},{"taxonomy":"product_tag","embeddable":true,"href":"https:\/\/alchemy-asia.com\/vi\/wp-json\/wp\/v2\/product_tag?post=8568"}],"curies":[{"name":"wp","href":"https:\/\/api.w.org\/{rel}","templated":true}]}}