{"id":8570,"date":"2024-09-10T08:31:57","date_gmt":"2024-09-10T08:31:57","guid":{"rendered":"https:\/\/alchemy-asia.com\/vi\/?post_type=product&#038;p=8570"},"modified":"2024-09-10T08:31:57","modified_gmt":"2024-09-10T08:31:57","slug":"four-pillars-navy-strength","status":"publish","type":"product","link":"https:\/\/alchemy-asia.com\/vi\/san-pham\/four-pillars-navy-strength\/","title":{"rendered":"Four Pillars Navy Strength"},"content":{"rendered":"","protected":false},"excerpt":{"rendered":"<p><span data-sheets-root=\"1\" data-sheets-value=\"{&quot;1&quot;:2,&quot;2&quot;:&quot;Navy Strength Gin l\u00e0 m\u1ed9t lo\u1ea1i gin n\u1ed3ng m\u00f9i nh\u01b0ng m\u01b0\u1ee3t m\u00e0, \u0111\u01b0\u1ee3c t\u1ea1o ra d\u00e0nh ri\u00eang cho c\u00e1c lo\u1ea1i cocktail.\\nLo\u1ea1i gin n\u1eb7ng \u0111\u00f4 n\u00e0y \u0111\u01b0\u1ee3c ch\u01b0ng c\u1ea5t v\u1edbi chanh ng\u00f3n tay b\u1ea3n \u0111\u1ecba v\u00e0 g\u1eebng t\u01b0\u01a1i trong m\u1ed9t gi\u1ecf th\u1ea3o m\u1ed9c, mang l\u1ea1i s\u1ee9c m\u1ea1nh v\u00e0 s\u1ef1 \u0111\u1eadm \u0111\u00e0 tuy\u1ec7t v\u1eddi.\\nNgh\u1ec7 \u0111\u01b0\u1ee3c th\u00eam v\u00e0o mang l\u1ea1i \u0111\u1ed9 \u0111\u1eadm \u0111\u00e0 cho v\u1ecb gi\u00e1c v\u00e0 m\u1ed9t ch\u1ea5t l\u01b0\u1ee3ng t\u01b0\u01a1i m\u1edbi nh\u01b0ng th\u00f4 m\u1ed9c, v\u1edbi v\u1ecb ng\u1ecdt m\u1ecdng n\u01b0\u1edbc nh\u01b0ng v\u1eabn r\u1ea5t tinh khi\u1ebft.\\n\\nNavy Strength Gin l\u00e0 lo\u1ea1i gin \u0111\u1ea7u ti\u00ean ch\u00fang t\u00f4i l\u00e0m ra d\u00e0nh cho c\u00e1c bartender, ho\u00e0n h\u1ea3o \u0111\u1ec3 pha ch\u1ebf nhi\u1ec1u lo\u1ea1i cocktail: \\n1. Southside.\\n2. Ginger mule.\\n3. Gimlet.\\n4. Overproof G&amp;T.&quot;}\" data-sheets-userformat=\"{&quot;2&quot;:1057791,&quot;3&quot;:{&quot;1&quot;:0},&quot;4&quot;:{&quot;1&quot;:2,&quot;2&quot;:16776960},&quot;5&quot;:{&quot;1&quot;:[{&quot;1&quot;:2,&quot;2&quot;:0,&quot;5&quot;:{&quot;1&quot;:2,&quot;2&quot;:0}},{&quot;1&quot;:0,&quot;2&quot;:0,&quot;3&quot;:3},{&quot;1&quot;:1,&quot;2&quot;:0,&quot;4&quot;:1}]},&quot;6&quot;:{&quot;1&quot;:[{&quot;1&quot;:2,&quot;2&quot;:0,&quot;5&quot;:{&quot;1&quot;:2,&quot;2&quot;:0}},{&quot;1&quot;:0,&quot;2&quot;:0,&quot;3&quot;:3},{&quot;1&quot;:1,&quot;2&quot;:0,&quot;4&quot;:1}]},&quot;7&quot;:{&quot;1&quot;:[{&quot;1&quot;:2,&quot;2&quot;:0,&quot;5&quot;:{&quot;1&quot;:2,&quot;2&quot;:0}},{&quot;1&quot;:0,&quot;2&quot;:0,&quot;3&quot;:3},{&quot;1&quot;:1,&quot;2&quot;:0,&quot;4&quot;:1}]},&quot;8&quot;:{&quot;1&quot;:[{&quot;1&quot;:2,&quot;2&quot;:0,&quot;5&quot;:{&quot;1&quot;:2,&quot;2&quot;:0}},{&quot;1&quot;:0,&quot;2&quot;:0,&quot;3&quot;:3},{&quot;1&quot;:1,&quot;2&quot;:0,&quot;4&quot;:1}]},&quot;9&quot;:0,&quot;10&quot;:1,&quot;11&quot;:4,&quot;12&quot;:0,&quot;16&quot;:12,&quot;23&quot;:1}\">Navy Strength Gin l\u00e0 m\u1ed9t lo\u1ea1i gin n\u1ed3ng m\u00f9i nh\u01b0ng m\u01b0\u1ee3t m\u00e0, \u0111\u01b0\u1ee3c t\u1ea1o ra d\u00e0nh ri\u00eang cho c\u00e1c lo\u1ea1i cocktail.<br \/>\nLo\u1ea1i gin n\u1eb7ng \u0111\u00f4 n\u00e0y \u0111\u01b0\u1ee3c ch\u01b0ng c\u1ea5t v\u1edbi chanh ng\u00f3n tay b\u1ea3n \u0111\u1ecba v\u00e0 g\u1eebng t\u01b0\u01a1i trong m\u1ed9t gi\u1ecf th\u1ea3o m\u1ed9c, mang l\u1ea1i s\u1ee9c m\u1ea1nh v\u00e0 s\u1ef1 \u0111\u1eadm \u0111\u00e0 tuy\u1ec7t v\u1eddi.<br \/>\nNgh\u1ec7 \u0111\u01b0\u1ee3c th\u00eam v\u00e0o mang l\u1ea1i \u0111\u1ed9 \u0111\u1eadm \u0111\u00e0 cho v\u1ecb gi\u00e1c v\u00e0 m\u1ed9t ch\u1ea5t l\u01b0\u1ee3ng t\u01b0\u01a1i m\u1edbi nh\u01b0ng th\u00f4 m\u1ed9c, v\u1edbi v\u1ecb ng\u1ecdt m\u1ecdng n\u01b0\u1edbc nh\u01b0ng v\u1eabn r\u1ea5t tinh khi\u1ebft.<\/span><\/p>\n<p>Navy Strength Gin l\u00e0 lo\u1ea1i gin \u0111\u1ea7u ti\u00ean ch\u00fang t\u00f4i l\u00e0m ra d\u00e0nh cho c\u00e1c bartender, ho\u00e0n h\u1ea3o \u0111\u1ec3 pha ch\u1ebf nhi\u1ec1u lo\u1ea1i cocktail:<br \/>\n1. Southside.<br \/>\n2. Ginger mule.<br \/>\n3. Gimlet.<br \/>\n4. Overproof G&amp;T.<\/p>\n","protected":false},"featured_media":8571,"comment_status":"open","ping_status":"closed","template":"","meta":{"_acf_changed":false},"product_cat":[52],"product_tag":[],"class_list":{"0":"post-8570","1":"product","2":"type-product","3":"status-publish","4":"has-post-thumbnail","6":"product_cat-gin","7":"brand-four-pillars","9":"first","10":"instock","11":"shipping-taxable","12":"product-type-simple"},"acf":[],"yoast_head":"<!-- This site is optimized with the Yoast SEO plugin v23.0 - https:\/\/yoast.com\/wordpress\/plugins\/seo\/ -->\n<title>Four Pillars Navy Strength - Alchemy Asia<\/title>\n<meta name=\"robots\" content=\"index, follow, max-snippet:-1, max-image-preview:large, max-video-preview:-1\" \/>\n<link rel=\"canonical\" href=\"https:\/\/alchemy-asia.com\/vi\/san-pham\/four-pillars-navy-strength\/\" \/>\n<meta property=\"og:locale\" content=\"vi_VN\" \/>\n<meta property=\"og:type\" content=\"article\" \/>\n<meta property=\"og:title\" content=\"Four Pillars Navy Strength - Alchemy Asia\" \/>\n<meta property=\"og:description\" content=\"Navy Strength Gin l\u00e0 m\u1ed9t lo\u1ea1i gin n\u1ed3ng m\u00f9i nh\u01b0ng m\u01b0\u1ee3t m\u00e0, \u0111\u01b0\u1ee3c t\u1ea1o ra d\u00e0nh ri\u00eang cho c\u00e1c lo\u1ea1i cocktail. Lo\u1ea1i gin n\u1eb7ng \u0111\u00f4 n\u00e0y \u0111\u01b0\u1ee3c ch\u01b0ng c\u1ea5t v\u1edbi chanh ng\u00f3n tay b\u1ea3n \u0111\u1ecba v\u00e0 g\u1eebng t\u01b0\u01a1i trong m\u1ed9t gi\u1ecf th\u1ea3o m\u1ed9c, mang l\u1ea1i s\u1ee9c m\u1ea1nh v\u00e0 s\u1ef1 \u0111\u1eadm \u0111\u00e0 tuy\u1ec7t v\u1eddi. Ngh\u1ec7 \u0111\u01b0\u1ee3c th\u00eam v\u00e0o mang l\u1ea1i \u0111\u1ed9 \u0111\u1eadm \u0111\u00e0 cho v\u1ecb gi\u00e1c v\u00e0 m\u1ed9t ch\u1ea5t l\u01b0\u1ee3ng t\u01b0\u01a1i m\u1edbi nh\u01b0ng th\u00f4 m\u1ed9c, v\u1edbi v\u1ecb ng\u1ecdt m\u1ecdng n\u01b0\u1edbc nh\u01b0ng v\u1eabn r\u1ea5t tinh khi\u1ebft.  Navy Strength Gin l\u00e0 lo\u1ea1i gin \u0111\u1ea7u ti\u00ean ch\u00fang t\u00f4i l\u00e0m ra d\u00e0nh cho c\u00e1c bartender, ho\u00e0n h\u1ea3o \u0111\u1ec3 pha ch\u1ebf nhi\u1ec1u lo\u1ea1i cocktail: 1. Southside. 2. Ginger mule. 3. Gimlet. 4. Overproof G&amp;T.\" \/>\n<meta property=\"og:url\" content=\"https:\/\/alchemy-asia.com\/vi\/san-pham\/four-pillars-navy-strength\/\" \/>\n<meta property=\"og:site_name\" content=\"Alchemy Asia\" \/>\n<meta property=\"og:image\" content=\"https:\/\/alchemy-asia.com\/vi\/wp-content\/uploads\/sites\/3\/2024\/07\/Four-Pillars-Navy-Strength-Gin.png\" \/>\n\t<meta property=\"og:image:width\" content=\"2100\" \/>\n\t<meta property=\"og:image:height\" content=\"2100\" \/>\n\t<meta property=\"og:image:type\" content=\"image\/png\" \/>\n<meta name=\"twitter:card\" content=\"summary_large_image\" \/>\n<meta name=\"twitter:label1\" content=\"\u01af\u1edbc t\u00ednh th\u1eddi gian \u0111\u1ecdc\" \/>\n\t<meta name=\"twitter:data1\" content=\"1 ph\u00fat\" \/>\n<script type=\"application\/ld+json\" class=\"yoast-schema-graph\">{\"@context\":\"https:\/\/schema.org\",\"@graph\":[{\"@type\":\"WebPage\",\"@id\":\"https:\/\/alchemy-asia.com\/vi\/san-pham\/four-pillars-navy-strength\/\",\"url\":\"https:\/\/alchemy-asia.com\/vi\/san-pham\/four-pillars-navy-strength\/\",\"name\":\"Four Pillars Navy Strength - Alchemy Asia\",\"isPartOf\":{\"@id\":\"https:\/\/alchemy-asia.com\/vi\/#website\"},\"primaryImageOfPage\":{\"@id\":\"https:\/\/alchemy-asia.com\/vi\/san-pham\/four-pillars-navy-strength\/#primaryimage\"},\"image\":{\"@id\":\"https:\/\/alchemy-asia.com\/vi\/san-pham\/four-pillars-navy-strength\/#primaryimage\"},\"thumbnailUrl\":\"https:\/\/alchemy-asia.com\/vi\/wp-content\/uploads\/sites\/3\/2024\/07\/Four-Pillars-Navy-Strength-Gin.png\",\"datePublished\":\"2024-09-10T08:31:57+00:00\",\"dateModified\":\"2024-09-10T08:31:57+00:00\",\"breadcrumb\":{\"@id\":\"https:\/\/alchemy-asia.com\/vi\/san-pham\/four-pillars-navy-strength\/#breadcrumb\"},\"inLanguage\":\"vi\",\"potentialAction\":[{\"@type\":\"ReadAction\",\"target\":[\"https:\/\/alchemy-asia.com\/vi\/san-pham\/four-pillars-navy-strength\/\"]}]},{\"@type\":\"ImageObject\",\"inLanguage\":\"vi\",\"@id\":\"https:\/\/alchemy-asia.com\/vi\/san-pham\/four-pillars-navy-strength\/#primaryimage\",\"url\":\"https:\/\/alchemy-asia.com\/vi\/wp-content\/uploads\/sites\/3\/2024\/07\/Four-Pillars-Navy-Strength-Gin.png\",\"contentUrl\":\"https:\/\/alchemy-asia.com\/vi\/wp-content\/uploads\/sites\/3\/2024\/07\/Four-Pillars-Navy-Strength-Gin.png\",\"width\":2100,\"height\":2100,\"caption\":\"Four Pillars Navy Strength Gin\"},{\"@type\":\"BreadcrumbList\",\"@id\":\"https:\/\/alchemy-asia.com\/vi\/san-pham\/four-pillars-navy-strength\/#breadcrumb\",\"itemListElement\":[{\"@type\":\"ListItem\",\"position\":1,\"name\":\"Home\",\"item\":\"https:\/\/alchemy-asia.com\/vi\/\"},{\"@type\":\"ListItem\",\"position\":2,\"name\":\"Four Pillars Navy Strength\"}]},{\"@type\":\"WebSite\",\"@id\":\"https:\/\/alchemy-asia.com\/vi\/#website\",\"url\":\"https:\/\/alchemy-asia.com\/vi\/\",\"name\":\"Alchemy Asia\",\"description\":\"Just another Alchemy Asia Sites site\",\"potentialAction\":[{\"@type\":\"SearchAction\",\"target\":{\"@type\":\"EntryPoint\",\"urlTemplate\":\"https:\/\/alchemy-asia.com\/vi\/?s={search_term_string}\"},\"query-input\":\"required name=search_term_string\"}],\"inLanguage\":\"vi\"}]}<\/script>\n<!-- \/ Yoast SEO plugin. -->","yoast_head_json":{"title":"Four Pillars Navy Strength - Alchemy Asia","robots":{"index":"index","follow":"follow","max-snippet":"max-snippet:-1","max-image-preview":"max-image-preview:large","max-video-preview":"max-video-preview:-1"},"canonical":"https:\/\/alchemy-asia.com\/vi\/san-pham\/four-pillars-navy-strength\/","og_locale":"vi_VN","og_type":"article","og_title":"Four Pillars Navy Strength - Alchemy Asia","og_description":"Navy Strength Gin l\u00e0 m\u1ed9t lo\u1ea1i gin n\u1ed3ng m\u00f9i nh\u01b0ng m\u01b0\u1ee3t m\u00e0, \u0111\u01b0\u1ee3c t\u1ea1o ra d\u00e0nh ri\u00eang cho c\u00e1c lo\u1ea1i cocktail. Lo\u1ea1i gin n\u1eb7ng \u0111\u00f4 n\u00e0y \u0111\u01b0\u1ee3c ch\u01b0ng c\u1ea5t v\u1edbi chanh ng\u00f3n tay b\u1ea3n \u0111\u1ecba v\u00e0 g\u1eebng t\u01b0\u01a1i trong m\u1ed9t gi\u1ecf th\u1ea3o m\u1ed9c, mang l\u1ea1i s\u1ee9c m\u1ea1nh v\u00e0 s\u1ef1 \u0111\u1eadm \u0111\u00e0 tuy\u1ec7t v\u1eddi. Ngh\u1ec7 \u0111\u01b0\u1ee3c th\u00eam v\u00e0o mang l\u1ea1i \u0111\u1ed9 \u0111\u1eadm \u0111\u00e0 cho v\u1ecb gi\u00e1c v\u00e0 m\u1ed9t ch\u1ea5t l\u01b0\u1ee3ng t\u01b0\u01a1i m\u1edbi nh\u01b0ng th\u00f4 m\u1ed9c, v\u1edbi v\u1ecb ng\u1ecdt m\u1ecdng n\u01b0\u1edbc nh\u01b0ng v\u1eabn r\u1ea5t tinh khi\u1ebft.  Navy Strength Gin l\u00e0 lo\u1ea1i gin \u0111\u1ea7u ti\u00ean ch\u00fang t\u00f4i l\u00e0m ra d\u00e0nh cho c\u00e1c bartender, ho\u00e0n h\u1ea3o \u0111\u1ec3 pha ch\u1ebf nhi\u1ec1u lo\u1ea1i cocktail: 1. Southside. 2. Ginger mule. 3. Gimlet. 4. Overproof G&amp;T.","og_url":"https:\/\/alchemy-asia.com\/vi\/san-pham\/four-pillars-navy-strength\/","og_site_name":"Alchemy Asia","og_image":[{"width":2100,"height":2100,"url":"https:\/\/alchemy-asia.com\/vi\/wp-content\/uploads\/sites\/3\/2024\/07\/Four-Pillars-Navy-Strength-Gin.png","type":"image\/png"}],"twitter_card":"summary_large_image","twitter_misc":{"\u01af\u1edbc t\u00ednh th\u1eddi gian \u0111\u1ecdc":"1 ph\u00fat"},"schema":{"@context":"https:\/\/schema.org","@graph":[{"@type":"WebPage","@id":"https:\/\/alchemy-asia.com\/vi\/san-pham\/four-pillars-navy-strength\/","url":"https:\/\/alchemy-asia.com\/vi\/san-pham\/four-pillars-navy-strength\/","name":"Four Pillars Navy Strength - Alchemy Asia","isPartOf":{"@id":"https:\/\/alchemy-asia.com\/vi\/#website"},"primaryImageOfPage":{"@id":"https:\/\/alchemy-asia.com\/vi\/san-pham\/four-pillars-navy-strength\/#primaryimage"},"image":{"@id":"https:\/\/alchemy-asia.com\/vi\/san-pham\/four-pillars-navy-strength\/#primaryimage"},"thumbnailUrl":"https:\/\/alchemy-asia.com\/vi\/wp-content\/uploads\/sites\/3\/2024\/07\/Four-Pillars-Navy-Strength-Gin.png","datePublished":"2024-09-10T08:31:57+00:00","dateModified":"2024-09-10T08:31:57+00:00","breadcrumb":{"@id":"https:\/\/alchemy-asia.com\/vi\/san-pham\/four-pillars-navy-strength\/#breadcrumb"},"inLanguage":"vi","potentialAction":[{"@type":"ReadAction","target":["https:\/\/alchemy-asia.com\/vi\/san-pham\/four-pillars-navy-strength\/"]}]},{"@type":"ImageObject","inLanguage":"vi","@id":"https:\/\/alchemy-asia.com\/vi\/san-pham\/four-pillars-navy-strength\/#primaryimage","url":"https:\/\/alchemy-asia.com\/vi\/wp-content\/uploads\/sites\/3\/2024\/07\/Four-Pillars-Navy-Strength-Gin.png","contentUrl":"https:\/\/alchemy-asia.com\/vi\/wp-content\/uploads\/sites\/3\/2024\/07\/Four-Pillars-Navy-Strength-Gin.png","width":2100,"height":2100,"caption":"Four Pillars Navy Strength Gin"},{"@type":"BreadcrumbList","@id":"https:\/\/alchemy-asia.com\/vi\/san-pham\/four-pillars-navy-strength\/#breadcrumb","itemListElement":[{"@type":"ListItem","position":1,"name":"Home","item":"https:\/\/alchemy-asia.com\/vi\/"},{"@type":"ListItem","position":2,"name":"Four Pillars Navy Strength"}]},{"@type":"WebSite","@id":"https:\/\/alchemy-asia.com\/vi\/#website","url":"https:\/\/alchemy-asia.com\/vi\/","name":"Alchemy Asia","description":"Just another Alchemy Asia Sites site","potentialAction":[{"@type":"SearchAction","target":{"@type":"EntryPoint","urlTemplate":"https:\/\/alchemy-asia.com\/vi\/?s={search_term_string}"},"query-input":"required name=search_term_string"}],"inLanguage":"vi"}]}},"_links":{"self":[{"href":"https:\/\/alchemy-asia.com\/vi\/wp-json\/wp\/v2\/product\/8570","targetHints":{"allow":["GET"]}}],"collection":[{"href":"https:\/\/alchemy-asia.com\/vi\/wp-json\/wp\/v2\/product"}],"about":[{"href":"https:\/\/alchemy-asia.com\/vi\/wp-json\/wp\/v2\/types\/product"}],"replies":[{"embeddable":true,"href":"https:\/\/alchemy-asia.com\/vi\/wp-json\/wp\/v2\/comments?post=8570"}],"wp:featuredmedia":[{"embeddable":true,"href":"https:\/\/alchemy-asia.com\/vi\/wp-json\/wp\/v2\/media\/8571"}],"wp:attachment":[{"href":"https:\/\/alchemy-asia.com\/vi\/wp-json\/wp\/v2\/media?parent=8570"}],"wp:term":[{"taxonomy":"product_cat","embeddable":true,"href":"https:\/\/alchemy-asia.com\/vi\/wp-json\/wp\/v2\/product_cat?post=8570"},{"taxonomy":"product_tag","embeddable":true,"href":"https:\/\/alchemy-asia.com\/vi\/wp-json\/wp\/v2\/product_tag?post=8570"}],"curies":[{"name":"wp","href":"https:\/\/api.w.org\/{rel}","templated":true}]}}