{"id":8573,"date":"2024-09-10T08:31:55","date_gmt":"2024-09-10T08:31:55","guid":{"rendered":"https:\/\/alchemy-asia.com\/vi\/?post_type=product&#038;p=8573"},"modified":"2024-09-10T08:31:56","modified_gmt":"2024-09-10T08:31:56","slug":"four-pillars-olive-leaf","status":"publish","type":"product","link":"https:\/\/alchemy-asia.com\/vi\/san-pham\/four-pillars-olive-leaf\/","title":{"rendered":"Four Pillars Olive Leaf"},"content":{"rendered":"","protected":false},"excerpt":{"rendered":"<p><span data-sheets-root=\"1\" data-sheets-value=\"{&quot;1&quot;:2,&quot;2&quot;:&quot;Olive Leaf Gin l\u00e0 lo\u1ea1i Savoury Gin c\u1ee7a ch\u00fang t\u00f4i, \u0111\u01b0\u1ee3c ch\u1ebf t\u00e1c trong n\u0103m n\u0103m, c\u00f3 k\u1ebft c\u1ea5u m\u01b0\u1ee3t m\u00e0, t\u01b0\u01a1i s\u00e1ng v\u00e0 ho\u00e0n h\u1ea3o cho m\u1ed9t ly Martini ho\u1eb7c Gintonic.\\n\\nCh\u00fang t\u00f4i \u0111\u00e3 s\u1eed d\u1ee5ng ba lo\u1ea1i d\u1ea7u \u00f4 liu nguy\u00ean ch\u1ea5t \u00e9p l\u1ea1nh v\u00e0 tr\u00e0 l\u00e1 \u00f4 liu.\\n\\nC\u00e1c lo\u1ea1i th\u1ea3o m\u1ed9c nh\u01b0 h\u01b0\u01a1ng th\u1ea3o v\u00e0 l\u00e1 nguy\u1ec7t qu\u1ebf s\u1ebd \u0111\u01b0a b\u1ea1n \u0111\u1ebfn v\u00f9ng \u0110\u1ecba Trung H\u1ea3i (d\u00f9 ch\u00fang \u0111\u01b0\u1ee3c l\u1ea5y t\u1eeb khu v\u01b0\u1eddn c\u1ee7a Cam), trong khi \u0111\u00f3, h\u1ea1t macadamia b\u1ea3n \u0111\u1ecba v\u00e0 chanh myrtle l\u00e0m cho lo\u1ea1i gin n\u00e0y tr\u1edf n\u00ean hi\u1ec7n \u0111\u1ea1i v\u00e0 \u0111\u1eb7c tr\u01b0ng c\u1ee7a \u00dac.\\n \\nV\u1ecb m\u1eb7n m\u00e0, k\u1ebft c\u1ea5u m\u01b0\u1ee3t m\u00e0, t\u01b0\u01a1i s\u00e1ng v\u00e0 ho\u00e0n h\u1ea3o cho b\u1ea5t k\u1ef3 ly Martini n\u00e0o ho\u1eb7c m\u1ed9t ly Gintonic \u0111\u01b0\u1ee3c l\u1ea5y c\u1ea3m h\u1ee9ng t\u1eeb T\u00e2y Ban Nha:\\n1. Gintonic\\n2. Dirty Dancing.\\n3. Martini.\\n4. Gibson&quot;}\" data-sheets-userformat=\"{&quot;2&quot;:1057791,&quot;3&quot;:{&quot;1&quot;:0},&quot;4&quot;:{&quot;1&quot;:2,&quot;2&quot;:16776960},&quot;5&quot;:{&quot;1&quot;:[{&quot;1&quot;:2,&quot;2&quot;:0,&quot;5&quot;:{&quot;1&quot;:2,&quot;2&quot;:0}},{&quot;1&quot;:0,&quot;2&quot;:0,&quot;3&quot;:3},{&quot;1&quot;:1,&quot;2&quot;:0,&quot;4&quot;:1}]},&quot;6&quot;:{&quot;1&quot;:[{&quot;1&quot;:2,&quot;2&quot;:0,&quot;5&quot;:{&quot;1&quot;:2,&quot;2&quot;:0}},{&quot;1&quot;:0,&quot;2&quot;:0,&quot;3&quot;:3},{&quot;1&quot;:1,&quot;2&quot;:0,&quot;4&quot;:1}]},&quot;7&quot;:{&quot;1&quot;:[{&quot;1&quot;:2,&quot;2&quot;:0,&quot;5&quot;:{&quot;1&quot;:2,&quot;2&quot;:0}},{&quot;1&quot;:0,&quot;2&quot;:0,&quot;3&quot;:3},{&quot;1&quot;:1,&quot;2&quot;:0,&quot;4&quot;:1}]},&quot;8&quot;:{&quot;1&quot;:[{&quot;1&quot;:2,&quot;2&quot;:0,&quot;5&quot;:{&quot;1&quot;:2,&quot;2&quot;:0}},{&quot;1&quot;:0,&quot;2&quot;:0,&quot;3&quot;:3},{&quot;1&quot;:1,&quot;2&quot;:0,&quot;4&quot;:1}]},&quot;9&quot;:0,&quot;10&quot;:1,&quot;11&quot;:4,&quot;12&quot;:0,&quot;16&quot;:12,&quot;23&quot;:1}\">Olive Leaf Gin l\u00e0 lo\u1ea1i Savoury Gin c\u1ee7a ch\u00fang t\u00f4i, \u0111\u01b0\u1ee3c ch\u1ebf t\u00e1c trong n\u0103m n\u0103m, c\u00f3 k\u1ebft c\u1ea5u m\u01b0\u1ee3t m\u00e0, t\u01b0\u01a1i s\u00e1ng v\u00e0 ho\u00e0n h\u1ea3o cho m\u1ed9t ly Martini ho\u1eb7c Gintonic.<\/span><\/p>\n<p>Ch\u00fang t\u00f4i \u0111\u00e3 s\u1eed d\u1ee5ng ba lo\u1ea1i d\u1ea7u \u00f4 liu nguy\u00ean ch\u1ea5t \u00e9p l\u1ea1nh v\u00e0 tr\u00e0 l\u00e1 \u00f4 liu.<\/p>\n<p>C\u00e1c lo\u1ea1i th\u1ea3o m\u1ed9c nh\u01b0 h\u01b0\u01a1ng th\u1ea3o v\u00e0 l\u00e1 nguy\u1ec7t qu\u1ebf s\u1ebd \u0111\u01b0a b\u1ea1n \u0111\u1ebfn v\u00f9ng \u0110\u1ecba Trung H\u1ea3i (d\u00f9 ch\u00fang \u0111\u01b0\u1ee3c l\u1ea5y t\u1eeb khu v\u01b0\u1eddn c\u1ee7a Cam), trong khi \u0111\u00f3, h\u1ea1t macadamia b\u1ea3n \u0111\u1ecba v\u00e0 chanh myrtle l\u00e0m cho lo\u1ea1i gin n\u00e0y tr\u1edf n\u00ean hi\u1ec7n \u0111\u1ea1i v\u00e0 \u0111\u1eb7c tr\u01b0ng c\u1ee7a \u00dac.<\/p>\n<p>V\u1ecb m\u1eb7n m\u00e0, k\u1ebft c\u1ea5u m\u01b0\u1ee3t m\u00e0, t\u01b0\u01a1i s\u00e1ng v\u00e0 ho\u00e0n h\u1ea3o cho b\u1ea5t k\u1ef3 ly Martini n\u00e0o ho\u1eb7c m\u1ed9t ly Gintonic \u0111\u01b0\u1ee3c l\u1ea5y c\u1ea3m h\u1ee9ng t\u1eeb T\u00e2y Ban Nha:<br \/>\n1. Gintonic<br \/>\n2. Dirty Dancing.<br \/>\n3. Martini.<br \/>\n4. Gibson<\/p>\n","protected":false},"featured_media":8574,"comment_status":"open","ping_status":"closed","template":"","meta":{"_acf_changed":false},"product_cat":[52],"product_tag":[],"class_list":{"0":"post-8573","1":"product","2":"type-product","3":"status-publish","4":"has-post-thumbnail","6":"product_cat-gin","7":"brand-four-pillars","9":"first","10":"instock","11":"shipping-taxable","12":"product-type-simple"},"acf":[],"yoast_head":"<!-- This site is optimized with the Yoast SEO plugin v23.0 - https:\/\/yoast.com\/wordpress\/plugins\/seo\/ -->\n<title>Four Pillars Olive Leaf - Alchemy Asia<\/title>\n<meta name=\"robots\" content=\"index, follow, max-snippet:-1, max-image-preview:large, max-video-preview:-1\" \/>\n<link rel=\"canonical\" href=\"https:\/\/alchemy-asia.com\/vi\/san-pham\/four-pillars-olive-leaf\/\" \/>\n<meta property=\"og:locale\" content=\"vi_VN\" \/>\n<meta property=\"og:type\" content=\"article\" \/>\n<meta property=\"og:title\" content=\"Four Pillars Olive Leaf - Alchemy Asia\" \/>\n<meta property=\"og:description\" content=\"Olive Leaf Gin l\u00e0 lo\u1ea1i Savoury Gin c\u1ee7a ch\u00fang t\u00f4i, \u0111\u01b0\u1ee3c ch\u1ebf t\u00e1c trong n\u0103m n\u0103m, c\u00f3 k\u1ebft c\u1ea5u m\u01b0\u1ee3t m\u00e0, t\u01b0\u01a1i s\u00e1ng v\u00e0 ho\u00e0n h\u1ea3o cho m\u1ed9t ly Martini ho\u1eb7c Gintonic.  Ch\u00fang t\u00f4i \u0111\u00e3 s\u1eed d\u1ee5ng ba lo\u1ea1i d\u1ea7u \u00f4 liu nguy\u00ean ch\u1ea5t \u00e9p l\u1ea1nh v\u00e0 tr\u00e0 l\u00e1 \u00f4 liu.  C\u00e1c lo\u1ea1i th\u1ea3o m\u1ed9c nh\u01b0 h\u01b0\u01a1ng th\u1ea3o v\u00e0 l\u00e1 nguy\u1ec7t qu\u1ebf s\u1ebd \u0111\u01b0a b\u1ea1n \u0111\u1ebfn v\u00f9ng \u0110\u1ecba Trung H\u1ea3i (d\u00f9 ch\u00fang \u0111\u01b0\u1ee3c l\u1ea5y t\u1eeb khu v\u01b0\u1eddn c\u1ee7a Cam), trong khi \u0111\u00f3, h\u1ea1t macadamia b\u1ea3n \u0111\u1ecba v\u00e0 chanh myrtle l\u00e0m cho lo\u1ea1i gin n\u00e0y tr\u1edf n\u00ean hi\u1ec7n \u0111\u1ea1i v\u00e0 \u0111\u1eb7c tr\u01b0ng c\u1ee7a \u00dac.  V\u1ecb m\u1eb7n m\u00e0, k\u1ebft c\u1ea5u m\u01b0\u1ee3t m\u00e0, t\u01b0\u01a1i s\u00e1ng v\u00e0 ho\u00e0n h\u1ea3o cho b\u1ea5t k\u1ef3 ly Martini n\u00e0o ho\u1eb7c m\u1ed9t ly Gintonic \u0111\u01b0\u1ee3c l\u1ea5y c\u1ea3m h\u1ee9ng t\u1eeb T\u00e2y Ban Nha: 1. Gintonic 2. Dirty Dancing. 3. Martini. 4. Gibson\" \/>\n<meta property=\"og:url\" content=\"https:\/\/alchemy-asia.com\/vi\/san-pham\/four-pillars-olive-leaf\/\" \/>\n<meta property=\"og:site_name\" content=\"Alchemy Asia\" \/>\n<meta property=\"article:modified_time\" content=\"2024-09-10T08:31:56+00:00\" \/>\n<meta property=\"og:image\" content=\"https:\/\/alchemy-asia.com\/vi\/wp-content\/uploads\/sites\/3\/2024\/07\/Four-Pillars-Gin-Olive-Leaf-1024x1024.png\" \/>\n\t<meta property=\"og:image:width\" content=\"1024\" \/>\n\t<meta property=\"og:image:height\" content=\"1024\" \/>\n\t<meta property=\"og:image:type\" content=\"image\/png\" \/>\n<meta name=\"twitter:card\" content=\"summary_large_image\" \/>\n<meta name=\"twitter:label1\" content=\"\u01af\u1edbc t\u00ednh th\u1eddi gian \u0111\u1ecdc\" \/>\n\t<meta name=\"twitter:data1\" content=\"1 ph\u00fat\" \/>\n<script type=\"application\/ld+json\" class=\"yoast-schema-graph\">{\"@context\":\"https:\/\/schema.org\",\"@graph\":[{\"@type\":\"WebPage\",\"@id\":\"https:\/\/alchemy-asia.com\/vi\/san-pham\/four-pillars-olive-leaf\/\",\"url\":\"https:\/\/alchemy-asia.com\/vi\/san-pham\/four-pillars-olive-leaf\/\",\"name\":\"Four Pillars Olive Leaf - Alchemy Asia\",\"isPartOf\":{\"@id\":\"https:\/\/alchemy-asia.com\/vi\/#website\"},\"primaryImageOfPage\":{\"@id\":\"https:\/\/alchemy-asia.com\/vi\/san-pham\/four-pillars-olive-leaf\/#primaryimage\"},\"image\":{\"@id\":\"https:\/\/alchemy-asia.com\/vi\/san-pham\/four-pillars-olive-leaf\/#primaryimage\"},\"thumbnailUrl\":\"https:\/\/alchemy-asia.com\/vi\/wp-content\/uploads\/sites\/3\/2024\/07\/Four-Pillars-Gin-Olive-Leaf.png\",\"datePublished\":\"2024-09-10T08:31:55+00:00\",\"dateModified\":\"2024-09-10T08:31:56+00:00\",\"breadcrumb\":{\"@id\":\"https:\/\/alchemy-asia.com\/vi\/san-pham\/four-pillars-olive-leaf\/#breadcrumb\"},\"inLanguage\":\"vi\",\"potentialAction\":[{\"@type\":\"ReadAction\",\"target\":[\"https:\/\/alchemy-asia.com\/vi\/san-pham\/four-pillars-olive-leaf\/\"]}]},{\"@type\":\"ImageObject\",\"inLanguage\":\"vi\",\"@id\":\"https:\/\/alchemy-asia.com\/vi\/san-pham\/four-pillars-olive-leaf\/#primaryimage\",\"url\":\"https:\/\/alchemy-asia.com\/vi\/wp-content\/uploads\/sites\/3\/2024\/07\/Four-Pillars-Gin-Olive-Leaf.png\",\"contentUrl\":\"https:\/\/alchemy-asia.com\/vi\/wp-content\/uploads\/sites\/3\/2024\/07\/Four-Pillars-Gin-Olive-Leaf.png\",\"width\":2100,\"height\":2100,\"caption\":\"Four Pillars Gin Olive Leaf\"},{\"@type\":\"BreadcrumbList\",\"@id\":\"https:\/\/alchemy-asia.com\/vi\/san-pham\/four-pillars-olive-leaf\/#breadcrumb\",\"itemListElement\":[{\"@type\":\"ListItem\",\"position\":1,\"name\":\"Home\",\"item\":\"https:\/\/alchemy-asia.com\/vi\/\"},{\"@type\":\"ListItem\",\"position\":2,\"name\":\"Four Pillars Olive Leaf\"}]},{\"@type\":\"WebSite\",\"@id\":\"https:\/\/alchemy-asia.com\/vi\/#website\",\"url\":\"https:\/\/alchemy-asia.com\/vi\/\",\"name\":\"Alchemy Asia\",\"description\":\"Just another Alchemy Asia Sites site\",\"potentialAction\":[{\"@type\":\"SearchAction\",\"target\":{\"@type\":\"EntryPoint\",\"urlTemplate\":\"https:\/\/alchemy-asia.com\/vi\/?s={search_term_string}\"},\"query-input\":\"required name=search_term_string\"}],\"inLanguage\":\"vi\"}]}<\/script>\n<!-- \/ Yoast SEO plugin. -->","yoast_head_json":{"title":"Four Pillars Olive Leaf - Alchemy Asia","robots":{"index":"index","follow":"follow","max-snippet":"max-snippet:-1","max-image-preview":"max-image-preview:large","max-video-preview":"max-video-preview:-1"},"canonical":"https:\/\/alchemy-asia.com\/vi\/san-pham\/four-pillars-olive-leaf\/","og_locale":"vi_VN","og_type":"article","og_title":"Four Pillars Olive Leaf - Alchemy Asia","og_description":"Olive Leaf Gin l\u00e0 lo\u1ea1i Savoury Gin c\u1ee7a ch\u00fang t\u00f4i, \u0111\u01b0\u1ee3c ch\u1ebf t\u00e1c trong n\u0103m n\u0103m, c\u00f3 k\u1ebft c\u1ea5u m\u01b0\u1ee3t m\u00e0, t\u01b0\u01a1i s\u00e1ng v\u00e0 ho\u00e0n h\u1ea3o cho m\u1ed9t ly Martini ho\u1eb7c Gintonic.  Ch\u00fang t\u00f4i \u0111\u00e3 s\u1eed d\u1ee5ng ba lo\u1ea1i d\u1ea7u \u00f4 liu nguy\u00ean ch\u1ea5t \u00e9p l\u1ea1nh v\u00e0 tr\u00e0 l\u00e1 \u00f4 liu.  C\u00e1c lo\u1ea1i th\u1ea3o m\u1ed9c nh\u01b0 h\u01b0\u01a1ng th\u1ea3o v\u00e0 l\u00e1 nguy\u1ec7t qu\u1ebf s\u1ebd \u0111\u01b0a b\u1ea1n \u0111\u1ebfn v\u00f9ng \u0110\u1ecba Trung H\u1ea3i (d\u00f9 ch\u00fang \u0111\u01b0\u1ee3c l\u1ea5y t\u1eeb khu v\u01b0\u1eddn c\u1ee7a Cam), trong khi \u0111\u00f3, h\u1ea1t macadamia b\u1ea3n \u0111\u1ecba v\u00e0 chanh myrtle l\u00e0m cho lo\u1ea1i gin n\u00e0y tr\u1edf n\u00ean hi\u1ec7n \u0111\u1ea1i v\u00e0 \u0111\u1eb7c tr\u01b0ng c\u1ee7a \u00dac.  V\u1ecb m\u1eb7n m\u00e0, k\u1ebft c\u1ea5u m\u01b0\u1ee3t m\u00e0, t\u01b0\u01a1i s\u00e1ng v\u00e0 ho\u00e0n h\u1ea3o cho b\u1ea5t k\u1ef3 ly Martini n\u00e0o ho\u1eb7c m\u1ed9t ly Gintonic \u0111\u01b0\u1ee3c l\u1ea5y c\u1ea3m h\u1ee9ng t\u1eeb T\u00e2y Ban Nha: 1. Gintonic 2. Dirty Dancing. 3. Martini. 4. Gibson","og_url":"https:\/\/alchemy-asia.com\/vi\/san-pham\/four-pillars-olive-leaf\/","og_site_name":"Alchemy Asia","article_modified_time":"2024-09-10T08:31:56+00:00","og_image":[{"width":1024,"height":1024,"url":"https:\/\/alchemy-asia.com\/vi\/wp-content\/uploads\/sites\/3\/2024\/07\/Four-Pillars-Gin-Olive-Leaf-1024x1024.png","type":"image\/png"}],"twitter_card":"summary_large_image","twitter_misc":{"\u01af\u1edbc t\u00ednh th\u1eddi gian \u0111\u1ecdc":"1 ph\u00fat"},"schema":{"@context":"https:\/\/schema.org","@graph":[{"@type":"WebPage","@id":"https:\/\/alchemy-asia.com\/vi\/san-pham\/four-pillars-olive-leaf\/","url":"https:\/\/alchemy-asia.com\/vi\/san-pham\/four-pillars-olive-leaf\/","name":"Four Pillars Olive Leaf - Alchemy Asia","isPartOf":{"@id":"https:\/\/alchemy-asia.com\/vi\/#website"},"primaryImageOfPage":{"@id":"https:\/\/alchemy-asia.com\/vi\/san-pham\/four-pillars-olive-leaf\/#primaryimage"},"image":{"@id":"https:\/\/alchemy-asia.com\/vi\/san-pham\/four-pillars-olive-leaf\/#primaryimage"},"thumbnailUrl":"https:\/\/alchemy-asia.com\/vi\/wp-content\/uploads\/sites\/3\/2024\/07\/Four-Pillars-Gin-Olive-Leaf.png","datePublished":"2024-09-10T08:31:55+00:00","dateModified":"2024-09-10T08:31:56+00:00","breadcrumb":{"@id":"https:\/\/alchemy-asia.com\/vi\/san-pham\/four-pillars-olive-leaf\/#breadcrumb"},"inLanguage":"vi","potentialAction":[{"@type":"ReadAction","target":["https:\/\/alchemy-asia.com\/vi\/san-pham\/four-pillars-olive-leaf\/"]}]},{"@type":"ImageObject","inLanguage":"vi","@id":"https:\/\/alchemy-asia.com\/vi\/san-pham\/four-pillars-olive-leaf\/#primaryimage","url":"https:\/\/alchemy-asia.com\/vi\/wp-content\/uploads\/sites\/3\/2024\/07\/Four-Pillars-Gin-Olive-Leaf.png","contentUrl":"https:\/\/alchemy-asia.com\/vi\/wp-content\/uploads\/sites\/3\/2024\/07\/Four-Pillars-Gin-Olive-Leaf.png","width":2100,"height":2100,"caption":"Four Pillars Gin Olive Leaf"},{"@type":"BreadcrumbList","@id":"https:\/\/alchemy-asia.com\/vi\/san-pham\/four-pillars-olive-leaf\/#breadcrumb","itemListElement":[{"@type":"ListItem","position":1,"name":"Home","item":"https:\/\/alchemy-asia.com\/vi\/"},{"@type":"ListItem","position":2,"name":"Four Pillars Olive Leaf"}]},{"@type":"WebSite","@id":"https:\/\/alchemy-asia.com\/vi\/#website","url":"https:\/\/alchemy-asia.com\/vi\/","name":"Alchemy Asia","description":"Just another Alchemy Asia Sites site","potentialAction":[{"@type":"SearchAction","target":{"@type":"EntryPoint","urlTemplate":"https:\/\/alchemy-asia.com\/vi\/?s={search_term_string}"},"query-input":"required name=search_term_string"}],"inLanguage":"vi"}]}},"_links":{"self":[{"href":"https:\/\/alchemy-asia.com\/vi\/wp-json\/wp\/v2\/product\/8573","targetHints":{"allow":["GET"]}}],"collection":[{"href":"https:\/\/alchemy-asia.com\/vi\/wp-json\/wp\/v2\/product"}],"about":[{"href":"https:\/\/alchemy-asia.com\/vi\/wp-json\/wp\/v2\/types\/product"}],"replies":[{"embeddable":true,"href":"https:\/\/alchemy-asia.com\/vi\/wp-json\/wp\/v2\/comments?post=8573"}],"wp:featuredmedia":[{"embeddable":true,"href":"https:\/\/alchemy-asia.com\/vi\/wp-json\/wp\/v2\/media\/8574"}],"wp:attachment":[{"href":"https:\/\/alchemy-asia.com\/vi\/wp-json\/wp\/v2\/media?parent=8573"}],"wp:term":[{"taxonomy":"product_cat","embeddable":true,"href":"https:\/\/alchemy-asia.com\/vi\/wp-json\/wp\/v2\/product_cat?post=8573"},{"taxonomy":"product_tag","embeddable":true,"href":"https:\/\/alchemy-asia.com\/vi\/wp-json\/wp\/v2\/product_tag?post=8573"}],"curies":[{"name":"wp","href":"https:\/\/api.w.org\/{rel}","templated":true}]}}