{"id":8575,"date":"2024-09-10T08:31:53","date_gmt":"2024-09-10T08:31:53","guid":{"rendered":"https:\/\/alchemy-asia.com\/vi\/?post_type=product&#038;p=8575"},"modified":"2024-09-12T03:43:19","modified_gmt":"2024-09-12T03:43:19","slug":"four-pillars-rare-dry","status":"publish","type":"product","link":"https:\/\/alchemy-asia.com\/vi\/san-pham\/four-pillars-rare-dry\/","title":{"rendered":"Four Pillars Rare Dry"},"content":{"rendered":"","protected":false},"excerpt":{"rendered":"<p><span data-sheets-root=\"1\" data-sheets-value=\"{&quot;1&quot;:2,&quot;2&quot;:&quot;Ch\u00fang t\u00f4i mu\u1ed1n t\u1ea1o ra m\u1ed9t lo\u1ea1i gin \u0111\u1ec3 hi\u1ec7n th\u1ef1c h\u00f3a cho \u00fd t\u01b0\u1edfng v\u1ec1 n\u01b0\u1edbc \u00dac \u0111\u01b0\u01a1ng \u0111\u1ea1i: c\u1ed5 \u0111i\u1ec3n, d\u1ec5 ti\u1ebfp c\u1eadn, \u0111\u01b0\u1ee3c gia v\u1ecb ho\u00e0n h\u1ea3o v\u00e0 n\u00e2ng t\u1ea7m v\u1edbi h\u01b0\u01a1ng cam chanh tuy\u1ec7t v\u1eddi.\\r\\n \\r\\nCh\u00fang t\u00f4i kh\u1edfi \u0111\u1ea7u v\u1edbi ngu\u1ed3n n\u01b0\u1edbc s\u1ea1ch v\u00e0 trong l\u00e0nh c\u1ee7a thung l\u0169ng Yarra, m\u1ed9t trong nh\u1eefng ngu\u1ed3n n\u01b0\u1edbc t\u1ed1t nh\u1ea5t th\u1ebf gi\u1edbi. Sau \u0111\u00f3, ch\u00fang t\u00f4i ch\u1ecdn ra ch\u00edn lo\u1ea1i th\u1ea3o m\u1ed9c \u0111\u1eb7c tr\u01b0ng c\u00f9ng v\u1edbi cam nguy\u00ean qu\u1ea3 \u0111\u1ec3 th\u00eam v\u00e0o m\u1ed9t h\u01b0\u01a1ng th\u01a1m m\u1ea1nh m\u1ebd, mang \u0111\u1ebfn s\u1ef1 \u1ea5m \u00e1p c\u1ee7a \u0110\u1ecba Trung H\u1ea3i \u0111\u1ec3 gia t\u0103ng th\u00eam \u0111\u1ed9 cay c\u1ee7a c\u00e1c lo\u1ea1i th\u1ea3o m\u1ed9c nh\u01b0 b\u1ea1ch \u0111\u1eadu kh\u1ea5u.\\r\\n \\r\\nM\u1ed7i y\u1ebfu t\u1ed1 n\u00e0y (v\u00e0 r\u1ea5t nhi\u1ec1u t\u00ecnh y\u00eau) \u0111\u00e3 \u0111\u01b0\u1ee3c c\u00f9ng ch\u01b0ng c\u1ea5t trong n\u1ed3i \u0111\u1ed3ng - tuy\u1ec7t t\u00e1c c\u1ee7a \u0110\u1ee9c - Wilma, cho \u0111\u1ebfn khi ch\u00fang t\u00f4i c\u00f3 \u0111\u01b0\u1ee3c m\u1ed9t lo\u1ea1i r\u01b0\u1ee3u trong tr\u1ebbo nh\u01b0ng \u1ea9n ch\u01b0a phong ph\u00fa h\u01b0\u01a1ng v\u1ecb.\\r\\n \\r\\nLo\u1ea1i gin n\u00e0y t\u1ea1o n\u00ean m\u1ed9t ly G&amp;T \\&quot;\u0111\u1ed5i \u0111\u1eddi\\&quot; v\u00e0 t\u1ecfa s\u00e1ng trong c\u00e1c lo\u1ea1i cocktail c\u1ed5 \u0111i\u1ec3n:\\r\\n1.\\tPERFECT G&amp;T.\\r\\n2.\\tTOM COLLINS.\\r\\n3.\\tRED SNAPPER.\\r\\n4.\\tMARTINI.\\r&quot;}\" data-sheets-userformat=\"{&quot;2&quot;:1057791,&quot;3&quot;:{&quot;1&quot;:0},&quot;4&quot;:{&quot;1&quot;:2,&quot;2&quot;:16776960},&quot;5&quot;:{&quot;1&quot;:[{&quot;1&quot;:2,&quot;2&quot;:0,&quot;5&quot;:{&quot;1&quot;:2,&quot;2&quot;:0}},{&quot;1&quot;:0,&quot;2&quot;:0,&quot;3&quot;:3},{&quot;1&quot;:1,&quot;2&quot;:0,&quot;4&quot;:1}]},&quot;6&quot;:{&quot;1&quot;:[{&quot;1&quot;:2,&quot;2&quot;:0,&quot;5&quot;:{&quot;1&quot;:2,&quot;2&quot;:0}},{&quot;1&quot;:0,&quot;2&quot;:0,&quot;3&quot;:3},{&quot;1&quot;:1,&quot;2&quot;:0,&quot;4&quot;:1}]},&quot;7&quot;:{&quot;1&quot;:[{&quot;1&quot;:2,&quot;2&quot;:0,&quot;5&quot;:{&quot;1&quot;:2,&quot;2&quot;:0}},{&quot;1&quot;:0,&quot;2&quot;:0,&quot;3&quot;:3},{&quot;1&quot;:1,&quot;2&quot;:0,&quot;4&quot;:1}]},&quot;8&quot;:{&quot;1&quot;:[{&quot;1&quot;:2,&quot;2&quot;:0,&quot;5&quot;:{&quot;1&quot;:2,&quot;2&quot;:0}},{&quot;1&quot;:0,&quot;2&quot;:0,&quot;3&quot;:3},{&quot;1&quot;:1,&quot;2&quot;:0,&quot;4&quot;:1}]},&quot;9&quot;:0,&quot;10&quot;:1,&quot;11&quot;:4,&quot;12&quot;:0,&quot;16&quot;:12,&quot;23&quot;:1}\">Ch\u00fang t\u00f4i mu\u1ed1n t\u1ea1o ra m\u1ed9t lo\u1ea1i gin \u0111\u1ec3 hi\u1ec7n th\u1ef1c h\u00f3a cho \u00fd t\u01b0\u1edfng v\u1ec1 n\u01b0\u1edbc \u00dac \u0111\u01b0\u01a1ng \u0111\u1ea1i: c\u1ed5 \u0111i\u1ec3n, d\u1ec5 ti\u1ebfp c\u1eadn, \u0111\u01b0\u1ee3c gia v\u1ecb ho\u00e0n h\u1ea3o v\u00e0 n\u00e2ng t\u1ea7m v\u1edbi h\u01b0\u01a1ng cam chanh tuy\u1ec7t v\u1eddi.<\/span><\/p>\n<p>Ch\u00fang t\u00f4i kh\u1edfi \u0111\u1ea7u v\u1edbi ngu\u1ed3n n\u01b0\u1edbc s\u1ea1ch v\u00e0 trong l\u00e0nh c\u1ee7a thung l\u0169ng Yarra, m\u1ed9t trong nh\u1eefng ngu\u1ed3n n\u01b0\u1edbc t\u1ed1t nh\u1ea5t th\u1ebf gi\u1edbi. Sau \u0111\u00f3, ch\u00fang t\u00f4i ch\u1ecdn ra ch\u00edn lo\u1ea1i th\u1ea3o m\u1ed9c \u0111\u1eb7c tr\u01b0ng c\u00f9ng v\u1edbi cam nguy\u00ean qu\u1ea3 \u0111\u1ec3 th\u00eam v\u00e0o m\u1ed9t h\u01b0\u01a1ng th\u01a1m m\u1ea1nh m\u1ebd, mang \u0111\u1ebfn s\u1ef1 \u1ea5m \u00e1p c\u1ee7a \u0110\u1ecba Trung H\u1ea3i \u0111\u1ec3 gia t\u0103ng th\u00eam \u0111\u1ed9 cay c\u1ee7a c\u00e1c lo\u1ea1i th\u1ea3o m\u1ed9c nh\u01b0 b\u1ea1ch \u0111\u1eadu kh\u1ea5u.<\/p>\n<p>M\u1ed7i y\u1ebfu t\u1ed1 n\u00e0y (v\u00e0 r\u1ea5t nhi\u1ec1u t\u00ecnh y\u00eau) \u0111\u00e3 \u0111\u01b0\u1ee3c c\u00f9ng ch\u01b0ng c\u1ea5t trong n\u1ed3i \u0111\u1ed3ng &#8211; tuy\u1ec7t t\u00e1c c\u1ee7a \u0110\u1ee9c &#8211; Wilma, cho \u0111\u1ebfn khi ch\u00fang t\u00f4i c\u00f3 \u0111\u01b0\u1ee3c m\u1ed9t lo\u1ea1i r\u01b0\u1ee3u trong tr\u1ebbo nh\u01b0ng \u1ea9n ch\u01b0a phong ph\u00fa h\u01b0\u01a1ng v\u1ecb.<\/p>\n<p>Lo\u1ea1i gin n\u00e0y t\u1ea1o n\u00ean m\u1ed9t ly G&amp;T &#8220;\u0111\u1ed5i \u0111\u1eddi&#8221; v\u00e0 t\u1ecfa s\u00e1ng trong c\u00e1c lo\u1ea1i cocktail c\u1ed5 \u0111i\u1ec3n:<br \/>\n1. PERFECT G&amp;T.<br \/>\n2. TOM COLLINS.<br \/>\n3. RED SNAPPER.<br \/>\n4. MARTINI.<\/p>\n","protected":false},"featured_media":8873,"comment_status":"open","ping_status":"closed","template":"","meta":{"_acf_changed":false},"product_cat":[52],"product_tag":[],"class_list":{"0":"post-8575","1":"product","2":"type-product","3":"status-publish","4":"has-post-thumbnail","6":"product_cat-gin","7":"brand-four-pillars","9":"first","10":"instock","11":"shipping-taxable","12":"product-type-simple"},"acf":[],"yoast_head":"<!-- This site is optimized with the Yoast SEO plugin v23.0 - https:\/\/yoast.com\/wordpress\/plugins\/seo\/ -->\n<title>Four Pillars Rare Dry - Alchemy Asia<\/title>\n<meta name=\"robots\" content=\"index, follow, max-snippet:-1, max-image-preview:large, max-video-preview:-1\" \/>\n<link rel=\"canonical\" href=\"https:\/\/alchemy-asia.com\/vi\/san-pham\/four-pillars-rare-dry\/\" \/>\n<meta property=\"og:locale\" content=\"vi_VN\" \/>\n<meta property=\"og:type\" content=\"article\" \/>\n<meta property=\"og:title\" content=\"Four Pillars Rare Dry - Alchemy Asia\" \/>\n<meta property=\"og:description\" content=\"Ch\u00fang t\u00f4i mu\u1ed1n t\u1ea1o ra m\u1ed9t lo\u1ea1i gin \u0111\u1ec3 hi\u1ec7n th\u1ef1c h\u00f3a cho \u00fd t\u01b0\u1edfng v\u1ec1 n\u01b0\u1edbc \u00dac \u0111\u01b0\u01a1ng \u0111\u1ea1i: c\u1ed5 \u0111i\u1ec3n, d\u1ec5 ti\u1ebfp c\u1eadn, \u0111\u01b0\u1ee3c gia v\u1ecb ho\u00e0n h\u1ea3o v\u00e0 n\u00e2ng t\u1ea7m v\u1edbi h\u01b0\u01a1ng cam chanh tuy\u1ec7t v\u1eddi.  Ch\u00fang t\u00f4i kh\u1edfi \u0111\u1ea7u v\u1edbi ngu\u1ed3n n\u01b0\u1edbc s\u1ea1ch v\u00e0 trong l\u00e0nh c\u1ee7a thung l\u0169ng Yarra, m\u1ed9t trong nh\u1eefng ngu\u1ed3n n\u01b0\u1edbc t\u1ed1t nh\u1ea5t th\u1ebf gi\u1edbi. Sau \u0111\u00f3, ch\u00fang t\u00f4i ch\u1ecdn ra ch\u00edn lo\u1ea1i th\u1ea3o m\u1ed9c \u0111\u1eb7c tr\u01b0ng c\u00f9ng v\u1edbi cam nguy\u00ean qu\u1ea3 \u0111\u1ec3 th\u00eam v\u00e0o m\u1ed9t h\u01b0\u01a1ng th\u01a1m m\u1ea1nh m\u1ebd, mang \u0111\u1ebfn s\u1ef1 \u1ea5m \u00e1p c\u1ee7a \u0110\u1ecba Trung H\u1ea3i \u0111\u1ec3 gia t\u0103ng th\u00eam \u0111\u1ed9 cay c\u1ee7a c\u00e1c lo\u1ea1i th\u1ea3o m\u1ed9c nh\u01b0 b\u1ea1ch \u0111\u1eadu kh\u1ea5u.  M\u1ed7i y\u1ebfu t\u1ed1 n\u00e0y (v\u00e0 r\u1ea5t nhi\u1ec1u t\u00ecnh y\u00eau) \u0111\u00e3 \u0111\u01b0\u1ee3c c\u00f9ng ch\u01b0ng c\u1ea5t trong n\u1ed3i \u0111\u1ed3ng - tuy\u1ec7t t\u00e1c c\u1ee7a \u0110\u1ee9c - Wilma, cho \u0111\u1ebfn khi ch\u00fang t\u00f4i c\u00f3 \u0111\u01b0\u1ee3c m\u1ed9t lo\u1ea1i r\u01b0\u1ee3u trong tr\u1ebbo nh\u01b0ng \u1ea9n ch\u01b0a phong ph\u00fa h\u01b0\u01a1ng v\u1ecb.  Lo\u1ea1i gin n\u00e0y t\u1ea1o n\u00ean m\u1ed9t ly G&amp;T &quot;\u0111\u1ed5i \u0111\u1eddi&quot; v\u00e0 t\u1ecfa s\u00e1ng trong c\u00e1c lo\u1ea1i cocktail c\u1ed5 \u0111i\u1ec3n: 1. PERFECT G&amp;T. 2. TOM COLLINS. 3. RED SNAPPER. 4. MARTINI.\" \/>\n<meta property=\"og:url\" content=\"https:\/\/alchemy-asia.com\/vi\/san-pham\/four-pillars-rare-dry\/\" \/>\n<meta property=\"og:site_name\" content=\"Alchemy Asia\" \/>\n<meta property=\"article:modified_time\" content=\"2024-09-12T03:43:19+00:00\" \/>\n<meta property=\"og:image\" content=\"https:\/\/alchemy-asia.com\/vi\/wp-content\/uploads\/sites\/3\/2024\/09\/WEBSITE-1024x1024.png\" \/>\n\t<meta property=\"og:image:width\" content=\"1024\" \/>\n\t<meta property=\"og:image:height\" content=\"1024\" \/>\n\t<meta property=\"og:image:type\" content=\"image\/png\" \/>\n<meta name=\"twitter:card\" content=\"summary_large_image\" \/>\n<meta name=\"twitter:label1\" content=\"\u01af\u1edbc t\u00ednh th\u1eddi gian \u0111\u1ecdc\" \/>\n\t<meta name=\"twitter:data1\" content=\"1 ph\u00fat\" \/>\n<script type=\"application\/ld+json\" class=\"yoast-schema-graph\">{\"@context\":\"https:\/\/schema.org\",\"@graph\":[{\"@type\":\"WebPage\",\"@id\":\"https:\/\/alchemy-asia.com\/vi\/san-pham\/four-pillars-rare-dry\/\",\"url\":\"https:\/\/alchemy-asia.com\/vi\/san-pham\/four-pillars-rare-dry\/\",\"name\":\"Four Pillars Rare Dry - Alchemy Asia\",\"isPartOf\":{\"@id\":\"https:\/\/alchemy-asia.com\/vi\/#website\"},\"primaryImageOfPage\":{\"@id\":\"https:\/\/alchemy-asia.com\/vi\/san-pham\/four-pillars-rare-dry\/#primaryimage\"},\"image\":{\"@id\":\"https:\/\/alchemy-asia.com\/vi\/san-pham\/four-pillars-rare-dry\/#primaryimage\"},\"thumbnailUrl\":\"https:\/\/alchemy-asia.com\/vi\/wp-content\/uploads\/sites\/3\/2024\/09\/WEBSITE.png\",\"datePublished\":\"2024-09-10T08:31:53+00:00\",\"dateModified\":\"2024-09-12T03:43:19+00:00\",\"breadcrumb\":{\"@id\":\"https:\/\/alchemy-asia.com\/vi\/san-pham\/four-pillars-rare-dry\/#breadcrumb\"},\"inLanguage\":\"vi\",\"potentialAction\":[{\"@type\":\"ReadAction\",\"target\":[\"https:\/\/alchemy-asia.com\/vi\/san-pham\/four-pillars-rare-dry\/\"]}]},{\"@type\":\"ImageObject\",\"inLanguage\":\"vi\",\"@id\":\"https:\/\/alchemy-asia.com\/vi\/san-pham\/four-pillars-rare-dry\/#primaryimage\",\"url\":\"https:\/\/alchemy-asia.com\/vi\/wp-content\/uploads\/sites\/3\/2024\/09\/WEBSITE.png\",\"contentUrl\":\"https:\/\/alchemy-asia.com\/vi\/wp-content\/uploads\/sites\/3\/2024\/09\/WEBSITE.png\",\"width\":2480,\"height\":2480,\"caption\":\"Four Pillars Rare Dry\"},{\"@type\":\"BreadcrumbList\",\"@id\":\"https:\/\/alchemy-asia.com\/vi\/san-pham\/four-pillars-rare-dry\/#breadcrumb\",\"itemListElement\":[{\"@type\":\"ListItem\",\"position\":1,\"name\":\"Home\",\"item\":\"https:\/\/alchemy-asia.com\/vi\/\"},{\"@type\":\"ListItem\",\"position\":2,\"name\":\"Four Pillars Rare Dry\"}]},{\"@type\":\"WebSite\",\"@id\":\"https:\/\/alchemy-asia.com\/vi\/#website\",\"url\":\"https:\/\/alchemy-asia.com\/vi\/\",\"name\":\"Alchemy Asia\",\"description\":\"Just another Alchemy Asia Sites site\",\"potentialAction\":[{\"@type\":\"SearchAction\",\"target\":{\"@type\":\"EntryPoint\",\"urlTemplate\":\"https:\/\/alchemy-asia.com\/vi\/?s={search_term_string}\"},\"query-input\":\"required name=search_term_string\"}],\"inLanguage\":\"vi\"}]}<\/script>\n<!-- \/ Yoast SEO plugin. -->","yoast_head_json":{"title":"Four Pillars Rare Dry - Alchemy Asia","robots":{"index":"index","follow":"follow","max-snippet":"max-snippet:-1","max-image-preview":"max-image-preview:large","max-video-preview":"max-video-preview:-1"},"canonical":"https:\/\/alchemy-asia.com\/vi\/san-pham\/four-pillars-rare-dry\/","og_locale":"vi_VN","og_type":"article","og_title":"Four Pillars Rare Dry - Alchemy Asia","og_description":"Ch\u00fang t\u00f4i mu\u1ed1n t\u1ea1o ra m\u1ed9t lo\u1ea1i gin \u0111\u1ec3 hi\u1ec7n th\u1ef1c h\u00f3a cho \u00fd t\u01b0\u1edfng v\u1ec1 n\u01b0\u1edbc \u00dac \u0111\u01b0\u01a1ng \u0111\u1ea1i: c\u1ed5 \u0111i\u1ec3n, d\u1ec5 ti\u1ebfp c\u1eadn, \u0111\u01b0\u1ee3c gia v\u1ecb ho\u00e0n h\u1ea3o v\u00e0 n\u00e2ng t\u1ea7m v\u1edbi h\u01b0\u01a1ng cam chanh tuy\u1ec7t v\u1eddi.  Ch\u00fang t\u00f4i kh\u1edfi \u0111\u1ea7u v\u1edbi ngu\u1ed3n n\u01b0\u1edbc s\u1ea1ch v\u00e0 trong l\u00e0nh c\u1ee7a thung l\u0169ng Yarra, m\u1ed9t trong nh\u1eefng ngu\u1ed3n n\u01b0\u1edbc t\u1ed1t nh\u1ea5t th\u1ebf gi\u1edbi. Sau \u0111\u00f3, ch\u00fang t\u00f4i ch\u1ecdn ra ch\u00edn lo\u1ea1i th\u1ea3o m\u1ed9c \u0111\u1eb7c tr\u01b0ng c\u00f9ng v\u1edbi cam nguy\u00ean qu\u1ea3 \u0111\u1ec3 th\u00eam v\u00e0o m\u1ed9t h\u01b0\u01a1ng th\u01a1m m\u1ea1nh m\u1ebd, mang \u0111\u1ebfn s\u1ef1 \u1ea5m \u00e1p c\u1ee7a \u0110\u1ecba Trung H\u1ea3i \u0111\u1ec3 gia t\u0103ng th\u00eam \u0111\u1ed9 cay c\u1ee7a c\u00e1c lo\u1ea1i th\u1ea3o m\u1ed9c nh\u01b0 b\u1ea1ch \u0111\u1eadu kh\u1ea5u.  M\u1ed7i y\u1ebfu t\u1ed1 n\u00e0y (v\u00e0 r\u1ea5t nhi\u1ec1u t\u00ecnh y\u00eau) \u0111\u00e3 \u0111\u01b0\u1ee3c c\u00f9ng ch\u01b0ng c\u1ea5t trong n\u1ed3i \u0111\u1ed3ng - tuy\u1ec7t t\u00e1c c\u1ee7a \u0110\u1ee9c - Wilma, cho \u0111\u1ebfn khi ch\u00fang t\u00f4i c\u00f3 \u0111\u01b0\u1ee3c m\u1ed9t lo\u1ea1i r\u01b0\u1ee3u trong tr\u1ebbo nh\u01b0ng \u1ea9n ch\u01b0a phong ph\u00fa h\u01b0\u01a1ng v\u1ecb.  Lo\u1ea1i gin n\u00e0y t\u1ea1o n\u00ean m\u1ed9t ly G&amp;T \"\u0111\u1ed5i \u0111\u1eddi\" v\u00e0 t\u1ecfa s\u00e1ng trong c\u00e1c lo\u1ea1i cocktail c\u1ed5 \u0111i\u1ec3n: 1. PERFECT G&amp;T. 2. TOM COLLINS. 3. RED SNAPPER. 4. MARTINI.","og_url":"https:\/\/alchemy-asia.com\/vi\/san-pham\/four-pillars-rare-dry\/","og_site_name":"Alchemy Asia","article_modified_time":"2024-09-12T03:43:19+00:00","og_image":[{"width":1024,"height":1024,"url":"https:\/\/alchemy-asia.com\/vi\/wp-content\/uploads\/sites\/3\/2024\/09\/WEBSITE-1024x1024.png","type":"image\/png"}],"twitter_card":"summary_large_image","twitter_misc":{"\u01af\u1edbc t\u00ednh th\u1eddi gian \u0111\u1ecdc":"1 ph\u00fat"},"schema":{"@context":"https:\/\/schema.org","@graph":[{"@type":"WebPage","@id":"https:\/\/alchemy-asia.com\/vi\/san-pham\/four-pillars-rare-dry\/","url":"https:\/\/alchemy-asia.com\/vi\/san-pham\/four-pillars-rare-dry\/","name":"Four Pillars Rare Dry - Alchemy Asia","isPartOf":{"@id":"https:\/\/alchemy-asia.com\/vi\/#website"},"primaryImageOfPage":{"@id":"https:\/\/alchemy-asia.com\/vi\/san-pham\/four-pillars-rare-dry\/#primaryimage"},"image":{"@id":"https:\/\/alchemy-asia.com\/vi\/san-pham\/four-pillars-rare-dry\/#primaryimage"},"thumbnailUrl":"https:\/\/alchemy-asia.com\/vi\/wp-content\/uploads\/sites\/3\/2024\/09\/WEBSITE.png","datePublished":"2024-09-10T08:31:53+00:00","dateModified":"2024-09-12T03:43:19+00:00","breadcrumb":{"@id":"https:\/\/alchemy-asia.com\/vi\/san-pham\/four-pillars-rare-dry\/#breadcrumb"},"inLanguage":"vi","potentialAction":[{"@type":"ReadAction","target":["https:\/\/alchemy-asia.com\/vi\/san-pham\/four-pillars-rare-dry\/"]}]},{"@type":"ImageObject","inLanguage":"vi","@id":"https:\/\/alchemy-asia.com\/vi\/san-pham\/four-pillars-rare-dry\/#primaryimage","url":"https:\/\/alchemy-asia.com\/vi\/wp-content\/uploads\/sites\/3\/2024\/09\/WEBSITE.png","contentUrl":"https:\/\/alchemy-asia.com\/vi\/wp-content\/uploads\/sites\/3\/2024\/09\/WEBSITE.png","width":2480,"height":2480,"caption":"Four Pillars Rare Dry"},{"@type":"BreadcrumbList","@id":"https:\/\/alchemy-asia.com\/vi\/san-pham\/four-pillars-rare-dry\/#breadcrumb","itemListElement":[{"@type":"ListItem","position":1,"name":"Home","item":"https:\/\/alchemy-asia.com\/vi\/"},{"@type":"ListItem","position":2,"name":"Four Pillars Rare Dry"}]},{"@type":"WebSite","@id":"https:\/\/alchemy-asia.com\/vi\/#website","url":"https:\/\/alchemy-asia.com\/vi\/","name":"Alchemy Asia","description":"Just another Alchemy Asia Sites site","potentialAction":[{"@type":"SearchAction","target":{"@type":"EntryPoint","urlTemplate":"https:\/\/alchemy-asia.com\/vi\/?s={search_term_string}"},"query-input":"required name=search_term_string"}],"inLanguage":"vi"}]}},"_links":{"self":[{"href":"https:\/\/alchemy-asia.com\/vi\/wp-json\/wp\/v2\/product\/8575","targetHints":{"allow":["GET"]}}],"collection":[{"href":"https:\/\/alchemy-asia.com\/vi\/wp-json\/wp\/v2\/product"}],"about":[{"href":"https:\/\/alchemy-asia.com\/vi\/wp-json\/wp\/v2\/types\/product"}],"replies":[{"embeddable":true,"href":"https:\/\/alchemy-asia.com\/vi\/wp-json\/wp\/v2\/comments?post=8575"}],"wp:featuredmedia":[{"embeddable":true,"href":"https:\/\/alchemy-asia.com\/vi\/wp-json\/wp\/v2\/media\/8873"}],"wp:attachment":[{"href":"https:\/\/alchemy-asia.com\/vi\/wp-json\/wp\/v2\/media?parent=8575"}],"wp:term":[{"taxonomy":"product_cat","embeddable":true,"href":"https:\/\/alchemy-asia.com\/vi\/wp-json\/wp\/v2\/product_cat?post=8575"},{"taxonomy":"product_tag","embeddable":true,"href":"https:\/\/alchemy-asia.com\/vi\/wp-json\/wp\/v2\/product_tag?post=8575"}],"curies":[{"name":"wp","href":"https:\/\/api.w.org\/{rel}","templated":true}]}}