{"id":8577,"date":"2024-09-10T08:31:52","date_gmt":"2024-09-10T08:31:52","guid":{"rendered":"https:\/\/alchemy-asia.com\/vi\/?post_type=product&#038;p=8577"},"modified":"2024-09-10T08:31:52","modified_gmt":"2024-09-10T08:31:52","slug":"four-pillars-spice-trade","status":"publish","type":"product","link":"https:\/\/alchemy-asia.com\/vi\/san-pham\/four-pillars-spice-trade\/","title":{"rendered":"Four Pillars Spice Trade"},"content":{"rendered":"","protected":false},"excerpt":{"rendered":"<p><span data-sheets-root=\"1\" data-sheets-value=\"{&quot;1&quot;:2,&quot;2&quot;:&quot;\u0110\u00e2y l\u00e0 lo\u1ea1i gin th\u1ee9 t\u01b0 thu\u1ed9c d\u00f2ng Gin Distiller Series, \u0111\u01b0\u1ee3c t\u1ea1o ra b\u1eb1ng c\u00e1ch tr\u00e1o \u0111\u1ed5i gia v\u1ecb v\u00e0 \u00fd t\u01b0\u1edfng v\u1edbi nh\u1eefng ng\u01b0\u1eddi b\u1ea1n c\u1ee7a ch\u00fang t\u00f4i t\u1ea1i Stranger &amp; Sons \u1edf Goa. N\u00f3 s\u1ed1ng \u0111\u1ed9ng, th\u01a1m ng\u00e1t v\u00e0 n\u1ebfu m\u00e0u s\u1eafc c\u00f3 th\u1ec3 c\u1ea3m nh\u1eadn \u0111\u01b0\u1ee3c, th\u00ec lo\u1ea1i gin n\u00e0y \u0111ang th\u1ec3 hi\u1ec7n \u0111i\u1ec1u \u0111\u00f3. Lo\u1ea1i gin n\u00e0y l\u00e0 m\u1ed9t s\u1ef1 t\u00f4n vinh n\u00e1o nhi\u1ec7t, vui v\u1ebb v\u00e0 t\u01b0\u01a1i m\u1edbi cho t\u00ecnh y\u00eau c\u1ee7a ch\u00fang t\u00f4i \u0111\u1ed1i v\u1edbi h\u01b0\u01a1ng v\u1ecb v\u00e0 \u1ea9m th\u1ef1c \u1ea4n \u0110\u1ed9.&quot;}\" data-sheets-userformat=\"{&quot;2&quot;:1057791,&quot;3&quot;:{&quot;1&quot;:0},&quot;4&quot;:{&quot;1&quot;:2,&quot;2&quot;:16776960},&quot;5&quot;:{&quot;1&quot;:[{&quot;1&quot;:2,&quot;2&quot;:0,&quot;5&quot;:{&quot;1&quot;:2,&quot;2&quot;:0}},{&quot;1&quot;:0,&quot;2&quot;:0,&quot;3&quot;:3},{&quot;1&quot;:1,&quot;2&quot;:0,&quot;4&quot;:1}]},&quot;6&quot;:{&quot;1&quot;:[{&quot;1&quot;:2,&quot;2&quot;:0,&quot;5&quot;:{&quot;1&quot;:2,&quot;2&quot;:0}},{&quot;1&quot;:0,&quot;2&quot;:0,&quot;3&quot;:3},{&quot;1&quot;:1,&quot;2&quot;:0,&quot;4&quot;:1}]},&quot;7&quot;:{&quot;1&quot;:[{&quot;1&quot;:2,&quot;2&quot;:0,&quot;5&quot;:{&quot;1&quot;:2,&quot;2&quot;:0}},{&quot;1&quot;:0,&quot;2&quot;:0,&quot;3&quot;:3},{&quot;1&quot;:1,&quot;2&quot;:0,&quot;4&quot;:1}]},&quot;8&quot;:{&quot;1&quot;:[{&quot;1&quot;:2,&quot;2&quot;:0,&quot;5&quot;:{&quot;1&quot;:2,&quot;2&quot;:0}},{&quot;1&quot;:0,&quot;2&quot;:0,&quot;3&quot;:3},{&quot;1&quot;:1,&quot;2&quot;:0,&quot;4&quot;:1}]},&quot;9&quot;:0,&quot;10&quot;:1,&quot;11&quot;:4,&quot;12&quot;:0,&quot;16&quot;:12,&quot;23&quot;:1}\">\u0110\u00e2y l\u00e0 lo\u1ea1i gin th\u1ee9 t\u01b0 thu\u1ed9c d\u00f2ng Gin Distiller Series, \u0111\u01b0\u1ee3c t\u1ea1o ra b\u1eb1ng c\u00e1ch tr\u00e1o \u0111\u1ed5i gia v\u1ecb v\u00e0 \u00fd t\u01b0\u1edfng v\u1edbi nh\u1eefng ng\u01b0\u1eddi b\u1ea1n c\u1ee7a ch\u00fang t\u00f4i t\u1ea1i Stranger &amp; Sons \u1edf Goa. N\u00f3 s\u1ed1ng \u0111\u1ed9ng, th\u01a1m ng\u00e1t v\u00e0 n\u1ebfu m\u00e0u s\u1eafc c\u00f3 th\u1ec3 c\u1ea3m nh\u1eadn \u0111\u01b0\u1ee3c, th\u00ec lo\u1ea1i gin n\u00e0y \u0111ang th\u1ec3 hi\u1ec7n \u0111i\u1ec1u \u0111\u00f3. Lo\u1ea1i gin n\u00e0y l\u00e0 m\u1ed9t s\u1ef1 t\u00f4n vinh n\u00e1o nhi\u1ec7t, vui v\u1ebb v\u00e0 t\u01b0\u01a1i m\u1edbi cho t\u00ecnh y\u00eau c\u1ee7a ch\u00fang t\u00f4i \u0111\u1ed1i v\u1edbi h\u01b0\u01a1ng v\u1ecb v\u00e0 \u1ea9m th\u1ef1c \u1ea4n \u0110\u1ed9.<\/span><\/p>\n","protected":false},"featured_media":8578,"comment_status":"open","ping_status":"closed","template":"","meta":{"_acf_changed":false},"product_cat":[52],"product_tag":[],"class_list":{"0":"post-8577","1":"product","2":"type-product","3":"status-publish","4":"has-post-thumbnail","6":"product_cat-gin","7":"brand-four-pillars","9":"first","10":"instock","11":"shipping-taxable","12":"product-type-simple"},"acf":[],"yoast_head":"<!-- This site is optimized with the Yoast SEO plugin v23.0 - https:\/\/yoast.com\/wordpress\/plugins\/seo\/ -->\n<title>Four Pillars Spice Trade - Alchemy Asia<\/title>\n<meta name=\"robots\" content=\"index, follow, max-snippet:-1, max-image-preview:large, max-video-preview:-1\" \/>\n<link rel=\"canonical\" href=\"https:\/\/alchemy-asia.com\/vi\/san-pham\/four-pillars-spice-trade\/\" \/>\n<meta property=\"og:locale\" content=\"vi_VN\" \/>\n<meta property=\"og:type\" content=\"article\" \/>\n<meta property=\"og:title\" content=\"Four Pillars Spice Trade - Alchemy Asia\" \/>\n<meta property=\"og:description\" content=\"\u0110\u00e2y l\u00e0 lo\u1ea1i gin th\u1ee9 t\u01b0 thu\u1ed9c d\u00f2ng Gin Distiller Series, \u0111\u01b0\u1ee3c t\u1ea1o ra b\u1eb1ng c\u00e1ch tr\u00e1o \u0111\u1ed5i gia v\u1ecb v\u00e0 \u00fd t\u01b0\u1edfng v\u1edbi nh\u1eefng ng\u01b0\u1eddi b\u1ea1n c\u1ee7a ch\u00fang t\u00f4i t\u1ea1i Stranger &amp; Sons \u1edf Goa. N\u00f3 s\u1ed1ng \u0111\u1ed9ng, th\u01a1m ng\u00e1t v\u00e0 n\u1ebfu m\u00e0u s\u1eafc c\u00f3 th\u1ec3 c\u1ea3m nh\u1eadn \u0111\u01b0\u1ee3c, th\u00ec lo\u1ea1i gin n\u00e0y \u0111ang th\u1ec3 hi\u1ec7n \u0111i\u1ec1u \u0111\u00f3. Lo\u1ea1i gin n\u00e0y l\u00e0 m\u1ed9t s\u1ef1 t\u00f4n vinh n\u00e1o nhi\u1ec7t, vui v\u1ebb v\u00e0 t\u01b0\u01a1i m\u1edbi cho t\u00ecnh y\u00eau c\u1ee7a ch\u00fang t\u00f4i \u0111\u1ed1i v\u1edbi h\u01b0\u01a1ng v\u1ecb v\u00e0 \u1ea9m th\u1ef1c \u1ea4n \u0110\u1ed9.\" \/>\n<meta property=\"og:url\" content=\"https:\/\/alchemy-asia.com\/vi\/san-pham\/four-pillars-spice-trade\/\" \/>\n<meta property=\"og:site_name\" content=\"Alchemy Asia\" \/>\n<meta property=\"og:image\" content=\"https:\/\/alchemy-asia.com\/vi\/wp-content\/uploads\/sites\/3\/2024\/07\/Four-Pillars-Gin-Spice-Trade.png\" \/>\n\t<meta property=\"og:image:width\" content=\"2100\" \/>\n\t<meta property=\"og:image:height\" content=\"2100\" \/>\n\t<meta property=\"og:image:type\" content=\"image\/png\" \/>\n<meta name=\"twitter:card\" content=\"summary_large_image\" \/>\n<meta name=\"twitter:label1\" content=\"\u01af\u1edbc t\u00ednh th\u1eddi gian \u0111\u1ecdc\" \/>\n\t<meta name=\"twitter:data1\" content=\"1 ph\u00fat\" \/>\n<script type=\"application\/ld+json\" class=\"yoast-schema-graph\">{\"@context\":\"https:\/\/schema.org\",\"@graph\":[{\"@type\":\"WebPage\",\"@id\":\"https:\/\/alchemy-asia.com\/vi\/san-pham\/four-pillars-spice-trade\/\",\"url\":\"https:\/\/alchemy-asia.com\/vi\/san-pham\/four-pillars-spice-trade\/\",\"name\":\"Four Pillars Spice Trade - Alchemy Asia\",\"isPartOf\":{\"@id\":\"https:\/\/alchemy-asia.com\/vi\/#website\"},\"primaryImageOfPage\":{\"@id\":\"https:\/\/alchemy-asia.com\/vi\/san-pham\/four-pillars-spice-trade\/#primaryimage\"},\"image\":{\"@id\":\"https:\/\/alchemy-asia.com\/vi\/san-pham\/four-pillars-spice-trade\/#primaryimage\"},\"thumbnailUrl\":\"https:\/\/alchemy-asia.com\/vi\/wp-content\/uploads\/sites\/3\/2024\/07\/Four-Pillars-Gin-Spice-Trade.png\",\"datePublished\":\"2024-09-10T08:31:52+00:00\",\"dateModified\":\"2024-09-10T08:31:52+00:00\",\"breadcrumb\":{\"@id\":\"https:\/\/alchemy-asia.com\/vi\/san-pham\/four-pillars-spice-trade\/#breadcrumb\"},\"inLanguage\":\"vi\",\"potentialAction\":[{\"@type\":\"ReadAction\",\"target\":[\"https:\/\/alchemy-asia.com\/vi\/san-pham\/four-pillars-spice-trade\/\"]}]},{\"@type\":\"ImageObject\",\"inLanguage\":\"vi\",\"@id\":\"https:\/\/alchemy-asia.com\/vi\/san-pham\/four-pillars-spice-trade\/#primaryimage\",\"url\":\"https:\/\/alchemy-asia.com\/vi\/wp-content\/uploads\/sites\/3\/2024\/07\/Four-Pillars-Gin-Spice-Trade.png\",\"contentUrl\":\"https:\/\/alchemy-asia.com\/vi\/wp-content\/uploads\/sites\/3\/2024\/07\/Four-Pillars-Gin-Spice-Trade.png\",\"width\":2100,\"height\":2100,\"caption\":\"Four Pillars Gin Spice Trade\"},{\"@type\":\"BreadcrumbList\",\"@id\":\"https:\/\/alchemy-asia.com\/vi\/san-pham\/four-pillars-spice-trade\/#breadcrumb\",\"itemListElement\":[{\"@type\":\"ListItem\",\"position\":1,\"name\":\"Home\",\"item\":\"https:\/\/alchemy-asia.com\/vi\/\"},{\"@type\":\"ListItem\",\"position\":2,\"name\":\"Four Pillars Spice Trade\"}]},{\"@type\":\"WebSite\",\"@id\":\"https:\/\/alchemy-asia.com\/vi\/#website\",\"url\":\"https:\/\/alchemy-asia.com\/vi\/\",\"name\":\"Alchemy Asia\",\"description\":\"Just another Alchemy Asia Sites site\",\"potentialAction\":[{\"@type\":\"SearchAction\",\"target\":{\"@type\":\"EntryPoint\",\"urlTemplate\":\"https:\/\/alchemy-asia.com\/vi\/?s={search_term_string}\"},\"query-input\":\"required name=search_term_string\"}],\"inLanguage\":\"vi\"}]}<\/script>\n<!-- \/ Yoast SEO plugin. -->","yoast_head_json":{"title":"Four Pillars Spice Trade - Alchemy Asia","robots":{"index":"index","follow":"follow","max-snippet":"max-snippet:-1","max-image-preview":"max-image-preview:large","max-video-preview":"max-video-preview:-1"},"canonical":"https:\/\/alchemy-asia.com\/vi\/san-pham\/four-pillars-spice-trade\/","og_locale":"vi_VN","og_type":"article","og_title":"Four Pillars Spice Trade - Alchemy Asia","og_description":"\u0110\u00e2y l\u00e0 lo\u1ea1i gin th\u1ee9 t\u01b0 thu\u1ed9c d\u00f2ng Gin Distiller Series, \u0111\u01b0\u1ee3c t\u1ea1o ra b\u1eb1ng c\u00e1ch tr\u00e1o \u0111\u1ed5i gia v\u1ecb v\u00e0 \u00fd t\u01b0\u1edfng v\u1edbi nh\u1eefng ng\u01b0\u1eddi b\u1ea1n c\u1ee7a ch\u00fang t\u00f4i t\u1ea1i Stranger &amp; Sons \u1edf Goa. N\u00f3 s\u1ed1ng \u0111\u1ed9ng, th\u01a1m ng\u00e1t v\u00e0 n\u1ebfu m\u00e0u s\u1eafc c\u00f3 th\u1ec3 c\u1ea3m nh\u1eadn \u0111\u01b0\u1ee3c, th\u00ec lo\u1ea1i gin n\u00e0y \u0111ang th\u1ec3 hi\u1ec7n \u0111i\u1ec1u \u0111\u00f3. Lo\u1ea1i gin n\u00e0y l\u00e0 m\u1ed9t s\u1ef1 t\u00f4n vinh n\u00e1o nhi\u1ec7t, vui v\u1ebb v\u00e0 t\u01b0\u01a1i m\u1edbi cho t\u00ecnh y\u00eau c\u1ee7a ch\u00fang t\u00f4i \u0111\u1ed1i v\u1edbi h\u01b0\u01a1ng v\u1ecb v\u00e0 \u1ea9m th\u1ef1c \u1ea4n \u0110\u1ed9.","og_url":"https:\/\/alchemy-asia.com\/vi\/san-pham\/four-pillars-spice-trade\/","og_site_name":"Alchemy Asia","og_image":[{"width":2100,"height":2100,"url":"https:\/\/alchemy-asia.com\/vi\/wp-content\/uploads\/sites\/3\/2024\/07\/Four-Pillars-Gin-Spice-Trade.png","type":"image\/png"}],"twitter_card":"summary_large_image","twitter_misc":{"\u01af\u1edbc t\u00ednh th\u1eddi gian \u0111\u1ecdc":"1 ph\u00fat"},"schema":{"@context":"https:\/\/schema.org","@graph":[{"@type":"WebPage","@id":"https:\/\/alchemy-asia.com\/vi\/san-pham\/four-pillars-spice-trade\/","url":"https:\/\/alchemy-asia.com\/vi\/san-pham\/four-pillars-spice-trade\/","name":"Four Pillars Spice Trade - Alchemy Asia","isPartOf":{"@id":"https:\/\/alchemy-asia.com\/vi\/#website"},"primaryImageOfPage":{"@id":"https:\/\/alchemy-asia.com\/vi\/san-pham\/four-pillars-spice-trade\/#primaryimage"},"image":{"@id":"https:\/\/alchemy-asia.com\/vi\/san-pham\/four-pillars-spice-trade\/#primaryimage"},"thumbnailUrl":"https:\/\/alchemy-asia.com\/vi\/wp-content\/uploads\/sites\/3\/2024\/07\/Four-Pillars-Gin-Spice-Trade.png","datePublished":"2024-09-10T08:31:52+00:00","dateModified":"2024-09-10T08:31:52+00:00","breadcrumb":{"@id":"https:\/\/alchemy-asia.com\/vi\/san-pham\/four-pillars-spice-trade\/#breadcrumb"},"inLanguage":"vi","potentialAction":[{"@type":"ReadAction","target":["https:\/\/alchemy-asia.com\/vi\/san-pham\/four-pillars-spice-trade\/"]}]},{"@type":"ImageObject","inLanguage":"vi","@id":"https:\/\/alchemy-asia.com\/vi\/san-pham\/four-pillars-spice-trade\/#primaryimage","url":"https:\/\/alchemy-asia.com\/vi\/wp-content\/uploads\/sites\/3\/2024\/07\/Four-Pillars-Gin-Spice-Trade.png","contentUrl":"https:\/\/alchemy-asia.com\/vi\/wp-content\/uploads\/sites\/3\/2024\/07\/Four-Pillars-Gin-Spice-Trade.png","width":2100,"height":2100,"caption":"Four Pillars Gin Spice Trade"},{"@type":"BreadcrumbList","@id":"https:\/\/alchemy-asia.com\/vi\/san-pham\/four-pillars-spice-trade\/#breadcrumb","itemListElement":[{"@type":"ListItem","position":1,"name":"Home","item":"https:\/\/alchemy-asia.com\/vi\/"},{"@type":"ListItem","position":2,"name":"Four Pillars Spice Trade"}]},{"@type":"WebSite","@id":"https:\/\/alchemy-asia.com\/vi\/#website","url":"https:\/\/alchemy-asia.com\/vi\/","name":"Alchemy Asia","description":"Just another Alchemy Asia Sites site","potentialAction":[{"@type":"SearchAction","target":{"@type":"EntryPoint","urlTemplate":"https:\/\/alchemy-asia.com\/vi\/?s={search_term_string}"},"query-input":"required name=search_term_string"}],"inLanguage":"vi"}]}},"_links":{"self":[{"href":"https:\/\/alchemy-asia.com\/vi\/wp-json\/wp\/v2\/product\/8577","targetHints":{"allow":["GET"]}}],"collection":[{"href":"https:\/\/alchemy-asia.com\/vi\/wp-json\/wp\/v2\/product"}],"about":[{"href":"https:\/\/alchemy-asia.com\/vi\/wp-json\/wp\/v2\/types\/product"}],"replies":[{"embeddable":true,"href":"https:\/\/alchemy-asia.com\/vi\/wp-json\/wp\/v2\/comments?post=8577"}],"wp:featuredmedia":[{"embeddable":true,"href":"https:\/\/alchemy-asia.com\/vi\/wp-json\/wp\/v2\/media\/8578"}],"wp:attachment":[{"href":"https:\/\/alchemy-asia.com\/vi\/wp-json\/wp\/v2\/media?parent=8577"}],"wp:term":[{"taxonomy":"product_cat","embeddable":true,"href":"https:\/\/alchemy-asia.com\/vi\/wp-json\/wp\/v2\/product_cat?post=8577"},{"taxonomy":"product_tag","embeddable":true,"href":"https:\/\/alchemy-asia.com\/vi\/wp-json\/wp\/v2\/product_tag?post=8577"}],"curies":[{"name":"wp","href":"https:\/\/api.w.org\/{rel}","templated":true}]}}