{"id":8579,"date":"2024-09-10T08:29:52","date_gmt":"2024-09-10T08:29:52","guid":{"rendered":"https:\/\/alchemy-asia.com\/vi\/?post_type=product&#038;p=8579"},"modified":"2024-09-11T09:20:49","modified_gmt":"2024-09-11T09:20:49","slug":"four-pillars-spiced-negroni","status":"publish","type":"product","link":"https:\/\/alchemy-asia.com\/vi\/san-pham\/four-pillars-spiced-negroni\/","title":{"rendered":"Four Pillars Spiced Negroni"},"content":{"rendered":"","protected":false},"excerpt":{"rendered":"<p><span data-sheets-root=\"1\" data-sheets-value=\"{&quot;1&quot;:2,&quot;2&quot;:&quot;V\u00e0o n\u0103m 2014, nh\u00e0 m\u00e1y ch\u01b0ng c\u1ea5t c\u1ee7a ch\u00fang t\u00f4i, Cameron Mackenzie, v\u00e0 m\u1ed9t bartender h\u00e0ng \u0111\u1ea7u, Jason Williams, \u0111\u00e3 c\u00f3 m\u1ed9t cu\u1ed9c tr\u00f2 chuy\u1ec7n. H\u1ecd mu\u1ed1n t\u1ea1o ra m\u1ed9t lo\u1ea1i gin ho\u00e0n h\u1ea3o cho ly Negroni, l\u00e0m gi\u1ea3m \u0111i v\u1ecb \u0111\u1eafng c\u1ee7a n\u00f3.\\n \\nL\u00e1 Pepperberry Tasmania, qu\u1ebf, h\u1ea1t thi\u00ean \u0111\u01b0\u1eddng t\u1eeb T\u00e2y Phi v\u00e0 h\u1ea1t ti\u00eau cubeb t\u1eeb Indonesia \u0111\u00e3 \u0111\u01b0\u1ee3c cho v\u00e0o \u0111\u1ec3 t\u0103ng c\u01b0\u1eddng h\u01b0\u01a1ng v\u1ecb.\\n \\nG\u1eebng t\u01b0\u01a1i l\u00e0m t\u0103ng \u0111\u1ed9 cay, v\u00e0 c\u00e1c h\u01b0\u01a1ng v\u1ecb \u0111\u01b0\u1ee3c m\u1edf r\u1ed9ng mang l\u1ea1i \u0111\u1ed9 s\u00e2u cho lo\u1ea1i gin n\u00e0y.\\n \\nSpiced Negroni Gin \u0111\u01b0\u1ee3c l\u00e0m ra \u0111\u1ec3 ph\u1ee5c v\u1ee5 cho Negroni nh\u01b0ng c\u0169ng l\u00e0 m\u1ed9t th\u00e0nh ph\u1ea7n quan tr\u1ecdng trong c\u00e1c lo\u1ea1i cocktail kh\u00e1c:\\n1. NEGRONI. \\n2. SPICED G&amp;T.\\n3. AUTOMOBILE.\\n4. SPICED NEGRONI SOUR.\\n&quot;}\" data-sheets-userformat=\"{&quot;2&quot;:1057791,&quot;3&quot;:{&quot;1&quot;:0},&quot;4&quot;:{&quot;1&quot;:2,&quot;2&quot;:16776960},&quot;5&quot;:{&quot;1&quot;:[{&quot;1&quot;:2,&quot;2&quot;:0,&quot;5&quot;:{&quot;1&quot;:2,&quot;2&quot;:0}},{&quot;1&quot;:0,&quot;2&quot;:0,&quot;3&quot;:3},{&quot;1&quot;:1,&quot;2&quot;:0,&quot;4&quot;:1}]},&quot;6&quot;:{&quot;1&quot;:[{&quot;1&quot;:2,&quot;2&quot;:0,&quot;5&quot;:{&quot;1&quot;:2,&quot;2&quot;:0}},{&quot;1&quot;:0,&quot;2&quot;:0,&quot;3&quot;:3},{&quot;1&quot;:1,&quot;2&quot;:0,&quot;4&quot;:1}]},&quot;7&quot;:{&quot;1&quot;:[{&quot;1&quot;:2,&quot;2&quot;:0,&quot;5&quot;:{&quot;1&quot;:2,&quot;2&quot;:0}},{&quot;1&quot;:0,&quot;2&quot;:0,&quot;3&quot;:3},{&quot;1&quot;:1,&quot;2&quot;:0,&quot;4&quot;:1}]},&quot;8&quot;:{&quot;1&quot;:[{&quot;1&quot;:2,&quot;2&quot;:0,&quot;5&quot;:{&quot;1&quot;:2,&quot;2&quot;:0}},{&quot;1&quot;:0,&quot;2&quot;:0,&quot;3&quot;:3},{&quot;1&quot;:1,&quot;2&quot;:0,&quot;4&quot;:1}]},&quot;9&quot;:0,&quot;10&quot;:1,&quot;11&quot;:4,&quot;12&quot;:0,&quot;16&quot;:12,&quot;23&quot;:1}\">V\u00e0o n\u0103m 2014, nh\u00e0 m\u00e1y ch\u01b0ng c\u1ea5t c\u1ee7a ch\u00fang t\u00f4i, Cameron Mackenzie, v\u00e0 m\u1ed9t bartender h\u00e0ng \u0111\u1ea7u, Jason Williams, \u0111\u00e3 c\u00f3 m\u1ed9t cu\u1ed9c tr\u00f2 chuy\u1ec7n. H\u1ecd mu\u1ed1n t\u1ea1o ra m\u1ed9t lo\u1ea1i gin ho\u00e0n h\u1ea3o cho ly Negroni, l\u00e0m gi\u1ea3m \u0111i v\u1ecb \u0111\u1eafng c\u1ee7a n\u00f3.<\/span><\/p>\n<p>L\u00e1 Pepperberry Tasmania, qu\u1ebf, h\u1ea1t thi\u00ean \u0111\u01b0\u1eddng t\u1eeb T\u00e2y Phi v\u00e0 h\u1ea1t ti\u00eau cubeb t\u1eeb Indonesia \u0111\u00e3 \u0111\u01b0\u1ee3c cho v\u00e0o \u0111\u1ec3 t\u0103ng c\u01b0\u1eddng h\u01b0\u01a1ng v\u1ecb.<\/p>\n<p>G\u1eebng t\u01b0\u01a1i l\u00e0m t\u0103ng \u0111\u1ed9 cay, v\u00e0 c\u00e1c h\u01b0\u01a1ng v\u1ecb \u0111\u01b0\u1ee3c m\u1edf r\u1ed9ng mang l\u1ea1i \u0111\u1ed9 s\u00e2u cho lo\u1ea1i gin n\u00e0y.<\/p>\n<p>Spiced Negroni Gin \u0111\u01b0\u1ee3c l\u00e0m ra \u0111\u1ec3 ph\u1ee5c v\u1ee5 cho Negroni nh\u01b0ng c\u0169ng l\u00e0 m\u1ed9t th\u00e0nh ph\u1ea7n quan tr\u1ecdng trong c\u00e1c lo\u1ea1i cocktail kh\u00e1c:<br \/>\n1. NEGRONI.<br \/>\n2. SPICED G&amp;T.<br \/>\n3. AUTOMOBILE.<br \/>\n4. SPICED NEGRONI SOUR.<\/p>\n","protected":false},"featured_media":8580,"comment_status":"open","ping_status":"closed","template":"","meta":{"_acf_changed":false},"product_cat":[52],"product_tag":[],"class_list":{"0":"post-8579","1":"product","2":"type-product","3":"status-publish","4":"has-post-thumbnail","6":"product_cat-gin","7":"brand-four-pillars","9":"first","10":"instock","11":"shipping-taxable","12":"product-type-simple"},"acf":[],"yoast_head":"<!-- This site is optimized with the Yoast SEO plugin v23.0 - https:\/\/yoast.com\/wordpress\/plugins\/seo\/ -->\n<title>Four Pillars Spiced Negroni - Alchemy Asia<\/title>\n<meta name=\"robots\" content=\"index, follow, max-snippet:-1, max-image-preview:large, max-video-preview:-1\" \/>\n<link rel=\"canonical\" href=\"https:\/\/alchemy-asia.com\/vi\/san-pham\/four-pillars-spiced-negroni\/\" \/>\n<meta property=\"og:locale\" content=\"vi_VN\" \/>\n<meta property=\"og:type\" content=\"article\" \/>\n<meta property=\"og:title\" content=\"Four Pillars Spiced Negroni - Alchemy Asia\" \/>\n<meta property=\"og:description\" content=\"V\u00e0o n\u0103m 2014, nh\u00e0 m\u00e1y ch\u01b0ng c\u1ea5t c\u1ee7a ch\u00fang t\u00f4i, Cameron Mackenzie, v\u00e0 m\u1ed9t bartender h\u00e0ng \u0111\u1ea7u, Jason Williams, \u0111\u00e3 c\u00f3 m\u1ed9t cu\u1ed9c tr\u00f2 chuy\u1ec7n. H\u1ecd mu\u1ed1n t\u1ea1o ra m\u1ed9t lo\u1ea1i gin ho\u00e0n h\u1ea3o cho ly Negroni, l\u00e0m gi\u1ea3m \u0111i v\u1ecb \u0111\u1eafng c\u1ee7a n\u00f3.  L\u00e1 Pepperberry Tasmania, qu\u1ebf, h\u1ea1t thi\u00ean \u0111\u01b0\u1eddng t\u1eeb T\u00e2y Phi v\u00e0 h\u1ea1t ti\u00eau cubeb t\u1eeb Indonesia \u0111\u00e3 \u0111\u01b0\u1ee3c cho v\u00e0o \u0111\u1ec3 t\u0103ng c\u01b0\u1eddng h\u01b0\u01a1ng v\u1ecb.  G\u1eebng t\u01b0\u01a1i l\u00e0m t\u0103ng \u0111\u1ed9 cay, v\u00e0 c\u00e1c h\u01b0\u01a1ng v\u1ecb \u0111\u01b0\u1ee3c m\u1edf r\u1ed9ng mang l\u1ea1i \u0111\u1ed9 s\u00e2u cho lo\u1ea1i gin n\u00e0y.  Spiced Negroni Gin \u0111\u01b0\u1ee3c l\u00e0m ra \u0111\u1ec3 ph\u1ee5c v\u1ee5 cho Negroni nh\u01b0ng c\u0169ng l\u00e0 m\u1ed9t th\u00e0nh ph\u1ea7n quan tr\u1ecdng trong c\u00e1c lo\u1ea1i cocktail kh\u00e1c: 1. NEGRONI. 2. SPICED G&amp;T. 3. AUTOMOBILE. 4. SPICED NEGRONI SOUR.\" \/>\n<meta property=\"og:url\" content=\"https:\/\/alchemy-asia.com\/vi\/san-pham\/four-pillars-spiced-negroni\/\" \/>\n<meta property=\"og:site_name\" content=\"Alchemy Asia\" \/>\n<meta property=\"article:modified_time\" content=\"2024-09-11T09:20:49+00:00\" \/>\n<meta property=\"og:image\" content=\"https:\/\/alchemy-asia.com\/vi\/wp-content\/uploads\/sites\/3\/2024\/07\/FourPillars_SpicedNegroni.png\" \/>\n\t<meta property=\"og:image:width\" content=\"2100\" \/>\n\t<meta property=\"og:image:height\" content=\"2100\" \/>\n\t<meta property=\"og:image:type\" content=\"image\/png\" \/>\n<meta name=\"twitter:card\" content=\"summary_large_image\" \/>\n<meta name=\"twitter:label1\" content=\"\u01af\u1edbc t\u00ednh th\u1eddi gian \u0111\u1ecdc\" \/>\n\t<meta name=\"twitter:data1\" content=\"1 ph\u00fat\" \/>\n<script type=\"application\/ld+json\" class=\"yoast-schema-graph\">{\"@context\":\"https:\/\/schema.org\",\"@graph\":[{\"@type\":\"WebPage\",\"@id\":\"https:\/\/alchemy-asia.com\/vi\/san-pham\/four-pillars-spiced-negroni\/\",\"url\":\"https:\/\/alchemy-asia.com\/vi\/san-pham\/four-pillars-spiced-negroni\/\",\"name\":\"Four Pillars Spiced Negroni - Alchemy Asia\",\"isPartOf\":{\"@id\":\"https:\/\/alchemy-asia.com\/vi\/#website\"},\"primaryImageOfPage\":{\"@id\":\"https:\/\/alchemy-asia.com\/vi\/san-pham\/four-pillars-spiced-negroni\/#primaryimage\"},\"image\":{\"@id\":\"https:\/\/alchemy-asia.com\/vi\/san-pham\/four-pillars-spiced-negroni\/#primaryimage\"},\"thumbnailUrl\":\"https:\/\/alchemy-asia.com\/vi\/wp-content\/uploads\/sites\/3\/2024\/07\/FourPillars_SpicedNegroni.png\",\"datePublished\":\"2024-09-10T08:29:52+00:00\",\"dateModified\":\"2024-09-11T09:20:49+00:00\",\"breadcrumb\":{\"@id\":\"https:\/\/alchemy-asia.com\/vi\/san-pham\/four-pillars-spiced-negroni\/#breadcrumb\"},\"inLanguage\":\"vi\",\"potentialAction\":[{\"@type\":\"ReadAction\",\"target\":[\"https:\/\/alchemy-asia.com\/vi\/san-pham\/four-pillars-spiced-negroni\/\"]}]},{\"@type\":\"ImageObject\",\"inLanguage\":\"vi\",\"@id\":\"https:\/\/alchemy-asia.com\/vi\/san-pham\/four-pillars-spiced-negroni\/#primaryimage\",\"url\":\"https:\/\/alchemy-asia.com\/vi\/wp-content\/uploads\/sites\/3\/2024\/07\/FourPillars_SpicedNegroni.png\",\"contentUrl\":\"https:\/\/alchemy-asia.com\/vi\/wp-content\/uploads\/sites\/3\/2024\/07\/FourPillars_SpicedNegroni.png\",\"width\":2100,\"height\":2100,\"caption\":\"FourPillars_SpicedNegroni\"},{\"@type\":\"BreadcrumbList\",\"@id\":\"https:\/\/alchemy-asia.com\/vi\/san-pham\/four-pillars-spiced-negroni\/#breadcrumb\",\"itemListElement\":[{\"@type\":\"ListItem\",\"position\":1,\"name\":\"Home\",\"item\":\"https:\/\/alchemy-asia.com\/vi\/\"},{\"@type\":\"ListItem\",\"position\":2,\"name\":\"Four Pillars Spiced Negroni\"}]},{\"@type\":\"WebSite\",\"@id\":\"https:\/\/alchemy-asia.com\/vi\/#website\",\"url\":\"https:\/\/alchemy-asia.com\/vi\/\",\"name\":\"Alchemy Asia\",\"description\":\"Just another Alchemy Asia Sites site\",\"potentialAction\":[{\"@type\":\"SearchAction\",\"target\":{\"@type\":\"EntryPoint\",\"urlTemplate\":\"https:\/\/alchemy-asia.com\/vi\/?s={search_term_string}\"},\"query-input\":\"required name=search_term_string\"}],\"inLanguage\":\"vi\"}]}<\/script>\n<!-- \/ Yoast SEO plugin. -->","yoast_head_json":{"title":"Four Pillars Spiced Negroni - Alchemy Asia","robots":{"index":"index","follow":"follow","max-snippet":"max-snippet:-1","max-image-preview":"max-image-preview:large","max-video-preview":"max-video-preview:-1"},"canonical":"https:\/\/alchemy-asia.com\/vi\/san-pham\/four-pillars-spiced-negroni\/","og_locale":"vi_VN","og_type":"article","og_title":"Four Pillars Spiced Negroni - Alchemy Asia","og_description":"V\u00e0o n\u0103m 2014, nh\u00e0 m\u00e1y ch\u01b0ng c\u1ea5t c\u1ee7a ch\u00fang t\u00f4i, Cameron Mackenzie, v\u00e0 m\u1ed9t bartender h\u00e0ng \u0111\u1ea7u, Jason Williams, \u0111\u00e3 c\u00f3 m\u1ed9t cu\u1ed9c tr\u00f2 chuy\u1ec7n. H\u1ecd mu\u1ed1n t\u1ea1o ra m\u1ed9t lo\u1ea1i gin ho\u00e0n h\u1ea3o cho ly Negroni, l\u00e0m gi\u1ea3m \u0111i v\u1ecb \u0111\u1eafng c\u1ee7a n\u00f3.  L\u00e1 Pepperberry Tasmania, qu\u1ebf, h\u1ea1t thi\u00ean \u0111\u01b0\u1eddng t\u1eeb T\u00e2y Phi v\u00e0 h\u1ea1t ti\u00eau cubeb t\u1eeb Indonesia \u0111\u00e3 \u0111\u01b0\u1ee3c cho v\u00e0o \u0111\u1ec3 t\u0103ng c\u01b0\u1eddng h\u01b0\u01a1ng v\u1ecb.  G\u1eebng t\u01b0\u01a1i l\u00e0m t\u0103ng \u0111\u1ed9 cay, v\u00e0 c\u00e1c h\u01b0\u01a1ng v\u1ecb \u0111\u01b0\u1ee3c m\u1edf r\u1ed9ng mang l\u1ea1i \u0111\u1ed9 s\u00e2u cho lo\u1ea1i gin n\u00e0y.  Spiced Negroni Gin \u0111\u01b0\u1ee3c l\u00e0m ra \u0111\u1ec3 ph\u1ee5c v\u1ee5 cho Negroni nh\u01b0ng c\u0169ng l\u00e0 m\u1ed9t th\u00e0nh ph\u1ea7n quan tr\u1ecdng trong c\u00e1c lo\u1ea1i cocktail kh\u00e1c: 1. NEGRONI. 2. SPICED G&amp;T. 3. AUTOMOBILE. 4. SPICED NEGRONI SOUR.","og_url":"https:\/\/alchemy-asia.com\/vi\/san-pham\/four-pillars-spiced-negroni\/","og_site_name":"Alchemy Asia","article_modified_time":"2024-09-11T09:20:49+00:00","og_image":[{"width":2100,"height":2100,"url":"https:\/\/alchemy-asia.com\/vi\/wp-content\/uploads\/sites\/3\/2024\/07\/FourPillars_SpicedNegroni.png","type":"image\/png"}],"twitter_card":"summary_large_image","twitter_misc":{"\u01af\u1edbc t\u00ednh th\u1eddi gian \u0111\u1ecdc":"1 ph\u00fat"},"schema":{"@context":"https:\/\/schema.org","@graph":[{"@type":"WebPage","@id":"https:\/\/alchemy-asia.com\/vi\/san-pham\/four-pillars-spiced-negroni\/","url":"https:\/\/alchemy-asia.com\/vi\/san-pham\/four-pillars-spiced-negroni\/","name":"Four Pillars Spiced Negroni - Alchemy Asia","isPartOf":{"@id":"https:\/\/alchemy-asia.com\/vi\/#website"},"primaryImageOfPage":{"@id":"https:\/\/alchemy-asia.com\/vi\/san-pham\/four-pillars-spiced-negroni\/#primaryimage"},"image":{"@id":"https:\/\/alchemy-asia.com\/vi\/san-pham\/four-pillars-spiced-negroni\/#primaryimage"},"thumbnailUrl":"https:\/\/alchemy-asia.com\/vi\/wp-content\/uploads\/sites\/3\/2024\/07\/FourPillars_SpicedNegroni.png","datePublished":"2024-09-10T08:29:52+00:00","dateModified":"2024-09-11T09:20:49+00:00","breadcrumb":{"@id":"https:\/\/alchemy-asia.com\/vi\/san-pham\/four-pillars-spiced-negroni\/#breadcrumb"},"inLanguage":"vi","potentialAction":[{"@type":"ReadAction","target":["https:\/\/alchemy-asia.com\/vi\/san-pham\/four-pillars-spiced-negroni\/"]}]},{"@type":"ImageObject","inLanguage":"vi","@id":"https:\/\/alchemy-asia.com\/vi\/san-pham\/four-pillars-spiced-negroni\/#primaryimage","url":"https:\/\/alchemy-asia.com\/vi\/wp-content\/uploads\/sites\/3\/2024\/07\/FourPillars_SpicedNegroni.png","contentUrl":"https:\/\/alchemy-asia.com\/vi\/wp-content\/uploads\/sites\/3\/2024\/07\/FourPillars_SpicedNegroni.png","width":2100,"height":2100,"caption":"FourPillars_SpicedNegroni"},{"@type":"BreadcrumbList","@id":"https:\/\/alchemy-asia.com\/vi\/san-pham\/four-pillars-spiced-negroni\/#breadcrumb","itemListElement":[{"@type":"ListItem","position":1,"name":"Home","item":"https:\/\/alchemy-asia.com\/vi\/"},{"@type":"ListItem","position":2,"name":"Four Pillars Spiced Negroni"}]},{"@type":"WebSite","@id":"https:\/\/alchemy-asia.com\/vi\/#website","url":"https:\/\/alchemy-asia.com\/vi\/","name":"Alchemy Asia","description":"Just another Alchemy Asia Sites site","potentialAction":[{"@type":"SearchAction","target":{"@type":"EntryPoint","urlTemplate":"https:\/\/alchemy-asia.com\/vi\/?s={search_term_string}"},"query-input":"required name=search_term_string"}],"inLanguage":"vi"}]}},"_links":{"self":[{"href":"https:\/\/alchemy-asia.com\/vi\/wp-json\/wp\/v2\/product\/8579","targetHints":{"allow":["GET"]}}],"collection":[{"href":"https:\/\/alchemy-asia.com\/vi\/wp-json\/wp\/v2\/product"}],"about":[{"href":"https:\/\/alchemy-asia.com\/vi\/wp-json\/wp\/v2\/types\/product"}],"replies":[{"embeddable":true,"href":"https:\/\/alchemy-asia.com\/vi\/wp-json\/wp\/v2\/comments?post=8579"}],"wp:featuredmedia":[{"embeddable":true,"href":"https:\/\/alchemy-asia.com\/vi\/wp-json\/wp\/v2\/media\/8580"}],"wp:attachment":[{"href":"https:\/\/alchemy-asia.com\/vi\/wp-json\/wp\/v2\/media?parent=8579"}],"wp:term":[{"taxonomy":"product_cat","embeddable":true,"href":"https:\/\/alchemy-asia.com\/vi\/wp-json\/wp\/v2\/product_cat?post=8579"},{"taxonomy":"product_tag","embeddable":true,"href":"https:\/\/alchemy-asia.com\/vi\/wp-json\/wp\/v2\/product_tag?post=8579"}],"curies":[{"name":"wp","href":"https:\/\/api.w.org\/{rel}","templated":true}]}}