{"id":8582,"date":"2024-09-10T08:43:34","date_gmt":"2024-09-10T08:43:34","guid":{"rendered":"https:\/\/alchemy-asia.com\/vi\/?post_type=product&#038;p=8582"},"modified":"2024-09-10T08:43:34","modified_gmt":"2024-09-10T08:43:34","slug":"pommery-rose","status":"publish","type":"product","link":"https:\/\/alchemy-asia.com\/vi\/san-pham\/pommery-rose\/","title":{"rendered":"Pommery Rose"},"content":{"rendered":"","protected":false},"excerpt":{"rendered":"<p>D\u00f2ng r\u01b0\u1ee3u n\u00e0y \u0111\u01b0\u1ee3c ph\u00e1 c\u00e1ch t\u1eeb lo\u1ea1i Pommery Brut Royal c\u1ed5 \u0111i\u1ec3n k\u1ebft h\u1ee3p t\u1eeb m\u1ed9t lo\u1ea1i r\u01b0\u1ee3u vang \u0111\u1ecf v\u00e0 c\u00e1c lo\u1ea1i r\u01b0\u1ee3u vang tr\u1eafng kh\u00e1c \u0111\u01b0\u1ee3c pha tr\u1ed9n theo t\u1ef7 l\u1ec7 l\u1edbn r\u01b0\u1ee3u Chardonnay.<br \/>\nM\u1ed9t s\u1ef1 h\u00f2a tr\u1ed9n c\u1ee7a r\u01b0\u1ee3u r\u00f3se v\u00e0 r\u01b0\u1ee3u Pinot Noir c\u1ee7a Bouzy Grand Cru. M\u00e0u s\u1eafc c\u1ee7a lo\u1ea1i champagne n\u00e0y xu\u1ea5t ph\u00e1t t\u1eeb gi\u1ed1ng nho Pinot Noir, \u0111\u01b0\u1ee3c thu ho\u1ea1ch t\u1eeb nh\u1eefng c\u00e1nh \u0111\u1ed3ng nho \u0111\u1ea1t \u0111\u01b0\u1ee3c \u0111\u1ed9 ch\u00edn c\u1ee7a ch\u00fang, v\u00e0 \u0111\u1eb7c bi\u1ec7t \u0111\u01b0\u1ee3c \u201cl\u00ean men t\u1eeb trong v\u1ecf\u201d. Lo\u1ea1i champagne n\u00e0y \u0111\u01b0\u1ee3c l\u01b0u tr\u1eef trong h\u1ea7m r\u01b0\u1ee3u 3 n\u0103m \u0111\u1ec3 ph\u00e1t tri\u1ec3n c\u00e1c \u0111\u1eb7c t\u00ednh \u0111\u1eb7c bi\u1ec7t c\u1ee7a Pommery Ros\u00e9.<\/p>\n<p>N\u1ed0T H\u01af\u01a0NG V\u1eca<br \/>\nM\u00e0u h\u1ed3ng nh\u1ea1t tinh t\u1ebf v\u1edbi ch\u00fat t\u00f4ng m\u00e0u c\u00e1 h\u1ed3i. B\u1ecdt m\u1ecbn v\u00e0 l\u01b0u luy\u1ebfn trong v\u00f2m mi\u1ec7ng. Nh\u1eefng qu\u1ea3 m\u1ecdng ch\u00edn \u0111\u1ecf g\u1ee3i l\u00ean s\u1ef1 tr\u00f2n v\u1ecb v\u00e0 m\u1ec1m m\u1ea1i, l\u00e0m t\u0103ng l\u00ean s\u1ef1 t\u01b0\u01a1i m\u1edbi c\u1ee7a m\u00f9i v\u1ecb.<\/p>\n","protected":false},"featured_media":8583,"comment_status":"open","ping_status":"closed","template":"","meta":{"_acf_changed":false},"product_cat":[74],"product_tag":[],"class_list":{"0":"post-8582","1":"product","2":"type-product","3":"status-publish","4":"has-post-thumbnail","6":"product_cat-champagne","7":"brand-pommery","9":"first","10":"instock","11":"shipping-taxable","12":"product-type-simple"},"acf":[],"yoast_head":"<!-- This site is optimized with the Yoast SEO plugin v23.0 - https:\/\/yoast.com\/wordpress\/plugins\/seo\/ -->\n<title>Pommery Rose - Alchemy Asia<\/title>\n<meta name=\"robots\" content=\"index, follow, max-snippet:-1, max-image-preview:large, max-video-preview:-1\" \/>\n<link rel=\"canonical\" href=\"https:\/\/alchemy-asia.com\/vi\/san-pham\/pommery-rose\/\" \/>\n<meta property=\"og:locale\" content=\"vi_VN\" \/>\n<meta property=\"og:type\" content=\"article\" \/>\n<meta property=\"og:title\" content=\"Pommery Rose - Alchemy Asia\" \/>\n<meta property=\"og:description\" content=\"D\u00f2ng r\u01b0\u1ee3u n\u00e0y \u0111\u01b0\u1ee3c ph\u00e1 c\u00e1ch t\u1eeb lo\u1ea1i Pommery Brut Royal c\u1ed5 \u0111i\u1ec3n k\u1ebft h\u1ee3p t\u1eeb m\u1ed9t lo\u1ea1i r\u01b0\u1ee3u vang \u0111\u1ecf v\u00e0 c\u00e1c lo\u1ea1i r\u01b0\u1ee3u vang tr\u1eafng kh\u00e1c \u0111\u01b0\u1ee3c pha tr\u1ed9n theo t\u1ef7 l\u1ec7 l\u1edbn r\u01b0\u1ee3u Chardonnay. M\u1ed9t s\u1ef1 h\u00f2a tr\u1ed9n c\u1ee7a r\u01b0\u1ee3u r\u00f3se v\u00e0 r\u01b0\u1ee3u Pinot Noir c\u1ee7a Bouzy Grand Cru. M\u00e0u s\u1eafc c\u1ee7a lo\u1ea1i champagne n\u00e0y xu\u1ea5t ph\u00e1t t\u1eeb gi\u1ed1ng nho Pinot Noir, \u0111\u01b0\u1ee3c thu ho\u1ea1ch t\u1eeb nh\u1eefng c\u00e1nh \u0111\u1ed3ng nho \u0111\u1ea1t \u0111\u01b0\u1ee3c \u0111\u1ed9 ch\u00edn c\u1ee7a ch\u00fang, v\u00e0 \u0111\u1eb7c bi\u1ec7t \u0111\u01b0\u1ee3c \u201cl\u00ean men t\u1eeb trong v\u1ecf\u201d. Lo\u1ea1i champagne n\u00e0y \u0111\u01b0\u1ee3c l\u01b0u tr\u1eef trong h\u1ea7m r\u01b0\u1ee3u 3 n\u0103m \u0111\u1ec3 ph\u00e1t tri\u1ec3n c\u00e1c \u0111\u1eb7c t\u00ednh \u0111\u1eb7c bi\u1ec7t c\u1ee7a Pommery Ros\u00e9.  N\u1ed0T H\u01af\u01a0NG V\u1eca M\u00e0u h\u1ed3ng nh\u1ea1t tinh t\u1ebf v\u1edbi ch\u00fat t\u00f4ng m\u00e0u c\u00e1 h\u1ed3i. B\u1ecdt m\u1ecbn v\u00e0 l\u01b0u luy\u1ebfn trong v\u00f2m mi\u1ec7ng. Nh\u1eefng qu\u1ea3 m\u1ecdng ch\u00edn \u0111\u1ecf g\u1ee3i l\u00ean s\u1ef1 tr\u00f2n v\u1ecb v\u00e0 m\u1ec1m m\u1ea1i, l\u00e0m t\u0103ng l\u00ean s\u1ef1 t\u01b0\u01a1i m\u1edbi c\u1ee7a m\u00f9i v\u1ecb.\" \/>\n<meta property=\"og:url\" content=\"https:\/\/alchemy-asia.com\/vi\/san-pham\/pommery-rose\/\" \/>\n<meta property=\"og:site_name\" content=\"Alchemy Asia\" \/>\n<meta property=\"og:image\" content=\"https:\/\/alchemy-asia.com\/vi\/wp-content\/uploads\/sites\/3\/2024\/07\/Pommery-Rose-1024x1024.png\" \/>\n\t<meta property=\"og:image:width\" content=\"1024\" \/>\n\t<meta property=\"og:image:height\" content=\"1024\" \/>\n\t<meta property=\"og:image:type\" content=\"image\/png\" \/>\n<meta name=\"twitter:card\" content=\"summary_large_image\" \/>\n<meta name=\"twitter:label1\" content=\"\u01af\u1edbc t\u00ednh th\u1eddi gian \u0111\u1ecdc\" \/>\n\t<meta name=\"twitter:data1\" content=\"1 ph\u00fat\" \/>\n<script type=\"application\/ld+json\" class=\"yoast-schema-graph\">{\"@context\":\"https:\/\/schema.org\",\"@graph\":[{\"@type\":\"WebPage\",\"@id\":\"https:\/\/alchemy-asia.com\/vi\/san-pham\/pommery-rose\/\",\"url\":\"https:\/\/alchemy-asia.com\/vi\/san-pham\/pommery-rose\/\",\"name\":\"Pommery Rose - Alchemy Asia\",\"isPartOf\":{\"@id\":\"https:\/\/alchemy-asia.com\/vi\/#website\"},\"primaryImageOfPage\":{\"@id\":\"https:\/\/alchemy-asia.com\/vi\/san-pham\/pommery-rose\/#primaryimage\"},\"image\":{\"@id\":\"https:\/\/alchemy-asia.com\/vi\/san-pham\/pommery-rose\/#primaryimage\"},\"thumbnailUrl\":\"https:\/\/alchemy-asia.com\/vi\/wp-content\/uploads\/sites\/3\/2024\/07\/Pommery-Rose.png\",\"datePublished\":\"2024-09-10T08:43:34+00:00\",\"dateModified\":\"2024-09-10T08:43:34+00:00\",\"breadcrumb\":{\"@id\":\"https:\/\/alchemy-asia.com\/vi\/san-pham\/pommery-rose\/#breadcrumb\"},\"inLanguage\":\"vi\",\"potentialAction\":[{\"@type\":\"ReadAction\",\"target\":[\"https:\/\/alchemy-asia.com\/vi\/san-pham\/pommery-rose\/\"]}]},{\"@type\":\"ImageObject\",\"inLanguage\":\"vi\",\"@id\":\"https:\/\/alchemy-asia.com\/vi\/san-pham\/pommery-rose\/#primaryimage\",\"url\":\"https:\/\/alchemy-asia.com\/vi\/wp-content\/uploads\/sites\/3\/2024\/07\/Pommery-Rose.png\",\"contentUrl\":\"https:\/\/alchemy-asia.com\/vi\/wp-content\/uploads\/sites\/3\/2024\/07\/Pommery-Rose.png\",\"width\":5804,\"height\":5803,\"caption\":\"Pommery Rose\"},{\"@type\":\"BreadcrumbList\",\"@id\":\"https:\/\/alchemy-asia.com\/vi\/san-pham\/pommery-rose\/#breadcrumb\",\"itemListElement\":[{\"@type\":\"ListItem\",\"position\":1,\"name\":\"Home\",\"item\":\"https:\/\/alchemy-asia.com\/vi\/\"},{\"@type\":\"ListItem\",\"position\":2,\"name\":\"Pommery Rose\"}]},{\"@type\":\"WebSite\",\"@id\":\"https:\/\/alchemy-asia.com\/vi\/#website\",\"url\":\"https:\/\/alchemy-asia.com\/vi\/\",\"name\":\"Alchemy Asia\",\"description\":\"Just another Alchemy Asia Sites site\",\"potentialAction\":[{\"@type\":\"SearchAction\",\"target\":{\"@type\":\"EntryPoint\",\"urlTemplate\":\"https:\/\/alchemy-asia.com\/vi\/?s={search_term_string}\"},\"query-input\":\"required name=search_term_string\"}],\"inLanguage\":\"vi\"}]}<\/script>\n<!-- \/ Yoast SEO plugin. -->","yoast_head_json":{"title":"Pommery Rose - Alchemy Asia","robots":{"index":"index","follow":"follow","max-snippet":"max-snippet:-1","max-image-preview":"max-image-preview:large","max-video-preview":"max-video-preview:-1"},"canonical":"https:\/\/alchemy-asia.com\/vi\/san-pham\/pommery-rose\/","og_locale":"vi_VN","og_type":"article","og_title":"Pommery Rose - Alchemy Asia","og_description":"D\u00f2ng r\u01b0\u1ee3u n\u00e0y \u0111\u01b0\u1ee3c ph\u00e1 c\u00e1ch t\u1eeb lo\u1ea1i Pommery Brut Royal c\u1ed5 \u0111i\u1ec3n k\u1ebft h\u1ee3p t\u1eeb m\u1ed9t lo\u1ea1i r\u01b0\u1ee3u vang \u0111\u1ecf v\u00e0 c\u00e1c lo\u1ea1i r\u01b0\u1ee3u vang tr\u1eafng kh\u00e1c \u0111\u01b0\u1ee3c pha tr\u1ed9n theo t\u1ef7 l\u1ec7 l\u1edbn r\u01b0\u1ee3u Chardonnay. M\u1ed9t s\u1ef1 h\u00f2a tr\u1ed9n c\u1ee7a r\u01b0\u1ee3u r\u00f3se v\u00e0 r\u01b0\u1ee3u Pinot Noir c\u1ee7a Bouzy Grand Cru. M\u00e0u s\u1eafc c\u1ee7a lo\u1ea1i champagne n\u00e0y xu\u1ea5t ph\u00e1t t\u1eeb gi\u1ed1ng nho Pinot Noir, \u0111\u01b0\u1ee3c thu ho\u1ea1ch t\u1eeb nh\u1eefng c\u00e1nh \u0111\u1ed3ng nho \u0111\u1ea1t \u0111\u01b0\u1ee3c \u0111\u1ed9 ch\u00edn c\u1ee7a ch\u00fang, v\u00e0 \u0111\u1eb7c bi\u1ec7t \u0111\u01b0\u1ee3c \u201cl\u00ean men t\u1eeb trong v\u1ecf\u201d. Lo\u1ea1i champagne n\u00e0y \u0111\u01b0\u1ee3c l\u01b0u tr\u1eef trong h\u1ea7m r\u01b0\u1ee3u 3 n\u0103m \u0111\u1ec3 ph\u00e1t tri\u1ec3n c\u00e1c \u0111\u1eb7c t\u00ednh \u0111\u1eb7c bi\u1ec7t c\u1ee7a Pommery Ros\u00e9.  N\u1ed0T H\u01af\u01a0NG V\u1eca M\u00e0u h\u1ed3ng nh\u1ea1t tinh t\u1ebf v\u1edbi ch\u00fat t\u00f4ng m\u00e0u c\u00e1 h\u1ed3i. B\u1ecdt m\u1ecbn v\u00e0 l\u01b0u luy\u1ebfn trong v\u00f2m mi\u1ec7ng. Nh\u1eefng qu\u1ea3 m\u1ecdng ch\u00edn \u0111\u1ecf g\u1ee3i l\u00ean s\u1ef1 tr\u00f2n v\u1ecb v\u00e0 m\u1ec1m m\u1ea1i, l\u00e0m t\u0103ng l\u00ean s\u1ef1 t\u01b0\u01a1i m\u1edbi c\u1ee7a m\u00f9i v\u1ecb.","og_url":"https:\/\/alchemy-asia.com\/vi\/san-pham\/pommery-rose\/","og_site_name":"Alchemy Asia","og_image":[{"width":1024,"height":1024,"url":"https:\/\/alchemy-asia.com\/vi\/wp-content\/uploads\/sites\/3\/2024\/07\/Pommery-Rose-1024x1024.png","type":"image\/png"}],"twitter_card":"summary_large_image","twitter_misc":{"\u01af\u1edbc t\u00ednh th\u1eddi gian \u0111\u1ecdc":"1 ph\u00fat"},"schema":{"@context":"https:\/\/schema.org","@graph":[{"@type":"WebPage","@id":"https:\/\/alchemy-asia.com\/vi\/san-pham\/pommery-rose\/","url":"https:\/\/alchemy-asia.com\/vi\/san-pham\/pommery-rose\/","name":"Pommery Rose - Alchemy Asia","isPartOf":{"@id":"https:\/\/alchemy-asia.com\/vi\/#website"},"primaryImageOfPage":{"@id":"https:\/\/alchemy-asia.com\/vi\/san-pham\/pommery-rose\/#primaryimage"},"image":{"@id":"https:\/\/alchemy-asia.com\/vi\/san-pham\/pommery-rose\/#primaryimage"},"thumbnailUrl":"https:\/\/alchemy-asia.com\/vi\/wp-content\/uploads\/sites\/3\/2024\/07\/Pommery-Rose.png","datePublished":"2024-09-10T08:43:34+00:00","dateModified":"2024-09-10T08:43:34+00:00","breadcrumb":{"@id":"https:\/\/alchemy-asia.com\/vi\/san-pham\/pommery-rose\/#breadcrumb"},"inLanguage":"vi","potentialAction":[{"@type":"ReadAction","target":["https:\/\/alchemy-asia.com\/vi\/san-pham\/pommery-rose\/"]}]},{"@type":"ImageObject","inLanguage":"vi","@id":"https:\/\/alchemy-asia.com\/vi\/san-pham\/pommery-rose\/#primaryimage","url":"https:\/\/alchemy-asia.com\/vi\/wp-content\/uploads\/sites\/3\/2024\/07\/Pommery-Rose.png","contentUrl":"https:\/\/alchemy-asia.com\/vi\/wp-content\/uploads\/sites\/3\/2024\/07\/Pommery-Rose.png","width":5804,"height":5803,"caption":"Pommery Rose"},{"@type":"BreadcrumbList","@id":"https:\/\/alchemy-asia.com\/vi\/san-pham\/pommery-rose\/#breadcrumb","itemListElement":[{"@type":"ListItem","position":1,"name":"Home","item":"https:\/\/alchemy-asia.com\/vi\/"},{"@type":"ListItem","position":2,"name":"Pommery Rose"}]},{"@type":"WebSite","@id":"https:\/\/alchemy-asia.com\/vi\/#website","url":"https:\/\/alchemy-asia.com\/vi\/","name":"Alchemy Asia","description":"Just another Alchemy Asia Sites site","potentialAction":[{"@type":"SearchAction","target":{"@type":"EntryPoint","urlTemplate":"https:\/\/alchemy-asia.com\/vi\/?s={search_term_string}"},"query-input":"required name=search_term_string"}],"inLanguage":"vi"}]}},"_links":{"self":[{"href":"https:\/\/alchemy-asia.com\/vi\/wp-json\/wp\/v2\/product\/8582","targetHints":{"allow":["GET"]}}],"collection":[{"href":"https:\/\/alchemy-asia.com\/vi\/wp-json\/wp\/v2\/product"}],"about":[{"href":"https:\/\/alchemy-asia.com\/vi\/wp-json\/wp\/v2\/types\/product"}],"replies":[{"embeddable":true,"href":"https:\/\/alchemy-asia.com\/vi\/wp-json\/wp\/v2\/comments?post=8582"}],"wp:featuredmedia":[{"embeddable":true,"href":"https:\/\/alchemy-asia.com\/vi\/wp-json\/wp\/v2\/media\/8583"}],"wp:attachment":[{"href":"https:\/\/alchemy-asia.com\/vi\/wp-json\/wp\/v2\/media?parent=8582"}],"wp:term":[{"taxonomy":"product_cat","embeddable":true,"href":"https:\/\/alchemy-asia.com\/vi\/wp-json\/wp\/v2\/product_cat?post=8582"},{"taxonomy":"product_tag","embeddable":true,"href":"https:\/\/alchemy-asia.com\/vi\/wp-json\/wp\/v2\/product_tag?post=8582"}],"curies":[{"name":"wp","href":"https:\/\/api.w.org\/{rel}","templated":true}]}}