{"id":8584,"date":"2024-09-10T08:43:32","date_gmt":"2024-09-10T08:43:32","guid":{"rendered":"https:\/\/alchemy-asia.com\/vi\/?post_type=product&#038;p=8584"},"modified":"2024-09-10T08:43:32","modified_gmt":"2024-09-10T08:43:32","slug":"pommery-the-cuvee-louise-2004","status":"publish","type":"product","link":"https:\/\/alchemy-asia.com\/vi\/san-pham\/pommery-the-cuvee-louise-2004\/","title":{"rendered":"Pommery The Cuv\u00e9e Louise 2004"},"content":{"rendered":"","protected":false},"excerpt":{"rendered":"<p>\u0110\u01b0\u1ee3c t\u1ea1o ra nh\u01b0 m\u1ed9t l\u1eddi tri \u00e2n \u0111\u1eb7c bi\u1ec7t \u0111\u1ed1i v\u1edbi qu\u00fd b\u00e0 Louise Pommery, Cuv\u00e9e Louise l\u00e0 m\u1ed9t d\u00f2ng r\u01b0\u1ee3u tinh khi\u1ebft truy\u1ec1n t\u1ea3i th\u00f4ng \u0111i\u1ec7p c\u1ee7a c\u00e1c b\u1eadc th\u1ea7y l\u00e0m r\u01b0\u1ee3u champagne Pommery m\u1ed9t c\u00e1ch thu\u1ea7n t\u00fay nh\u1ea5t.<br \/>\nCuv\u00e9e Louise b\u1eaft ngu\u1ed3n t\u1eeb nh\u1eefng v\u01b0\u1eddn nho Avize, Cramant v\u00e0 Ay, ba v\u00f9ng \u201cGrand Crus\u201d n\u00e0y l\u00e0 nh\u1eefng vi\u00ean ng\u1ecdc qu\u00fd trong v\u00f9ng s\u1ea3n xu\u1ea5t r\u01b0\u1ee3u champagne.<br \/>\n\u0110\u1ec3 \u0111\u1ea3m b\u1ea3o s\u1ef1 tinh khi\u1ebft ho\u00e0n to\u00e0n, \u0111\u1ed1i v\u1edbi m\u1ed7i 4.000 kg th\u00ec ch\u1ec9 1.800 l\u00edt n\u01b0\u1edbc c\u1ed1t \u00e9p \u0111\u01b0\u1ee3c l\u1ef1a ch\u1ecdn thay v\u00ec 2.550 l\u00edt theo ti\u00eau chu\u1ea9n. Pommery l\u00e0 nh\u00e0 s\u1ea3n xu\u1ea5t champagne duy nh\u1ea5t \u0111\u1eb7t ra ti\u00eau chu\u1ea9n kh\u1eaft khe nh\u01b0 v\u1eady. Pommery \u0111\u1ea3m b\u1ea3o r\u1eb1ng m\u1ed7i chai Cuv\u00e9e Louise \u0111\u01b0\u1ee3c b\u1ea3o qu\u1ea3n trong h\u1ea7m r\u01b0\u1ee3u th\u00eam s\u00e1u th\u00e1ng \u0111\u1ec3 kh\u00f4i ph\u1ee5c l\u1ea1i s\u1ef1 c\u00e2n b\u1eb1ng t\u1ef1 nhi\u00ean c\u1ee7a r\u01b0\u1ee3u champagne.<br \/>\nN\u1ed0T H\u01af\u01a0NG V\u1eca<br \/>\nB\u1eaft \u00e1nh nh\u00ecn b\u1eb1ng m\u1ed9t m\u00e0u s\u1eafc sang tr\u1ecdng hi\u1ebfm c\u00f3, n\u1ed5i b\u1eadt \u00e1nh v\u00e0ng v\u00e0 m\u1ed9t s\u1ed1 n\u00e9t ch\u1ea5m ph\u00e1 m\u00e0u xanh l\u00e1 c\u00e2y tinh t\u1ebf, mang l\u1ea1i cho n\u00f3 m\u1ed9t v\u1ebb ngo\u00e0i tuy\u1ec7t v\u1eddi.<br \/>\nGi\u1ea3i ph\u00f3ng m\u1ed9t l\u01b0\u1ee3ng h\u01b0\u01a1ng th\u01a1m thoang tho\u1ea3ng c\u1ee7a b\u00e1nh quy, l\u00e0 k\u1ebft qu\u1ea3 c\u1ee7a qu\u00e1 tr\u00ecnh l\u00ean men. H\u01b0\u01a1ng v\u1ecb n\u00e0y ti\u1ebfp t\u1ee5c \u0111\u01b0\u1ee3c duy tr\u00ec v\u00e0 xen l\u1eabn ch\u00fat h\u01b0\u01a1ng v\u1ecb c\u1ee7a b\u01a1 h\u1ea1t ph\u1ec9, men v\u00e0 b\u1ed9t h\u1ea1nh nh\u00e2n.<\/p>\n","protected":false},"featured_media":8585,"comment_status":"open","ping_status":"closed","template":"","meta":{"_acf_changed":false},"product_cat":[74],"product_tag":[],"class_list":{"0":"post-8584","1":"product","2":"type-product","3":"status-publish","4":"has-post-thumbnail","6":"product_cat-champagne","7":"brand-pommery","9":"first","10":"instock","11":"shipping-taxable","12":"product-type-simple"},"acf":[],"yoast_head":"<!-- This site is optimized with the Yoast SEO plugin v23.0 - https:\/\/yoast.com\/wordpress\/plugins\/seo\/ -->\n<title>Pommery The Cuv\u00e9e Louise 2004 - Alchemy Asia<\/title>\n<meta name=\"robots\" content=\"index, follow, max-snippet:-1, max-image-preview:large, max-video-preview:-1\" \/>\n<link rel=\"canonical\" href=\"https:\/\/alchemy-asia.com\/vi\/san-pham\/pommery-the-cuvee-louise-2004\/\" \/>\n<meta property=\"og:locale\" content=\"vi_VN\" \/>\n<meta property=\"og:type\" content=\"article\" \/>\n<meta property=\"og:title\" content=\"Pommery The Cuv\u00e9e Louise 2004 - Alchemy Asia\" \/>\n<meta property=\"og:description\" content=\"\u0110\u01b0\u1ee3c t\u1ea1o ra nh\u01b0 m\u1ed9t l\u1eddi tri \u00e2n \u0111\u1eb7c bi\u1ec7t \u0111\u1ed1i v\u1edbi qu\u00fd b\u00e0 Louise Pommery, Cuv\u00e9e Louise l\u00e0 m\u1ed9t d\u00f2ng r\u01b0\u1ee3u tinh khi\u1ebft truy\u1ec1n t\u1ea3i th\u00f4ng \u0111i\u1ec7p c\u1ee7a c\u00e1c b\u1eadc th\u1ea7y l\u00e0m r\u01b0\u1ee3u champagne Pommery m\u1ed9t c\u00e1ch thu\u1ea7n t\u00fay nh\u1ea5t. Cuv\u00e9e Louise b\u1eaft ngu\u1ed3n t\u1eeb nh\u1eefng v\u01b0\u1eddn nho Avize, Cramant v\u00e0 Ay, ba v\u00f9ng \u201cGrand Crus\u201d n\u00e0y l\u00e0 nh\u1eefng vi\u00ean ng\u1ecdc qu\u00fd trong v\u00f9ng s\u1ea3n xu\u1ea5t r\u01b0\u1ee3u champagne. \u0110\u1ec3 \u0111\u1ea3m b\u1ea3o s\u1ef1 tinh khi\u1ebft ho\u00e0n to\u00e0n, \u0111\u1ed1i v\u1edbi m\u1ed7i 4.000 kg th\u00ec ch\u1ec9 1.800 l\u00edt n\u01b0\u1edbc c\u1ed1t \u00e9p \u0111\u01b0\u1ee3c l\u1ef1a ch\u1ecdn thay v\u00ec 2.550 l\u00edt theo ti\u00eau chu\u1ea9n. Pommery l\u00e0 nh\u00e0 s\u1ea3n xu\u1ea5t champagne duy nh\u1ea5t \u0111\u1eb7t ra ti\u00eau chu\u1ea9n kh\u1eaft khe nh\u01b0 v\u1eady. Pommery \u0111\u1ea3m b\u1ea3o r\u1eb1ng m\u1ed7i chai Cuv\u00e9e Louise \u0111\u01b0\u1ee3c b\u1ea3o qu\u1ea3n trong h\u1ea7m r\u01b0\u1ee3u th\u00eam s\u00e1u th\u00e1ng \u0111\u1ec3 kh\u00f4i ph\u1ee5c l\u1ea1i s\u1ef1 c\u00e2n b\u1eb1ng t\u1ef1 nhi\u00ean c\u1ee7a r\u01b0\u1ee3u champagne. N\u1ed0T H\u01af\u01a0NG V\u1eca B\u1eaft \u00e1nh nh\u00ecn b\u1eb1ng m\u1ed9t m\u00e0u s\u1eafc sang tr\u1ecdng hi\u1ebfm c\u00f3, n\u1ed5i b\u1eadt \u00e1nh v\u00e0ng v\u00e0 m\u1ed9t s\u1ed1 n\u00e9t ch\u1ea5m ph\u00e1 m\u00e0u xanh l\u00e1 c\u00e2y tinh t\u1ebf, mang l\u1ea1i cho n\u00f3 m\u1ed9t v\u1ebb ngo\u00e0i tuy\u1ec7t v\u1eddi. Gi\u1ea3i ph\u00f3ng m\u1ed9t l\u01b0\u1ee3ng h\u01b0\u01a1ng th\u01a1m thoang tho\u1ea3ng c\u1ee7a b\u00e1nh quy, l\u00e0 k\u1ebft qu\u1ea3 c\u1ee7a qu\u00e1 tr\u00ecnh l\u00ean men. H\u01b0\u01a1ng v\u1ecb n\u00e0y ti\u1ebfp t\u1ee5c \u0111\u01b0\u1ee3c duy tr\u00ec v\u00e0 xen l\u1eabn ch\u00fat h\u01b0\u01a1ng v\u1ecb c\u1ee7a b\u01a1 h\u1ea1t ph\u1ec9, men v\u00e0 b\u1ed9t h\u1ea1nh nh\u00e2n.\" \/>\n<meta property=\"og:url\" content=\"https:\/\/alchemy-asia.com\/vi\/san-pham\/pommery-the-cuvee-louise-2004\/\" \/>\n<meta property=\"og:site_name\" content=\"Alchemy Asia\" \/>\n<meta property=\"og:image\" content=\"https:\/\/alchemy-asia.com\/vi\/wp-content\/uploads\/sites\/3\/2024\/07\/Pommery-Cuvee-Louise-Rose-2004-1024x1024.png\" \/>\n\t<meta property=\"og:image:width\" content=\"1024\" \/>\n\t<meta property=\"og:image:height\" content=\"1024\" \/>\n\t<meta property=\"og:image:type\" content=\"image\/png\" \/>\n<meta name=\"twitter:card\" content=\"summary_large_image\" \/>\n<meta name=\"twitter:label1\" content=\"\u01af\u1edbc t\u00ednh th\u1eddi gian \u0111\u1ecdc\" \/>\n\t<meta name=\"twitter:data1\" content=\"1 ph\u00fat\" \/>\n<script type=\"application\/ld+json\" class=\"yoast-schema-graph\">{\"@context\":\"https:\/\/schema.org\",\"@graph\":[{\"@type\":\"WebPage\",\"@id\":\"https:\/\/alchemy-asia.com\/vi\/san-pham\/pommery-the-cuvee-louise-2004\/\",\"url\":\"https:\/\/alchemy-asia.com\/vi\/san-pham\/pommery-the-cuvee-louise-2004\/\",\"name\":\"Pommery The Cuv\u00e9e Louise 2004 - Alchemy Asia\",\"isPartOf\":{\"@id\":\"https:\/\/alchemy-asia.com\/vi\/#website\"},\"primaryImageOfPage\":{\"@id\":\"https:\/\/alchemy-asia.com\/vi\/san-pham\/pommery-the-cuvee-louise-2004\/#primaryimage\"},\"image\":{\"@id\":\"https:\/\/alchemy-asia.com\/vi\/san-pham\/pommery-the-cuvee-louise-2004\/#primaryimage\"},\"thumbnailUrl\":\"https:\/\/alchemy-asia.com\/vi\/wp-content\/uploads\/sites\/3\/2024\/07\/Pommery-Cuvee-Louise-Rose-2004.png\",\"datePublished\":\"2024-09-10T08:43:32+00:00\",\"dateModified\":\"2024-09-10T08:43:32+00:00\",\"breadcrumb\":{\"@id\":\"https:\/\/alchemy-asia.com\/vi\/san-pham\/pommery-the-cuvee-louise-2004\/#breadcrumb\"},\"inLanguage\":\"vi\",\"potentialAction\":[{\"@type\":\"ReadAction\",\"target\":[\"https:\/\/alchemy-asia.com\/vi\/san-pham\/pommery-the-cuvee-louise-2004\/\"]}]},{\"@type\":\"ImageObject\",\"inLanguage\":\"vi\",\"@id\":\"https:\/\/alchemy-asia.com\/vi\/san-pham\/pommery-the-cuvee-louise-2004\/#primaryimage\",\"url\":\"https:\/\/alchemy-asia.com\/vi\/wp-content\/uploads\/sites\/3\/2024\/07\/Pommery-Cuvee-Louise-Rose-2004.png\",\"contentUrl\":\"https:\/\/alchemy-asia.com\/vi\/wp-content\/uploads\/sites\/3\/2024\/07\/Pommery-Cuvee-Louise-Rose-2004.png\",\"width\":5804,\"height\":5803,\"caption\":\"Pommery The Cuv\u00e9e Louise 2004\"},{\"@type\":\"BreadcrumbList\",\"@id\":\"https:\/\/alchemy-asia.com\/vi\/san-pham\/pommery-the-cuvee-louise-2004\/#breadcrumb\",\"itemListElement\":[{\"@type\":\"ListItem\",\"position\":1,\"name\":\"Home\",\"item\":\"https:\/\/alchemy-asia.com\/vi\/\"},{\"@type\":\"ListItem\",\"position\":2,\"name\":\"Pommery The Cuv\u00e9e Louise 2004\"}]},{\"@type\":\"WebSite\",\"@id\":\"https:\/\/alchemy-asia.com\/vi\/#website\",\"url\":\"https:\/\/alchemy-asia.com\/vi\/\",\"name\":\"Alchemy Asia\",\"description\":\"Just another Alchemy Asia Sites site\",\"potentialAction\":[{\"@type\":\"SearchAction\",\"target\":{\"@type\":\"EntryPoint\",\"urlTemplate\":\"https:\/\/alchemy-asia.com\/vi\/?s={search_term_string}\"},\"query-input\":\"required name=search_term_string\"}],\"inLanguage\":\"vi\"}]}<\/script>\n<!-- \/ Yoast SEO plugin. -->","yoast_head_json":{"title":"Pommery The Cuv\u00e9e Louise 2004 - Alchemy Asia","robots":{"index":"index","follow":"follow","max-snippet":"max-snippet:-1","max-image-preview":"max-image-preview:large","max-video-preview":"max-video-preview:-1"},"canonical":"https:\/\/alchemy-asia.com\/vi\/san-pham\/pommery-the-cuvee-louise-2004\/","og_locale":"vi_VN","og_type":"article","og_title":"Pommery The Cuv\u00e9e Louise 2004 - Alchemy Asia","og_description":"\u0110\u01b0\u1ee3c t\u1ea1o ra nh\u01b0 m\u1ed9t l\u1eddi tri \u00e2n \u0111\u1eb7c bi\u1ec7t \u0111\u1ed1i v\u1edbi qu\u00fd b\u00e0 Louise Pommery, Cuv\u00e9e Louise l\u00e0 m\u1ed9t d\u00f2ng r\u01b0\u1ee3u tinh khi\u1ebft truy\u1ec1n t\u1ea3i th\u00f4ng \u0111i\u1ec7p c\u1ee7a c\u00e1c b\u1eadc th\u1ea7y l\u00e0m r\u01b0\u1ee3u champagne Pommery m\u1ed9t c\u00e1ch thu\u1ea7n t\u00fay nh\u1ea5t. Cuv\u00e9e Louise b\u1eaft ngu\u1ed3n t\u1eeb nh\u1eefng v\u01b0\u1eddn nho Avize, Cramant v\u00e0 Ay, ba v\u00f9ng \u201cGrand Crus\u201d n\u00e0y l\u00e0 nh\u1eefng vi\u00ean ng\u1ecdc qu\u00fd trong v\u00f9ng s\u1ea3n xu\u1ea5t r\u01b0\u1ee3u champagne. \u0110\u1ec3 \u0111\u1ea3m b\u1ea3o s\u1ef1 tinh khi\u1ebft ho\u00e0n to\u00e0n, \u0111\u1ed1i v\u1edbi m\u1ed7i 4.000 kg th\u00ec ch\u1ec9 1.800 l\u00edt n\u01b0\u1edbc c\u1ed1t \u00e9p \u0111\u01b0\u1ee3c l\u1ef1a ch\u1ecdn thay v\u00ec 2.550 l\u00edt theo ti\u00eau chu\u1ea9n. Pommery l\u00e0 nh\u00e0 s\u1ea3n xu\u1ea5t champagne duy nh\u1ea5t \u0111\u1eb7t ra ti\u00eau chu\u1ea9n kh\u1eaft khe nh\u01b0 v\u1eady. Pommery \u0111\u1ea3m b\u1ea3o r\u1eb1ng m\u1ed7i chai Cuv\u00e9e Louise \u0111\u01b0\u1ee3c b\u1ea3o qu\u1ea3n trong h\u1ea7m r\u01b0\u1ee3u th\u00eam s\u00e1u th\u00e1ng \u0111\u1ec3 kh\u00f4i ph\u1ee5c l\u1ea1i s\u1ef1 c\u00e2n b\u1eb1ng t\u1ef1 nhi\u00ean c\u1ee7a r\u01b0\u1ee3u champagne. N\u1ed0T H\u01af\u01a0NG V\u1eca B\u1eaft \u00e1nh nh\u00ecn b\u1eb1ng m\u1ed9t m\u00e0u s\u1eafc sang tr\u1ecdng hi\u1ebfm c\u00f3, n\u1ed5i b\u1eadt \u00e1nh v\u00e0ng v\u00e0 m\u1ed9t s\u1ed1 n\u00e9t ch\u1ea5m ph\u00e1 m\u00e0u xanh l\u00e1 c\u00e2y tinh t\u1ebf, mang l\u1ea1i cho n\u00f3 m\u1ed9t v\u1ebb ngo\u00e0i tuy\u1ec7t v\u1eddi. Gi\u1ea3i ph\u00f3ng m\u1ed9t l\u01b0\u1ee3ng h\u01b0\u01a1ng th\u01a1m thoang tho\u1ea3ng c\u1ee7a b\u00e1nh quy, l\u00e0 k\u1ebft qu\u1ea3 c\u1ee7a qu\u00e1 tr\u00ecnh l\u00ean men. H\u01b0\u01a1ng v\u1ecb n\u00e0y ti\u1ebfp t\u1ee5c \u0111\u01b0\u1ee3c duy tr\u00ec v\u00e0 xen l\u1eabn ch\u00fat h\u01b0\u01a1ng v\u1ecb c\u1ee7a b\u01a1 h\u1ea1t ph\u1ec9, men v\u00e0 b\u1ed9t h\u1ea1nh nh\u00e2n.","og_url":"https:\/\/alchemy-asia.com\/vi\/san-pham\/pommery-the-cuvee-louise-2004\/","og_site_name":"Alchemy Asia","og_image":[{"width":1024,"height":1024,"url":"https:\/\/alchemy-asia.com\/vi\/wp-content\/uploads\/sites\/3\/2024\/07\/Pommery-Cuvee-Louise-Rose-2004-1024x1024.png","type":"image\/png"}],"twitter_card":"summary_large_image","twitter_misc":{"\u01af\u1edbc t\u00ednh th\u1eddi gian \u0111\u1ecdc":"1 ph\u00fat"},"schema":{"@context":"https:\/\/schema.org","@graph":[{"@type":"WebPage","@id":"https:\/\/alchemy-asia.com\/vi\/san-pham\/pommery-the-cuvee-louise-2004\/","url":"https:\/\/alchemy-asia.com\/vi\/san-pham\/pommery-the-cuvee-louise-2004\/","name":"Pommery The Cuv\u00e9e Louise 2004 - Alchemy Asia","isPartOf":{"@id":"https:\/\/alchemy-asia.com\/vi\/#website"},"primaryImageOfPage":{"@id":"https:\/\/alchemy-asia.com\/vi\/san-pham\/pommery-the-cuvee-louise-2004\/#primaryimage"},"image":{"@id":"https:\/\/alchemy-asia.com\/vi\/san-pham\/pommery-the-cuvee-louise-2004\/#primaryimage"},"thumbnailUrl":"https:\/\/alchemy-asia.com\/vi\/wp-content\/uploads\/sites\/3\/2024\/07\/Pommery-Cuvee-Louise-Rose-2004.png","datePublished":"2024-09-10T08:43:32+00:00","dateModified":"2024-09-10T08:43:32+00:00","breadcrumb":{"@id":"https:\/\/alchemy-asia.com\/vi\/san-pham\/pommery-the-cuvee-louise-2004\/#breadcrumb"},"inLanguage":"vi","potentialAction":[{"@type":"ReadAction","target":["https:\/\/alchemy-asia.com\/vi\/san-pham\/pommery-the-cuvee-louise-2004\/"]}]},{"@type":"ImageObject","inLanguage":"vi","@id":"https:\/\/alchemy-asia.com\/vi\/san-pham\/pommery-the-cuvee-louise-2004\/#primaryimage","url":"https:\/\/alchemy-asia.com\/vi\/wp-content\/uploads\/sites\/3\/2024\/07\/Pommery-Cuvee-Louise-Rose-2004.png","contentUrl":"https:\/\/alchemy-asia.com\/vi\/wp-content\/uploads\/sites\/3\/2024\/07\/Pommery-Cuvee-Louise-Rose-2004.png","width":5804,"height":5803,"caption":"Pommery The Cuv\u00e9e Louise 2004"},{"@type":"BreadcrumbList","@id":"https:\/\/alchemy-asia.com\/vi\/san-pham\/pommery-the-cuvee-louise-2004\/#breadcrumb","itemListElement":[{"@type":"ListItem","position":1,"name":"Home","item":"https:\/\/alchemy-asia.com\/vi\/"},{"@type":"ListItem","position":2,"name":"Pommery The Cuv\u00e9e Louise 2004"}]},{"@type":"WebSite","@id":"https:\/\/alchemy-asia.com\/vi\/#website","url":"https:\/\/alchemy-asia.com\/vi\/","name":"Alchemy Asia","description":"Just another Alchemy Asia Sites site","potentialAction":[{"@type":"SearchAction","target":{"@type":"EntryPoint","urlTemplate":"https:\/\/alchemy-asia.com\/vi\/?s={search_term_string}"},"query-input":"required name=search_term_string"}],"inLanguage":"vi"}]}},"_links":{"self":[{"href":"https:\/\/alchemy-asia.com\/vi\/wp-json\/wp\/v2\/product\/8584","targetHints":{"allow":["GET"]}}],"collection":[{"href":"https:\/\/alchemy-asia.com\/vi\/wp-json\/wp\/v2\/product"}],"about":[{"href":"https:\/\/alchemy-asia.com\/vi\/wp-json\/wp\/v2\/types\/product"}],"replies":[{"embeddable":true,"href":"https:\/\/alchemy-asia.com\/vi\/wp-json\/wp\/v2\/comments?post=8584"}],"wp:featuredmedia":[{"embeddable":true,"href":"https:\/\/alchemy-asia.com\/vi\/wp-json\/wp\/v2\/media\/8585"}],"wp:attachment":[{"href":"https:\/\/alchemy-asia.com\/vi\/wp-json\/wp\/v2\/media?parent=8584"}],"wp:term":[{"taxonomy":"product_cat","embeddable":true,"href":"https:\/\/alchemy-asia.com\/vi\/wp-json\/wp\/v2\/product_cat?post=8584"},{"taxonomy":"product_tag","embeddable":true,"href":"https:\/\/alchemy-asia.com\/vi\/wp-json\/wp\/v2\/product_tag?post=8584"}],"curies":[{"name":"wp","href":"https:\/\/api.w.org\/{rel}","templated":true}]}}