{"id":8587,"date":"2024-09-10T08:29:50","date_gmt":"2024-09-10T08:29:50","guid":{"rendered":"https:\/\/alchemy-asia.com\/vi\/?post_type=product&#038;p=8587"},"modified":"2024-09-10T08:29:50","modified_gmt":"2024-09-10T08:29:50","slug":"galliano-espresso","status":"publish","type":"product","link":"https:\/\/alchemy-asia.com\/vi\/san-pham\/galliano-espresso\/","title":{"rendered":"Galliano Espresso"},"content":{"rendered":"","protected":false},"excerpt":{"rendered":"<p><span data-sheets-root=\"1\" data-sheets-value=\"{&quot;1&quot;:2,&quot;2&quot;:&quot;Galliano Espresso c\u00f3 hai lo\u1ea1i h\u1ea1t c\u00e0 ph\u00ea v\u1edbi m\u1ee9c \u0111\u1ed9 rang kh\u00e1c nhau. H\u1ea1t c\u00e0 ph\u00ea Arabica mang l\u1ea1i cho n\u00f3 h\u01b0\u01a1ng v\u1ecb s\u00f4-c\u00f4-la, cream v\u00e0 tinh t\u1ebf, trong khi h\u1ea1t Robusta mang l\u1ea1i h\u01b0\u01a1ng v\u1ecb \u0111\u1eadm \u0111\u00e0 v\u00e0 \u0111\u1eafng. Lo\u1ea1i r\u01b0\u1ee3u m\u00f9i c\u00e0 ph\u00ea \u0111\u1eadm \u0111\u00e0 v\u00e0 \u0111\u1eadm \u0111\u00e0 n\u00e0y c\u00f3 kh\u1ea9u v\u1ecb m\u1ea1nh m\u1ebd nh\u1edd t\u1ef7 l\u1ec7 h\u1ea1t c\u00e0 ph\u00ea Arabica t\u01b0\u01a1ng \u0111\u1ed1i cao.&quot;}\" data-sheets-userformat=\"{&quot;2&quot;:7165,&quot;3&quot;:{&quot;1&quot;:0},&quot;5&quot;:{&quot;1&quot;:[{&quot;1&quot;:2,&quot;2&quot;:0,&quot;5&quot;:{&quot;1&quot;:2,&quot;2&quot;:0}},{&quot;1&quot;:0,&quot;2&quot;:0,&quot;3&quot;:3},{&quot;1&quot;:1,&quot;2&quot;:0,&quot;4&quot;:1}]},&quot;6&quot;:{&quot;1&quot;:[{&quot;1&quot;:2,&quot;2&quot;:0,&quot;5&quot;:{&quot;1&quot;:2,&quot;2&quot;:0}},{&quot;1&quot;:0,&quot;2&quot;:0,&quot;3&quot;:3},{&quot;1&quot;:1,&quot;2&quot;:0,&quot;4&quot;:1}]},&quot;7&quot;:{&quot;1&quot;:[{&quot;1&quot;:2,&quot;2&quot;:0,&quot;5&quot;:{&quot;1&quot;:2,&quot;2&quot;:0}},{&quot;1&quot;:0,&quot;2&quot;:0,&quot;3&quot;:3},{&quot;1&quot;:1,&quot;2&quot;:0,&quot;4&quot;:1}]},&quot;8&quot;:{&quot;1&quot;:[{&quot;1&quot;:2,&quot;2&quot;:0,&quot;5&quot;:{&quot;1&quot;:2,&quot;2&quot;:0}},{&quot;1&quot;:0,&quot;2&quot;:0,&quot;3&quot;:3},{&quot;1&quot;:1,&quot;2&quot;:0,&quot;4&quot;:1}]},&quot;9&quot;:0,&quot;10&quot;:1,&quot;11&quot;:4,&quot;12&quot;:0,&quot;14&quot;:{&quot;1&quot;:2,&quot;2&quot;:0},&quot;15&quot;:&quot;Arial, sans-serif&quot;}\">Galliano Espresso c\u00f3 hai lo\u1ea1i h\u1ea1t c\u00e0 ph\u00ea v\u1edbi m\u1ee9c \u0111\u1ed9 rang kh\u00e1c nhau. H\u1ea1t c\u00e0 ph\u00ea Arabica mang l\u1ea1i cho n\u00f3 h\u01b0\u01a1ng v\u1ecb s\u00f4-c\u00f4-la, cream v\u00e0 tinh t\u1ebf, trong khi h\u1ea1t Robusta mang l\u1ea1i h\u01b0\u01a1ng v\u1ecb \u0111\u1eadm \u0111\u00e0 v\u00e0 \u0111\u1eafng. Lo\u1ea1i r\u01b0\u1ee3u m\u00f9i c\u00e0 ph\u00ea \u0111\u1eadm \u0111\u00e0 v\u00e0 \u0111\u1eadm \u0111\u00e0 n\u00e0y c\u00f3 kh\u1ea9u v\u1ecb m\u1ea1nh m\u1ebd nh\u1edd t\u1ef7 l\u1ec7 h\u1ea1t c\u00e0 ph\u00ea Arabica t\u01b0\u01a1ng \u0111\u1ed1i cao.<\/span><\/p>\n","protected":false},"featured_media":8588,"comment_status":"open","ping_status":"closed","template":"","meta":{"_acf_changed":false},"product_cat":[54],"product_tag":[],"class_list":{"0":"post-8587","1":"product","2":"type-product","3":"status-publish","4":"has-post-thumbnail","6":"product_cat-liqueurs","7":"brand-galliano-liqueur","9":"first","10":"instock","11":"shipping-taxable","12":"product-type-simple"},"acf":[],"yoast_head":"<!-- This site is optimized with the Yoast SEO plugin v23.0 - https:\/\/yoast.com\/wordpress\/plugins\/seo\/ -->\n<title>Galliano Espresso - Alchemy Asia<\/title>\n<meta name=\"robots\" content=\"index, follow, max-snippet:-1, max-image-preview:large, max-video-preview:-1\" \/>\n<link rel=\"canonical\" href=\"https:\/\/alchemy-asia.com\/vi\/san-pham\/galliano-espresso\/\" \/>\n<meta property=\"og:locale\" content=\"vi_VN\" \/>\n<meta property=\"og:type\" content=\"article\" \/>\n<meta property=\"og:title\" content=\"Galliano Espresso - Alchemy Asia\" \/>\n<meta property=\"og:description\" content=\"Galliano Espresso c\u00f3 hai lo\u1ea1i h\u1ea1t c\u00e0 ph\u00ea v\u1edbi m\u1ee9c \u0111\u1ed9 rang kh\u00e1c nhau. H\u1ea1t c\u00e0 ph\u00ea Arabica mang l\u1ea1i cho n\u00f3 h\u01b0\u01a1ng v\u1ecb s\u00f4-c\u00f4-la, cream v\u00e0 tinh t\u1ebf, trong khi h\u1ea1t Robusta mang l\u1ea1i h\u01b0\u01a1ng v\u1ecb \u0111\u1eadm \u0111\u00e0 v\u00e0 \u0111\u1eafng. Lo\u1ea1i r\u01b0\u1ee3u m\u00f9i c\u00e0 ph\u00ea \u0111\u1eadm \u0111\u00e0 v\u00e0 \u0111\u1eadm \u0111\u00e0 n\u00e0y c\u00f3 kh\u1ea9u v\u1ecb m\u1ea1nh m\u1ebd nh\u1edd t\u1ef7 l\u1ec7 h\u1ea1t c\u00e0 ph\u00ea Arabica t\u01b0\u01a1ng \u0111\u1ed1i cao.\" \/>\n<meta property=\"og:url\" content=\"https:\/\/alchemy-asia.com\/vi\/san-pham\/galliano-espresso\/\" \/>\n<meta property=\"og:site_name\" content=\"Alchemy Asia\" \/>\n<meta property=\"og:image\" content=\"https:\/\/alchemy-asia.com\/vi\/wp-content\/uploads\/sites\/3\/2024\/07\/Galliano-Espresso.png\" \/>\n\t<meta property=\"og:image:width\" content=\"2100\" \/>\n\t<meta property=\"og:image:height\" content=\"2100\" \/>\n\t<meta property=\"og:image:type\" content=\"image\/png\" \/>\n<meta name=\"twitter:card\" content=\"summary_large_image\" \/>\n<meta name=\"twitter:label1\" content=\"\u01af\u1edbc t\u00ednh th\u1eddi gian \u0111\u1ecdc\" \/>\n\t<meta name=\"twitter:data1\" content=\"1 ph\u00fat\" \/>\n<script type=\"application\/ld+json\" class=\"yoast-schema-graph\">{\"@context\":\"https:\/\/schema.org\",\"@graph\":[{\"@type\":\"WebPage\",\"@id\":\"https:\/\/alchemy-asia.com\/vi\/san-pham\/galliano-espresso\/\",\"url\":\"https:\/\/alchemy-asia.com\/vi\/san-pham\/galliano-espresso\/\",\"name\":\"Galliano Espresso - Alchemy Asia\",\"isPartOf\":{\"@id\":\"https:\/\/alchemy-asia.com\/vi\/#website\"},\"primaryImageOfPage\":{\"@id\":\"https:\/\/alchemy-asia.com\/vi\/san-pham\/galliano-espresso\/#primaryimage\"},\"image\":{\"@id\":\"https:\/\/alchemy-asia.com\/vi\/san-pham\/galliano-espresso\/#primaryimage\"},\"thumbnailUrl\":\"https:\/\/alchemy-asia.com\/vi\/wp-content\/uploads\/sites\/3\/2024\/07\/Galliano-Espresso.png\",\"datePublished\":\"2024-09-10T08:29:50+00:00\",\"dateModified\":\"2024-09-10T08:29:50+00:00\",\"breadcrumb\":{\"@id\":\"https:\/\/alchemy-asia.com\/vi\/san-pham\/galliano-espresso\/#breadcrumb\"},\"inLanguage\":\"vi\",\"potentialAction\":[{\"@type\":\"ReadAction\",\"target\":[\"https:\/\/alchemy-asia.com\/vi\/san-pham\/galliano-espresso\/\"]}]},{\"@type\":\"ImageObject\",\"inLanguage\":\"vi\",\"@id\":\"https:\/\/alchemy-asia.com\/vi\/san-pham\/galliano-espresso\/#primaryimage\",\"url\":\"https:\/\/alchemy-asia.com\/vi\/wp-content\/uploads\/sites\/3\/2024\/07\/Galliano-Espresso.png\",\"contentUrl\":\"https:\/\/alchemy-asia.com\/vi\/wp-content\/uploads\/sites\/3\/2024\/07\/Galliano-Espresso.png\",\"width\":2100,\"height\":2100,\"caption\":\"Galliano Espresso\"},{\"@type\":\"BreadcrumbList\",\"@id\":\"https:\/\/alchemy-asia.com\/vi\/san-pham\/galliano-espresso\/#breadcrumb\",\"itemListElement\":[{\"@type\":\"ListItem\",\"position\":1,\"name\":\"Home\",\"item\":\"https:\/\/alchemy-asia.com\/vi\/\"},{\"@type\":\"ListItem\",\"position\":2,\"name\":\"Galliano Espresso\"}]},{\"@type\":\"WebSite\",\"@id\":\"https:\/\/alchemy-asia.com\/vi\/#website\",\"url\":\"https:\/\/alchemy-asia.com\/vi\/\",\"name\":\"Alchemy Asia\",\"description\":\"Just another Alchemy Asia Sites site\",\"potentialAction\":[{\"@type\":\"SearchAction\",\"target\":{\"@type\":\"EntryPoint\",\"urlTemplate\":\"https:\/\/alchemy-asia.com\/vi\/?s={search_term_string}\"},\"query-input\":\"required name=search_term_string\"}],\"inLanguage\":\"vi\"}]}<\/script>\n<!-- \/ Yoast SEO plugin. -->","yoast_head_json":{"title":"Galliano Espresso - Alchemy Asia","robots":{"index":"index","follow":"follow","max-snippet":"max-snippet:-1","max-image-preview":"max-image-preview:large","max-video-preview":"max-video-preview:-1"},"canonical":"https:\/\/alchemy-asia.com\/vi\/san-pham\/galliano-espresso\/","og_locale":"vi_VN","og_type":"article","og_title":"Galliano Espresso - Alchemy Asia","og_description":"Galliano Espresso c\u00f3 hai lo\u1ea1i h\u1ea1t c\u00e0 ph\u00ea v\u1edbi m\u1ee9c \u0111\u1ed9 rang kh\u00e1c nhau. H\u1ea1t c\u00e0 ph\u00ea Arabica mang l\u1ea1i cho n\u00f3 h\u01b0\u01a1ng v\u1ecb s\u00f4-c\u00f4-la, cream v\u00e0 tinh t\u1ebf, trong khi h\u1ea1t Robusta mang l\u1ea1i h\u01b0\u01a1ng v\u1ecb \u0111\u1eadm \u0111\u00e0 v\u00e0 \u0111\u1eafng. Lo\u1ea1i r\u01b0\u1ee3u m\u00f9i c\u00e0 ph\u00ea \u0111\u1eadm \u0111\u00e0 v\u00e0 \u0111\u1eadm \u0111\u00e0 n\u00e0y c\u00f3 kh\u1ea9u v\u1ecb m\u1ea1nh m\u1ebd nh\u1edd t\u1ef7 l\u1ec7 h\u1ea1t c\u00e0 ph\u00ea Arabica t\u01b0\u01a1ng \u0111\u1ed1i cao.","og_url":"https:\/\/alchemy-asia.com\/vi\/san-pham\/galliano-espresso\/","og_site_name":"Alchemy Asia","og_image":[{"width":2100,"height":2100,"url":"https:\/\/alchemy-asia.com\/vi\/wp-content\/uploads\/sites\/3\/2024\/07\/Galliano-Espresso.png","type":"image\/png"}],"twitter_card":"summary_large_image","twitter_misc":{"\u01af\u1edbc t\u00ednh th\u1eddi gian \u0111\u1ecdc":"1 ph\u00fat"},"schema":{"@context":"https:\/\/schema.org","@graph":[{"@type":"WebPage","@id":"https:\/\/alchemy-asia.com\/vi\/san-pham\/galliano-espresso\/","url":"https:\/\/alchemy-asia.com\/vi\/san-pham\/galliano-espresso\/","name":"Galliano Espresso - Alchemy Asia","isPartOf":{"@id":"https:\/\/alchemy-asia.com\/vi\/#website"},"primaryImageOfPage":{"@id":"https:\/\/alchemy-asia.com\/vi\/san-pham\/galliano-espresso\/#primaryimage"},"image":{"@id":"https:\/\/alchemy-asia.com\/vi\/san-pham\/galliano-espresso\/#primaryimage"},"thumbnailUrl":"https:\/\/alchemy-asia.com\/vi\/wp-content\/uploads\/sites\/3\/2024\/07\/Galliano-Espresso.png","datePublished":"2024-09-10T08:29:50+00:00","dateModified":"2024-09-10T08:29:50+00:00","breadcrumb":{"@id":"https:\/\/alchemy-asia.com\/vi\/san-pham\/galliano-espresso\/#breadcrumb"},"inLanguage":"vi","potentialAction":[{"@type":"ReadAction","target":["https:\/\/alchemy-asia.com\/vi\/san-pham\/galliano-espresso\/"]}]},{"@type":"ImageObject","inLanguage":"vi","@id":"https:\/\/alchemy-asia.com\/vi\/san-pham\/galliano-espresso\/#primaryimage","url":"https:\/\/alchemy-asia.com\/vi\/wp-content\/uploads\/sites\/3\/2024\/07\/Galliano-Espresso.png","contentUrl":"https:\/\/alchemy-asia.com\/vi\/wp-content\/uploads\/sites\/3\/2024\/07\/Galliano-Espresso.png","width":2100,"height":2100,"caption":"Galliano Espresso"},{"@type":"BreadcrumbList","@id":"https:\/\/alchemy-asia.com\/vi\/san-pham\/galliano-espresso\/#breadcrumb","itemListElement":[{"@type":"ListItem","position":1,"name":"Home","item":"https:\/\/alchemy-asia.com\/vi\/"},{"@type":"ListItem","position":2,"name":"Galliano Espresso"}]},{"@type":"WebSite","@id":"https:\/\/alchemy-asia.com\/vi\/#website","url":"https:\/\/alchemy-asia.com\/vi\/","name":"Alchemy Asia","description":"Just another Alchemy Asia Sites site","potentialAction":[{"@type":"SearchAction","target":{"@type":"EntryPoint","urlTemplate":"https:\/\/alchemy-asia.com\/vi\/?s={search_term_string}"},"query-input":"required name=search_term_string"}],"inLanguage":"vi"}]}},"_links":{"self":[{"href":"https:\/\/alchemy-asia.com\/vi\/wp-json\/wp\/v2\/product\/8587","targetHints":{"allow":["GET"]}}],"collection":[{"href":"https:\/\/alchemy-asia.com\/vi\/wp-json\/wp\/v2\/product"}],"about":[{"href":"https:\/\/alchemy-asia.com\/vi\/wp-json\/wp\/v2\/types\/product"}],"replies":[{"embeddable":true,"href":"https:\/\/alchemy-asia.com\/vi\/wp-json\/wp\/v2\/comments?post=8587"}],"wp:featuredmedia":[{"embeddable":true,"href":"https:\/\/alchemy-asia.com\/vi\/wp-json\/wp\/v2\/media\/8588"}],"wp:attachment":[{"href":"https:\/\/alchemy-asia.com\/vi\/wp-json\/wp\/v2\/media?parent=8587"}],"wp:term":[{"taxonomy":"product_cat","embeddable":true,"href":"https:\/\/alchemy-asia.com\/vi\/wp-json\/wp\/v2\/product_cat?post=8587"},{"taxonomy":"product_tag","embeddable":true,"href":"https:\/\/alchemy-asia.com\/vi\/wp-json\/wp\/v2\/product_tag?post=8587"}],"curies":[{"name":"wp","href":"https:\/\/api.w.org\/{rel}","templated":true}]}}