{"id":8599,"date":"2024-09-10T08:29:46","date_gmt":"2024-09-10T08:29:46","guid":{"rendered":"https:\/\/alchemy-asia.com\/vi\/?post_type=product&#038;p=8599"},"modified":"2024-09-10T08:29:46","modified_gmt":"2024-09-10T08:29:46","slug":"gran-centenario-plata-tequila","status":"publish","type":"product","link":"https:\/\/alchemy-asia.com\/vi\/san-pham\/gran-centenario-plata-tequila\/","title":{"rendered":"Gran Centenario Plata Tequila"},"content":{"rendered":"","protected":false},"excerpt":{"rendered":"<p><span data-sheets-root=\"1\" data-sheets-value=\"{&quot;1&quot;:2,&quot;2&quot;:&quot;Grand Centenario\u00ae Plata \u0111\u01b0\u1ee3c s\u1ea3n xu\u1ea5t m\u00f4\u0323t c\u00f4ng ty gia \u0111i\u0300nh tr\u00ean v\u00f9ng cao nguy\u00ean \u1edf Jalisco, d\u00f2ng tequila silver n\u00e0y \u0111\u01b0\u01a1\u0323c h\u00f2a tr\u00f4\u0323n trong thu\u0300ng g\u00f4\u0303 s\u00f4\u0300i, hi\u0300nh tha\u0300nh n\u00ean mu\u0300i h\u01b0\u01a1ng g\u1ed7 kh\u00e1c bi\u1ec7t.&quot;}\" data-sheets-userformat=\"{&quot;2&quot;:1057789,&quot;3&quot;:{&quot;1&quot;:0},&quot;5&quot;:{&quot;1&quot;:[{&quot;1&quot;:2,&quot;2&quot;:0,&quot;5&quot;:{&quot;1&quot;:2,&quot;2&quot;:0}},{&quot;1&quot;:0,&quot;2&quot;:0,&quot;3&quot;:3},{&quot;1&quot;:1,&quot;2&quot;:0,&quot;4&quot;:1}]},&quot;6&quot;:{&quot;1&quot;:[{&quot;1&quot;:2,&quot;2&quot;:0,&quot;5&quot;:{&quot;1&quot;:2,&quot;2&quot;:0}},{&quot;1&quot;:0,&quot;2&quot;:0,&quot;3&quot;:3},{&quot;1&quot;:1,&quot;2&quot;:0,&quot;4&quot;:1}]},&quot;7&quot;:{&quot;1&quot;:[{&quot;1&quot;:2,&quot;2&quot;:0,&quot;5&quot;:{&quot;1&quot;:2,&quot;2&quot;:0}},{&quot;1&quot;:0,&quot;2&quot;:0,&quot;3&quot;:3},{&quot;1&quot;:1,&quot;2&quot;:0,&quot;4&quot;:1}]},&quot;8&quot;:{&quot;1&quot;:[{&quot;1&quot;:2,&quot;2&quot;:0,&quot;5&quot;:{&quot;1&quot;:2,&quot;2&quot;:0}},{&quot;1&quot;:0,&quot;2&quot;:0,&quot;3&quot;:3},{&quot;1&quot;:1,&quot;2&quot;:0,&quot;4&quot;:1}]},&quot;9&quot;:0,&quot;10&quot;:1,&quot;11&quot;:4,&quot;12&quot;:0,&quot;16&quot;:12,&quot;23&quot;:1}\">Grand Centenario\u00ae Plata \u0111\u01b0\u1ee3c s\u1ea3n xu\u1ea5t m\u00f4\u0323t c\u00f4ng ty gia \u0111i\u0300nh tr\u00ean v\u00f9ng cao nguy\u00ean \u1edf Jalisco, d\u00f2ng tequila silver n\u00e0y \u0111\u01b0\u01a1\u0323c h\u00f2a tr\u00f4\u0323n trong thu\u0300ng g\u00f4\u0303 s\u00f4\u0300i, hi\u0300nh tha\u0300nh n\u00ean mu\u0300i h\u01b0\u01a1ng g\u1ed7 kh\u00e1c bi\u1ec7t.<\/span><\/p>\n","protected":false},"featured_media":8600,"comment_status":"open","ping_status":"closed","template":"","meta":{"_acf_changed":false},"product_cat":[60],"product_tag":[],"class_list":{"0":"post-8599","1":"product","2":"type-product","3":"status-publish","4":"has-post-thumbnail","6":"product_cat-tequila","7":"brand-gran-cenentario","9":"first","10":"instock","11":"shipping-taxable","12":"product-type-simple"},"acf":[],"yoast_head":"<!-- This site is optimized with the Yoast SEO plugin v23.0 - https:\/\/yoast.com\/wordpress\/plugins\/seo\/ -->\n<title>Gran Centenario Plata Tequila - Alchemy Asia<\/title>\n<meta name=\"robots\" content=\"index, follow, max-snippet:-1, max-image-preview:large, max-video-preview:-1\" \/>\n<link rel=\"canonical\" href=\"https:\/\/alchemy-asia.com\/vi\/san-pham\/gran-centenario-plata-tequila\/\" \/>\n<meta property=\"og:locale\" content=\"vi_VN\" \/>\n<meta property=\"og:type\" content=\"article\" \/>\n<meta property=\"og:title\" content=\"Gran Centenario Plata Tequila - Alchemy Asia\" \/>\n<meta property=\"og:description\" content=\"Grand Centenario\u00ae Plata \u0111\u01b0\u1ee3c s\u1ea3n xu\u1ea5t m\u00f4\u0323t c\u00f4ng ty gia \u0111i\u0300nh tr\u00ean v\u00f9ng cao nguy\u00ean \u1edf Jalisco, d\u00f2ng tequila silver n\u00e0y \u0111\u01b0\u01a1\u0323c h\u00f2a tr\u00f4\u0323n trong thu\u0300ng g\u00f4\u0303 s\u00f4\u0300i, hi\u0300nh tha\u0300nh n\u00ean mu\u0300i h\u01b0\u01a1ng g\u1ed7 kh\u00e1c bi\u1ec7t.\" \/>\n<meta property=\"og:url\" content=\"https:\/\/alchemy-asia.com\/vi\/san-pham\/gran-centenario-plata-tequila\/\" \/>\n<meta property=\"og:site_name\" content=\"Alchemy Asia\" \/>\n<meta property=\"og:image\" content=\"https:\/\/alchemy-asia.com\/vi\/wp-content\/uploads\/sites\/3\/2024\/07\/Gran-Centenario-Plata-1024x1024.png\" \/>\n\t<meta property=\"og:image:width\" content=\"1024\" \/>\n\t<meta property=\"og:image:height\" content=\"1024\" \/>\n\t<meta property=\"og:image:type\" content=\"image\/png\" \/>\n<meta name=\"twitter:card\" content=\"summary_large_image\" \/>\n<meta name=\"twitter:label1\" content=\"\u01af\u1edbc t\u00ednh th\u1eddi gian \u0111\u1ecdc\" \/>\n\t<meta name=\"twitter:data1\" content=\"1 ph\u00fat\" \/>\n<script type=\"application\/ld+json\" class=\"yoast-schema-graph\">{\"@context\":\"https:\/\/schema.org\",\"@graph\":[{\"@type\":\"WebPage\",\"@id\":\"https:\/\/alchemy-asia.com\/vi\/san-pham\/gran-centenario-plata-tequila\/\",\"url\":\"https:\/\/alchemy-asia.com\/vi\/san-pham\/gran-centenario-plata-tequila\/\",\"name\":\"Gran Centenario Plata Tequila - Alchemy Asia\",\"isPartOf\":{\"@id\":\"https:\/\/alchemy-asia.com\/vi\/#website\"},\"primaryImageOfPage\":{\"@id\":\"https:\/\/alchemy-asia.com\/vi\/san-pham\/gran-centenario-plata-tequila\/#primaryimage\"},\"image\":{\"@id\":\"https:\/\/alchemy-asia.com\/vi\/san-pham\/gran-centenario-plata-tequila\/#primaryimage\"},\"thumbnailUrl\":\"https:\/\/alchemy-asia.com\/vi\/wp-content\/uploads\/sites\/3\/2024\/07\/Gran-Centenario-Plata.png\",\"datePublished\":\"2024-09-10T08:29:46+00:00\",\"dateModified\":\"2024-09-10T08:29:46+00:00\",\"breadcrumb\":{\"@id\":\"https:\/\/alchemy-asia.com\/vi\/san-pham\/gran-centenario-plata-tequila\/#breadcrumb\"},\"inLanguage\":\"vi\",\"potentialAction\":[{\"@type\":\"ReadAction\",\"target\":[\"https:\/\/alchemy-asia.com\/vi\/san-pham\/gran-centenario-plata-tequila\/\"]}]},{\"@type\":\"ImageObject\",\"inLanguage\":\"vi\",\"@id\":\"https:\/\/alchemy-asia.com\/vi\/san-pham\/gran-centenario-plata-tequila\/#primaryimage\",\"url\":\"https:\/\/alchemy-asia.com\/vi\/wp-content\/uploads\/sites\/3\/2024\/07\/Gran-Centenario-Plata.png\",\"contentUrl\":\"https:\/\/alchemy-asia.com\/vi\/wp-content\/uploads\/sites\/3\/2024\/07\/Gran-Centenario-Plata.png\",\"width\":2100,\"height\":2100,\"caption\":\"Gran Centenario Plata\"},{\"@type\":\"BreadcrumbList\",\"@id\":\"https:\/\/alchemy-asia.com\/vi\/san-pham\/gran-centenario-plata-tequila\/#breadcrumb\",\"itemListElement\":[{\"@type\":\"ListItem\",\"position\":1,\"name\":\"Home\",\"item\":\"https:\/\/alchemy-asia.com\/vi\/\"},{\"@type\":\"ListItem\",\"position\":2,\"name\":\"Gran Centenario Plata Tequila\"}]},{\"@type\":\"WebSite\",\"@id\":\"https:\/\/alchemy-asia.com\/vi\/#website\",\"url\":\"https:\/\/alchemy-asia.com\/vi\/\",\"name\":\"Alchemy Asia\",\"description\":\"Just another Alchemy Asia Sites site\",\"potentialAction\":[{\"@type\":\"SearchAction\",\"target\":{\"@type\":\"EntryPoint\",\"urlTemplate\":\"https:\/\/alchemy-asia.com\/vi\/?s={search_term_string}\"},\"query-input\":\"required name=search_term_string\"}],\"inLanguage\":\"vi\"}]}<\/script>\n<!-- \/ Yoast SEO plugin. -->","yoast_head_json":{"title":"Gran Centenario Plata Tequila - Alchemy Asia","robots":{"index":"index","follow":"follow","max-snippet":"max-snippet:-1","max-image-preview":"max-image-preview:large","max-video-preview":"max-video-preview:-1"},"canonical":"https:\/\/alchemy-asia.com\/vi\/san-pham\/gran-centenario-plata-tequila\/","og_locale":"vi_VN","og_type":"article","og_title":"Gran Centenario Plata Tequila - Alchemy Asia","og_description":"Grand Centenario\u00ae Plata \u0111\u01b0\u1ee3c s\u1ea3n xu\u1ea5t m\u00f4\u0323t c\u00f4ng ty gia \u0111i\u0300nh tr\u00ean v\u00f9ng cao nguy\u00ean \u1edf Jalisco, d\u00f2ng tequila silver n\u00e0y \u0111\u01b0\u01a1\u0323c h\u00f2a tr\u00f4\u0323n trong thu\u0300ng g\u00f4\u0303 s\u00f4\u0300i, hi\u0300nh tha\u0300nh n\u00ean mu\u0300i h\u01b0\u01a1ng g\u1ed7 kh\u00e1c bi\u1ec7t.","og_url":"https:\/\/alchemy-asia.com\/vi\/san-pham\/gran-centenario-plata-tequila\/","og_site_name":"Alchemy Asia","og_image":[{"width":1024,"height":1024,"url":"https:\/\/alchemy-asia.com\/vi\/wp-content\/uploads\/sites\/3\/2024\/07\/Gran-Centenario-Plata-1024x1024.png","type":"image\/png"}],"twitter_card":"summary_large_image","twitter_misc":{"\u01af\u1edbc t\u00ednh th\u1eddi gian \u0111\u1ecdc":"1 ph\u00fat"},"schema":{"@context":"https:\/\/schema.org","@graph":[{"@type":"WebPage","@id":"https:\/\/alchemy-asia.com\/vi\/san-pham\/gran-centenario-plata-tequila\/","url":"https:\/\/alchemy-asia.com\/vi\/san-pham\/gran-centenario-plata-tequila\/","name":"Gran Centenario Plata Tequila - Alchemy Asia","isPartOf":{"@id":"https:\/\/alchemy-asia.com\/vi\/#website"},"primaryImageOfPage":{"@id":"https:\/\/alchemy-asia.com\/vi\/san-pham\/gran-centenario-plata-tequila\/#primaryimage"},"image":{"@id":"https:\/\/alchemy-asia.com\/vi\/san-pham\/gran-centenario-plata-tequila\/#primaryimage"},"thumbnailUrl":"https:\/\/alchemy-asia.com\/vi\/wp-content\/uploads\/sites\/3\/2024\/07\/Gran-Centenario-Plata.png","datePublished":"2024-09-10T08:29:46+00:00","dateModified":"2024-09-10T08:29:46+00:00","breadcrumb":{"@id":"https:\/\/alchemy-asia.com\/vi\/san-pham\/gran-centenario-plata-tequila\/#breadcrumb"},"inLanguage":"vi","potentialAction":[{"@type":"ReadAction","target":["https:\/\/alchemy-asia.com\/vi\/san-pham\/gran-centenario-plata-tequila\/"]}]},{"@type":"ImageObject","inLanguage":"vi","@id":"https:\/\/alchemy-asia.com\/vi\/san-pham\/gran-centenario-plata-tequila\/#primaryimage","url":"https:\/\/alchemy-asia.com\/vi\/wp-content\/uploads\/sites\/3\/2024\/07\/Gran-Centenario-Plata.png","contentUrl":"https:\/\/alchemy-asia.com\/vi\/wp-content\/uploads\/sites\/3\/2024\/07\/Gran-Centenario-Plata.png","width":2100,"height":2100,"caption":"Gran Centenario Plata"},{"@type":"BreadcrumbList","@id":"https:\/\/alchemy-asia.com\/vi\/san-pham\/gran-centenario-plata-tequila\/#breadcrumb","itemListElement":[{"@type":"ListItem","position":1,"name":"Home","item":"https:\/\/alchemy-asia.com\/vi\/"},{"@type":"ListItem","position":2,"name":"Gran Centenario Plata Tequila"}]},{"@type":"WebSite","@id":"https:\/\/alchemy-asia.com\/vi\/#website","url":"https:\/\/alchemy-asia.com\/vi\/","name":"Alchemy Asia","description":"Just another Alchemy Asia Sites site","potentialAction":[{"@type":"SearchAction","target":{"@type":"EntryPoint","urlTemplate":"https:\/\/alchemy-asia.com\/vi\/?s={search_term_string}"},"query-input":"required name=search_term_string"}],"inLanguage":"vi"}]}},"_links":{"self":[{"href":"https:\/\/alchemy-asia.com\/vi\/wp-json\/wp\/v2\/product\/8599","targetHints":{"allow":["GET"]}}],"collection":[{"href":"https:\/\/alchemy-asia.com\/vi\/wp-json\/wp\/v2\/product"}],"about":[{"href":"https:\/\/alchemy-asia.com\/vi\/wp-json\/wp\/v2\/types\/product"}],"replies":[{"embeddable":true,"href":"https:\/\/alchemy-asia.com\/vi\/wp-json\/wp\/v2\/comments?post=8599"}],"wp:featuredmedia":[{"embeddable":true,"href":"https:\/\/alchemy-asia.com\/vi\/wp-json\/wp\/v2\/media\/8600"}],"wp:attachment":[{"href":"https:\/\/alchemy-asia.com\/vi\/wp-json\/wp\/v2\/media?parent=8599"}],"wp:term":[{"taxonomy":"product_cat","embeddable":true,"href":"https:\/\/alchemy-asia.com\/vi\/wp-json\/wp\/v2\/product_cat?post=8599"},{"taxonomy":"product_tag","embeddable":true,"href":"https:\/\/alchemy-asia.com\/vi\/wp-json\/wp\/v2\/product_tag?post=8599"}],"curies":[{"name":"wp","href":"https:\/\/api.w.org\/{rel}","templated":true}]}}