{"id":8603,"date":"2024-09-10T08:29:43","date_gmt":"2024-09-10T08:29:43","guid":{"rendered":"https:\/\/alchemy-asia.com\/vi\/?post_type=product&#038;p=8603"},"modified":"2024-09-10T08:29:43","modified_gmt":"2024-09-10T08:29:43","slug":"grande-absente-absinthe","status":"publish","type":"product","link":"https:\/\/alchemy-asia.com\/vi\/san-pham\/grande-absente-absinthe\/","title":{"rendered":"Grande Absente Absinthe"},"content":{"rendered":"","protected":false},"excerpt":{"rendered":"<p><span data-sheets-root=\"1\" data-sheets-value=\"{&quot;1&quot;:2,&quot;2&quot;:&quot;Absinthe l\u00e0 d\u00f2ng r\u01b0\u1ee3u khai v\u1ecb c\u1ee7a th\u1ebf k\u1ef7 19. \u0110\u00e2y l\u00e0 m\u1ed9t th\u1ee9c u\u1ed1ng d\u00e0nh cho c\u00e1c gi\u1edbi ngh\u1ec7 s\u0129 v\u00e0 gi\u1edbi tr\u00ed th\u1ee9c trong th\u1eddi k\u1ef3 Bohemian Ph\u00e1p \u201cBelle \u00e9poque\u201d \u1edf Paris. Truy\u1ec1n thuy\u1ebft cho r\u1eb1ng n\u00f3 \u0111\u00e3 \u0111\u01b0\u1ee3c ban t\u1eb7ng m\u1ed9t m\u00f3n qu\u00e0 t\u1eeb thi\u00ean nhi\u00ean \u2013 thujone \u2013 \u0111\u01b0\u1ee3c ch\u1ee9a \u0111\u1ef1ng trong n\u00f3 v\u00e0 nh\u1eefng kh\u1ea3i t\u01b0\u1ee3ng m\u00e0 n\u00f3 \u0111\u01b0\u1ee3c cho l\u00e0 g\u00e2y ra. \u0110\u00e2y l\u00e0 th\u1ee9c u\u1ed1ng duy nh\u1ea5t b\u1ecb c\u1ea5m \u1edf h\u1ea7u h\u1ebft c\u00e1c qu\u1ed1c gia. Tuy nhi\u00ean, cho \u0111\u1ebfn t\u1eadn ng\u00e0y nay, \u0111\u00e2y l\u00e0 m\u1ed9t tr\u1ea3i nghi\u1ec7m th\u00fa v\u1ecb nh\u1ea5t \u0111\u1ed1i v\u1edbi nhi\u1ec1u ng\u01b0\u1eddi ti\u00eau d\u00f9ng tr\u00ean to\u00e0n th\u1ebf gi\u1edbi. Grande Absente c\u00f3 th\u1ec3 \u0111\u01b0\u1ee3c ph\u1ee5c v\u1ee5 nh\u01b0 m\u1ed9t lo\u1ea1i cocktail ho\u1eb7c pha lo\u00e3ng v\u1edbi n\u01b0\u1edbc.&quot;}\" data-sheets-userformat=\"{&quot;2&quot;:1057789,&quot;3&quot;:{&quot;1&quot;:0},&quot;5&quot;:{&quot;1&quot;:[{&quot;1&quot;:2,&quot;2&quot;:0,&quot;5&quot;:{&quot;1&quot;:2,&quot;2&quot;:0}},{&quot;1&quot;:0,&quot;2&quot;:0,&quot;3&quot;:3},{&quot;1&quot;:1,&quot;2&quot;:0,&quot;4&quot;:1}]},&quot;6&quot;:{&quot;1&quot;:[{&quot;1&quot;:2,&quot;2&quot;:0,&quot;5&quot;:{&quot;1&quot;:2,&quot;2&quot;:0}},{&quot;1&quot;:0,&quot;2&quot;:0,&quot;3&quot;:3},{&quot;1&quot;:1,&quot;2&quot;:0,&quot;4&quot;:1}]},&quot;7&quot;:{&quot;1&quot;:[{&quot;1&quot;:2,&quot;2&quot;:0,&quot;5&quot;:{&quot;1&quot;:2,&quot;2&quot;:0}},{&quot;1&quot;:0,&quot;2&quot;:0,&quot;3&quot;:3},{&quot;1&quot;:1,&quot;2&quot;:0,&quot;4&quot;:1}]},&quot;8&quot;:{&quot;1&quot;:[{&quot;1&quot;:2,&quot;2&quot;:0,&quot;5&quot;:{&quot;1&quot;:2,&quot;2&quot;:0}},{&quot;1&quot;:0,&quot;2&quot;:0,&quot;3&quot;:3},{&quot;1&quot;:1,&quot;2&quot;:0,&quot;4&quot;:1}]},&quot;9&quot;:0,&quot;10&quot;:1,&quot;11&quot;:4,&quot;12&quot;:0,&quot;16&quot;:11,&quot;23&quot;:1}\">Absinthe l\u00e0 d\u00f2ng r\u01b0\u1ee3u khai v\u1ecb c\u1ee7a th\u1ebf k\u1ef7 19. \u0110\u00e2y l\u00e0 m\u1ed9t th\u1ee9c u\u1ed1ng d\u00e0nh cho c\u00e1c gi\u1edbi ngh\u1ec7 s\u0129 v\u00e0 gi\u1edbi tr\u00ed th\u1ee9c trong th\u1eddi k\u1ef3 Bohemian Ph\u00e1p \u201cBelle \u00e9poque\u201d \u1edf Paris. Truy\u1ec1n thuy\u1ebft cho r\u1eb1ng n\u00f3 \u0111\u00e3 \u0111\u01b0\u1ee3c ban t\u1eb7ng m\u1ed9t m\u00f3n qu\u00e0 t\u1eeb thi\u00ean nhi\u00ean \u2013 thujone \u2013 \u0111\u01b0\u1ee3c ch\u1ee9a \u0111\u1ef1ng trong n\u00f3 v\u00e0 nh\u1eefng kh\u1ea3i t\u01b0\u1ee3ng m\u00e0 n\u00f3 \u0111\u01b0\u1ee3c cho l\u00e0 g\u00e2y ra. \u0110\u00e2y l\u00e0 th\u1ee9c u\u1ed1ng duy nh\u1ea5t b\u1ecb c\u1ea5m \u1edf h\u1ea7u h\u1ebft c\u00e1c qu\u1ed1c gia. Tuy nhi\u00ean, cho \u0111\u1ebfn t\u1eadn ng\u00e0y nay, \u0111\u00e2y l\u00e0 m\u1ed9t tr\u1ea3i nghi\u1ec7m th\u00fa v\u1ecb nh\u1ea5t \u0111\u1ed1i v\u1edbi nhi\u1ec1u ng\u01b0\u1eddi ti\u00eau d\u00f9ng tr\u00ean to\u00e0n th\u1ebf gi\u1edbi. Grande Absente c\u00f3 th\u1ec3 \u0111\u01b0\u1ee3c ph\u1ee5c v\u1ee5 nh\u01b0 m\u1ed9t lo\u1ea1i cocktail ho\u1eb7c pha lo\u00e3ng v\u1edbi n\u01b0\u1edbc.<\/span><\/p>\n","protected":false},"featured_media":8606,"comment_status":"open","ping_status":"closed","template":"","meta":{"_acf_changed":false},"product_cat":[121,54],"product_tag":[],"class_list":{"0":"post-8603","1":"product","2":"type-product","3":"status-publish","4":"has-post-thumbnail","6":"product_cat-absinthe","7":"product_cat-liqueurs","8":"brand-absente","10":"first","11":"instock","12":"shipping-taxable","13":"product-type-simple"},"acf":[],"yoast_head":"<!-- This site is optimized with the Yoast SEO plugin v23.0 - https:\/\/yoast.com\/wordpress\/plugins\/seo\/ -->\n<title>Grande Absente Absinthe - Alchemy Asia<\/title>\n<meta name=\"robots\" content=\"index, follow, max-snippet:-1, max-image-preview:large, max-video-preview:-1\" \/>\n<link rel=\"canonical\" href=\"https:\/\/alchemy-asia.com\/vi\/san-pham\/grande-absente-absinthe\/\" \/>\n<meta property=\"og:locale\" content=\"vi_VN\" \/>\n<meta property=\"og:type\" content=\"article\" \/>\n<meta property=\"og:title\" content=\"Grande Absente Absinthe - Alchemy Asia\" \/>\n<meta property=\"og:description\" content=\"Absinthe l\u00e0 d\u00f2ng r\u01b0\u1ee3u khai v\u1ecb c\u1ee7a th\u1ebf k\u1ef7 19. \u0110\u00e2y l\u00e0 m\u1ed9t th\u1ee9c u\u1ed1ng d\u00e0nh cho c\u00e1c gi\u1edbi ngh\u1ec7 s\u0129 v\u00e0 gi\u1edbi tr\u00ed th\u1ee9c trong th\u1eddi k\u1ef3 Bohemian Ph\u00e1p \u201cBelle \u00e9poque\u201d \u1edf Paris. Truy\u1ec1n thuy\u1ebft cho r\u1eb1ng n\u00f3 \u0111\u00e3 \u0111\u01b0\u1ee3c ban t\u1eb7ng m\u1ed9t m\u00f3n qu\u00e0 t\u1eeb thi\u00ean nhi\u00ean \u2013 thujone \u2013 \u0111\u01b0\u1ee3c ch\u1ee9a \u0111\u1ef1ng trong n\u00f3 v\u00e0 nh\u1eefng kh\u1ea3i t\u01b0\u1ee3ng m\u00e0 n\u00f3 \u0111\u01b0\u1ee3c cho l\u00e0 g\u00e2y ra. \u0110\u00e2y l\u00e0 th\u1ee9c u\u1ed1ng duy nh\u1ea5t b\u1ecb c\u1ea5m \u1edf h\u1ea7u h\u1ebft c\u00e1c qu\u1ed1c gia. Tuy nhi\u00ean, cho \u0111\u1ebfn t\u1eadn ng\u00e0y nay, \u0111\u00e2y l\u00e0 m\u1ed9t tr\u1ea3i nghi\u1ec7m th\u00fa v\u1ecb nh\u1ea5t \u0111\u1ed1i v\u1edbi nhi\u1ec1u ng\u01b0\u1eddi ti\u00eau d\u00f9ng tr\u00ean to\u00e0n th\u1ebf gi\u1edbi. Grande Absente c\u00f3 th\u1ec3 \u0111\u01b0\u1ee3c ph\u1ee5c v\u1ee5 nh\u01b0 m\u1ed9t lo\u1ea1i cocktail ho\u1eb7c pha lo\u00e3ng v\u1edbi n\u01b0\u1edbc.\" \/>\n<meta property=\"og:url\" content=\"https:\/\/alchemy-asia.com\/vi\/san-pham\/grande-absente-absinthe\/\" \/>\n<meta property=\"og:site_name\" content=\"Alchemy Asia\" \/>\n<meta property=\"og:image\" content=\"https:\/\/alchemy-asia.com\/vi\/wp-content\/uploads\/sites\/3\/2024\/07\/absinthe.png\" \/>\n\t<meta property=\"og:image:width\" content=\"2100\" \/>\n\t<meta property=\"og:image:height\" content=\"2100\" \/>\n\t<meta property=\"og:image:type\" content=\"image\/png\" \/>\n<meta name=\"twitter:card\" content=\"summary_large_image\" \/>\n<meta name=\"twitter:label1\" content=\"\u01af\u1edbc t\u00ednh th\u1eddi gian \u0111\u1ecdc\" \/>\n\t<meta name=\"twitter:data1\" content=\"1 ph\u00fat\" \/>\n<script type=\"application\/ld+json\" class=\"yoast-schema-graph\">{\"@context\":\"https:\/\/schema.org\",\"@graph\":[{\"@type\":\"WebPage\",\"@id\":\"https:\/\/alchemy-asia.com\/vi\/san-pham\/grande-absente-absinthe\/\",\"url\":\"https:\/\/alchemy-asia.com\/vi\/san-pham\/grande-absente-absinthe\/\",\"name\":\"Grande Absente Absinthe - Alchemy Asia\",\"isPartOf\":{\"@id\":\"https:\/\/alchemy-asia.com\/vi\/#website\"},\"primaryImageOfPage\":{\"@id\":\"https:\/\/alchemy-asia.com\/vi\/san-pham\/grande-absente-absinthe\/#primaryimage\"},\"image\":{\"@id\":\"https:\/\/alchemy-asia.com\/vi\/san-pham\/grande-absente-absinthe\/#primaryimage\"},\"thumbnailUrl\":\"https:\/\/alchemy-asia.com\/vi\/wp-content\/uploads\/sites\/3\/2024\/07\/absinthe.png\",\"datePublished\":\"2024-09-10T08:29:43+00:00\",\"dateModified\":\"2024-09-10T08:29:43+00:00\",\"breadcrumb\":{\"@id\":\"https:\/\/alchemy-asia.com\/vi\/san-pham\/grande-absente-absinthe\/#breadcrumb\"},\"inLanguage\":\"vi\",\"potentialAction\":[{\"@type\":\"ReadAction\",\"target\":[\"https:\/\/alchemy-asia.com\/vi\/san-pham\/grande-absente-absinthe\/\"]}]},{\"@type\":\"ImageObject\",\"inLanguage\":\"vi\",\"@id\":\"https:\/\/alchemy-asia.com\/vi\/san-pham\/grande-absente-absinthe\/#primaryimage\",\"url\":\"https:\/\/alchemy-asia.com\/vi\/wp-content\/uploads\/sites\/3\/2024\/07\/absinthe.png\",\"contentUrl\":\"https:\/\/alchemy-asia.com\/vi\/wp-content\/uploads\/sites\/3\/2024\/07\/absinthe.png\",\"width\":2100,\"height\":2100,\"caption\":\"absinthe\"},{\"@type\":\"BreadcrumbList\",\"@id\":\"https:\/\/alchemy-asia.com\/vi\/san-pham\/grande-absente-absinthe\/#breadcrumb\",\"itemListElement\":[{\"@type\":\"ListItem\",\"position\":1,\"name\":\"Home\",\"item\":\"https:\/\/alchemy-asia.com\/vi\/\"},{\"@type\":\"ListItem\",\"position\":2,\"name\":\"Grande Absente Absinthe\"}]},{\"@type\":\"WebSite\",\"@id\":\"https:\/\/alchemy-asia.com\/vi\/#website\",\"url\":\"https:\/\/alchemy-asia.com\/vi\/\",\"name\":\"Alchemy Asia\",\"description\":\"Just another Alchemy Asia Sites site\",\"potentialAction\":[{\"@type\":\"SearchAction\",\"target\":{\"@type\":\"EntryPoint\",\"urlTemplate\":\"https:\/\/alchemy-asia.com\/vi\/?s={search_term_string}\"},\"query-input\":\"required name=search_term_string\"}],\"inLanguage\":\"vi\"}]}<\/script>\n<!-- \/ Yoast SEO plugin. -->","yoast_head_json":{"title":"Grande Absente Absinthe - Alchemy Asia","robots":{"index":"index","follow":"follow","max-snippet":"max-snippet:-1","max-image-preview":"max-image-preview:large","max-video-preview":"max-video-preview:-1"},"canonical":"https:\/\/alchemy-asia.com\/vi\/san-pham\/grande-absente-absinthe\/","og_locale":"vi_VN","og_type":"article","og_title":"Grande Absente Absinthe - Alchemy Asia","og_description":"Absinthe l\u00e0 d\u00f2ng r\u01b0\u1ee3u khai v\u1ecb c\u1ee7a th\u1ebf k\u1ef7 19. \u0110\u00e2y l\u00e0 m\u1ed9t th\u1ee9c u\u1ed1ng d\u00e0nh cho c\u00e1c gi\u1edbi ngh\u1ec7 s\u0129 v\u00e0 gi\u1edbi tr\u00ed th\u1ee9c trong th\u1eddi k\u1ef3 Bohemian Ph\u00e1p \u201cBelle \u00e9poque\u201d \u1edf Paris. Truy\u1ec1n thuy\u1ebft cho r\u1eb1ng n\u00f3 \u0111\u00e3 \u0111\u01b0\u1ee3c ban t\u1eb7ng m\u1ed9t m\u00f3n qu\u00e0 t\u1eeb thi\u00ean nhi\u00ean \u2013 thujone \u2013 \u0111\u01b0\u1ee3c ch\u1ee9a \u0111\u1ef1ng trong n\u00f3 v\u00e0 nh\u1eefng kh\u1ea3i t\u01b0\u1ee3ng m\u00e0 n\u00f3 \u0111\u01b0\u1ee3c cho l\u00e0 g\u00e2y ra. \u0110\u00e2y l\u00e0 th\u1ee9c u\u1ed1ng duy nh\u1ea5t b\u1ecb c\u1ea5m \u1edf h\u1ea7u h\u1ebft c\u00e1c qu\u1ed1c gia. Tuy nhi\u00ean, cho \u0111\u1ebfn t\u1eadn ng\u00e0y nay, \u0111\u00e2y l\u00e0 m\u1ed9t tr\u1ea3i nghi\u1ec7m th\u00fa v\u1ecb nh\u1ea5t \u0111\u1ed1i v\u1edbi nhi\u1ec1u ng\u01b0\u1eddi ti\u00eau d\u00f9ng tr\u00ean to\u00e0n th\u1ebf gi\u1edbi. Grande Absente c\u00f3 th\u1ec3 \u0111\u01b0\u1ee3c ph\u1ee5c v\u1ee5 nh\u01b0 m\u1ed9t lo\u1ea1i cocktail ho\u1eb7c pha lo\u00e3ng v\u1edbi n\u01b0\u1edbc.","og_url":"https:\/\/alchemy-asia.com\/vi\/san-pham\/grande-absente-absinthe\/","og_site_name":"Alchemy Asia","og_image":[{"width":2100,"height":2100,"url":"https:\/\/alchemy-asia.com\/vi\/wp-content\/uploads\/sites\/3\/2024\/07\/absinthe.png","type":"image\/png"}],"twitter_card":"summary_large_image","twitter_misc":{"\u01af\u1edbc t\u00ednh th\u1eddi gian \u0111\u1ecdc":"1 ph\u00fat"},"schema":{"@context":"https:\/\/schema.org","@graph":[{"@type":"WebPage","@id":"https:\/\/alchemy-asia.com\/vi\/san-pham\/grande-absente-absinthe\/","url":"https:\/\/alchemy-asia.com\/vi\/san-pham\/grande-absente-absinthe\/","name":"Grande Absente Absinthe - Alchemy Asia","isPartOf":{"@id":"https:\/\/alchemy-asia.com\/vi\/#website"},"primaryImageOfPage":{"@id":"https:\/\/alchemy-asia.com\/vi\/san-pham\/grande-absente-absinthe\/#primaryimage"},"image":{"@id":"https:\/\/alchemy-asia.com\/vi\/san-pham\/grande-absente-absinthe\/#primaryimage"},"thumbnailUrl":"https:\/\/alchemy-asia.com\/vi\/wp-content\/uploads\/sites\/3\/2024\/07\/absinthe.png","datePublished":"2024-09-10T08:29:43+00:00","dateModified":"2024-09-10T08:29:43+00:00","breadcrumb":{"@id":"https:\/\/alchemy-asia.com\/vi\/san-pham\/grande-absente-absinthe\/#breadcrumb"},"inLanguage":"vi","potentialAction":[{"@type":"ReadAction","target":["https:\/\/alchemy-asia.com\/vi\/san-pham\/grande-absente-absinthe\/"]}]},{"@type":"ImageObject","inLanguage":"vi","@id":"https:\/\/alchemy-asia.com\/vi\/san-pham\/grande-absente-absinthe\/#primaryimage","url":"https:\/\/alchemy-asia.com\/vi\/wp-content\/uploads\/sites\/3\/2024\/07\/absinthe.png","contentUrl":"https:\/\/alchemy-asia.com\/vi\/wp-content\/uploads\/sites\/3\/2024\/07\/absinthe.png","width":2100,"height":2100,"caption":"absinthe"},{"@type":"BreadcrumbList","@id":"https:\/\/alchemy-asia.com\/vi\/san-pham\/grande-absente-absinthe\/#breadcrumb","itemListElement":[{"@type":"ListItem","position":1,"name":"Home","item":"https:\/\/alchemy-asia.com\/vi\/"},{"@type":"ListItem","position":2,"name":"Grande Absente Absinthe"}]},{"@type":"WebSite","@id":"https:\/\/alchemy-asia.com\/vi\/#website","url":"https:\/\/alchemy-asia.com\/vi\/","name":"Alchemy Asia","description":"Just another Alchemy Asia Sites site","potentialAction":[{"@type":"SearchAction","target":{"@type":"EntryPoint","urlTemplate":"https:\/\/alchemy-asia.com\/vi\/?s={search_term_string}"},"query-input":"required name=search_term_string"}],"inLanguage":"vi"}]}},"_links":{"self":[{"href":"https:\/\/alchemy-asia.com\/vi\/wp-json\/wp\/v2\/product\/8603","targetHints":{"allow":["GET"]}}],"collection":[{"href":"https:\/\/alchemy-asia.com\/vi\/wp-json\/wp\/v2\/product"}],"about":[{"href":"https:\/\/alchemy-asia.com\/vi\/wp-json\/wp\/v2\/types\/product"}],"replies":[{"embeddable":true,"href":"https:\/\/alchemy-asia.com\/vi\/wp-json\/wp\/v2\/comments?post=8603"}],"wp:featuredmedia":[{"embeddable":true,"href":"https:\/\/alchemy-asia.com\/vi\/wp-json\/wp\/v2\/media\/8606"}],"wp:attachment":[{"href":"https:\/\/alchemy-asia.com\/vi\/wp-json\/wp\/v2\/media?parent=8603"}],"wp:term":[{"taxonomy":"product_cat","embeddable":true,"href":"https:\/\/alchemy-asia.com\/vi\/wp-json\/wp\/v2\/product_cat?post=8603"},{"taxonomy":"product_tag","embeddable":true,"href":"https:\/\/alchemy-asia.com\/vi\/wp-json\/wp\/v2\/product_tag?post=8603"}],"curies":[{"name":"wp","href":"https:\/\/api.w.org\/{rel}","templated":true}]}}