{"id":8607,"date":"2024-09-10T08:43:27","date_gmt":"2024-09-10T08:43:27","guid":{"rendered":"https:\/\/alchemy-asia.com\/vi\/?post_type=product&#038;p=8607"},"modified":"2024-09-13T03:36:16","modified_gmt":"2024-09-13T03:36:16","slug":"remy-martin-1738-accord-royal-cognac-700ml","status":"publish","type":"product","link":"https:\/\/alchemy-asia.com\/vi\/san-pham\/remy-martin-1738-accord-royal-cognac-700ml\/","title":{"rendered":"R\u00e9my Martin 1738 Accord Royal Cognac &#8211; 700ml"},"content":{"rendered":"","protected":false},"excerpt":{"rendered":"<p>H\u01af\u01a0NG TH\u01a0M<br \/>\n\u0110\u1eadm m\u00f9i m\u1eadn v\u00e0 m\u1ee9t qu\u1ea3 sung k\u1ebft h\u1ee3p v\u1edbi h\u01b0\u01a1ng kh\u00f3i t\u1eeb k\u1eb9o b\u01a1 c\u1ee9ng v\u00e0 b\u00e1nh m\u00ec n\u01b0\u1edbng.<\/p>\n<p>H\u01af\u01a0NG V\u1eca<br \/>\nV\u1ecb \u00eam d\u1ecbu c\u1ee7a b\u00e1nh b\u01a1 n\u01b0\u1edbng, v\u1ecb ch\u00e1y thoang tho\u1ea3ng ch\u00fat v\u1ecb s\u00f4 c\u00f4 la \u0111en.<\/p>\n<p>BODY<br \/>\n\u0110\u1eb7c bi\u1ec7t tr\u00f2n v\u1ecb v\u1edbi h\u1eadu v\u1ecb b\u00e9o b\u00f9i v\u00e0 h\u01b0\u01a1ng th\u01a1m \u0111\u1eadm \u0111\u1eb7c c\u1ee7a h\u1ea1t \u0111\u01b0\u1ee3c \u0111an xen v\u1edbi h\u01b0\u01a1ng v\u1ecb t\u1eeb r\u01b0\u1ee3u eaux-de-vie \u0111\u01b0\u1ee3c \u1ee7 trong th\u00f9ng g\u1ed7 s\u1ed3i Ph\u00e1p.<\/p>\n<p>G\u1ee2I \u00dd<br \/>\nD\u00f9ng k\u00e8m: 1738 c\u00f3 th\u1ec3 k\u1ebft h\u1ee3p v\u1edbi c\u00e1c m\u00f3n \u0103n nh\u1eb9 (h\u1ea1nh nh\u00e2n rang mu\u1ed1i), c\u00e1c m\u00f3n BBQ v\u00e0 c\u00e1c lo\u1ea1i th\u1ecbt n\u01b0\u1edbng.<br \/>\nD\u00f9ng tr\u1ef1c ti\u1ebfp: neat, cocktail \u0111\u01a1n gi\u1ea3n nh\u01b0 1738 King Collins, hay cocktail c\u1ed5 \u0111i\u1ec3n nh\u01b0 1738 Royal Sidecar.<\/p>\n","protected":false},"featured_media":8904,"comment_status":"open","ping_status":"closed","template":"","meta":{"_acf_changed":false},"product_cat":[51],"product_tag":[],"class_list":{"0":"post-8607","1":"product","2":"type-product","3":"status-publish","4":"has-post-thumbnail","6":"product_cat-cognac","7":"brand-remy-martin","9":"first","10":"instock","11":"shipping-taxable","12":"product-type-simple"},"acf":[],"yoast_head":"<!-- This site is optimized with the Yoast SEO plugin v23.0 - https:\/\/yoast.com\/wordpress\/plugins\/seo\/ -->\n<title>R\u00e9my Martin 1738 Accord Royal Cognac - 700ml - Alchemy Asia<\/title>\n<meta name=\"robots\" content=\"index, follow, max-snippet:-1, max-image-preview:large, max-video-preview:-1\" \/>\n<link rel=\"canonical\" href=\"https:\/\/alchemy-asia.com\/vi\/san-pham\/remy-martin-1738-accord-royal-cognac-700ml\/\" \/>\n<meta property=\"og:locale\" content=\"vi_VN\" \/>\n<meta property=\"og:type\" content=\"article\" \/>\n<meta property=\"og:title\" content=\"R\u00e9my Martin 1738 Accord Royal Cognac - 700ml - Alchemy Asia\" \/>\n<meta property=\"og:description\" content=\"H\u01af\u01a0NG TH\u01a0M \u0110\u1eadm m\u00f9i m\u1eadn v\u00e0 m\u1ee9t qu\u1ea3 sung k\u1ebft h\u1ee3p v\u1edbi h\u01b0\u01a1ng kh\u00f3i t\u1eeb k\u1eb9o b\u01a1 c\u1ee9ng v\u00e0 b\u00e1nh m\u00ec n\u01b0\u1edbng.  H\u01af\u01a0NG V\u1eca V\u1ecb \u00eam d\u1ecbu c\u1ee7a b\u00e1nh b\u01a1 n\u01b0\u1edbng, v\u1ecb ch\u00e1y thoang tho\u1ea3ng ch\u00fat v\u1ecb s\u00f4 c\u00f4 la \u0111en.  BODY \u0110\u1eb7c bi\u1ec7t tr\u00f2n v\u1ecb v\u1edbi h\u1eadu v\u1ecb b\u00e9o b\u00f9i v\u00e0 h\u01b0\u01a1ng th\u01a1m \u0111\u1eadm \u0111\u1eb7c c\u1ee7a h\u1ea1t \u0111\u01b0\u1ee3c \u0111an xen v\u1edbi h\u01b0\u01a1ng v\u1ecb t\u1eeb r\u01b0\u1ee3u eaux-de-vie \u0111\u01b0\u1ee3c \u1ee7 trong th\u00f9ng g\u1ed7 s\u1ed3i Ph\u00e1p.  G\u1ee2I \u00dd D\u00f9ng k\u00e8m: 1738 c\u00f3 th\u1ec3 k\u1ebft h\u1ee3p v\u1edbi c\u00e1c m\u00f3n \u0103n nh\u1eb9 (h\u1ea1nh nh\u00e2n rang mu\u1ed1i), c\u00e1c m\u00f3n BBQ v\u00e0 c\u00e1c lo\u1ea1i th\u1ecbt n\u01b0\u1edbng. D\u00f9ng tr\u1ef1c ti\u1ebfp: neat, cocktail \u0111\u01a1n gi\u1ea3n nh\u01b0 1738 King Collins, hay cocktail c\u1ed5 \u0111i\u1ec3n nh\u01b0 1738 Royal Sidecar.\" \/>\n<meta property=\"og:url\" content=\"https:\/\/alchemy-asia.com\/vi\/san-pham\/remy-martin-1738-accord-royal-cognac-700ml\/\" \/>\n<meta property=\"og:site_name\" content=\"Alchemy Asia\" \/>\n<meta property=\"article:modified_time\" content=\"2024-09-13T03:36:16+00:00\" \/>\n<meta property=\"og:image\" content=\"https:\/\/alchemy-asia.com\/vi\/wp-content\/uploads\/sites\/3\/2024\/09\/WEBSITE-with-Rulers-1024x1024.png\" \/>\n\t<meta property=\"og:image:width\" content=\"1024\" \/>\n\t<meta property=\"og:image:height\" content=\"1024\" \/>\n\t<meta property=\"og:image:type\" content=\"image\/png\" \/>\n<meta name=\"twitter:card\" content=\"summary_large_image\" \/>\n<meta name=\"twitter:label1\" content=\"\u01af\u1edbc t\u00ednh th\u1eddi gian \u0111\u1ecdc\" \/>\n\t<meta name=\"twitter:data1\" content=\"1 ph\u00fat\" \/>\n<script type=\"application\/ld+json\" class=\"yoast-schema-graph\">{\"@context\":\"https:\/\/schema.org\",\"@graph\":[{\"@type\":\"WebPage\",\"@id\":\"https:\/\/alchemy-asia.com\/vi\/san-pham\/remy-martin-1738-accord-royal-cognac-700ml\/\",\"url\":\"https:\/\/alchemy-asia.com\/vi\/san-pham\/remy-martin-1738-accord-royal-cognac-700ml\/\",\"name\":\"R\u00e9my Martin 1738 Accord Royal Cognac - 700ml - Alchemy Asia\",\"isPartOf\":{\"@id\":\"https:\/\/alchemy-asia.com\/vi\/#website\"},\"primaryImageOfPage\":{\"@id\":\"https:\/\/alchemy-asia.com\/vi\/san-pham\/remy-martin-1738-accord-royal-cognac-700ml\/#primaryimage\"},\"image\":{\"@id\":\"https:\/\/alchemy-asia.com\/vi\/san-pham\/remy-martin-1738-accord-royal-cognac-700ml\/#primaryimage\"},\"thumbnailUrl\":\"https:\/\/alchemy-asia.com\/vi\/wp-content\/uploads\/sites\/3\/2024\/09\/WEBSITE-with-Rulers.png\",\"datePublished\":\"2024-09-10T08:43:27+00:00\",\"dateModified\":\"2024-09-13T03:36:16+00:00\",\"breadcrumb\":{\"@id\":\"https:\/\/alchemy-asia.com\/vi\/san-pham\/remy-martin-1738-accord-royal-cognac-700ml\/#breadcrumb\"},\"inLanguage\":\"vi\",\"potentialAction\":[{\"@type\":\"ReadAction\",\"target\":[\"https:\/\/alchemy-asia.com\/vi\/san-pham\/remy-martin-1738-accord-royal-cognac-700ml\/\"]}]},{\"@type\":\"ImageObject\",\"inLanguage\":\"vi\",\"@id\":\"https:\/\/alchemy-asia.com\/vi\/san-pham\/remy-martin-1738-accord-royal-cognac-700ml\/#primaryimage\",\"url\":\"https:\/\/alchemy-asia.com\/vi\/wp-content\/uploads\/sites\/3\/2024\/09\/WEBSITE-with-Rulers.png\",\"contentUrl\":\"https:\/\/alchemy-asia.com\/vi\/wp-content\/uploads\/sites\/3\/2024\/09\/WEBSITE-with-Rulers.png\",\"width\":2480,\"height\":2480,\"caption\":\"R\u00e9my Martin 1738 Accord Royal Cognac\"},{\"@type\":\"BreadcrumbList\",\"@id\":\"https:\/\/alchemy-asia.com\/vi\/san-pham\/remy-martin-1738-accord-royal-cognac-700ml\/#breadcrumb\",\"itemListElement\":[{\"@type\":\"ListItem\",\"position\":1,\"name\":\"Home\",\"item\":\"https:\/\/alchemy-asia.com\/vi\/\"},{\"@type\":\"ListItem\",\"position\":2,\"name\":\"R\u00e9my Martin 1738 Accord Royal Cognac &#8211; 700ml\"}]},{\"@type\":\"WebSite\",\"@id\":\"https:\/\/alchemy-asia.com\/vi\/#website\",\"url\":\"https:\/\/alchemy-asia.com\/vi\/\",\"name\":\"Alchemy Asia\",\"description\":\"Just another Alchemy Asia Sites site\",\"potentialAction\":[{\"@type\":\"SearchAction\",\"target\":{\"@type\":\"EntryPoint\",\"urlTemplate\":\"https:\/\/alchemy-asia.com\/vi\/?s={search_term_string}\"},\"query-input\":\"required name=search_term_string\"}],\"inLanguage\":\"vi\"}]}<\/script>\n<!-- \/ Yoast SEO plugin. -->","yoast_head_json":{"title":"R\u00e9my Martin 1738 Accord Royal Cognac - 700ml - Alchemy Asia","robots":{"index":"index","follow":"follow","max-snippet":"max-snippet:-1","max-image-preview":"max-image-preview:large","max-video-preview":"max-video-preview:-1"},"canonical":"https:\/\/alchemy-asia.com\/vi\/san-pham\/remy-martin-1738-accord-royal-cognac-700ml\/","og_locale":"vi_VN","og_type":"article","og_title":"R\u00e9my Martin 1738 Accord Royal Cognac - 700ml - Alchemy Asia","og_description":"H\u01af\u01a0NG TH\u01a0M \u0110\u1eadm m\u00f9i m\u1eadn v\u00e0 m\u1ee9t qu\u1ea3 sung k\u1ebft h\u1ee3p v\u1edbi h\u01b0\u01a1ng kh\u00f3i t\u1eeb k\u1eb9o b\u01a1 c\u1ee9ng v\u00e0 b\u00e1nh m\u00ec n\u01b0\u1edbng.  H\u01af\u01a0NG V\u1eca V\u1ecb \u00eam d\u1ecbu c\u1ee7a b\u00e1nh b\u01a1 n\u01b0\u1edbng, v\u1ecb ch\u00e1y thoang tho\u1ea3ng ch\u00fat v\u1ecb s\u00f4 c\u00f4 la \u0111en.  BODY \u0110\u1eb7c bi\u1ec7t tr\u00f2n v\u1ecb v\u1edbi h\u1eadu v\u1ecb b\u00e9o b\u00f9i v\u00e0 h\u01b0\u01a1ng th\u01a1m \u0111\u1eadm \u0111\u1eb7c c\u1ee7a h\u1ea1t \u0111\u01b0\u1ee3c \u0111an xen v\u1edbi h\u01b0\u01a1ng v\u1ecb t\u1eeb r\u01b0\u1ee3u eaux-de-vie \u0111\u01b0\u1ee3c \u1ee7 trong th\u00f9ng g\u1ed7 s\u1ed3i Ph\u00e1p.  G\u1ee2I \u00dd D\u00f9ng k\u00e8m: 1738 c\u00f3 th\u1ec3 k\u1ebft h\u1ee3p v\u1edbi c\u00e1c m\u00f3n \u0103n nh\u1eb9 (h\u1ea1nh nh\u00e2n rang mu\u1ed1i), c\u00e1c m\u00f3n BBQ v\u00e0 c\u00e1c lo\u1ea1i th\u1ecbt n\u01b0\u1edbng. D\u00f9ng tr\u1ef1c ti\u1ebfp: neat, cocktail \u0111\u01a1n gi\u1ea3n nh\u01b0 1738 King Collins, hay cocktail c\u1ed5 \u0111i\u1ec3n nh\u01b0 1738 Royal Sidecar.","og_url":"https:\/\/alchemy-asia.com\/vi\/san-pham\/remy-martin-1738-accord-royal-cognac-700ml\/","og_site_name":"Alchemy Asia","article_modified_time":"2024-09-13T03:36:16+00:00","og_image":[{"width":1024,"height":1024,"url":"https:\/\/alchemy-asia.com\/vi\/wp-content\/uploads\/sites\/3\/2024\/09\/WEBSITE-with-Rulers-1024x1024.png","type":"image\/png"}],"twitter_card":"summary_large_image","twitter_misc":{"\u01af\u1edbc t\u00ednh th\u1eddi gian \u0111\u1ecdc":"1 ph\u00fat"},"schema":{"@context":"https:\/\/schema.org","@graph":[{"@type":"WebPage","@id":"https:\/\/alchemy-asia.com\/vi\/san-pham\/remy-martin-1738-accord-royal-cognac-700ml\/","url":"https:\/\/alchemy-asia.com\/vi\/san-pham\/remy-martin-1738-accord-royal-cognac-700ml\/","name":"R\u00e9my Martin 1738 Accord Royal Cognac - 700ml - Alchemy Asia","isPartOf":{"@id":"https:\/\/alchemy-asia.com\/vi\/#website"},"primaryImageOfPage":{"@id":"https:\/\/alchemy-asia.com\/vi\/san-pham\/remy-martin-1738-accord-royal-cognac-700ml\/#primaryimage"},"image":{"@id":"https:\/\/alchemy-asia.com\/vi\/san-pham\/remy-martin-1738-accord-royal-cognac-700ml\/#primaryimage"},"thumbnailUrl":"https:\/\/alchemy-asia.com\/vi\/wp-content\/uploads\/sites\/3\/2024\/09\/WEBSITE-with-Rulers.png","datePublished":"2024-09-10T08:43:27+00:00","dateModified":"2024-09-13T03:36:16+00:00","breadcrumb":{"@id":"https:\/\/alchemy-asia.com\/vi\/san-pham\/remy-martin-1738-accord-royal-cognac-700ml\/#breadcrumb"},"inLanguage":"vi","potentialAction":[{"@type":"ReadAction","target":["https:\/\/alchemy-asia.com\/vi\/san-pham\/remy-martin-1738-accord-royal-cognac-700ml\/"]}]},{"@type":"ImageObject","inLanguage":"vi","@id":"https:\/\/alchemy-asia.com\/vi\/san-pham\/remy-martin-1738-accord-royal-cognac-700ml\/#primaryimage","url":"https:\/\/alchemy-asia.com\/vi\/wp-content\/uploads\/sites\/3\/2024\/09\/WEBSITE-with-Rulers.png","contentUrl":"https:\/\/alchemy-asia.com\/vi\/wp-content\/uploads\/sites\/3\/2024\/09\/WEBSITE-with-Rulers.png","width":2480,"height":2480,"caption":"R\u00e9my Martin 1738 Accord Royal Cognac"},{"@type":"BreadcrumbList","@id":"https:\/\/alchemy-asia.com\/vi\/san-pham\/remy-martin-1738-accord-royal-cognac-700ml\/#breadcrumb","itemListElement":[{"@type":"ListItem","position":1,"name":"Home","item":"https:\/\/alchemy-asia.com\/vi\/"},{"@type":"ListItem","position":2,"name":"R\u00e9my Martin 1738 Accord Royal Cognac &#8211; 700ml"}]},{"@type":"WebSite","@id":"https:\/\/alchemy-asia.com\/vi\/#website","url":"https:\/\/alchemy-asia.com\/vi\/","name":"Alchemy Asia","description":"Just another Alchemy Asia Sites site","potentialAction":[{"@type":"SearchAction","target":{"@type":"EntryPoint","urlTemplate":"https:\/\/alchemy-asia.com\/vi\/?s={search_term_string}"},"query-input":"required name=search_term_string"}],"inLanguage":"vi"}]}},"_links":{"self":[{"href":"https:\/\/alchemy-asia.com\/vi\/wp-json\/wp\/v2\/product\/8607","targetHints":{"allow":["GET"]}}],"collection":[{"href":"https:\/\/alchemy-asia.com\/vi\/wp-json\/wp\/v2\/product"}],"about":[{"href":"https:\/\/alchemy-asia.com\/vi\/wp-json\/wp\/v2\/types\/product"}],"replies":[{"embeddable":true,"href":"https:\/\/alchemy-asia.com\/vi\/wp-json\/wp\/v2\/comments?post=8607"}],"wp:featuredmedia":[{"embeddable":true,"href":"https:\/\/alchemy-asia.com\/vi\/wp-json\/wp\/v2\/media\/8904"}],"wp:attachment":[{"href":"https:\/\/alchemy-asia.com\/vi\/wp-json\/wp\/v2\/media?parent=8607"}],"wp:term":[{"taxonomy":"product_cat","embeddable":true,"href":"https:\/\/alchemy-asia.com\/vi\/wp-json\/wp\/v2\/product_cat?post=8607"},{"taxonomy":"product_tag","embeddable":true,"href":"https:\/\/alchemy-asia.com\/vi\/wp-json\/wp\/v2\/product_tag?post=8607"}],"curies":[{"name":"wp","href":"https:\/\/api.w.org\/{rel}","templated":true}]}}