{"id":8616,"date":"2024-09-10T08:43:22","date_gmt":"2024-09-10T08:43:22","guid":{"rendered":"https:\/\/alchemy-asia.com\/vi\/?post_type=product&#038;p=8616"},"modified":"2024-09-11T09:14:08","modified_gmt":"2024-09-11T09:14:08","slug":"reserva-1800-anejo","status":"publish","type":"product","link":"https:\/\/alchemy-asia.com\/vi\/san-pham\/reserva-1800-anejo\/","title":{"rendered":"Reserva 1800 Anejo\u00a0"},"content":{"rendered":"","protected":false},"excerpt":{"rendered":"<p>1800 Anejo \u0111\u01b0\u1ee3c \u1ee7 trong nh\u1eefng th\u00f9ng g\u1ed7 s\u1ed3i nh\u1ecf, h\u01a1n 1 n\u0103m tr\u01b0\u1edbc khi \u0111\u01b0\u1ee3c \u0111\u00f3ng chai. V\u1edbi m\u00e0u s\u1eafc h\u1ee9a h\u1eb9n m\u1ed9t v\u1ecb cay nh\u1eb9, 1800 Anjeo cho ng\u01b0\u1eddi d\u00f9ng m\u1ed9t kh\u1edfi \u0111\u1ea7u n\u1ed3ng \u0111\u1eadm k\u00e9o theo v\u1ecb m\u01b0\u1ee3t m\u00e0 tr\u01a1n tru pha tr\u1ed9n gi\u1eefa c\u00e1c lo\u1ea1i h\u1ea1t rang, h\u01b0\u01a1ng cay th\u01a1m thoang tho\u1ea3ng, h\u00e0o c\u00f9ng ch\u00fat h\u01b0\u01a1ng g\u1ed7 s\u1ed3i n\u01b0\u1edbng, h\u1eadu v\u1ecb k\u00e9o \u0111\u1ebfn v\u1edbi v\u1ecb cay, k\u1eb9o b\u01a1 v\u00e0 m\u00f9i g\u1ed7 s\u1ed3i quy\u1ebfn r\u0169.<\/p>\n","protected":false},"featured_media":8625,"comment_status":"open","ping_status":"closed","template":"","meta":{"_acf_changed":false},"product_cat":[60],"product_tag":[],"class_list":{"0":"post-8616","1":"product","2":"type-product","3":"status-publish","4":"has-post-thumbnail","6":"product_cat-tequila","7":"brand-1800-tequila","9":"first","10":"instock","11":"shipping-taxable","12":"product-type-simple"},"acf":[],"yoast_head":"<!-- This site is optimized with the Yoast SEO plugin v23.0 - https:\/\/yoast.com\/wordpress\/plugins\/seo\/ -->\n<title>Reserva 1800 Anejo\u00a0 - Alchemy Asia<\/title>\n<meta name=\"robots\" content=\"index, follow, max-snippet:-1, max-image-preview:large, max-video-preview:-1\" \/>\n<link rel=\"canonical\" href=\"https:\/\/alchemy-asia.com\/vi\/san-pham\/reserva-1800-anejo\/\" \/>\n<meta property=\"og:locale\" content=\"vi_VN\" \/>\n<meta property=\"og:type\" content=\"article\" \/>\n<meta property=\"og:title\" content=\"Reserva 1800 Anejo\u00a0 - Alchemy Asia\" \/>\n<meta property=\"og:description\" content=\"1800 Anejo \u0111\u01b0\u1ee3c \u1ee7 trong nh\u1eefng th\u00f9ng g\u1ed7 s\u1ed3i nh\u1ecf, h\u01a1n 1 n\u0103m tr\u01b0\u1edbc khi \u0111\u01b0\u1ee3c \u0111\u00f3ng chai. V\u1edbi m\u00e0u s\u1eafc h\u1ee9a h\u1eb9n m\u1ed9t v\u1ecb cay nh\u1eb9, 1800 Anjeo cho ng\u01b0\u1eddi d\u00f9ng m\u1ed9t kh\u1edfi \u0111\u1ea7u n\u1ed3ng \u0111\u1eadm k\u00e9o theo v\u1ecb m\u01b0\u1ee3t m\u00e0 tr\u01a1n tru pha tr\u1ed9n gi\u1eefa c\u00e1c lo\u1ea1i h\u1ea1t rang, h\u01b0\u01a1ng cay th\u01a1m thoang tho\u1ea3ng, h\u00e0o c\u00f9ng ch\u00fat h\u01b0\u01a1ng g\u1ed7 s\u1ed3i n\u01b0\u1edbng, h\u1eadu v\u1ecb k\u00e9o \u0111\u1ebfn v\u1edbi v\u1ecb cay, k\u1eb9o b\u01a1 v\u00e0 m\u00f9i g\u1ed7 s\u1ed3i quy\u1ebfn r\u0169.\" \/>\n<meta property=\"og:url\" content=\"https:\/\/alchemy-asia.com\/vi\/san-pham\/reserva-1800-anejo\/\" \/>\n<meta property=\"og:site_name\" content=\"Alchemy Asia\" \/>\n<meta property=\"article:modified_time\" content=\"2024-09-11T09:14:08+00:00\" \/>\n<meta property=\"og:image\" content=\"https:\/\/alchemy-asia.com\/vi\/wp-content\/uploads\/sites\/3\/2024\/07\/Untitled-1-5.png\" \/>\n\t<meta property=\"og:image:width\" content=\"2480\" \/>\n\t<meta property=\"og:image:height\" content=\"2480\" \/>\n\t<meta property=\"og:image:type\" content=\"image\/png\" \/>\n<meta name=\"twitter:card\" content=\"summary_large_image\" \/>\n<meta name=\"twitter:label1\" content=\"\u01af\u1edbc t\u00ednh th\u1eddi gian \u0111\u1ecdc\" \/>\n\t<meta name=\"twitter:data1\" content=\"1 ph\u00fat\" \/>\n<script type=\"application\/ld+json\" class=\"yoast-schema-graph\">{\"@context\":\"https:\/\/schema.org\",\"@graph\":[{\"@type\":\"WebPage\",\"@id\":\"https:\/\/alchemy-asia.com\/vi\/san-pham\/reserva-1800-anejo\/\",\"url\":\"https:\/\/alchemy-asia.com\/vi\/san-pham\/reserva-1800-anejo\/\",\"name\":\"Reserva 1800 Anejo\u00a0 - Alchemy Asia\",\"isPartOf\":{\"@id\":\"https:\/\/alchemy-asia.com\/vi\/#website\"},\"primaryImageOfPage\":{\"@id\":\"https:\/\/alchemy-asia.com\/vi\/san-pham\/reserva-1800-anejo\/#primaryimage\"},\"image\":{\"@id\":\"https:\/\/alchemy-asia.com\/vi\/san-pham\/reserva-1800-anejo\/#primaryimage\"},\"thumbnailUrl\":\"https:\/\/alchemy-asia.com\/vi\/wp-content\/uploads\/sites\/3\/2024\/07\/Untitled-1-5.png\",\"datePublished\":\"2024-09-10T08:43:22+00:00\",\"dateModified\":\"2024-09-11T09:14:08+00:00\",\"breadcrumb\":{\"@id\":\"https:\/\/alchemy-asia.com\/vi\/san-pham\/reserva-1800-anejo\/#breadcrumb\"},\"inLanguage\":\"vi\",\"potentialAction\":[{\"@type\":\"ReadAction\",\"target\":[\"https:\/\/alchemy-asia.com\/vi\/san-pham\/reserva-1800-anejo\/\"]}]},{\"@type\":\"ImageObject\",\"inLanguage\":\"vi\",\"@id\":\"https:\/\/alchemy-asia.com\/vi\/san-pham\/reserva-1800-anejo\/#primaryimage\",\"url\":\"https:\/\/alchemy-asia.com\/vi\/wp-content\/uploads\/sites\/3\/2024\/07\/Untitled-1-5.png\",\"contentUrl\":\"https:\/\/alchemy-asia.com\/vi\/wp-content\/uploads\/sites\/3\/2024\/07\/Untitled-1-5.png\",\"width\":2480,\"height\":2480,\"caption\":\"Reserva 1800 Anejo\u00a0\"},{\"@type\":\"BreadcrumbList\",\"@id\":\"https:\/\/alchemy-asia.com\/vi\/san-pham\/reserva-1800-anejo\/#breadcrumb\",\"itemListElement\":[{\"@type\":\"ListItem\",\"position\":1,\"name\":\"Home\",\"item\":\"https:\/\/alchemy-asia.com\/vi\/\"},{\"@type\":\"ListItem\",\"position\":2,\"name\":\"Reserva 1800 Anejo\u00a0\"}]},{\"@type\":\"WebSite\",\"@id\":\"https:\/\/alchemy-asia.com\/vi\/#website\",\"url\":\"https:\/\/alchemy-asia.com\/vi\/\",\"name\":\"Alchemy Asia\",\"description\":\"Just another Alchemy Asia Sites site\",\"potentialAction\":[{\"@type\":\"SearchAction\",\"target\":{\"@type\":\"EntryPoint\",\"urlTemplate\":\"https:\/\/alchemy-asia.com\/vi\/?s={search_term_string}\"},\"query-input\":\"required name=search_term_string\"}],\"inLanguage\":\"vi\"}]}<\/script>\n<!-- \/ Yoast SEO plugin. -->","yoast_head_json":{"title":"Reserva 1800 Anejo\u00a0 - Alchemy Asia","robots":{"index":"index","follow":"follow","max-snippet":"max-snippet:-1","max-image-preview":"max-image-preview:large","max-video-preview":"max-video-preview:-1"},"canonical":"https:\/\/alchemy-asia.com\/vi\/san-pham\/reserva-1800-anejo\/","og_locale":"vi_VN","og_type":"article","og_title":"Reserva 1800 Anejo\u00a0 - Alchemy Asia","og_description":"1800 Anejo \u0111\u01b0\u1ee3c \u1ee7 trong nh\u1eefng th\u00f9ng g\u1ed7 s\u1ed3i nh\u1ecf, h\u01a1n 1 n\u0103m tr\u01b0\u1edbc khi \u0111\u01b0\u1ee3c \u0111\u00f3ng chai. V\u1edbi m\u00e0u s\u1eafc h\u1ee9a h\u1eb9n m\u1ed9t v\u1ecb cay nh\u1eb9, 1800 Anjeo cho ng\u01b0\u1eddi d\u00f9ng m\u1ed9t kh\u1edfi \u0111\u1ea7u n\u1ed3ng \u0111\u1eadm k\u00e9o theo v\u1ecb m\u01b0\u1ee3t m\u00e0 tr\u01a1n tru pha tr\u1ed9n gi\u1eefa c\u00e1c lo\u1ea1i h\u1ea1t rang, h\u01b0\u01a1ng cay th\u01a1m thoang tho\u1ea3ng, h\u00e0o c\u00f9ng ch\u00fat h\u01b0\u01a1ng g\u1ed7 s\u1ed3i n\u01b0\u1edbng, h\u1eadu v\u1ecb k\u00e9o \u0111\u1ebfn v\u1edbi v\u1ecb cay, k\u1eb9o b\u01a1 v\u00e0 m\u00f9i g\u1ed7 s\u1ed3i quy\u1ebfn r\u0169.","og_url":"https:\/\/alchemy-asia.com\/vi\/san-pham\/reserva-1800-anejo\/","og_site_name":"Alchemy Asia","article_modified_time":"2024-09-11T09:14:08+00:00","og_image":[{"width":2480,"height":2480,"url":"https:\/\/alchemy-asia.com\/vi\/wp-content\/uploads\/sites\/3\/2024\/07\/Untitled-1-5.png","type":"image\/png"}],"twitter_card":"summary_large_image","twitter_misc":{"\u01af\u1edbc t\u00ednh th\u1eddi gian \u0111\u1ecdc":"1 ph\u00fat"},"schema":{"@context":"https:\/\/schema.org","@graph":[{"@type":"WebPage","@id":"https:\/\/alchemy-asia.com\/vi\/san-pham\/reserva-1800-anejo\/","url":"https:\/\/alchemy-asia.com\/vi\/san-pham\/reserva-1800-anejo\/","name":"Reserva 1800 Anejo\u00a0 - Alchemy Asia","isPartOf":{"@id":"https:\/\/alchemy-asia.com\/vi\/#website"},"primaryImageOfPage":{"@id":"https:\/\/alchemy-asia.com\/vi\/san-pham\/reserva-1800-anejo\/#primaryimage"},"image":{"@id":"https:\/\/alchemy-asia.com\/vi\/san-pham\/reserva-1800-anejo\/#primaryimage"},"thumbnailUrl":"https:\/\/alchemy-asia.com\/vi\/wp-content\/uploads\/sites\/3\/2024\/07\/Untitled-1-5.png","datePublished":"2024-09-10T08:43:22+00:00","dateModified":"2024-09-11T09:14:08+00:00","breadcrumb":{"@id":"https:\/\/alchemy-asia.com\/vi\/san-pham\/reserva-1800-anejo\/#breadcrumb"},"inLanguage":"vi","potentialAction":[{"@type":"ReadAction","target":["https:\/\/alchemy-asia.com\/vi\/san-pham\/reserva-1800-anejo\/"]}]},{"@type":"ImageObject","inLanguage":"vi","@id":"https:\/\/alchemy-asia.com\/vi\/san-pham\/reserva-1800-anejo\/#primaryimage","url":"https:\/\/alchemy-asia.com\/vi\/wp-content\/uploads\/sites\/3\/2024\/07\/Untitled-1-5.png","contentUrl":"https:\/\/alchemy-asia.com\/vi\/wp-content\/uploads\/sites\/3\/2024\/07\/Untitled-1-5.png","width":2480,"height":2480,"caption":"Reserva 1800 Anejo\u00a0"},{"@type":"BreadcrumbList","@id":"https:\/\/alchemy-asia.com\/vi\/san-pham\/reserva-1800-anejo\/#breadcrumb","itemListElement":[{"@type":"ListItem","position":1,"name":"Home","item":"https:\/\/alchemy-asia.com\/vi\/"},{"@type":"ListItem","position":2,"name":"Reserva 1800 Anejo\u00a0"}]},{"@type":"WebSite","@id":"https:\/\/alchemy-asia.com\/vi\/#website","url":"https:\/\/alchemy-asia.com\/vi\/","name":"Alchemy Asia","description":"Just another Alchemy Asia Sites site","potentialAction":[{"@type":"SearchAction","target":{"@type":"EntryPoint","urlTemplate":"https:\/\/alchemy-asia.com\/vi\/?s={search_term_string}"},"query-input":"required name=search_term_string"}],"inLanguage":"vi"}]}},"_links":{"self":[{"href":"https:\/\/alchemy-asia.com\/vi\/wp-json\/wp\/v2\/product\/8616","targetHints":{"allow":["GET"]}}],"collection":[{"href":"https:\/\/alchemy-asia.com\/vi\/wp-json\/wp\/v2\/product"}],"about":[{"href":"https:\/\/alchemy-asia.com\/vi\/wp-json\/wp\/v2\/types\/product"}],"replies":[{"embeddable":true,"href":"https:\/\/alchemy-asia.com\/vi\/wp-json\/wp\/v2\/comments?post=8616"}],"wp:featuredmedia":[{"embeddable":true,"href":"https:\/\/alchemy-asia.com\/vi\/wp-json\/wp\/v2\/media\/8625"}],"wp:attachment":[{"href":"https:\/\/alchemy-asia.com\/vi\/wp-json\/wp\/v2\/media?parent=8616"}],"wp:term":[{"taxonomy":"product_cat","embeddable":true,"href":"https:\/\/alchemy-asia.com\/vi\/wp-json\/wp\/v2\/product_cat?post=8616"},{"taxonomy":"product_tag","embeddable":true,"href":"https:\/\/alchemy-asia.com\/vi\/wp-json\/wp\/v2\/product_tag?post=8616"}],"curies":[{"name":"wp","href":"https:\/\/api.w.org\/{rel}","templated":true}]}}