{"id":8620,"date":"2024-09-10T08:29:18","date_gmt":"2024-09-10T08:29:18","guid":{"rendered":"https:\/\/alchemy-asia.com\/vi\/?post_type=product&#038;p=8620"},"modified":"2024-09-10T08:29:19","modified_gmt":"2024-09-10T08:29:19","slug":"hangar-1-citron-flavoured-vodka","status":"publish","type":"product","link":"https:\/\/alchemy-asia.com\/vi\/san-pham\/hangar-1-citron-flavoured-vodka\/","title":{"rendered":"Hangar 1 Citron flavoured vodka"},"content":{"rendered":"","protected":false},"excerpt":{"rendered":"<p><span data-sheets-root=\"1\" data-sheets-value=\"{&quot;1&quot;:2,&quot;2&quot;:&quot;Hangar 1 Buddha's Hand Citron l\u00e0m t\u1eeb m\u1ed9t lo\u1ea1i h\u1ecd h\u00e0ng x\u01b0a c\u1ee7a chanh v\u00e0ng hi\u1ec7n nay, \u0111\u00f3 l\u00e0 tr\u00e1i ph\u1eadt th\u1ee7 c\u00f9ng m\u1ed9t ch\u00fat h\u01b0\u01a1ng l\u00e0i, h\u00fang t\u00e2y v\u00e0 qu\u1ea3 m\u01a1 mang \u0111\u1ebfn m\u1ed9t ch\u00fat h\u01b0\u01a1ng v\u1ecb cam \u0111\u1ed9c \u0111\u00e1o h\u01a1n&quot;}\" data-sheets-userformat=\"{&quot;2&quot;:1057789,&quot;3&quot;:{&quot;1&quot;:0},&quot;5&quot;:{&quot;1&quot;:[{&quot;1&quot;:2,&quot;2&quot;:0,&quot;5&quot;:{&quot;1&quot;:2,&quot;2&quot;:0}},{&quot;1&quot;:0,&quot;2&quot;:0,&quot;3&quot;:3},{&quot;1&quot;:1,&quot;2&quot;:0,&quot;4&quot;:1}]},&quot;6&quot;:{&quot;1&quot;:[{&quot;1&quot;:2,&quot;2&quot;:0,&quot;5&quot;:{&quot;1&quot;:2,&quot;2&quot;:0}},{&quot;1&quot;:0,&quot;2&quot;:0,&quot;3&quot;:3},{&quot;1&quot;:1,&quot;2&quot;:0,&quot;4&quot;:1}]},&quot;7&quot;:{&quot;1&quot;:[{&quot;1&quot;:2,&quot;2&quot;:0,&quot;5&quot;:{&quot;1&quot;:2,&quot;2&quot;:0}},{&quot;1&quot;:0,&quot;2&quot;:0,&quot;3&quot;:3},{&quot;1&quot;:1,&quot;2&quot;:0,&quot;4&quot;:1}]},&quot;8&quot;:{&quot;1&quot;:[{&quot;1&quot;:2,&quot;2&quot;:0,&quot;5&quot;:{&quot;1&quot;:2,&quot;2&quot;:0}},{&quot;1&quot;:0,&quot;2&quot;:0,&quot;3&quot;:3},{&quot;1&quot;:1,&quot;2&quot;:0,&quot;4&quot;:1}]},&quot;9&quot;:0,&quot;10&quot;:1,&quot;11&quot;:4,&quot;12&quot;:0,&quot;16&quot;:12,&quot;23&quot;:1}\">Hangar 1 Buddha&#8217;s Hand Citron l\u00e0m t\u1eeb m\u1ed9t lo\u1ea1i h\u1ecd h\u00e0ng x\u01b0a c\u1ee7a chanh v\u00e0ng hi\u1ec7n nay, \u0111\u00f3 l\u00e0 tr\u00e1i ph\u1eadt th\u1ee7 c\u00f9ng m\u1ed9t ch\u00fat h\u01b0\u01a1ng l\u00e0i, h\u00fang t\u00e2y v\u00e0 qu\u1ea3 m\u01a1 mang \u0111\u1ebfn m\u1ed9t ch\u00fat h\u01b0\u01a1ng v\u1ecb cam \u0111\u1ed9c \u0111\u00e1o h\u01a1n<\/span><\/p>\n","protected":false},"featured_media":8621,"comment_status":"open","ping_status":"closed","template":"","meta":{"_acf_changed":false},"product_cat":[61],"product_tag":[],"class_list":{"0":"post-8620","1":"product","2":"type-product","3":"status-publish","4":"has-post-thumbnail","6":"product_cat-vodka","7":"brand-hangar-1","9":"first","10":"instock","11":"shipping-taxable","12":"product-type-simple"},"acf":[],"yoast_head":"<!-- This site is optimized with the Yoast SEO plugin v23.0 - https:\/\/yoast.com\/wordpress\/plugins\/seo\/ -->\n<title>Hangar 1 Citron flavoured vodka - Alchemy Asia<\/title>\n<meta name=\"robots\" content=\"index, follow, max-snippet:-1, max-image-preview:large, max-video-preview:-1\" \/>\n<link rel=\"canonical\" href=\"https:\/\/alchemy-asia.com\/vi\/san-pham\/hangar-1-citron-flavoured-vodka\/\" \/>\n<meta property=\"og:locale\" content=\"vi_VN\" \/>\n<meta property=\"og:type\" content=\"article\" \/>\n<meta property=\"og:title\" content=\"Hangar 1 Citron flavoured vodka - Alchemy Asia\" \/>\n<meta property=\"og:description\" content=\"Hangar 1 Buddha&#039;s Hand Citron l\u00e0m t\u1eeb m\u1ed9t lo\u1ea1i h\u1ecd h\u00e0ng x\u01b0a c\u1ee7a chanh v\u00e0ng hi\u1ec7n nay, \u0111\u00f3 l\u00e0 tr\u00e1i ph\u1eadt th\u1ee7 c\u00f9ng m\u1ed9t ch\u00fat h\u01b0\u01a1ng l\u00e0i, h\u00fang t\u00e2y v\u00e0 qu\u1ea3 m\u01a1 mang \u0111\u1ebfn m\u1ed9t ch\u00fat h\u01b0\u01a1ng v\u1ecb cam \u0111\u1ed9c \u0111\u00e1o h\u01a1n\" \/>\n<meta property=\"og:url\" content=\"https:\/\/alchemy-asia.com\/vi\/san-pham\/hangar-1-citron-flavoured-vodka\/\" \/>\n<meta property=\"og:site_name\" content=\"Alchemy Asia\" \/>\n<meta property=\"article:modified_time\" content=\"2024-09-10T08:29:19+00:00\" \/>\n<meta property=\"og:image\" content=\"https:\/\/alchemy-asia.com\/vi\/wp-content\/uploads\/sites\/3\/2024\/07\/Hangar-1-Citron-flavoured-vodka.png\" \/>\n\t<meta property=\"og:image:width\" content=\"2100\" \/>\n\t<meta property=\"og:image:height\" content=\"2100\" \/>\n\t<meta property=\"og:image:type\" content=\"image\/png\" \/>\n<meta name=\"twitter:card\" content=\"summary_large_image\" \/>\n<meta name=\"twitter:label1\" content=\"\u01af\u1edbc t\u00ednh th\u1eddi gian \u0111\u1ecdc\" \/>\n\t<meta name=\"twitter:data1\" content=\"1 ph\u00fat\" \/>\n<script type=\"application\/ld+json\" class=\"yoast-schema-graph\">{\"@context\":\"https:\/\/schema.org\",\"@graph\":[{\"@type\":\"WebPage\",\"@id\":\"https:\/\/alchemy-asia.com\/vi\/san-pham\/hangar-1-citron-flavoured-vodka\/\",\"url\":\"https:\/\/alchemy-asia.com\/vi\/san-pham\/hangar-1-citron-flavoured-vodka\/\",\"name\":\"Hangar 1 Citron flavoured vodka - Alchemy Asia\",\"isPartOf\":{\"@id\":\"https:\/\/alchemy-asia.com\/vi\/#website\"},\"primaryImageOfPage\":{\"@id\":\"https:\/\/alchemy-asia.com\/vi\/san-pham\/hangar-1-citron-flavoured-vodka\/#primaryimage\"},\"image\":{\"@id\":\"https:\/\/alchemy-asia.com\/vi\/san-pham\/hangar-1-citron-flavoured-vodka\/#primaryimage\"},\"thumbnailUrl\":\"https:\/\/alchemy-asia.com\/vi\/wp-content\/uploads\/sites\/3\/2024\/07\/Hangar-1-Citron-flavoured-vodka.png\",\"datePublished\":\"2024-09-10T08:29:18+00:00\",\"dateModified\":\"2024-09-10T08:29:19+00:00\",\"breadcrumb\":{\"@id\":\"https:\/\/alchemy-asia.com\/vi\/san-pham\/hangar-1-citron-flavoured-vodka\/#breadcrumb\"},\"inLanguage\":\"vi\",\"potentialAction\":[{\"@type\":\"ReadAction\",\"target\":[\"https:\/\/alchemy-asia.com\/vi\/san-pham\/hangar-1-citron-flavoured-vodka\/\"]}]},{\"@type\":\"ImageObject\",\"inLanguage\":\"vi\",\"@id\":\"https:\/\/alchemy-asia.com\/vi\/san-pham\/hangar-1-citron-flavoured-vodka\/#primaryimage\",\"url\":\"https:\/\/alchemy-asia.com\/vi\/wp-content\/uploads\/sites\/3\/2024\/07\/Hangar-1-Citron-flavoured-vodka.png\",\"contentUrl\":\"https:\/\/alchemy-asia.com\/vi\/wp-content\/uploads\/sites\/3\/2024\/07\/Hangar-1-Citron-flavoured-vodka.png\",\"width\":2100,\"height\":2100,\"caption\":\"Hangar 1 Citron flavoured vodka\"},{\"@type\":\"BreadcrumbList\",\"@id\":\"https:\/\/alchemy-asia.com\/vi\/san-pham\/hangar-1-citron-flavoured-vodka\/#breadcrumb\",\"itemListElement\":[{\"@type\":\"ListItem\",\"position\":1,\"name\":\"Home\",\"item\":\"https:\/\/alchemy-asia.com\/vi\/\"},{\"@type\":\"ListItem\",\"position\":2,\"name\":\"Hangar 1 Citron flavoured vodka\"}]},{\"@type\":\"WebSite\",\"@id\":\"https:\/\/alchemy-asia.com\/vi\/#website\",\"url\":\"https:\/\/alchemy-asia.com\/vi\/\",\"name\":\"Alchemy Asia\",\"description\":\"Just another Alchemy Asia Sites site\",\"potentialAction\":[{\"@type\":\"SearchAction\",\"target\":{\"@type\":\"EntryPoint\",\"urlTemplate\":\"https:\/\/alchemy-asia.com\/vi\/?s={search_term_string}\"},\"query-input\":\"required name=search_term_string\"}],\"inLanguage\":\"vi\"}]}<\/script>\n<!-- \/ Yoast SEO plugin. -->","yoast_head_json":{"title":"Hangar 1 Citron flavoured vodka - Alchemy Asia","robots":{"index":"index","follow":"follow","max-snippet":"max-snippet:-1","max-image-preview":"max-image-preview:large","max-video-preview":"max-video-preview:-1"},"canonical":"https:\/\/alchemy-asia.com\/vi\/san-pham\/hangar-1-citron-flavoured-vodka\/","og_locale":"vi_VN","og_type":"article","og_title":"Hangar 1 Citron flavoured vodka - Alchemy Asia","og_description":"Hangar 1 Buddha's Hand Citron l\u00e0m t\u1eeb m\u1ed9t lo\u1ea1i h\u1ecd h\u00e0ng x\u01b0a c\u1ee7a chanh v\u00e0ng hi\u1ec7n nay, \u0111\u00f3 l\u00e0 tr\u00e1i ph\u1eadt th\u1ee7 c\u00f9ng m\u1ed9t ch\u00fat h\u01b0\u01a1ng l\u00e0i, h\u00fang t\u00e2y v\u00e0 qu\u1ea3 m\u01a1 mang \u0111\u1ebfn m\u1ed9t ch\u00fat h\u01b0\u01a1ng v\u1ecb cam \u0111\u1ed9c \u0111\u00e1o h\u01a1n","og_url":"https:\/\/alchemy-asia.com\/vi\/san-pham\/hangar-1-citron-flavoured-vodka\/","og_site_name":"Alchemy Asia","article_modified_time":"2024-09-10T08:29:19+00:00","og_image":[{"width":2100,"height":2100,"url":"https:\/\/alchemy-asia.com\/vi\/wp-content\/uploads\/sites\/3\/2024\/07\/Hangar-1-Citron-flavoured-vodka.png","type":"image\/png"}],"twitter_card":"summary_large_image","twitter_misc":{"\u01af\u1edbc t\u00ednh th\u1eddi gian \u0111\u1ecdc":"1 ph\u00fat"},"schema":{"@context":"https:\/\/schema.org","@graph":[{"@type":"WebPage","@id":"https:\/\/alchemy-asia.com\/vi\/san-pham\/hangar-1-citron-flavoured-vodka\/","url":"https:\/\/alchemy-asia.com\/vi\/san-pham\/hangar-1-citron-flavoured-vodka\/","name":"Hangar 1 Citron flavoured vodka - Alchemy Asia","isPartOf":{"@id":"https:\/\/alchemy-asia.com\/vi\/#website"},"primaryImageOfPage":{"@id":"https:\/\/alchemy-asia.com\/vi\/san-pham\/hangar-1-citron-flavoured-vodka\/#primaryimage"},"image":{"@id":"https:\/\/alchemy-asia.com\/vi\/san-pham\/hangar-1-citron-flavoured-vodka\/#primaryimage"},"thumbnailUrl":"https:\/\/alchemy-asia.com\/vi\/wp-content\/uploads\/sites\/3\/2024\/07\/Hangar-1-Citron-flavoured-vodka.png","datePublished":"2024-09-10T08:29:18+00:00","dateModified":"2024-09-10T08:29:19+00:00","breadcrumb":{"@id":"https:\/\/alchemy-asia.com\/vi\/san-pham\/hangar-1-citron-flavoured-vodka\/#breadcrumb"},"inLanguage":"vi","potentialAction":[{"@type":"ReadAction","target":["https:\/\/alchemy-asia.com\/vi\/san-pham\/hangar-1-citron-flavoured-vodka\/"]}]},{"@type":"ImageObject","inLanguage":"vi","@id":"https:\/\/alchemy-asia.com\/vi\/san-pham\/hangar-1-citron-flavoured-vodka\/#primaryimage","url":"https:\/\/alchemy-asia.com\/vi\/wp-content\/uploads\/sites\/3\/2024\/07\/Hangar-1-Citron-flavoured-vodka.png","contentUrl":"https:\/\/alchemy-asia.com\/vi\/wp-content\/uploads\/sites\/3\/2024\/07\/Hangar-1-Citron-flavoured-vodka.png","width":2100,"height":2100,"caption":"Hangar 1 Citron flavoured vodka"},{"@type":"BreadcrumbList","@id":"https:\/\/alchemy-asia.com\/vi\/san-pham\/hangar-1-citron-flavoured-vodka\/#breadcrumb","itemListElement":[{"@type":"ListItem","position":1,"name":"Home","item":"https:\/\/alchemy-asia.com\/vi\/"},{"@type":"ListItem","position":2,"name":"Hangar 1 Citron flavoured vodka"}]},{"@type":"WebSite","@id":"https:\/\/alchemy-asia.com\/vi\/#website","url":"https:\/\/alchemy-asia.com\/vi\/","name":"Alchemy Asia","description":"Just another Alchemy Asia Sites site","potentialAction":[{"@type":"SearchAction","target":{"@type":"EntryPoint","urlTemplate":"https:\/\/alchemy-asia.com\/vi\/?s={search_term_string}"},"query-input":"required name=search_term_string"}],"inLanguage":"vi"}]}},"_links":{"self":[{"href":"https:\/\/alchemy-asia.com\/vi\/wp-json\/wp\/v2\/product\/8620","targetHints":{"allow":["GET"]}}],"collection":[{"href":"https:\/\/alchemy-asia.com\/vi\/wp-json\/wp\/v2\/product"}],"about":[{"href":"https:\/\/alchemy-asia.com\/vi\/wp-json\/wp\/v2\/types\/product"}],"replies":[{"embeddable":true,"href":"https:\/\/alchemy-asia.com\/vi\/wp-json\/wp\/v2\/comments?post=8620"}],"wp:featuredmedia":[{"embeddable":true,"href":"https:\/\/alchemy-asia.com\/vi\/wp-json\/wp\/v2\/media\/8621"}],"wp:attachment":[{"href":"https:\/\/alchemy-asia.com\/vi\/wp-json\/wp\/v2\/media?parent=8620"}],"wp:term":[{"taxonomy":"product_cat","embeddable":true,"href":"https:\/\/alchemy-asia.com\/vi\/wp-json\/wp\/v2\/product_cat?post=8620"},{"taxonomy":"product_tag","embeddable":true,"href":"https:\/\/alchemy-asia.com\/vi\/wp-json\/wp\/v2\/product_tag?post=8620"}],"curies":[{"name":"wp","href":"https:\/\/api.w.org\/{rel}","templated":true}]}}