{"id":8623,"date":"2024-09-10T08:28:46","date_gmt":"2024-09-10T08:28:46","guid":{"rendered":"https:\/\/alchemy-asia.com\/vi\/?post_type=product&#038;p=8623"},"modified":"2024-09-10T08:28:46","modified_gmt":"2024-09-10T08:28:46","slug":"hangar-1-mandarin-blosssom-orange-flavoured-vodka","status":"publish","type":"product","link":"https:\/\/alchemy-asia.com\/vi\/san-pham\/hangar-1-mandarin-blosssom-orange-flavoured-vodka\/","title":{"rendered":"Hangar 1 Mandarin blosssom orange flavoured vodka"},"content":{"rendered":"","protected":false},"excerpt":{"rendered":"<p><span data-sheets-root=\"1\" data-sheets-value=\"{&quot;1&quot;:2,&quot;2&quot;:&quot;Hangar 1 Mandarin Blossom c\u00f3 h\u01b0\u01a1ng th\u01a1m v\u00e0 \u0111\u1ed9 tinh t\u1ebf c\u1ee7a hoa cam qu\u00fdt k\u1ebft h\u1ee3p v\u1edbi Hangar 1 Vodka, mang \u0111\u1ebfn m\u1ed9t chai vodka ph\u1ee9c h\u1ee3p v\u1edbi h\u01b0\u01a1ng hoa t\u01b0\u01a1i s\u00e1ng v\u00e0 \u0111ong \u0111\u1ea7y v\u1ecb cam qu\u00fdt. &quot;}\" data-sheets-userformat=\"{&quot;2&quot;:1057789,&quot;3&quot;:{&quot;1&quot;:0},&quot;5&quot;:{&quot;1&quot;:[{&quot;1&quot;:2,&quot;2&quot;:0,&quot;5&quot;:{&quot;1&quot;:2,&quot;2&quot;:0}},{&quot;1&quot;:0,&quot;2&quot;:0,&quot;3&quot;:3},{&quot;1&quot;:1,&quot;2&quot;:0,&quot;4&quot;:1}]},&quot;6&quot;:{&quot;1&quot;:[{&quot;1&quot;:2,&quot;2&quot;:0,&quot;5&quot;:{&quot;1&quot;:2,&quot;2&quot;:0}},{&quot;1&quot;:0,&quot;2&quot;:0,&quot;3&quot;:3},{&quot;1&quot;:1,&quot;2&quot;:0,&quot;4&quot;:1}]},&quot;7&quot;:{&quot;1&quot;:[{&quot;1&quot;:2,&quot;2&quot;:0,&quot;5&quot;:{&quot;1&quot;:2,&quot;2&quot;:0}},{&quot;1&quot;:0,&quot;2&quot;:0,&quot;3&quot;:3},{&quot;1&quot;:1,&quot;2&quot;:0,&quot;4&quot;:1}]},&quot;8&quot;:{&quot;1&quot;:[{&quot;1&quot;:2,&quot;2&quot;:0,&quot;5&quot;:{&quot;1&quot;:2,&quot;2&quot;:0}},{&quot;1&quot;:0,&quot;2&quot;:0,&quot;3&quot;:3},{&quot;1&quot;:1,&quot;2&quot;:0,&quot;4&quot;:1}]},&quot;9&quot;:0,&quot;10&quot;:1,&quot;11&quot;:4,&quot;12&quot;:0,&quot;16&quot;:12,&quot;23&quot;:1}\">Hangar 1 Mandarin Blossom c\u00f3 h\u01b0\u01a1ng th\u01a1m v\u00e0 \u0111\u1ed9 tinh t\u1ebf c\u1ee7a hoa cam qu\u00fdt k\u1ebft h\u1ee3p v\u1edbi Hangar 1 Vodka, mang \u0111\u1ebfn m\u1ed9t chai vodka ph\u1ee9c h\u1ee3p v\u1edbi h\u01b0\u01a1ng hoa t\u01b0\u01a1i s\u00e1ng v\u00e0 \u0111ong \u0111\u1ea7y v\u1ecb cam qu\u00fdt. <\/span><\/p>\n","protected":false},"featured_media":8624,"comment_status":"open","ping_status":"closed","template":"","meta":{"_acf_changed":false},"product_cat":[61],"product_tag":[],"class_list":{"0":"post-8623","1":"product","2":"type-product","3":"status-publish","4":"has-post-thumbnail","6":"product_cat-vodka","7":"brand-hangar-1","9":"first","10":"instock","11":"shipping-taxable","12":"product-type-simple"},"acf":[],"yoast_head":"<!-- This site is optimized with the Yoast SEO plugin v23.0 - https:\/\/yoast.com\/wordpress\/plugins\/seo\/ -->\n<title>Hangar 1 Mandarin blosssom orange flavoured vodka - Alchemy Asia<\/title>\n<meta name=\"robots\" content=\"index, follow, max-snippet:-1, max-image-preview:large, max-video-preview:-1\" \/>\n<link rel=\"canonical\" href=\"https:\/\/alchemy-asia.com\/vi\/san-pham\/hangar-1-mandarin-blosssom-orange-flavoured-vodka\/\" \/>\n<meta property=\"og:locale\" content=\"vi_VN\" \/>\n<meta property=\"og:type\" content=\"article\" \/>\n<meta property=\"og:title\" content=\"Hangar 1 Mandarin blosssom orange flavoured vodka - Alchemy Asia\" \/>\n<meta property=\"og:description\" content=\"Hangar 1 Mandarin Blossom c\u00f3 h\u01b0\u01a1ng th\u01a1m v\u00e0 \u0111\u1ed9 tinh t\u1ebf c\u1ee7a hoa cam qu\u00fdt k\u1ebft h\u1ee3p v\u1edbi Hangar 1 Vodka, mang \u0111\u1ebfn m\u1ed9t chai vodka ph\u1ee9c h\u1ee3p v\u1edbi h\u01b0\u01a1ng hoa t\u01b0\u01a1i s\u00e1ng v\u00e0 \u0111ong \u0111\u1ea7y v\u1ecb cam qu\u00fdt.\" \/>\n<meta property=\"og:url\" content=\"https:\/\/alchemy-asia.com\/vi\/san-pham\/hangar-1-mandarin-blosssom-orange-flavoured-vodka\/\" \/>\n<meta property=\"og:site_name\" content=\"Alchemy Asia\" \/>\n<meta property=\"og:image\" content=\"https:\/\/alchemy-asia.com\/vi\/wp-content\/uploads\/sites\/3\/2024\/07\/Hangar-1-Mandarin.png\" \/>\n\t<meta property=\"og:image:width\" content=\"2100\" \/>\n\t<meta property=\"og:image:height\" content=\"2100\" \/>\n\t<meta property=\"og:image:type\" content=\"image\/png\" \/>\n<meta name=\"twitter:card\" content=\"summary_large_image\" \/>\n<meta name=\"twitter:label1\" content=\"\u01af\u1edbc t\u00ednh th\u1eddi gian \u0111\u1ecdc\" \/>\n\t<meta name=\"twitter:data1\" content=\"1 ph\u00fat\" \/>\n<script type=\"application\/ld+json\" class=\"yoast-schema-graph\">{\"@context\":\"https:\/\/schema.org\",\"@graph\":[{\"@type\":\"WebPage\",\"@id\":\"https:\/\/alchemy-asia.com\/vi\/san-pham\/hangar-1-mandarin-blosssom-orange-flavoured-vodka\/\",\"url\":\"https:\/\/alchemy-asia.com\/vi\/san-pham\/hangar-1-mandarin-blosssom-orange-flavoured-vodka\/\",\"name\":\"Hangar 1 Mandarin blosssom orange flavoured vodka - Alchemy Asia\",\"isPartOf\":{\"@id\":\"https:\/\/alchemy-asia.com\/vi\/#website\"},\"primaryImageOfPage\":{\"@id\":\"https:\/\/alchemy-asia.com\/vi\/san-pham\/hangar-1-mandarin-blosssom-orange-flavoured-vodka\/#primaryimage\"},\"image\":{\"@id\":\"https:\/\/alchemy-asia.com\/vi\/san-pham\/hangar-1-mandarin-blosssom-orange-flavoured-vodka\/#primaryimage\"},\"thumbnailUrl\":\"https:\/\/alchemy-asia.com\/vi\/wp-content\/uploads\/sites\/3\/2024\/07\/Hangar-1-Mandarin.png\",\"datePublished\":\"2024-09-10T08:28:46+00:00\",\"dateModified\":\"2024-09-10T08:28:46+00:00\",\"breadcrumb\":{\"@id\":\"https:\/\/alchemy-asia.com\/vi\/san-pham\/hangar-1-mandarin-blosssom-orange-flavoured-vodka\/#breadcrumb\"},\"inLanguage\":\"vi\",\"potentialAction\":[{\"@type\":\"ReadAction\",\"target\":[\"https:\/\/alchemy-asia.com\/vi\/san-pham\/hangar-1-mandarin-blosssom-orange-flavoured-vodka\/\"]}]},{\"@type\":\"ImageObject\",\"inLanguage\":\"vi\",\"@id\":\"https:\/\/alchemy-asia.com\/vi\/san-pham\/hangar-1-mandarin-blosssom-orange-flavoured-vodka\/#primaryimage\",\"url\":\"https:\/\/alchemy-asia.com\/vi\/wp-content\/uploads\/sites\/3\/2024\/07\/Hangar-1-Mandarin.png\",\"contentUrl\":\"https:\/\/alchemy-asia.com\/vi\/wp-content\/uploads\/sites\/3\/2024\/07\/Hangar-1-Mandarin.png\",\"width\":2100,\"height\":2100,\"caption\":\"Hangar 1 Mandarin\"},{\"@type\":\"BreadcrumbList\",\"@id\":\"https:\/\/alchemy-asia.com\/vi\/san-pham\/hangar-1-mandarin-blosssom-orange-flavoured-vodka\/#breadcrumb\",\"itemListElement\":[{\"@type\":\"ListItem\",\"position\":1,\"name\":\"Home\",\"item\":\"https:\/\/alchemy-asia.com\/vi\/\"},{\"@type\":\"ListItem\",\"position\":2,\"name\":\"Hangar 1 Mandarin blosssom orange flavoured vodka\"}]},{\"@type\":\"WebSite\",\"@id\":\"https:\/\/alchemy-asia.com\/vi\/#website\",\"url\":\"https:\/\/alchemy-asia.com\/vi\/\",\"name\":\"Alchemy Asia\",\"description\":\"Just another Alchemy Asia Sites site\",\"potentialAction\":[{\"@type\":\"SearchAction\",\"target\":{\"@type\":\"EntryPoint\",\"urlTemplate\":\"https:\/\/alchemy-asia.com\/vi\/?s={search_term_string}\"},\"query-input\":\"required name=search_term_string\"}],\"inLanguage\":\"vi\"}]}<\/script>\n<!-- \/ Yoast SEO plugin. -->","yoast_head_json":{"title":"Hangar 1 Mandarin blosssom orange flavoured vodka - Alchemy Asia","robots":{"index":"index","follow":"follow","max-snippet":"max-snippet:-1","max-image-preview":"max-image-preview:large","max-video-preview":"max-video-preview:-1"},"canonical":"https:\/\/alchemy-asia.com\/vi\/san-pham\/hangar-1-mandarin-blosssom-orange-flavoured-vodka\/","og_locale":"vi_VN","og_type":"article","og_title":"Hangar 1 Mandarin blosssom orange flavoured vodka - Alchemy Asia","og_description":"Hangar 1 Mandarin Blossom c\u00f3 h\u01b0\u01a1ng th\u01a1m v\u00e0 \u0111\u1ed9 tinh t\u1ebf c\u1ee7a hoa cam qu\u00fdt k\u1ebft h\u1ee3p v\u1edbi Hangar 1 Vodka, mang \u0111\u1ebfn m\u1ed9t chai vodka ph\u1ee9c h\u1ee3p v\u1edbi h\u01b0\u01a1ng hoa t\u01b0\u01a1i s\u00e1ng v\u00e0 \u0111ong \u0111\u1ea7y v\u1ecb cam qu\u00fdt.","og_url":"https:\/\/alchemy-asia.com\/vi\/san-pham\/hangar-1-mandarin-blosssom-orange-flavoured-vodka\/","og_site_name":"Alchemy Asia","og_image":[{"width":2100,"height":2100,"url":"https:\/\/alchemy-asia.com\/vi\/wp-content\/uploads\/sites\/3\/2024\/07\/Hangar-1-Mandarin.png","type":"image\/png"}],"twitter_card":"summary_large_image","twitter_misc":{"\u01af\u1edbc t\u00ednh th\u1eddi gian \u0111\u1ecdc":"1 ph\u00fat"},"schema":{"@context":"https:\/\/schema.org","@graph":[{"@type":"WebPage","@id":"https:\/\/alchemy-asia.com\/vi\/san-pham\/hangar-1-mandarin-blosssom-orange-flavoured-vodka\/","url":"https:\/\/alchemy-asia.com\/vi\/san-pham\/hangar-1-mandarin-blosssom-orange-flavoured-vodka\/","name":"Hangar 1 Mandarin blosssom orange flavoured vodka - Alchemy Asia","isPartOf":{"@id":"https:\/\/alchemy-asia.com\/vi\/#website"},"primaryImageOfPage":{"@id":"https:\/\/alchemy-asia.com\/vi\/san-pham\/hangar-1-mandarin-blosssom-orange-flavoured-vodka\/#primaryimage"},"image":{"@id":"https:\/\/alchemy-asia.com\/vi\/san-pham\/hangar-1-mandarin-blosssom-orange-flavoured-vodka\/#primaryimage"},"thumbnailUrl":"https:\/\/alchemy-asia.com\/vi\/wp-content\/uploads\/sites\/3\/2024\/07\/Hangar-1-Mandarin.png","datePublished":"2024-09-10T08:28:46+00:00","dateModified":"2024-09-10T08:28:46+00:00","breadcrumb":{"@id":"https:\/\/alchemy-asia.com\/vi\/san-pham\/hangar-1-mandarin-blosssom-orange-flavoured-vodka\/#breadcrumb"},"inLanguage":"vi","potentialAction":[{"@type":"ReadAction","target":["https:\/\/alchemy-asia.com\/vi\/san-pham\/hangar-1-mandarin-blosssom-orange-flavoured-vodka\/"]}]},{"@type":"ImageObject","inLanguage":"vi","@id":"https:\/\/alchemy-asia.com\/vi\/san-pham\/hangar-1-mandarin-blosssom-orange-flavoured-vodka\/#primaryimage","url":"https:\/\/alchemy-asia.com\/vi\/wp-content\/uploads\/sites\/3\/2024\/07\/Hangar-1-Mandarin.png","contentUrl":"https:\/\/alchemy-asia.com\/vi\/wp-content\/uploads\/sites\/3\/2024\/07\/Hangar-1-Mandarin.png","width":2100,"height":2100,"caption":"Hangar 1 Mandarin"},{"@type":"BreadcrumbList","@id":"https:\/\/alchemy-asia.com\/vi\/san-pham\/hangar-1-mandarin-blosssom-orange-flavoured-vodka\/#breadcrumb","itemListElement":[{"@type":"ListItem","position":1,"name":"Home","item":"https:\/\/alchemy-asia.com\/vi\/"},{"@type":"ListItem","position":2,"name":"Hangar 1 Mandarin blosssom orange flavoured vodka"}]},{"@type":"WebSite","@id":"https:\/\/alchemy-asia.com\/vi\/#website","url":"https:\/\/alchemy-asia.com\/vi\/","name":"Alchemy Asia","description":"Just another Alchemy Asia Sites site","potentialAction":[{"@type":"SearchAction","target":{"@type":"EntryPoint","urlTemplate":"https:\/\/alchemy-asia.com\/vi\/?s={search_term_string}"},"query-input":"required name=search_term_string"}],"inLanguage":"vi"}]}},"_links":{"self":[{"href":"https:\/\/alchemy-asia.com\/vi\/wp-json\/wp\/v2\/product\/8623","targetHints":{"allow":["GET"]}}],"collection":[{"href":"https:\/\/alchemy-asia.com\/vi\/wp-json\/wp\/v2\/product"}],"about":[{"href":"https:\/\/alchemy-asia.com\/vi\/wp-json\/wp\/v2\/types\/product"}],"replies":[{"embeddable":true,"href":"https:\/\/alchemy-asia.com\/vi\/wp-json\/wp\/v2\/comments?post=8623"}],"wp:featuredmedia":[{"embeddable":true,"href":"https:\/\/alchemy-asia.com\/vi\/wp-json\/wp\/v2\/media\/8624"}],"wp:attachment":[{"href":"https:\/\/alchemy-asia.com\/vi\/wp-json\/wp\/v2\/media?parent=8623"}],"wp:term":[{"taxonomy":"product_cat","embeddable":true,"href":"https:\/\/alchemy-asia.com\/vi\/wp-json\/wp\/v2\/product_cat?post=8623"},{"taxonomy":"product_tag","embeddable":true,"href":"https:\/\/alchemy-asia.com\/vi\/wp-json\/wp\/v2\/product_tag?post=8623"}],"curies":[{"name":"wp","href":"https:\/\/api.w.org\/{rel}","templated":true}]}}