{"id":8635,"date":"2024-09-10T08:28:39","date_gmt":"2024-09-10T08:28:39","guid":{"rendered":"https:\/\/alchemy-asia.com\/vi\/?post_type=product&#038;p=8635"},"modified":"2024-09-10T08:28:40","modified_gmt":"2024-09-10T08:28:40","slug":"henkes-gin","status":"publish","type":"product","link":"https:\/\/alchemy-asia.com\/vi\/san-pham\/henkes-gin\/","title":{"rendered":"Henkes Gin"},"content":{"rendered":"","protected":false},"excerpt":{"rendered":"<p><span data-sheets-root=\"1\" data-sheets-value=\"{&quot;1&quot;:2,&quot;2&quot;:&quot;Henkes l\u00e0 m\u1ed9t th\u01b0\u01a1ng hi\u1ec7u c\u00f3 l\u1ecbch s\u1eed h\u1ea5p d\u1eabn v\u00e0 \u0111\u00e1ng t\u1ef1 h\u00e0o k\u1ec3 t\u1eeb n\u0103m 1824. Th\u01b0\u01a1ng hi\u1ec7u n\u00e0y \u0111\u01b0\u1ee3c xu\u1ea5t kh\u1ea9u l\u1ea7n \u0111\u1ea7u ti\u00ean v\u00e0o gi\u1eefa th\u1ebf k\u1ef7 19, d\u1eabn \u0111\u1ebfn s\u1ef1 c\u00f4ng nh\u1eadn to\u00e0n c\u1ea7u v\u00e0 c\u00e1c gi\u1ea3i th\u01b0\u1edfng \u0111\u00e1ng ch\u00fa \u00fd. Henkes Gin l\u00e0 m\u1ed9t lo\u1ea1i r\u01b0\u1ee3u gin t\u1eeb qu\u1ea3 b\u00e1ch x\u00f9 c\u00f3 h\u01b0\u01a1ng v\u1ecb ng\u1ecdt ng\u00e0o v\u00e0 cam qu\u00fdt v\u00e0 \u0111\u01b0\u1ee3c ph\u1ee5c v\u1ee5 t\u1ed1t nh\u1ea5t v\u1edbi thu\u1ed1c b\u1ed5. Henkes Whiskey c\u00f3 h\u01b0\u01a1ng v\u1ecb \u00eam d\u1ecbu v\u00e0 trang nh\u00e3 m\u1ed9t c\u00e1ch \u0111\u00e1ng ng\u1ea1c nhi\u00ean, c\u1ea3 khi pha tr\u1ed9n l\u1eabn khi u\u1ed1ng nguy\u00ean ch\u1ea5t.\\n\\nTasting Notes: \\nHenkes Gin gi\u1edbi thi\u1ec7u ni\u1ec1m t\u1ef1 h\u00e0o c\u1ee7a Rotterdam v\u1edbi th\u1ebf gi\u1edbi, v\u01b0\u1ee3t xa bi\u00ean gi\u1edbi \u0111\u1ea5t n\u01b0\u1edbc. C\u00e1c th\u00e0nh ph\u1ea7n v\u00e0 gia v\u1ecb \u0111\u01b0\u1ee3c l\u1ef1a ch\u1ecdn c\u1ea9n th\u1eadn mang l\u1ea1i cho m\u00f3n \u0103n m\u1ed9t n\u00e9t \u0111\u1eb7c tr\u01b0ng r\u00f5 r\u1ec7t v\u00e0 \u1ea5n t\u01b0\u1ee3ng. Henkes Gin c\u00f3 h\u01b0\u01a1ng v\u1ecb ri\u00eang bi\u1ec7t t\u1eeb s\u1ef1 k\u1ebft h\u1ee3p c\u1ee7a qu\u1ea3 b\u00e1ch x\u00f9 v\u00e0 h\u1ea1t ng\u00f2, \u0111\u01b0\u1ee3c ho\u00e0n thi\u1ec7n b\u1eb1ng m\u1ed9t ch\u00fat h\u01b0\u01a1ng cam qu\u00fdt t\u1eeb v\u1ecf cam. Ngo\u00e0i cam th\u1ea3o, c\u00e1c ch\u1ea5t chi\u1ebft xu\u1ea5t t\u1eeb th\u1ef1c v\u1eadt kh\u00e1c c\u0169ng \u0111\u01b0\u1ee3c s\u1eed d\u1ee5ng \u0111\u1ec3 mang l\u1ea1i cho Henkes Gin s\u1ef1 c\u00e2n b\u1eb1ng d\u1ec5 ch\u1ecbu v\u00e0 \u0111\u1eb7c t\u00ednh m\u01b0\u1ee3t m\u00e0.&quot;}\" data-sheets-userformat=\"{&quot;2&quot;:7165,&quot;3&quot;:{&quot;1&quot;:0},&quot;5&quot;:{&quot;1&quot;:[{&quot;1&quot;:2,&quot;2&quot;:0,&quot;5&quot;:{&quot;1&quot;:2,&quot;2&quot;:0}},{&quot;1&quot;:0,&quot;2&quot;:0,&quot;3&quot;:3},{&quot;1&quot;:1,&quot;2&quot;:0,&quot;4&quot;:1}]},&quot;6&quot;:{&quot;1&quot;:[{&quot;1&quot;:2,&quot;2&quot;:0,&quot;5&quot;:{&quot;1&quot;:2,&quot;2&quot;:0}},{&quot;1&quot;:0,&quot;2&quot;:0,&quot;3&quot;:3},{&quot;1&quot;:1,&quot;2&quot;:0,&quot;4&quot;:1}]},&quot;7&quot;:{&quot;1&quot;:[{&quot;1&quot;:2,&quot;2&quot;:0,&quot;5&quot;:{&quot;1&quot;:2,&quot;2&quot;:0}},{&quot;1&quot;:0,&quot;2&quot;:0,&quot;3&quot;:3},{&quot;1&quot;:1,&quot;2&quot;:0,&quot;4&quot;:1}]},&quot;8&quot;:{&quot;1&quot;:[{&quot;1&quot;:2,&quot;2&quot;:0,&quot;5&quot;:{&quot;1&quot;:2,&quot;2&quot;:0}},{&quot;1&quot;:0,&quot;2&quot;:0,&quot;3&quot;:3},{&quot;1&quot;:1,&quot;2&quot;:0,&quot;4&quot;:1}]},&quot;9&quot;:0,&quot;10&quot;:1,&quot;11&quot;:4,&quot;12&quot;:0,&quot;14&quot;:{&quot;1&quot;:2,&quot;2&quot;:0},&quot;15&quot;:&quot;Arial, sans-serif&quot;}\">Henkes l\u00e0 m\u1ed9t th\u01b0\u01a1ng hi\u1ec7u c\u00f3 l\u1ecbch s\u1eed h\u1ea5p d\u1eabn v\u00e0 \u0111\u00e1ng t\u1ef1 h\u00e0o k\u1ec3 t\u1eeb n\u0103m 1824. Th\u01b0\u01a1ng hi\u1ec7u n\u00e0y \u0111\u01b0\u1ee3c xu\u1ea5t kh\u1ea9u l\u1ea7n \u0111\u1ea7u ti\u00ean v\u00e0o gi\u1eefa th\u1ebf k\u1ef7 19, d\u1eabn \u0111\u1ebfn s\u1ef1 c\u00f4ng nh\u1eadn to\u00e0n c\u1ea7u v\u00e0 c\u00e1c gi\u1ea3i th\u01b0\u1edfng \u0111\u00e1ng ch\u00fa \u00fd. Henkes Gin l\u00e0 m\u1ed9t lo\u1ea1i r\u01b0\u1ee3u gin t\u1eeb qu\u1ea3 b\u00e1ch x\u00f9 c\u00f3 h\u01b0\u01a1ng v\u1ecb ng\u1ecdt ng\u00e0o v\u00e0 cam qu\u00fdt v\u00e0 \u0111\u01b0\u1ee3c ph\u1ee5c v\u1ee5 t\u1ed1t nh\u1ea5t v\u1edbi thu\u1ed1c b\u1ed5. Henkes Whiskey c\u00f3 h\u01b0\u01a1ng v\u1ecb \u00eam d\u1ecbu v\u00e0 trang nh\u00e3 m\u1ed9t c\u00e1ch \u0111\u00e1ng ng\u1ea1c nhi\u00ean, c\u1ea3 khi pha tr\u1ed9n l\u1eabn khi u\u1ed1ng nguy\u00ean ch\u1ea5t.<\/span><\/p>\n<p>Tasting Notes:<br \/>\nHenkes Gin gi\u1edbi thi\u1ec7u ni\u1ec1m t\u1ef1 h\u00e0o c\u1ee7a Rotterdam v\u1edbi th\u1ebf gi\u1edbi, v\u01b0\u1ee3t xa bi\u00ean gi\u1edbi \u0111\u1ea5t n\u01b0\u1edbc. C\u00e1c th\u00e0nh ph\u1ea7n v\u00e0 gia v\u1ecb \u0111\u01b0\u1ee3c l\u1ef1a ch\u1ecdn c\u1ea9n th\u1eadn mang l\u1ea1i cho m\u00f3n \u0103n m\u1ed9t n\u00e9t \u0111\u1eb7c tr\u01b0ng r\u00f5 r\u1ec7t v\u00e0 \u1ea5n t\u01b0\u1ee3ng. Henkes Gin c\u00f3 h\u01b0\u01a1ng v\u1ecb ri\u00eang bi\u1ec7t t\u1eeb s\u1ef1 k\u1ebft h\u1ee3p c\u1ee7a qu\u1ea3 b\u00e1ch x\u00f9 v\u00e0 h\u1ea1t ng\u00f2, \u0111\u01b0\u1ee3c ho\u00e0n thi\u1ec7n b\u1eb1ng m\u1ed9t ch\u00fat h\u01b0\u01a1ng cam qu\u00fdt t\u1eeb v\u1ecf cam. Ngo\u00e0i cam th\u1ea3o, c\u00e1c ch\u1ea5t chi\u1ebft xu\u1ea5t t\u1eeb th\u1ef1c v\u1eadt kh\u00e1c c\u0169ng \u0111\u01b0\u1ee3c s\u1eed d\u1ee5ng \u0111\u1ec3 mang l\u1ea1i cho Henkes Gin s\u1ef1 c\u00e2n b\u1eb1ng d\u1ec5 ch\u1ecbu v\u00e0 \u0111\u1eb7c t\u00ednh m\u01b0\u1ee3t m\u00e0.<\/p>\n","protected":false},"featured_media":8637,"comment_status":"open","ping_status":"closed","template":"","meta":{"_acf_changed":false},"product_cat":[52],"product_tag":[],"class_list":{"0":"post-8635","1":"product","2":"type-product","3":"status-publish","4":"has-post-thumbnail","6":"product_cat-gin","7":"brand-henkes","9":"first","10":"instock","11":"shipping-taxable","12":"product-type-simple"},"acf":[],"yoast_head":"<!-- This site is optimized with the Yoast SEO plugin v23.0 - https:\/\/yoast.com\/wordpress\/plugins\/seo\/ -->\n<title>Henkes Gin - Alchemy Asia<\/title>\n<meta name=\"robots\" content=\"index, follow, max-snippet:-1, max-image-preview:large, max-video-preview:-1\" \/>\n<link rel=\"canonical\" href=\"https:\/\/alchemy-asia.com\/vi\/san-pham\/henkes-gin\/\" \/>\n<meta property=\"og:locale\" content=\"vi_VN\" \/>\n<meta property=\"og:type\" content=\"article\" \/>\n<meta property=\"og:title\" content=\"Henkes Gin - Alchemy Asia\" \/>\n<meta property=\"og:description\" content=\"Henkes l\u00e0 m\u1ed9t th\u01b0\u01a1ng hi\u1ec7u c\u00f3 l\u1ecbch s\u1eed h\u1ea5p d\u1eabn v\u00e0 \u0111\u00e1ng t\u1ef1 h\u00e0o k\u1ec3 t\u1eeb n\u0103m 1824. Th\u01b0\u01a1ng hi\u1ec7u n\u00e0y \u0111\u01b0\u1ee3c xu\u1ea5t kh\u1ea9u l\u1ea7n \u0111\u1ea7u ti\u00ean v\u00e0o gi\u1eefa th\u1ebf k\u1ef7 19, d\u1eabn \u0111\u1ebfn s\u1ef1 c\u00f4ng nh\u1eadn to\u00e0n c\u1ea7u v\u00e0 c\u00e1c gi\u1ea3i th\u01b0\u1edfng \u0111\u00e1ng ch\u00fa \u00fd. Henkes Gin l\u00e0 m\u1ed9t lo\u1ea1i r\u01b0\u1ee3u gin t\u1eeb qu\u1ea3 b\u00e1ch x\u00f9 c\u00f3 h\u01b0\u01a1ng v\u1ecb ng\u1ecdt ng\u00e0o v\u00e0 cam qu\u00fdt v\u00e0 \u0111\u01b0\u1ee3c ph\u1ee5c v\u1ee5 t\u1ed1t nh\u1ea5t v\u1edbi thu\u1ed1c b\u1ed5. Henkes Whiskey c\u00f3 h\u01b0\u01a1ng v\u1ecb \u00eam d\u1ecbu v\u00e0 trang nh\u00e3 m\u1ed9t c\u00e1ch \u0111\u00e1ng ng\u1ea1c nhi\u00ean, c\u1ea3 khi pha tr\u1ed9n l\u1eabn khi u\u1ed1ng nguy\u00ean ch\u1ea5t.  Tasting Notes: Henkes Gin gi\u1edbi thi\u1ec7u ni\u1ec1m t\u1ef1 h\u00e0o c\u1ee7a Rotterdam v\u1edbi th\u1ebf gi\u1edbi, v\u01b0\u1ee3t xa bi\u00ean gi\u1edbi \u0111\u1ea5t n\u01b0\u1edbc. C\u00e1c th\u00e0nh ph\u1ea7n v\u00e0 gia v\u1ecb \u0111\u01b0\u1ee3c l\u1ef1a ch\u1ecdn c\u1ea9n th\u1eadn mang l\u1ea1i cho m\u00f3n \u0103n m\u1ed9t n\u00e9t \u0111\u1eb7c tr\u01b0ng r\u00f5 r\u1ec7t v\u00e0 \u1ea5n t\u01b0\u1ee3ng. Henkes Gin c\u00f3 h\u01b0\u01a1ng v\u1ecb ri\u00eang bi\u1ec7t t\u1eeb s\u1ef1 k\u1ebft h\u1ee3p c\u1ee7a qu\u1ea3 b\u00e1ch x\u00f9 v\u00e0 h\u1ea1t ng\u00f2, \u0111\u01b0\u1ee3c ho\u00e0n thi\u1ec7n b\u1eb1ng m\u1ed9t ch\u00fat h\u01b0\u01a1ng cam qu\u00fdt t\u1eeb v\u1ecf cam. Ngo\u00e0i cam th\u1ea3o, c\u00e1c ch\u1ea5t chi\u1ebft xu\u1ea5t t\u1eeb th\u1ef1c v\u1eadt kh\u00e1c c\u0169ng \u0111\u01b0\u1ee3c s\u1eed d\u1ee5ng \u0111\u1ec3 mang l\u1ea1i cho Henkes Gin s\u1ef1 c\u00e2n b\u1eb1ng d\u1ec5 ch\u1ecbu v\u00e0 \u0111\u1eb7c t\u00ednh m\u01b0\u1ee3t m\u00e0.\" \/>\n<meta property=\"og:url\" content=\"https:\/\/alchemy-asia.com\/vi\/san-pham\/henkes-gin\/\" \/>\n<meta property=\"og:site_name\" content=\"Alchemy Asia\" \/>\n<meta property=\"article:modified_time\" content=\"2024-09-10T08:28:40+00:00\" \/>\n<meta property=\"og:image\" content=\"https:\/\/alchemy-asia.com\/vi\/wp-content\/uploads\/sites\/3\/2024\/07\/Henkes.png\" \/>\n\t<meta property=\"og:image:width\" content=\"2100\" \/>\n\t<meta property=\"og:image:height\" content=\"2100\" \/>\n\t<meta property=\"og:image:type\" content=\"image\/png\" \/>\n<meta name=\"twitter:card\" content=\"summary_large_image\" \/>\n<meta name=\"twitter:label1\" content=\"\u01af\u1edbc t\u00ednh th\u1eddi gian \u0111\u1ecdc\" \/>\n\t<meta name=\"twitter:data1\" content=\"1 ph\u00fat\" \/>\n<script type=\"application\/ld+json\" class=\"yoast-schema-graph\">{\"@context\":\"https:\/\/schema.org\",\"@graph\":[{\"@type\":\"WebPage\",\"@id\":\"https:\/\/alchemy-asia.com\/vi\/san-pham\/henkes-gin\/\",\"url\":\"https:\/\/alchemy-asia.com\/vi\/san-pham\/henkes-gin\/\",\"name\":\"Henkes Gin - Alchemy Asia\",\"isPartOf\":{\"@id\":\"https:\/\/alchemy-asia.com\/vi\/#website\"},\"primaryImageOfPage\":{\"@id\":\"https:\/\/alchemy-asia.com\/vi\/san-pham\/henkes-gin\/#primaryimage\"},\"image\":{\"@id\":\"https:\/\/alchemy-asia.com\/vi\/san-pham\/henkes-gin\/#primaryimage\"},\"thumbnailUrl\":\"https:\/\/alchemy-asia.com\/vi\/wp-content\/uploads\/sites\/3\/2024\/07\/Henkes.png\",\"datePublished\":\"2024-09-10T08:28:39+00:00\",\"dateModified\":\"2024-09-10T08:28:40+00:00\",\"breadcrumb\":{\"@id\":\"https:\/\/alchemy-asia.com\/vi\/san-pham\/henkes-gin\/#breadcrumb\"},\"inLanguage\":\"vi\",\"potentialAction\":[{\"@type\":\"ReadAction\",\"target\":[\"https:\/\/alchemy-asia.com\/vi\/san-pham\/henkes-gin\/\"]}]},{\"@type\":\"ImageObject\",\"inLanguage\":\"vi\",\"@id\":\"https:\/\/alchemy-asia.com\/vi\/san-pham\/henkes-gin\/#primaryimage\",\"url\":\"https:\/\/alchemy-asia.com\/vi\/wp-content\/uploads\/sites\/3\/2024\/07\/Henkes.png\",\"contentUrl\":\"https:\/\/alchemy-asia.com\/vi\/wp-content\/uploads\/sites\/3\/2024\/07\/Henkes.png\",\"width\":2100,\"height\":2100,\"caption\":\"Henkes\"},{\"@type\":\"BreadcrumbList\",\"@id\":\"https:\/\/alchemy-asia.com\/vi\/san-pham\/henkes-gin\/#breadcrumb\",\"itemListElement\":[{\"@type\":\"ListItem\",\"position\":1,\"name\":\"Home\",\"item\":\"https:\/\/alchemy-asia.com\/vi\/\"},{\"@type\":\"ListItem\",\"position\":2,\"name\":\"Henkes Gin\"}]},{\"@type\":\"WebSite\",\"@id\":\"https:\/\/alchemy-asia.com\/vi\/#website\",\"url\":\"https:\/\/alchemy-asia.com\/vi\/\",\"name\":\"Alchemy Asia\",\"description\":\"Just another Alchemy Asia Sites site\",\"potentialAction\":[{\"@type\":\"SearchAction\",\"target\":{\"@type\":\"EntryPoint\",\"urlTemplate\":\"https:\/\/alchemy-asia.com\/vi\/?s={search_term_string}\"},\"query-input\":\"required name=search_term_string\"}],\"inLanguage\":\"vi\"}]}<\/script>\n<!-- \/ Yoast SEO plugin. -->","yoast_head_json":{"title":"Henkes Gin - Alchemy Asia","robots":{"index":"index","follow":"follow","max-snippet":"max-snippet:-1","max-image-preview":"max-image-preview:large","max-video-preview":"max-video-preview:-1"},"canonical":"https:\/\/alchemy-asia.com\/vi\/san-pham\/henkes-gin\/","og_locale":"vi_VN","og_type":"article","og_title":"Henkes Gin - Alchemy Asia","og_description":"Henkes l\u00e0 m\u1ed9t th\u01b0\u01a1ng hi\u1ec7u c\u00f3 l\u1ecbch s\u1eed h\u1ea5p d\u1eabn v\u00e0 \u0111\u00e1ng t\u1ef1 h\u00e0o k\u1ec3 t\u1eeb n\u0103m 1824. Th\u01b0\u01a1ng hi\u1ec7u n\u00e0y \u0111\u01b0\u1ee3c xu\u1ea5t kh\u1ea9u l\u1ea7n \u0111\u1ea7u ti\u00ean v\u00e0o gi\u1eefa th\u1ebf k\u1ef7 19, d\u1eabn \u0111\u1ebfn s\u1ef1 c\u00f4ng nh\u1eadn to\u00e0n c\u1ea7u v\u00e0 c\u00e1c gi\u1ea3i th\u01b0\u1edfng \u0111\u00e1ng ch\u00fa \u00fd. Henkes Gin l\u00e0 m\u1ed9t lo\u1ea1i r\u01b0\u1ee3u gin t\u1eeb qu\u1ea3 b\u00e1ch x\u00f9 c\u00f3 h\u01b0\u01a1ng v\u1ecb ng\u1ecdt ng\u00e0o v\u00e0 cam qu\u00fdt v\u00e0 \u0111\u01b0\u1ee3c ph\u1ee5c v\u1ee5 t\u1ed1t nh\u1ea5t v\u1edbi thu\u1ed1c b\u1ed5. Henkes Whiskey c\u00f3 h\u01b0\u01a1ng v\u1ecb \u00eam d\u1ecbu v\u00e0 trang nh\u00e3 m\u1ed9t c\u00e1ch \u0111\u00e1ng ng\u1ea1c nhi\u00ean, c\u1ea3 khi pha tr\u1ed9n l\u1eabn khi u\u1ed1ng nguy\u00ean ch\u1ea5t.  Tasting Notes: Henkes Gin gi\u1edbi thi\u1ec7u ni\u1ec1m t\u1ef1 h\u00e0o c\u1ee7a Rotterdam v\u1edbi th\u1ebf gi\u1edbi, v\u01b0\u1ee3t xa bi\u00ean gi\u1edbi \u0111\u1ea5t n\u01b0\u1edbc. C\u00e1c th\u00e0nh ph\u1ea7n v\u00e0 gia v\u1ecb \u0111\u01b0\u1ee3c l\u1ef1a ch\u1ecdn c\u1ea9n th\u1eadn mang l\u1ea1i cho m\u00f3n \u0103n m\u1ed9t n\u00e9t \u0111\u1eb7c tr\u01b0ng r\u00f5 r\u1ec7t v\u00e0 \u1ea5n t\u01b0\u1ee3ng. Henkes Gin c\u00f3 h\u01b0\u01a1ng v\u1ecb ri\u00eang bi\u1ec7t t\u1eeb s\u1ef1 k\u1ebft h\u1ee3p c\u1ee7a qu\u1ea3 b\u00e1ch x\u00f9 v\u00e0 h\u1ea1t ng\u00f2, \u0111\u01b0\u1ee3c ho\u00e0n thi\u1ec7n b\u1eb1ng m\u1ed9t ch\u00fat h\u01b0\u01a1ng cam qu\u00fdt t\u1eeb v\u1ecf cam. Ngo\u00e0i cam th\u1ea3o, c\u00e1c ch\u1ea5t chi\u1ebft xu\u1ea5t t\u1eeb th\u1ef1c v\u1eadt kh\u00e1c c\u0169ng \u0111\u01b0\u1ee3c s\u1eed d\u1ee5ng \u0111\u1ec3 mang l\u1ea1i cho Henkes Gin s\u1ef1 c\u00e2n b\u1eb1ng d\u1ec5 ch\u1ecbu v\u00e0 \u0111\u1eb7c t\u00ednh m\u01b0\u1ee3t m\u00e0.","og_url":"https:\/\/alchemy-asia.com\/vi\/san-pham\/henkes-gin\/","og_site_name":"Alchemy Asia","article_modified_time":"2024-09-10T08:28:40+00:00","og_image":[{"width":2100,"height":2100,"url":"https:\/\/alchemy-asia.com\/vi\/wp-content\/uploads\/sites\/3\/2024\/07\/Henkes.png","type":"image\/png"}],"twitter_card":"summary_large_image","twitter_misc":{"\u01af\u1edbc t\u00ednh th\u1eddi gian \u0111\u1ecdc":"1 ph\u00fat"},"schema":{"@context":"https:\/\/schema.org","@graph":[{"@type":"WebPage","@id":"https:\/\/alchemy-asia.com\/vi\/san-pham\/henkes-gin\/","url":"https:\/\/alchemy-asia.com\/vi\/san-pham\/henkes-gin\/","name":"Henkes Gin - Alchemy Asia","isPartOf":{"@id":"https:\/\/alchemy-asia.com\/vi\/#website"},"primaryImageOfPage":{"@id":"https:\/\/alchemy-asia.com\/vi\/san-pham\/henkes-gin\/#primaryimage"},"image":{"@id":"https:\/\/alchemy-asia.com\/vi\/san-pham\/henkes-gin\/#primaryimage"},"thumbnailUrl":"https:\/\/alchemy-asia.com\/vi\/wp-content\/uploads\/sites\/3\/2024\/07\/Henkes.png","datePublished":"2024-09-10T08:28:39+00:00","dateModified":"2024-09-10T08:28:40+00:00","breadcrumb":{"@id":"https:\/\/alchemy-asia.com\/vi\/san-pham\/henkes-gin\/#breadcrumb"},"inLanguage":"vi","potentialAction":[{"@type":"ReadAction","target":["https:\/\/alchemy-asia.com\/vi\/san-pham\/henkes-gin\/"]}]},{"@type":"ImageObject","inLanguage":"vi","@id":"https:\/\/alchemy-asia.com\/vi\/san-pham\/henkes-gin\/#primaryimage","url":"https:\/\/alchemy-asia.com\/vi\/wp-content\/uploads\/sites\/3\/2024\/07\/Henkes.png","contentUrl":"https:\/\/alchemy-asia.com\/vi\/wp-content\/uploads\/sites\/3\/2024\/07\/Henkes.png","width":2100,"height":2100,"caption":"Henkes"},{"@type":"BreadcrumbList","@id":"https:\/\/alchemy-asia.com\/vi\/san-pham\/henkes-gin\/#breadcrumb","itemListElement":[{"@type":"ListItem","position":1,"name":"Home","item":"https:\/\/alchemy-asia.com\/vi\/"},{"@type":"ListItem","position":2,"name":"Henkes Gin"}]},{"@type":"WebSite","@id":"https:\/\/alchemy-asia.com\/vi\/#website","url":"https:\/\/alchemy-asia.com\/vi\/","name":"Alchemy Asia","description":"Just another Alchemy Asia Sites site","potentialAction":[{"@type":"SearchAction","target":{"@type":"EntryPoint","urlTemplate":"https:\/\/alchemy-asia.com\/vi\/?s={search_term_string}"},"query-input":"required name=search_term_string"}],"inLanguage":"vi"}]}},"_links":{"self":[{"href":"https:\/\/alchemy-asia.com\/vi\/wp-json\/wp\/v2\/product\/8635","targetHints":{"allow":["GET"]}}],"collection":[{"href":"https:\/\/alchemy-asia.com\/vi\/wp-json\/wp\/v2\/product"}],"about":[{"href":"https:\/\/alchemy-asia.com\/vi\/wp-json\/wp\/v2\/types\/product"}],"replies":[{"embeddable":true,"href":"https:\/\/alchemy-asia.com\/vi\/wp-json\/wp\/v2\/comments?post=8635"}],"wp:featuredmedia":[{"embeddable":true,"href":"https:\/\/alchemy-asia.com\/vi\/wp-json\/wp\/v2\/media\/8637"}],"wp:attachment":[{"href":"https:\/\/alchemy-asia.com\/vi\/wp-json\/wp\/v2\/media?parent=8635"}],"wp:term":[{"taxonomy":"product_cat","embeddable":true,"href":"https:\/\/alchemy-asia.com\/vi\/wp-json\/wp\/v2\/product_cat?post=8635"},{"taxonomy":"product_tag","embeddable":true,"href":"https:\/\/alchemy-asia.com\/vi\/wp-json\/wp\/v2\/product_tag?post=8635"}],"curies":[{"name":"wp","href":"https:\/\/api.w.org\/{rel}","templated":true}]}}