{"id":8639,"date":"2024-09-10T08:28:38","date_gmt":"2024-09-10T08:28:38","guid":{"rendered":"https:\/\/alchemy-asia.com\/vi\/?post_type=product&#038;p=8639"},"modified":"2024-09-10T08:28:38","modified_gmt":"2024-09-10T08:28:38","slug":"highland-park-15-years-old","status":"publish","type":"product","link":"https:\/\/alchemy-asia.com\/vi\/san-pham\/highland-park-15-years-old\/","title":{"rendered":"Highland Park 15 Years Old"},"content":{"rendered":"","protected":false},"excerpt":{"rendered":"<p>M\u1ed7i lo\u1ea1i r\u01b0\u1ee3u whisky trong b\u1ed9 s\u01b0u t\u1eadp c\u1ed5 \u0111i\u1ec3n c\u1ee7a ch\u00fang t\u00f4i \u0111\u1ec1u b\u1ed9c l\u1ed9 \u0111\u1eb7c t\u00ednh ri\u00eang bi\u1ec7t, ch\u1ecbu \u1ea3nh h\u01b0\u1edfng c\u1ee7a c\u1ea3 th\u00f9ng r\u01b0\u1ee3u v\u00e0 th\u1eddi gian \u1ee7 r\u01b0\u1ee3u. Nh\u01b0ng b\u1ea1n c\u0169ng s\u1ebd t\u00ecm th\u1ea5y DNA \u0111\u1eb7c tr\u01b0ng c\u1ee7a ch\u00fang t\u00f4i xuy\u00ean su\u1ed1t m\u1ed7i l\u1ea7n ph\u00e1t h\u00e0nh &#8211; v\u1ecb ng\u1ecdt kh\u00f3i kh\u00f4ng th\u1ec3 nh\u1ea7m l\u1eabn \u0111\u01b0\u1ee3c t\u1ea1o ra b\u1edfi than b\u00f9n gi\u00e0u th\u1ea1ch nam \u0111\u1ed9c \u0111\u00e1o c\u1ee7a Orkney.<\/p>\n<p>V\u1ecb ng\u1ecdt kh\u00f3i \u0111\u1eb7c tr\u01b0ng c\u1ee7a Highland Park t\u1eeb than b\u00f9n t\u1ea9m th\u1ea1ch th\u1ea3o Orkney \u0111\u01b0\u1ee3c b\u1ed5 sung b\u1eb1ng s\u1ef1 c\u00e2n b\u1eb1ng ph\u1ee9c t\u1ea1p gi\u1eefa c\u00e1c h\u01b0\u01a1ng v\u1ecb trong th\u00f9ng: \u2022 D\u1ee9a tr\u00e1ng men m\u1eadt ong \u2022 \u0110\u1eadu vani \u2022 Qu\u1ebf n\u01b0\u1edbng \u2022 V\u1ecf chanh \u2022 Kh\u00f3i than b\u00f9n Orcadian tinh t\u1ebf<\/p>\n","protected":false},"featured_media":8644,"comment_status":"open","ping_status":"closed","template":"","meta":{"_acf_changed":false},"product_cat":[58],"product_tag":[],"class_list":{"0":"post-8639","1":"product","2":"type-product","3":"status-publish","4":"has-post-thumbnail","6":"product_cat-scotch-whisky-single-malt","7":"brand-highland-park","9":"first","10":"instock","11":"shipping-taxable","12":"product-type-simple"},"acf":[],"yoast_head":"<!-- This site is optimized with the Yoast SEO plugin v23.0 - https:\/\/yoast.com\/wordpress\/plugins\/seo\/ -->\n<title>Highland Park 15 Years Old - Alchemy Asia<\/title>\n<meta name=\"robots\" content=\"index, follow, max-snippet:-1, max-image-preview:large, max-video-preview:-1\" \/>\n<link rel=\"canonical\" href=\"https:\/\/alchemy-asia.com\/vi\/san-pham\/highland-park-15-years-old\/\" \/>\n<meta property=\"og:locale\" content=\"vi_VN\" \/>\n<meta property=\"og:type\" content=\"article\" \/>\n<meta property=\"og:title\" content=\"Highland Park 15 Years Old - Alchemy Asia\" \/>\n<meta property=\"og:description\" content=\"M\u1ed7i lo\u1ea1i r\u01b0\u1ee3u whisky trong b\u1ed9 s\u01b0u t\u1eadp c\u1ed5 \u0111i\u1ec3n c\u1ee7a ch\u00fang t\u00f4i \u0111\u1ec1u b\u1ed9c l\u1ed9 \u0111\u1eb7c t\u00ednh ri\u00eang bi\u1ec7t, ch\u1ecbu \u1ea3nh h\u01b0\u1edfng c\u1ee7a c\u1ea3 th\u00f9ng r\u01b0\u1ee3u v\u00e0 th\u1eddi gian \u1ee7 r\u01b0\u1ee3u. Nh\u01b0ng b\u1ea1n c\u0169ng s\u1ebd t\u00ecm th\u1ea5y DNA \u0111\u1eb7c tr\u01b0ng c\u1ee7a ch\u00fang t\u00f4i xuy\u00ean su\u1ed1t m\u1ed7i l\u1ea7n ph\u00e1t h\u00e0nh - v\u1ecb ng\u1ecdt kh\u00f3i kh\u00f4ng th\u1ec3 nh\u1ea7m l\u1eabn \u0111\u01b0\u1ee3c t\u1ea1o ra b\u1edfi than b\u00f9n gi\u00e0u th\u1ea1ch nam \u0111\u1ed9c \u0111\u00e1o c\u1ee7a Orkney.  V\u1ecb ng\u1ecdt kh\u00f3i \u0111\u1eb7c tr\u01b0ng c\u1ee7a Highland Park t\u1eeb than b\u00f9n t\u1ea9m th\u1ea1ch th\u1ea3o Orkney \u0111\u01b0\u1ee3c b\u1ed5 sung b\u1eb1ng s\u1ef1 c\u00e2n b\u1eb1ng ph\u1ee9c t\u1ea1p gi\u1eefa c\u00e1c h\u01b0\u01a1ng v\u1ecb trong th\u00f9ng: \u2022 D\u1ee9a tr\u00e1ng men m\u1eadt ong \u2022 \u0110\u1eadu vani \u2022 Qu\u1ebf n\u01b0\u1edbng \u2022 V\u1ecf chanh \u2022 Kh\u00f3i than b\u00f9n Orcadian tinh t\u1ebf\" \/>\n<meta property=\"og:url\" content=\"https:\/\/alchemy-asia.com\/vi\/san-pham\/highland-park-15-years-old\/\" \/>\n<meta property=\"og:site_name\" content=\"Alchemy Asia\" \/>\n<meta property=\"og:image\" content=\"https:\/\/alchemy-asia.com\/vi\/wp-content\/uploads\/sites\/3\/2024\/07\/Highland-Park-15-yo.png\" \/>\n\t<meta property=\"og:image:width\" content=\"2100\" \/>\n\t<meta property=\"og:image:height\" content=\"2100\" \/>\n\t<meta property=\"og:image:type\" content=\"image\/png\" \/>\n<meta name=\"twitter:card\" content=\"summary_large_image\" \/>\n<meta name=\"twitter:label1\" content=\"\u01af\u1edbc t\u00ednh th\u1eddi gian \u0111\u1ecdc\" \/>\n\t<meta name=\"twitter:data1\" content=\"1 ph\u00fat\" \/>\n<script type=\"application\/ld+json\" class=\"yoast-schema-graph\">{\"@context\":\"https:\/\/schema.org\",\"@graph\":[{\"@type\":\"WebPage\",\"@id\":\"https:\/\/alchemy-asia.com\/vi\/san-pham\/highland-park-15-years-old\/\",\"url\":\"https:\/\/alchemy-asia.com\/vi\/san-pham\/highland-park-15-years-old\/\",\"name\":\"Highland Park 15 Years Old - Alchemy Asia\",\"isPartOf\":{\"@id\":\"https:\/\/alchemy-asia.com\/vi\/#website\"},\"primaryImageOfPage\":{\"@id\":\"https:\/\/alchemy-asia.com\/vi\/san-pham\/highland-park-15-years-old\/#primaryimage\"},\"image\":{\"@id\":\"https:\/\/alchemy-asia.com\/vi\/san-pham\/highland-park-15-years-old\/#primaryimage\"},\"thumbnailUrl\":\"https:\/\/alchemy-asia.com\/vi\/wp-content\/uploads\/sites\/3\/2024\/07\/Highland-Park-15-yo.png\",\"datePublished\":\"2024-09-10T08:28:38+00:00\",\"dateModified\":\"2024-09-10T08:28:38+00:00\",\"breadcrumb\":{\"@id\":\"https:\/\/alchemy-asia.com\/vi\/san-pham\/highland-park-15-years-old\/#breadcrumb\"},\"inLanguage\":\"vi\",\"potentialAction\":[{\"@type\":\"ReadAction\",\"target\":[\"https:\/\/alchemy-asia.com\/vi\/san-pham\/highland-park-15-years-old\/\"]}]},{\"@type\":\"ImageObject\",\"inLanguage\":\"vi\",\"@id\":\"https:\/\/alchemy-asia.com\/vi\/san-pham\/highland-park-15-years-old\/#primaryimage\",\"url\":\"https:\/\/alchemy-asia.com\/vi\/wp-content\/uploads\/sites\/3\/2024\/07\/Highland-Park-15-yo.png\",\"contentUrl\":\"https:\/\/alchemy-asia.com\/vi\/wp-content\/uploads\/sites\/3\/2024\/07\/Highland-Park-15-yo.png\",\"width\":2100,\"height\":2100,\"caption\":\"Highland Park 15 yo\"},{\"@type\":\"BreadcrumbList\",\"@id\":\"https:\/\/alchemy-asia.com\/vi\/san-pham\/highland-park-15-years-old\/#breadcrumb\",\"itemListElement\":[{\"@type\":\"ListItem\",\"position\":1,\"name\":\"Home\",\"item\":\"https:\/\/alchemy-asia.com\/vi\/\"},{\"@type\":\"ListItem\",\"position\":2,\"name\":\"Highland Park 15 Years Old\"}]},{\"@type\":\"WebSite\",\"@id\":\"https:\/\/alchemy-asia.com\/vi\/#website\",\"url\":\"https:\/\/alchemy-asia.com\/vi\/\",\"name\":\"Alchemy Asia\",\"description\":\"Just another Alchemy Asia Sites site\",\"potentialAction\":[{\"@type\":\"SearchAction\",\"target\":{\"@type\":\"EntryPoint\",\"urlTemplate\":\"https:\/\/alchemy-asia.com\/vi\/?s={search_term_string}\"},\"query-input\":\"required name=search_term_string\"}],\"inLanguage\":\"vi\"}]}<\/script>\n<!-- \/ Yoast SEO plugin. -->","yoast_head_json":{"title":"Highland Park 15 Years Old - Alchemy Asia","robots":{"index":"index","follow":"follow","max-snippet":"max-snippet:-1","max-image-preview":"max-image-preview:large","max-video-preview":"max-video-preview:-1"},"canonical":"https:\/\/alchemy-asia.com\/vi\/san-pham\/highland-park-15-years-old\/","og_locale":"vi_VN","og_type":"article","og_title":"Highland Park 15 Years Old - Alchemy Asia","og_description":"M\u1ed7i lo\u1ea1i r\u01b0\u1ee3u whisky trong b\u1ed9 s\u01b0u t\u1eadp c\u1ed5 \u0111i\u1ec3n c\u1ee7a ch\u00fang t\u00f4i \u0111\u1ec1u b\u1ed9c l\u1ed9 \u0111\u1eb7c t\u00ednh ri\u00eang bi\u1ec7t, ch\u1ecbu \u1ea3nh h\u01b0\u1edfng c\u1ee7a c\u1ea3 th\u00f9ng r\u01b0\u1ee3u v\u00e0 th\u1eddi gian \u1ee7 r\u01b0\u1ee3u. Nh\u01b0ng b\u1ea1n c\u0169ng s\u1ebd t\u00ecm th\u1ea5y DNA \u0111\u1eb7c tr\u01b0ng c\u1ee7a ch\u00fang t\u00f4i xuy\u00ean su\u1ed1t m\u1ed7i l\u1ea7n ph\u00e1t h\u00e0nh - v\u1ecb ng\u1ecdt kh\u00f3i kh\u00f4ng th\u1ec3 nh\u1ea7m l\u1eabn \u0111\u01b0\u1ee3c t\u1ea1o ra b\u1edfi than b\u00f9n gi\u00e0u th\u1ea1ch nam \u0111\u1ed9c \u0111\u00e1o c\u1ee7a Orkney.  V\u1ecb ng\u1ecdt kh\u00f3i \u0111\u1eb7c tr\u01b0ng c\u1ee7a Highland Park t\u1eeb than b\u00f9n t\u1ea9m th\u1ea1ch th\u1ea3o Orkney \u0111\u01b0\u1ee3c b\u1ed5 sung b\u1eb1ng s\u1ef1 c\u00e2n b\u1eb1ng ph\u1ee9c t\u1ea1p gi\u1eefa c\u00e1c h\u01b0\u01a1ng v\u1ecb trong th\u00f9ng: \u2022 D\u1ee9a tr\u00e1ng men m\u1eadt ong \u2022 \u0110\u1eadu vani \u2022 Qu\u1ebf n\u01b0\u1edbng \u2022 V\u1ecf chanh \u2022 Kh\u00f3i than b\u00f9n Orcadian tinh t\u1ebf","og_url":"https:\/\/alchemy-asia.com\/vi\/san-pham\/highland-park-15-years-old\/","og_site_name":"Alchemy Asia","og_image":[{"width":2100,"height":2100,"url":"https:\/\/alchemy-asia.com\/vi\/wp-content\/uploads\/sites\/3\/2024\/07\/Highland-Park-15-yo.png","type":"image\/png"}],"twitter_card":"summary_large_image","twitter_misc":{"\u01af\u1edbc t\u00ednh th\u1eddi gian \u0111\u1ecdc":"1 ph\u00fat"},"schema":{"@context":"https:\/\/schema.org","@graph":[{"@type":"WebPage","@id":"https:\/\/alchemy-asia.com\/vi\/san-pham\/highland-park-15-years-old\/","url":"https:\/\/alchemy-asia.com\/vi\/san-pham\/highland-park-15-years-old\/","name":"Highland Park 15 Years Old - Alchemy Asia","isPartOf":{"@id":"https:\/\/alchemy-asia.com\/vi\/#website"},"primaryImageOfPage":{"@id":"https:\/\/alchemy-asia.com\/vi\/san-pham\/highland-park-15-years-old\/#primaryimage"},"image":{"@id":"https:\/\/alchemy-asia.com\/vi\/san-pham\/highland-park-15-years-old\/#primaryimage"},"thumbnailUrl":"https:\/\/alchemy-asia.com\/vi\/wp-content\/uploads\/sites\/3\/2024\/07\/Highland-Park-15-yo.png","datePublished":"2024-09-10T08:28:38+00:00","dateModified":"2024-09-10T08:28:38+00:00","breadcrumb":{"@id":"https:\/\/alchemy-asia.com\/vi\/san-pham\/highland-park-15-years-old\/#breadcrumb"},"inLanguage":"vi","potentialAction":[{"@type":"ReadAction","target":["https:\/\/alchemy-asia.com\/vi\/san-pham\/highland-park-15-years-old\/"]}]},{"@type":"ImageObject","inLanguage":"vi","@id":"https:\/\/alchemy-asia.com\/vi\/san-pham\/highland-park-15-years-old\/#primaryimage","url":"https:\/\/alchemy-asia.com\/vi\/wp-content\/uploads\/sites\/3\/2024\/07\/Highland-Park-15-yo.png","contentUrl":"https:\/\/alchemy-asia.com\/vi\/wp-content\/uploads\/sites\/3\/2024\/07\/Highland-Park-15-yo.png","width":2100,"height":2100,"caption":"Highland Park 15 yo"},{"@type":"BreadcrumbList","@id":"https:\/\/alchemy-asia.com\/vi\/san-pham\/highland-park-15-years-old\/#breadcrumb","itemListElement":[{"@type":"ListItem","position":1,"name":"Home","item":"https:\/\/alchemy-asia.com\/vi\/"},{"@type":"ListItem","position":2,"name":"Highland Park 15 Years Old"}]},{"@type":"WebSite","@id":"https:\/\/alchemy-asia.com\/vi\/#website","url":"https:\/\/alchemy-asia.com\/vi\/","name":"Alchemy Asia","description":"Just another Alchemy Asia Sites site","potentialAction":[{"@type":"SearchAction","target":{"@type":"EntryPoint","urlTemplate":"https:\/\/alchemy-asia.com\/vi\/?s={search_term_string}"},"query-input":"required name=search_term_string"}],"inLanguage":"vi"}]}},"_links":{"self":[{"href":"https:\/\/alchemy-asia.com\/vi\/wp-json\/wp\/v2\/product\/8639","targetHints":{"allow":["GET"]}}],"collection":[{"href":"https:\/\/alchemy-asia.com\/vi\/wp-json\/wp\/v2\/product"}],"about":[{"href":"https:\/\/alchemy-asia.com\/vi\/wp-json\/wp\/v2\/types\/product"}],"replies":[{"embeddable":true,"href":"https:\/\/alchemy-asia.com\/vi\/wp-json\/wp\/v2\/comments?post=8639"}],"wp:featuredmedia":[{"embeddable":true,"href":"https:\/\/alchemy-asia.com\/vi\/wp-json\/wp\/v2\/media\/8644"}],"wp:attachment":[{"href":"https:\/\/alchemy-asia.com\/vi\/wp-json\/wp\/v2\/media?parent=8639"}],"wp:term":[{"taxonomy":"product_cat","embeddable":true,"href":"https:\/\/alchemy-asia.com\/vi\/wp-json\/wp\/v2\/product_cat?post=8639"},{"taxonomy":"product_tag","embeddable":true,"href":"https:\/\/alchemy-asia.com\/vi\/wp-json\/wp\/v2\/product_tag?post=8639"}],"curies":[{"name":"wp","href":"https:\/\/api.w.org\/{rel}","templated":true}]}}