{"id":8641,"date":"2024-09-10T08:31:38","date_gmt":"2024-09-10T08:31:38","guid":{"rendered":"https:\/\/alchemy-asia.com\/vi\/?post_type=product&#038;p=8641"},"modified":"2024-09-10T08:31:38","modified_gmt":"2024-09-10T08:31:38","slug":"reserva-1800-reposado","status":"publish","type":"product","link":"https:\/\/alchemy-asia.com\/vi\/san-pham\/reserva-1800-reposado\/","title":{"rendered":"Reserva 1800 Reposado\u00a0"},"content":{"rendered":"","protected":false},"excerpt":{"rendered":"<p>1800 Reposado &#8211; nguy\u00ean b\u1ea3n v\u00e0 cao c\u1ea5p- \u0111\u01b0\u1ee3c ch\u1ebf t\u00e1c b\u1eb1ng c\u00e1ch s\u1eed d\u1ee5ng 100% nh\u1eefng c\u00e2y th\u00f9a \u0111\u1ea1t \u0111\u1ed9 8-12 tu\u1ed5i v\u00e0 \u0111\u01b0\u1ee3c \u1ee7 trong nh\u1eefng th\u00f9ng g\u1ed7 s\u1ed3i t\u1eeb M\u1ef9 v\u00e0 Ph\u00e1p trong 6 th\u00e1ng c\u00f9ng v\u1edbi lo\u1ea1i \u0111\u01b0\u1ee3c \u1ee7 trong 1 n\u0103m tr\u01b0\u1edbc \u0111\u00f3.<\/p>\n","protected":false},"featured_media":8642,"comment_status":"open","ping_status":"closed","template":"","meta":{"_acf_changed":false},"product_cat":[60],"product_tag":[],"class_list":{"0":"post-8641","1":"product","2":"type-product","3":"status-publish","4":"has-post-thumbnail","6":"product_cat-tequila","7":"brand-1800-tequila","9":"first","10":"instock","11":"shipping-taxable","12":"product-type-simple"},"acf":[],"yoast_head":"<!-- This site is optimized with the Yoast SEO plugin v23.0 - https:\/\/yoast.com\/wordpress\/plugins\/seo\/ -->\n<title>Reserva 1800 Reposado\u00a0 - Alchemy Asia<\/title>\n<meta name=\"robots\" content=\"index, follow, max-snippet:-1, max-image-preview:large, max-video-preview:-1\" \/>\n<link rel=\"canonical\" href=\"https:\/\/alchemy-asia.com\/vi\/san-pham\/reserva-1800-reposado\/\" \/>\n<meta property=\"og:locale\" content=\"vi_VN\" \/>\n<meta property=\"og:type\" content=\"article\" \/>\n<meta property=\"og:title\" content=\"Reserva 1800 Reposado\u00a0 - Alchemy Asia\" \/>\n<meta property=\"og:description\" content=\"1800 Reposado - nguy\u00ean b\u1ea3n v\u00e0 cao c\u1ea5p- \u0111\u01b0\u1ee3c ch\u1ebf t\u00e1c b\u1eb1ng c\u00e1ch s\u1eed d\u1ee5ng 100% nh\u1eefng c\u00e2y th\u00f9a \u0111\u1ea1t \u0111\u1ed9 8-12 tu\u1ed5i v\u00e0 \u0111\u01b0\u1ee3c \u1ee7 trong nh\u1eefng th\u00f9ng g\u1ed7 s\u1ed3i t\u1eeb M\u1ef9 v\u00e0 Ph\u00e1p trong 6 th\u00e1ng c\u00f9ng v\u1edbi lo\u1ea1i \u0111\u01b0\u1ee3c \u1ee7 trong 1 n\u0103m tr\u01b0\u1edbc \u0111\u00f3.\" \/>\n<meta property=\"og:url\" content=\"https:\/\/alchemy-asia.com\/vi\/san-pham\/reserva-1800-reposado\/\" \/>\n<meta property=\"og:site_name\" content=\"Alchemy Asia\" \/>\n<meta property=\"og:image\" content=\"https:\/\/alchemy-asia.com\/vi\/wp-content\/uploads\/sites\/3\/2024\/07\/Untitled-1-8.png\" \/>\n\t<meta property=\"og:image:width\" content=\"2480\" \/>\n\t<meta property=\"og:image:height\" content=\"2480\" \/>\n\t<meta property=\"og:image:type\" content=\"image\/png\" \/>\n<meta name=\"twitter:card\" content=\"summary_large_image\" \/>\n<meta name=\"twitter:label1\" content=\"\u01af\u1edbc t\u00ednh th\u1eddi gian \u0111\u1ecdc\" \/>\n\t<meta name=\"twitter:data1\" content=\"1 ph\u00fat\" \/>\n<script type=\"application\/ld+json\" class=\"yoast-schema-graph\">{\"@context\":\"https:\/\/schema.org\",\"@graph\":[{\"@type\":\"WebPage\",\"@id\":\"https:\/\/alchemy-asia.com\/vi\/san-pham\/reserva-1800-reposado\/\",\"url\":\"https:\/\/alchemy-asia.com\/vi\/san-pham\/reserva-1800-reposado\/\",\"name\":\"Reserva 1800 Reposado\u00a0 - Alchemy Asia\",\"isPartOf\":{\"@id\":\"https:\/\/alchemy-asia.com\/vi\/#website\"},\"primaryImageOfPage\":{\"@id\":\"https:\/\/alchemy-asia.com\/vi\/san-pham\/reserva-1800-reposado\/#primaryimage\"},\"image\":{\"@id\":\"https:\/\/alchemy-asia.com\/vi\/san-pham\/reserva-1800-reposado\/#primaryimage\"},\"thumbnailUrl\":\"https:\/\/alchemy-asia.com\/vi\/wp-content\/uploads\/sites\/3\/2024\/07\/Untitled-1-8.png\",\"datePublished\":\"2024-09-10T08:31:38+00:00\",\"dateModified\":\"2024-09-10T08:31:38+00:00\",\"breadcrumb\":{\"@id\":\"https:\/\/alchemy-asia.com\/vi\/san-pham\/reserva-1800-reposado\/#breadcrumb\"},\"inLanguage\":\"vi\",\"potentialAction\":[{\"@type\":\"ReadAction\",\"target\":[\"https:\/\/alchemy-asia.com\/vi\/san-pham\/reserva-1800-reposado\/\"]}]},{\"@type\":\"ImageObject\",\"inLanguage\":\"vi\",\"@id\":\"https:\/\/alchemy-asia.com\/vi\/san-pham\/reserva-1800-reposado\/#primaryimage\",\"url\":\"https:\/\/alchemy-asia.com\/vi\/wp-content\/uploads\/sites\/3\/2024\/07\/Untitled-1-8.png\",\"contentUrl\":\"https:\/\/alchemy-asia.com\/vi\/wp-content\/uploads\/sites\/3\/2024\/07\/Untitled-1-8.png\",\"width\":2480,\"height\":2480,\"caption\":\"Reserva 1800 Reposado\u00a0\"},{\"@type\":\"BreadcrumbList\",\"@id\":\"https:\/\/alchemy-asia.com\/vi\/san-pham\/reserva-1800-reposado\/#breadcrumb\",\"itemListElement\":[{\"@type\":\"ListItem\",\"position\":1,\"name\":\"Home\",\"item\":\"https:\/\/alchemy-asia.com\/vi\/\"},{\"@type\":\"ListItem\",\"position\":2,\"name\":\"Reserva 1800 Reposado\u00a0\"}]},{\"@type\":\"WebSite\",\"@id\":\"https:\/\/alchemy-asia.com\/vi\/#website\",\"url\":\"https:\/\/alchemy-asia.com\/vi\/\",\"name\":\"Alchemy Asia\",\"description\":\"Just another Alchemy Asia Sites site\",\"potentialAction\":[{\"@type\":\"SearchAction\",\"target\":{\"@type\":\"EntryPoint\",\"urlTemplate\":\"https:\/\/alchemy-asia.com\/vi\/?s={search_term_string}\"},\"query-input\":\"required name=search_term_string\"}],\"inLanguage\":\"vi\"}]}<\/script>\n<!-- \/ Yoast SEO plugin. -->","yoast_head_json":{"title":"Reserva 1800 Reposado\u00a0 - Alchemy Asia","robots":{"index":"index","follow":"follow","max-snippet":"max-snippet:-1","max-image-preview":"max-image-preview:large","max-video-preview":"max-video-preview:-1"},"canonical":"https:\/\/alchemy-asia.com\/vi\/san-pham\/reserva-1800-reposado\/","og_locale":"vi_VN","og_type":"article","og_title":"Reserva 1800 Reposado\u00a0 - Alchemy Asia","og_description":"1800 Reposado - nguy\u00ean b\u1ea3n v\u00e0 cao c\u1ea5p- \u0111\u01b0\u1ee3c ch\u1ebf t\u00e1c b\u1eb1ng c\u00e1ch s\u1eed d\u1ee5ng 100% nh\u1eefng c\u00e2y th\u00f9a \u0111\u1ea1t \u0111\u1ed9 8-12 tu\u1ed5i v\u00e0 \u0111\u01b0\u1ee3c \u1ee7 trong nh\u1eefng th\u00f9ng g\u1ed7 s\u1ed3i t\u1eeb M\u1ef9 v\u00e0 Ph\u00e1p trong 6 th\u00e1ng c\u00f9ng v\u1edbi lo\u1ea1i \u0111\u01b0\u1ee3c \u1ee7 trong 1 n\u0103m tr\u01b0\u1edbc \u0111\u00f3.","og_url":"https:\/\/alchemy-asia.com\/vi\/san-pham\/reserva-1800-reposado\/","og_site_name":"Alchemy Asia","og_image":[{"width":2480,"height":2480,"url":"https:\/\/alchemy-asia.com\/vi\/wp-content\/uploads\/sites\/3\/2024\/07\/Untitled-1-8.png","type":"image\/png"}],"twitter_card":"summary_large_image","twitter_misc":{"\u01af\u1edbc t\u00ednh th\u1eddi gian \u0111\u1ecdc":"1 ph\u00fat"},"schema":{"@context":"https:\/\/schema.org","@graph":[{"@type":"WebPage","@id":"https:\/\/alchemy-asia.com\/vi\/san-pham\/reserva-1800-reposado\/","url":"https:\/\/alchemy-asia.com\/vi\/san-pham\/reserva-1800-reposado\/","name":"Reserva 1800 Reposado\u00a0 - Alchemy Asia","isPartOf":{"@id":"https:\/\/alchemy-asia.com\/vi\/#website"},"primaryImageOfPage":{"@id":"https:\/\/alchemy-asia.com\/vi\/san-pham\/reserva-1800-reposado\/#primaryimage"},"image":{"@id":"https:\/\/alchemy-asia.com\/vi\/san-pham\/reserva-1800-reposado\/#primaryimage"},"thumbnailUrl":"https:\/\/alchemy-asia.com\/vi\/wp-content\/uploads\/sites\/3\/2024\/07\/Untitled-1-8.png","datePublished":"2024-09-10T08:31:38+00:00","dateModified":"2024-09-10T08:31:38+00:00","breadcrumb":{"@id":"https:\/\/alchemy-asia.com\/vi\/san-pham\/reserva-1800-reposado\/#breadcrumb"},"inLanguage":"vi","potentialAction":[{"@type":"ReadAction","target":["https:\/\/alchemy-asia.com\/vi\/san-pham\/reserva-1800-reposado\/"]}]},{"@type":"ImageObject","inLanguage":"vi","@id":"https:\/\/alchemy-asia.com\/vi\/san-pham\/reserva-1800-reposado\/#primaryimage","url":"https:\/\/alchemy-asia.com\/vi\/wp-content\/uploads\/sites\/3\/2024\/07\/Untitled-1-8.png","contentUrl":"https:\/\/alchemy-asia.com\/vi\/wp-content\/uploads\/sites\/3\/2024\/07\/Untitled-1-8.png","width":2480,"height":2480,"caption":"Reserva 1800 Reposado\u00a0"},{"@type":"BreadcrumbList","@id":"https:\/\/alchemy-asia.com\/vi\/san-pham\/reserva-1800-reposado\/#breadcrumb","itemListElement":[{"@type":"ListItem","position":1,"name":"Home","item":"https:\/\/alchemy-asia.com\/vi\/"},{"@type":"ListItem","position":2,"name":"Reserva 1800 Reposado\u00a0"}]},{"@type":"WebSite","@id":"https:\/\/alchemy-asia.com\/vi\/#website","url":"https:\/\/alchemy-asia.com\/vi\/","name":"Alchemy Asia","description":"Just another Alchemy Asia Sites site","potentialAction":[{"@type":"SearchAction","target":{"@type":"EntryPoint","urlTemplate":"https:\/\/alchemy-asia.com\/vi\/?s={search_term_string}"},"query-input":"required name=search_term_string"}],"inLanguage":"vi"}]}},"_links":{"self":[{"href":"https:\/\/alchemy-asia.com\/vi\/wp-json\/wp\/v2\/product\/8641","targetHints":{"allow":["GET"]}}],"collection":[{"href":"https:\/\/alchemy-asia.com\/vi\/wp-json\/wp\/v2\/product"}],"about":[{"href":"https:\/\/alchemy-asia.com\/vi\/wp-json\/wp\/v2\/types\/product"}],"replies":[{"embeddable":true,"href":"https:\/\/alchemy-asia.com\/vi\/wp-json\/wp\/v2\/comments?post=8641"}],"wp:featuredmedia":[{"embeddable":true,"href":"https:\/\/alchemy-asia.com\/vi\/wp-json\/wp\/v2\/media\/8642"}],"wp:attachment":[{"href":"https:\/\/alchemy-asia.com\/vi\/wp-json\/wp\/v2\/media?parent=8641"}],"wp:term":[{"taxonomy":"product_cat","embeddable":true,"href":"https:\/\/alchemy-asia.com\/vi\/wp-json\/wp\/v2\/product_cat?post=8641"},{"taxonomy":"product_tag","embeddable":true,"href":"https:\/\/alchemy-asia.com\/vi\/wp-json\/wp\/v2\/product_tag?post=8641"}],"curies":[{"name":"wp","href":"https:\/\/api.w.org\/{rel}","templated":true}]}}