{"id":8643,"date":"2024-09-10T08:43:19","date_gmt":"2024-09-10T08:43:19","guid":{"rendered":"https:\/\/alchemy-asia.com\/vi\/?post_type=product&#038;p=8643"},"modified":"2024-09-10T08:43:19","modified_gmt":"2024-09-10T08:43:19","slug":"skyy-vodka","status":"publish","type":"product","link":"https:\/\/alchemy-asia.com\/vi\/san-pham\/skyy-vodka\/","title":{"rendered":"Skyy Vodka"},"content":{"rendered":"","protected":false},"excerpt":{"rendered":"<p>L\u00e0 m\u1ed9t lo\u1ea1i vodka cao c\u1ea5p, SKYY mang \u0111\u1ebfn h\u01b0\u01a1ng v\u1ecb nh\u1eb9 nh\u00e0ng v\u00e0 tr\u1ecdn v\u1eb9n, khi\u1ebfn n\u00f3 tr\u1edf th\u00e0nh m\u1ed9t lo\u1ea1i vodka l\u00fd t\u01b0\u1edfng. s\u1ef1 l\u1ef1a ch\u1ecdn cho \u0111\u1ed3 u\u1ed1ng c\u1ed5 \u0111i\u1ec3n nh\u01b0 vodka v\u00e0 soda. H\u01b0\u01a1ng th\u01a1m l\u00e0 s\u1ef1 k\u1ebft h\u1ee3p th\u00fa v\u1ecb gi\u1eefa s\u1ef1 t\u01b0\u01a1i m\u00e1t v\u00e0 s\u1ea1ch s\u1ebd, v\u1edbi m\u1ed9t ch\u00fat h\u01b0\u01a1ng tr\u00e1i c\u00e2y v\u00e0 ng\u0169 c\u1ed1c n\u01b0\u1edbng gi\u00fap n\u00e2ng cao tr\u1ea3i nghi\u1ec7m c\u1ea3m gi\u00e1c tr\u00ean v\u00f2m mi\u1ec7ng, SKYY Vodka mang \u0111\u1ebfn c\u1ea3m gi\u00e1c s\u1ea1ch s\u1ebd v\u00e0 m\u1ecbn m\u00e0ng. \u0110i k\u00e8m v\u1edbi s\u1eafc th\u00e1i m\u1eb7n v\u00e0 kho\u00e1ng ch\u1ea5t gi\u00fap t\u0103ng th\u00eam chi\u1ec1u s\u00e2u v\u00e0 \u0111\u1eb7c tr\u01b0ng cho t\u1eebng ng\u1ee5m. \u0110\u1eafm m\u00ecnh trong h\u01b0\u01a1ng v\u1ecb thu\u1ea7n khi\u1ebft c\u1ee7a San Francisco v\u1edbi SKYY Vodka, n\u01a1i h\u1ed9i t\u1ee5 c\u00e1c nguy\u00ean li\u1ec7u ch\u1ea5t l\u01b0\u1ee3ng v\u00e0 tay ngh\u1ec1 t\u1ec9 m\u1ec9 \u0111\u1ec3 mang l\u1ea1i tr\u1ea3i nghi\u1ec7m u\u1ed1ng \u0111\u1eb7c bi\u1ec7t.<\/p>\n","protected":false},"featured_media":8648,"comment_status":"open","ping_status":"closed","template":"","meta":{"_acf_changed":false},"product_cat":[61],"product_tag":[],"class_list":{"0":"post-8643","1":"product","2":"type-product","3":"status-publish","4":"has-post-thumbnail","6":"product_cat-vodka","7":"brand-skyy-vodka","9":"first","10":"instock","11":"shipping-taxable","12":"product-type-simple"},"acf":[],"yoast_head":"<!-- This site is optimized with the Yoast SEO plugin v23.0 - https:\/\/yoast.com\/wordpress\/plugins\/seo\/ -->\n<title>Skyy Vodka - Alchemy Asia<\/title>\n<meta name=\"robots\" content=\"index, follow, max-snippet:-1, max-image-preview:large, max-video-preview:-1\" \/>\n<link rel=\"canonical\" href=\"https:\/\/alchemy-asia.com\/vi\/san-pham\/skyy-vodka\/\" \/>\n<meta property=\"og:locale\" content=\"vi_VN\" \/>\n<meta property=\"og:type\" content=\"article\" \/>\n<meta property=\"og:title\" content=\"Skyy Vodka - Alchemy Asia\" \/>\n<meta property=\"og:description\" content=\"L\u00e0 m\u1ed9t lo\u1ea1i vodka cao c\u1ea5p, SKYY mang \u0111\u1ebfn h\u01b0\u01a1ng v\u1ecb nh\u1eb9 nh\u00e0ng v\u00e0 tr\u1ecdn v\u1eb9n, khi\u1ebfn n\u00f3 tr\u1edf th\u00e0nh m\u1ed9t lo\u1ea1i vodka l\u00fd t\u01b0\u1edfng. s\u1ef1 l\u1ef1a ch\u1ecdn cho \u0111\u1ed3 u\u1ed1ng c\u1ed5 \u0111i\u1ec3n nh\u01b0 vodka v\u00e0 soda. H\u01b0\u01a1ng th\u01a1m l\u00e0 s\u1ef1 k\u1ebft h\u1ee3p th\u00fa v\u1ecb gi\u1eefa s\u1ef1 t\u01b0\u01a1i m\u00e1t v\u00e0 s\u1ea1ch s\u1ebd, v\u1edbi m\u1ed9t ch\u00fat h\u01b0\u01a1ng tr\u00e1i c\u00e2y v\u00e0 ng\u0169 c\u1ed1c n\u01b0\u1edbng gi\u00fap n\u00e2ng cao tr\u1ea3i nghi\u1ec7m c\u1ea3m gi\u00e1c tr\u00ean v\u00f2m mi\u1ec7ng, SKYY Vodka mang \u0111\u1ebfn c\u1ea3m gi\u00e1c s\u1ea1ch s\u1ebd v\u00e0 m\u1ecbn m\u00e0ng. \u0110i k\u00e8m v\u1edbi s\u1eafc th\u00e1i m\u1eb7n v\u00e0 kho\u00e1ng ch\u1ea5t gi\u00fap t\u0103ng th\u00eam chi\u1ec1u s\u00e2u v\u00e0 \u0111\u1eb7c tr\u01b0ng cho t\u1eebng ng\u1ee5m. \u0110\u1eafm m\u00ecnh trong h\u01b0\u01a1ng v\u1ecb thu\u1ea7n khi\u1ebft c\u1ee7a San Francisco v\u1edbi SKYY Vodka, n\u01a1i h\u1ed9i t\u1ee5 c\u00e1c nguy\u00ean li\u1ec7u ch\u1ea5t l\u01b0\u1ee3ng v\u00e0 tay ngh\u1ec1 t\u1ec9 m\u1ec9 \u0111\u1ec3 mang l\u1ea1i tr\u1ea3i nghi\u1ec7m u\u1ed1ng \u0111\u1eb7c bi\u1ec7t.\" \/>\n<meta property=\"og:url\" content=\"https:\/\/alchemy-asia.com\/vi\/san-pham\/skyy-vodka\/\" \/>\n<meta property=\"og:site_name\" content=\"Alchemy Asia\" \/>\n<meta property=\"og:image\" content=\"https:\/\/alchemy-asia.com\/vi\/wp-content\/uploads\/sites\/3\/2024\/07\/Skyy-Vodka-1024x1024.png\" \/>\n\t<meta property=\"og:image:width\" content=\"1024\" \/>\n\t<meta property=\"og:image:height\" content=\"1024\" \/>\n\t<meta property=\"og:image:type\" content=\"image\/png\" \/>\n<meta name=\"twitter:card\" content=\"summary_large_image\" \/>\n<meta name=\"twitter:label1\" content=\"\u01af\u1edbc t\u00ednh th\u1eddi gian \u0111\u1ecdc\" \/>\n\t<meta name=\"twitter:data1\" content=\"1 ph\u00fat\" \/>\n<script type=\"application\/ld+json\" class=\"yoast-schema-graph\">{\"@context\":\"https:\/\/schema.org\",\"@graph\":[{\"@type\":\"WebPage\",\"@id\":\"https:\/\/alchemy-asia.com\/vi\/san-pham\/skyy-vodka\/\",\"url\":\"https:\/\/alchemy-asia.com\/vi\/san-pham\/skyy-vodka\/\",\"name\":\"Skyy Vodka - Alchemy Asia\",\"isPartOf\":{\"@id\":\"https:\/\/alchemy-asia.com\/vi\/#website\"},\"primaryImageOfPage\":{\"@id\":\"https:\/\/alchemy-asia.com\/vi\/san-pham\/skyy-vodka\/#primaryimage\"},\"image\":{\"@id\":\"https:\/\/alchemy-asia.com\/vi\/san-pham\/skyy-vodka\/#primaryimage\"},\"thumbnailUrl\":\"https:\/\/alchemy-asia.com\/vi\/wp-content\/uploads\/sites\/3\/2024\/07\/Skyy-Vodka.png\",\"datePublished\":\"2024-09-10T08:43:19+00:00\",\"dateModified\":\"2024-09-10T08:43:19+00:00\",\"breadcrumb\":{\"@id\":\"https:\/\/alchemy-asia.com\/vi\/san-pham\/skyy-vodka\/#breadcrumb\"},\"inLanguage\":\"vi\",\"potentialAction\":[{\"@type\":\"ReadAction\",\"target\":[\"https:\/\/alchemy-asia.com\/vi\/san-pham\/skyy-vodka\/\"]}]},{\"@type\":\"ImageObject\",\"inLanguage\":\"vi\",\"@id\":\"https:\/\/alchemy-asia.com\/vi\/san-pham\/skyy-vodka\/#primaryimage\",\"url\":\"https:\/\/alchemy-asia.com\/vi\/wp-content\/uploads\/sites\/3\/2024\/07\/Skyy-Vodka.png\",\"contentUrl\":\"https:\/\/alchemy-asia.com\/vi\/wp-content\/uploads\/sites\/3\/2024\/07\/Skyy-Vodka.png\",\"width\":5804,\"height\":5803,\"caption\":\"Skyy Vodka\"},{\"@type\":\"BreadcrumbList\",\"@id\":\"https:\/\/alchemy-asia.com\/vi\/san-pham\/skyy-vodka\/#breadcrumb\",\"itemListElement\":[{\"@type\":\"ListItem\",\"position\":1,\"name\":\"Home\",\"item\":\"https:\/\/alchemy-asia.com\/vi\/\"},{\"@type\":\"ListItem\",\"position\":2,\"name\":\"Skyy Vodka\"}]},{\"@type\":\"WebSite\",\"@id\":\"https:\/\/alchemy-asia.com\/vi\/#website\",\"url\":\"https:\/\/alchemy-asia.com\/vi\/\",\"name\":\"Alchemy Asia\",\"description\":\"Just another Alchemy Asia Sites site\",\"potentialAction\":[{\"@type\":\"SearchAction\",\"target\":{\"@type\":\"EntryPoint\",\"urlTemplate\":\"https:\/\/alchemy-asia.com\/vi\/?s={search_term_string}\"},\"query-input\":\"required name=search_term_string\"}],\"inLanguage\":\"vi\"}]}<\/script>\n<!-- \/ Yoast SEO plugin. -->","yoast_head_json":{"title":"Skyy Vodka - Alchemy Asia","robots":{"index":"index","follow":"follow","max-snippet":"max-snippet:-1","max-image-preview":"max-image-preview:large","max-video-preview":"max-video-preview:-1"},"canonical":"https:\/\/alchemy-asia.com\/vi\/san-pham\/skyy-vodka\/","og_locale":"vi_VN","og_type":"article","og_title":"Skyy Vodka - Alchemy Asia","og_description":"L\u00e0 m\u1ed9t lo\u1ea1i vodka cao c\u1ea5p, SKYY mang \u0111\u1ebfn h\u01b0\u01a1ng v\u1ecb nh\u1eb9 nh\u00e0ng v\u00e0 tr\u1ecdn v\u1eb9n, khi\u1ebfn n\u00f3 tr\u1edf th\u00e0nh m\u1ed9t lo\u1ea1i vodka l\u00fd t\u01b0\u1edfng. s\u1ef1 l\u1ef1a ch\u1ecdn cho \u0111\u1ed3 u\u1ed1ng c\u1ed5 \u0111i\u1ec3n nh\u01b0 vodka v\u00e0 soda. H\u01b0\u01a1ng th\u01a1m l\u00e0 s\u1ef1 k\u1ebft h\u1ee3p th\u00fa v\u1ecb gi\u1eefa s\u1ef1 t\u01b0\u01a1i m\u00e1t v\u00e0 s\u1ea1ch s\u1ebd, v\u1edbi m\u1ed9t ch\u00fat h\u01b0\u01a1ng tr\u00e1i c\u00e2y v\u00e0 ng\u0169 c\u1ed1c n\u01b0\u1edbng gi\u00fap n\u00e2ng cao tr\u1ea3i nghi\u1ec7m c\u1ea3m gi\u00e1c tr\u00ean v\u00f2m mi\u1ec7ng, SKYY Vodka mang \u0111\u1ebfn c\u1ea3m gi\u00e1c s\u1ea1ch s\u1ebd v\u00e0 m\u1ecbn m\u00e0ng. \u0110i k\u00e8m v\u1edbi s\u1eafc th\u00e1i m\u1eb7n v\u00e0 kho\u00e1ng ch\u1ea5t gi\u00fap t\u0103ng th\u00eam chi\u1ec1u s\u00e2u v\u00e0 \u0111\u1eb7c tr\u01b0ng cho t\u1eebng ng\u1ee5m. \u0110\u1eafm m\u00ecnh trong h\u01b0\u01a1ng v\u1ecb thu\u1ea7n khi\u1ebft c\u1ee7a San Francisco v\u1edbi SKYY Vodka, n\u01a1i h\u1ed9i t\u1ee5 c\u00e1c nguy\u00ean li\u1ec7u ch\u1ea5t l\u01b0\u1ee3ng v\u00e0 tay ngh\u1ec1 t\u1ec9 m\u1ec9 \u0111\u1ec3 mang l\u1ea1i tr\u1ea3i nghi\u1ec7m u\u1ed1ng \u0111\u1eb7c bi\u1ec7t.","og_url":"https:\/\/alchemy-asia.com\/vi\/san-pham\/skyy-vodka\/","og_site_name":"Alchemy Asia","og_image":[{"width":1024,"height":1024,"url":"https:\/\/alchemy-asia.com\/vi\/wp-content\/uploads\/sites\/3\/2024\/07\/Skyy-Vodka-1024x1024.png","type":"image\/png"}],"twitter_card":"summary_large_image","twitter_misc":{"\u01af\u1edbc t\u00ednh th\u1eddi gian \u0111\u1ecdc":"1 ph\u00fat"},"schema":{"@context":"https:\/\/schema.org","@graph":[{"@type":"WebPage","@id":"https:\/\/alchemy-asia.com\/vi\/san-pham\/skyy-vodka\/","url":"https:\/\/alchemy-asia.com\/vi\/san-pham\/skyy-vodka\/","name":"Skyy Vodka - Alchemy Asia","isPartOf":{"@id":"https:\/\/alchemy-asia.com\/vi\/#website"},"primaryImageOfPage":{"@id":"https:\/\/alchemy-asia.com\/vi\/san-pham\/skyy-vodka\/#primaryimage"},"image":{"@id":"https:\/\/alchemy-asia.com\/vi\/san-pham\/skyy-vodka\/#primaryimage"},"thumbnailUrl":"https:\/\/alchemy-asia.com\/vi\/wp-content\/uploads\/sites\/3\/2024\/07\/Skyy-Vodka.png","datePublished":"2024-09-10T08:43:19+00:00","dateModified":"2024-09-10T08:43:19+00:00","breadcrumb":{"@id":"https:\/\/alchemy-asia.com\/vi\/san-pham\/skyy-vodka\/#breadcrumb"},"inLanguage":"vi","potentialAction":[{"@type":"ReadAction","target":["https:\/\/alchemy-asia.com\/vi\/san-pham\/skyy-vodka\/"]}]},{"@type":"ImageObject","inLanguage":"vi","@id":"https:\/\/alchemy-asia.com\/vi\/san-pham\/skyy-vodka\/#primaryimage","url":"https:\/\/alchemy-asia.com\/vi\/wp-content\/uploads\/sites\/3\/2024\/07\/Skyy-Vodka.png","contentUrl":"https:\/\/alchemy-asia.com\/vi\/wp-content\/uploads\/sites\/3\/2024\/07\/Skyy-Vodka.png","width":5804,"height":5803,"caption":"Skyy Vodka"},{"@type":"BreadcrumbList","@id":"https:\/\/alchemy-asia.com\/vi\/san-pham\/skyy-vodka\/#breadcrumb","itemListElement":[{"@type":"ListItem","position":1,"name":"Home","item":"https:\/\/alchemy-asia.com\/vi\/"},{"@type":"ListItem","position":2,"name":"Skyy Vodka"}]},{"@type":"WebSite","@id":"https:\/\/alchemy-asia.com\/vi\/#website","url":"https:\/\/alchemy-asia.com\/vi\/","name":"Alchemy Asia","description":"Just another Alchemy Asia Sites site","potentialAction":[{"@type":"SearchAction","target":{"@type":"EntryPoint","urlTemplate":"https:\/\/alchemy-asia.com\/vi\/?s={search_term_string}"},"query-input":"required name=search_term_string"}],"inLanguage":"vi"}]}},"_links":{"self":[{"href":"https:\/\/alchemy-asia.com\/vi\/wp-json\/wp\/v2\/product\/8643","targetHints":{"allow":["GET"]}}],"collection":[{"href":"https:\/\/alchemy-asia.com\/vi\/wp-json\/wp\/v2\/product"}],"about":[{"href":"https:\/\/alchemy-asia.com\/vi\/wp-json\/wp\/v2\/types\/product"}],"replies":[{"embeddable":true,"href":"https:\/\/alchemy-asia.com\/vi\/wp-json\/wp\/v2\/comments?post=8643"}],"wp:featuredmedia":[{"embeddable":true,"href":"https:\/\/alchemy-asia.com\/vi\/wp-json\/wp\/v2\/media\/8648"}],"wp:attachment":[{"href":"https:\/\/alchemy-asia.com\/vi\/wp-json\/wp\/v2\/media?parent=8643"}],"wp:term":[{"taxonomy":"product_cat","embeddable":true,"href":"https:\/\/alchemy-asia.com\/vi\/wp-json\/wp\/v2\/product_cat?post=8643"},{"taxonomy":"product_tag","embeddable":true,"href":"https:\/\/alchemy-asia.com\/vi\/wp-json\/wp\/v2\/product_tag?post=8643"}],"curies":[{"name":"wp","href":"https:\/\/api.w.org\/{rel}","templated":true}]}}