{"id":8646,"date":"2024-09-10T08:28:36","date_gmt":"2024-09-10T08:28:36","guid":{"rendered":"https:\/\/alchemy-asia.com\/vi\/?post_type=product&#038;p=8646"},"modified":"2024-09-10T08:28:36","modified_gmt":"2024-09-10T08:28:36","slug":"jose-cuervo-especial-reposado-tequila","status":"publish","type":"product","link":"https:\/\/alchemy-asia.com\/vi\/san-pham\/jose-cuervo-especial-reposado-tequila\/","title":{"rendered":"Jose Cuervo Especial Reposado Tequila"},"content":{"rendered":"","protected":false},"excerpt":{"rendered":"<p><span data-sheets-root=\"1\" data-sheets-value=\"{&quot;1&quot;:2,&quot;2&quot;:&quot;Jose Cuervo Especial Reposado c\u00f3 m\u00e0u v\u00e0ng \u0111\u1eb7c tr\u01b0ng c\u00f9ng h\u01b0\u01a1ng tequila ng\u1ecdt ng\u00e0o. Ngo\u00e0i v\u1ecb ng\u1ecdt ng\u00e0o, d\u00f2ng r\u01b0\u1ee3u n\u00e0y c\u00f2n c\u00f3 v\u1ecb c\u00e2y th\u00f9a gai xanh nh\u1eb9 v\u1edbi m\u1ed9t ch\u00fat h\u01b0\u01a1ng g\u1ed7 s\u1ed3i tinh t\u1ebf trong t\u1eebng gi\u1ecdt r\u01b0\u1ee3u.&quot;}\" data-sheets-userformat=\"{&quot;2&quot;:1057789,&quot;3&quot;:{&quot;1&quot;:0},&quot;5&quot;:{&quot;1&quot;:[{&quot;1&quot;:2,&quot;2&quot;:0,&quot;5&quot;:{&quot;1&quot;:2,&quot;2&quot;:0}},{&quot;1&quot;:0,&quot;2&quot;:0,&quot;3&quot;:3},{&quot;1&quot;:1,&quot;2&quot;:0,&quot;4&quot;:1}]},&quot;6&quot;:{&quot;1&quot;:[{&quot;1&quot;:2,&quot;2&quot;:0,&quot;5&quot;:{&quot;1&quot;:2,&quot;2&quot;:0}},{&quot;1&quot;:0,&quot;2&quot;:0,&quot;3&quot;:3},{&quot;1&quot;:1,&quot;2&quot;:0,&quot;4&quot;:1}]},&quot;7&quot;:{&quot;1&quot;:[{&quot;1&quot;:2,&quot;2&quot;:0,&quot;5&quot;:{&quot;1&quot;:2,&quot;2&quot;:0}},{&quot;1&quot;:0,&quot;2&quot;:0,&quot;3&quot;:3},{&quot;1&quot;:1,&quot;2&quot;:0,&quot;4&quot;:1}]},&quot;8&quot;:{&quot;1&quot;:[{&quot;1&quot;:2,&quot;2&quot;:0,&quot;5&quot;:{&quot;1&quot;:2,&quot;2&quot;:0}},{&quot;1&quot;:0,&quot;2&quot;:0,&quot;3&quot;:3},{&quot;1&quot;:1,&quot;2&quot;:0,&quot;4&quot;:1}]},&quot;9&quot;:0,&quot;10&quot;:1,&quot;11&quot;:4,&quot;12&quot;:0,&quot;16&quot;:12,&quot;23&quot;:1}\">Jose Cuervo Especial Reposado c\u00f3 m\u00e0u v\u00e0ng \u0111\u1eb7c tr\u01b0ng c\u00f9ng h\u01b0\u01a1ng tequila ng\u1ecdt ng\u00e0o. Ngo\u00e0i v\u1ecb ng\u1ecdt ng\u00e0o, d\u00f2ng r\u01b0\u1ee3u n\u00e0y c\u00f2n c\u00f3 v\u1ecb c\u00e2y th\u00f9a gai xanh nh\u1eb9 v\u1edbi m\u1ed9t ch\u00fat h\u01b0\u01a1ng g\u1ed7 s\u1ed3i tinh t\u1ebf trong t\u1eebng gi\u1ecdt r\u01b0\u1ee3u.<\/span><\/p>\n","protected":false},"featured_media":8647,"comment_status":"open","ping_status":"closed","template":"","meta":{"_acf_changed":false},"product_cat":[60],"product_tag":[],"class_list":{"0":"post-8646","1":"product","2":"type-product","3":"status-publish","4":"has-post-thumbnail","6":"product_cat-tequila","7":"brand-jose-cuervo","9":"first","10":"instock","11":"shipping-taxable","12":"product-type-simple"},"acf":[],"yoast_head":"<!-- This site is optimized with the Yoast SEO plugin v23.0 - https:\/\/yoast.com\/wordpress\/plugins\/seo\/ -->\n<title>Jose Cuervo Especial Reposado Tequila - Alchemy Asia<\/title>\n<meta name=\"robots\" content=\"index, follow, max-snippet:-1, max-image-preview:large, max-video-preview:-1\" \/>\n<link rel=\"canonical\" href=\"https:\/\/alchemy-asia.com\/vi\/san-pham\/jose-cuervo-especial-reposado-tequila\/\" \/>\n<meta property=\"og:locale\" content=\"vi_VN\" \/>\n<meta property=\"og:type\" content=\"article\" \/>\n<meta property=\"og:title\" content=\"Jose Cuervo Especial Reposado Tequila - Alchemy Asia\" \/>\n<meta property=\"og:description\" content=\"Jose Cuervo Especial Reposado c\u00f3 m\u00e0u v\u00e0ng \u0111\u1eb7c tr\u01b0ng c\u00f9ng h\u01b0\u01a1ng tequila ng\u1ecdt ng\u00e0o. Ngo\u00e0i v\u1ecb ng\u1ecdt ng\u00e0o, d\u00f2ng r\u01b0\u1ee3u n\u00e0y c\u00f2n c\u00f3 v\u1ecb c\u00e2y th\u00f9a gai xanh nh\u1eb9 v\u1edbi m\u1ed9t ch\u00fat h\u01b0\u01a1ng g\u1ed7 s\u1ed3i tinh t\u1ebf trong t\u1eebng gi\u1ecdt r\u01b0\u1ee3u.\" \/>\n<meta property=\"og:url\" content=\"https:\/\/alchemy-asia.com\/vi\/san-pham\/jose-cuervo-especial-reposado-tequila\/\" \/>\n<meta property=\"og:site_name\" content=\"Alchemy Asia\" \/>\n<meta property=\"og:image\" content=\"https:\/\/alchemy-asia.com\/vi\/wp-content\/uploads\/sites\/3\/2024\/07\/Jose-Cuervo-Especial-Reposado-75cl.png\" \/>\n\t<meta property=\"og:image:width\" content=\"2100\" \/>\n\t<meta property=\"og:image:height\" content=\"2100\" \/>\n\t<meta property=\"og:image:type\" content=\"image\/png\" \/>\n<meta name=\"twitter:card\" content=\"summary_large_image\" \/>\n<meta name=\"twitter:label1\" content=\"\u01af\u1edbc t\u00ednh th\u1eddi gian \u0111\u1ecdc\" \/>\n\t<meta name=\"twitter:data1\" content=\"1 ph\u00fat\" \/>\n<script type=\"application\/ld+json\" class=\"yoast-schema-graph\">{\"@context\":\"https:\/\/schema.org\",\"@graph\":[{\"@type\":\"WebPage\",\"@id\":\"https:\/\/alchemy-asia.com\/vi\/san-pham\/jose-cuervo-especial-reposado-tequila\/\",\"url\":\"https:\/\/alchemy-asia.com\/vi\/san-pham\/jose-cuervo-especial-reposado-tequila\/\",\"name\":\"Jose Cuervo Especial Reposado Tequila - Alchemy Asia\",\"isPartOf\":{\"@id\":\"https:\/\/alchemy-asia.com\/vi\/#website\"},\"primaryImageOfPage\":{\"@id\":\"https:\/\/alchemy-asia.com\/vi\/san-pham\/jose-cuervo-especial-reposado-tequila\/#primaryimage\"},\"image\":{\"@id\":\"https:\/\/alchemy-asia.com\/vi\/san-pham\/jose-cuervo-especial-reposado-tequila\/#primaryimage\"},\"thumbnailUrl\":\"https:\/\/alchemy-asia.com\/vi\/wp-content\/uploads\/sites\/3\/2024\/07\/Jose-Cuervo-Especial-Reposado-75cl.png\",\"datePublished\":\"2024-09-10T08:28:36+00:00\",\"dateModified\":\"2024-09-10T08:28:36+00:00\",\"breadcrumb\":{\"@id\":\"https:\/\/alchemy-asia.com\/vi\/san-pham\/jose-cuervo-especial-reposado-tequila\/#breadcrumb\"},\"inLanguage\":\"vi\",\"potentialAction\":[{\"@type\":\"ReadAction\",\"target\":[\"https:\/\/alchemy-asia.com\/vi\/san-pham\/jose-cuervo-especial-reposado-tequila\/\"]}]},{\"@type\":\"ImageObject\",\"inLanguage\":\"vi\",\"@id\":\"https:\/\/alchemy-asia.com\/vi\/san-pham\/jose-cuervo-especial-reposado-tequila\/#primaryimage\",\"url\":\"https:\/\/alchemy-asia.com\/vi\/wp-content\/uploads\/sites\/3\/2024\/07\/Jose-Cuervo-Especial-Reposado-75cl.png\",\"contentUrl\":\"https:\/\/alchemy-asia.com\/vi\/wp-content\/uploads\/sites\/3\/2024\/07\/Jose-Cuervo-Especial-Reposado-75cl.png\",\"width\":2100,\"height\":2100,\"caption\":\"Jose Cuervo Especial Reposado 75cl\"},{\"@type\":\"BreadcrumbList\",\"@id\":\"https:\/\/alchemy-asia.com\/vi\/san-pham\/jose-cuervo-especial-reposado-tequila\/#breadcrumb\",\"itemListElement\":[{\"@type\":\"ListItem\",\"position\":1,\"name\":\"Home\",\"item\":\"https:\/\/alchemy-asia.com\/vi\/\"},{\"@type\":\"ListItem\",\"position\":2,\"name\":\"Jose Cuervo Especial Reposado Tequila\"}]},{\"@type\":\"WebSite\",\"@id\":\"https:\/\/alchemy-asia.com\/vi\/#website\",\"url\":\"https:\/\/alchemy-asia.com\/vi\/\",\"name\":\"Alchemy Asia\",\"description\":\"Just another Alchemy Asia Sites site\",\"potentialAction\":[{\"@type\":\"SearchAction\",\"target\":{\"@type\":\"EntryPoint\",\"urlTemplate\":\"https:\/\/alchemy-asia.com\/vi\/?s={search_term_string}\"},\"query-input\":\"required name=search_term_string\"}],\"inLanguage\":\"vi\"}]}<\/script>\n<!-- \/ Yoast SEO plugin. -->","yoast_head_json":{"title":"Jose Cuervo Especial Reposado Tequila - Alchemy Asia","robots":{"index":"index","follow":"follow","max-snippet":"max-snippet:-1","max-image-preview":"max-image-preview:large","max-video-preview":"max-video-preview:-1"},"canonical":"https:\/\/alchemy-asia.com\/vi\/san-pham\/jose-cuervo-especial-reposado-tequila\/","og_locale":"vi_VN","og_type":"article","og_title":"Jose Cuervo Especial Reposado Tequila - Alchemy Asia","og_description":"Jose Cuervo Especial Reposado c\u00f3 m\u00e0u v\u00e0ng \u0111\u1eb7c tr\u01b0ng c\u00f9ng h\u01b0\u01a1ng tequila ng\u1ecdt ng\u00e0o. Ngo\u00e0i v\u1ecb ng\u1ecdt ng\u00e0o, d\u00f2ng r\u01b0\u1ee3u n\u00e0y c\u00f2n c\u00f3 v\u1ecb c\u00e2y th\u00f9a gai xanh nh\u1eb9 v\u1edbi m\u1ed9t ch\u00fat h\u01b0\u01a1ng g\u1ed7 s\u1ed3i tinh t\u1ebf trong t\u1eebng gi\u1ecdt r\u01b0\u1ee3u.","og_url":"https:\/\/alchemy-asia.com\/vi\/san-pham\/jose-cuervo-especial-reposado-tequila\/","og_site_name":"Alchemy Asia","og_image":[{"width":2100,"height":2100,"url":"https:\/\/alchemy-asia.com\/vi\/wp-content\/uploads\/sites\/3\/2024\/07\/Jose-Cuervo-Especial-Reposado-75cl.png","type":"image\/png"}],"twitter_card":"summary_large_image","twitter_misc":{"\u01af\u1edbc t\u00ednh th\u1eddi gian \u0111\u1ecdc":"1 ph\u00fat"},"schema":{"@context":"https:\/\/schema.org","@graph":[{"@type":"WebPage","@id":"https:\/\/alchemy-asia.com\/vi\/san-pham\/jose-cuervo-especial-reposado-tequila\/","url":"https:\/\/alchemy-asia.com\/vi\/san-pham\/jose-cuervo-especial-reposado-tequila\/","name":"Jose Cuervo Especial Reposado Tequila - Alchemy Asia","isPartOf":{"@id":"https:\/\/alchemy-asia.com\/vi\/#website"},"primaryImageOfPage":{"@id":"https:\/\/alchemy-asia.com\/vi\/san-pham\/jose-cuervo-especial-reposado-tequila\/#primaryimage"},"image":{"@id":"https:\/\/alchemy-asia.com\/vi\/san-pham\/jose-cuervo-especial-reposado-tequila\/#primaryimage"},"thumbnailUrl":"https:\/\/alchemy-asia.com\/vi\/wp-content\/uploads\/sites\/3\/2024\/07\/Jose-Cuervo-Especial-Reposado-75cl.png","datePublished":"2024-09-10T08:28:36+00:00","dateModified":"2024-09-10T08:28:36+00:00","breadcrumb":{"@id":"https:\/\/alchemy-asia.com\/vi\/san-pham\/jose-cuervo-especial-reposado-tequila\/#breadcrumb"},"inLanguage":"vi","potentialAction":[{"@type":"ReadAction","target":["https:\/\/alchemy-asia.com\/vi\/san-pham\/jose-cuervo-especial-reposado-tequila\/"]}]},{"@type":"ImageObject","inLanguage":"vi","@id":"https:\/\/alchemy-asia.com\/vi\/san-pham\/jose-cuervo-especial-reposado-tequila\/#primaryimage","url":"https:\/\/alchemy-asia.com\/vi\/wp-content\/uploads\/sites\/3\/2024\/07\/Jose-Cuervo-Especial-Reposado-75cl.png","contentUrl":"https:\/\/alchemy-asia.com\/vi\/wp-content\/uploads\/sites\/3\/2024\/07\/Jose-Cuervo-Especial-Reposado-75cl.png","width":2100,"height":2100,"caption":"Jose Cuervo Especial Reposado 75cl"},{"@type":"BreadcrumbList","@id":"https:\/\/alchemy-asia.com\/vi\/san-pham\/jose-cuervo-especial-reposado-tequila\/#breadcrumb","itemListElement":[{"@type":"ListItem","position":1,"name":"Home","item":"https:\/\/alchemy-asia.com\/vi\/"},{"@type":"ListItem","position":2,"name":"Jose Cuervo Especial Reposado Tequila"}]},{"@type":"WebSite","@id":"https:\/\/alchemy-asia.com\/vi\/#website","url":"https:\/\/alchemy-asia.com\/vi\/","name":"Alchemy Asia","description":"Just another Alchemy Asia Sites site","potentialAction":[{"@type":"SearchAction","target":{"@type":"EntryPoint","urlTemplate":"https:\/\/alchemy-asia.com\/vi\/?s={search_term_string}"},"query-input":"required name=search_term_string"}],"inLanguage":"vi"}]}},"_links":{"self":[{"href":"https:\/\/alchemy-asia.com\/vi\/wp-json\/wp\/v2\/product\/8646","targetHints":{"allow":["GET"]}}],"collection":[{"href":"https:\/\/alchemy-asia.com\/vi\/wp-json\/wp\/v2\/product"}],"about":[{"href":"https:\/\/alchemy-asia.com\/vi\/wp-json\/wp\/v2\/types\/product"}],"replies":[{"embeddable":true,"href":"https:\/\/alchemy-asia.com\/vi\/wp-json\/wp\/v2\/comments?post=8646"}],"wp:featuredmedia":[{"embeddable":true,"href":"https:\/\/alchemy-asia.com\/vi\/wp-json\/wp\/v2\/media\/8647"}],"wp:attachment":[{"href":"https:\/\/alchemy-asia.com\/vi\/wp-json\/wp\/v2\/media?parent=8646"}],"wp:term":[{"taxonomy":"product_cat","embeddable":true,"href":"https:\/\/alchemy-asia.com\/vi\/wp-json\/wp\/v2\/product_cat?post=8646"},{"taxonomy":"product_tag","embeddable":true,"href":"https:\/\/alchemy-asia.com\/vi\/wp-json\/wp\/v2\/product_tag?post=8646"}],"curies":[{"name":"wp","href":"https:\/\/api.w.org\/{rel}","templated":true}]}}