{"id":8650,"date":"2024-09-10T08:43:17","date_gmt":"2024-09-10T08:43:17","guid":{"rendered":"https:\/\/alchemy-asia.com\/vi\/?post_type=product&#038;p=8650"},"modified":"2024-09-12T04:42:23","modified_gmt":"2024-09-12T04:42:23","slug":"the-famous-grouse","status":"publish","type":"product","link":"https:\/\/alchemy-asia.com\/vi\/san-pham\/the-famous-grouse\/","title":{"rendered":"The Famous Grouse"},"content":{"rendered":"","protected":false},"excerpt":{"rendered":"<p>M\u1ecbn m\u00e0ng v\u00e0 c\u00e2n \u0111\u1ed1i ho\u00e0n h\u1ea3o. S\u1ef1 pha tr\u1ed9n y\u00eau th\u00edch c\u1ee7a Scotland g\u1ed3m c\u00e1c lo\u1ea1i m\u1ea1ch nha h\u1ea3o h\u1ea1ng nh\u1ea5t v\u00e0 c\u00e1c lo\u1ea1i whisky ng\u0169 c\u1ed1c h\u1ea3o h\u1ea1ng.<br \/>\nH\u01b0\u01a1ng v\u1ecb v\u01b0\u1ee3t tr\u1ed9i. H\u1ed7n h\u1ee3p m\u1ea1ch nha c\u1ee7a ch\u00fang t\u00f4i \u0111\u01b0\u1ee3c l\u1ecdc \u1edf nhi\u1ec7t \u0111\u1ed9 cao h\u01a1n \u0111\u1ec3 t\u1ea1o v\u1ecb \u0111\u1eadm \u0111\u00e0<br \/>\nCh\u1ea5t l\u01b0\u1ee3ng v\u00f4 song. M\u1ed7i th\u00f9ng \u0111\u1ec1u \u0111\u01b0\u1ee3c l\u1ecdc tr\u01b0\u1edbc khi tr\u1ed9n \u0111\u1ec3 \u0111\u1ea3m b\u1ea3o ch\u1ea5t l\u01b0\u1ee3ng cao nh\u1ea5t v\u00e0 t\u00ednh nh\u1ea5t qu\u00e1n theo t\u1eebng m\u1ebb.<br \/>\nChuy\u00ean m\u00f4n kh\u00f4ng th\u1ec3 nghi ng\u1edd. M\u1ed9t s\u1ef1 c\u1ed1ng hi\u1ebfn kh\u00f4ng khoan nh\u01b0\u1ee3ng \u0111\u1ec3 l\u00e0m ch\u1ee7 s\u1ef1 pha tr\u1ed9n v\u00e0 s\u1ef1 \u0111\u1ea7u t\u01b0 \u0111\u1ed9c \u0111\u00e1o v\u00e0o ch\u1ea5t l\u01b0\u1ee3ng g\u1ed7.<\/p>\n<p>Appearance<br \/>\nFull golden, clear and bright<\/p>\n<p>Aroma<br \/>\nCandied fruits, buttery shortbread, citrus peel<\/p>\n<p>Taste<br \/>\nDried fruit, soft spices (cinnamon\/ginger), hint of oak<\/p>\n<p>Finish<br \/>\nSmooth, well balanced<\/p>\n","protected":false},"featured_media":8881,"comment_status":"open","ping_status":"closed","template":"","meta":{"_acf_changed":false},"product_cat":[57],"product_tag":[],"class_list":{"0":"post-8650","1":"product","2":"type-product","3":"status-publish","4":"has-post-thumbnail","6":"product_cat-scotch-whisky-blended","7":"brand-the-famous-grouse","9":"first","10":"instock","11":"shipping-taxable","12":"product-type-simple"},"acf":[],"yoast_head":"<!-- This site is optimized with the Yoast SEO plugin v23.0 - https:\/\/yoast.com\/wordpress\/plugins\/seo\/ -->\n<title>The Famous Grouse - Alchemy Asia<\/title>\n<meta name=\"robots\" content=\"index, follow, max-snippet:-1, max-image-preview:large, max-video-preview:-1\" \/>\n<link rel=\"canonical\" href=\"https:\/\/alchemy-asia.com\/vi\/san-pham\/the-famous-grouse\/\" \/>\n<meta property=\"og:locale\" content=\"vi_VN\" \/>\n<meta property=\"og:type\" content=\"article\" \/>\n<meta property=\"og:title\" content=\"The Famous Grouse - Alchemy Asia\" \/>\n<meta property=\"og:description\" content=\"M\u1ecbn m\u00e0ng v\u00e0 c\u00e2n \u0111\u1ed1i ho\u00e0n h\u1ea3o. S\u1ef1 pha tr\u1ed9n y\u00eau th\u00edch c\u1ee7a Scotland g\u1ed3m c\u00e1c lo\u1ea1i m\u1ea1ch nha h\u1ea3o h\u1ea1ng nh\u1ea5t v\u00e0 c\u00e1c lo\u1ea1i whisky ng\u0169 c\u1ed1c h\u1ea3o h\u1ea1ng. H\u01b0\u01a1ng v\u1ecb v\u01b0\u1ee3t tr\u1ed9i. H\u1ed7n h\u1ee3p m\u1ea1ch nha c\u1ee7a ch\u00fang t\u00f4i \u0111\u01b0\u1ee3c l\u1ecdc \u1edf nhi\u1ec7t \u0111\u1ed9 cao h\u01a1n \u0111\u1ec3 t\u1ea1o v\u1ecb \u0111\u1eadm \u0111\u00e0 Ch\u1ea5t l\u01b0\u1ee3ng v\u00f4 song. M\u1ed7i th\u00f9ng \u0111\u1ec1u \u0111\u01b0\u1ee3c l\u1ecdc tr\u01b0\u1edbc khi tr\u1ed9n \u0111\u1ec3 \u0111\u1ea3m b\u1ea3o ch\u1ea5t l\u01b0\u1ee3ng cao nh\u1ea5t v\u00e0 t\u00ednh nh\u1ea5t qu\u00e1n theo t\u1eebng m\u1ebb. Chuy\u00ean m\u00f4n kh\u00f4ng th\u1ec3 nghi ng\u1edd. M\u1ed9t s\u1ef1 c\u1ed1ng hi\u1ebfn kh\u00f4ng khoan nh\u01b0\u1ee3ng \u0111\u1ec3 l\u00e0m ch\u1ee7 s\u1ef1 pha tr\u1ed9n v\u00e0 s\u1ef1 \u0111\u1ea7u t\u01b0 \u0111\u1ed9c \u0111\u00e1o v\u00e0o ch\u1ea5t l\u01b0\u1ee3ng g\u1ed7.  Appearance Full golden, clear and bright  Aroma Candied fruits, buttery shortbread, citrus peel  Taste Dried fruit, soft spices (cinnamon\/ginger), hint of oak  Finish Smooth, well balanced\" \/>\n<meta property=\"og:url\" content=\"https:\/\/alchemy-asia.com\/vi\/san-pham\/the-famous-grouse\/\" \/>\n<meta property=\"og:site_name\" content=\"Alchemy Asia\" \/>\n<meta property=\"article:modified_time\" content=\"2024-09-12T04:42:23+00:00\" \/>\n<meta property=\"og:image\" content=\"https:\/\/alchemy-asia.com\/vi\/wp-content\/uploads\/sites\/3\/2024\/09\/WEBSITE-3-1024x1024.png\" \/>\n\t<meta property=\"og:image:width\" content=\"1024\" \/>\n\t<meta property=\"og:image:height\" content=\"1024\" \/>\n\t<meta property=\"og:image:type\" content=\"image\/png\" \/>\n<meta name=\"twitter:card\" content=\"summary_large_image\" \/>\n<meta name=\"twitter:label1\" content=\"\u01af\u1edbc t\u00ednh th\u1eddi gian \u0111\u1ecdc\" \/>\n\t<meta name=\"twitter:data1\" content=\"1 ph\u00fat\" \/>\n<script type=\"application\/ld+json\" class=\"yoast-schema-graph\">{\"@context\":\"https:\/\/schema.org\",\"@graph\":[{\"@type\":\"WebPage\",\"@id\":\"https:\/\/alchemy-asia.com\/vi\/san-pham\/the-famous-grouse\/\",\"url\":\"https:\/\/alchemy-asia.com\/vi\/san-pham\/the-famous-grouse\/\",\"name\":\"The Famous Grouse - Alchemy Asia\",\"isPartOf\":{\"@id\":\"https:\/\/alchemy-asia.com\/vi\/#website\"},\"primaryImageOfPage\":{\"@id\":\"https:\/\/alchemy-asia.com\/vi\/san-pham\/the-famous-grouse\/#primaryimage\"},\"image\":{\"@id\":\"https:\/\/alchemy-asia.com\/vi\/san-pham\/the-famous-grouse\/#primaryimage\"},\"thumbnailUrl\":\"https:\/\/alchemy-asia.com\/vi\/wp-content\/uploads\/sites\/3\/2024\/09\/WEBSITE-3.png\",\"datePublished\":\"2024-09-10T08:43:17+00:00\",\"dateModified\":\"2024-09-12T04:42:23+00:00\",\"breadcrumb\":{\"@id\":\"https:\/\/alchemy-asia.com\/vi\/san-pham\/the-famous-grouse\/#breadcrumb\"},\"inLanguage\":\"vi\",\"potentialAction\":[{\"@type\":\"ReadAction\",\"target\":[\"https:\/\/alchemy-asia.com\/vi\/san-pham\/the-famous-grouse\/\"]}]},{\"@type\":\"ImageObject\",\"inLanguage\":\"vi\",\"@id\":\"https:\/\/alchemy-asia.com\/vi\/san-pham\/the-famous-grouse\/#primaryimage\",\"url\":\"https:\/\/alchemy-asia.com\/vi\/wp-content\/uploads\/sites\/3\/2024\/09\/WEBSITE-3.png\",\"contentUrl\":\"https:\/\/alchemy-asia.com\/vi\/wp-content\/uploads\/sites\/3\/2024\/09\/WEBSITE-3.png\",\"width\":2480,\"height\":2480,\"caption\":\"The Famous Grouse\"},{\"@type\":\"BreadcrumbList\",\"@id\":\"https:\/\/alchemy-asia.com\/vi\/san-pham\/the-famous-grouse\/#breadcrumb\",\"itemListElement\":[{\"@type\":\"ListItem\",\"position\":1,\"name\":\"Home\",\"item\":\"https:\/\/alchemy-asia.com\/vi\/\"},{\"@type\":\"ListItem\",\"position\":2,\"name\":\"The Famous Grouse\"}]},{\"@type\":\"WebSite\",\"@id\":\"https:\/\/alchemy-asia.com\/vi\/#website\",\"url\":\"https:\/\/alchemy-asia.com\/vi\/\",\"name\":\"Alchemy Asia\",\"description\":\"Just another Alchemy Asia Sites site\",\"potentialAction\":[{\"@type\":\"SearchAction\",\"target\":{\"@type\":\"EntryPoint\",\"urlTemplate\":\"https:\/\/alchemy-asia.com\/vi\/?s={search_term_string}\"},\"query-input\":\"required name=search_term_string\"}],\"inLanguage\":\"vi\"}]}<\/script>\n<!-- \/ Yoast SEO plugin. -->","yoast_head_json":{"title":"The Famous Grouse - Alchemy Asia","robots":{"index":"index","follow":"follow","max-snippet":"max-snippet:-1","max-image-preview":"max-image-preview:large","max-video-preview":"max-video-preview:-1"},"canonical":"https:\/\/alchemy-asia.com\/vi\/san-pham\/the-famous-grouse\/","og_locale":"vi_VN","og_type":"article","og_title":"The Famous Grouse - Alchemy Asia","og_description":"M\u1ecbn m\u00e0ng v\u00e0 c\u00e2n \u0111\u1ed1i ho\u00e0n h\u1ea3o. S\u1ef1 pha tr\u1ed9n y\u00eau th\u00edch c\u1ee7a Scotland g\u1ed3m c\u00e1c lo\u1ea1i m\u1ea1ch nha h\u1ea3o h\u1ea1ng nh\u1ea5t v\u00e0 c\u00e1c lo\u1ea1i whisky ng\u0169 c\u1ed1c h\u1ea3o h\u1ea1ng. H\u01b0\u01a1ng v\u1ecb v\u01b0\u1ee3t tr\u1ed9i. H\u1ed7n h\u1ee3p m\u1ea1ch nha c\u1ee7a ch\u00fang t\u00f4i \u0111\u01b0\u1ee3c l\u1ecdc \u1edf nhi\u1ec7t \u0111\u1ed9 cao h\u01a1n \u0111\u1ec3 t\u1ea1o v\u1ecb \u0111\u1eadm \u0111\u00e0 Ch\u1ea5t l\u01b0\u1ee3ng v\u00f4 song. M\u1ed7i th\u00f9ng \u0111\u1ec1u \u0111\u01b0\u1ee3c l\u1ecdc tr\u01b0\u1edbc khi tr\u1ed9n \u0111\u1ec3 \u0111\u1ea3m b\u1ea3o ch\u1ea5t l\u01b0\u1ee3ng cao nh\u1ea5t v\u00e0 t\u00ednh nh\u1ea5t qu\u00e1n theo t\u1eebng m\u1ebb. Chuy\u00ean m\u00f4n kh\u00f4ng th\u1ec3 nghi ng\u1edd. M\u1ed9t s\u1ef1 c\u1ed1ng hi\u1ebfn kh\u00f4ng khoan nh\u01b0\u1ee3ng \u0111\u1ec3 l\u00e0m ch\u1ee7 s\u1ef1 pha tr\u1ed9n v\u00e0 s\u1ef1 \u0111\u1ea7u t\u01b0 \u0111\u1ed9c \u0111\u00e1o v\u00e0o ch\u1ea5t l\u01b0\u1ee3ng g\u1ed7.  Appearance Full golden, clear and bright  Aroma Candied fruits, buttery shortbread, citrus peel  Taste Dried fruit, soft spices (cinnamon\/ginger), hint of oak  Finish Smooth, well balanced","og_url":"https:\/\/alchemy-asia.com\/vi\/san-pham\/the-famous-grouse\/","og_site_name":"Alchemy Asia","article_modified_time":"2024-09-12T04:42:23+00:00","og_image":[{"width":1024,"height":1024,"url":"https:\/\/alchemy-asia.com\/vi\/wp-content\/uploads\/sites\/3\/2024\/09\/WEBSITE-3-1024x1024.png","type":"image\/png"}],"twitter_card":"summary_large_image","twitter_misc":{"\u01af\u1edbc t\u00ednh th\u1eddi gian \u0111\u1ecdc":"1 ph\u00fat"},"schema":{"@context":"https:\/\/schema.org","@graph":[{"@type":"WebPage","@id":"https:\/\/alchemy-asia.com\/vi\/san-pham\/the-famous-grouse\/","url":"https:\/\/alchemy-asia.com\/vi\/san-pham\/the-famous-grouse\/","name":"The Famous Grouse - Alchemy Asia","isPartOf":{"@id":"https:\/\/alchemy-asia.com\/vi\/#website"},"primaryImageOfPage":{"@id":"https:\/\/alchemy-asia.com\/vi\/san-pham\/the-famous-grouse\/#primaryimage"},"image":{"@id":"https:\/\/alchemy-asia.com\/vi\/san-pham\/the-famous-grouse\/#primaryimage"},"thumbnailUrl":"https:\/\/alchemy-asia.com\/vi\/wp-content\/uploads\/sites\/3\/2024\/09\/WEBSITE-3.png","datePublished":"2024-09-10T08:43:17+00:00","dateModified":"2024-09-12T04:42:23+00:00","breadcrumb":{"@id":"https:\/\/alchemy-asia.com\/vi\/san-pham\/the-famous-grouse\/#breadcrumb"},"inLanguage":"vi","potentialAction":[{"@type":"ReadAction","target":["https:\/\/alchemy-asia.com\/vi\/san-pham\/the-famous-grouse\/"]}]},{"@type":"ImageObject","inLanguage":"vi","@id":"https:\/\/alchemy-asia.com\/vi\/san-pham\/the-famous-grouse\/#primaryimage","url":"https:\/\/alchemy-asia.com\/vi\/wp-content\/uploads\/sites\/3\/2024\/09\/WEBSITE-3.png","contentUrl":"https:\/\/alchemy-asia.com\/vi\/wp-content\/uploads\/sites\/3\/2024\/09\/WEBSITE-3.png","width":2480,"height":2480,"caption":"The Famous Grouse"},{"@type":"BreadcrumbList","@id":"https:\/\/alchemy-asia.com\/vi\/san-pham\/the-famous-grouse\/#breadcrumb","itemListElement":[{"@type":"ListItem","position":1,"name":"Home","item":"https:\/\/alchemy-asia.com\/vi\/"},{"@type":"ListItem","position":2,"name":"The Famous Grouse"}]},{"@type":"WebSite","@id":"https:\/\/alchemy-asia.com\/vi\/#website","url":"https:\/\/alchemy-asia.com\/vi\/","name":"Alchemy Asia","description":"Just another Alchemy Asia Sites site","potentialAction":[{"@type":"SearchAction","target":{"@type":"EntryPoint","urlTemplate":"https:\/\/alchemy-asia.com\/vi\/?s={search_term_string}"},"query-input":"required name=search_term_string"}],"inLanguage":"vi"}]}},"_links":{"self":[{"href":"https:\/\/alchemy-asia.com\/vi\/wp-json\/wp\/v2\/product\/8650","targetHints":{"allow":["GET"]}}],"collection":[{"href":"https:\/\/alchemy-asia.com\/vi\/wp-json\/wp\/v2\/product"}],"about":[{"href":"https:\/\/alchemy-asia.com\/vi\/wp-json\/wp\/v2\/types\/product"}],"replies":[{"embeddable":true,"href":"https:\/\/alchemy-asia.com\/vi\/wp-json\/wp\/v2\/comments?post=8650"}],"wp:featuredmedia":[{"embeddable":true,"href":"https:\/\/alchemy-asia.com\/vi\/wp-json\/wp\/v2\/media\/8881"}],"wp:attachment":[{"href":"https:\/\/alchemy-asia.com\/vi\/wp-json\/wp\/v2\/media?parent=8650"}],"wp:term":[{"taxonomy":"product_cat","embeddable":true,"href":"https:\/\/alchemy-asia.com\/vi\/wp-json\/wp\/v2\/product_cat?post=8650"},{"taxonomy":"product_tag","embeddable":true,"href":"https:\/\/alchemy-asia.com\/vi\/wp-json\/wp\/v2\/product_tag?post=8650"}],"curies":[{"name":"wp","href":"https:\/\/api.w.org\/{rel}","templated":true}]}}