{"id":8652,"date":"2024-09-10T08:28:34","date_gmt":"2024-09-10T08:28:34","guid":{"rendered":"https:\/\/alchemy-asia.com\/vi\/?post_type=product&#038;p=8652"},"modified":"2024-09-10T08:28:34","modified_gmt":"2024-09-10T08:28:34","slug":"jose-cuervo-reserva-de-la-familia-platino-tequila","status":"publish","type":"product","link":"https:\/\/alchemy-asia.com\/vi\/san-pham\/jose-cuervo-reserva-de-la-familia-platino-tequila\/","title":{"rendered":"Jose Cuervo Reserva De La Familia Platino Tequila"},"content":{"rendered":"","protected":false},"excerpt":{"rendered":"<p><span data-sheets-root=\"1\" data-sheets-value=\"{&quot;1&quot;:2,&quot;2&quot;:&quot;D\u00f2ng tequila danh gi\u00e1, l\u00e0 kho b\u00e1u gia truy\u1ec1n qua nhi\u1ec1u th\u1ebf h\u1ec7. D\u00f2ng Tequila \u0111\u1eb7c bi\u1ec7t n\u00e0y \u0111\u01b0\u1ee3c \u0111\u1ef1ng trong chai r\u01b0\u1ee3u \u0111\u00fac th\u1ee7 c\u00f4ng, \u0111\u01b0\u1ee3c \u0111\u00e1nh s\u1ed1 t\u1eebng chai, d\u00e1n nh\u00e3n b\u1eb1ng tay, n\u1eafp chai \u0111\u01b0\u1ee3c ni\u00eam phong b\u1eb1ng s\u00e1p v\u00e0 \u0111\u1ef1ng trong h\u1ed9p tr\u01b0ng b\u00e0y.&quot;}\" data-sheets-userformat=\"{&quot;2&quot;:1057789,&quot;3&quot;:{&quot;1&quot;:0},&quot;5&quot;:{&quot;1&quot;:[{&quot;1&quot;:2,&quot;2&quot;:0,&quot;5&quot;:{&quot;1&quot;:2,&quot;2&quot;:0}},{&quot;1&quot;:0,&quot;2&quot;:0,&quot;3&quot;:3},{&quot;1&quot;:1,&quot;2&quot;:0,&quot;4&quot;:1}]},&quot;6&quot;:{&quot;1&quot;:[{&quot;1&quot;:2,&quot;2&quot;:0,&quot;5&quot;:{&quot;1&quot;:2,&quot;2&quot;:0}},{&quot;1&quot;:0,&quot;2&quot;:0,&quot;3&quot;:3},{&quot;1&quot;:1,&quot;2&quot;:0,&quot;4&quot;:1}]},&quot;7&quot;:{&quot;1&quot;:[{&quot;1&quot;:2,&quot;2&quot;:0,&quot;5&quot;:{&quot;1&quot;:2,&quot;2&quot;:0}},{&quot;1&quot;:0,&quot;2&quot;:0,&quot;3&quot;:3},{&quot;1&quot;:1,&quot;2&quot;:0,&quot;4&quot;:1}]},&quot;8&quot;:{&quot;1&quot;:[{&quot;1&quot;:2,&quot;2&quot;:0,&quot;5&quot;:{&quot;1&quot;:2,&quot;2&quot;:0}},{&quot;1&quot;:0,&quot;2&quot;:0,&quot;3&quot;:3},{&quot;1&quot;:1,&quot;2&quot;:0,&quot;4&quot;:1}]},&quot;9&quot;:0,&quot;10&quot;:1,&quot;11&quot;:4,&quot;12&quot;:0,&quot;16&quot;:12,&quot;23&quot;:1}\">D\u00f2ng tequila danh gi\u00e1, l\u00e0 kho b\u00e1u gia truy\u1ec1n qua nhi\u1ec1u th\u1ebf h\u1ec7. D\u00f2ng Tequila \u0111\u1eb7c bi\u1ec7t n\u00e0y \u0111\u01b0\u1ee3c \u0111\u1ef1ng trong chai r\u01b0\u1ee3u \u0111\u00fac th\u1ee7 c\u00f4ng, \u0111\u01b0\u1ee3c \u0111\u00e1nh s\u1ed1 t\u1eebng chai, d\u00e1n nh\u00e3n b\u1eb1ng tay, n\u1eafp chai \u0111\u01b0\u1ee3c ni\u00eam phong b\u1eb1ng s\u00e1p v\u00e0 \u0111\u1ef1ng trong h\u1ed9p tr\u01b0ng b\u00e0y.<\/span><\/p>\n","protected":false},"featured_media":8653,"comment_status":"open","ping_status":"closed","template":"","meta":{"_acf_changed":false},"product_cat":[60],"product_tag":[],"class_list":{"0":"post-8652","1":"product","2":"type-product","3":"status-publish","4":"has-post-thumbnail","6":"product_cat-tequila","7":"brand-jose-cuervo","9":"first","10":"instock","11":"shipping-taxable","12":"product-type-simple"},"acf":[],"yoast_head":"<!-- This site is optimized with the Yoast SEO plugin v23.0 - https:\/\/yoast.com\/wordpress\/plugins\/seo\/ -->\n<title>Jose Cuervo Reserva De La Familia Platino Tequila - Alchemy Asia<\/title>\n<meta name=\"robots\" content=\"index, follow, max-snippet:-1, max-image-preview:large, max-video-preview:-1\" \/>\n<link rel=\"canonical\" href=\"https:\/\/alchemy-asia.com\/vi\/san-pham\/jose-cuervo-reserva-de-la-familia-platino-tequila\/\" \/>\n<meta property=\"og:locale\" content=\"vi_VN\" \/>\n<meta property=\"og:type\" content=\"article\" \/>\n<meta property=\"og:title\" content=\"Jose Cuervo Reserva De La Familia Platino Tequila - Alchemy Asia\" \/>\n<meta property=\"og:description\" content=\"D\u00f2ng tequila danh gi\u00e1, l\u00e0 kho b\u00e1u gia truy\u1ec1n qua nhi\u1ec1u th\u1ebf h\u1ec7. D\u00f2ng Tequila \u0111\u1eb7c bi\u1ec7t n\u00e0y \u0111\u01b0\u1ee3c \u0111\u1ef1ng trong chai r\u01b0\u1ee3u \u0111\u00fac th\u1ee7 c\u00f4ng, \u0111\u01b0\u1ee3c \u0111\u00e1nh s\u1ed1 t\u1eebng chai, d\u00e1n nh\u00e3n b\u1eb1ng tay, n\u1eafp chai \u0111\u01b0\u1ee3c ni\u00eam phong b\u1eb1ng s\u00e1p v\u00e0 \u0111\u1ef1ng trong h\u1ed9p tr\u01b0ng b\u00e0y.\" \/>\n<meta property=\"og:url\" content=\"https:\/\/alchemy-asia.com\/vi\/san-pham\/jose-cuervo-reserva-de-la-familia-platino-tequila\/\" \/>\n<meta property=\"og:site_name\" content=\"Alchemy Asia\" \/>\n<meta property=\"og:image\" content=\"https:\/\/alchemy-asia.com\/vi\/wp-content\/uploads\/sites\/3\/2024\/07\/Jose-Cuervo-Reserva-de-la-Familia-Platino-75cl-Bottle-Shot-1024x1024.png\" \/>\n\t<meta property=\"og:image:width\" content=\"1024\" \/>\n\t<meta property=\"og:image:height\" content=\"1024\" \/>\n\t<meta property=\"og:image:type\" content=\"image\/png\" \/>\n<meta name=\"twitter:card\" content=\"summary_large_image\" \/>\n<meta name=\"twitter:label1\" content=\"\u01af\u1edbc t\u00ednh th\u1eddi gian \u0111\u1ecdc\" \/>\n\t<meta name=\"twitter:data1\" content=\"1 ph\u00fat\" \/>\n<script type=\"application\/ld+json\" class=\"yoast-schema-graph\">{\"@context\":\"https:\/\/schema.org\",\"@graph\":[{\"@type\":\"WebPage\",\"@id\":\"https:\/\/alchemy-asia.com\/vi\/san-pham\/jose-cuervo-reserva-de-la-familia-platino-tequila\/\",\"url\":\"https:\/\/alchemy-asia.com\/vi\/san-pham\/jose-cuervo-reserva-de-la-familia-platino-tequila\/\",\"name\":\"Jose Cuervo Reserva De La Familia Platino Tequila - Alchemy Asia\",\"isPartOf\":{\"@id\":\"https:\/\/alchemy-asia.com\/vi\/#website\"},\"primaryImageOfPage\":{\"@id\":\"https:\/\/alchemy-asia.com\/vi\/san-pham\/jose-cuervo-reserva-de-la-familia-platino-tequila\/#primaryimage\"},\"image\":{\"@id\":\"https:\/\/alchemy-asia.com\/vi\/san-pham\/jose-cuervo-reserva-de-la-familia-platino-tequila\/#primaryimage\"},\"thumbnailUrl\":\"https:\/\/alchemy-asia.com\/vi\/wp-content\/uploads\/sites\/3\/2024\/07\/Jose-Cuervo-Reserva-de-la-Familia-Platino-75cl-Bottle-Shot.png\",\"datePublished\":\"2024-09-10T08:28:34+00:00\",\"dateModified\":\"2024-09-10T08:28:34+00:00\",\"breadcrumb\":{\"@id\":\"https:\/\/alchemy-asia.com\/vi\/san-pham\/jose-cuervo-reserva-de-la-familia-platino-tequila\/#breadcrumb\"},\"inLanguage\":\"vi\",\"potentialAction\":[{\"@type\":\"ReadAction\",\"target\":[\"https:\/\/alchemy-asia.com\/vi\/san-pham\/jose-cuervo-reserva-de-la-familia-platino-tequila\/\"]}]},{\"@type\":\"ImageObject\",\"inLanguage\":\"vi\",\"@id\":\"https:\/\/alchemy-asia.com\/vi\/san-pham\/jose-cuervo-reserva-de-la-familia-platino-tequila\/#primaryimage\",\"url\":\"https:\/\/alchemy-asia.com\/vi\/wp-content\/uploads\/sites\/3\/2024\/07\/Jose-Cuervo-Reserva-de-la-Familia-Platino-75cl-Bottle-Shot.png\",\"contentUrl\":\"https:\/\/alchemy-asia.com\/vi\/wp-content\/uploads\/sites\/3\/2024\/07\/Jose-Cuervo-Reserva-de-la-Familia-Platino-75cl-Bottle-Shot.png\",\"width\":2100,\"height\":2100,\"caption\":\"Jose-Cuervo Reserva de la Familia Platino\"},{\"@type\":\"BreadcrumbList\",\"@id\":\"https:\/\/alchemy-asia.com\/vi\/san-pham\/jose-cuervo-reserva-de-la-familia-platino-tequila\/#breadcrumb\",\"itemListElement\":[{\"@type\":\"ListItem\",\"position\":1,\"name\":\"Home\",\"item\":\"https:\/\/alchemy-asia.com\/vi\/\"},{\"@type\":\"ListItem\",\"position\":2,\"name\":\"Jose Cuervo Reserva De La Familia Platino Tequila\"}]},{\"@type\":\"WebSite\",\"@id\":\"https:\/\/alchemy-asia.com\/vi\/#website\",\"url\":\"https:\/\/alchemy-asia.com\/vi\/\",\"name\":\"Alchemy Asia\",\"description\":\"Just another Alchemy Asia Sites site\",\"potentialAction\":[{\"@type\":\"SearchAction\",\"target\":{\"@type\":\"EntryPoint\",\"urlTemplate\":\"https:\/\/alchemy-asia.com\/vi\/?s={search_term_string}\"},\"query-input\":\"required name=search_term_string\"}],\"inLanguage\":\"vi\"}]}<\/script>\n<!-- \/ Yoast SEO plugin. -->","yoast_head_json":{"title":"Jose Cuervo Reserva De La Familia Platino Tequila - Alchemy Asia","robots":{"index":"index","follow":"follow","max-snippet":"max-snippet:-1","max-image-preview":"max-image-preview:large","max-video-preview":"max-video-preview:-1"},"canonical":"https:\/\/alchemy-asia.com\/vi\/san-pham\/jose-cuervo-reserva-de-la-familia-platino-tequila\/","og_locale":"vi_VN","og_type":"article","og_title":"Jose Cuervo Reserva De La Familia Platino Tequila - Alchemy Asia","og_description":"D\u00f2ng tequila danh gi\u00e1, l\u00e0 kho b\u00e1u gia truy\u1ec1n qua nhi\u1ec1u th\u1ebf h\u1ec7. D\u00f2ng Tequila \u0111\u1eb7c bi\u1ec7t n\u00e0y \u0111\u01b0\u1ee3c \u0111\u1ef1ng trong chai r\u01b0\u1ee3u \u0111\u00fac th\u1ee7 c\u00f4ng, \u0111\u01b0\u1ee3c \u0111\u00e1nh s\u1ed1 t\u1eebng chai, d\u00e1n nh\u00e3n b\u1eb1ng tay, n\u1eafp chai \u0111\u01b0\u1ee3c ni\u00eam phong b\u1eb1ng s\u00e1p v\u00e0 \u0111\u1ef1ng trong h\u1ed9p tr\u01b0ng b\u00e0y.","og_url":"https:\/\/alchemy-asia.com\/vi\/san-pham\/jose-cuervo-reserva-de-la-familia-platino-tequila\/","og_site_name":"Alchemy Asia","og_image":[{"width":1024,"height":1024,"url":"https:\/\/alchemy-asia.com\/vi\/wp-content\/uploads\/sites\/3\/2024\/07\/Jose-Cuervo-Reserva-de-la-Familia-Platino-75cl-Bottle-Shot-1024x1024.png","type":"image\/png"}],"twitter_card":"summary_large_image","twitter_misc":{"\u01af\u1edbc t\u00ednh th\u1eddi gian \u0111\u1ecdc":"1 ph\u00fat"},"schema":{"@context":"https:\/\/schema.org","@graph":[{"@type":"WebPage","@id":"https:\/\/alchemy-asia.com\/vi\/san-pham\/jose-cuervo-reserva-de-la-familia-platino-tequila\/","url":"https:\/\/alchemy-asia.com\/vi\/san-pham\/jose-cuervo-reserva-de-la-familia-platino-tequila\/","name":"Jose Cuervo Reserva De La Familia Platino Tequila - Alchemy Asia","isPartOf":{"@id":"https:\/\/alchemy-asia.com\/vi\/#website"},"primaryImageOfPage":{"@id":"https:\/\/alchemy-asia.com\/vi\/san-pham\/jose-cuervo-reserva-de-la-familia-platino-tequila\/#primaryimage"},"image":{"@id":"https:\/\/alchemy-asia.com\/vi\/san-pham\/jose-cuervo-reserva-de-la-familia-platino-tequila\/#primaryimage"},"thumbnailUrl":"https:\/\/alchemy-asia.com\/vi\/wp-content\/uploads\/sites\/3\/2024\/07\/Jose-Cuervo-Reserva-de-la-Familia-Platino-75cl-Bottle-Shot.png","datePublished":"2024-09-10T08:28:34+00:00","dateModified":"2024-09-10T08:28:34+00:00","breadcrumb":{"@id":"https:\/\/alchemy-asia.com\/vi\/san-pham\/jose-cuervo-reserva-de-la-familia-platino-tequila\/#breadcrumb"},"inLanguage":"vi","potentialAction":[{"@type":"ReadAction","target":["https:\/\/alchemy-asia.com\/vi\/san-pham\/jose-cuervo-reserva-de-la-familia-platino-tequila\/"]}]},{"@type":"ImageObject","inLanguage":"vi","@id":"https:\/\/alchemy-asia.com\/vi\/san-pham\/jose-cuervo-reserva-de-la-familia-platino-tequila\/#primaryimage","url":"https:\/\/alchemy-asia.com\/vi\/wp-content\/uploads\/sites\/3\/2024\/07\/Jose-Cuervo-Reserva-de-la-Familia-Platino-75cl-Bottle-Shot.png","contentUrl":"https:\/\/alchemy-asia.com\/vi\/wp-content\/uploads\/sites\/3\/2024\/07\/Jose-Cuervo-Reserva-de-la-Familia-Platino-75cl-Bottle-Shot.png","width":2100,"height":2100,"caption":"Jose-Cuervo Reserva de la Familia Platino"},{"@type":"BreadcrumbList","@id":"https:\/\/alchemy-asia.com\/vi\/san-pham\/jose-cuervo-reserva-de-la-familia-platino-tequila\/#breadcrumb","itemListElement":[{"@type":"ListItem","position":1,"name":"Home","item":"https:\/\/alchemy-asia.com\/vi\/"},{"@type":"ListItem","position":2,"name":"Jose Cuervo Reserva De La Familia Platino Tequila"}]},{"@type":"WebSite","@id":"https:\/\/alchemy-asia.com\/vi\/#website","url":"https:\/\/alchemy-asia.com\/vi\/","name":"Alchemy Asia","description":"Just another Alchemy Asia Sites site","potentialAction":[{"@type":"SearchAction","target":{"@type":"EntryPoint","urlTemplate":"https:\/\/alchemy-asia.com\/vi\/?s={search_term_string}"},"query-input":"required name=search_term_string"}],"inLanguage":"vi"}]}},"_links":{"self":[{"href":"https:\/\/alchemy-asia.com\/vi\/wp-json\/wp\/v2\/product\/8652","targetHints":{"allow":["GET"]}}],"collection":[{"href":"https:\/\/alchemy-asia.com\/vi\/wp-json\/wp\/v2\/product"}],"about":[{"href":"https:\/\/alchemy-asia.com\/vi\/wp-json\/wp\/v2\/types\/product"}],"replies":[{"embeddable":true,"href":"https:\/\/alchemy-asia.com\/vi\/wp-json\/wp\/v2\/comments?post=8652"}],"wp:featuredmedia":[{"embeddable":true,"href":"https:\/\/alchemy-asia.com\/vi\/wp-json\/wp\/v2\/media\/8653"}],"wp:attachment":[{"href":"https:\/\/alchemy-asia.com\/vi\/wp-json\/wp\/v2\/media?parent=8652"}],"wp:term":[{"taxonomy":"product_cat","embeddable":true,"href":"https:\/\/alchemy-asia.com\/vi\/wp-json\/wp\/v2\/product_cat?post=8652"},{"taxonomy":"product_tag","embeddable":true,"href":"https:\/\/alchemy-asia.com\/vi\/wp-json\/wp\/v2\/product_tag?post=8652"}],"curies":[{"name":"wp","href":"https:\/\/api.w.org\/{rel}","templated":true}]}}