{"id":8657,"date":"2024-09-10T08:43:15","date_gmt":"2024-09-10T08:43:15","guid":{"rendered":"https:\/\/alchemy-asia.com\/vi\/?post_type=product&#038;p=8657"},"modified":"2024-09-11T09:52:00","modified_gmt":"2024-09-11T09:52:00","slug":"the-famous-grouse-sherry-cask-finish","status":"publish","type":"product","link":"https:\/\/alchemy-asia.com\/vi\/san-pham\/the-famous-grouse-sherry-cask-finish\/","title":{"rendered":"The Famous Grouse Sherry Cask Finish"},"content":{"rendered":"","protected":false},"excerpt":{"rendered":"<p>Phi\u00ean b\u1ea3n s\u1ed1 2 trong d\u00f2ng The Famous Grouse Blender&#8217;s Editions<\/p>\n<p>\u0110\u01b0\u1ee3c ho\u00e0n thi\u1ec7n trong th\u00f9ng \u1ee7 r\u01b0\u1ee3u Sherry 100%<br \/>\nH\u00ecnh \u1ea3nh tr\u00ean bao b\u00ec: M\u1ed9t con G\u00e0 l\u00f4i \u0111en ch\u00e2u \u00c2u (Capercaillie) c\u00e1i t\u00f2 m\u00f2 kh\u00e1m ph\u00e1 v\u00f9ng \u0111\u1ea5t Cantabria b\u1ea3n \u0111\u1ecba<br \/>\nV\u1ecb r\u01b0\u1ee3u: \u00cam d\u1ecbu v\u00e0 phong ph\u00fa v\u1edbi c\u00e1c h\u01b0\u01a1ng v\u1ecb cay<br \/>\nTh\u00f4ng tin chi ti\u1ebft:<\/p>\n<p>N\u1ed3ng \u0111\u1ed9 c\u1ed3n: 40% ABV<br \/>\nDung t\u00edch: 70cl v\u00e0 1L<br \/>\n\u0110\u1eb7c \u0111i\u1ec3m:<\/p>\n<p>M\u00e0u s\u1eafc: V\u00e0ng \u0111\u1ecf \u0111\u1eadm v\u1edbi \u00e1nh h\u1ed5 ph\u00e1ch.<br \/>\nH\u01b0\u01a1ng: S\u1ef1 c\u00e2n b\u1eb1ng gi\u1eefa h\u01b0\u01a1ng cam t\u01b0\u01a1i v\u00e0 l\u00ea h\u1ea7m, hoa anh \u0111\u00e0o, nho kh\u00f4 \u1ea9m, h\u1ea1t ca cao h\u00f2a quy\u1ec7n v\u1edbi qu\u1ebf ng\u1ecdt v\u00e0 g\u1eebng.<br \/>\nV\u1ecb: M\u01b0\u1ee3t m\u00e0, phong ph\u00fa. S\u1ef1 k\u1ebft h\u1ee3p gi\u1eefa vani g\u1ed7 s\u1ed3i, s\u00f4c\u00f4la \u0111en, xi-r\u00f4 phong, h\u1ea1nh nh\u00e2n n\u01b0\u1edbng v\u00e0 h\u1ea1t ph\u1ec9.<br \/>\nH\u1eadu v\u1ecb: \u00cam d\u1ecbu v\u00e0 phong ph\u00fa. H\u01b0\u01a1ng v\u1ecb \u1ea5m \u00e1p c\u1ee7a tr\u00e1i c\u00e2y kh\u00f4 trong b\u00e1nh Gi\u00e1ng Sinh v\u1edbi d\u01b0 v\u1ecb ng\u1ecdt ng\u00e0o, cay k\u00e9o d\u00e0i.<\/p>\n","protected":false},"featured_media":8661,"comment_status":"open","ping_status":"closed","template":"","meta":{"_acf_changed":false},"product_cat":[57],"product_tag":[],"class_list":{"0":"post-8657","1":"product","2":"type-product","3":"status-publish","4":"has-post-thumbnail","6":"product_cat-scotch-whisky-blended","7":"brand-the-famous-grouse","9":"first","10":"instock","11":"shipping-taxable","12":"product-type-simple"},"acf":[],"yoast_head":"<!-- This site is optimized with the Yoast SEO plugin v23.0 - https:\/\/yoast.com\/wordpress\/plugins\/seo\/ -->\n<title>The Famous Grouse Sherry Cask Finish - Alchemy Asia<\/title>\n<meta name=\"robots\" content=\"index, follow, max-snippet:-1, max-image-preview:large, max-video-preview:-1\" \/>\n<link rel=\"canonical\" href=\"https:\/\/alchemy-asia.com\/vi\/san-pham\/the-famous-grouse-sherry-cask-finish\/\" \/>\n<meta property=\"og:locale\" content=\"vi_VN\" \/>\n<meta property=\"og:type\" content=\"article\" \/>\n<meta property=\"og:title\" content=\"The Famous Grouse Sherry Cask Finish - Alchemy Asia\" \/>\n<meta property=\"og:description\" content=\"Phi\u00ean b\u1ea3n s\u1ed1 2 trong d\u00f2ng The Famous Grouse Blender&#039;s Editions  \u0110\u01b0\u1ee3c ho\u00e0n thi\u1ec7n trong th\u00f9ng \u1ee7 r\u01b0\u1ee3u Sherry 100% H\u00ecnh \u1ea3nh tr\u00ean bao b\u00ec: M\u1ed9t con G\u00e0 l\u00f4i \u0111en ch\u00e2u \u00c2u (Capercaillie) c\u00e1i t\u00f2 m\u00f2 kh\u00e1m ph\u00e1 v\u00f9ng \u0111\u1ea5t Cantabria b\u1ea3n \u0111\u1ecba V\u1ecb r\u01b0\u1ee3u: \u00cam d\u1ecbu v\u00e0 phong ph\u00fa v\u1edbi c\u00e1c h\u01b0\u01a1ng v\u1ecb cay Th\u00f4ng tin chi ti\u1ebft:  N\u1ed3ng \u0111\u1ed9 c\u1ed3n: 40% ABV Dung t\u00edch: 70cl v\u00e0 1L \u0110\u1eb7c \u0111i\u1ec3m:  M\u00e0u s\u1eafc: V\u00e0ng \u0111\u1ecf \u0111\u1eadm v\u1edbi \u00e1nh h\u1ed5 ph\u00e1ch. H\u01b0\u01a1ng: S\u1ef1 c\u00e2n b\u1eb1ng gi\u1eefa h\u01b0\u01a1ng cam t\u01b0\u01a1i v\u00e0 l\u00ea h\u1ea7m, hoa anh \u0111\u00e0o, nho kh\u00f4 \u1ea9m, h\u1ea1t ca cao h\u00f2a quy\u1ec7n v\u1edbi qu\u1ebf ng\u1ecdt v\u00e0 g\u1eebng. V\u1ecb: M\u01b0\u1ee3t m\u00e0, phong ph\u00fa. S\u1ef1 k\u1ebft h\u1ee3p gi\u1eefa vani g\u1ed7 s\u1ed3i, s\u00f4c\u00f4la \u0111en, xi-r\u00f4 phong, h\u1ea1nh nh\u00e2n n\u01b0\u1edbng v\u00e0 h\u1ea1t ph\u1ec9. H\u1eadu v\u1ecb: \u00cam d\u1ecbu v\u00e0 phong ph\u00fa. H\u01b0\u01a1ng v\u1ecb \u1ea5m \u00e1p c\u1ee7a tr\u00e1i c\u00e2y kh\u00f4 trong b\u00e1nh Gi\u00e1ng Sinh v\u1edbi d\u01b0 v\u1ecb ng\u1ecdt ng\u00e0o, cay k\u00e9o d\u00e0i.\" \/>\n<meta property=\"og:url\" content=\"https:\/\/alchemy-asia.com\/vi\/san-pham\/the-famous-grouse-sherry-cask-finish\/\" \/>\n<meta property=\"og:site_name\" content=\"Alchemy Asia\" \/>\n<meta property=\"article:modified_time\" content=\"2024-09-11T09:52:00+00:00\" \/>\n<meta property=\"og:image\" content=\"https:\/\/alchemy-asia.com\/vi\/wp-content\/uploads\/sites\/3\/2024\/07\/Pommery-Blue-Sky-with-gift-box-5.png\" \/>\n\t<meta property=\"og:image:width\" content=\"1080\" \/>\n\t<meta property=\"og:image:height\" content=\"1080\" \/>\n\t<meta property=\"og:image:type\" content=\"image\/png\" \/>\n<meta name=\"twitter:card\" content=\"summary_large_image\" \/>\n<meta name=\"twitter:label1\" content=\"\u01af\u1edbc t\u00ednh th\u1eddi gian \u0111\u1ecdc\" \/>\n\t<meta name=\"twitter:data1\" content=\"1 ph\u00fat\" \/>\n<script type=\"application\/ld+json\" class=\"yoast-schema-graph\">{\"@context\":\"https:\/\/schema.org\",\"@graph\":[{\"@type\":\"WebPage\",\"@id\":\"https:\/\/alchemy-asia.com\/vi\/san-pham\/the-famous-grouse-sherry-cask-finish\/\",\"url\":\"https:\/\/alchemy-asia.com\/vi\/san-pham\/the-famous-grouse-sherry-cask-finish\/\",\"name\":\"The Famous Grouse Sherry Cask Finish - Alchemy Asia\",\"isPartOf\":{\"@id\":\"https:\/\/alchemy-asia.com\/vi\/#website\"},\"primaryImageOfPage\":{\"@id\":\"https:\/\/alchemy-asia.com\/vi\/san-pham\/the-famous-grouse-sherry-cask-finish\/#primaryimage\"},\"image\":{\"@id\":\"https:\/\/alchemy-asia.com\/vi\/san-pham\/the-famous-grouse-sherry-cask-finish\/#primaryimage\"},\"thumbnailUrl\":\"https:\/\/alchemy-asia.com\/vi\/wp-content\/uploads\/sites\/3\/2024\/07\/Pommery-Blue-Sky-with-gift-box-5.png\",\"datePublished\":\"2024-09-10T08:43:15+00:00\",\"dateModified\":\"2024-09-11T09:52:00+00:00\",\"breadcrumb\":{\"@id\":\"https:\/\/alchemy-asia.com\/vi\/san-pham\/the-famous-grouse-sherry-cask-finish\/#breadcrumb\"},\"inLanguage\":\"vi\",\"potentialAction\":[{\"@type\":\"ReadAction\",\"target\":[\"https:\/\/alchemy-asia.com\/vi\/san-pham\/the-famous-grouse-sherry-cask-finish\/\"]}]},{\"@type\":\"ImageObject\",\"inLanguage\":\"vi\",\"@id\":\"https:\/\/alchemy-asia.com\/vi\/san-pham\/the-famous-grouse-sherry-cask-finish\/#primaryimage\",\"url\":\"https:\/\/alchemy-asia.com\/vi\/wp-content\/uploads\/sites\/3\/2024\/07\/Pommery-Blue-Sky-with-gift-box-5.png\",\"contentUrl\":\"https:\/\/alchemy-asia.com\/vi\/wp-content\/uploads\/sites\/3\/2024\/07\/Pommery-Blue-Sky-with-gift-box-5.png\",\"width\":1080,\"height\":1080,\"caption\":\"The Famous Grouse Sherry Cask Finish\"},{\"@type\":\"BreadcrumbList\",\"@id\":\"https:\/\/alchemy-asia.com\/vi\/san-pham\/the-famous-grouse-sherry-cask-finish\/#breadcrumb\",\"itemListElement\":[{\"@type\":\"ListItem\",\"position\":1,\"name\":\"Home\",\"item\":\"https:\/\/alchemy-asia.com\/vi\/\"},{\"@type\":\"ListItem\",\"position\":2,\"name\":\"The Famous Grouse Sherry Cask Finish\"}]},{\"@type\":\"WebSite\",\"@id\":\"https:\/\/alchemy-asia.com\/vi\/#website\",\"url\":\"https:\/\/alchemy-asia.com\/vi\/\",\"name\":\"Alchemy Asia\",\"description\":\"Just another Alchemy Asia Sites site\",\"potentialAction\":[{\"@type\":\"SearchAction\",\"target\":{\"@type\":\"EntryPoint\",\"urlTemplate\":\"https:\/\/alchemy-asia.com\/vi\/?s={search_term_string}\"},\"query-input\":\"required name=search_term_string\"}],\"inLanguage\":\"vi\"}]}<\/script>\n<!-- \/ Yoast SEO plugin. -->","yoast_head_json":{"title":"The Famous Grouse Sherry Cask Finish - Alchemy Asia","robots":{"index":"index","follow":"follow","max-snippet":"max-snippet:-1","max-image-preview":"max-image-preview:large","max-video-preview":"max-video-preview:-1"},"canonical":"https:\/\/alchemy-asia.com\/vi\/san-pham\/the-famous-grouse-sherry-cask-finish\/","og_locale":"vi_VN","og_type":"article","og_title":"The Famous Grouse Sherry Cask Finish - Alchemy Asia","og_description":"Phi\u00ean b\u1ea3n s\u1ed1 2 trong d\u00f2ng The Famous Grouse Blender's Editions  \u0110\u01b0\u1ee3c ho\u00e0n thi\u1ec7n trong th\u00f9ng \u1ee7 r\u01b0\u1ee3u Sherry 100% H\u00ecnh \u1ea3nh tr\u00ean bao b\u00ec: M\u1ed9t con G\u00e0 l\u00f4i \u0111en ch\u00e2u \u00c2u (Capercaillie) c\u00e1i t\u00f2 m\u00f2 kh\u00e1m ph\u00e1 v\u00f9ng \u0111\u1ea5t Cantabria b\u1ea3n \u0111\u1ecba V\u1ecb r\u01b0\u1ee3u: \u00cam d\u1ecbu v\u00e0 phong ph\u00fa v\u1edbi c\u00e1c h\u01b0\u01a1ng v\u1ecb cay Th\u00f4ng tin chi ti\u1ebft:  N\u1ed3ng \u0111\u1ed9 c\u1ed3n: 40% ABV Dung t\u00edch: 70cl v\u00e0 1L \u0110\u1eb7c \u0111i\u1ec3m:  M\u00e0u s\u1eafc: V\u00e0ng \u0111\u1ecf \u0111\u1eadm v\u1edbi \u00e1nh h\u1ed5 ph\u00e1ch. H\u01b0\u01a1ng: S\u1ef1 c\u00e2n b\u1eb1ng gi\u1eefa h\u01b0\u01a1ng cam t\u01b0\u01a1i v\u00e0 l\u00ea h\u1ea7m, hoa anh \u0111\u00e0o, nho kh\u00f4 \u1ea9m, h\u1ea1t ca cao h\u00f2a quy\u1ec7n v\u1edbi qu\u1ebf ng\u1ecdt v\u00e0 g\u1eebng. V\u1ecb: M\u01b0\u1ee3t m\u00e0, phong ph\u00fa. S\u1ef1 k\u1ebft h\u1ee3p gi\u1eefa vani g\u1ed7 s\u1ed3i, s\u00f4c\u00f4la \u0111en, xi-r\u00f4 phong, h\u1ea1nh nh\u00e2n n\u01b0\u1edbng v\u00e0 h\u1ea1t ph\u1ec9. H\u1eadu v\u1ecb: \u00cam d\u1ecbu v\u00e0 phong ph\u00fa. H\u01b0\u01a1ng v\u1ecb \u1ea5m \u00e1p c\u1ee7a tr\u00e1i c\u00e2y kh\u00f4 trong b\u00e1nh Gi\u00e1ng Sinh v\u1edbi d\u01b0 v\u1ecb ng\u1ecdt ng\u00e0o, cay k\u00e9o d\u00e0i.","og_url":"https:\/\/alchemy-asia.com\/vi\/san-pham\/the-famous-grouse-sherry-cask-finish\/","og_site_name":"Alchemy Asia","article_modified_time":"2024-09-11T09:52:00+00:00","og_image":[{"width":1080,"height":1080,"url":"https:\/\/alchemy-asia.com\/vi\/wp-content\/uploads\/sites\/3\/2024\/07\/Pommery-Blue-Sky-with-gift-box-5.png","type":"image\/png"}],"twitter_card":"summary_large_image","twitter_misc":{"\u01af\u1edbc t\u00ednh th\u1eddi gian \u0111\u1ecdc":"1 ph\u00fat"},"schema":{"@context":"https:\/\/schema.org","@graph":[{"@type":"WebPage","@id":"https:\/\/alchemy-asia.com\/vi\/san-pham\/the-famous-grouse-sherry-cask-finish\/","url":"https:\/\/alchemy-asia.com\/vi\/san-pham\/the-famous-grouse-sherry-cask-finish\/","name":"The Famous Grouse Sherry Cask Finish - Alchemy Asia","isPartOf":{"@id":"https:\/\/alchemy-asia.com\/vi\/#website"},"primaryImageOfPage":{"@id":"https:\/\/alchemy-asia.com\/vi\/san-pham\/the-famous-grouse-sherry-cask-finish\/#primaryimage"},"image":{"@id":"https:\/\/alchemy-asia.com\/vi\/san-pham\/the-famous-grouse-sherry-cask-finish\/#primaryimage"},"thumbnailUrl":"https:\/\/alchemy-asia.com\/vi\/wp-content\/uploads\/sites\/3\/2024\/07\/Pommery-Blue-Sky-with-gift-box-5.png","datePublished":"2024-09-10T08:43:15+00:00","dateModified":"2024-09-11T09:52:00+00:00","breadcrumb":{"@id":"https:\/\/alchemy-asia.com\/vi\/san-pham\/the-famous-grouse-sherry-cask-finish\/#breadcrumb"},"inLanguage":"vi","potentialAction":[{"@type":"ReadAction","target":["https:\/\/alchemy-asia.com\/vi\/san-pham\/the-famous-grouse-sherry-cask-finish\/"]}]},{"@type":"ImageObject","inLanguage":"vi","@id":"https:\/\/alchemy-asia.com\/vi\/san-pham\/the-famous-grouse-sherry-cask-finish\/#primaryimage","url":"https:\/\/alchemy-asia.com\/vi\/wp-content\/uploads\/sites\/3\/2024\/07\/Pommery-Blue-Sky-with-gift-box-5.png","contentUrl":"https:\/\/alchemy-asia.com\/vi\/wp-content\/uploads\/sites\/3\/2024\/07\/Pommery-Blue-Sky-with-gift-box-5.png","width":1080,"height":1080,"caption":"The Famous Grouse Sherry Cask Finish"},{"@type":"BreadcrumbList","@id":"https:\/\/alchemy-asia.com\/vi\/san-pham\/the-famous-grouse-sherry-cask-finish\/#breadcrumb","itemListElement":[{"@type":"ListItem","position":1,"name":"Home","item":"https:\/\/alchemy-asia.com\/vi\/"},{"@type":"ListItem","position":2,"name":"The Famous Grouse Sherry Cask Finish"}]},{"@type":"WebSite","@id":"https:\/\/alchemy-asia.com\/vi\/#website","url":"https:\/\/alchemy-asia.com\/vi\/","name":"Alchemy Asia","description":"Just another Alchemy Asia Sites site","potentialAction":[{"@type":"SearchAction","target":{"@type":"EntryPoint","urlTemplate":"https:\/\/alchemy-asia.com\/vi\/?s={search_term_string}"},"query-input":"required name=search_term_string"}],"inLanguage":"vi"}]}},"_links":{"self":[{"href":"https:\/\/alchemy-asia.com\/vi\/wp-json\/wp\/v2\/product\/8657","targetHints":{"allow":["GET"]}}],"collection":[{"href":"https:\/\/alchemy-asia.com\/vi\/wp-json\/wp\/v2\/product"}],"about":[{"href":"https:\/\/alchemy-asia.com\/vi\/wp-json\/wp\/v2\/types\/product"}],"replies":[{"embeddable":true,"href":"https:\/\/alchemy-asia.com\/vi\/wp-json\/wp\/v2\/comments?post=8657"}],"wp:featuredmedia":[{"embeddable":true,"href":"https:\/\/alchemy-asia.com\/vi\/wp-json\/wp\/v2\/media\/8661"}],"wp:attachment":[{"href":"https:\/\/alchemy-asia.com\/vi\/wp-json\/wp\/v2\/media?parent=8657"}],"wp:term":[{"taxonomy":"product_cat","embeddable":true,"href":"https:\/\/alchemy-asia.com\/vi\/wp-json\/wp\/v2\/product_cat?post=8657"},{"taxonomy":"product_tag","embeddable":true,"href":"https:\/\/alchemy-asia.com\/vi\/wp-json\/wp\/v2\/product_tag?post=8657"}],"curies":[{"name":"wp","href":"https:\/\/api.w.org\/{rel}","templated":true}]}}