{"id":8660,"date":"2024-09-10T08:28:29","date_gmt":"2024-09-10T08:28:29","guid":{"rendered":"https:\/\/alchemy-asia.com\/vi\/?post_type=product&#038;p=8660"},"modified":"2024-09-10T08:28:29","modified_gmt":"2024-09-10T08:28:29","slug":"jose-cuervo-tradicional-reposado-tequila","status":"publish","type":"product","link":"https:\/\/alchemy-asia.com\/vi\/san-pham\/jose-cuervo-tradicional-reposado-tequila\/","title":{"rendered":"Jose Cuervo Tradicional Reposado Tequila"},"content":{"rendered":"","protected":false},"excerpt":{"rendered":"<p><span data-sheets-root=\"1\" data-sheets-value=\"{&quot;1&quot;:2,&quot;2&quot;:&quot;Jose Cuervo Tradicional Reposado \u0111\u01b0\u1ee3c l\u00e0m t\u1eeb 100% tr\u00e1i th\u00f9a gai xanh v\u00e0 \u0111\u01b0\u1ee3c \u1ee7 trong nh\u1eefng th\u00f9ng g\u1ed7 s\u1ed3i - vi\u1ec7c \u1ee7 n\u00e0y l\u00e0m r\u01b0\u1ee3u tr\u1edf n\u00ean m\u01b0\u1ee3t m\u00e0 v\u00e0 c\u00f3 m\u00f9i v\u00ec \u0111\u1eb7c tr\u01b0ng h\u01a1n. R\u1ea5t nhi\u1ec1u lo\u1ea1i th\u00f9ng g\u1ed7 s\u1ed3i \u0111\u00e3 \u0111\u01b0\u1ee3c ch\u1ecdn s\u1eed d\u1ee5ng \u0111\u1ec3 \u1ee7 d\u00f2ng tequila n\u00e0y, t\u1eeb th\u00f9ng g\u1ed7 s\u1ed3i Ph\u00e1p \u0111\u1ebfn th\u00f9ng g\u1ed7 s\u1ed3i chuy\u00ean \u1ee7 Whiskey.&quot;}\" data-sheets-userformat=\"{&quot;2&quot;:1057789,&quot;3&quot;:{&quot;1&quot;:0},&quot;5&quot;:{&quot;1&quot;:[{&quot;1&quot;:2,&quot;2&quot;:0,&quot;5&quot;:{&quot;1&quot;:2,&quot;2&quot;:0}},{&quot;1&quot;:0,&quot;2&quot;:0,&quot;3&quot;:3},{&quot;1&quot;:1,&quot;2&quot;:0,&quot;4&quot;:1}]},&quot;6&quot;:{&quot;1&quot;:[{&quot;1&quot;:2,&quot;2&quot;:0,&quot;5&quot;:{&quot;1&quot;:2,&quot;2&quot;:0}},{&quot;1&quot;:0,&quot;2&quot;:0,&quot;3&quot;:3},{&quot;1&quot;:1,&quot;2&quot;:0,&quot;4&quot;:1}]},&quot;7&quot;:{&quot;1&quot;:[{&quot;1&quot;:2,&quot;2&quot;:0,&quot;5&quot;:{&quot;1&quot;:2,&quot;2&quot;:0}},{&quot;1&quot;:0,&quot;2&quot;:0,&quot;3&quot;:3},{&quot;1&quot;:1,&quot;2&quot;:0,&quot;4&quot;:1}]},&quot;8&quot;:{&quot;1&quot;:[{&quot;1&quot;:2,&quot;2&quot;:0,&quot;5&quot;:{&quot;1&quot;:2,&quot;2&quot;:0}},{&quot;1&quot;:0,&quot;2&quot;:0,&quot;3&quot;:3},{&quot;1&quot;:1,&quot;2&quot;:0,&quot;4&quot;:1}]},&quot;9&quot;:0,&quot;10&quot;:1,&quot;11&quot;:4,&quot;12&quot;:0,&quot;16&quot;:12,&quot;23&quot;:1}\">Jose Cuervo Tradicional Reposado \u0111\u01b0\u1ee3c l\u00e0m t\u1eeb 100% tr\u00e1i th\u00f9a gai xanh v\u00e0 \u0111\u01b0\u1ee3c \u1ee7 trong nh\u1eefng th\u00f9ng g\u1ed7 s\u1ed3i &#8211; vi\u1ec7c \u1ee7 n\u00e0y l\u00e0m r\u01b0\u1ee3u tr\u1edf n\u00ean m\u01b0\u1ee3t m\u00e0 v\u00e0 c\u00f3 m\u00f9i v\u00ec \u0111\u1eb7c tr\u01b0ng h\u01a1n. R\u1ea5t nhi\u1ec1u lo\u1ea1i th\u00f9ng g\u1ed7 s\u1ed3i \u0111\u00e3 \u0111\u01b0\u1ee3c ch\u1ecdn s\u1eed d\u1ee5ng \u0111\u1ec3 \u1ee7 d\u00f2ng tequila n\u00e0y, t\u1eeb th\u00f9ng g\u1ed7 s\u1ed3i Ph\u00e1p \u0111\u1ebfn th\u00f9ng g\u1ed7 s\u1ed3i chuy\u00ean \u1ee7 Whiskey.<\/span><\/p>\n","protected":false},"featured_media":8663,"comment_status":"open","ping_status":"closed","template":"","meta":{"_acf_changed":false},"product_cat":[60],"product_tag":[],"class_list":{"0":"post-8660","1":"product","2":"type-product","3":"status-publish","4":"has-post-thumbnail","6":"product_cat-tequila","7":"brand-jose-cuervo","9":"first","10":"instock","11":"shipping-taxable","12":"product-type-simple"},"acf":[],"yoast_head":"<!-- This site is optimized with the Yoast SEO plugin v23.0 - https:\/\/yoast.com\/wordpress\/plugins\/seo\/ -->\n<title>Jose Cuervo Tradicional Reposado Tequila - Alchemy Asia<\/title>\n<meta name=\"robots\" content=\"index, follow, max-snippet:-1, max-image-preview:large, max-video-preview:-1\" \/>\n<link rel=\"canonical\" href=\"https:\/\/alchemy-asia.com\/vi\/san-pham\/jose-cuervo-tradicional-reposado-tequila\/\" \/>\n<meta property=\"og:locale\" content=\"vi_VN\" \/>\n<meta property=\"og:type\" content=\"article\" \/>\n<meta property=\"og:title\" content=\"Jose Cuervo Tradicional Reposado Tequila - Alchemy Asia\" \/>\n<meta property=\"og:description\" content=\"Jose Cuervo Tradicional Reposado \u0111\u01b0\u1ee3c l\u00e0m t\u1eeb 100% tr\u00e1i th\u00f9a gai xanh v\u00e0 \u0111\u01b0\u1ee3c \u1ee7 trong nh\u1eefng th\u00f9ng g\u1ed7 s\u1ed3i - vi\u1ec7c \u1ee7 n\u00e0y l\u00e0m r\u01b0\u1ee3u tr\u1edf n\u00ean m\u01b0\u1ee3t m\u00e0 v\u00e0 c\u00f3 m\u00f9i v\u00ec \u0111\u1eb7c tr\u01b0ng h\u01a1n. R\u1ea5t nhi\u1ec1u lo\u1ea1i th\u00f9ng g\u1ed7 s\u1ed3i \u0111\u00e3 \u0111\u01b0\u1ee3c ch\u1ecdn s\u1eed d\u1ee5ng \u0111\u1ec3 \u1ee7 d\u00f2ng tequila n\u00e0y, t\u1eeb th\u00f9ng g\u1ed7 s\u1ed3i Ph\u00e1p \u0111\u1ebfn th\u00f9ng g\u1ed7 s\u1ed3i chuy\u00ean \u1ee7 Whiskey.\" \/>\n<meta property=\"og:url\" content=\"https:\/\/alchemy-asia.com\/vi\/san-pham\/jose-cuervo-tradicional-reposado-tequila\/\" \/>\n<meta property=\"og:site_name\" content=\"Alchemy Asia\" \/>\n<meta property=\"og:image\" content=\"https:\/\/alchemy-asia.com\/vi\/wp-content\/uploads\/sites\/3\/2024\/07\/Jose-Cuervo-Tradicional-Reposado.png\" \/>\n\t<meta property=\"og:image:width\" content=\"2100\" \/>\n\t<meta property=\"og:image:height\" content=\"2100\" \/>\n\t<meta property=\"og:image:type\" content=\"image\/png\" \/>\n<meta name=\"twitter:card\" content=\"summary_large_image\" \/>\n<meta name=\"twitter:label1\" content=\"\u01af\u1edbc t\u00ednh th\u1eddi gian \u0111\u1ecdc\" \/>\n\t<meta name=\"twitter:data1\" content=\"1 ph\u00fat\" \/>\n<script type=\"application\/ld+json\" class=\"yoast-schema-graph\">{\"@context\":\"https:\/\/schema.org\",\"@graph\":[{\"@type\":\"WebPage\",\"@id\":\"https:\/\/alchemy-asia.com\/vi\/san-pham\/jose-cuervo-tradicional-reposado-tequila\/\",\"url\":\"https:\/\/alchemy-asia.com\/vi\/san-pham\/jose-cuervo-tradicional-reposado-tequila\/\",\"name\":\"Jose Cuervo Tradicional Reposado Tequila - Alchemy Asia\",\"isPartOf\":{\"@id\":\"https:\/\/alchemy-asia.com\/vi\/#website\"},\"primaryImageOfPage\":{\"@id\":\"https:\/\/alchemy-asia.com\/vi\/san-pham\/jose-cuervo-tradicional-reposado-tequila\/#primaryimage\"},\"image\":{\"@id\":\"https:\/\/alchemy-asia.com\/vi\/san-pham\/jose-cuervo-tradicional-reposado-tequila\/#primaryimage\"},\"thumbnailUrl\":\"https:\/\/alchemy-asia.com\/vi\/wp-content\/uploads\/sites\/3\/2024\/07\/Jose-Cuervo-Tradicional-Reposado.png\",\"datePublished\":\"2024-09-10T08:28:29+00:00\",\"dateModified\":\"2024-09-10T08:28:29+00:00\",\"breadcrumb\":{\"@id\":\"https:\/\/alchemy-asia.com\/vi\/san-pham\/jose-cuervo-tradicional-reposado-tequila\/#breadcrumb\"},\"inLanguage\":\"vi\",\"potentialAction\":[{\"@type\":\"ReadAction\",\"target\":[\"https:\/\/alchemy-asia.com\/vi\/san-pham\/jose-cuervo-tradicional-reposado-tequila\/\"]}]},{\"@type\":\"ImageObject\",\"inLanguage\":\"vi\",\"@id\":\"https:\/\/alchemy-asia.com\/vi\/san-pham\/jose-cuervo-tradicional-reposado-tequila\/#primaryimage\",\"url\":\"https:\/\/alchemy-asia.com\/vi\/wp-content\/uploads\/sites\/3\/2024\/07\/Jose-Cuervo-Tradicional-Reposado.png\",\"contentUrl\":\"https:\/\/alchemy-asia.com\/vi\/wp-content\/uploads\/sites\/3\/2024\/07\/Jose-Cuervo-Tradicional-Reposado.png\",\"width\":2100,\"height\":2100,\"caption\":\"Jose Cuervo Tradicional Reposado\"},{\"@type\":\"BreadcrumbList\",\"@id\":\"https:\/\/alchemy-asia.com\/vi\/san-pham\/jose-cuervo-tradicional-reposado-tequila\/#breadcrumb\",\"itemListElement\":[{\"@type\":\"ListItem\",\"position\":1,\"name\":\"Home\",\"item\":\"https:\/\/alchemy-asia.com\/vi\/\"},{\"@type\":\"ListItem\",\"position\":2,\"name\":\"Jose Cuervo Tradicional Reposado Tequila\"}]},{\"@type\":\"WebSite\",\"@id\":\"https:\/\/alchemy-asia.com\/vi\/#website\",\"url\":\"https:\/\/alchemy-asia.com\/vi\/\",\"name\":\"Alchemy Asia\",\"description\":\"Just another Alchemy Asia Sites site\",\"potentialAction\":[{\"@type\":\"SearchAction\",\"target\":{\"@type\":\"EntryPoint\",\"urlTemplate\":\"https:\/\/alchemy-asia.com\/vi\/?s={search_term_string}\"},\"query-input\":\"required name=search_term_string\"}],\"inLanguage\":\"vi\"}]}<\/script>\n<!-- \/ Yoast SEO plugin. -->","yoast_head_json":{"title":"Jose Cuervo Tradicional Reposado Tequila - Alchemy Asia","robots":{"index":"index","follow":"follow","max-snippet":"max-snippet:-1","max-image-preview":"max-image-preview:large","max-video-preview":"max-video-preview:-1"},"canonical":"https:\/\/alchemy-asia.com\/vi\/san-pham\/jose-cuervo-tradicional-reposado-tequila\/","og_locale":"vi_VN","og_type":"article","og_title":"Jose Cuervo Tradicional Reposado Tequila - Alchemy Asia","og_description":"Jose Cuervo Tradicional Reposado \u0111\u01b0\u1ee3c l\u00e0m t\u1eeb 100% tr\u00e1i th\u00f9a gai xanh v\u00e0 \u0111\u01b0\u1ee3c \u1ee7 trong nh\u1eefng th\u00f9ng g\u1ed7 s\u1ed3i - vi\u1ec7c \u1ee7 n\u00e0y l\u00e0m r\u01b0\u1ee3u tr\u1edf n\u00ean m\u01b0\u1ee3t m\u00e0 v\u00e0 c\u00f3 m\u00f9i v\u00ec \u0111\u1eb7c tr\u01b0ng h\u01a1n. R\u1ea5t nhi\u1ec1u lo\u1ea1i th\u00f9ng g\u1ed7 s\u1ed3i \u0111\u00e3 \u0111\u01b0\u1ee3c ch\u1ecdn s\u1eed d\u1ee5ng \u0111\u1ec3 \u1ee7 d\u00f2ng tequila n\u00e0y, t\u1eeb th\u00f9ng g\u1ed7 s\u1ed3i Ph\u00e1p \u0111\u1ebfn th\u00f9ng g\u1ed7 s\u1ed3i chuy\u00ean \u1ee7 Whiskey.","og_url":"https:\/\/alchemy-asia.com\/vi\/san-pham\/jose-cuervo-tradicional-reposado-tequila\/","og_site_name":"Alchemy Asia","og_image":[{"width":2100,"height":2100,"url":"https:\/\/alchemy-asia.com\/vi\/wp-content\/uploads\/sites\/3\/2024\/07\/Jose-Cuervo-Tradicional-Reposado.png","type":"image\/png"}],"twitter_card":"summary_large_image","twitter_misc":{"\u01af\u1edbc t\u00ednh th\u1eddi gian \u0111\u1ecdc":"1 ph\u00fat"},"schema":{"@context":"https:\/\/schema.org","@graph":[{"@type":"WebPage","@id":"https:\/\/alchemy-asia.com\/vi\/san-pham\/jose-cuervo-tradicional-reposado-tequila\/","url":"https:\/\/alchemy-asia.com\/vi\/san-pham\/jose-cuervo-tradicional-reposado-tequila\/","name":"Jose Cuervo Tradicional Reposado Tequila - Alchemy Asia","isPartOf":{"@id":"https:\/\/alchemy-asia.com\/vi\/#website"},"primaryImageOfPage":{"@id":"https:\/\/alchemy-asia.com\/vi\/san-pham\/jose-cuervo-tradicional-reposado-tequila\/#primaryimage"},"image":{"@id":"https:\/\/alchemy-asia.com\/vi\/san-pham\/jose-cuervo-tradicional-reposado-tequila\/#primaryimage"},"thumbnailUrl":"https:\/\/alchemy-asia.com\/vi\/wp-content\/uploads\/sites\/3\/2024\/07\/Jose-Cuervo-Tradicional-Reposado.png","datePublished":"2024-09-10T08:28:29+00:00","dateModified":"2024-09-10T08:28:29+00:00","breadcrumb":{"@id":"https:\/\/alchemy-asia.com\/vi\/san-pham\/jose-cuervo-tradicional-reposado-tequila\/#breadcrumb"},"inLanguage":"vi","potentialAction":[{"@type":"ReadAction","target":["https:\/\/alchemy-asia.com\/vi\/san-pham\/jose-cuervo-tradicional-reposado-tequila\/"]}]},{"@type":"ImageObject","inLanguage":"vi","@id":"https:\/\/alchemy-asia.com\/vi\/san-pham\/jose-cuervo-tradicional-reposado-tequila\/#primaryimage","url":"https:\/\/alchemy-asia.com\/vi\/wp-content\/uploads\/sites\/3\/2024\/07\/Jose-Cuervo-Tradicional-Reposado.png","contentUrl":"https:\/\/alchemy-asia.com\/vi\/wp-content\/uploads\/sites\/3\/2024\/07\/Jose-Cuervo-Tradicional-Reposado.png","width":2100,"height":2100,"caption":"Jose Cuervo Tradicional Reposado"},{"@type":"BreadcrumbList","@id":"https:\/\/alchemy-asia.com\/vi\/san-pham\/jose-cuervo-tradicional-reposado-tequila\/#breadcrumb","itemListElement":[{"@type":"ListItem","position":1,"name":"Home","item":"https:\/\/alchemy-asia.com\/vi\/"},{"@type":"ListItem","position":2,"name":"Jose Cuervo Tradicional Reposado Tequila"}]},{"@type":"WebSite","@id":"https:\/\/alchemy-asia.com\/vi\/#website","url":"https:\/\/alchemy-asia.com\/vi\/","name":"Alchemy Asia","description":"Just another Alchemy Asia Sites site","potentialAction":[{"@type":"SearchAction","target":{"@type":"EntryPoint","urlTemplate":"https:\/\/alchemy-asia.com\/vi\/?s={search_term_string}"},"query-input":"required name=search_term_string"}],"inLanguage":"vi"}]}},"_links":{"self":[{"href":"https:\/\/alchemy-asia.com\/vi\/wp-json\/wp\/v2\/product\/8660","targetHints":{"allow":["GET"]}}],"collection":[{"href":"https:\/\/alchemy-asia.com\/vi\/wp-json\/wp\/v2\/product"}],"about":[{"href":"https:\/\/alchemy-asia.com\/vi\/wp-json\/wp\/v2\/types\/product"}],"replies":[{"embeddable":true,"href":"https:\/\/alchemy-asia.com\/vi\/wp-json\/wp\/v2\/comments?post=8660"}],"wp:featuredmedia":[{"embeddable":true,"href":"https:\/\/alchemy-asia.com\/vi\/wp-json\/wp\/v2\/media\/8663"}],"wp:attachment":[{"href":"https:\/\/alchemy-asia.com\/vi\/wp-json\/wp\/v2\/media?parent=8660"}],"wp:term":[{"taxonomy":"product_cat","embeddable":true,"href":"https:\/\/alchemy-asia.com\/vi\/wp-json\/wp\/v2\/product_cat?post=8660"},{"taxonomy":"product_tag","embeddable":true,"href":"https:\/\/alchemy-asia.com\/vi\/wp-json\/wp\/v2\/product_tag?post=8660"}],"curies":[{"name":"wp","href":"https:\/\/api.w.org\/{rel}","templated":true}]}}